{"id":92227,"date":"2021-06-29T14:06:18","date_gmt":"2021-06-29T12:06:18","guid":{"rendered":"https:\/\/deseopatisserie.com\/produkt\/trockene-schokolade-mexiko-70\/"},"modified":"2025-04-02T15:48:50","modified_gmt":"2025-04-02T13:48:50","slug":"trockene-schokolade-mexiko-70","status":"publish","type":"product","link":"https:\/\/deseopatisserie.com\/de\/produkt\/trockene-schokolade-mexiko-70\/","title":{"rendered":"Trockene Schokolade Mexiko 70%"},"content":{"rendered":"","protected":false},"excerpt":{"rendered":"<p>Dry Chocolate Mexico entstand dank der Reise von \u0141ukasz und Natalia nach Mittelamerika auf der Suche nach Schokoladeninspirationen. Eines der &#8222;Souvenirs&#8220; war ein P\u00e4ckchen Kakaobohnen direkt von einer Plantage in Mexiko, die wir sp\u00e4ter r\u00f6steten und mahlten, um zu 70% Trockenschokolade zu werden. Mexiko hat einen dunklen Charakter, gro\u00dfe Tiefe, Aroma von Brombeeren und roten reifen Fr\u00fcchten.  <\/p>\n<p>&nbsp;<\/p>\n<p>Lernen Sie unsere JOY-Linie von Bean-to-Bar-Pralinen kennen! Es wurde f\u00fcr diejenigen entwickelt, die neben den ausgepr\u00e4gten Geschmacksnoten der Kakaobohnen auch verschiedene originelle Geschmackskombinationen lieben. Die JOY-Linie ist g\u00fcnstiger, aber immer noch von hoher Qualit\u00e4t. Diese Linie wird von Schokoladen dominiert, deren Grundkomposition durch den Zusatz von 100% Nusspasten oder Nusspralinen, gefriergetrockneten Fr\u00fcchten oder Matcha-Tee angereichert wurde. Diese Schokoladen wurden mit der gleichen Sorgfalt wie unsere Premium-Schokoladen hergestellt, der Prozess der Herstellung und des Gie\u00dfens der Tafeln ist der gleiche wie in unserer ersten Linie. Lernen Sie die neuen Geschmacksrichtungen unserer Schokoladen kennen!     <\/p>\n","protected":false},"featured_media":82177,"template":"","meta":{"_acf_changed":false},"product_brand":[],"product_cat":[2608,2609],"product_tag":[],"class_list":{"0":"post-92227","1":"product","2":"type-product","3":"status-publish","4":"has-post-thumbnail","6":"product_cat-bean-to-bar-pralinen","7":"product_cat-schokolade-snacks","9":"first","10":"outofstock","11":"taxable","12":"shipping-taxable","13":"purchasable","14":"product-type-simple"},"acf":[],"yoast_head":"<!-- This site is optimized with the Yoast SEO plugin v27.5 - https:\/\/yoast.com\/product\/yoast-seo-wordpress\/ -->\n<title>Trockene Schokolade Mexiko 70% - Cukiernia DESEO Warszawa<\/title>\n<meta name=\"description\" content=\"Mexiko hat einen dunklen Charakter, gro\u00dfe Tiefe, Aroma von Brombeeren und roten reifen Fr\u00fcchten. Es entstand auf einer Reise nach Mittelamerika auf der Suche nach Inspiration.\" \/>\n<meta name=\"robots\" content=\"index, follow, max-snippet:-1, max-image-preview:large, max-video-preview:-1\" \/>\n<link rel=\"canonical\" href=\"https:\/\/deseopatisserie.com\/de\/produkt\/trockene-schokolade-mexiko-70\/\" \/>\n<meta property=\"og:locale\" content=\"de_DE\" \/>\n<meta property=\"og:type\" content=\"article\" \/>\n<meta property=\"og:title\" content=\"Trockene Schokolade Mexiko 70%\" \/>\n<meta property=\"og:description\" content=\"Mexiko hat einen dunklen Charakter, gro\u00dfe Tiefe, Aroma von Brombeeren und roten reifen Fr\u00fcchten. Es entstand auf einer Reise nach Mittelamerika auf der Suche nach Inspiration.\" \/>\n<meta property=\"og:url\" content=\"https:\/\/deseopatisserie.com\/de\/produkt\/trockene-schokolade-mexiko-70\/\" \/>\n<meta property=\"og:site_name\" content=\"DESEO\" \/>\n<meta property=\"article:modified_time\" content=\"2025-04-02T13:48:50+00:00\" \/>\n<meta property=\"og:image\" content=\"https:\/\/deseopatisserie.com\/wp-content\/uploads\/2023\/11\/Czekolada-Wytrawna-Meksyk-70-scaled0-300x300.jpg\" \/>\n<meta name=\"twitter:card\" content=\"summary_large_image\" \/>\n<script type=\"application\/ld+json\" class=\"yoast-schema-graph\">{\"@context\":\"https:\\\/\\\/schema.org\",\"@graph\":[{\"@type\":\"WebPage\",\"@id\":\"https:\\\/\\\/deseopatisserie.com\\\/de\\\/produkt\\\/trockene-schokolade-mexiko-70\\\/\",\"url\":\"https:\\\/\\\/deseopatisserie.com\\\/de\\\/produkt\\\/trockene-schokolade-mexiko-70\\\/\",\"name\":\"Trockene Schokolade Mexiko 70% - Cukiernia DESEO Warszawa\",\"isPartOf\":{\"@id\":\"https:\\\/\\\/deseopatisserie.com\\\/de\\\/#website\"},\"primaryImageOfPage\":{\"@id\":\"https:\\\/\\\/deseopatisserie.com\\\/de\\\/produkt\\\/trockene-schokolade-mexiko-70\\\/#primaryimage\"},\"image\":{\"@id\":\"https:\\\/\\\/deseopatisserie.com\\\/de\\\/produkt\\\/trockene-schokolade-mexiko-70\\\/#primaryimage\"},\"thumbnailUrl\":\"https:\\\/\\\/deseopatisserie.com\\\/\\\/wp-content\\\/uploads\\\/2021\\\/06\\\/Czekolada-Wytrawna-Meksyk-70-scaled.jpg\",\"datePublished\":\"2021-06-29T12:06:18+00:00\",\"dateModified\":\"2025-04-02T13:48:50+00:00\",\"description\":\"Mexiko hat einen dunklen Charakter, gro\u00dfe Tiefe, Aroma von Brombeeren und roten reifen Fr\u00fcchten. Es entstand auf einer Reise nach Mittelamerika auf der Suche nach Inspiration.\",\"breadcrumb\":{\"@id\":\"https:\\\/\\\/deseopatisserie.com\\\/de\\\/produkt\\\/trockene-schokolade-mexiko-70\\\/#breadcrumb\"},\"inLanguage\":\"de\",\"potentialAction\":[{\"@type\":\"ReadAction\",\"target\":[\"https:\\\/\\\/deseopatisserie.com\\\/de\\\/produkt\\\/trockene-schokolade-mexiko-70\\\/\"]}]},{\"@type\":\"ImageObject\",\"inLanguage\":\"de\",\"@id\":\"https:\\\/\\\/deseopatisserie.com\\\/de\\\/produkt\\\/trockene-schokolade-mexiko-70\\\/#primaryimage\",\"url\":\"https:\\\/\\\/deseopatisserie.com\\\/\\\/wp-content\\\/uploads\\\/2021\\\/06\\\/Czekolada-Wytrawna-Meksyk-70-scaled.jpg\",\"contentUrl\":\"https:\\\/\\\/deseopatisserie.com\\\/\\\/wp-content\\\/uploads\\\/2021\\\/06\\\/Czekolada-Wytrawna-Meksyk-70-scaled.jpg\",\"width\":2560,\"height\":1707},{\"@type\":\"BreadcrumbList\",\"@id\":\"https:\\\/\\\/deseopatisserie.com\\\/de\\\/produkt\\\/trockene-schokolade-mexiko-70\\\/#breadcrumb\",\"itemListElement\":[{\"@type\":\"ListItem\",\"position\":1,\"name\":\"Strona g\u0142\u00f3wna\",\"item\":\"https:\\\/\\\/deseopatisserie.com\\\/de\\\/homepage\\\/\"},{\"@type\":\"ListItem\",\"position\":2,\"name\":\"Trockene Schokolade Mexiko 70%\"}]},{\"@type\":\"WebSite\",\"@id\":\"https:\\\/\\\/deseopatisserie.com\\\/de\\\/#website\",\"url\":\"https:\\\/\\\/deseopatisserie.com\\\/de\\\/\",\"name\":\"DESEO\",\"description\":\"Patisserie &amp; Chocolaterie\",\"potentialAction\":[{\"@type\":\"SearchAction\",\"target\":{\"@type\":\"EntryPoint\",\"urlTemplate\":\"https:\\\/\\\/deseopatisserie.com\\\/de\\\/?s={search_term_string}\"},\"query-input\":{\"@type\":\"PropertyValueSpecification\",\"valueRequired\":true,\"valueName\":\"search_term_string\"}}],\"inLanguage\":\"de\"}]}<\/script>\n<!-- \/ Yoast SEO plugin. -->","yoast_head_json":{"title":"Trockene Schokolade Mexiko 70% - Cukiernia DESEO Warszawa","description":"Mexiko hat einen dunklen Charakter, gro\u00dfe Tiefe, Aroma von Brombeeren und roten reifen Fr\u00fcchten. Es entstand auf einer Reise nach Mittelamerika auf der Suche nach Inspiration.","robots":{"index":"index","follow":"follow","max-snippet":"max-snippet:-1","max-image-preview":"max-image-preview:large","max-video-preview":"max-video-preview:-1"},"canonical":"https:\/\/deseopatisserie.com\/de\/produkt\/trockene-schokolade-mexiko-70\/","og_locale":"de_DE","og_type":"article","og_title":"Trockene Schokolade Mexiko 70%","og_description":"Mexiko hat einen dunklen Charakter, gro\u00dfe Tiefe, Aroma von Brombeeren und roten reifen Fr\u00fcchten. Es entstand auf einer Reise nach Mittelamerika auf der Suche nach Inspiration.","og_url":"https:\/\/deseopatisserie.com\/de\/produkt\/trockene-schokolade-mexiko-70\/","og_site_name":"DESEO","article_modified_time":"2025-04-02T13:48:50+00:00","og_image":[{"url":"https:\/\/deseopatisserie.com\/wp-content\/uploads\/2023\/11\/Czekolada-Wytrawna-Meksyk-70-scaled0-300x300.jpg","type":"","width":"","height":""}],"twitter_card":"summary_large_image","schema":{"@context":"https:\/\/schema.org","@graph":[{"@type":"WebPage","@id":"https:\/\/deseopatisserie.com\/de\/produkt\/trockene-schokolade-mexiko-70\/","url":"https:\/\/deseopatisserie.com\/de\/produkt\/trockene-schokolade-mexiko-70\/","name":"Trockene Schokolade Mexiko 70% - Cukiernia DESEO Warszawa","isPartOf":{"@id":"https:\/\/deseopatisserie.com\/de\/#website"},"primaryImageOfPage":{"@id":"https:\/\/deseopatisserie.com\/de\/produkt\/trockene-schokolade-mexiko-70\/#primaryimage"},"image":{"@id":"https:\/\/deseopatisserie.com\/de\/produkt\/trockene-schokolade-mexiko-70\/#primaryimage"},"thumbnailUrl":"https:\/\/deseopatisserie.com\/\/wp-content\/uploads\/2021\/06\/Czekolada-Wytrawna-Meksyk-70-scaled.jpg","datePublished":"2021-06-29T12:06:18+00:00","dateModified":"2025-04-02T13:48:50+00:00","description":"Mexiko hat einen dunklen Charakter, gro\u00dfe Tiefe, Aroma von Brombeeren und roten reifen Fr\u00fcchten. Es entstand auf einer Reise nach Mittelamerika auf der Suche nach Inspiration.","breadcrumb":{"@id":"https:\/\/deseopatisserie.com\/de\/produkt\/trockene-schokolade-mexiko-70\/#breadcrumb"},"inLanguage":"de","potentialAction":[{"@type":"ReadAction","target":["https:\/\/deseopatisserie.com\/de\/produkt\/trockene-schokolade-mexiko-70\/"]}]},{"@type":"ImageObject","inLanguage":"de","@id":"https:\/\/deseopatisserie.com\/de\/produkt\/trockene-schokolade-mexiko-70\/#primaryimage","url":"https:\/\/deseopatisserie.com\/\/wp-content\/uploads\/2021\/06\/Czekolada-Wytrawna-Meksyk-70-scaled.jpg","contentUrl":"https:\/\/deseopatisserie.com\/\/wp-content\/uploads\/2021\/06\/Czekolada-Wytrawna-Meksyk-70-scaled.jpg","width":2560,"height":1707},{"@type":"BreadcrumbList","@id":"https:\/\/deseopatisserie.com\/de\/produkt\/trockene-schokolade-mexiko-70\/#breadcrumb","itemListElement":[{"@type":"ListItem","position":1,"name":"Strona g\u0142\u00f3wna","item":"https:\/\/deseopatisserie.com\/de\/homepage\/"},{"@type":"ListItem","position":2,"name":"Trockene Schokolade Mexiko 70%"}]},{"@type":"WebSite","@id":"https:\/\/deseopatisserie.com\/de\/#website","url":"https:\/\/deseopatisserie.com\/de\/","name":"DESEO","description":"Patisserie &amp; Chocolaterie","potentialAction":[{"@type":"SearchAction","target":{"@type":"EntryPoint","urlTemplate":"https:\/\/deseopatisserie.com\/de\/?s={search_term_string}"},"query-input":{"@type":"PropertyValueSpecification","valueRequired":true,"valueName":"search_term_string"}}],"inLanguage":"de"}]}},"_links":{"self":[{"href":"https:\/\/deseopatisserie.com\/de\/wp-json\/wp\/v2\/product\/92227","targetHints":{"allow":["GET"]}}],"collection":[{"href":"https:\/\/deseopatisserie.com\/de\/wp-json\/wp\/v2\/product"}],"about":[{"href":"https:\/\/deseopatisserie.com\/de\/wp-json\/wp\/v2\/types\/product"}],"wp:featuredmedia":[{"embeddable":true,"href":"https:\/\/deseopatisserie.com\/de\/wp-json\/wp\/v2\/media\/82177"}],"wp:attachment":[{"href":"https:\/\/deseopatisserie.com\/de\/wp-json\/wp\/v2\/media?parent=92227"}],"wp:term":[{"taxonomy":"product_brand","embeddable":true,"href":"https:\/\/deseopatisserie.com\/de\/wp-json\/wp\/v2\/product_brand?post=92227"},{"taxonomy":"product_cat","embeddable":true,"href":"https:\/\/deseopatisserie.com\/de\/wp-json\/wp\/v2\/product_cat?post=92227"},{"taxonomy":"product_tag","embeddable":true,"href":"https:\/\/deseopatisserie.com\/de\/wp-json\/wp\/v2\/product_tag?post=92227"}],"curies":[{"name":"wp","href":"https:\/\/api.w.org\/{rel}","templated":true}]}}