{"id":92226,"date":"2024-10-16T15:29:31","date_gmt":"2024-10-16T13:29:31","guid":{"rendered":"https:\/\/deseopatisserie.com\/?post_type=product&#038;p=92226"},"modified":"2025-04-02T15:34:20","modified_gmt":"2025-04-02T13:34:20","slug":"chocolate-joy-weihnachtsset","status":"publish","type":"product","link":"https:\/\/deseopatisserie.com\/de\/produkt\/chocolate-joy-weihnachtsset\/","title":{"rendered":"Chocolate Joy Weihnachtsset"},"content":{"rendered":"","protected":false},"excerpt":{"rendered":"<p data-olk-copy-source=\"MessageBody\">Sind Sie auf der Suche nach <b>s\u00fc\u00dfen Geschenken zu Weihnachten<\/b>? \ud83c\udf85<br \/>\nIn der Deseo Patisserie finden Sie einzigartige <b>Weihnachtssets<\/b>, die alle begeistern werden! Unsere Produkte sind eine Kombination aus den hochwertigsten Zutaten und dem einzigartigen Geschmack. \u2728 <\/p>\n<p><b>Chocolate Joy Christmas Set &#8211; Produktbeschreibung:<\/b><\/p>\n<p><b>Weihnachten Lebkuchen Schokolade 60g<\/b><br \/>\nTrockene mexikanische Schokolade 70% mit Zusatz von Gew\u00fcrzen.<br \/>\nDank ihnen hat Schokolade einen wunderbaren Lebkuchengeschmack und -aroma.<\/p>\n<p><b>Weihnachten Orange Zartbitterschokolade 65g<br \/>\n<\/b>Weihnachtsschokolade ist eine Kombination aus trockener Bean-to-Bar-Schokolade India 70% mit kandierten Orangenschalen.<\/p>\n<p><b>Himbeere Schokolade 60g<\/b><br \/>\nDer wei\u00dfen Schokolade wurde gefriergetrocknetes Himbeerpulver zugesetzt, das eine sch\u00f6ne rosa Farbe, eine zarte S\u00e4ure und einen fruchtigen Nachgeschmack verleiht.<br \/>\nFans von rosa Schokolade werden diesen Geschmack auf jeden Fall lieben!<\/p>\n<p><b>Pistazien Knusperschokolade 60g<\/b><br \/>\nDieser Riegel besteht aus 3 Elementen: wei\u00dfe Schokoladenbohne zum Riegel, 100% Pistazienpaste, die von uns in unserer Werkstatt<br \/>\nhergestellt wird, und Paillet\u00e9 Feuilletine Crisp, der wie kleine goldene Waffeln aussieht.<\/p>\n<p><b>Matcha Uji Intense Schokolade 60g<br \/>\n<\/b>Japanischer Matcha-Gr\u00fcntee mit wei\u00dfer Schokolade ist eine von uns erprobte und getestete Kombination, die unter unseren G\u00e4sten viele Bef\u00fcrworter gefunden hat.<br \/>\nDer Matcha-Geschmack ist deutlich sp\u00fcrbar, und die wei\u00dfe Schokolade bringt S\u00fc\u00dfe mit sich, was die Schokolade nicht so trocken macht.<\/p>\n<p><b>Milchschokolade mit schwarzer Johannisbeere 60g<br \/>\n<\/b>Nicaragua Bean Schokolade ist ein Riegel, der in Form von Milchschokolade erh\u00e4ltlich ist. Die Zugabe von Milch verleiht Nicaragua ein subtileres Aroma<br \/>\nund eine cremigere Note und bietet eine gro\u00dfartige Kulisse f\u00fcr die rosa-violetten St\u00fccke gefriergetrockneter Johannisbeere, mit denen die Tablette bestreut wird. <\/p>\n<p><b>Togo Milchschokolade 42% mit Kaffee 60g<br \/>\n<\/b>Eine Kombination aus Bean-to-Bar-Milchschokolade, die auf der Basis von Togo-Bohnen zubereitet wird, mit frisch gemahlenem Kaffee.<br \/>\nDiese Kombination verleiht der zarten Vollmilchschokolade einen zus\u00e4tzlichen Biss.<\/p>\n<p><b>Trockene Schokolade Mexiko 70% 60g<br \/>\n<\/b>Mexiko hat einen dunklen Charakter, gro\u00dfe Tiefe, Aroma von Brombeeren und roten reifen Fr\u00fcchten.<b><br \/>\n<\/b><\/p>\n","protected":false},"featured_media":93452,"template":"","meta":{"_acf_changed":false},"product_brand":[],"product_cat":[1644,2008],"product_tag":[],"class_list":{"0":"post-92226","1":"product","2":"type-product","3":"status-publish","4":"has-post-thumbnail","6":"product_cat-geschenksets","7":"product_cat-weihnachten","9":"first","10":"instock","11":"taxable","12":"shipping-taxable","13":"purchasable","14":"product-type-yith_bundle"},"acf":[],"yoast_head":"<!-- This site is optimized with the Yoast SEO plugin v27.4 - https:\/\/yoast.com\/product\/yoast-seo-wordpress\/ -->\n<title>Chocolate Joy Weihnachtsset - DESEO S\u00fc\u00dfwaren<\/title>\n<meta name=\"robots\" content=\"index, follow, max-snippet:-1, max-image-preview:large, max-video-preview:-1\" \/>\n<link rel=\"canonical\" href=\"https:\/\/deseopatisserie.com\/de\/produkt\/chocolate-joy-weihnachtsset\/\" \/>\n<meta property=\"og:locale\" content=\"de_DE\" \/>\n<meta property=\"og:type\" content=\"article\" \/>\n<meta property=\"og:title\" content=\"Chocolate Joy Weihnachtsset - DESEO S\u00fc\u00dfwaren\" \/>\n<meta property=\"og:description\" content=\"Sind Sie auf der Suche nach s\u00fc\u00dfen Geschenken zu Weihnachten? \ud83c\udf85 In der Deseo Patisserie finden Sie einzigartige Weihnachtssets, die alle begeistern werden! Unsere Produkte sind eine Kombination aus den hochwertigsten Zutaten und dem einzigartigen Geschmack. \u2728 Chocolate Joy Christmas Set - Produktbeschreibung: Weihnachten Lebkuchen Schokolade 60g Trockene mexikanische Schokolade 70% mit Zusatz von Gew\u00fcrzen. Dank ihnen hat Schokolade einen wunderbaren Lebkuchengeschmack und -aroma. Weihnachten Orange Zartbitterschokolade 65g Weihnachtsschokolade ist eine Kombination aus trockener Bean-to-Bar-Schokolade India 70% mit kandierten Orangenschalen. Himbeere Schokolade 60g Der wei\u00dfen Schokolade wurde gefriergetrocknetes Himbeerpulver zugesetzt, das eine sch\u00f6ne rosa Farbe, eine zarte S\u00e4ure und einen fruchtigen Nachgeschmack verleiht. Fans von rosa Schokolade werden diesen Geschmack auf jeden Fall lieben! Pistazien Knusperschokolade 60g Dieser Riegel besteht aus 3 Elementen: wei\u00dfe Schokoladenbohne zum Riegel, 100% Pistazienpaste, die von uns in unserer Werkstatt hergestellt wird, und Paillet\u00e9 Feuilletine Crisp, der wie kleine goldene Waffeln aussieht. Matcha Uji Intense Schokolade 60g Japanischer Matcha-Gr\u00fcntee mit wei\u00dfer Schokolade ist eine von uns erprobte und getestete Kombination, die unter unseren G\u00e4sten viele Bef\u00fcrworter gefunden hat. Der Matcha-Geschmack ist deutlich sp\u00fcrbar, und die wei\u00dfe Schokolade bringt S\u00fc\u00dfe mit sich, was die Schokolade nicht so trocken macht. Milchschokolade mit schwarzer Johannisbeere 60g Nicaragua Bean Schokolade ist ein Riegel, der in Form von Milchschokolade erh\u00e4ltlich ist. Die Zugabe von Milch verleiht Nicaragua ein subtileres Aroma und eine cremigere Note und bietet eine gro\u00dfartige Kulisse f\u00fcr die rosa-violetten St\u00fccke gefriergetrockneter Johannisbeere, mit denen die Tablette bestreut wird.  Togo Milchschokolade 42% mit Kaffee 60g Eine Kombination aus Bean-to-Bar-Milchschokolade, die auf der Basis von Togo-Bohnen zubereitet wird, mit frisch gemahlenem Kaffee. Diese Kombination verleiht der zarten Vollmilchschokolade einen zus\u00e4tzlichen Biss. Trockene Schokolade Mexiko 70% 60g Mexiko hat einen dunklen Charakter, gro\u00dfe Tiefe, Aroma von Brombeeren und roten reifen Fr\u00fcchten.\" \/>\n<meta property=\"og:url\" content=\"https:\/\/deseopatisserie.com\/de\/produkt\/chocolate-joy-weihnachtsset\/\" \/>\n<meta property=\"og:site_name\" content=\"DESEO\" \/>\n<meta property=\"article:modified_time\" content=\"2025-04-02T13:34:20+00:00\" \/>\n<meta property=\"og:image\" content=\"https:\/\/deseopatisserie.com\/\/wp-content\/uploads\/2024\/10\/2-1.jpg\" \/>\n\t<meta property=\"og:image:width\" content=\"1920\" \/>\n\t<meta property=\"og:image:height\" content=\"1080\" \/>\n\t<meta property=\"og:image:type\" content=\"image\/jpeg\" \/>\n<meta name=\"twitter:card\" content=\"summary_large_image\" \/>\n<script type=\"application\/ld+json\" class=\"yoast-schema-graph\">{\"@context\":\"https:\\\/\\\/schema.org\",\"@graph\":[{\"@type\":\"WebPage\",\"@id\":\"https:\\\/\\\/deseopatisserie.com\\\/de\\\/produkt\\\/chocolate-joy-weihnachtsset\\\/\",\"url\":\"https:\\\/\\\/deseopatisserie.com\\\/de\\\/produkt\\\/chocolate-joy-weihnachtsset\\\/\",\"name\":\"Chocolate Joy Weihnachtsset - DESEO S\u00fc\u00dfwaren\",\"isPartOf\":{\"@id\":\"https:\\\/\\\/deseopatisserie.com\\\/de\\\/#website\"},\"primaryImageOfPage\":{\"@id\":\"https:\\\/\\\/deseopatisserie.com\\\/de\\\/produkt\\\/chocolate-joy-weihnachtsset\\\/#primaryimage\"},\"image\":{\"@id\":\"https:\\\/\\\/deseopatisserie.com\\\/de\\\/produkt\\\/chocolate-joy-weihnachtsset\\\/#primaryimage\"},\"thumbnailUrl\":\"https:\\\/\\\/deseopatisserie.com\\\/\\\/wp-content\\\/uploads\\\/2024\\\/10\\\/2-1.jpg\",\"datePublished\":\"2024-10-16T13:29:31+00:00\",\"dateModified\":\"2025-04-02T13:34:20+00:00\",\"breadcrumb\":{\"@id\":\"https:\\\/\\\/deseopatisserie.com\\\/de\\\/produkt\\\/chocolate-joy-weihnachtsset\\\/#breadcrumb\"},\"inLanguage\":\"de\",\"potentialAction\":[{\"@type\":\"ReadAction\",\"target\":[\"https:\\\/\\\/deseopatisserie.com\\\/de\\\/produkt\\\/chocolate-joy-weihnachtsset\\\/\"]}]},{\"@type\":\"ImageObject\",\"inLanguage\":\"de\",\"@id\":\"https:\\\/\\\/deseopatisserie.com\\\/de\\\/produkt\\\/chocolate-joy-weihnachtsset\\\/#primaryimage\",\"url\":\"https:\\\/\\\/deseopatisserie.com\\\/\\\/wp-content\\\/uploads\\\/2024\\\/10\\\/2-1.jpg\",\"contentUrl\":\"https:\\\/\\\/deseopatisserie.com\\\/\\\/wp-content\\\/uploads\\\/2024\\\/10\\\/2-1.jpg\",\"width\":1920,\"height\":1080,\"caption\":\"Deseo-S\u0301wie\u0328ta-2024\"},{\"@type\":\"BreadcrumbList\",\"@id\":\"https:\\\/\\\/deseopatisserie.com\\\/de\\\/produkt\\\/chocolate-joy-weihnachtsset\\\/#breadcrumb\",\"itemListElement\":[{\"@type\":\"ListItem\",\"position\":1,\"name\":\"Strona g\u0142\u00f3wna\",\"item\":\"https:\\\/\\\/deseopatisserie.com\\\/de\\\/homepage\\\/\"},{\"@type\":\"ListItem\",\"position\":2,\"name\":\"Chocolate Joy Weihnachtsset\"}]},{\"@type\":\"WebSite\",\"@id\":\"https:\\\/\\\/deseopatisserie.com\\\/de\\\/#website\",\"url\":\"https:\\\/\\\/deseopatisserie.com\\\/de\\\/\",\"name\":\"DESEO\",\"description\":\"Patisserie &amp; Chocolaterie\",\"potentialAction\":[{\"@type\":\"SearchAction\",\"target\":{\"@type\":\"EntryPoint\",\"urlTemplate\":\"https:\\\/\\\/deseopatisserie.com\\\/de\\\/?s={search_term_string}\"},\"query-input\":{\"@type\":\"PropertyValueSpecification\",\"valueRequired\":true,\"valueName\":\"search_term_string\"}}],\"inLanguage\":\"de\"}]}<\/script>\n<!-- \/ Yoast SEO plugin. -->","yoast_head_json":{"title":"Chocolate Joy Weihnachtsset - DESEO S\u00fc\u00dfwaren","robots":{"index":"index","follow":"follow","max-snippet":"max-snippet:-1","max-image-preview":"max-image-preview:large","max-video-preview":"max-video-preview:-1"},"canonical":"https:\/\/deseopatisserie.com\/de\/produkt\/chocolate-joy-weihnachtsset\/","og_locale":"de_DE","og_type":"article","og_title":"Chocolate Joy Weihnachtsset - DESEO S\u00fc\u00dfwaren","og_description":"Sind Sie auf der Suche nach s\u00fc\u00dfen Geschenken zu Weihnachten? \ud83c\udf85 In der Deseo Patisserie finden Sie einzigartige Weihnachtssets, die alle begeistern werden! Unsere Produkte sind eine Kombination aus den hochwertigsten Zutaten und dem einzigartigen Geschmack. \u2728 Chocolate Joy Christmas Set - Produktbeschreibung: Weihnachten Lebkuchen Schokolade 60g Trockene mexikanische Schokolade 70% mit Zusatz von Gew\u00fcrzen. Dank ihnen hat Schokolade einen wunderbaren Lebkuchengeschmack und -aroma. Weihnachten Orange Zartbitterschokolade 65g Weihnachtsschokolade ist eine Kombination aus trockener Bean-to-Bar-Schokolade India 70% mit kandierten Orangenschalen. Himbeere Schokolade 60g Der wei\u00dfen Schokolade wurde gefriergetrocknetes Himbeerpulver zugesetzt, das eine sch\u00f6ne rosa Farbe, eine zarte S\u00e4ure und einen fruchtigen Nachgeschmack verleiht. Fans von rosa Schokolade werden diesen Geschmack auf jeden Fall lieben! Pistazien Knusperschokolade 60g Dieser Riegel besteht aus 3 Elementen: wei\u00dfe Schokoladenbohne zum Riegel, 100% Pistazienpaste, die von uns in unserer Werkstatt hergestellt wird, und Paillet\u00e9 Feuilletine Crisp, der wie kleine goldene Waffeln aussieht. Matcha Uji Intense Schokolade 60g Japanischer Matcha-Gr\u00fcntee mit wei\u00dfer Schokolade ist eine von uns erprobte und getestete Kombination, die unter unseren G\u00e4sten viele Bef\u00fcrworter gefunden hat. Der Matcha-Geschmack ist deutlich sp\u00fcrbar, und die wei\u00dfe Schokolade bringt S\u00fc\u00dfe mit sich, was die Schokolade nicht so trocken macht. Milchschokolade mit schwarzer Johannisbeere 60g Nicaragua Bean Schokolade ist ein Riegel, der in Form von Milchschokolade erh\u00e4ltlich ist. Die Zugabe von Milch verleiht Nicaragua ein subtileres Aroma und eine cremigere Note und bietet eine gro\u00dfartige Kulisse f\u00fcr die rosa-violetten St\u00fccke gefriergetrockneter Johannisbeere, mit denen die Tablette bestreut wird.  Togo Milchschokolade 42% mit Kaffee 60g Eine Kombination aus Bean-to-Bar-Milchschokolade, die auf der Basis von Togo-Bohnen zubereitet wird, mit frisch gemahlenem Kaffee. Diese Kombination verleiht der zarten Vollmilchschokolade einen zus\u00e4tzlichen Biss. Trockene Schokolade Mexiko 70% 60g Mexiko hat einen dunklen Charakter, gro\u00dfe Tiefe, Aroma von Brombeeren und roten reifen Fr\u00fcchten.","og_url":"https:\/\/deseopatisserie.com\/de\/produkt\/chocolate-joy-weihnachtsset\/","og_site_name":"DESEO","article_modified_time":"2025-04-02T13:34:20+00:00","og_image":[{"width":1920,"height":1080,"url":"https:\/\/deseopatisserie.com\/\/wp-content\/uploads\/2024\/10\/2-1.jpg","type":"image\/jpeg"}],"twitter_card":"summary_large_image","schema":{"@context":"https:\/\/schema.org","@graph":[{"@type":"WebPage","@id":"https:\/\/deseopatisserie.com\/de\/produkt\/chocolate-joy-weihnachtsset\/","url":"https:\/\/deseopatisserie.com\/de\/produkt\/chocolate-joy-weihnachtsset\/","name":"Chocolate Joy Weihnachtsset - DESEO S\u00fc\u00dfwaren","isPartOf":{"@id":"https:\/\/deseopatisserie.com\/de\/#website"},"primaryImageOfPage":{"@id":"https:\/\/deseopatisserie.com\/de\/produkt\/chocolate-joy-weihnachtsset\/#primaryimage"},"image":{"@id":"https:\/\/deseopatisserie.com\/de\/produkt\/chocolate-joy-weihnachtsset\/#primaryimage"},"thumbnailUrl":"https:\/\/deseopatisserie.com\/\/wp-content\/uploads\/2024\/10\/2-1.jpg","datePublished":"2024-10-16T13:29:31+00:00","dateModified":"2025-04-02T13:34:20+00:00","breadcrumb":{"@id":"https:\/\/deseopatisserie.com\/de\/produkt\/chocolate-joy-weihnachtsset\/#breadcrumb"},"inLanguage":"de","potentialAction":[{"@type":"ReadAction","target":["https:\/\/deseopatisserie.com\/de\/produkt\/chocolate-joy-weihnachtsset\/"]}]},{"@type":"ImageObject","inLanguage":"de","@id":"https:\/\/deseopatisserie.com\/de\/produkt\/chocolate-joy-weihnachtsset\/#primaryimage","url":"https:\/\/deseopatisserie.com\/\/wp-content\/uploads\/2024\/10\/2-1.jpg","contentUrl":"https:\/\/deseopatisserie.com\/\/wp-content\/uploads\/2024\/10\/2-1.jpg","width":1920,"height":1080,"caption":"Deseo-S\u0301wie\u0328ta-2024"},{"@type":"BreadcrumbList","@id":"https:\/\/deseopatisserie.com\/de\/produkt\/chocolate-joy-weihnachtsset\/#breadcrumb","itemListElement":[{"@type":"ListItem","position":1,"name":"Strona g\u0142\u00f3wna","item":"https:\/\/deseopatisserie.com\/de\/homepage\/"},{"@type":"ListItem","position":2,"name":"Chocolate Joy Weihnachtsset"}]},{"@type":"WebSite","@id":"https:\/\/deseopatisserie.com\/de\/#website","url":"https:\/\/deseopatisserie.com\/de\/","name":"DESEO","description":"Patisserie &amp; Chocolaterie","potentialAction":[{"@type":"SearchAction","target":{"@type":"EntryPoint","urlTemplate":"https:\/\/deseopatisserie.com\/de\/?s={search_term_string}"},"query-input":{"@type":"PropertyValueSpecification","valueRequired":true,"valueName":"search_term_string"}}],"inLanguage":"de"}]}},"_links":{"self":[{"href":"https:\/\/deseopatisserie.com\/de\/wp-json\/wp\/v2\/product\/92226","targetHints":{"allow":["GET"]}}],"collection":[{"href":"https:\/\/deseopatisserie.com\/de\/wp-json\/wp\/v2\/product"}],"about":[{"href":"https:\/\/deseopatisserie.com\/de\/wp-json\/wp\/v2\/types\/product"}],"wp:featuredmedia":[{"embeddable":true,"href":"https:\/\/deseopatisserie.com\/de\/wp-json\/wp\/v2\/media\/93452"}],"wp:attachment":[{"href":"https:\/\/deseopatisserie.com\/de\/wp-json\/wp\/v2\/media?parent=92226"}],"wp:term":[{"taxonomy":"product_brand","embeddable":true,"href":"https:\/\/deseopatisserie.com\/de\/wp-json\/wp\/v2\/product_brand?post=92226"},{"taxonomy":"product_cat","embeddable":true,"href":"https:\/\/deseopatisserie.com\/de\/wp-json\/wp\/v2\/product_cat?post=92226"},{"taxonomy":"product_tag","embeddable":true,"href":"https:\/\/deseopatisserie.com\/de\/wp-json\/wp\/v2\/product_tag?post=92226"}],"curies":[{"name":"wp","href":"https:\/\/api.w.org\/{rel}","templated":true}]}}