{"id":92225,"date":"2021-06-23T09:43:18","date_gmt":"2021-06-23T07:43:18","guid":{"rendered":"https:\/\/deseopatisserie.com\/produkt\/haselnusspaste-100-1kg\/"},"modified":"2025-04-02T15:51:59","modified_gmt":"2025-04-02T13:51:59","slug":"haselnusspaste-100-1kg","status":"publish","type":"product","link":"https:\/\/deseopatisserie.com\/de\/produkt\/haselnusspaste-100-1kg\/","title":{"rendered":"Haselnusspaste 100% 1kg"},"content":{"rendered":"<p data-start=\"0\" data-end=\"413\">Haselnusspaste 100% 1kg ist ein einzigartiges Produkt, das selbst die anspruchsvollsten Feinschmecker zufrieden stellen wird. Er zeichnet sich durch einen intensiven Geschmack von ger\u00f6steten Haseln\u00fcssen und eine cremige Textur aus. Es ist eine hervorragende L\u00f6sung f\u00fcr eine Vielzahl von kulinarischen Anwendungen. Eine 1-kg-Packung ist eine gute Wahl f\u00fcr Menschen, die mehr Zahnpasta ben\u00f6tigen, aber keine gro\u00dfen Packungen ben\u00f6tigen.   <\/p>\n<p data-start=\"415\" data-end=\"843\">Haselnusspaste 100% 1kg eignet sich sowohl f\u00fcr Desserts als auch f\u00fcr herzhafte Gerichte. Es kann f\u00fcr Backwaren, Kuchen, Mousses, Haferflocken, Pfannkuchen oder Cocktails verwendet werden. Er passt auch gut zu So\u00dfen, Salaten und anderen Gerichten und bereichert sie mit N\u00e4hrwerten und nussigem Aroma. Dank ihrer Vielseitigkeit wird die Paste zu einer unverzichtbaren Zutat in jeder K\u00fcche.   <\/p>\n<p data-start=\"845\" data-end=\"1047\" data-is-last-node=\"\" data-is-only-node=\"\">Die 1-kg-Packung ist eine ideale L\u00f6sung f\u00fcr Heimk\u00fcchen und kleine Gastronomiebetriebe. 100% Haselnusspaste sorgt f\u00fcr hohe Qualit\u00e4t und unvergleichlichen Geschmack in jedem Gericht. <\/p>\n<p data-start=\"845\" data-end=\"1047\" data-is-last-node=\"\" data-is-only-node=\"\">Entdecken Sie unsere <span style=\"color: #bf883b;\"><a style=\"color: #bf883b;\" href=\"https:\/\/deseopatisserie.com\/pasty-kremy-do-smarowania\/\">Spreads und Spreads<\/a>.<\/span><\/p>\n","protected":false},"excerpt":{"rendered":"<p>Handgemachte Haselnusspaste zeichnet sich durch ein angenehmes und tiefes Aroma aus. Wir bereiten es aus 100% Haseln\u00fcssen zu, es enth\u00e4lt keine zus\u00e4tzlichen Zutaten.  Ihren einzigartigen Geschmack verdankt sie dem richtigen R\u00f6sten der N\u00fcsse. Dank der Verwendung einer Kugelm\u00fchle hat es eine perfekt cremige Konsistenz. Perfekt als Erg\u00e4nzung zu Desserts \u2013 Cremes, Kuchen, Eiscreme, perfekt als Aufstrich f\u00fcr Pfannkuchen, Brot oder Haferbrei.  <\/p>\n<p><strong>Siehe auch:<\/strong><br \/>\n<span style=\"color: #bf883b;\"><a style=\"color: #bf883b;\" href=\"https:\/\/deseopatisserie.com\/de\/produkt\/haselnusspaste-100-200g\/\">Haselnusspaste 200g<\/a><\/span><span style=\"color: #bf883b;\"> <span style=\"color: #000000;\">| <\/span><a style=\"color: #bf883b;\" href=\"https:\/\/deseopatisserie.com\/de\/produkt\/haselnusspaste-100-3kg\/\">Haselnusspaste 3 kg<\/a><span style=\"color: #000000;\"> |<\/span> <a style=\"color: #bf883b;\" href=\"https:\/\/deseopatisserie.com\/de\/produkt\/haselnusspaste-100-5kg\/\">Haselnusspaste 5 kg<\/a><span style=\"color: #000000;\"> |<\/span> <a style=\"color: #bf883b;\" href=\"https:\/\/deseopatisserie.com\/de\/?post_type=product&#038;p=90694\">Schokolade\/Haselnusscreme 200g<\/a> <span style=\"color: #000000;\">|<\/span> <a style=\"color: #bf883b;\" href=\"https:\/\/deseopatisserie.com\/de\/produkt\/haselnuss-praline\/\">Haselnusspraline 200g<\/a><\/span><\/p>\n<p><span style=\"color: #000000;\">und<\/span> <span style=\"color: #bf883b;\"><a style=\"color: #bf883b;\" href=\"https:\/\/deseopatisserie.com\/de\/produkt\/geroestete-haselnuesse-250g\/\">ger\u00f6stete Haseln\u00fcsse 250 g<\/a> <span style=\"color: #000000;\">|<\/span> <a style=\"color: #bf883b;\" href=\"https:\/\/deseopatisserie.com\/de\/produkt\/geroestete-haselnuesse-500g\/\">ger\u00f6stete Haseln\u00fcsse 500 g<\/a> <span style=\"color: #000000;\">|<\/span> <a style=\"color: #bf883b;\" href=\"https:\/\/deseopatisserie.com\/de\/produkt\/geroestete-haselnuesse-1kg\/\">ger\u00f6stete Haseln\u00fcsse 1 kg<\/a><\/span><\/p>\n<p>\ud83d\udc49 Laden Sie das kostenlose Rezept-E-Book <span style=\"color: #bf883b;\"><a style=\"color: #bf883b;\" href=\"https:\/\/deseopatisserie.com\/de\/produkt\/haselnuss-e-book-deseo\/\">Haselnuss-E-Book DESEO<\/a><\/span> herunter und bereiten Sie k\u00f6stliche Desserts auf Haselnussbasis zu!<\/p>\n","protected":false},"featured_media":118622,"template":"","meta":{"_acf_changed":false},"product_brand":[],"product_cat":[1643,2843,1645,2646],"product_tag":[],"class_list":{"0":"post-92225","1":"product","2":"type-product","3":"status-publish","4":"has-post-thumbnail","6":"product_cat-100-nusspasten","7":"product_cat-haselnuss-pasten","8":"product_cat-pasten-cremes","9":"product_cat-produkte-fur-cafes-und-konditoreien","11":"first","12":"instock","13":"taxable","14":"shipping-taxable","15":"purchasable","16":"product-type-simple"},"acf":[],"yoast_head":"<!-- This site is optimized with the Yoast SEO plugin v27.4 - https:\/\/yoast.com\/product\/yoast-seo-wordpress\/ -->\n<title>Haselnusspaste 100% 1kg - DESEO S\u00fc\u00dfwaren<\/title>\n<meta name=\"description\" content=\"Haselnusspaste 100% 1kg zeichnet sich durch ein angenehmes und tiefes Aroma aus. Es enth\u00e4lt keine zus\u00e4tzlichen Inhaltsstoffe.\" \/>\n<meta name=\"robots\" content=\"index, follow, max-snippet:-1, max-image-preview:large, max-video-preview:-1\" \/>\n<link rel=\"canonical\" href=\"https:\/\/deseopatisserie.com\/de\/produkt\/haselnusspaste-100-1kg\/\" \/>\n<meta property=\"og:locale\" content=\"de_DE\" \/>\n<meta property=\"og:type\" content=\"article\" \/>\n<meta property=\"og:title\" content=\"Haselnusspaste 100% 1kg\" \/>\n<meta property=\"og:description\" content=\"Handgemachte Haselnusspaste zeichnet sich durch ein angenehmes und tiefes Aroma aus. Wir bereiten es aus 100% Haseln\u00fcssen zu, es enth\u00e4lt keine zus\u00e4tzlichen Zutaten.\" \/>\n<meta property=\"og:url\" content=\"https:\/\/deseopatisserie.com\/de\/produkt\/haselnusspaste-100-1kg\/\" \/>\n<meta property=\"og:site_name\" content=\"DESEO\" \/>\n<meta property=\"article:modified_time\" content=\"2025-04-02T13:51:59+00:00\" \/>\n<meta property=\"og:image\" content=\"https:\/\/deseopatisserie.com\/wp-content\/uploads\/2021\/06\/pasta-z-orzwechow-laskowych-1kg-1024x682.jpg\" \/>\n<meta name=\"twitter:card\" content=\"summary_large_image\" \/>\n<meta name=\"twitter:label1\" content=\"Gesch\u00e4tzte Lesezeit\" \/>\n\t<meta name=\"twitter:data1\" content=\"1\u00a0Minute\" \/>\n<script type=\"application\/ld+json\" class=\"yoast-schema-graph\">{\"@context\":\"https:\\\/\\\/schema.org\",\"@graph\":[{\"@type\":\"WebPage\",\"@id\":\"https:\\\/\\\/deseopatisserie.com\\\/de\\\/produkt\\\/haselnusspaste-100-1kg\\\/\",\"url\":\"https:\\\/\\\/deseopatisserie.com\\\/de\\\/produkt\\\/haselnusspaste-100-1kg\\\/\",\"name\":\"Haselnusspaste 100% 1kg - DESEO S\u00fc\u00dfwaren\",\"isPartOf\":{\"@id\":\"https:\\\/\\\/deseopatisserie.com\\\/de\\\/#website\"},\"primaryImageOfPage\":{\"@id\":\"https:\\\/\\\/deseopatisserie.com\\\/de\\\/produkt\\\/haselnusspaste-100-1kg\\\/#primaryimage\"},\"image\":{\"@id\":\"https:\\\/\\\/deseopatisserie.com\\\/de\\\/produkt\\\/haselnusspaste-100-1kg\\\/#primaryimage\"},\"thumbnailUrl\":\"https:\\\/\\\/deseopatisserie.com\\\/\\\/wp-content\\\/uploads\\\/2021\\\/06\\\/pasta-z-orzechow-laskowych-1kg-DESEO-1.png\",\"datePublished\":\"2021-06-23T07:43:18+00:00\",\"dateModified\":\"2025-04-02T13:51:59+00:00\",\"description\":\"Haselnusspaste 100% 1kg zeichnet sich durch ein angenehmes und tiefes Aroma aus. Es enth\u00e4lt keine zus\u00e4tzlichen Inhaltsstoffe.\",\"breadcrumb\":{\"@id\":\"https:\\\/\\\/deseopatisserie.com\\\/de\\\/produkt\\\/haselnusspaste-100-1kg\\\/#breadcrumb\"},\"inLanguage\":\"de\",\"potentialAction\":[{\"@type\":\"ReadAction\",\"target\":[\"https:\\\/\\\/deseopatisserie.com\\\/de\\\/produkt\\\/haselnusspaste-100-1kg\\\/\"]}]},{\"@type\":\"ImageObject\",\"inLanguage\":\"de\",\"@id\":\"https:\\\/\\\/deseopatisserie.com\\\/de\\\/produkt\\\/haselnusspaste-100-1kg\\\/#primaryimage\",\"url\":\"https:\\\/\\\/deseopatisserie.com\\\/\\\/wp-content\\\/uploads\\\/2021\\\/06\\\/pasta-z-orzechow-laskowych-1kg-DESEO-1.png\",\"contentUrl\":\"https:\\\/\\\/deseopatisserie.com\\\/\\\/wp-content\\\/uploads\\\/2021\\\/06\\\/pasta-z-orzechow-laskowych-1kg-DESEO-1.png\",\"width\":2048,\"height\":1365,\"caption\":\"pasta z orzech\u00f3w laskowych 1kg DESEO\"},{\"@type\":\"BreadcrumbList\",\"@id\":\"https:\\\/\\\/deseopatisserie.com\\\/de\\\/produkt\\\/haselnusspaste-100-1kg\\\/#breadcrumb\",\"itemListElement\":[{\"@type\":\"ListItem\",\"position\":1,\"name\":\"Strona g\u0142\u00f3wna\",\"item\":\"https:\\\/\\\/deseopatisserie.com\\\/de\\\/homepage\\\/\"},{\"@type\":\"ListItem\",\"position\":2,\"name\":\"Haselnusspaste 100% 1kg\"}]},{\"@type\":\"WebSite\",\"@id\":\"https:\\\/\\\/deseopatisserie.com\\\/de\\\/#website\",\"url\":\"https:\\\/\\\/deseopatisserie.com\\\/de\\\/\",\"name\":\"DESEO\",\"description\":\"Patisserie &amp; Chocolaterie\",\"potentialAction\":[{\"@type\":\"SearchAction\",\"target\":{\"@type\":\"EntryPoint\",\"urlTemplate\":\"https:\\\/\\\/deseopatisserie.com\\\/de\\\/?s={search_term_string}\"},\"query-input\":{\"@type\":\"PropertyValueSpecification\",\"valueRequired\":true,\"valueName\":\"search_term_string\"}}],\"inLanguage\":\"de\"}]}<\/script>\n<!-- \/ Yoast SEO plugin. -->","yoast_head_json":{"title":"Haselnusspaste 100% 1kg - DESEO S\u00fc\u00dfwaren","description":"Haselnusspaste 100% 1kg zeichnet sich durch ein angenehmes und tiefes Aroma aus. Es enth\u00e4lt keine zus\u00e4tzlichen Inhaltsstoffe.","robots":{"index":"index","follow":"follow","max-snippet":"max-snippet:-1","max-image-preview":"max-image-preview:large","max-video-preview":"max-video-preview:-1"},"canonical":"https:\/\/deseopatisserie.com\/de\/produkt\/haselnusspaste-100-1kg\/","og_locale":"de_DE","og_type":"article","og_title":"Haselnusspaste 100% 1kg","og_description":"Handgemachte Haselnusspaste zeichnet sich durch ein angenehmes und tiefes Aroma aus. Wir bereiten es aus 100% Haseln\u00fcssen zu, es enth\u00e4lt keine zus\u00e4tzlichen Zutaten.","og_url":"https:\/\/deseopatisserie.com\/de\/produkt\/haselnusspaste-100-1kg\/","og_site_name":"DESEO","article_modified_time":"2025-04-02T13:51:59+00:00","og_image":[{"url":"https:\/\/deseopatisserie.com\/wp-content\/uploads\/2021\/06\/pasta-z-orzwechow-laskowych-1kg-1024x682.jpg","type":"","width":"","height":""}],"twitter_card":"summary_large_image","twitter_misc":{"Gesch\u00e4tzte Lesezeit":"1\u00a0Minute"},"schema":{"@context":"https:\/\/schema.org","@graph":[{"@type":"WebPage","@id":"https:\/\/deseopatisserie.com\/de\/produkt\/haselnusspaste-100-1kg\/","url":"https:\/\/deseopatisserie.com\/de\/produkt\/haselnusspaste-100-1kg\/","name":"Haselnusspaste 100% 1kg - DESEO S\u00fc\u00dfwaren","isPartOf":{"@id":"https:\/\/deseopatisserie.com\/de\/#website"},"primaryImageOfPage":{"@id":"https:\/\/deseopatisserie.com\/de\/produkt\/haselnusspaste-100-1kg\/#primaryimage"},"image":{"@id":"https:\/\/deseopatisserie.com\/de\/produkt\/haselnusspaste-100-1kg\/#primaryimage"},"thumbnailUrl":"https:\/\/deseopatisserie.com\/\/wp-content\/uploads\/2021\/06\/pasta-z-orzechow-laskowych-1kg-DESEO-1.png","datePublished":"2021-06-23T07:43:18+00:00","dateModified":"2025-04-02T13:51:59+00:00","description":"Haselnusspaste 100% 1kg zeichnet sich durch ein angenehmes und tiefes Aroma aus. Es enth\u00e4lt keine zus\u00e4tzlichen Inhaltsstoffe.","breadcrumb":{"@id":"https:\/\/deseopatisserie.com\/de\/produkt\/haselnusspaste-100-1kg\/#breadcrumb"},"inLanguage":"de","potentialAction":[{"@type":"ReadAction","target":["https:\/\/deseopatisserie.com\/de\/produkt\/haselnusspaste-100-1kg\/"]}]},{"@type":"ImageObject","inLanguage":"de","@id":"https:\/\/deseopatisserie.com\/de\/produkt\/haselnusspaste-100-1kg\/#primaryimage","url":"https:\/\/deseopatisserie.com\/\/wp-content\/uploads\/2021\/06\/pasta-z-orzechow-laskowych-1kg-DESEO-1.png","contentUrl":"https:\/\/deseopatisserie.com\/\/wp-content\/uploads\/2021\/06\/pasta-z-orzechow-laskowych-1kg-DESEO-1.png","width":2048,"height":1365,"caption":"pasta z orzech\u00f3w laskowych 1kg DESEO"},{"@type":"BreadcrumbList","@id":"https:\/\/deseopatisserie.com\/de\/produkt\/haselnusspaste-100-1kg\/#breadcrumb","itemListElement":[{"@type":"ListItem","position":1,"name":"Strona g\u0142\u00f3wna","item":"https:\/\/deseopatisserie.com\/de\/homepage\/"},{"@type":"ListItem","position":2,"name":"Haselnusspaste 100% 1kg"}]},{"@type":"WebSite","@id":"https:\/\/deseopatisserie.com\/de\/#website","url":"https:\/\/deseopatisserie.com\/de\/","name":"DESEO","description":"Patisserie &amp; Chocolaterie","potentialAction":[{"@type":"SearchAction","target":{"@type":"EntryPoint","urlTemplate":"https:\/\/deseopatisserie.com\/de\/?s={search_term_string}"},"query-input":{"@type":"PropertyValueSpecification","valueRequired":true,"valueName":"search_term_string"}}],"inLanguage":"de"}]}},"_links":{"self":[{"href":"https:\/\/deseopatisserie.com\/de\/wp-json\/wp\/v2\/product\/92225","targetHints":{"allow":["GET"]}}],"collection":[{"href":"https:\/\/deseopatisserie.com\/de\/wp-json\/wp\/v2\/product"}],"about":[{"href":"https:\/\/deseopatisserie.com\/de\/wp-json\/wp\/v2\/types\/product"}],"wp:featuredmedia":[{"embeddable":true,"href":"https:\/\/deseopatisserie.com\/de\/wp-json\/wp\/v2\/media\/118622"}],"wp:attachment":[{"href":"https:\/\/deseopatisserie.com\/de\/wp-json\/wp\/v2\/media?parent=92225"}],"wp:term":[{"taxonomy":"product_brand","embeddable":true,"href":"https:\/\/deseopatisserie.com\/de\/wp-json\/wp\/v2\/product_brand?post=92225"},{"taxonomy":"product_cat","embeddable":true,"href":"https:\/\/deseopatisserie.com\/de\/wp-json\/wp\/v2\/product_cat?post=92225"},{"taxonomy":"product_tag","embeddable":true,"href":"https:\/\/deseopatisserie.com\/de\/wp-json\/wp\/v2\/product_tag?post=92225"}],"curies":[{"name":"wp","href":"https:\/\/api.w.org\/{rel}","templated":true}]}}