{"id":92224,"date":"2024-10-17T11:27:06","date_gmt":"2024-10-17T09:27:06","guid":{"rendered":"https:\/\/deseopatisserie.com\/?post_type=product&#038;p=92224"},"modified":"2025-04-02T15:34:29","modified_gmt":"2025-04-02T13:34:29","slug":"alles-was-ich-zu-weihnachten-will-weihnachtsset","status":"publish","type":"product","link":"https:\/\/deseopatisserie.com\/de\/produkt\/alles-was-ich-zu-weihnachten-will-weihnachtsset\/","title":{"rendered":"Alles, was ich zu Weihnachten will Weihnachtsset"},"content":{"rendered":"","protected":false},"excerpt":{"rendered":"<p class=\"x_MsoNormal\" data-olk-copy-source=\"MessageBody\">Sind Sie auf der Suche nach <b>originellen Geschenken zu Weihnachten<\/b>? \ud83c\udf85<br \/>\nIn der Deseo Patisserie finden Sie einzigartige <b>Weihnachtssets<\/b>, die alle begeistern werden! Unsere Produkte sind eine Kombination aus den hochwertigsten Zutaten und dem einzigartigen Geschmack. \u2728 <\/p>\n<p>&nbsp;<\/p>\n<p><b>Alles, was ich zu Weihnachten will Weihnachtsset &#8211; Produktbeschreibung:<\/b><\/p>\n<p><b>Schoko-Cluster Himbeer-Schokolade ca. 140g<br \/>\n<\/b>Eine Kombination aus unserer wei\u00dfen Schokolade Bean-to-Bar mit Himbeeren und Vanille-Crumble.<br \/>\nWer leichte, fruchtige Aromen liebt, wird auf jeden Fall zufrieden sein.<\/p>\n<p><b>Tropfen Milchschokolade Dominikanische Republik 52% 200g<br \/>\n<\/b>Dominikanische Milchschokolade 52% mit einer samtigen und cremigen Textur zeichnet sich durch einen \u00e4u\u00dferst angenehmen, tiefen Schokoladengeschmack aus.<br \/>\nDie Schokolade hat Noten von Karamell und roten Fr\u00fcchten.<b><br \/>\n<\/b><\/p>\n<p><b>Dominikanische Republik Milchschokolade 52% 60g<\/b><br \/>\nSamtige, cremige Textur und sp\u00fcrbare Noten von Karamell und roten Fr\u00fcchten.<\/p>\n<p><b>Weihnachten Lebkuchen Schokolade 60g<\/b><br \/>\nTrockene mexikanische Schokolade 70% mit Zusatz von Gew\u00fcrzen.<br \/>\nDank ihnen hat Schokolade einen wunderbaren Lebkuchengeschmack und -aroma.<\/p>\n<p><b>Weihnachten Orange Zartbitterschokolade 65g<br \/>\n<\/b>Weihnachtsschokolade ist eine Kombination aus trockener Bean-to-Bar-Schokolade India 70% mit kandierten Orangenschalen.<\/p>\n","protected":false},"featured_media":93444,"template":"","meta":{"_acf_changed":false},"product_brand":[],"product_cat":[1644,2008],"product_tag":[],"class_list":{"0":"post-92224","1":"product","2":"type-product","3":"status-publish","4":"has-post-thumbnail","6":"product_cat-geschenksets","7":"product_cat-weihnachten","9":"first","10":"instock","11":"taxable","12":"shipping-taxable","13":"purchasable","14":"product-type-yith_bundle"},"acf":[],"yoast_head":"<!-- This site is optimized with the Yoast SEO plugin v27.4 - https:\/\/yoast.com\/product\/yoast-seo-wordpress\/ -->\n<title>Alles, was ich zu Weihnachten will Weihnachtsset - DESEO S\u00fc\u00dfwaren<\/title>\n<meta name=\"robots\" content=\"index, follow, max-snippet:-1, max-image-preview:large, max-video-preview:-1\" \/>\n<link rel=\"canonical\" href=\"https:\/\/deseopatisserie.com\/de\/produkt\/alles-was-ich-zu-weihnachten-will-weihnachtsset\/\" \/>\n<meta property=\"og:locale\" content=\"de_DE\" \/>\n<meta property=\"og:type\" content=\"article\" \/>\n<meta property=\"og:title\" content=\"Alles, was ich zu Weihnachten will Weihnachtsset - DESEO S\u00fc\u00dfwaren\" \/>\n<meta property=\"og:description\" content=\"Sind Sie auf der Suche nach originellen Geschenken zu Weihnachten? \ud83c\udf85 In der Deseo Patisserie finden Sie einzigartige Weihnachtssets, die alle begeistern werden! Unsere Produkte sind eine Kombination aus den hochwertigsten Zutaten und dem einzigartigen Geschmack. \u2728 &nbsp; Alles, was ich zu Weihnachten will Weihnachtsset - Produktbeschreibung: Schoko-Cluster Himbeer-Schokolade ca. 140g Eine Kombination aus unserer wei\u00dfen Schokolade Bean-to-Bar mit Himbeeren und Vanille-Crumble. Wer leichte, fruchtige Aromen liebt, wird auf jeden Fall zufrieden sein. Tropfen Milchschokolade Dominikanische Republik 52% 200g Dominikanische Milchschokolade 52% mit einer samtigen und cremigen Textur zeichnet sich durch einen \u00e4u\u00dferst angenehmen, tiefen Schokoladengeschmack aus. Die Schokolade hat Noten von Karamell und roten Fr\u00fcchten.  Dominikanische Republik Milchschokolade 52% 60g Samtige, cremige Textur und sp\u00fcrbare Noten von Karamell und roten Fr\u00fcchten. Weihnachten Lebkuchen Schokolade 60g Trockene mexikanische Schokolade 70% mit Zusatz von Gew\u00fcrzen. Dank ihnen hat Schokolade einen wunderbaren Lebkuchengeschmack und -aroma. Weihnachten Orange Zartbitterschokolade 65g Weihnachtsschokolade ist eine Kombination aus trockener Bean-to-Bar-Schokolade India 70% mit kandierten Orangenschalen.\" \/>\n<meta property=\"og:url\" content=\"https:\/\/deseopatisserie.com\/de\/produkt\/alles-was-ich-zu-weihnachten-will-weihnachtsset\/\" \/>\n<meta property=\"og:site_name\" content=\"DESEO\" \/>\n<meta property=\"article:modified_time\" content=\"2025-04-02T13:34:29+00:00\" \/>\n<meta property=\"og:image\" content=\"https:\/\/deseopatisserie.com\/\/wp-content\/uploads\/2024\/10\/1-1.jpg\" \/>\n\t<meta property=\"og:image:width\" content=\"1920\" \/>\n\t<meta property=\"og:image:height\" content=\"1080\" \/>\n\t<meta property=\"og:image:type\" content=\"image\/jpeg\" \/>\n<meta name=\"twitter:card\" content=\"summary_large_image\" \/>\n<script type=\"application\/ld+json\" class=\"yoast-schema-graph\">{\"@context\":\"https:\\\/\\\/schema.org\",\"@graph\":[{\"@type\":\"WebPage\",\"@id\":\"https:\\\/\\\/deseopatisserie.com\\\/de\\\/produkt\\\/alles-was-ich-zu-weihnachten-will-weihnachtsset\\\/\",\"url\":\"https:\\\/\\\/deseopatisserie.com\\\/de\\\/produkt\\\/alles-was-ich-zu-weihnachten-will-weihnachtsset\\\/\",\"name\":\"Alles, was ich zu Weihnachten will Weihnachtsset - DESEO S\u00fc\u00dfwaren\",\"isPartOf\":{\"@id\":\"https:\\\/\\\/deseopatisserie.com\\\/de\\\/#website\"},\"primaryImageOfPage\":{\"@id\":\"https:\\\/\\\/deseopatisserie.com\\\/de\\\/produkt\\\/alles-was-ich-zu-weihnachten-will-weihnachtsset\\\/#primaryimage\"},\"image\":{\"@id\":\"https:\\\/\\\/deseopatisserie.com\\\/de\\\/produkt\\\/alles-was-ich-zu-weihnachten-will-weihnachtsset\\\/#primaryimage\"},\"thumbnailUrl\":\"https:\\\/\\\/deseopatisserie.com\\\/\\\/wp-content\\\/uploads\\\/2024\\\/10\\\/1-1.jpg\",\"datePublished\":\"2024-10-17T09:27:06+00:00\",\"dateModified\":\"2025-04-02T13:34:29+00:00\",\"breadcrumb\":{\"@id\":\"https:\\\/\\\/deseopatisserie.com\\\/de\\\/produkt\\\/alles-was-ich-zu-weihnachten-will-weihnachtsset\\\/#breadcrumb\"},\"inLanguage\":\"de\",\"potentialAction\":[{\"@type\":\"ReadAction\",\"target\":[\"https:\\\/\\\/deseopatisserie.com\\\/de\\\/produkt\\\/alles-was-ich-zu-weihnachten-will-weihnachtsset\\\/\"]}]},{\"@type\":\"ImageObject\",\"inLanguage\":\"de\",\"@id\":\"https:\\\/\\\/deseopatisserie.com\\\/de\\\/produkt\\\/alles-was-ich-zu-weihnachten-will-weihnachtsset\\\/#primaryimage\",\"url\":\"https:\\\/\\\/deseopatisserie.com\\\/\\\/wp-content\\\/uploads\\\/2024\\\/10\\\/1-1.jpg\",\"contentUrl\":\"https:\\\/\\\/deseopatisserie.com\\\/\\\/wp-content\\\/uploads\\\/2024\\\/10\\\/1-1.jpg\",\"width\":1920,\"height\":1080},{\"@type\":\"BreadcrumbList\",\"@id\":\"https:\\\/\\\/deseopatisserie.com\\\/de\\\/produkt\\\/alles-was-ich-zu-weihnachten-will-weihnachtsset\\\/#breadcrumb\",\"itemListElement\":[{\"@type\":\"ListItem\",\"position\":1,\"name\":\"Strona g\u0142\u00f3wna\",\"item\":\"https:\\\/\\\/deseopatisserie.com\\\/de\\\/homepage\\\/\"},{\"@type\":\"ListItem\",\"position\":2,\"name\":\"Alles, was ich zu Weihnachten will Weihnachtsset\"}]},{\"@type\":\"WebSite\",\"@id\":\"https:\\\/\\\/deseopatisserie.com\\\/de\\\/#website\",\"url\":\"https:\\\/\\\/deseopatisserie.com\\\/de\\\/\",\"name\":\"DESEO\",\"description\":\"Patisserie &amp; Chocolaterie\",\"potentialAction\":[{\"@type\":\"SearchAction\",\"target\":{\"@type\":\"EntryPoint\",\"urlTemplate\":\"https:\\\/\\\/deseopatisserie.com\\\/de\\\/?s={search_term_string}\"},\"query-input\":{\"@type\":\"PropertyValueSpecification\",\"valueRequired\":true,\"valueName\":\"search_term_string\"}}],\"inLanguage\":\"de\"}]}<\/script>\n<!-- \/ Yoast SEO plugin. -->","yoast_head_json":{"title":"Alles, was ich zu Weihnachten will Weihnachtsset - DESEO S\u00fc\u00dfwaren","robots":{"index":"index","follow":"follow","max-snippet":"max-snippet:-1","max-image-preview":"max-image-preview:large","max-video-preview":"max-video-preview:-1"},"canonical":"https:\/\/deseopatisserie.com\/de\/produkt\/alles-was-ich-zu-weihnachten-will-weihnachtsset\/","og_locale":"de_DE","og_type":"article","og_title":"Alles, was ich zu Weihnachten will Weihnachtsset - DESEO S\u00fc\u00dfwaren","og_description":"Sind Sie auf der Suche nach originellen Geschenken zu Weihnachten? \ud83c\udf85 In der Deseo Patisserie finden Sie einzigartige Weihnachtssets, die alle begeistern werden! Unsere Produkte sind eine Kombination aus den hochwertigsten Zutaten und dem einzigartigen Geschmack. \u2728 &nbsp; Alles, was ich zu Weihnachten will Weihnachtsset - Produktbeschreibung: Schoko-Cluster Himbeer-Schokolade ca. 140g Eine Kombination aus unserer wei\u00dfen Schokolade Bean-to-Bar mit Himbeeren und Vanille-Crumble. Wer leichte, fruchtige Aromen liebt, wird auf jeden Fall zufrieden sein. Tropfen Milchschokolade Dominikanische Republik 52% 200g Dominikanische Milchschokolade 52% mit einer samtigen und cremigen Textur zeichnet sich durch einen \u00e4u\u00dferst angenehmen, tiefen Schokoladengeschmack aus. Die Schokolade hat Noten von Karamell und roten Fr\u00fcchten.  Dominikanische Republik Milchschokolade 52% 60g Samtige, cremige Textur und sp\u00fcrbare Noten von Karamell und roten Fr\u00fcchten. Weihnachten Lebkuchen Schokolade 60g Trockene mexikanische Schokolade 70% mit Zusatz von Gew\u00fcrzen. Dank ihnen hat Schokolade einen wunderbaren Lebkuchengeschmack und -aroma. Weihnachten Orange Zartbitterschokolade 65g Weihnachtsschokolade ist eine Kombination aus trockener Bean-to-Bar-Schokolade India 70% mit kandierten Orangenschalen.","og_url":"https:\/\/deseopatisserie.com\/de\/produkt\/alles-was-ich-zu-weihnachten-will-weihnachtsset\/","og_site_name":"DESEO","article_modified_time":"2025-04-02T13:34:29+00:00","og_image":[{"width":1920,"height":1080,"url":"https:\/\/deseopatisserie.com\/\/wp-content\/uploads\/2024\/10\/1-1.jpg","type":"image\/jpeg"}],"twitter_card":"summary_large_image","schema":{"@context":"https:\/\/schema.org","@graph":[{"@type":"WebPage","@id":"https:\/\/deseopatisserie.com\/de\/produkt\/alles-was-ich-zu-weihnachten-will-weihnachtsset\/","url":"https:\/\/deseopatisserie.com\/de\/produkt\/alles-was-ich-zu-weihnachten-will-weihnachtsset\/","name":"Alles, was ich zu Weihnachten will Weihnachtsset - DESEO S\u00fc\u00dfwaren","isPartOf":{"@id":"https:\/\/deseopatisserie.com\/de\/#website"},"primaryImageOfPage":{"@id":"https:\/\/deseopatisserie.com\/de\/produkt\/alles-was-ich-zu-weihnachten-will-weihnachtsset\/#primaryimage"},"image":{"@id":"https:\/\/deseopatisserie.com\/de\/produkt\/alles-was-ich-zu-weihnachten-will-weihnachtsset\/#primaryimage"},"thumbnailUrl":"https:\/\/deseopatisserie.com\/\/wp-content\/uploads\/2024\/10\/1-1.jpg","datePublished":"2024-10-17T09:27:06+00:00","dateModified":"2025-04-02T13:34:29+00:00","breadcrumb":{"@id":"https:\/\/deseopatisserie.com\/de\/produkt\/alles-was-ich-zu-weihnachten-will-weihnachtsset\/#breadcrumb"},"inLanguage":"de","potentialAction":[{"@type":"ReadAction","target":["https:\/\/deseopatisserie.com\/de\/produkt\/alles-was-ich-zu-weihnachten-will-weihnachtsset\/"]}]},{"@type":"ImageObject","inLanguage":"de","@id":"https:\/\/deseopatisserie.com\/de\/produkt\/alles-was-ich-zu-weihnachten-will-weihnachtsset\/#primaryimage","url":"https:\/\/deseopatisserie.com\/\/wp-content\/uploads\/2024\/10\/1-1.jpg","contentUrl":"https:\/\/deseopatisserie.com\/\/wp-content\/uploads\/2024\/10\/1-1.jpg","width":1920,"height":1080},{"@type":"BreadcrumbList","@id":"https:\/\/deseopatisserie.com\/de\/produkt\/alles-was-ich-zu-weihnachten-will-weihnachtsset\/#breadcrumb","itemListElement":[{"@type":"ListItem","position":1,"name":"Strona g\u0142\u00f3wna","item":"https:\/\/deseopatisserie.com\/de\/homepage\/"},{"@type":"ListItem","position":2,"name":"Alles, was ich zu Weihnachten will Weihnachtsset"}]},{"@type":"WebSite","@id":"https:\/\/deseopatisserie.com\/de\/#website","url":"https:\/\/deseopatisserie.com\/de\/","name":"DESEO","description":"Patisserie &amp; Chocolaterie","potentialAction":[{"@type":"SearchAction","target":{"@type":"EntryPoint","urlTemplate":"https:\/\/deseopatisserie.com\/de\/?s={search_term_string}"},"query-input":{"@type":"PropertyValueSpecification","valueRequired":true,"valueName":"search_term_string"}}],"inLanguage":"de"}]}},"_links":{"self":[{"href":"https:\/\/deseopatisserie.com\/de\/wp-json\/wp\/v2\/product\/92224","targetHints":{"allow":["GET"]}}],"collection":[{"href":"https:\/\/deseopatisserie.com\/de\/wp-json\/wp\/v2\/product"}],"about":[{"href":"https:\/\/deseopatisserie.com\/de\/wp-json\/wp\/v2\/types\/product"}],"wp:featuredmedia":[{"embeddable":true,"href":"https:\/\/deseopatisserie.com\/de\/wp-json\/wp\/v2\/media\/93444"}],"wp:attachment":[{"href":"https:\/\/deseopatisserie.com\/de\/wp-json\/wp\/v2\/media?parent=92224"}],"wp:term":[{"taxonomy":"product_brand","embeddable":true,"href":"https:\/\/deseopatisserie.com\/de\/wp-json\/wp\/v2\/product_brand?post=92224"},{"taxonomy":"product_cat","embeddable":true,"href":"https:\/\/deseopatisserie.com\/de\/wp-json\/wp\/v2\/product_cat?post=92224"},{"taxonomy":"product_tag","embeddable":true,"href":"https:\/\/deseopatisserie.com\/de\/wp-json\/wp\/v2\/product_tag?post=92224"}],"curies":[{"name":"wp","href":"https:\/\/api.w.org\/{rel}","templated":true}]}}