{"id":92215,"date":"2024-10-17T09:34:36","date_gmt":"2024-10-17T07:34:36","guid":{"rendered":"https:\/\/deseopatisserie.com\/?post_type=product&#038;p=92215"},"modified":"2025-04-02T15:34:27","modified_gmt":"2025-04-02T13:34:27","slug":"weises-weihnachtsset","status":"publish","type":"product","link":"https:\/\/deseopatisserie.com\/de\/produkt\/weises-weihnachtsset\/","title":{"rendered":"Wei\u00dfes Weihnachtsset"},"content":{"rendered":"","protected":false},"excerpt":{"rendered":"<p data-olk-copy-source=\"MessageBody\">M\u00f6chten Sie Ihren Lieben ein <b>originelles Weihnachtsgeschenk<\/b> machen? \ud83c\udf81<br \/>\nIn der Deseo Patisserie finden Sie einzigartige <b>Weihnachtssets<\/b>, die alle begeistern werden! Unsere Produkte sind eine Kombination aus den hochwertigsten Zutaten und dem einzigartigen Geschmack. \u2728 <\/p>\n<p><b>Wei\u00dfes Weihnachtsset &#8211; Produktbeschreibung:<\/b><\/p>\n<p><b>Schokoladencluster Wei\u00dfe Schokolade &amp; Kokosnuss &amp; Mandel ca. 140g <\/b><br \/>\nEine gro\u00dfe Menge Kokosraspeln und Mandelbl\u00e4ttchen, alles kombiniert mit wei\u00dfer Schokolade.<br \/>\nDiese kleinen Schoko-Snacks mit vielen Trockenfr\u00fcchten k\u00f6nnen \u00fcberall hin mitgenommen werden.<\/p>\n<p><b>Wei\u00dfe Schokoladentropfen 200g<\/b><br \/>\nWei\u00dfe Schokolade mit einem intensiven Geschmack von Vollmilch und einer cremigen Textur.<br \/>\nEs ist eine ideale Wahl nicht nur f\u00fcr Liebhaber von S\u00fc\u00dfigkeiten, sondern auch f\u00fcr Liebhaber von Backen und kulinarischen Experimenten.<\/p>\n<p><b>Kokoscreme mit Mandeln CRUNCHY 200g<\/b><br \/>\nEs eignet sich sowohl als Zutat zu Pfannkuchen, Pfannkuchen, Haferbrei oder Fr\u00fchst\u00fcck, als auch als hochwertige S\u00fc\u00dfe, die direkt aus dem Glas gegessen wird.<\/p>\n<p><b>Weihnachten Lebkuchen Schokolade 60g<\/b><br \/>\nTrockene mexikanische Schokolade 70% mit Zusatz von Gew\u00fcrzen.<br \/>\nDank ihnen hat Schokolade einen wunderbaren Lebkuchengeschmack und -aroma.<\/p>\n<p><b>Weihnachten Orange Zartbitterschokolade 65g<br \/>\n<\/b>Weihnachtsschokolade ist eine Kombination aus trockener Bean-to-Bar-Schokolade India 70% mit kandierten Orangenschalen.<b><\/b><\/p>\n<p>&nbsp;<\/p>\n","protected":false},"featured_media":93452,"template":"","meta":{"_acf_changed":false},"product_brand":[],"product_cat":[1644,2008],"product_tag":[],"class_list":{"0":"post-92215","1":"product","2":"type-product","3":"status-publish","4":"has-post-thumbnail","6":"product_cat-geschenksets","7":"product_cat-weihnachten","9":"first","10":"instock","11":"taxable","12":"shipping-taxable","13":"purchasable","14":"product-type-yith_bundle"},"acf":[],"yoast_head":"<!-- This site is optimized with the Yoast SEO plugin v27.4 - https:\/\/yoast.com\/product\/yoast-seo-wordpress\/ -->\n<title>Wei\u00dfes Weihnachtsset - DESEO S\u00fc\u00dfwaren<\/title>\n<meta name=\"robots\" content=\"index, follow, max-snippet:-1, max-image-preview:large, max-video-preview:-1\" \/>\n<link rel=\"canonical\" href=\"https:\/\/deseopatisserie.com\/de\/produkt\/weises-weihnachtsset\/\" \/>\n<meta property=\"og:locale\" content=\"de_DE\" \/>\n<meta property=\"og:type\" content=\"article\" \/>\n<meta property=\"og:title\" content=\"Wei\u00dfes Weihnachtsset - DESEO S\u00fc\u00dfwaren\" \/>\n<meta property=\"og:description\" content=\"M\u00f6chten Sie Ihren Lieben ein originelles Weihnachtsgeschenk machen? \ud83c\udf81 In der Deseo Patisserie finden Sie einzigartige Weihnachtssets, die alle begeistern werden! Unsere Produkte sind eine Kombination aus den hochwertigsten Zutaten und dem einzigartigen Geschmack. \u2728 Wei\u00dfes Weihnachtsset - Produktbeschreibung: Schokoladencluster Wei\u00dfe Schokolade &amp; Kokosnuss &amp; Mandel ca. 140g Eine gro\u00dfe Menge Kokosraspeln und Mandelbl\u00e4ttchen, alles kombiniert mit wei\u00dfer Schokolade. Diese kleinen Schoko-Snacks mit vielen Trockenfr\u00fcchten k\u00f6nnen \u00fcberall hin mitgenommen werden. Wei\u00dfe Schokoladentropfen 200g Wei\u00dfe Schokolade mit einem intensiven Geschmack von Vollmilch und einer cremigen Textur. Es ist eine ideale Wahl nicht nur f\u00fcr Liebhaber von S\u00fc\u00dfigkeiten, sondern auch f\u00fcr Liebhaber von Backen und kulinarischen Experimenten. Kokoscreme mit Mandeln CRUNCHY 200g Es eignet sich sowohl als Zutat zu Pfannkuchen, Pfannkuchen, Haferbrei oder Fr\u00fchst\u00fcck, als auch als hochwertige S\u00fc\u00dfe, die direkt aus dem Glas gegessen wird. Weihnachten Lebkuchen Schokolade 60g Trockene mexikanische Schokolade 70% mit Zusatz von Gew\u00fcrzen. Dank ihnen hat Schokolade einen wunderbaren Lebkuchengeschmack und -aroma. Weihnachten Orange Zartbitterschokolade 65g Weihnachtsschokolade ist eine Kombination aus trockener Bean-to-Bar-Schokolade India 70% mit kandierten Orangenschalen. &nbsp;\" \/>\n<meta property=\"og:url\" content=\"https:\/\/deseopatisserie.com\/de\/produkt\/weises-weihnachtsset\/\" \/>\n<meta property=\"og:site_name\" content=\"DESEO\" \/>\n<meta property=\"article:modified_time\" content=\"2025-04-02T13:34:27+00:00\" \/>\n<meta property=\"og:image\" content=\"https:\/\/deseopatisserie.com\/\/wp-content\/uploads\/2024\/10\/2-1.jpg\" \/>\n\t<meta property=\"og:image:width\" content=\"1920\" \/>\n\t<meta property=\"og:image:height\" content=\"1080\" \/>\n\t<meta property=\"og:image:type\" content=\"image\/jpeg\" \/>\n<meta name=\"twitter:card\" content=\"summary_large_image\" \/>\n<script type=\"application\/ld+json\" class=\"yoast-schema-graph\">{\"@context\":\"https:\\\/\\\/schema.org\",\"@graph\":[{\"@type\":\"WebPage\",\"@id\":\"https:\\\/\\\/deseopatisserie.com\\\/de\\\/produkt\\\/weises-weihnachtsset\\\/\",\"url\":\"https:\\\/\\\/deseopatisserie.com\\\/de\\\/produkt\\\/weises-weihnachtsset\\\/\",\"name\":\"Wei\u00dfes Weihnachtsset - DESEO S\u00fc\u00dfwaren\",\"isPartOf\":{\"@id\":\"https:\\\/\\\/deseopatisserie.com\\\/de\\\/#website\"},\"primaryImageOfPage\":{\"@id\":\"https:\\\/\\\/deseopatisserie.com\\\/de\\\/produkt\\\/weises-weihnachtsset\\\/#primaryimage\"},\"image\":{\"@id\":\"https:\\\/\\\/deseopatisserie.com\\\/de\\\/produkt\\\/weises-weihnachtsset\\\/#primaryimage\"},\"thumbnailUrl\":\"https:\\\/\\\/deseopatisserie.com\\\/\\\/wp-content\\\/uploads\\\/2024\\\/10\\\/2-1.jpg\",\"datePublished\":\"2024-10-17T07:34:36+00:00\",\"dateModified\":\"2025-04-02T13:34:27+00:00\",\"breadcrumb\":{\"@id\":\"https:\\\/\\\/deseopatisserie.com\\\/de\\\/produkt\\\/weises-weihnachtsset\\\/#breadcrumb\"},\"inLanguage\":\"de\",\"potentialAction\":[{\"@type\":\"ReadAction\",\"target\":[\"https:\\\/\\\/deseopatisserie.com\\\/de\\\/produkt\\\/weises-weihnachtsset\\\/\"]}]},{\"@type\":\"ImageObject\",\"inLanguage\":\"de\",\"@id\":\"https:\\\/\\\/deseopatisserie.com\\\/de\\\/produkt\\\/weises-weihnachtsset\\\/#primaryimage\",\"url\":\"https:\\\/\\\/deseopatisserie.com\\\/\\\/wp-content\\\/uploads\\\/2024\\\/10\\\/2-1.jpg\",\"contentUrl\":\"https:\\\/\\\/deseopatisserie.com\\\/\\\/wp-content\\\/uploads\\\/2024\\\/10\\\/2-1.jpg\",\"width\":1920,\"height\":1080,\"caption\":\"Deseo-S\u0301wie\u0328ta-2024\"},{\"@type\":\"BreadcrumbList\",\"@id\":\"https:\\\/\\\/deseopatisserie.com\\\/de\\\/produkt\\\/weises-weihnachtsset\\\/#breadcrumb\",\"itemListElement\":[{\"@type\":\"ListItem\",\"position\":1,\"name\":\"Strona g\u0142\u00f3wna\",\"item\":\"https:\\\/\\\/deseopatisserie.com\\\/de\\\/homepage\\\/\"},{\"@type\":\"ListItem\",\"position\":2,\"name\":\"Wei\u00dfes Weihnachtsset\"}]},{\"@type\":\"WebSite\",\"@id\":\"https:\\\/\\\/deseopatisserie.com\\\/de\\\/#website\",\"url\":\"https:\\\/\\\/deseopatisserie.com\\\/de\\\/\",\"name\":\"DESEO\",\"description\":\"Patisserie &amp; Chocolaterie\",\"potentialAction\":[{\"@type\":\"SearchAction\",\"target\":{\"@type\":\"EntryPoint\",\"urlTemplate\":\"https:\\\/\\\/deseopatisserie.com\\\/de\\\/?s={search_term_string}\"},\"query-input\":{\"@type\":\"PropertyValueSpecification\",\"valueRequired\":true,\"valueName\":\"search_term_string\"}}],\"inLanguage\":\"de\"}]}<\/script>\n<!-- \/ Yoast SEO plugin. -->","yoast_head_json":{"title":"Wei\u00dfes Weihnachtsset - DESEO S\u00fc\u00dfwaren","robots":{"index":"index","follow":"follow","max-snippet":"max-snippet:-1","max-image-preview":"max-image-preview:large","max-video-preview":"max-video-preview:-1"},"canonical":"https:\/\/deseopatisserie.com\/de\/produkt\/weises-weihnachtsset\/","og_locale":"de_DE","og_type":"article","og_title":"Wei\u00dfes Weihnachtsset - DESEO S\u00fc\u00dfwaren","og_description":"M\u00f6chten Sie Ihren Lieben ein originelles Weihnachtsgeschenk machen? \ud83c\udf81 In der Deseo Patisserie finden Sie einzigartige Weihnachtssets, die alle begeistern werden! Unsere Produkte sind eine Kombination aus den hochwertigsten Zutaten und dem einzigartigen Geschmack. \u2728 Wei\u00dfes Weihnachtsset - Produktbeschreibung: Schokoladencluster Wei\u00dfe Schokolade &amp; Kokosnuss &amp; Mandel ca. 140g Eine gro\u00dfe Menge Kokosraspeln und Mandelbl\u00e4ttchen, alles kombiniert mit wei\u00dfer Schokolade. Diese kleinen Schoko-Snacks mit vielen Trockenfr\u00fcchten k\u00f6nnen \u00fcberall hin mitgenommen werden. Wei\u00dfe Schokoladentropfen 200g Wei\u00dfe Schokolade mit einem intensiven Geschmack von Vollmilch und einer cremigen Textur. Es ist eine ideale Wahl nicht nur f\u00fcr Liebhaber von S\u00fc\u00dfigkeiten, sondern auch f\u00fcr Liebhaber von Backen und kulinarischen Experimenten. Kokoscreme mit Mandeln CRUNCHY 200g Es eignet sich sowohl als Zutat zu Pfannkuchen, Pfannkuchen, Haferbrei oder Fr\u00fchst\u00fcck, als auch als hochwertige S\u00fc\u00dfe, die direkt aus dem Glas gegessen wird. Weihnachten Lebkuchen Schokolade 60g Trockene mexikanische Schokolade 70% mit Zusatz von Gew\u00fcrzen. Dank ihnen hat Schokolade einen wunderbaren Lebkuchengeschmack und -aroma. Weihnachten Orange Zartbitterschokolade 65g Weihnachtsschokolade ist eine Kombination aus trockener Bean-to-Bar-Schokolade India 70% mit kandierten Orangenschalen. &nbsp;","og_url":"https:\/\/deseopatisserie.com\/de\/produkt\/weises-weihnachtsset\/","og_site_name":"DESEO","article_modified_time":"2025-04-02T13:34:27+00:00","og_image":[{"width":1920,"height":1080,"url":"https:\/\/deseopatisserie.com\/\/wp-content\/uploads\/2024\/10\/2-1.jpg","type":"image\/jpeg"}],"twitter_card":"summary_large_image","schema":{"@context":"https:\/\/schema.org","@graph":[{"@type":"WebPage","@id":"https:\/\/deseopatisserie.com\/de\/produkt\/weises-weihnachtsset\/","url":"https:\/\/deseopatisserie.com\/de\/produkt\/weises-weihnachtsset\/","name":"Wei\u00dfes Weihnachtsset - DESEO S\u00fc\u00dfwaren","isPartOf":{"@id":"https:\/\/deseopatisserie.com\/de\/#website"},"primaryImageOfPage":{"@id":"https:\/\/deseopatisserie.com\/de\/produkt\/weises-weihnachtsset\/#primaryimage"},"image":{"@id":"https:\/\/deseopatisserie.com\/de\/produkt\/weises-weihnachtsset\/#primaryimage"},"thumbnailUrl":"https:\/\/deseopatisserie.com\/\/wp-content\/uploads\/2024\/10\/2-1.jpg","datePublished":"2024-10-17T07:34:36+00:00","dateModified":"2025-04-02T13:34:27+00:00","breadcrumb":{"@id":"https:\/\/deseopatisserie.com\/de\/produkt\/weises-weihnachtsset\/#breadcrumb"},"inLanguage":"de","potentialAction":[{"@type":"ReadAction","target":["https:\/\/deseopatisserie.com\/de\/produkt\/weises-weihnachtsset\/"]}]},{"@type":"ImageObject","inLanguage":"de","@id":"https:\/\/deseopatisserie.com\/de\/produkt\/weises-weihnachtsset\/#primaryimage","url":"https:\/\/deseopatisserie.com\/\/wp-content\/uploads\/2024\/10\/2-1.jpg","contentUrl":"https:\/\/deseopatisserie.com\/\/wp-content\/uploads\/2024\/10\/2-1.jpg","width":1920,"height":1080,"caption":"Deseo-S\u0301wie\u0328ta-2024"},{"@type":"BreadcrumbList","@id":"https:\/\/deseopatisserie.com\/de\/produkt\/weises-weihnachtsset\/#breadcrumb","itemListElement":[{"@type":"ListItem","position":1,"name":"Strona g\u0142\u00f3wna","item":"https:\/\/deseopatisserie.com\/de\/homepage\/"},{"@type":"ListItem","position":2,"name":"Wei\u00dfes Weihnachtsset"}]},{"@type":"WebSite","@id":"https:\/\/deseopatisserie.com\/de\/#website","url":"https:\/\/deseopatisserie.com\/de\/","name":"DESEO","description":"Patisserie &amp; Chocolaterie","potentialAction":[{"@type":"SearchAction","target":{"@type":"EntryPoint","urlTemplate":"https:\/\/deseopatisserie.com\/de\/?s={search_term_string}"},"query-input":{"@type":"PropertyValueSpecification","valueRequired":true,"valueName":"search_term_string"}}],"inLanguage":"de"}]}},"_links":{"self":[{"href":"https:\/\/deseopatisserie.com\/de\/wp-json\/wp\/v2\/product\/92215","targetHints":{"allow":["GET"]}}],"collection":[{"href":"https:\/\/deseopatisserie.com\/de\/wp-json\/wp\/v2\/product"}],"about":[{"href":"https:\/\/deseopatisserie.com\/de\/wp-json\/wp\/v2\/types\/product"}],"wp:featuredmedia":[{"embeddable":true,"href":"https:\/\/deseopatisserie.com\/de\/wp-json\/wp\/v2\/media\/93452"}],"wp:attachment":[{"href":"https:\/\/deseopatisserie.com\/de\/wp-json\/wp\/v2\/media?parent=92215"}],"wp:term":[{"taxonomy":"product_brand","embeddable":true,"href":"https:\/\/deseopatisserie.com\/de\/wp-json\/wp\/v2\/product_brand?post=92215"},{"taxonomy":"product_cat","embeddable":true,"href":"https:\/\/deseopatisserie.com\/de\/wp-json\/wp\/v2\/product_cat?post=92215"},{"taxonomy":"product_tag","embeddable":true,"href":"https:\/\/deseopatisserie.com\/de\/wp-json\/wp\/v2\/product_tag?post=92215"}],"curies":[{"name":"wp","href":"https:\/\/api.w.org\/{rel}","templated":true}]}}