{"id":91891,"date":"2023-11-20T15:02:19","date_gmt":"2023-11-20T14:02:19","guid":{"rendered":"https:\/\/deseopatisserie.com\/produkt\/bean-to-bar-schokoladenset-aus-der-joy-linie-2\/"},"modified":"2025-04-02T15:37:57","modified_gmt":"2025-04-02T13:37:57","slug":"bean-to-bar-schokoladenset-aus-der-joy-linie-2","status":"publish","type":"product","link":"https:\/\/deseopatisserie.com\/de\/produkt\/bean-to-bar-schokoladenset-aus-der-joy-linie-2\/","title":{"rendered":"Bean-to-Bar-Schokoladenset aus der JOY-Linie"},"content":{"rendered":"","protected":false},"excerpt":{"rendered":"<p>Das perfekte Set f\u00fcr alle, die neue Geschmacksrichtungen lieben! F\u00fcr Sie oder als Geschenk f\u00fcr eine nahestehende Person, die Sie direkt an die Adresse des Beschenkten senden k\u00f6nnen. Im Set findest du einen vollst\u00e4ndigen Querschnitt unserer JOY Bean-to-Bar Schokoladensorten. Diese Linie wurde kreiert, um mit dem Geschmack zu spielen. Es soll vielf\u00e4ltig, interessant, f\u00fcr alle sein.    <\/p>\n<p>&nbsp;<\/p>\n<p><strong>Das Set enth\u00e4lt 6 verschiedene Bean-to-Bar-Schokoladen aus der JOY-Linie:<\/strong><\/p>\n<p>&nbsp;<\/p>\n<p><strong>1. Pistazie CRUNCHY Schokolade <\/strong>&#8211; ein Bestseller, der von allen Pistazienfans geliebt wird. HINWEIS: Es ist so gut, dass es s\u00fcchtig macht! <\/p>\n<p><strong>Die Pistazien-Knusperschokolade wurde zweimal von der Jury des prestigetr\u00e4chtigen Wettbewerbs International Chocolate Awards ausgezeichnet, dessen Hauptziel es ist, Unternehmen zu unterst\u00fctzen, die sich auf die Herstellung hochwertiger Schokoladenprodukte spezialisiert haben. In der Kategorie &#8222;Wei\u00dfe Schokolade mit F\u00fcllung oder Einschl\u00fcssen&#8220; erhielt unsere Schokolade im Jahr 2023 eine Silbermedaille und im Jahr 2022 eine Goldmedaille!   <\/strong><\/p>\n<p><strong>2. Himbeerschokolade<\/strong> &#8211; angenehm s\u00fc\u00df mit einem leicht s\u00e4uerlichen Nachgeschmack, geliebt von Kindern und Erwachsenen<\/p>\n<p><strong>3. Matcha Uji Intense Schokolade<\/strong> &#8211; ein Traum aus Japan in einer Tafel Schokolade. Wir haben die wei\u00dfe Bohne-to-Bar-Schokolade mit hochwertigem japanischem Matcha-Gr\u00fcntee versehen <\/p>\n<p><strong>4. Togo-Milchschokolade 42% mit Kaffee<\/strong> &#8211; dieses Mal haben wir Bean-to-Bar-Milchschokolade auf der Basis von Togo-Bohnen mit frisch gemahlenem Kaffee kombiniert. Diese Kombination macht die zarte Milchschokolade&#8230; Kralle. <\/p>\n<p><strong>5. Nicaragua Milchschokolade mit gefriergetrockneter schwarzer Johannisbeere<\/strong> &#8211; Milchiges Nicaragua ist ein subtiles Aroma, das einen gro\u00dfartigen Hintergrund f\u00fcr rosa-violette St\u00fccke gefriergetrockneter Johannisbeeren bietet.<\/p>\n<p><strong>6. Mexico Trockenschokolade 70%<\/strong> &#8211; hat einen dunklen Charakter, gro\u00dfe Tiefe, Aroma von Brombeeren und roten reifen Fr\u00fcchten.<\/p>\n","protected":false},"featured_media":85512,"template":"","meta":{"_acf_changed":false},"product_brand":[],"product_cat":[2608,1644,2609],"product_tag":[],"class_list":{"0":"post-91891","1":"product","2":"type-product","3":"status-publish","4":"has-post-thumbnail","6":"product_cat-bean-to-bar-pralinen","7":"product_cat-geschenksets","8":"product_cat-schokolade-snacks","10":"first","11":"instock","12":"taxable","13":"shipping-taxable","14":"purchasable","15":"product-type-yith_bundle"},"acf":[],"yoast_head":"<!-- This site is optimized with the Yoast SEO plugin v27.5 - https:\/\/yoast.com\/product\/yoast-seo-wordpress\/ -->\n<title>Set mit 6 Bean-to-Bar-Pralinen der Linie JOY - DESEO Warszawa<\/title>\n<meta name=\"description\" content=\"Ein Set mit 6 Bean-to-Bar-Pralinen aus der Linie JOY ist ein wunderbares Spiel mit dem Geschmack. Von trockenen Getreidesorten aus Mexiko, \u00fcber Matcha, Himbeere bis hin zu Pistazien knackig.\" \/>\n<meta name=\"robots\" content=\"index, follow, max-snippet:-1, max-image-preview:large, max-video-preview:-1\" \/>\n<link rel=\"canonical\" href=\"https:\/\/deseopatisserie.com\/de\/produkt\/bean-to-bar-schokoladenset-aus-der-joy-linie-2\/\" \/>\n<meta property=\"og:locale\" content=\"de_DE\" \/>\n<meta property=\"og:type\" content=\"article\" \/>\n<meta property=\"og:title\" content=\"Set mit 6 Bean-to-Bar-Pralinen aus der Linie JOY\" \/>\n<meta property=\"og:description\" content=\"Ein Set mit 6 Bean-to-Bar-Pralinen aus der Linie JOY ist ein wunderbares Spiel mit dem Geschmack. Von trockenen Getreidesorten aus Mexiko, \u00fcber Matcha, Himbeere bis hin zu Pistazien knackig.\" \/>\n<meta property=\"og:url\" content=\"https:\/\/deseopatisserie.com\/de\/produkt\/bean-to-bar-schokoladenset-aus-der-joy-linie-2\/\" \/>\n<meta property=\"og:site_name\" content=\"DESEO\" \/>\n<meta property=\"article:modified_time\" content=\"2025-04-02T13:37:57+00:00\" \/>\n<meta property=\"og:image\" content=\"https:\/\/deseopatisserie.com\/wp-content\/uploads\/2023\/11\/czekolady-JOY-zestaw-6-600x400-1.jpg\" \/>\n<meta name=\"twitter:card\" content=\"summary_large_image\" \/>\n<script type=\"application\/ld+json\" class=\"yoast-schema-graph\">{\"@context\":\"https:\\\/\\\/schema.org\",\"@graph\":[{\"@type\":\"WebPage\",\"@id\":\"https:\\\/\\\/deseopatisserie.com\\\/de\\\/produkt\\\/bean-to-bar-schokoladenset-aus-der-joy-linie-2\\\/\",\"url\":\"https:\\\/\\\/deseopatisserie.com\\\/de\\\/produkt\\\/bean-to-bar-schokoladenset-aus-der-joy-linie-2\\\/\",\"name\":\"Set mit 6 Bean-to-Bar-Pralinen der Linie JOY - DESEO Warszawa\",\"isPartOf\":{\"@id\":\"https:\\\/\\\/deseopatisserie.com\\\/de\\\/#website\"},\"primaryImageOfPage\":{\"@id\":\"https:\\\/\\\/deseopatisserie.com\\\/de\\\/produkt\\\/bean-to-bar-schokoladenset-aus-der-joy-linie-2\\\/#primaryimage\"},\"image\":{\"@id\":\"https:\\\/\\\/deseopatisserie.com\\\/de\\\/produkt\\\/bean-to-bar-schokoladenset-aus-der-joy-linie-2\\\/#primaryimage\"},\"thumbnailUrl\":\"https:\\\/\\\/deseopatisserie.com\\\/\\\/wp-content\\\/uploads\\\/2023\\\/11\\\/czekolady-JOY-zestaw-6-600x400-1.jpg\",\"datePublished\":\"2023-11-20T14:02:19+00:00\",\"dateModified\":\"2025-04-02T13:37:57+00:00\",\"description\":\"Ein Set mit 6 Bean-to-Bar-Pralinen aus der Linie JOY ist ein wunderbares Spiel mit dem Geschmack. Von trockenen Getreidesorten aus Mexiko, \u00fcber Matcha, Himbeere bis hin zu Pistazien knackig.\",\"breadcrumb\":{\"@id\":\"https:\\\/\\\/deseopatisserie.com\\\/de\\\/produkt\\\/bean-to-bar-schokoladenset-aus-der-joy-linie-2\\\/#breadcrumb\"},\"inLanguage\":\"de\",\"potentialAction\":[{\"@type\":\"ReadAction\",\"target\":[\"https:\\\/\\\/deseopatisserie.com\\\/de\\\/produkt\\\/bean-to-bar-schokoladenset-aus-der-joy-linie-2\\\/\"]}]},{\"@type\":\"ImageObject\",\"inLanguage\":\"de\",\"@id\":\"https:\\\/\\\/deseopatisserie.com\\\/de\\\/produkt\\\/bean-to-bar-schokoladenset-aus-der-joy-linie-2\\\/#primaryimage\",\"url\":\"https:\\\/\\\/deseopatisserie.com\\\/\\\/wp-content\\\/uploads\\\/2023\\\/11\\\/czekolady-JOY-zestaw-6-600x400-1.jpg\",\"contentUrl\":\"https:\\\/\\\/deseopatisserie.com\\\/\\\/wp-content\\\/uploads\\\/2023\\\/11\\\/czekolady-JOY-zestaw-6-600x400-1.jpg\",\"width\":600,\"height\":400},{\"@type\":\"BreadcrumbList\",\"@id\":\"https:\\\/\\\/deseopatisserie.com\\\/de\\\/produkt\\\/bean-to-bar-schokoladenset-aus-der-joy-linie-2\\\/#breadcrumb\",\"itemListElement\":[{\"@type\":\"ListItem\",\"position\":1,\"name\":\"Strona g\u0142\u00f3wna\",\"item\":\"https:\\\/\\\/deseopatisserie.com\\\/de\\\/homepage\\\/\"},{\"@type\":\"ListItem\",\"position\":2,\"name\":\"Bean-to-Bar-Schokoladenset aus der JOY-Linie\"}]},{\"@type\":\"WebSite\",\"@id\":\"https:\\\/\\\/deseopatisserie.com\\\/de\\\/#website\",\"url\":\"https:\\\/\\\/deseopatisserie.com\\\/de\\\/\",\"name\":\"DESEO\",\"description\":\"Patisserie &amp; Chocolaterie\",\"potentialAction\":[{\"@type\":\"SearchAction\",\"target\":{\"@type\":\"EntryPoint\",\"urlTemplate\":\"https:\\\/\\\/deseopatisserie.com\\\/de\\\/?s={search_term_string}\"},\"query-input\":{\"@type\":\"PropertyValueSpecification\",\"valueRequired\":true,\"valueName\":\"search_term_string\"}}],\"inLanguage\":\"de\"}]}<\/script>\n<!-- \/ Yoast SEO plugin. -->","yoast_head_json":{"title":"Set mit 6 Bean-to-Bar-Pralinen der Linie JOY - DESEO Warszawa","description":"Ein Set mit 6 Bean-to-Bar-Pralinen aus der Linie JOY ist ein wunderbares Spiel mit dem Geschmack. Von trockenen Getreidesorten aus Mexiko, \u00fcber Matcha, Himbeere bis hin zu Pistazien knackig.","robots":{"index":"index","follow":"follow","max-snippet":"max-snippet:-1","max-image-preview":"max-image-preview:large","max-video-preview":"max-video-preview:-1"},"canonical":"https:\/\/deseopatisserie.com\/de\/produkt\/bean-to-bar-schokoladenset-aus-der-joy-linie-2\/","og_locale":"de_DE","og_type":"article","og_title":"Set mit 6 Bean-to-Bar-Pralinen aus der Linie JOY","og_description":"Ein Set mit 6 Bean-to-Bar-Pralinen aus der Linie JOY ist ein wunderbares Spiel mit dem Geschmack. Von trockenen Getreidesorten aus Mexiko, \u00fcber Matcha, Himbeere bis hin zu Pistazien knackig.","og_url":"https:\/\/deseopatisserie.com\/de\/produkt\/bean-to-bar-schokoladenset-aus-der-joy-linie-2\/","og_site_name":"DESEO","article_modified_time":"2025-04-02T13:37:57+00:00","og_image":[{"url":"https:\/\/deseopatisserie.com\/wp-content\/uploads\/2023\/11\/czekolady-JOY-zestaw-6-600x400-1.jpg","type":"","width":"","height":""}],"twitter_card":"summary_large_image","schema":{"@context":"https:\/\/schema.org","@graph":[{"@type":"WebPage","@id":"https:\/\/deseopatisserie.com\/de\/produkt\/bean-to-bar-schokoladenset-aus-der-joy-linie-2\/","url":"https:\/\/deseopatisserie.com\/de\/produkt\/bean-to-bar-schokoladenset-aus-der-joy-linie-2\/","name":"Set mit 6 Bean-to-Bar-Pralinen der Linie JOY - DESEO Warszawa","isPartOf":{"@id":"https:\/\/deseopatisserie.com\/de\/#website"},"primaryImageOfPage":{"@id":"https:\/\/deseopatisserie.com\/de\/produkt\/bean-to-bar-schokoladenset-aus-der-joy-linie-2\/#primaryimage"},"image":{"@id":"https:\/\/deseopatisserie.com\/de\/produkt\/bean-to-bar-schokoladenset-aus-der-joy-linie-2\/#primaryimage"},"thumbnailUrl":"https:\/\/deseopatisserie.com\/\/wp-content\/uploads\/2023\/11\/czekolady-JOY-zestaw-6-600x400-1.jpg","datePublished":"2023-11-20T14:02:19+00:00","dateModified":"2025-04-02T13:37:57+00:00","description":"Ein Set mit 6 Bean-to-Bar-Pralinen aus der Linie JOY ist ein wunderbares Spiel mit dem Geschmack. Von trockenen Getreidesorten aus Mexiko, \u00fcber Matcha, Himbeere bis hin zu Pistazien knackig.","breadcrumb":{"@id":"https:\/\/deseopatisserie.com\/de\/produkt\/bean-to-bar-schokoladenset-aus-der-joy-linie-2\/#breadcrumb"},"inLanguage":"de","potentialAction":[{"@type":"ReadAction","target":["https:\/\/deseopatisserie.com\/de\/produkt\/bean-to-bar-schokoladenset-aus-der-joy-linie-2\/"]}]},{"@type":"ImageObject","inLanguage":"de","@id":"https:\/\/deseopatisserie.com\/de\/produkt\/bean-to-bar-schokoladenset-aus-der-joy-linie-2\/#primaryimage","url":"https:\/\/deseopatisserie.com\/\/wp-content\/uploads\/2023\/11\/czekolady-JOY-zestaw-6-600x400-1.jpg","contentUrl":"https:\/\/deseopatisserie.com\/\/wp-content\/uploads\/2023\/11\/czekolady-JOY-zestaw-6-600x400-1.jpg","width":600,"height":400},{"@type":"BreadcrumbList","@id":"https:\/\/deseopatisserie.com\/de\/produkt\/bean-to-bar-schokoladenset-aus-der-joy-linie-2\/#breadcrumb","itemListElement":[{"@type":"ListItem","position":1,"name":"Strona g\u0142\u00f3wna","item":"https:\/\/deseopatisserie.com\/de\/homepage\/"},{"@type":"ListItem","position":2,"name":"Bean-to-Bar-Schokoladenset aus der JOY-Linie"}]},{"@type":"WebSite","@id":"https:\/\/deseopatisserie.com\/de\/#website","url":"https:\/\/deseopatisserie.com\/de\/","name":"DESEO","description":"Patisserie &amp; Chocolaterie","potentialAction":[{"@type":"SearchAction","target":{"@type":"EntryPoint","urlTemplate":"https:\/\/deseopatisserie.com\/de\/?s={search_term_string}"},"query-input":{"@type":"PropertyValueSpecification","valueRequired":true,"valueName":"search_term_string"}}],"inLanguage":"de"}]}},"_links":{"self":[{"href":"https:\/\/deseopatisserie.com\/de\/wp-json\/wp\/v2\/product\/91891","targetHints":{"allow":["GET"]}}],"collection":[{"href":"https:\/\/deseopatisserie.com\/de\/wp-json\/wp\/v2\/product"}],"about":[{"href":"https:\/\/deseopatisserie.com\/de\/wp-json\/wp\/v2\/types\/product"}],"wp:featuredmedia":[{"embeddable":true,"href":"https:\/\/deseopatisserie.com\/de\/wp-json\/wp\/v2\/media\/85512"}],"wp:attachment":[{"href":"https:\/\/deseopatisserie.com\/de\/wp-json\/wp\/v2\/media?parent=91891"}],"wp:term":[{"taxonomy":"product_brand","embeddable":true,"href":"https:\/\/deseopatisserie.com\/de\/wp-json\/wp\/v2\/product_brand?post=91891"},{"taxonomy":"product_cat","embeddable":true,"href":"https:\/\/deseopatisserie.com\/de\/wp-json\/wp\/v2\/product_cat?post=91891"},{"taxonomy":"product_tag","embeddable":true,"href":"https:\/\/deseopatisserie.com\/de\/wp-json\/wp\/v2\/product_tag?post=91891"}],"curies":[{"name":"wp","href":"https:\/\/api.w.org\/{rel}","templated":true}]}}