{"id":91884,"date":"2023-12-01T15:13:29","date_gmt":"2023-12-01T14:13:29","guid":{"rendered":"https:\/\/deseopatisserie.com\/produkt\/weihnachten-supreme\/"},"modified":"2025-04-02T15:37:56","modified_gmt":"2025-04-02T13:37:56","slug":"weihnachten-supreme","status":"publish","type":"product","link":"https:\/\/deseopatisserie.com\/de\/produkt\/weihnachten-supreme\/","title":{"rendered":"Weihnachten Supreme"},"content":{"rendered":"","protected":false},"excerpt":{"rendered":"<p>Lebkuchencreme auf wei\u00dfer Schokolade \/ Pflaumenmarmelade \/ Schneeflocken aus wei\u00dfer Schokolade<\/p>\n<p>Dieses Croissant schmeckt nach Weihnachten!<\/p>\n<p>Darin versteckten wir Lebkuchencreme auf wei\u00dfer Schokolade und den traditionellen Geschmack von Weihnachten, d.h. Pflaumenmarmelade. Das Ganze haben wir mit wei\u00dfer Schokolade und Schneeflocken dekoriert, die von unseren Konditoren hergestellt wurden. <\/p>\n<p>Die Quintessenz des Dezembers!  <span class=\"x3nfvp2 x1j61x8r x1fcty0u xdj266r xhhsvwb xat24cr xgzva0m xxymvpz xlup9mm x1kky2od\"><img loading=\"lazy\" decoding=\"async\" class=\"xz74otr\" src=\"https:\/\/static.xx.fbcdn.net\/images\/emoji.php\/v9\/ta5\/1.5\/16\/1f642.png\" alt=\"\ud83d\ude42\" width=\"16\" height=\"16\"><\/span><\/p>\n","protected":false},"featured_media":84509,"template":"","meta":{"_acf_changed":false},"product_brand":[],"product_cat":[1866,2841,2008],"product_tag":[],"class_list":{"0":"post-91884","1":"product","2":"type-product","3":"status-publish","4":"has-post-thumbnail","6":"product_cat-croissants-de","7":"product_cat-neuheiten","8":"product_cat-weihnachten","10":"first","11":"outofstock","12":"taxable","13":"shipping-taxable","14":"purchasable","15":"product-type-simple"},"acf":[],"yoast_head":"<!-- This site is optimized with the Yoast SEO plugin v27.5 - https:\/\/yoast.com\/product\/yoast-seo-wordpress\/ -->\n<title>Weihnachten Supreme - Cukiernia DESEO Warszawa<\/title>\n<meta name=\"robots\" content=\"index, follow, max-snippet:-1, max-image-preview:large, max-video-preview:-1\" \/>\n<link rel=\"canonical\" href=\"https:\/\/deseopatisserie.com\/de\/produkt\/weihnachten-supreme\/\" \/>\n<meta property=\"og:locale\" content=\"de_DE\" \/>\n<meta property=\"og:type\" content=\"article\" \/>\n<meta property=\"og:title\" content=\"Weihnachten Supreme - Cukiernia DESEO Warszawa\" \/>\n<meta property=\"og:description\" content=\"Lebkuchencreme auf wei\u00dfer Schokolade \/ Pflaumenmarmelade \/ Schneeflocken aus wei\u00dfer Schokolade Dieses Croissant schmeckt nach Weihnachten! Darin versteckten wir Lebkuchencreme auf wei\u00dfer Schokolade und den traditionellen Geschmack von Weihnachten, d.h. Pflaumenmarmelade. Das Ganze haben wir mit wei\u00dfer Schokolade und Schneeflocken dekoriert, die von unseren Konditoren hergestellt wurden.  Die Quintessenz des Dezembers!\" \/>\n<meta property=\"og:url\" content=\"https:\/\/deseopatisserie.com\/de\/produkt\/weihnachten-supreme\/\" \/>\n<meta property=\"og:site_name\" content=\"DESEO\" \/>\n<meta property=\"article:modified_time\" content=\"2025-04-02T13:37:56+00:00\" \/>\n<meta property=\"og:image\" content=\"https:\/\/deseopatisserie.com\/\/wp-content\/uploads\/2023\/12\/Deseo-swieta-francuskie-2023-6973.jpg\" \/>\n\t<meta property=\"og:image:width\" content=\"2000\" \/>\n\t<meta property=\"og:image:height\" content=\"1333\" \/>\n\t<meta property=\"og:image:type\" content=\"image\/jpeg\" \/>\n<meta name=\"twitter:card\" content=\"summary_large_image\" \/>\n<script type=\"application\/ld+json\" class=\"yoast-schema-graph\">{\"@context\":\"https:\\\/\\\/schema.org\",\"@graph\":[{\"@type\":\"WebPage\",\"@id\":\"https:\\\/\\\/deseopatisserie.com\\\/de\\\/produkt\\\/weihnachten-supreme\\\/\",\"url\":\"https:\\\/\\\/deseopatisserie.com\\\/de\\\/produkt\\\/weihnachten-supreme\\\/\",\"name\":\"Weihnachten Supreme - Cukiernia DESEO Warszawa\",\"isPartOf\":{\"@id\":\"https:\\\/\\\/deseopatisserie.com\\\/de\\\/#website\"},\"primaryImageOfPage\":{\"@id\":\"https:\\\/\\\/deseopatisserie.com\\\/de\\\/produkt\\\/weihnachten-supreme\\\/#primaryimage\"},\"image\":{\"@id\":\"https:\\\/\\\/deseopatisserie.com\\\/de\\\/produkt\\\/weihnachten-supreme\\\/#primaryimage\"},\"thumbnailUrl\":\"https:\\\/\\\/deseopatisserie.com\\\/\\\/wp-content\\\/uploads\\\/2023\\\/12\\\/Deseo-swieta-francuskie-2023-6973.jpg\",\"datePublished\":\"2023-12-01T14:13:29+00:00\",\"dateModified\":\"2025-04-02T13:37:56+00:00\",\"breadcrumb\":{\"@id\":\"https:\\\/\\\/deseopatisserie.com\\\/de\\\/produkt\\\/weihnachten-supreme\\\/#breadcrumb\"},\"inLanguage\":\"de\",\"potentialAction\":[{\"@type\":\"ReadAction\",\"target\":[\"https:\\\/\\\/deseopatisserie.com\\\/de\\\/produkt\\\/weihnachten-supreme\\\/\"]}]},{\"@type\":\"ImageObject\",\"inLanguage\":\"de\",\"@id\":\"https:\\\/\\\/deseopatisserie.com\\\/de\\\/produkt\\\/weihnachten-supreme\\\/#primaryimage\",\"url\":\"https:\\\/\\\/deseopatisserie.com\\\/\\\/wp-content\\\/uploads\\\/2023\\\/12\\\/Deseo-swieta-francuskie-2023-6973.jpg\",\"contentUrl\":\"https:\\\/\\\/deseopatisserie.com\\\/\\\/wp-content\\\/uploads\\\/2023\\\/12\\\/Deseo-swieta-francuskie-2023-6973.jpg\",\"width\":2000,\"height\":1333},{\"@type\":\"BreadcrumbList\",\"@id\":\"https:\\\/\\\/deseopatisserie.com\\\/de\\\/produkt\\\/weihnachten-supreme\\\/#breadcrumb\",\"itemListElement\":[{\"@type\":\"ListItem\",\"position\":1,\"name\":\"Strona g\u0142\u00f3wna\",\"item\":\"https:\\\/\\\/deseopatisserie.com\\\/de\\\/homepage\\\/\"},{\"@type\":\"ListItem\",\"position\":2,\"name\":\"Prywatne: Weihnachten Supreme\"}]},{\"@type\":\"WebSite\",\"@id\":\"https:\\\/\\\/deseopatisserie.com\\\/de\\\/#website\",\"url\":\"https:\\\/\\\/deseopatisserie.com\\\/de\\\/\",\"name\":\"DESEO\",\"description\":\"Patisserie &amp; Chocolaterie\",\"potentialAction\":[{\"@type\":\"SearchAction\",\"target\":{\"@type\":\"EntryPoint\",\"urlTemplate\":\"https:\\\/\\\/deseopatisserie.com\\\/de\\\/?s={search_term_string}\"},\"query-input\":{\"@type\":\"PropertyValueSpecification\",\"valueRequired\":true,\"valueName\":\"search_term_string\"}}],\"inLanguage\":\"de\"}]}<\/script>\n<!-- \/ Yoast SEO plugin. -->","yoast_head_json":{"title":"Weihnachten Supreme - Cukiernia DESEO Warszawa","robots":{"index":"index","follow":"follow","max-snippet":"max-snippet:-1","max-image-preview":"max-image-preview:large","max-video-preview":"max-video-preview:-1"},"canonical":"https:\/\/deseopatisserie.com\/de\/produkt\/weihnachten-supreme\/","og_locale":"de_DE","og_type":"article","og_title":"Weihnachten Supreme - Cukiernia DESEO Warszawa","og_description":"Lebkuchencreme auf wei\u00dfer Schokolade \/ Pflaumenmarmelade \/ Schneeflocken aus wei\u00dfer Schokolade Dieses Croissant schmeckt nach Weihnachten! Darin versteckten wir Lebkuchencreme auf wei\u00dfer Schokolade und den traditionellen Geschmack von Weihnachten, d.h. Pflaumenmarmelade. Das Ganze haben wir mit wei\u00dfer Schokolade und Schneeflocken dekoriert, die von unseren Konditoren hergestellt wurden.  Die Quintessenz des Dezembers!","og_url":"https:\/\/deseopatisserie.com\/de\/produkt\/weihnachten-supreme\/","og_site_name":"DESEO","article_modified_time":"2025-04-02T13:37:56+00:00","og_image":[{"width":2000,"height":1333,"url":"https:\/\/deseopatisserie.com\/\/wp-content\/uploads\/2023\/12\/Deseo-swieta-francuskie-2023-6973.jpg","type":"image\/jpeg"}],"twitter_card":"summary_large_image","schema":{"@context":"https:\/\/schema.org","@graph":[{"@type":"WebPage","@id":"https:\/\/deseopatisserie.com\/de\/produkt\/weihnachten-supreme\/","url":"https:\/\/deseopatisserie.com\/de\/produkt\/weihnachten-supreme\/","name":"Weihnachten Supreme - Cukiernia DESEO Warszawa","isPartOf":{"@id":"https:\/\/deseopatisserie.com\/de\/#website"},"primaryImageOfPage":{"@id":"https:\/\/deseopatisserie.com\/de\/produkt\/weihnachten-supreme\/#primaryimage"},"image":{"@id":"https:\/\/deseopatisserie.com\/de\/produkt\/weihnachten-supreme\/#primaryimage"},"thumbnailUrl":"https:\/\/deseopatisserie.com\/\/wp-content\/uploads\/2023\/12\/Deseo-swieta-francuskie-2023-6973.jpg","datePublished":"2023-12-01T14:13:29+00:00","dateModified":"2025-04-02T13:37:56+00:00","breadcrumb":{"@id":"https:\/\/deseopatisserie.com\/de\/produkt\/weihnachten-supreme\/#breadcrumb"},"inLanguage":"de","potentialAction":[{"@type":"ReadAction","target":["https:\/\/deseopatisserie.com\/de\/produkt\/weihnachten-supreme\/"]}]},{"@type":"ImageObject","inLanguage":"de","@id":"https:\/\/deseopatisserie.com\/de\/produkt\/weihnachten-supreme\/#primaryimage","url":"https:\/\/deseopatisserie.com\/\/wp-content\/uploads\/2023\/12\/Deseo-swieta-francuskie-2023-6973.jpg","contentUrl":"https:\/\/deseopatisserie.com\/\/wp-content\/uploads\/2023\/12\/Deseo-swieta-francuskie-2023-6973.jpg","width":2000,"height":1333},{"@type":"BreadcrumbList","@id":"https:\/\/deseopatisserie.com\/de\/produkt\/weihnachten-supreme\/#breadcrumb","itemListElement":[{"@type":"ListItem","position":1,"name":"Strona g\u0142\u00f3wna","item":"https:\/\/deseopatisserie.com\/de\/homepage\/"},{"@type":"ListItem","position":2,"name":"Prywatne: Weihnachten Supreme"}]},{"@type":"WebSite","@id":"https:\/\/deseopatisserie.com\/de\/#website","url":"https:\/\/deseopatisserie.com\/de\/","name":"DESEO","description":"Patisserie &amp; Chocolaterie","potentialAction":[{"@type":"SearchAction","target":{"@type":"EntryPoint","urlTemplate":"https:\/\/deseopatisserie.com\/de\/?s={search_term_string}"},"query-input":{"@type":"PropertyValueSpecification","valueRequired":true,"valueName":"search_term_string"}}],"inLanguage":"de"}]}},"_links":{"self":[{"href":"https:\/\/deseopatisserie.com\/de\/wp-json\/wp\/v2\/product\/91884","targetHints":{"allow":["GET"]}}],"collection":[{"href":"https:\/\/deseopatisserie.com\/de\/wp-json\/wp\/v2\/product"}],"about":[{"href":"https:\/\/deseopatisserie.com\/de\/wp-json\/wp\/v2\/types\/product"}],"wp:featuredmedia":[{"embeddable":true,"href":"https:\/\/deseopatisserie.com\/de\/wp-json\/wp\/v2\/media\/84509"}],"wp:attachment":[{"href":"https:\/\/deseopatisserie.com\/de\/wp-json\/wp\/v2\/media?parent=91884"}],"wp:term":[{"taxonomy":"product_brand","embeddable":true,"href":"https:\/\/deseopatisserie.com\/de\/wp-json\/wp\/v2\/product_brand?post=91884"},{"taxonomy":"product_cat","embeddable":true,"href":"https:\/\/deseopatisserie.com\/de\/wp-json\/wp\/v2\/product_cat?post=91884"},{"taxonomy":"product_tag","embeddable":true,"href":"https:\/\/deseopatisserie.com\/de\/wp-json\/wp\/v2\/product_tag?post=91884"}],"curies":[{"name":"wp","href":"https:\/\/api.w.org\/{rel}","templated":true}]}}