{"id":91868,"date":"2023-05-26T12:39:47","date_gmt":"2023-05-26T10:39:47","guid":{"rendered":"https:\/\/deseopatisserie.com\/produkt\/kruemelmonster\/"},"modified":"2023-05-26T12:39:47","modified_gmt":"2023-05-26T10:39:47","slug":"kruemelmonster","status":"publish","type":"product","link":"https:\/\/deseopatisserie.com\/de\/produkt\/kruemelmonster\/","title":{"rendered":"Kr\u00fcmelmonster"},"content":{"rendered":"","protected":false},"excerpt":{"rendered":"<p>Himbeermousse \/ Himbeermarmelade mit Bergamotte \/ Vanille-Mini-K\u00e4sekuchen \/ zarter Joconde-Biskuit mit Limette<\/p>\n<p>&nbsp;<\/p>\n<p>Du kennst Bella bereits! Aber das Kr\u00fcmelmonster tut das nicht! \ud83d\ude42 Darin haben wir Himbeermousse, Himbeermarmelade und Mini-Vanille-K\u00e4sekuchen versteckt, eine der beliebtesten Geschmacksrichtungen von Kindern! Diesmal haben wir die Torte in Blau dekoriert und mit &#8222;Haaren&#8220; verziert, genau wie das ber\u00fchmte Kr\u00fcmelmonster! Unserer hat Augen aus Schokolade, und in seinem Gesicht einen knusprigen Kuchen mit ger\u00f6steter wei\u00dfer Schokolade.    <\/p>\n<p>&nbsp;<\/p>\n","protected":false},"featured_media":84197,"template":"","meta":{"_acf_changed":false},"product_brand":[],"product_cat":[2700,2841,1750],"product_tag":[],"class_list":{"0":"post-91868","1":"product","2":"type-product","3":"status-publish","4":"has-post-thumbnail","6":"product_cat-kindertag","7":"product_cat-neuheiten","8":"product_cat-petit-gateau-kekse","10":"first","11":"outofstock","12":"taxable","13":"shipping-taxable","14":"purchasable","15":"product-type-simple"},"acf":[],"yoast_head":"<!-- This site is optimized with the Yoast SEO plugin v27.4 - https:\/\/yoast.com\/product\/yoast-seo-wordpress\/ -->\n<title>Kr\u00fcmelmonster - DESEO Confectionery Warschau<\/title>\n<meta name=\"description\" content=\"Kr\u00fcmelmonster ist verr\u00fcckt und sehr blau! :) Aber innen begeistert es mit Himbeermousse und Himbeerf\u00fcllung! Zum Kindertag bei DESEO!\" \/>\n<meta name=\"robots\" content=\"index, follow, max-snippet:-1, max-image-preview:large, max-video-preview:-1\" \/>\n<link rel=\"canonical\" href=\"https:\/\/deseopatisserie.com\/de\/produkt\/kruemelmonster\/\" \/>\n<meta property=\"og:locale\" content=\"de_DE\" \/>\n<meta property=\"og:type\" content=\"article\" \/>\n<meta property=\"og:title\" content=\"Kr\u00fcmelmonster\" \/>\n<meta property=\"og:description\" content=\"Kr\u00fcmelmonster ist verr\u00fcckt und sehr blau! :) Aber innen begeistert es mit Himbeermousse und Himbeerf\u00fcllung! Zum Kindertag bei DESEO!\" \/>\n<meta property=\"og:url\" content=\"https:\/\/deseopatisserie.com\/de\/produkt\/kruemelmonster\/\" \/>\n<meta property=\"og:site_name\" content=\"DESEO\" \/>\n<meta property=\"og:image\" content=\"https:\/\/deseopatisserie.com\/wp-content\/uploads\/2023\/05\/DESEO-Cookie-Monster_5-1024x683.jpg\" \/>\n<meta name=\"twitter:card\" content=\"summary_large_image\" \/>\n<script type=\"application\/ld+json\" class=\"yoast-schema-graph\">{\"@context\":\"https:\\\/\\\/schema.org\",\"@graph\":[{\"@type\":\"WebPage\",\"@id\":\"https:\\\/\\\/deseopatisserie.com\\\/de\\\/produkt\\\/kruemelmonster\\\/\",\"url\":\"https:\\\/\\\/deseopatisserie.com\\\/de\\\/produkt\\\/kruemelmonster\\\/\",\"name\":\"Kr\u00fcmelmonster - DESEO Confectionery Warschau\",\"isPartOf\":{\"@id\":\"https:\\\/\\\/deseopatisserie.com\\\/de\\\/#website\"},\"primaryImageOfPage\":{\"@id\":\"https:\\\/\\\/deseopatisserie.com\\\/de\\\/produkt\\\/kruemelmonster\\\/#primaryimage\"},\"image\":{\"@id\":\"https:\\\/\\\/deseopatisserie.com\\\/de\\\/produkt\\\/kruemelmonster\\\/#primaryimage\"},\"thumbnailUrl\":\"https:\\\/\\\/deseopatisserie.com\\\/\\\/wp-content\\\/uploads\\\/2023\\\/05\\\/DESEO_Cookie-Monster_1-scaled.jpg\",\"datePublished\":\"2023-05-26T10:39:47+00:00\",\"description\":\"Kr\u00fcmelmonster ist verr\u00fcckt und sehr blau! :) Aber innen begeistert es mit Himbeermousse und Himbeerf\u00fcllung! Zum Kindertag bei DESEO!\",\"breadcrumb\":{\"@id\":\"https:\\\/\\\/deseopatisserie.com\\\/de\\\/produkt\\\/kruemelmonster\\\/#breadcrumb\"},\"inLanguage\":\"de\",\"potentialAction\":[{\"@type\":\"ReadAction\",\"target\":[\"https:\\\/\\\/deseopatisserie.com\\\/de\\\/produkt\\\/kruemelmonster\\\/\"]}]},{\"@type\":\"ImageObject\",\"inLanguage\":\"de\",\"@id\":\"https:\\\/\\\/deseopatisserie.com\\\/de\\\/produkt\\\/kruemelmonster\\\/#primaryimage\",\"url\":\"https:\\\/\\\/deseopatisserie.com\\\/\\\/wp-content\\\/uploads\\\/2023\\\/05\\\/DESEO_Cookie-Monster_1-scaled.jpg\",\"contentUrl\":\"https:\\\/\\\/deseopatisserie.com\\\/\\\/wp-content\\\/uploads\\\/2023\\\/05\\\/DESEO_Cookie-Monster_1-scaled.jpg\",\"width\":2560,\"height\":1707},{\"@type\":\"BreadcrumbList\",\"@id\":\"https:\\\/\\\/deseopatisserie.com\\\/de\\\/produkt\\\/kruemelmonster\\\/#breadcrumb\",\"itemListElement\":[{\"@type\":\"ListItem\",\"position\":1,\"name\":\"Strona g\u0142\u00f3wna\",\"item\":\"https:\\\/\\\/deseopatisserie.com\\\/de\\\/homepage\\\/\"},{\"@type\":\"ListItem\",\"position\":2,\"name\":\"Kr\u00fcmelmonster\"}]},{\"@type\":\"WebSite\",\"@id\":\"https:\\\/\\\/deseopatisserie.com\\\/de\\\/#website\",\"url\":\"https:\\\/\\\/deseopatisserie.com\\\/de\\\/\",\"name\":\"DESEO\",\"description\":\"Patisserie &amp; Chocolaterie\",\"potentialAction\":[{\"@type\":\"SearchAction\",\"target\":{\"@type\":\"EntryPoint\",\"urlTemplate\":\"https:\\\/\\\/deseopatisserie.com\\\/de\\\/?s={search_term_string}\"},\"query-input\":{\"@type\":\"PropertyValueSpecification\",\"valueRequired\":true,\"valueName\":\"search_term_string\"}}],\"inLanguage\":\"de\"}]}<\/script>\n<!-- \/ Yoast SEO plugin. -->","yoast_head_json":{"title":"Kr\u00fcmelmonster - DESEO Confectionery Warschau","description":"Kr\u00fcmelmonster ist verr\u00fcckt und sehr blau! :) Aber innen begeistert es mit Himbeermousse und Himbeerf\u00fcllung! Zum Kindertag bei DESEO!","robots":{"index":"index","follow":"follow","max-snippet":"max-snippet:-1","max-image-preview":"max-image-preview:large","max-video-preview":"max-video-preview:-1"},"canonical":"https:\/\/deseopatisserie.com\/de\/produkt\/kruemelmonster\/","og_locale":"de_DE","og_type":"article","og_title":"Kr\u00fcmelmonster","og_description":"Kr\u00fcmelmonster ist verr\u00fcckt und sehr blau! :) Aber innen begeistert es mit Himbeermousse und Himbeerf\u00fcllung! Zum Kindertag bei DESEO!","og_url":"https:\/\/deseopatisserie.com\/de\/produkt\/kruemelmonster\/","og_site_name":"DESEO","og_image":[{"url":"https:\/\/deseopatisserie.com\/wp-content\/uploads\/2023\/05\/DESEO-Cookie-Monster_5-1024x683.jpg","type":"","width":"","height":""}],"twitter_card":"summary_large_image","schema":{"@context":"https:\/\/schema.org","@graph":[{"@type":"WebPage","@id":"https:\/\/deseopatisserie.com\/de\/produkt\/kruemelmonster\/","url":"https:\/\/deseopatisserie.com\/de\/produkt\/kruemelmonster\/","name":"Kr\u00fcmelmonster - DESEO Confectionery Warschau","isPartOf":{"@id":"https:\/\/deseopatisserie.com\/de\/#website"},"primaryImageOfPage":{"@id":"https:\/\/deseopatisserie.com\/de\/produkt\/kruemelmonster\/#primaryimage"},"image":{"@id":"https:\/\/deseopatisserie.com\/de\/produkt\/kruemelmonster\/#primaryimage"},"thumbnailUrl":"https:\/\/deseopatisserie.com\/\/wp-content\/uploads\/2023\/05\/DESEO_Cookie-Monster_1-scaled.jpg","datePublished":"2023-05-26T10:39:47+00:00","description":"Kr\u00fcmelmonster ist verr\u00fcckt und sehr blau! :) Aber innen begeistert es mit Himbeermousse und Himbeerf\u00fcllung! Zum Kindertag bei DESEO!","breadcrumb":{"@id":"https:\/\/deseopatisserie.com\/de\/produkt\/kruemelmonster\/#breadcrumb"},"inLanguage":"de","potentialAction":[{"@type":"ReadAction","target":["https:\/\/deseopatisserie.com\/de\/produkt\/kruemelmonster\/"]}]},{"@type":"ImageObject","inLanguage":"de","@id":"https:\/\/deseopatisserie.com\/de\/produkt\/kruemelmonster\/#primaryimage","url":"https:\/\/deseopatisserie.com\/\/wp-content\/uploads\/2023\/05\/DESEO_Cookie-Monster_1-scaled.jpg","contentUrl":"https:\/\/deseopatisserie.com\/\/wp-content\/uploads\/2023\/05\/DESEO_Cookie-Monster_1-scaled.jpg","width":2560,"height":1707},{"@type":"BreadcrumbList","@id":"https:\/\/deseopatisserie.com\/de\/produkt\/kruemelmonster\/#breadcrumb","itemListElement":[{"@type":"ListItem","position":1,"name":"Strona g\u0142\u00f3wna","item":"https:\/\/deseopatisserie.com\/de\/homepage\/"},{"@type":"ListItem","position":2,"name":"Kr\u00fcmelmonster"}]},{"@type":"WebSite","@id":"https:\/\/deseopatisserie.com\/de\/#website","url":"https:\/\/deseopatisserie.com\/de\/","name":"DESEO","description":"Patisserie &amp; Chocolaterie","potentialAction":[{"@type":"SearchAction","target":{"@type":"EntryPoint","urlTemplate":"https:\/\/deseopatisserie.com\/de\/?s={search_term_string}"},"query-input":{"@type":"PropertyValueSpecification","valueRequired":true,"valueName":"search_term_string"}}],"inLanguage":"de"}]}},"_links":{"self":[{"href":"https:\/\/deseopatisserie.com\/de\/wp-json\/wp\/v2\/product\/91868","targetHints":{"allow":["GET"]}}],"collection":[{"href":"https:\/\/deseopatisserie.com\/de\/wp-json\/wp\/v2\/product"}],"about":[{"href":"https:\/\/deseopatisserie.com\/de\/wp-json\/wp\/v2\/types\/product"}],"wp:featuredmedia":[{"embeddable":true,"href":"https:\/\/deseopatisserie.com\/de\/wp-json\/wp\/v2\/media\/84197"}],"wp:attachment":[{"href":"https:\/\/deseopatisserie.com\/de\/wp-json\/wp\/v2\/media?parent=91868"}],"wp:term":[{"taxonomy":"product_brand","embeddable":true,"href":"https:\/\/deseopatisserie.com\/de\/wp-json\/wp\/v2\/product_brand?post=91868"},{"taxonomy":"product_cat","embeddable":true,"href":"https:\/\/deseopatisserie.com\/de\/wp-json\/wp\/v2\/product_cat?post=91868"},{"taxonomy":"product_tag","embeddable":true,"href":"https:\/\/deseopatisserie.com\/de\/wp-json\/wp\/v2\/product_tag?post=91868"}],"curies":[{"name":"wp","href":"https:\/\/api.w.org\/{rel}","templated":true}]}}