{"id":91851,"date":"2022-11-21T12:26:24","date_gmt":"2022-11-21T11:26:24","guid":{"rendered":"https:\/\/deseopatisserie.com\/produkt\/weihnachtsmann-muetze-2-0\/"},"modified":"2025-04-02T15:47:26","modified_gmt":"2025-04-02T13:47:26","slug":"weihnachtsmann-muetze-2-0","status":"publish","type":"product","link":"https:\/\/deseopatisserie.com\/de\/produkt\/weihnachtsmann-muetze-2-0\/","title":{"rendered":"Weihnachtsmann-M\u00fctze 2.0"},"content":{"rendered":"","protected":false},"excerpt":{"rendered":"<p>Milchschokoladenmousse \/ Zimt-Karamell \/ Gelee mit frischer Birne \/ knuspriger Haselnuss-Crisp \/ Biskuitkuchen mit Giandui-St\u00fccken und Birne in Sirup<\/p>\n<p>&nbsp;<\/p>\n<p>Santa Cap ist am l\u00e4ngsten bei uns! Wer erinnert sich daran, dass er im Dezember 2016 zum ersten Mal in unserer Theke in der Angorska-Stra\u00dfe auftauchte?:) In den folgenden Jahren schmeckte Santa Cap genauso wie beim ersten Mal.  <strong>Dieses Jahr ist es noch eine s\u00fc\u00dfe Nikolausm\u00fctze, aber &#8230; Schmeckt noch besser! Diesmal haben wir Milchschokoladenmousse mit Birnen kombiniert und das Ganze mit einem knusprigen Haselnuss-Crisp und einem einzigartigen Biskuitkuchen abgeschlossen <\/strong>. Das perfekte Geschenk zum Nikolaustag, die perfekte Dekoration f\u00fcr den Weihnachtstisch. <\/p>\n","protected":false},"featured_media":83747,"template":"","meta":{"_acf_changed":false},"product_brand":[],"product_cat":[2841,1750,2008],"product_tag":[],"class_list":{"0":"post-91851","1":"product","2":"type-product","3":"status-publish","4":"has-post-thumbnail","6":"product_cat-neuheiten","7":"product_cat-petit-gateau-kekse","8":"product_cat-weihnachten","10":"first","11":"outofstock","12":"taxable","13":"shipping-taxable","14":"purchasable","15":"product-type-simple"},"acf":[],"yoast_head":"<!-- This site is optimized with the Yoast SEO plugin v27.4 - https:\/\/yoast.com\/product\/yoast-seo-wordpress\/ -->\n<title>Weihnachtsmann-M\u00fctze 2.0 - Cukiernia DESEO Warszawa<\/title>\n<meta name=\"robots\" content=\"index, follow, max-snippet:-1, max-image-preview:large, max-video-preview:-1\" \/>\n<link rel=\"canonical\" href=\"https:\/\/deseopatisserie.com\/de\/produkt\/weihnachtsmann-muetze-2-0\/\" \/>\n<meta property=\"og:locale\" content=\"de_DE\" \/>\n<meta property=\"og:type\" content=\"article\" \/>\n<meta property=\"og:title\" content=\"Weihnachtsmann-M\u00fctze 2.0 - Cukiernia DESEO Warszawa\" \/>\n<meta property=\"og:description\" content=\"Milchschokoladenmousse \/ Zimt-Karamell \/ Gelee mit frischer Birne \/ knuspriger Haselnuss-Crisp \/ Biskuitkuchen mit Giandui-St\u00fccken und Birne in Sirup &nbsp; Santa Cap ist am l\u00e4ngsten bei uns! Wer erinnert sich daran, dass er im Dezember 2016 zum ersten Mal in unserer Theke in der Angorska-Stra\u00dfe auftauchte?:) In den folgenden Jahren schmeckte Santa Cap genauso wie beim ersten Mal. Dieses Jahr ist es noch eine s\u00fc\u00dfe Nikolausm\u00fctze, aber ... Schmeckt noch besser! Diesmal haben wir Milchschokoladenmousse mit Birnen kombiniert und das Ganze mit einem knusprigen Haselnuss-Crisp und einem einzigartigen Biskuitkuchen abgeschlossen . Das perfekte Geschenk zum Nikolaustag, die perfekte Dekoration f\u00fcr den Weihnachtstisch.\" \/>\n<meta property=\"og:url\" content=\"https:\/\/deseopatisserie.com\/de\/produkt\/weihnachtsmann-muetze-2-0\/\" \/>\n<meta property=\"og:site_name\" content=\"DESEO\" \/>\n<meta property=\"article:modified_time\" content=\"2025-04-02T13:47:26+00:00\" \/>\n<meta property=\"og:image\" content=\"https:\/\/deseopatisserie.com\/\/wp-content\/uploads\/2022\/11\/DESEO_ciastko-SANTA-CAP_1.jpg\" \/>\n\t<meta property=\"og:image:width\" content=\"2500\" \/>\n\t<meta property=\"og:image:height\" content=\"1667\" \/>\n\t<meta property=\"og:image:type\" content=\"image\/jpeg\" \/>\n<meta name=\"twitter:card\" content=\"summary_large_image\" \/>\n<script type=\"application\/ld+json\" class=\"yoast-schema-graph\">{\"@context\":\"https:\\\/\\\/schema.org\",\"@graph\":[{\"@type\":\"WebPage\",\"@id\":\"https:\\\/\\\/deseopatisserie.com\\\/de\\\/produkt\\\/weihnachtsmann-muetze-2-0\\\/\",\"url\":\"https:\\\/\\\/deseopatisserie.com\\\/de\\\/produkt\\\/weihnachtsmann-muetze-2-0\\\/\",\"name\":\"Weihnachtsmann-M\u00fctze 2.0 - Cukiernia DESEO Warszawa\",\"isPartOf\":{\"@id\":\"https:\\\/\\\/deseopatisserie.com\\\/de\\\/#website\"},\"primaryImageOfPage\":{\"@id\":\"https:\\\/\\\/deseopatisserie.com\\\/de\\\/produkt\\\/weihnachtsmann-muetze-2-0\\\/#primaryimage\"},\"image\":{\"@id\":\"https:\\\/\\\/deseopatisserie.com\\\/de\\\/produkt\\\/weihnachtsmann-muetze-2-0\\\/#primaryimage\"},\"thumbnailUrl\":\"https:\\\/\\\/deseopatisserie.com\\\/\\\/wp-content\\\/uploads\\\/2022\\\/11\\\/DESEO_ciastko-SANTA-CAP_1.jpg\",\"datePublished\":\"2022-11-21T11:26:24+00:00\",\"dateModified\":\"2025-04-02T13:47:26+00:00\",\"breadcrumb\":{\"@id\":\"https:\\\/\\\/deseopatisserie.com\\\/de\\\/produkt\\\/weihnachtsmann-muetze-2-0\\\/#breadcrumb\"},\"inLanguage\":\"de\",\"potentialAction\":[{\"@type\":\"ReadAction\",\"target\":[\"https:\\\/\\\/deseopatisserie.com\\\/de\\\/produkt\\\/weihnachtsmann-muetze-2-0\\\/\"]}]},{\"@type\":\"ImageObject\",\"inLanguage\":\"de\",\"@id\":\"https:\\\/\\\/deseopatisserie.com\\\/de\\\/produkt\\\/weihnachtsmann-muetze-2-0\\\/#primaryimage\",\"url\":\"https:\\\/\\\/deseopatisserie.com\\\/\\\/wp-content\\\/uploads\\\/2022\\\/11\\\/DESEO_ciastko-SANTA-CAP_1.jpg\",\"contentUrl\":\"https:\\\/\\\/deseopatisserie.com\\\/\\\/wp-content\\\/uploads\\\/2022\\\/11\\\/DESEO_ciastko-SANTA-CAP_1.jpg\",\"width\":2500,\"height\":1667},{\"@type\":\"BreadcrumbList\",\"@id\":\"https:\\\/\\\/deseopatisserie.com\\\/de\\\/produkt\\\/weihnachtsmann-muetze-2-0\\\/#breadcrumb\",\"itemListElement\":[{\"@type\":\"ListItem\",\"position\":1,\"name\":\"Strona g\u0142\u00f3wna\",\"item\":\"https:\\\/\\\/deseopatisserie.com\\\/de\\\/homepage\\\/\"},{\"@type\":\"ListItem\",\"position\":2,\"name\":\"Weihnachtsmann-M\u00fctze 2.0\"}]},{\"@type\":\"WebSite\",\"@id\":\"https:\\\/\\\/deseopatisserie.com\\\/de\\\/#website\",\"url\":\"https:\\\/\\\/deseopatisserie.com\\\/de\\\/\",\"name\":\"DESEO\",\"description\":\"Patisserie &amp; Chocolaterie\",\"potentialAction\":[{\"@type\":\"SearchAction\",\"target\":{\"@type\":\"EntryPoint\",\"urlTemplate\":\"https:\\\/\\\/deseopatisserie.com\\\/de\\\/?s={search_term_string}\"},\"query-input\":{\"@type\":\"PropertyValueSpecification\",\"valueRequired\":true,\"valueName\":\"search_term_string\"}}],\"inLanguage\":\"de\"}]}<\/script>\n<!-- \/ Yoast SEO plugin. -->","yoast_head_json":{"title":"Weihnachtsmann-M\u00fctze 2.0 - Cukiernia DESEO Warszawa","robots":{"index":"index","follow":"follow","max-snippet":"max-snippet:-1","max-image-preview":"max-image-preview:large","max-video-preview":"max-video-preview:-1"},"canonical":"https:\/\/deseopatisserie.com\/de\/produkt\/weihnachtsmann-muetze-2-0\/","og_locale":"de_DE","og_type":"article","og_title":"Weihnachtsmann-M\u00fctze 2.0 - Cukiernia DESEO Warszawa","og_description":"Milchschokoladenmousse \/ Zimt-Karamell \/ Gelee mit frischer Birne \/ knuspriger Haselnuss-Crisp \/ Biskuitkuchen mit Giandui-St\u00fccken und Birne in Sirup &nbsp; Santa Cap ist am l\u00e4ngsten bei uns! Wer erinnert sich daran, dass er im Dezember 2016 zum ersten Mal in unserer Theke in der Angorska-Stra\u00dfe auftauchte?:) In den folgenden Jahren schmeckte Santa Cap genauso wie beim ersten Mal. Dieses Jahr ist es noch eine s\u00fc\u00dfe Nikolausm\u00fctze, aber ... Schmeckt noch besser! Diesmal haben wir Milchschokoladenmousse mit Birnen kombiniert und das Ganze mit einem knusprigen Haselnuss-Crisp und einem einzigartigen Biskuitkuchen abgeschlossen . Das perfekte Geschenk zum Nikolaustag, die perfekte Dekoration f\u00fcr den Weihnachtstisch.","og_url":"https:\/\/deseopatisserie.com\/de\/produkt\/weihnachtsmann-muetze-2-0\/","og_site_name":"DESEO","article_modified_time":"2025-04-02T13:47:26+00:00","og_image":[{"width":2500,"height":1667,"url":"https:\/\/deseopatisserie.com\/\/wp-content\/uploads\/2022\/11\/DESEO_ciastko-SANTA-CAP_1.jpg","type":"image\/jpeg"}],"twitter_card":"summary_large_image","schema":{"@context":"https:\/\/schema.org","@graph":[{"@type":"WebPage","@id":"https:\/\/deseopatisserie.com\/de\/produkt\/weihnachtsmann-muetze-2-0\/","url":"https:\/\/deseopatisserie.com\/de\/produkt\/weihnachtsmann-muetze-2-0\/","name":"Weihnachtsmann-M\u00fctze 2.0 - Cukiernia DESEO Warszawa","isPartOf":{"@id":"https:\/\/deseopatisserie.com\/de\/#website"},"primaryImageOfPage":{"@id":"https:\/\/deseopatisserie.com\/de\/produkt\/weihnachtsmann-muetze-2-0\/#primaryimage"},"image":{"@id":"https:\/\/deseopatisserie.com\/de\/produkt\/weihnachtsmann-muetze-2-0\/#primaryimage"},"thumbnailUrl":"https:\/\/deseopatisserie.com\/\/wp-content\/uploads\/2022\/11\/DESEO_ciastko-SANTA-CAP_1.jpg","datePublished":"2022-11-21T11:26:24+00:00","dateModified":"2025-04-02T13:47:26+00:00","breadcrumb":{"@id":"https:\/\/deseopatisserie.com\/de\/produkt\/weihnachtsmann-muetze-2-0\/#breadcrumb"},"inLanguage":"de","potentialAction":[{"@type":"ReadAction","target":["https:\/\/deseopatisserie.com\/de\/produkt\/weihnachtsmann-muetze-2-0\/"]}]},{"@type":"ImageObject","inLanguage":"de","@id":"https:\/\/deseopatisserie.com\/de\/produkt\/weihnachtsmann-muetze-2-0\/#primaryimage","url":"https:\/\/deseopatisserie.com\/\/wp-content\/uploads\/2022\/11\/DESEO_ciastko-SANTA-CAP_1.jpg","contentUrl":"https:\/\/deseopatisserie.com\/\/wp-content\/uploads\/2022\/11\/DESEO_ciastko-SANTA-CAP_1.jpg","width":2500,"height":1667},{"@type":"BreadcrumbList","@id":"https:\/\/deseopatisserie.com\/de\/produkt\/weihnachtsmann-muetze-2-0\/#breadcrumb","itemListElement":[{"@type":"ListItem","position":1,"name":"Strona g\u0142\u00f3wna","item":"https:\/\/deseopatisserie.com\/de\/homepage\/"},{"@type":"ListItem","position":2,"name":"Weihnachtsmann-M\u00fctze 2.0"}]},{"@type":"WebSite","@id":"https:\/\/deseopatisserie.com\/de\/#website","url":"https:\/\/deseopatisserie.com\/de\/","name":"DESEO","description":"Patisserie &amp; Chocolaterie","potentialAction":[{"@type":"SearchAction","target":{"@type":"EntryPoint","urlTemplate":"https:\/\/deseopatisserie.com\/de\/?s={search_term_string}"},"query-input":{"@type":"PropertyValueSpecification","valueRequired":true,"valueName":"search_term_string"}}],"inLanguage":"de"}]}},"_links":{"self":[{"href":"https:\/\/deseopatisserie.com\/de\/wp-json\/wp\/v2\/product\/91851","targetHints":{"allow":["GET"]}}],"collection":[{"href":"https:\/\/deseopatisserie.com\/de\/wp-json\/wp\/v2\/product"}],"about":[{"href":"https:\/\/deseopatisserie.com\/de\/wp-json\/wp\/v2\/types\/product"}],"wp:featuredmedia":[{"embeddable":true,"href":"https:\/\/deseopatisserie.com\/de\/wp-json\/wp\/v2\/media\/83747"}],"wp:attachment":[{"href":"https:\/\/deseopatisserie.com\/de\/wp-json\/wp\/v2\/media?parent=91851"}],"wp:term":[{"taxonomy":"product_brand","embeddable":true,"href":"https:\/\/deseopatisserie.com\/de\/wp-json\/wp\/v2\/product_brand?post=91851"},{"taxonomy":"product_cat","embeddable":true,"href":"https:\/\/deseopatisserie.com\/de\/wp-json\/wp\/v2\/product_cat?post=91851"},{"taxonomy":"product_tag","embeddable":true,"href":"https:\/\/deseopatisserie.com\/de\/wp-json\/wp\/v2\/product_tag?post=91851"}],"curies":[{"name":"wp","href":"https:\/\/api.w.org\/{rel}","templated":true}]}}