{"id":91836,"date":"2022-06-17T11:34:56","date_gmt":"2022-06-17T09:34:56","guid":{"rendered":"https:\/\/deseopatisserie.com\/produkt\/luna-kuchen\/"},"modified":"2025-04-02T15:46:51","modified_gmt":"2025-04-02T13:46:51","slug":"luna-kuchen","status":"publish","type":"product","link":"https:\/\/deseopatisserie.com\/de\/produkt\/luna-kuchen\/","title":{"rendered":"Luna-Kuchen"},"content":{"rendered":"","protected":false},"excerpt":{"rendered":"<p>Mousse auf Basis von Madagaskar-Schokolade 67% und Kokosmilch \/ Kirschmarmelade \/ trockene Schokoladenganache \/ Sonnenblumen-Crisp<\/p>\n<p>Der Luna-Kuchen ist unser Vorschlag f\u00fcr Veganer, aber wir m\u00fcssen sofort darauf hinweisen, dass er auch eine gro\u00dfe Gruppe von Anh\u00e4ngern unter denen hat, die alles essen, nicht nur vegan. Eine zarte Schokoladenmousse auf der Basis von trockener Madagaskar-Schokolade, Kokosmilch und Seidentofu wurde mit zwei Schichten Kirschmarmelade \u00fcberzogen. Der Kuchen ist nicht nur vegan, sondern enth\u00e4lt auch kein Gluten und Laktose (er kann jedoch Spuren davon enthalten, da er in der gleichen Werkstatt wie die anderen Kuchen hergestellt wird). Sein sensationeller Geschmack und sein elegantes Aussehen machen ihn zu vielen Fans.   <\/p>\n<p><strong>Ein Kuchen, der mit glutenfreien Produkten hergestellt wird, kann jedoch Spuren von Gluten enthalten.<\/strong><\/p>\n","protected":false},"featured_media":80499,"template":"","meta":{"_acf_changed":false},"product_brand":[],"product_cat":[2612],"product_tag":[],"class_list":{"0":"post-91836","1":"product","2":"type-product","3":"status-publish","4":"has-post-thumbnail","6":"product_cat-kuchen","8":"first","9":"instock","10":"taxable","11":"shipping-taxable","12":"purchasable","13":"product-type-variable"},"acf":[],"yoast_head":"<!-- This site is optimized with the Yoast SEO plugin v27.4 - https:\/\/yoast.com\/product\/yoast-seo-wordpress\/ -->\n<title>Luna-Kuchen - Cukiernia DESEO Warszawa<\/title>\n<meta name=\"description\" content=\"Der Luna-Kuchen ist unser Vorschlag f\u00fcr Veganer, aber wir m\u00fcssen sofort darauf hinweisen, dass er auch eine gro\u00dfe Gruppe von Anh\u00e4ngern unter denen hat, die alles essen!\" \/>\n<meta name=\"robots\" content=\"index, follow, max-snippet:-1, max-image-preview:large, max-video-preview:-1\" \/>\n<link rel=\"canonical\" href=\"https:\/\/deseopatisserie.com\/de\/produkt\/luna-kuchen\/\" \/>\n<meta property=\"og:locale\" content=\"de_DE\" \/>\n<meta property=\"og:type\" content=\"article\" \/>\n<meta property=\"og:title\" content=\"DESEO Luna Kuchen\" \/>\n<meta property=\"og:description\" content=\"Der Luna-Kuchen ist unser Vorschlag f\u00fcr Veganer, aber wir m\u00fcssen sofort darauf hinweisen, dass er auch eine gro\u00dfe Gruppe von Anh\u00e4ngern unter denen hat, die alles essen!\" \/>\n<meta property=\"og:url\" content=\"https:\/\/deseopatisserie.com\/de\/produkt\/luna-kuchen\/\" \/>\n<meta property=\"og:site_name\" content=\"DESEO\" \/>\n<meta property=\"article:modified_time\" content=\"2025-04-02T13:46:51+00:00\" \/>\n<meta property=\"og:image\" content=\"https:\/\/deseopatisserie.com\/wp-content\/uploads\/2020\/04\/Luna_2.jpg\" \/>\n<meta name=\"twitter:card\" content=\"summary_large_image\" \/>\n<script type=\"application\/ld+json\" class=\"yoast-schema-graph\">{\"@context\":\"https:\\\/\\\/schema.org\",\"@graph\":[{\"@type\":\"WebPage\",\"@id\":\"https:\\\/\\\/deseopatisserie.com\\\/de\\\/produkt\\\/luna-kuchen\\\/\",\"url\":\"https:\\\/\\\/deseopatisserie.com\\\/de\\\/produkt\\\/luna-kuchen\\\/\",\"name\":\"Luna-Kuchen - Cukiernia DESEO Warszawa\",\"isPartOf\":{\"@id\":\"https:\\\/\\\/deseopatisserie.com\\\/de\\\/#website\"},\"primaryImageOfPage\":{\"@id\":\"https:\\\/\\\/deseopatisserie.com\\\/de\\\/produkt\\\/luna-kuchen\\\/#primaryimage\"},\"image\":{\"@id\":\"https:\\\/\\\/deseopatisserie.com\\\/de\\\/produkt\\\/luna-kuchen\\\/#primaryimage\"},\"thumbnailUrl\":\"https:\\\/\\\/deseopatisserie.com\\\/\\\/wp-content\\\/uploads\\\/2020\\\/04\\\/Tort-Luna-1-scaled.jpg\",\"datePublished\":\"2022-06-17T09:34:56+00:00\",\"dateModified\":\"2025-04-02T13:46:51+00:00\",\"description\":\"Der Luna-Kuchen ist unser Vorschlag f\u00fcr Veganer, aber wir m\u00fcssen sofort darauf hinweisen, dass er auch eine gro\u00dfe Gruppe von Anh\u00e4ngern unter denen hat, die alles essen!\",\"breadcrumb\":{\"@id\":\"https:\\\/\\\/deseopatisserie.com\\\/de\\\/produkt\\\/luna-kuchen\\\/#breadcrumb\"},\"inLanguage\":\"de\",\"potentialAction\":[{\"@type\":\"ReadAction\",\"target\":[\"https:\\\/\\\/deseopatisserie.com\\\/de\\\/produkt\\\/luna-kuchen\\\/\"]}]},{\"@type\":\"ImageObject\",\"inLanguage\":\"de\",\"@id\":\"https:\\\/\\\/deseopatisserie.com\\\/de\\\/produkt\\\/luna-kuchen\\\/#primaryimage\",\"url\":\"https:\\\/\\\/deseopatisserie.com\\\/\\\/wp-content\\\/uploads\\\/2020\\\/04\\\/Tort-Luna-1-scaled.jpg\",\"contentUrl\":\"https:\\\/\\\/deseopatisserie.com\\\/\\\/wp-content\\\/uploads\\\/2020\\\/04\\\/Tort-Luna-1-scaled.jpg\",\"width\":2560,\"height\":1707},{\"@type\":\"BreadcrumbList\",\"@id\":\"https:\\\/\\\/deseopatisserie.com\\\/de\\\/produkt\\\/luna-kuchen\\\/#breadcrumb\",\"itemListElement\":[{\"@type\":\"ListItem\",\"position\":1,\"name\":\"Strona g\u0142\u00f3wna\",\"item\":\"https:\\\/\\\/deseopatisserie.com\\\/de\\\/homepage\\\/\"},{\"@type\":\"ListItem\",\"position\":2,\"name\":\"Luna-Kuchen\"}]},{\"@type\":\"WebSite\",\"@id\":\"https:\\\/\\\/deseopatisserie.com\\\/de\\\/#website\",\"url\":\"https:\\\/\\\/deseopatisserie.com\\\/de\\\/\",\"name\":\"DESEO\",\"description\":\"Patisserie &amp; Chocolaterie\",\"potentialAction\":[{\"@type\":\"SearchAction\",\"target\":{\"@type\":\"EntryPoint\",\"urlTemplate\":\"https:\\\/\\\/deseopatisserie.com\\\/de\\\/?s={search_term_string}\"},\"query-input\":{\"@type\":\"PropertyValueSpecification\",\"valueRequired\":true,\"valueName\":\"search_term_string\"}}],\"inLanguage\":\"de\"}]}<\/script>\n<!-- \/ Yoast SEO plugin. -->","yoast_head_json":{"title":"Luna-Kuchen - Cukiernia DESEO Warszawa","description":"Der Luna-Kuchen ist unser Vorschlag f\u00fcr Veganer, aber wir m\u00fcssen sofort darauf hinweisen, dass er auch eine gro\u00dfe Gruppe von Anh\u00e4ngern unter denen hat, die alles essen!","robots":{"index":"index","follow":"follow","max-snippet":"max-snippet:-1","max-image-preview":"max-image-preview:large","max-video-preview":"max-video-preview:-1"},"canonical":"https:\/\/deseopatisserie.com\/de\/produkt\/luna-kuchen\/","og_locale":"de_DE","og_type":"article","og_title":"DESEO Luna Kuchen","og_description":"Der Luna-Kuchen ist unser Vorschlag f\u00fcr Veganer, aber wir m\u00fcssen sofort darauf hinweisen, dass er auch eine gro\u00dfe Gruppe von Anh\u00e4ngern unter denen hat, die alles essen!","og_url":"https:\/\/deseopatisserie.com\/de\/produkt\/luna-kuchen\/","og_site_name":"DESEO","article_modified_time":"2025-04-02T13:46:51+00:00","og_image":[{"url":"https:\/\/deseopatisserie.com\/wp-content\/uploads\/2020\/04\/Luna_2.jpg","type":"","width":"","height":""}],"twitter_card":"summary_large_image","schema":{"@context":"https:\/\/schema.org","@graph":[{"@type":"WebPage","@id":"https:\/\/deseopatisserie.com\/de\/produkt\/luna-kuchen\/","url":"https:\/\/deseopatisserie.com\/de\/produkt\/luna-kuchen\/","name":"Luna-Kuchen - Cukiernia DESEO Warszawa","isPartOf":{"@id":"https:\/\/deseopatisserie.com\/de\/#website"},"primaryImageOfPage":{"@id":"https:\/\/deseopatisserie.com\/de\/produkt\/luna-kuchen\/#primaryimage"},"image":{"@id":"https:\/\/deseopatisserie.com\/de\/produkt\/luna-kuchen\/#primaryimage"},"thumbnailUrl":"https:\/\/deseopatisserie.com\/\/wp-content\/uploads\/2020\/04\/Tort-Luna-1-scaled.jpg","datePublished":"2022-06-17T09:34:56+00:00","dateModified":"2025-04-02T13:46:51+00:00","description":"Der Luna-Kuchen ist unser Vorschlag f\u00fcr Veganer, aber wir m\u00fcssen sofort darauf hinweisen, dass er auch eine gro\u00dfe Gruppe von Anh\u00e4ngern unter denen hat, die alles essen!","breadcrumb":{"@id":"https:\/\/deseopatisserie.com\/de\/produkt\/luna-kuchen\/#breadcrumb"},"inLanguage":"de","potentialAction":[{"@type":"ReadAction","target":["https:\/\/deseopatisserie.com\/de\/produkt\/luna-kuchen\/"]}]},{"@type":"ImageObject","inLanguage":"de","@id":"https:\/\/deseopatisserie.com\/de\/produkt\/luna-kuchen\/#primaryimage","url":"https:\/\/deseopatisserie.com\/\/wp-content\/uploads\/2020\/04\/Tort-Luna-1-scaled.jpg","contentUrl":"https:\/\/deseopatisserie.com\/\/wp-content\/uploads\/2020\/04\/Tort-Luna-1-scaled.jpg","width":2560,"height":1707},{"@type":"BreadcrumbList","@id":"https:\/\/deseopatisserie.com\/de\/produkt\/luna-kuchen\/#breadcrumb","itemListElement":[{"@type":"ListItem","position":1,"name":"Strona g\u0142\u00f3wna","item":"https:\/\/deseopatisserie.com\/de\/homepage\/"},{"@type":"ListItem","position":2,"name":"Luna-Kuchen"}]},{"@type":"WebSite","@id":"https:\/\/deseopatisserie.com\/de\/#website","url":"https:\/\/deseopatisserie.com\/de\/","name":"DESEO","description":"Patisserie &amp; Chocolaterie","potentialAction":[{"@type":"SearchAction","target":{"@type":"EntryPoint","urlTemplate":"https:\/\/deseopatisserie.com\/de\/?s={search_term_string}"},"query-input":{"@type":"PropertyValueSpecification","valueRequired":true,"valueName":"search_term_string"}}],"inLanguage":"de"}]}},"_links":{"self":[{"href":"https:\/\/deseopatisserie.com\/de\/wp-json\/wp\/v2\/product\/91836","targetHints":{"allow":["GET"]}}],"collection":[{"href":"https:\/\/deseopatisserie.com\/de\/wp-json\/wp\/v2\/product"}],"about":[{"href":"https:\/\/deseopatisserie.com\/de\/wp-json\/wp\/v2\/types\/product"}],"wp:featuredmedia":[{"embeddable":true,"href":"https:\/\/deseopatisserie.com\/de\/wp-json\/wp\/v2\/media\/80499"}],"wp:attachment":[{"href":"https:\/\/deseopatisserie.com\/de\/wp-json\/wp\/v2\/media?parent=91836"}],"wp:term":[{"taxonomy":"product_brand","embeddable":true,"href":"https:\/\/deseopatisserie.com\/de\/wp-json\/wp\/v2\/product_brand?post=91836"},{"taxonomy":"product_cat","embeddable":true,"href":"https:\/\/deseopatisserie.com\/de\/wp-json\/wp\/v2\/product_cat?post=91836"},{"taxonomy":"product_tag","embeddable":true,"href":"https:\/\/deseopatisserie.com\/de\/wp-json\/wp\/v2\/product_tag?post=91836"}],"curies":[{"name":"wp","href":"https:\/\/api.w.org\/{rel}","templated":true}]}}