{"id":91830,"date":"2024-09-13T11:36:40","date_gmt":"2024-09-13T09:36:40","guid":{"rendered":"https:\/\/deseopatisserie.com\/?post_type=product&#038;p=91830"},"modified":"2025-04-02T15:33:27","modified_gmt":"2025-04-02T13:33:27","slug":"deseo-schokolade-e-book","status":"publish","type":"product","link":"https:\/\/deseopatisserie.com\/de\/produkt\/deseo-schokolade-e-book\/","title":{"rendered":"DESEO Weihnachten E-Book"},"content":{"rendered":"<p>Der Zauber der Weihnacht in der DESEO Patisserie &amp; Chocolaterie ist eine Kombination aus einzigartigen Aromen und Eleganz, die den Weihnachtsmomenten eine au\u00dfergew\u00f6hnliche Atmosph\u00e4re verleiht. Das Weihnachtsangebot umfasst raffinierte S\u00fc\u00dfigkeiten, die mit Liebe zum Detail zubereitet werden und auf den hochwertigsten Zutaten basieren. Dies sind perfekte Vorschl\u00e4ge sowohl f\u00fcr den Weihnachtstisch als auch als Geschenke, die Ihre Lieben sicher begeistern werden. Jedes Produkt schafft eine Balance zwischen traditionellen Inspirationen und einem modernen Ansatz f\u00fcr S\u00fc\u00dfwaren. DESEO l\u00e4dt Sie ein, die Aromen zu entdecken, die in dieser magischen Zeit unvergessliche Erinnerungen schaffen.    <\/p>\n","protected":false},"excerpt":{"rendered":"<p>\ud83c\udf84 <strong>DESEO Weihnachts-E-Book: 9 Rezepte f\u00fcr einzigartige S\u00fc\u00dfigkeiten<\/strong> \ud83c\udf81<\/p>\n<p>Holen Sie sich den Zauber von Weihnachten auf Ihren Tisch mit unserem E-Book voller Inspiration! Hier finden Sie <strong>9 einzigartige Rezepte<\/strong> f\u00fcr S\u00fc\u00dfigkeiten, die Ihre Lieben begeistern werden \u2013 von Lebkuchentr\u00fcffeln \ud83c\udf85 bis hin zu hei\u00dfer Schokolade \u2615 . Jedes Rezept wurde mit Liebe zum Detail und mit den hochwertigsten DESEO-Zutaten \ud83c\udf6b zubereitet.  <\/p>\n<p>Sie schm\u00fccken nicht nur den Weihnachtstisch mit leckeren Desserts, sondern \u00fcberraschen Ihre Lieben auch mit \ud83c\udf80 handgemachten Geschenken, an die sie sich sicherlich noch lange erinnern werden. Lassen Sie den Duft von Zimt, Schokolade und N\u00fcssen Ihr Zuhause erf\u00fcllen \u2013 denn <strong>Weihnachten ist eine Zeit, in der der Zauber in der K\u00fcche beginnt<\/strong>. <\/p>\n<p><span style=\"font-family: georgia, palatino, serif; font-size: 12pt;\"><strong>INHALTSVERZEICHNIS:<\/strong><\/span><br \/>\n<span style=\"font-family: georgia, palatino, serif; font-size: 12pt;\">1. K\u00e4sekuchen mit dreifacher Pistazie<\/span><br \/>\n<span style=\"font-family: georgia, palatino, serif; font-size: 12pt;\">2. Haselnusskekse mit Schokoladenst\u00fcckchen<\/span><br \/>\n<span style=\"font-family: georgia, palatino, serif; font-size: 12pt;\">3. Brownie-Kuchen mit Erdnusscreme und Amber-Karamell<\/span><br \/>\n<span style=\"font-family: georgia, palatino, serif; font-size: 12pt;\">4. Schokoladensalami<\/span><br \/>\n<span style=\"font-family: georgia, palatino, serif; font-size: 12pt;\">5. Karamellisierte Haseln\u00fcsse<\/span><br \/>\n<span style=\"font-family: georgia, palatino, serif; font-size: 12pt;\">6. Weihnachtliche Lebkuchentr\u00fcffel<\/span><br \/>\n<span style=\"font-family: georgia, palatino, serif; font-size: 12pt;\">7. Lebkuchen Hei\u00dfe<br \/>\nSchokolade 8. Weihnachten Hei\u00dfe Schokolade Nur f\u00fcr Erwachsene<br \/>\n9. Smores hei\u00dfe Schokolade f\u00fcr Kinder<\/span><\/p>\n<p>Wir w\u00fcnschen Ihnen ein schmackhaftes und zauberhaftes Weihnachtsfest! \ud83c\udf84<\/p>\n<p style=\"text-align: center;\">[fluentform id=\"8\"]<\/p>\n<p>&nbsp;<\/p>\n<p>&nbsp;<\/p>\n<p>\ud83d\udc49 Laden Sie <span style=\"color: #bf883b;\"><a style=\"color: #bf883b;\" href=\"https:\/\/deseopatisserie.com\/de\/produkt\/pistazie-ebook-deseo\/\">auch das DESEO PISTAZIEN EBOOK herunter<\/a><\/span> und bereiten Sie k\u00f6stliche Desserts auf Basis von 100% Pistazienpaste zu!<\/p>\n<style>\n.single-product div.product .summary form.cart { display: none!important; }<br \/>.somdn-download-wrap form {display: none !important;}<br \/>div.quantity.buttons_added { visibility: hidden; }<br \/>  <\/style>\n","protected":false},"featured_media":98698,"template":"","meta":{"_acf_changed":false},"product_brand":[],"product_cat":[2650],"product_tag":[],"class_list":{"0":"post-91830","1":"product","2":"type-product","3":"status-publish","4":"has-post-thumbnail","6":"product_cat-e-buch","8":"first","9":"instock","10":"downloadable","11":"virtual","12":"sold-individually","13":"taxable","14":"purchasable","15":"product-type-simple"},"acf":[],"yoast_head":"<!-- This site is optimized with the Yoast SEO plugin v27.4 - https:\/\/yoast.com\/product\/yoast-seo-wordpress\/ -->\n<title>DESEO Weihnachten E-Book<\/title>\n<meta name=\"description\" content=\"Der Zauber der Weihnacht in der DESEO Patisserie &amp; Chocolaterie ist eine Kombination aus einzigartigen Aromen und Eleganz, die den Weihnachtsmomenten eine au\u00dfergew\u00f6hnliche Atmosph\u00e4re verleiht. Das Weihnachtsangebot umfasst raffinierte S\u00fc\u00dfigkeiten, die mit Liebe zum Detail zubereitet werden und auf den hochwertigsten Zutaten basieren.\" \/>\n<meta name=\"robots\" content=\"index, follow, max-snippet:-1, max-image-preview:large, max-video-preview:-1\" \/>\n<link rel=\"canonical\" href=\"https:\/\/deseopatisserie.com\/de\/produkt\/deseo-schokolade-e-book\/\" \/>\n<meta property=\"og:locale\" content=\"de_DE\" \/>\n<meta property=\"og:type\" content=\"article\" \/>\n<meta property=\"og:title\" content=\"DESEO Weihnachten E-Book DESEO Weihnachten E-Book\" \/>\n<meta property=\"og:description\" content=\"Der Zauber der Weihnacht in der DESEO Patisserie &amp; Chocolaterie ist eine Kombination aus einzigartigen Aromen und Eleganz, die den Weihnachtsmomenten eine au\u00dfergew\u00f6hnliche Atmosph\u00e4re verleiht. Das Weihnachtsangebot umfasst raffinierte S\u00fc\u00dfigkeiten, die mit Liebe zum Detail zubereitet werden und auf den hochwertigsten Zutaten basieren.\" \/>\n<meta property=\"og:url\" content=\"https:\/\/deseopatisserie.com\/de\/produkt\/deseo-schokolade-e-book\/\" \/>\n<meta property=\"og:site_name\" content=\"DESEO\" \/>\n<meta property=\"article:modified_time\" content=\"2025-04-02T13:33:27+00:00\" \/>\n<meta property=\"og:image\" content=\"https:\/\/deseopatisserie.com\/wp-content\/uploads\/2022\/09\/PISTACJOWY-EBOOK-DESEO-00-1024x682.png\" \/>\n<meta name=\"twitter:card\" content=\"summary_large_image\" \/>\n<meta name=\"twitter:title\" content=\"DESEO Weihnachten E-Book DESEO Weihnachten E-Book\" \/>\n<meta name=\"twitter:description\" content=\"Der Zauber der Weihnacht in der DESEO Patisserie &amp; Chocolaterie ist eine Kombination aus einzigartigen Aromen und Eleganz, die den Weihnachtsmomenten eine au\u00dfergew\u00f6hnliche Atmosph\u00e4re verleiht. Das Weihnachtsangebot umfasst raffinierte S\u00fc\u00dfigkeiten, die mit Liebe zum Detail zubereitet werden und auf den hochwertigsten Zutaten basieren.\" \/>\n<meta name=\"twitter:image\" content=\"https:\/\/deseopatisserie.com\/wp-content\/uploads\/2024\/09\/DESEO-ebook-swiateczny-01-1024x683.jpg\" \/>\n<meta name=\"twitter:label1\" content=\"Gesch\u00e4tzte Lesezeit\" \/>\n\t<meta name=\"twitter:data1\" content=\"1\u00a0Minute\" \/>\n<script type=\"application\/ld+json\" class=\"yoast-schema-graph\">{\"@context\":\"https:\\\/\\\/schema.org\",\"@graph\":[{\"@type\":\"WebPage\",\"@id\":\"https:\\\/\\\/deseopatisserie.com\\\/de\\\/produkt\\\/deseo-schokolade-e-book\\\/\",\"url\":\"https:\\\/\\\/deseopatisserie.com\\\/de\\\/produkt\\\/deseo-schokolade-e-book\\\/\",\"name\":\"DESEO Weihnachten E-Book\",\"isPartOf\":{\"@id\":\"https:\\\/\\\/deseopatisserie.com\\\/de\\\/#website\"},\"primaryImageOfPage\":{\"@id\":\"https:\\\/\\\/deseopatisserie.com\\\/de\\\/produkt\\\/deseo-schokolade-e-book\\\/#primaryimage\"},\"image\":{\"@id\":\"https:\\\/\\\/deseopatisserie.com\\\/de\\\/produkt\\\/deseo-schokolade-e-book\\\/#primaryimage\"},\"thumbnailUrl\":\"https:\\\/\\\/deseopatisserie.com\\\/\\\/wp-content\\\/uploads\\\/2024\\\/09\\\/DESEO-ebook-swiateczny-01.jpg\",\"datePublished\":\"2024-09-13T09:36:40+00:00\",\"dateModified\":\"2025-04-02T13:33:27+00:00\",\"description\":\"Der Zauber der Weihnacht in der DESEO Patisserie & Chocolaterie ist eine Kombination aus einzigartigen Aromen und Eleganz, die den Weihnachtsmomenten eine au\u00dfergew\u00f6hnliche Atmosph\u00e4re verleiht. Das Weihnachtsangebot umfasst raffinierte S\u00fc\u00dfigkeiten, die mit Liebe zum Detail zubereitet werden und auf den hochwertigsten Zutaten basieren.\",\"breadcrumb\":{\"@id\":\"https:\\\/\\\/deseopatisserie.com\\\/de\\\/produkt\\\/deseo-schokolade-e-book\\\/#breadcrumb\"},\"inLanguage\":\"de\",\"potentialAction\":[{\"@type\":\"ReadAction\",\"target\":[\"https:\\\/\\\/deseopatisserie.com\\\/de\\\/produkt\\\/deseo-schokolade-e-book\\\/\"]}]},{\"@type\":\"ImageObject\",\"inLanguage\":\"de\",\"@id\":\"https:\\\/\\\/deseopatisserie.com\\\/de\\\/produkt\\\/deseo-schokolade-e-book\\\/#primaryimage\",\"url\":\"https:\\\/\\\/deseopatisserie.com\\\/\\\/wp-content\\\/uploads\\\/2024\\\/09\\\/DESEO-ebook-swiateczny-01.jpg\",\"contentUrl\":\"https:\\\/\\\/deseopatisserie.com\\\/\\\/wp-content\\\/uploads\\\/2024\\\/09\\\/DESEO-ebook-swiateczny-01.jpg\",\"width\":1184,\"height\":790,\"caption\":\"\u015awi\u0105teczny ebook DESEO\"},{\"@type\":\"BreadcrumbList\",\"@id\":\"https:\\\/\\\/deseopatisserie.com\\\/de\\\/produkt\\\/deseo-schokolade-e-book\\\/#breadcrumb\",\"itemListElement\":[{\"@type\":\"ListItem\",\"position\":1,\"name\":\"Strona g\u0142\u00f3wna\",\"item\":\"https:\\\/\\\/deseopatisserie.com\\\/de\\\/homepage\\\/\"},{\"@type\":\"ListItem\",\"position\":2,\"name\":\"DESEO Weihnachten E-Book\"}]},{\"@type\":\"WebSite\",\"@id\":\"https:\\\/\\\/deseopatisserie.com\\\/de\\\/#website\",\"url\":\"https:\\\/\\\/deseopatisserie.com\\\/de\\\/\",\"name\":\"DESEO\",\"description\":\"Patisserie &amp; Chocolaterie\",\"potentialAction\":[{\"@type\":\"SearchAction\",\"target\":{\"@type\":\"EntryPoint\",\"urlTemplate\":\"https:\\\/\\\/deseopatisserie.com\\\/de\\\/?s={search_term_string}\"},\"query-input\":{\"@type\":\"PropertyValueSpecification\",\"valueRequired\":true,\"valueName\":\"search_term_string\"}}],\"inLanguage\":\"de\"}]}<\/script>\n<!-- \/ Yoast SEO plugin. -->","yoast_head_json":{"title":"DESEO Weihnachten E-Book","description":"Der Zauber der Weihnacht in der DESEO Patisserie & Chocolaterie ist eine Kombination aus einzigartigen Aromen und Eleganz, die den Weihnachtsmomenten eine au\u00dfergew\u00f6hnliche Atmosph\u00e4re verleiht. Das Weihnachtsangebot umfasst raffinierte S\u00fc\u00dfigkeiten, die mit Liebe zum Detail zubereitet werden und auf den hochwertigsten Zutaten basieren.","robots":{"index":"index","follow":"follow","max-snippet":"max-snippet:-1","max-image-preview":"max-image-preview:large","max-video-preview":"max-video-preview:-1"},"canonical":"https:\/\/deseopatisserie.com\/de\/produkt\/deseo-schokolade-e-book\/","og_locale":"de_DE","og_type":"article","og_title":"DESEO Weihnachten E-Book DESEO Weihnachten E-Book","og_description":"Der Zauber der Weihnacht in der DESEO Patisserie & Chocolaterie ist eine Kombination aus einzigartigen Aromen und Eleganz, die den Weihnachtsmomenten eine au\u00dfergew\u00f6hnliche Atmosph\u00e4re verleiht. Das Weihnachtsangebot umfasst raffinierte S\u00fc\u00dfigkeiten, die mit Liebe zum Detail zubereitet werden und auf den hochwertigsten Zutaten basieren.","og_url":"https:\/\/deseopatisserie.com\/de\/produkt\/deseo-schokolade-e-book\/","og_site_name":"DESEO","article_modified_time":"2025-04-02T13:33:27+00:00","og_image":[{"url":"https:\/\/deseopatisserie.com\/wp-content\/uploads\/2022\/09\/PISTACJOWY-EBOOK-DESEO-00-1024x682.png","type":"","width":"","height":""}],"twitter_card":"summary_large_image","twitter_title":"DESEO Weihnachten E-Book DESEO Weihnachten E-Book","twitter_description":"Der Zauber der Weihnacht in der DESEO Patisserie & Chocolaterie ist eine Kombination aus einzigartigen Aromen und Eleganz, die den Weihnachtsmomenten eine au\u00dfergew\u00f6hnliche Atmosph\u00e4re verleiht. Das Weihnachtsangebot umfasst raffinierte S\u00fc\u00dfigkeiten, die mit Liebe zum Detail zubereitet werden und auf den hochwertigsten Zutaten basieren.","twitter_image":"https:\/\/deseopatisserie.com\/wp-content\/uploads\/2024\/09\/DESEO-ebook-swiateczny-01-1024x683.jpg","twitter_misc":{"Gesch\u00e4tzte Lesezeit":"1\u00a0Minute"},"schema":{"@context":"https:\/\/schema.org","@graph":[{"@type":"WebPage","@id":"https:\/\/deseopatisserie.com\/de\/produkt\/deseo-schokolade-e-book\/","url":"https:\/\/deseopatisserie.com\/de\/produkt\/deseo-schokolade-e-book\/","name":"DESEO Weihnachten E-Book","isPartOf":{"@id":"https:\/\/deseopatisserie.com\/de\/#website"},"primaryImageOfPage":{"@id":"https:\/\/deseopatisserie.com\/de\/produkt\/deseo-schokolade-e-book\/#primaryimage"},"image":{"@id":"https:\/\/deseopatisserie.com\/de\/produkt\/deseo-schokolade-e-book\/#primaryimage"},"thumbnailUrl":"https:\/\/deseopatisserie.com\/\/wp-content\/uploads\/2024\/09\/DESEO-ebook-swiateczny-01.jpg","datePublished":"2024-09-13T09:36:40+00:00","dateModified":"2025-04-02T13:33:27+00:00","description":"Der Zauber der Weihnacht in der DESEO Patisserie & Chocolaterie ist eine Kombination aus einzigartigen Aromen und Eleganz, die den Weihnachtsmomenten eine au\u00dfergew\u00f6hnliche Atmosph\u00e4re verleiht. Das Weihnachtsangebot umfasst raffinierte S\u00fc\u00dfigkeiten, die mit Liebe zum Detail zubereitet werden und auf den hochwertigsten Zutaten basieren.","breadcrumb":{"@id":"https:\/\/deseopatisserie.com\/de\/produkt\/deseo-schokolade-e-book\/#breadcrumb"},"inLanguage":"de","potentialAction":[{"@type":"ReadAction","target":["https:\/\/deseopatisserie.com\/de\/produkt\/deseo-schokolade-e-book\/"]}]},{"@type":"ImageObject","inLanguage":"de","@id":"https:\/\/deseopatisserie.com\/de\/produkt\/deseo-schokolade-e-book\/#primaryimage","url":"https:\/\/deseopatisserie.com\/\/wp-content\/uploads\/2024\/09\/DESEO-ebook-swiateczny-01.jpg","contentUrl":"https:\/\/deseopatisserie.com\/\/wp-content\/uploads\/2024\/09\/DESEO-ebook-swiateczny-01.jpg","width":1184,"height":790,"caption":"\u015awi\u0105teczny ebook DESEO"},{"@type":"BreadcrumbList","@id":"https:\/\/deseopatisserie.com\/de\/produkt\/deseo-schokolade-e-book\/#breadcrumb","itemListElement":[{"@type":"ListItem","position":1,"name":"Strona g\u0142\u00f3wna","item":"https:\/\/deseopatisserie.com\/de\/homepage\/"},{"@type":"ListItem","position":2,"name":"DESEO Weihnachten E-Book"}]},{"@type":"WebSite","@id":"https:\/\/deseopatisserie.com\/de\/#website","url":"https:\/\/deseopatisserie.com\/de\/","name":"DESEO","description":"Patisserie &amp; Chocolaterie","potentialAction":[{"@type":"SearchAction","target":{"@type":"EntryPoint","urlTemplate":"https:\/\/deseopatisserie.com\/de\/?s={search_term_string}"},"query-input":{"@type":"PropertyValueSpecification","valueRequired":true,"valueName":"search_term_string"}}],"inLanguage":"de"}]}},"_links":{"self":[{"href":"https:\/\/deseopatisserie.com\/de\/wp-json\/wp\/v2\/product\/91830","targetHints":{"allow":["GET"]}}],"collection":[{"href":"https:\/\/deseopatisserie.com\/de\/wp-json\/wp\/v2\/product"}],"about":[{"href":"https:\/\/deseopatisserie.com\/de\/wp-json\/wp\/v2\/types\/product"}],"wp:featuredmedia":[{"embeddable":true,"href":"https:\/\/deseopatisserie.com\/de\/wp-json\/wp\/v2\/media\/98698"}],"wp:attachment":[{"href":"https:\/\/deseopatisserie.com\/de\/wp-json\/wp\/v2\/media?parent=91830"}],"wp:term":[{"taxonomy":"product_brand","embeddable":true,"href":"https:\/\/deseopatisserie.com\/de\/wp-json\/wp\/v2\/product_brand?post=91830"},{"taxonomy":"product_cat","embeddable":true,"href":"https:\/\/deseopatisserie.com\/de\/wp-json\/wp\/v2\/product_cat?post=91830"},{"taxonomy":"product_tag","embeddable":true,"href":"https:\/\/deseopatisserie.com\/de\/wp-json\/wp\/v2\/product_tag?post=91830"}],"curies":[{"name":"wp","href":"https:\/\/api.w.org\/{rel}","templated":true}]}}