{"id":91809,"date":"2024-03-05T16:01:20","date_gmt":"2024-03-05T15:01:20","guid":{"rendered":"https:\/\/deseopatisserie.com\/produkt\/obstkuchen-mit-trockenfruechten\/"},"modified":"2025-04-02T15:39:36","modified_gmt":"2025-04-02T13:39:36","slug":"obstkuchen-mit-trockenfruechten","status":"publish","type":"product","link":"https:\/\/deseopatisserie.com\/de\/produkt\/obstkuchen-mit-trockenfruechten\/","title":{"rendered":"Obstkuchen mit Trockenfr\u00fcchten"},"content":{"rendered":"","protected":false},"excerpt":{"rendered":"<p><span data-olk-copy-source=\"MessageBody\">Trockenfr\u00fcchtekuchen \/ Trockenfr\u00fcchte \/ Rum \/ Mandelcreme mit Amaretto \/ Goldkaramellschokolade \/ Paillet\u00e9 Feuilletine Chips<\/span><\/p>\n<p><span data-olk-copy-source=\"MessageBody\">Du liebst diesen Obstkuchen zu Weihnachten, aber er passt auch perfekt auf den Ostertisch! K\u00f6stlicher saftiger Obstkuchen mit getrockneten Fr\u00fcchten, getr\u00e4nkt in Rum und Vanillesirup. Oben drauf erwartet dich eine Schicht Mandelcreme mit Amaretto, und das Ganze ist mit einem \u00dcberzug auf Basis von Gold-Karamell-Schokolade und franz\u00f6sischen Paillet\u00e9-Feuilletine-Chips \u00fcberzogen. M\u00c4RCHEN!   <\/span><\/p>\n<p>Gewicht ca. 840 g <\/p>\n","protected":false},"featured_media":85310,"template":"","meta":{"_acf_changed":false},"product_brand":[],"product_cat":[2699,2698],"product_tag":[],"class_list":{"0":"post-91809","1":"product","2":"type-product","3":"status-publish","4":"has-post-thumbnail","6":"product_cat-kuchen-de","7":"product_cat-ostern","9":"first","10":"instock","11":"taxable","12":"shipping-taxable","13":"purchasable","14":"product-type-simple"},"acf":[],"yoast_head":"<!-- This site is optimized with the Yoast SEO plugin v27.5 - https:\/\/yoast.com\/product\/yoast-seo-wordpress\/ -->\n<title>Obstkuchen mit Trockenfr\u00fcchten - Cukiernia DESEO Warszawa<\/title>\n<meta name=\"description\" content=\"Vollgepackt mit getrockneten Fruchtst\u00fccken, getr\u00e4nkt in Rum mit einem knusprigen Topping, l\u00e4sst der Obstkuchen Sie nicht aufh\u00f6ren, ihn zu essen! Die Wirkung ist K\u00d6STLICH!\" \/>\n<meta name=\"robots\" content=\"index, follow, max-snippet:-1, max-image-preview:large, max-video-preview:-1\" \/>\n<link rel=\"canonical\" href=\"https:\/\/deseopatisserie.com\/de\/produkt\/obstkuchen-mit-trockenfruechten\/\" \/>\n<meta property=\"og:locale\" content=\"de_DE\" \/>\n<meta property=\"og:type\" content=\"article\" \/>\n<meta property=\"og:title\" content=\"DESEO Obstkuchen aus Trockenfr\u00fcchten\" \/>\n<meta property=\"og:description\" content=\"Vollgepackt mit Nussst\u00fccken und Trockenfr\u00fcchten, getr\u00e4nkt in Rum mit einem knusprigen Belag, l\u00e4sst der Obstkuchen nicht aufh\u00f6ren, ihn zu essen! Die Wirkung ist K\u00d6STLICH!\" \/>\n<meta property=\"og:url\" content=\"https:\/\/deseopatisserie.com\/de\/produkt\/obstkuchen-mit-trockenfruechten\/\" \/>\n<meta property=\"og:site_name\" content=\"DESEO\" \/>\n<meta property=\"article:modified_time\" content=\"2025-04-02T13:39:36+00:00\" \/>\n<meta property=\"og:image\" content=\"https:\/\/deseopatisserie.com\/wp-content\/uploads\/2024\/03\/DESEO-Wielkanoc_KEKS-BAKALIOWY-3-1024x683.jpg\" \/>\n<meta name=\"twitter:card\" content=\"summary_large_image\" \/>\n<script type=\"application\/ld+json\" class=\"yoast-schema-graph\">{\"@context\":\"https:\\\/\\\/schema.org\",\"@graph\":[{\"@type\":\"WebPage\",\"@id\":\"https:\\\/\\\/deseopatisserie.com\\\/de\\\/produkt\\\/obstkuchen-mit-trockenfruechten\\\/\",\"url\":\"https:\\\/\\\/deseopatisserie.com\\\/de\\\/produkt\\\/obstkuchen-mit-trockenfruechten\\\/\",\"name\":\"Obstkuchen mit Trockenfr\u00fcchten - Cukiernia DESEO Warszawa\",\"isPartOf\":{\"@id\":\"https:\\\/\\\/deseopatisserie.com\\\/de\\\/#website\"},\"primaryImageOfPage\":{\"@id\":\"https:\\\/\\\/deseopatisserie.com\\\/de\\\/produkt\\\/obstkuchen-mit-trockenfruechten\\\/#primaryimage\"},\"image\":{\"@id\":\"https:\\\/\\\/deseopatisserie.com\\\/de\\\/produkt\\\/obstkuchen-mit-trockenfruechten\\\/#primaryimage\"},\"thumbnailUrl\":\"https:\\\/\\\/deseopatisserie.com\\\/\\\/wp-content\\\/uploads\\\/2024\\\/03\\\/DESEO-Wielkanoc_KEKS-BAKALIOWY-70000.jpg\",\"datePublished\":\"2024-03-05T15:01:20+00:00\",\"dateModified\":\"2025-04-02T13:39:36+00:00\",\"description\":\"Vollgepackt mit getrockneten Fruchtst\u00fccken, getr\u00e4nkt in Rum mit einem knusprigen Topping, l\u00e4sst der Obstkuchen Sie nicht aufh\u00f6ren, ihn zu essen! Die Wirkung ist K\u00d6STLICH!\",\"breadcrumb\":{\"@id\":\"https:\\\/\\\/deseopatisserie.com\\\/de\\\/produkt\\\/obstkuchen-mit-trockenfruechten\\\/#breadcrumb\"},\"inLanguage\":\"de\",\"potentialAction\":[{\"@type\":\"ReadAction\",\"target\":[\"https:\\\/\\\/deseopatisserie.com\\\/de\\\/produkt\\\/obstkuchen-mit-trockenfruechten\\\/\"]}]},{\"@type\":\"ImageObject\",\"inLanguage\":\"de\",\"@id\":\"https:\\\/\\\/deseopatisserie.com\\\/de\\\/produkt\\\/obstkuchen-mit-trockenfruechten\\\/#primaryimage\",\"url\":\"https:\\\/\\\/deseopatisserie.com\\\/\\\/wp-content\\\/uploads\\\/2024\\\/03\\\/DESEO-Wielkanoc_KEKS-BAKALIOWY-70000.jpg\",\"contentUrl\":\"https:\\\/\\\/deseopatisserie.com\\\/\\\/wp-content\\\/uploads\\\/2024\\\/03\\\/DESEO-Wielkanoc_KEKS-BAKALIOWY-70000.jpg\",\"width\":2273,\"height\":1429},{\"@type\":\"BreadcrumbList\",\"@id\":\"https:\\\/\\\/deseopatisserie.com\\\/de\\\/produkt\\\/obstkuchen-mit-trockenfruechten\\\/#breadcrumb\",\"itemListElement\":[{\"@type\":\"ListItem\",\"position\":1,\"name\":\"Strona g\u0142\u00f3wna\",\"item\":\"https:\\\/\\\/deseopatisserie.com\\\/de\\\/homepage\\\/\"},{\"@type\":\"ListItem\",\"position\":2,\"name\":\"Prywatne: Obstkuchen mit Trockenfr\u00fcchten\"}]},{\"@type\":\"WebSite\",\"@id\":\"https:\\\/\\\/deseopatisserie.com\\\/de\\\/#website\",\"url\":\"https:\\\/\\\/deseopatisserie.com\\\/de\\\/\",\"name\":\"DESEO\",\"description\":\"Patisserie &amp; Chocolaterie\",\"potentialAction\":[{\"@type\":\"SearchAction\",\"target\":{\"@type\":\"EntryPoint\",\"urlTemplate\":\"https:\\\/\\\/deseopatisserie.com\\\/de\\\/?s={search_term_string}\"},\"query-input\":{\"@type\":\"PropertyValueSpecification\",\"valueRequired\":true,\"valueName\":\"search_term_string\"}}],\"inLanguage\":\"de\"}]}<\/script>\n<!-- \/ Yoast SEO plugin. -->","yoast_head_json":{"title":"Obstkuchen mit Trockenfr\u00fcchten - Cukiernia DESEO Warszawa","description":"Vollgepackt mit getrockneten Fruchtst\u00fccken, getr\u00e4nkt in Rum mit einem knusprigen Topping, l\u00e4sst der Obstkuchen Sie nicht aufh\u00f6ren, ihn zu essen! Die Wirkung ist K\u00d6STLICH!","robots":{"index":"index","follow":"follow","max-snippet":"max-snippet:-1","max-image-preview":"max-image-preview:large","max-video-preview":"max-video-preview:-1"},"canonical":"https:\/\/deseopatisserie.com\/de\/produkt\/obstkuchen-mit-trockenfruechten\/","og_locale":"de_DE","og_type":"article","og_title":"DESEO Obstkuchen aus Trockenfr\u00fcchten","og_description":"Vollgepackt mit Nussst\u00fccken und Trockenfr\u00fcchten, getr\u00e4nkt in Rum mit einem knusprigen Belag, l\u00e4sst der Obstkuchen nicht aufh\u00f6ren, ihn zu essen! Die Wirkung ist K\u00d6STLICH!","og_url":"https:\/\/deseopatisserie.com\/de\/produkt\/obstkuchen-mit-trockenfruechten\/","og_site_name":"DESEO","article_modified_time":"2025-04-02T13:39:36+00:00","og_image":[{"url":"https:\/\/deseopatisserie.com\/wp-content\/uploads\/2024\/03\/DESEO-Wielkanoc_KEKS-BAKALIOWY-3-1024x683.jpg","type":"","width":"","height":""}],"twitter_card":"summary_large_image","schema":{"@context":"https:\/\/schema.org","@graph":[{"@type":"WebPage","@id":"https:\/\/deseopatisserie.com\/de\/produkt\/obstkuchen-mit-trockenfruechten\/","url":"https:\/\/deseopatisserie.com\/de\/produkt\/obstkuchen-mit-trockenfruechten\/","name":"Obstkuchen mit Trockenfr\u00fcchten - Cukiernia DESEO Warszawa","isPartOf":{"@id":"https:\/\/deseopatisserie.com\/de\/#website"},"primaryImageOfPage":{"@id":"https:\/\/deseopatisserie.com\/de\/produkt\/obstkuchen-mit-trockenfruechten\/#primaryimage"},"image":{"@id":"https:\/\/deseopatisserie.com\/de\/produkt\/obstkuchen-mit-trockenfruechten\/#primaryimage"},"thumbnailUrl":"https:\/\/deseopatisserie.com\/\/wp-content\/uploads\/2024\/03\/DESEO-Wielkanoc_KEKS-BAKALIOWY-70000.jpg","datePublished":"2024-03-05T15:01:20+00:00","dateModified":"2025-04-02T13:39:36+00:00","description":"Vollgepackt mit getrockneten Fruchtst\u00fccken, getr\u00e4nkt in Rum mit einem knusprigen Topping, l\u00e4sst der Obstkuchen Sie nicht aufh\u00f6ren, ihn zu essen! Die Wirkung ist K\u00d6STLICH!","breadcrumb":{"@id":"https:\/\/deseopatisserie.com\/de\/produkt\/obstkuchen-mit-trockenfruechten\/#breadcrumb"},"inLanguage":"de","potentialAction":[{"@type":"ReadAction","target":["https:\/\/deseopatisserie.com\/de\/produkt\/obstkuchen-mit-trockenfruechten\/"]}]},{"@type":"ImageObject","inLanguage":"de","@id":"https:\/\/deseopatisserie.com\/de\/produkt\/obstkuchen-mit-trockenfruechten\/#primaryimage","url":"https:\/\/deseopatisserie.com\/\/wp-content\/uploads\/2024\/03\/DESEO-Wielkanoc_KEKS-BAKALIOWY-70000.jpg","contentUrl":"https:\/\/deseopatisserie.com\/\/wp-content\/uploads\/2024\/03\/DESEO-Wielkanoc_KEKS-BAKALIOWY-70000.jpg","width":2273,"height":1429},{"@type":"BreadcrumbList","@id":"https:\/\/deseopatisserie.com\/de\/produkt\/obstkuchen-mit-trockenfruechten\/#breadcrumb","itemListElement":[{"@type":"ListItem","position":1,"name":"Strona g\u0142\u00f3wna","item":"https:\/\/deseopatisserie.com\/de\/homepage\/"},{"@type":"ListItem","position":2,"name":"Prywatne: Obstkuchen mit Trockenfr\u00fcchten"}]},{"@type":"WebSite","@id":"https:\/\/deseopatisserie.com\/de\/#website","url":"https:\/\/deseopatisserie.com\/de\/","name":"DESEO","description":"Patisserie &amp; Chocolaterie","potentialAction":[{"@type":"SearchAction","target":{"@type":"EntryPoint","urlTemplate":"https:\/\/deseopatisserie.com\/de\/?s={search_term_string}"},"query-input":{"@type":"PropertyValueSpecification","valueRequired":true,"valueName":"search_term_string"}}],"inLanguage":"de"}]}},"_links":{"self":[{"href":"https:\/\/deseopatisserie.com\/de\/wp-json\/wp\/v2\/product\/91809","targetHints":{"allow":["GET"]}}],"collection":[{"href":"https:\/\/deseopatisserie.com\/de\/wp-json\/wp\/v2\/product"}],"about":[{"href":"https:\/\/deseopatisserie.com\/de\/wp-json\/wp\/v2\/types\/product"}],"wp:featuredmedia":[{"embeddable":true,"href":"https:\/\/deseopatisserie.com\/de\/wp-json\/wp\/v2\/media\/85310"}],"wp:attachment":[{"href":"https:\/\/deseopatisserie.com\/de\/wp-json\/wp\/v2\/media?parent=91809"}],"wp:term":[{"taxonomy":"product_brand","embeddable":true,"href":"https:\/\/deseopatisserie.com\/de\/wp-json\/wp\/v2\/product_brand?post=91809"},{"taxonomy":"product_cat","embeddable":true,"href":"https:\/\/deseopatisserie.com\/de\/wp-json\/wp\/v2\/product_cat?post=91809"},{"taxonomy":"product_tag","embeddable":true,"href":"https:\/\/deseopatisserie.com\/de\/wp-json\/wp\/v2\/product_tag?post=91809"}],"curies":[{"name":"wp","href":"https:\/\/api.w.org\/{rel}","templated":true}]}}