{"id":91804,"date":"2024-03-06T09:33:08","date_gmt":"2024-03-06T08:33:08","guid":{"rendered":"https:\/\/deseopatisserie.com\/produkt\/zitrone-mohn-obstkuchen\/"},"modified":"2025-04-02T15:39:34","modified_gmt":"2025-04-02T13:39:34","slug":"zitrone-mohn-obstkuchen","status":"publish","type":"product","link":"https:\/\/deseopatisserie.com\/de\/produkt\/zitrone-mohn-obstkuchen\/","title":{"rendered":"Zitrone &amp; Mohn Obstkuchen"},"content":{"rendered":"","protected":false},"excerpt":{"rendered":"<p>saftiger Zitronen-Fr\u00fcchtekuchen mit Mohn \/ Zitrussirup auf Basis von Zitrone, Bergamotte und Yuzu-Saft \/ cremiger Zitrusquark auf Basis von Zitronen, Bergamotte und Yuzu \/ wei\u00dfer Schokoladen\u00fcberzug<\/p>\n<p>Zitrone &amp; Mohn ist eine klassische Kombination, die perfekt zum Fr\u00fchling und Ostern passt, aber nat\u00fcrlich auch zu unserem DESEO-Twist. Den Zitronen-Fr\u00fcchtekuchen mit Mohn haben wir mit einem Sirup auf Basis von Zitronen, Bergamotte und Yuzu getr\u00e4nkt. Darauf legen wir einen angenehm erfrischenden Zitrusquark. Auch hier wird der Geschmack durch die Kombination von Geschmacksnoten von Zitronen, Bergamotte und Yuzu beeinflusst! Eine sensationelle Kombination f\u00fcr alle, die leicht s\u00e4uerliche S\u00fc\u00dfigkeiten lieben! Das Ganze haben wir mit wei\u00dfer Schokolade \u00fcberzogen und mit Schokokreisen verziert.     <\/p>\n<p>Gewicht ca. 830 g <\/p>\n","protected":false},"featured_media":85308,"template":"","meta":{"_acf_changed":false},"product_brand":[],"product_cat":[2699,2698],"product_tag":[],"class_list":{"0":"post-91804","1":"product","2":"type-product","3":"status-publish","4":"has-post-thumbnail","6":"product_cat-kuchen-de","7":"product_cat-ostern","9":"first","10":"outofstock","11":"taxable","12":"shipping-taxable","13":"purchasable","14":"product-type-simple"},"acf":[],"yoast_head":"<!-- This site is optimized with the Yoast SEO plugin v27.4 - https:\/\/yoast.com\/product\/yoast-seo-wordpress\/ -->\n<title>Zitrone &amp; Mohn Obstkuchen - Cukiernia DESEO Warszawa<\/title>\n<meta name=\"description\" content=\"Zitrone &amp; Mohn ist eine klassische Kombination, die perfekt zum Fr\u00fchling und Ostern passt! Eine sensationelle Kombination f\u00fcr alle, die leicht s\u00e4uerliche S\u00fc\u00dfigkeiten lieben.\" \/>\n<meta name=\"robots\" content=\"index, follow, max-snippet:-1, max-image-preview:large, max-video-preview:-1\" \/>\n<link rel=\"canonical\" href=\"https:\/\/deseopatisserie.com\/de\/produkt\/zitrone-mohn-obstkuchen\/\" \/>\n<meta property=\"og:locale\" content=\"de_DE\" \/>\n<meta property=\"og:type\" content=\"article\" \/>\n<meta property=\"og:title\" content=\"DESEO Zitrone &amp; Mohn Obstkuchen\" \/>\n<meta property=\"og:description\" content=\"Zitrone &amp; Mohn ist eine klassische Kombination, die perfekt zum Fr\u00fchling und Ostern passt! Eine sensationelle Kombination f\u00fcr alle, die leicht s\u00e4uerliche S\u00fc\u00dfigkeiten lieben.\" \/>\n<meta property=\"og:url\" content=\"https:\/\/deseopatisserie.com\/de\/produkt\/zitrone-mohn-obstkuchen\/\" \/>\n<meta property=\"og:site_name\" content=\"DESEO\" \/>\n<meta property=\"article:modified_time\" content=\"2025-04-02T13:39:34+00:00\" \/>\n<meta property=\"og:image\" content=\"https:\/\/deseopatisserie.com\/wp-content\/uploads\/2024\/03\/DESEO_Wielkanoc_keks-Lemon-Poppy-3-1024x683.jpg\" \/>\n<meta name=\"twitter:card\" content=\"summary_large_image\" \/>\n<script type=\"application\/ld+json\" class=\"yoast-schema-graph\">{\"@context\":\"https:\\\/\\\/schema.org\",\"@graph\":[{\"@type\":\"WebPage\",\"@id\":\"https:\\\/\\\/deseopatisserie.com\\\/de\\\/produkt\\\/zitrone-mohn-obstkuchen\\\/\",\"url\":\"https:\\\/\\\/deseopatisserie.com\\\/de\\\/produkt\\\/zitrone-mohn-obstkuchen\\\/\",\"name\":\"Zitrone &amp; Mohn Obstkuchen - Cukiernia DESEO Warszawa\",\"isPartOf\":{\"@id\":\"https:\\\/\\\/deseopatisserie.com\\\/de\\\/#website\"},\"primaryImageOfPage\":{\"@id\":\"https:\\\/\\\/deseopatisserie.com\\\/de\\\/produkt\\\/zitrone-mohn-obstkuchen\\\/#primaryimage\"},\"image\":{\"@id\":\"https:\\\/\\\/deseopatisserie.com\\\/de\\\/produkt\\\/zitrone-mohn-obstkuchen\\\/#primaryimage\"},\"thumbnailUrl\":\"https:\\\/\\\/deseopatisserie.com\\\/\\\/wp-content\\\/uploads\\\/2024\\\/03\\\/DESEO_Wielkanoc_keks-Lemon-Poppy-400-scaled.jpg\",\"datePublished\":\"2024-03-06T08:33:08+00:00\",\"dateModified\":\"2025-04-02T13:39:34+00:00\",\"description\":\"Zitrone & Mohn ist eine klassische Kombination, die perfekt zum Fr\u00fchling und Ostern passt! Eine sensationelle Kombination f\u00fcr alle, die leicht s\u00e4uerliche S\u00fc\u00dfigkeiten lieben.\",\"breadcrumb\":{\"@id\":\"https:\\\/\\\/deseopatisserie.com\\\/de\\\/produkt\\\/zitrone-mohn-obstkuchen\\\/#breadcrumb\"},\"inLanguage\":\"de\",\"potentialAction\":[{\"@type\":\"ReadAction\",\"target\":[\"https:\\\/\\\/deseopatisserie.com\\\/de\\\/produkt\\\/zitrone-mohn-obstkuchen\\\/\"]}]},{\"@type\":\"ImageObject\",\"inLanguage\":\"de\",\"@id\":\"https:\\\/\\\/deseopatisserie.com\\\/de\\\/produkt\\\/zitrone-mohn-obstkuchen\\\/#primaryimage\",\"url\":\"https:\\\/\\\/deseopatisserie.com\\\/\\\/wp-content\\\/uploads\\\/2024\\\/03\\\/DESEO_Wielkanoc_keks-Lemon-Poppy-400-scaled.jpg\",\"contentUrl\":\"https:\\\/\\\/deseopatisserie.com\\\/\\\/wp-content\\\/uploads\\\/2024\\\/03\\\/DESEO_Wielkanoc_keks-Lemon-Poppy-400-scaled.jpg\",\"width\":2560,\"height\":1436},{\"@type\":\"BreadcrumbList\",\"@id\":\"https:\\\/\\\/deseopatisserie.com\\\/de\\\/produkt\\\/zitrone-mohn-obstkuchen\\\/#breadcrumb\",\"itemListElement\":[{\"@type\":\"ListItem\",\"position\":1,\"name\":\"Strona g\u0142\u00f3wna\",\"item\":\"https:\\\/\\\/deseopatisserie.com\\\/de\\\/homepage\\\/\"},{\"@type\":\"ListItem\",\"position\":2,\"name\":\"Zitrone &amp; Mohn Obstkuchen\"}]},{\"@type\":\"WebSite\",\"@id\":\"https:\\\/\\\/deseopatisserie.com\\\/de\\\/#website\",\"url\":\"https:\\\/\\\/deseopatisserie.com\\\/de\\\/\",\"name\":\"DESEO\",\"description\":\"Patisserie &amp; Chocolaterie\",\"potentialAction\":[{\"@type\":\"SearchAction\",\"target\":{\"@type\":\"EntryPoint\",\"urlTemplate\":\"https:\\\/\\\/deseopatisserie.com\\\/de\\\/?s={search_term_string}\"},\"query-input\":{\"@type\":\"PropertyValueSpecification\",\"valueRequired\":true,\"valueName\":\"search_term_string\"}}],\"inLanguage\":\"de\"}]}<\/script>\n<!-- \/ Yoast SEO plugin. -->","yoast_head_json":{"title":"Zitrone &amp; Mohn Obstkuchen - Cukiernia DESEO Warszawa","description":"Zitrone & Mohn ist eine klassische Kombination, die perfekt zum Fr\u00fchling und Ostern passt! Eine sensationelle Kombination f\u00fcr alle, die leicht s\u00e4uerliche S\u00fc\u00dfigkeiten lieben.","robots":{"index":"index","follow":"follow","max-snippet":"max-snippet:-1","max-image-preview":"max-image-preview:large","max-video-preview":"max-video-preview:-1"},"canonical":"https:\/\/deseopatisserie.com\/de\/produkt\/zitrone-mohn-obstkuchen\/","og_locale":"de_DE","og_type":"article","og_title":"DESEO Zitrone & Mohn Obstkuchen","og_description":"Zitrone & Mohn ist eine klassische Kombination, die perfekt zum Fr\u00fchling und Ostern passt! Eine sensationelle Kombination f\u00fcr alle, die leicht s\u00e4uerliche S\u00fc\u00dfigkeiten lieben.","og_url":"https:\/\/deseopatisserie.com\/de\/produkt\/zitrone-mohn-obstkuchen\/","og_site_name":"DESEO","article_modified_time":"2025-04-02T13:39:34+00:00","og_image":[{"url":"https:\/\/deseopatisserie.com\/wp-content\/uploads\/2024\/03\/DESEO_Wielkanoc_keks-Lemon-Poppy-3-1024x683.jpg","type":"","width":"","height":""}],"twitter_card":"summary_large_image","schema":{"@context":"https:\/\/schema.org","@graph":[{"@type":"WebPage","@id":"https:\/\/deseopatisserie.com\/de\/produkt\/zitrone-mohn-obstkuchen\/","url":"https:\/\/deseopatisserie.com\/de\/produkt\/zitrone-mohn-obstkuchen\/","name":"Zitrone &amp; Mohn Obstkuchen - Cukiernia DESEO Warszawa","isPartOf":{"@id":"https:\/\/deseopatisserie.com\/de\/#website"},"primaryImageOfPage":{"@id":"https:\/\/deseopatisserie.com\/de\/produkt\/zitrone-mohn-obstkuchen\/#primaryimage"},"image":{"@id":"https:\/\/deseopatisserie.com\/de\/produkt\/zitrone-mohn-obstkuchen\/#primaryimage"},"thumbnailUrl":"https:\/\/deseopatisserie.com\/\/wp-content\/uploads\/2024\/03\/DESEO_Wielkanoc_keks-Lemon-Poppy-400-scaled.jpg","datePublished":"2024-03-06T08:33:08+00:00","dateModified":"2025-04-02T13:39:34+00:00","description":"Zitrone & Mohn ist eine klassische Kombination, die perfekt zum Fr\u00fchling und Ostern passt! Eine sensationelle Kombination f\u00fcr alle, die leicht s\u00e4uerliche S\u00fc\u00dfigkeiten lieben.","breadcrumb":{"@id":"https:\/\/deseopatisserie.com\/de\/produkt\/zitrone-mohn-obstkuchen\/#breadcrumb"},"inLanguage":"de","potentialAction":[{"@type":"ReadAction","target":["https:\/\/deseopatisserie.com\/de\/produkt\/zitrone-mohn-obstkuchen\/"]}]},{"@type":"ImageObject","inLanguage":"de","@id":"https:\/\/deseopatisserie.com\/de\/produkt\/zitrone-mohn-obstkuchen\/#primaryimage","url":"https:\/\/deseopatisserie.com\/\/wp-content\/uploads\/2024\/03\/DESEO_Wielkanoc_keks-Lemon-Poppy-400-scaled.jpg","contentUrl":"https:\/\/deseopatisserie.com\/\/wp-content\/uploads\/2024\/03\/DESEO_Wielkanoc_keks-Lemon-Poppy-400-scaled.jpg","width":2560,"height":1436},{"@type":"BreadcrumbList","@id":"https:\/\/deseopatisserie.com\/de\/produkt\/zitrone-mohn-obstkuchen\/#breadcrumb","itemListElement":[{"@type":"ListItem","position":1,"name":"Strona g\u0142\u00f3wna","item":"https:\/\/deseopatisserie.com\/de\/homepage\/"},{"@type":"ListItem","position":2,"name":"Zitrone &amp; Mohn Obstkuchen"}]},{"@type":"WebSite","@id":"https:\/\/deseopatisserie.com\/de\/#website","url":"https:\/\/deseopatisserie.com\/de\/","name":"DESEO","description":"Patisserie &amp; Chocolaterie","potentialAction":[{"@type":"SearchAction","target":{"@type":"EntryPoint","urlTemplate":"https:\/\/deseopatisserie.com\/de\/?s={search_term_string}"},"query-input":{"@type":"PropertyValueSpecification","valueRequired":true,"valueName":"search_term_string"}}],"inLanguage":"de"}]}},"_links":{"self":[{"href":"https:\/\/deseopatisserie.com\/de\/wp-json\/wp\/v2\/product\/91804","targetHints":{"allow":["GET"]}}],"collection":[{"href":"https:\/\/deseopatisserie.com\/de\/wp-json\/wp\/v2\/product"}],"about":[{"href":"https:\/\/deseopatisserie.com\/de\/wp-json\/wp\/v2\/types\/product"}],"wp:featuredmedia":[{"embeddable":true,"href":"https:\/\/deseopatisserie.com\/de\/wp-json\/wp\/v2\/media\/85308"}],"wp:attachment":[{"href":"https:\/\/deseopatisserie.com\/de\/wp-json\/wp\/v2\/media?parent=91804"}],"wp:term":[{"taxonomy":"product_brand","embeddable":true,"href":"https:\/\/deseopatisserie.com\/de\/wp-json\/wp\/v2\/product_brand?post=91804"},{"taxonomy":"product_cat","embeddable":true,"href":"https:\/\/deseopatisserie.com\/de\/wp-json\/wp\/v2\/product_cat?post=91804"},{"taxonomy":"product_tag","embeddable":true,"href":"https:\/\/deseopatisserie.com\/de\/wp-json\/wp\/v2\/product_tag?post=91804"}],"curies":[{"name":"wp","href":"https:\/\/api.w.org\/{rel}","templated":true}]}}