{"id":91802,"date":"2024-03-06T09:32:36","date_gmt":"2024-03-06T08:32:36","guid":{"rendered":"https:\/\/deseopatisserie.com\/produkt\/haselnuss-mazurek\/"},"modified":"2025-04-02T15:39:39","modified_gmt":"2025-04-02T13:39:39","slug":"haselnuss-mazurek","status":"publish","type":"product","link":"https:\/\/deseopatisserie.com\/de\/produkt\/haselnuss-mazurek\/","title":{"rendered":"Haselnuss Mazurek"},"content":{"rendered":"","protected":false},"excerpt":{"rendered":"<p>Haselnusscreme \/ Haselnuss Financier \/ Johannisbeermarmelade \/ Gold Caramel Chocolate Crisp und Haseln\u00fcsse<\/p>\n<p>Sie alle haben sich in unsere Version der Pistazien-Mazurka verliebt, die seit Jahren zu Ostern zur\u00fcckkehrt! In diesem Jahr gesellte sich eine neue Mazurka dazu &#8211; diesmal ist die Hauptfigur die HASELNUSS. Auf der Basis von 100% Haselnusspaste und Nusspraline haben wir eine k\u00f6stlich nussige Creme und saftigen Financier kreiert. Wir haben den Kuchen mit Johannisbeermarmelade geschichtet, die den s\u00fc\u00dfen Geschmack von Sahne und N\u00fcssen wunderbar bricht. Unten erwartet dich ein knuspriger Crisp \u2013 diesmal auf Basis von Gold-Karamell-Schokolade, 100% Haselnusspaste und Haselnussst\u00fcckchen.    <\/p>\n<p>Gewicht ca. 960 g <\/p>\n","protected":false},"featured_media":85296,"template":"","meta":{"_acf_changed":false},"product_brand":[],"product_cat":[2698],"product_tag":[],"class_list":{"0":"post-91802","1":"product","2":"type-product","3":"status-publish","4":"has-post-thumbnail","6":"product_cat-ostern","8":"first","9":"outofstock","10":"taxable","11":"shipping-taxable","12":"purchasable","13":"product-type-simple"},"acf":[],"yoast_head":"<!-- This site is optimized with the Yoast SEO plugin v27.5 - https:\/\/yoast.com\/product\/yoast-seo-wordpress\/ -->\n<title>Haselnuss Mazurek - Cukiernia DESEO Warszawa<\/title>\n<meta name=\"description\" content=\"Ihr alle liebt die Pistazien-Mazurek, die seit Jahren zu Ostern zur\u00fcckkommt! In diesem Jahr kam eine neue hinzu - Mazurek Orzech Haselnuss.\" \/>\n<meta name=\"robots\" content=\"index, follow, max-snippet:-1, max-image-preview:large, max-video-preview:-1\" \/>\n<link rel=\"canonical\" href=\"https:\/\/deseopatisserie.com\/de\/produkt\/haselnuss-mazurek\/\" \/>\n<meta property=\"og:locale\" content=\"de_DE\" \/>\n<meta property=\"og:type\" content=\"article\" \/>\n<meta property=\"og:title\" content=\"DESEO Haselnuss Mazurek\" \/>\n<meta property=\"og:description\" content=\"Ihr alle liebt die Pistazien-Mazurek, die seit Jahren zu Ostern zur\u00fcckkommt! In diesem Jahr kam eine neue hinzu - Mazurek Orzech Haselnuss.\" \/>\n<meta property=\"og:url\" content=\"https:\/\/deseopatisserie.com\/de\/produkt\/haselnuss-mazurek\/\" \/>\n<meta property=\"og:site_name\" content=\"DESEO\" \/>\n<meta property=\"article:modified_time\" content=\"2025-04-02T13:39:39+00:00\" \/>\n<meta property=\"og:image\" content=\"https:\/\/deseopatisserie.com\/wp-content\/uploads\/2024\/03\/DESEO-Wielkanoc_Mazurek-Orzech-Laskowy-7-1024x683.jpg\" \/>\n<meta name=\"twitter:card\" content=\"summary_large_image\" \/>\n<script type=\"application\/ld+json\" class=\"yoast-schema-graph\">{\"@context\":\"https:\\\/\\\/schema.org\",\"@graph\":[{\"@type\":\"WebPage\",\"@id\":\"https:\\\/\\\/deseopatisserie.com\\\/de\\\/produkt\\\/haselnuss-mazurek\\\/\",\"url\":\"https:\\\/\\\/deseopatisserie.com\\\/de\\\/produkt\\\/haselnuss-mazurek\\\/\",\"name\":\"Haselnuss Mazurek - Cukiernia DESEO Warszawa\",\"isPartOf\":{\"@id\":\"https:\\\/\\\/deseopatisserie.com\\\/de\\\/#website\"},\"primaryImageOfPage\":{\"@id\":\"https:\\\/\\\/deseopatisserie.com\\\/de\\\/produkt\\\/haselnuss-mazurek\\\/#primaryimage\"},\"image\":{\"@id\":\"https:\\\/\\\/deseopatisserie.com\\\/de\\\/produkt\\\/haselnuss-mazurek\\\/#primaryimage\"},\"thumbnailUrl\":\"https:\\\/\\\/deseopatisserie.com\\\/\\\/wp-content\\\/uploads\\\/2024\\\/03\\\/DESEO-Wielkanoc_Mazurek-Orzech-Laskowy-8-scaled.jpg\",\"datePublished\":\"2024-03-06T08:32:36+00:00\",\"dateModified\":\"2025-04-02T13:39:39+00:00\",\"description\":\"Ihr alle liebt die Pistazien-Mazurek, die seit Jahren zu Ostern zur\u00fcckkommt! In diesem Jahr kam eine neue hinzu - Mazurek Orzech Haselnuss.\",\"breadcrumb\":{\"@id\":\"https:\\\/\\\/deseopatisserie.com\\\/de\\\/produkt\\\/haselnuss-mazurek\\\/#breadcrumb\"},\"inLanguage\":\"de\",\"potentialAction\":[{\"@type\":\"ReadAction\",\"target\":[\"https:\\\/\\\/deseopatisserie.com\\\/de\\\/produkt\\\/haselnuss-mazurek\\\/\"]}]},{\"@type\":\"ImageObject\",\"inLanguage\":\"de\",\"@id\":\"https:\\\/\\\/deseopatisserie.com\\\/de\\\/produkt\\\/haselnuss-mazurek\\\/#primaryimage\",\"url\":\"https:\\\/\\\/deseopatisserie.com\\\/\\\/wp-content\\\/uploads\\\/2024\\\/03\\\/DESEO-Wielkanoc_Mazurek-Orzech-Laskowy-8-scaled.jpg\",\"contentUrl\":\"https:\\\/\\\/deseopatisserie.com\\\/\\\/wp-content\\\/uploads\\\/2024\\\/03\\\/DESEO-Wielkanoc_Mazurek-Orzech-Laskowy-8-scaled.jpg\",\"width\":2560,\"height\":1707,\"caption\":\"DESEO Mazurek Orzech Laskowy\"},{\"@type\":\"BreadcrumbList\",\"@id\":\"https:\\\/\\\/deseopatisserie.com\\\/de\\\/produkt\\\/haselnuss-mazurek\\\/#breadcrumb\",\"itemListElement\":[{\"@type\":\"ListItem\",\"position\":1,\"name\":\"Strona g\u0142\u00f3wna\",\"item\":\"https:\\\/\\\/deseopatisserie.com\\\/de\\\/homepage\\\/\"},{\"@type\":\"ListItem\",\"position\":2,\"name\":\"Haselnuss Mazurek\"}]},{\"@type\":\"WebSite\",\"@id\":\"https:\\\/\\\/deseopatisserie.com\\\/de\\\/#website\",\"url\":\"https:\\\/\\\/deseopatisserie.com\\\/de\\\/\",\"name\":\"DESEO\",\"description\":\"Patisserie &amp; Chocolaterie\",\"potentialAction\":[{\"@type\":\"SearchAction\",\"target\":{\"@type\":\"EntryPoint\",\"urlTemplate\":\"https:\\\/\\\/deseopatisserie.com\\\/de\\\/?s={search_term_string}\"},\"query-input\":{\"@type\":\"PropertyValueSpecification\",\"valueRequired\":true,\"valueName\":\"search_term_string\"}}],\"inLanguage\":\"de\"}]}<\/script>\n<!-- \/ Yoast SEO plugin. -->","yoast_head_json":{"title":"Haselnuss Mazurek - Cukiernia DESEO Warszawa","description":"Ihr alle liebt die Pistazien-Mazurek, die seit Jahren zu Ostern zur\u00fcckkommt! In diesem Jahr kam eine neue hinzu - Mazurek Orzech Haselnuss.","robots":{"index":"index","follow":"follow","max-snippet":"max-snippet:-1","max-image-preview":"max-image-preview:large","max-video-preview":"max-video-preview:-1"},"canonical":"https:\/\/deseopatisserie.com\/de\/produkt\/haselnuss-mazurek\/","og_locale":"de_DE","og_type":"article","og_title":"DESEO Haselnuss Mazurek","og_description":"Ihr alle liebt die Pistazien-Mazurek, die seit Jahren zu Ostern zur\u00fcckkommt! In diesem Jahr kam eine neue hinzu - Mazurek Orzech Haselnuss.","og_url":"https:\/\/deseopatisserie.com\/de\/produkt\/haselnuss-mazurek\/","og_site_name":"DESEO","article_modified_time":"2025-04-02T13:39:39+00:00","og_image":[{"url":"https:\/\/deseopatisserie.com\/wp-content\/uploads\/2024\/03\/DESEO-Wielkanoc_Mazurek-Orzech-Laskowy-7-1024x683.jpg","type":"","width":"","height":""}],"twitter_card":"summary_large_image","schema":{"@context":"https:\/\/schema.org","@graph":[{"@type":"WebPage","@id":"https:\/\/deseopatisserie.com\/de\/produkt\/haselnuss-mazurek\/","url":"https:\/\/deseopatisserie.com\/de\/produkt\/haselnuss-mazurek\/","name":"Haselnuss Mazurek - Cukiernia DESEO Warszawa","isPartOf":{"@id":"https:\/\/deseopatisserie.com\/de\/#website"},"primaryImageOfPage":{"@id":"https:\/\/deseopatisserie.com\/de\/produkt\/haselnuss-mazurek\/#primaryimage"},"image":{"@id":"https:\/\/deseopatisserie.com\/de\/produkt\/haselnuss-mazurek\/#primaryimage"},"thumbnailUrl":"https:\/\/deseopatisserie.com\/\/wp-content\/uploads\/2024\/03\/DESEO-Wielkanoc_Mazurek-Orzech-Laskowy-8-scaled.jpg","datePublished":"2024-03-06T08:32:36+00:00","dateModified":"2025-04-02T13:39:39+00:00","description":"Ihr alle liebt die Pistazien-Mazurek, die seit Jahren zu Ostern zur\u00fcckkommt! In diesem Jahr kam eine neue hinzu - Mazurek Orzech Haselnuss.","breadcrumb":{"@id":"https:\/\/deseopatisserie.com\/de\/produkt\/haselnuss-mazurek\/#breadcrumb"},"inLanguage":"de","potentialAction":[{"@type":"ReadAction","target":["https:\/\/deseopatisserie.com\/de\/produkt\/haselnuss-mazurek\/"]}]},{"@type":"ImageObject","inLanguage":"de","@id":"https:\/\/deseopatisserie.com\/de\/produkt\/haselnuss-mazurek\/#primaryimage","url":"https:\/\/deseopatisserie.com\/\/wp-content\/uploads\/2024\/03\/DESEO-Wielkanoc_Mazurek-Orzech-Laskowy-8-scaled.jpg","contentUrl":"https:\/\/deseopatisserie.com\/\/wp-content\/uploads\/2024\/03\/DESEO-Wielkanoc_Mazurek-Orzech-Laskowy-8-scaled.jpg","width":2560,"height":1707,"caption":"DESEO Mazurek Orzech Laskowy"},{"@type":"BreadcrumbList","@id":"https:\/\/deseopatisserie.com\/de\/produkt\/haselnuss-mazurek\/#breadcrumb","itemListElement":[{"@type":"ListItem","position":1,"name":"Strona g\u0142\u00f3wna","item":"https:\/\/deseopatisserie.com\/de\/homepage\/"},{"@type":"ListItem","position":2,"name":"Haselnuss Mazurek"}]},{"@type":"WebSite","@id":"https:\/\/deseopatisserie.com\/de\/#website","url":"https:\/\/deseopatisserie.com\/de\/","name":"DESEO","description":"Patisserie &amp; Chocolaterie","potentialAction":[{"@type":"SearchAction","target":{"@type":"EntryPoint","urlTemplate":"https:\/\/deseopatisserie.com\/de\/?s={search_term_string}"},"query-input":{"@type":"PropertyValueSpecification","valueRequired":true,"valueName":"search_term_string"}}],"inLanguage":"de"}]}},"_links":{"self":[{"href":"https:\/\/deseopatisserie.com\/de\/wp-json\/wp\/v2\/product\/91802","targetHints":{"allow":["GET"]}}],"collection":[{"href":"https:\/\/deseopatisserie.com\/de\/wp-json\/wp\/v2\/product"}],"about":[{"href":"https:\/\/deseopatisserie.com\/de\/wp-json\/wp\/v2\/types\/product"}],"wp:featuredmedia":[{"embeddable":true,"href":"https:\/\/deseopatisserie.com\/de\/wp-json\/wp\/v2\/media\/85296"}],"wp:attachment":[{"href":"https:\/\/deseopatisserie.com\/de\/wp-json\/wp\/v2\/media?parent=91802"}],"wp:term":[{"taxonomy":"product_brand","embeddable":true,"href":"https:\/\/deseopatisserie.com\/de\/wp-json\/wp\/v2\/product_brand?post=91802"},{"taxonomy":"product_cat","embeddable":true,"href":"https:\/\/deseopatisserie.com\/de\/wp-json\/wp\/v2\/product_cat?post=91802"},{"taxonomy":"product_tag","embeddable":true,"href":"https:\/\/deseopatisserie.com\/de\/wp-json\/wp\/v2\/product_tag?post=91802"}],"curies":[{"name":"wp","href":"https:\/\/api.w.org\/{rel}","templated":true}]}}