{"id":91795,"date":"2024-02-01T14:20:32","date_gmt":"2024-02-01T13:20:32","guid":{"rendered":"https:\/\/deseopatisserie.com\/produkt\/liebe\/"},"modified":"2025-04-02T15:39:17","modified_gmt":"2025-04-02T13:39:17","slug":"liebe","status":"publish","type":"product","link":"https:\/\/deseopatisserie.com\/de\/produkt\/liebe\/","title":{"rendered":"LIEBE"},"content":{"rendered":"","protected":false},"excerpt":{"rendered":"<p>Nicaragua Trockene Schokoladenganache 70% \/ Karamell und Nicaragua Trockene Schokoladenganache 70% \/ Nicaragua Trockene Schokoladenmousse 70% \/ Moelleux Kuchen auf Basis von Nicaragua Trockenschokolade 70% \/ Schokoladenherz<\/p>\n<p>Eine absolut einzigartige Torte, auf die wir sehr stolz sind. Seinen Namen verdankt Nicaragua der Bean-to-Bar-Schokolade, aus der es in der DESEO-Werkstatt aus Kakaobohnen hergestellt und hergestellt wird. Kekse wie bei uns in Nicaragua gibt es so gut wie gar nicht! Intensiv schokoladig, nicht zu s\u00fc\u00df, ein Muss f\u00fcr jeden Schokoladenliebhaber. Sp\u00fcren Sie den kr\u00e4ftigen Schokoladengeschmack der nicaraguanischen Bohnen &#8211; wir sind sicher, dass Sie den Unterschied sp\u00fcren werden!<br \/>\nDie Valentinstagsversion wird einen romantischen Abend perfekt erg\u00e4nzen und einen einzigartigen Charakter verleihen. Rote, gl\u00e4nzende Glacage und rote Herzen aus trockener Schokolade werden Bewunderung erregen und eine elegante Dekoration des Abendessens sein. <\/p>\n","protected":false},"featured_media":85002,"template":"","meta":{"_acf_changed":false},"product_brand":[],"product_cat":[1750,2697],"product_tag":[],"class_list":{"0":"post-91795","1":"product","2":"type-product","3":"status-publish","4":"has-post-thumbnail","6":"product_cat-petit-gateau-kekse","7":"product_cat-valentinstag","9":"first","10":"instock","11":"taxable","12":"shipping-taxable","13":"purchasable","14":"product-type-simple"},"acf":[],"yoast_head":"<!-- This site is optimized with the Yoast SEO plugin v27.4 - https:\/\/yoast.com\/product\/yoast-seo-wordpress\/ -->\n<title>LIEBE - Cukiernia DESEO Warszawa<\/title>\n<meta name=\"description\" content=\"Unsere Valentinstagsversion des Nicaragua-Schokoladenkekses in funkelndem rotem Glacage und handgefertigtem Schokoladenherz.\" \/>\n<meta name=\"robots\" content=\"index, follow, max-snippet:-1, max-image-preview:large, max-video-preview:-1\" \/>\n<link rel=\"canonical\" href=\"https:\/\/deseopatisserie.com\/de\/produkt\/liebe\/\" \/>\n<meta property=\"og:locale\" content=\"de_DE\" \/>\n<meta property=\"og:type\" content=\"article\" \/>\n<meta property=\"og:title\" content=\"LIEBE - Cukiernia DESEO Warszawa\" \/>\n<meta property=\"og:description\" content=\"Unsere Valentinstagsversion des Nicaragua-Schokoladenkekses in funkelndem rotem Glacage und handgefertigtem Schokoladenherz.\" \/>\n<meta property=\"og:url\" content=\"https:\/\/deseopatisserie.com\/de\/produkt\/liebe\/\" \/>\n<meta property=\"og:site_name\" content=\"DESEO\" \/>\n<meta property=\"article:modified_time\" content=\"2025-04-02T13:39:17+00:00\" \/>\n<meta property=\"og:image\" content=\"https:\/\/deseopatisserie.com\/\/wp-content\/uploads\/2024\/02\/Deseo-Walentynki-8101-1.jpg\" \/>\n\t<meta property=\"og:image:width\" content=\"1333\" \/>\n\t<meta property=\"og:image:height\" content=\"889\" \/>\n\t<meta property=\"og:image:type\" content=\"image\/jpeg\" \/>\n<meta name=\"twitter:card\" content=\"summary_large_image\" \/>\n<script type=\"application\/ld+json\" class=\"yoast-schema-graph\">{\"@context\":\"https:\\\/\\\/schema.org\",\"@graph\":[{\"@type\":\"WebPage\",\"@id\":\"https:\\\/\\\/deseopatisserie.com\\\/de\\\/produkt\\\/liebe\\\/\",\"url\":\"https:\\\/\\\/deseopatisserie.com\\\/de\\\/produkt\\\/liebe\\\/\",\"name\":\"LIEBE - Cukiernia DESEO Warszawa\",\"isPartOf\":{\"@id\":\"https:\\\/\\\/deseopatisserie.com\\\/de\\\/#website\"},\"primaryImageOfPage\":{\"@id\":\"https:\\\/\\\/deseopatisserie.com\\\/de\\\/produkt\\\/liebe\\\/#primaryimage\"},\"image\":{\"@id\":\"https:\\\/\\\/deseopatisserie.com\\\/de\\\/produkt\\\/liebe\\\/#primaryimage\"},\"thumbnailUrl\":\"https:\\\/\\\/deseopatisserie.com\\\/\\\/wp-content\\\/uploads\\\/2024\\\/02\\\/Deseo-Walentynki-8101-1.jpg\",\"datePublished\":\"2024-02-01T13:20:32+00:00\",\"dateModified\":\"2025-04-02T13:39:17+00:00\",\"description\":\"Unsere Valentinstagsversion des Nicaragua-Schokoladenkekses in funkelndem rotem Glacage und handgefertigtem Schokoladenherz.\",\"breadcrumb\":{\"@id\":\"https:\\\/\\\/deseopatisserie.com\\\/de\\\/produkt\\\/liebe\\\/#breadcrumb\"},\"inLanguage\":\"de\",\"potentialAction\":[{\"@type\":\"ReadAction\",\"target\":[\"https:\\\/\\\/deseopatisserie.com\\\/de\\\/produkt\\\/liebe\\\/\"]}]},{\"@type\":\"ImageObject\",\"inLanguage\":\"de\",\"@id\":\"https:\\\/\\\/deseopatisserie.com\\\/de\\\/produkt\\\/liebe\\\/#primaryimage\",\"url\":\"https:\\\/\\\/deseopatisserie.com\\\/\\\/wp-content\\\/uploads\\\/2024\\\/02\\\/Deseo-Walentynki-8101-1.jpg\",\"contentUrl\":\"https:\\\/\\\/deseopatisserie.com\\\/\\\/wp-content\\\/uploads\\\/2024\\\/02\\\/Deseo-Walentynki-8101-1.jpg\",\"width\":1333,\"height\":889},{\"@type\":\"BreadcrumbList\",\"@id\":\"https:\\\/\\\/deseopatisserie.com\\\/de\\\/produkt\\\/liebe\\\/#breadcrumb\",\"itemListElement\":[{\"@type\":\"ListItem\",\"position\":1,\"name\":\"Strona g\u0142\u00f3wna\",\"item\":\"https:\\\/\\\/deseopatisserie.com\\\/de\\\/homepage\\\/\"},{\"@type\":\"ListItem\",\"position\":2,\"name\":\"LIEBE\"}]},{\"@type\":\"WebSite\",\"@id\":\"https:\\\/\\\/deseopatisserie.com\\\/de\\\/#website\",\"url\":\"https:\\\/\\\/deseopatisserie.com\\\/de\\\/\",\"name\":\"DESEO\",\"description\":\"Patisserie &amp; Chocolaterie\",\"potentialAction\":[{\"@type\":\"SearchAction\",\"target\":{\"@type\":\"EntryPoint\",\"urlTemplate\":\"https:\\\/\\\/deseopatisserie.com\\\/de\\\/?s={search_term_string}\"},\"query-input\":{\"@type\":\"PropertyValueSpecification\",\"valueRequired\":true,\"valueName\":\"search_term_string\"}}],\"inLanguage\":\"de\"}]}<\/script>\n<!-- \/ Yoast SEO plugin. -->","yoast_head_json":{"title":"LIEBE - Cukiernia DESEO Warszawa","description":"Unsere Valentinstagsversion des Nicaragua-Schokoladenkekses in funkelndem rotem Glacage und handgefertigtem Schokoladenherz.","robots":{"index":"index","follow":"follow","max-snippet":"max-snippet:-1","max-image-preview":"max-image-preview:large","max-video-preview":"max-video-preview:-1"},"canonical":"https:\/\/deseopatisserie.com\/de\/produkt\/liebe\/","og_locale":"de_DE","og_type":"article","og_title":"LIEBE - Cukiernia DESEO Warszawa","og_description":"Unsere Valentinstagsversion des Nicaragua-Schokoladenkekses in funkelndem rotem Glacage und handgefertigtem Schokoladenherz.","og_url":"https:\/\/deseopatisserie.com\/de\/produkt\/liebe\/","og_site_name":"DESEO","article_modified_time":"2025-04-02T13:39:17+00:00","og_image":[{"width":1333,"height":889,"url":"https:\/\/deseopatisserie.com\/\/wp-content\/uploads\/2024\/02\/Deseo-Walentynki-8101-1.jpg","type":"image\/jpeg"}],"twitter_card":"summary_large_image","schema":{"@context":"https:\/\/schema.org","@graph":[{"@type":"WebPage","@id":"https:\/\/deseopatisserie.com\/de\/produkt\/liebe\/","url":"https:\/\/deseopatisserie.com\/de\/produkt\/liebe\/","name":"LIEBE - Cukiernia DESEO Warszawa","isPartOf":{"@id":"https:\/\/deseopatisserie.com\/de\/#website"},"primaryImageOfPage":{"@id":"https:\/\/deseopatisserie.com\/de\/produkt\/liebe\/#primaryimage"},"image":{"@id":"https:\/\/deseopatisserie.com\/de\/produkt\/liebe\/#primaryimage"},"thumbnailUrl":"https:\/\/deseopatisserie.com\/\/wp-content\/uploads\/2024\/02\/Deseo-Walentynki-8101-1.jpg","datePublished":"2024-02-01T13:20:32+00:00","dateModified":"2025-04-02T13:39:17+00:00","description":"Unsere Valentinstagsversion des Nicaragua-Schokoladenkekses in funkelndem rotem Glacage und handgefertigtem Schokoladenherz.","breadcrumb":{"@id":"https:\/\/deseopatisserie.com\/de\/produkt\/liebe\/#breadcrumb"},"inLanguage":"de","potentialAction":[{"@type":"ReadAction","target":["https:\/\/deseopatisserie.com\/de\/produkt\/liebe\/"]}]},{"@type":"ImageObject","inLanguage":"de","@id":"https:\/\/deseopatisserie.com\/de\/produkt\/liebe\/#primaryimage","url":"https:\/\/deseopatisserie.com\/\/wp-content\/uploads\/2024\/02\/Deseo-Walentynki-8101-1.jpg","contentUrl":"https:\/\/deseopatisserie.com\/\/wp-content\/uploads\/2024\/02\/Deseo-Walentynki-8101-1.jpg","width":1333,"height":889},{"@type":"BreadcrumbList","@id":"https:\/\/deseopatisserie.com\/de\/produkt\/liebe\/#breadcrumb","itemListElement":[{"@type":"ListItem","position":1,"name":"Strona g\u0142\u00f3wna","item":"https:\/\/deseopatisserie.com\/de\/homepage\/"},{"@type":"ListItem","position":2,"name":"LIEBE"}]},{"@type":"WebSite","@id":"https:\/\/deseopatisserie.com\/de\/#website","url":"https:\/\/deseopatisserie.com\/de\/","name":"DESEO","description":"Patisserie &amp; Chocolaterie","potentialAction":[{"@type":"SearchAction","target":{"@type":"EntryPoint","urlTemplate":"https:\/\/deseopatisserie.com\/de\/?s={search_term_string}"},"query-input":{"@type":"PropertyValueSpecification","valueRequired":true,"valueName":"search_term_string"}}],"inLanguage":"de"}]}},"_links":{"self":[{"href":"https:\/\/deseopatisserie.com\/de\/wp-json\/wp\/v2\/product\/91795","targetHints":{"allow":["GET"]}}],"collection":[{"href":"https:\/\/deseopatisserie.com\/de\/wp-json\/wp\/v2\/product"}],"about":[{"href":"https:\/\/deseopatisserie.com\/de\/wp-json\/wp\/v2\/types\/product"}],"wp:featuredmedia":[{"embeddable":true,"href":"https:\/\/deseopatisserie.com\/de\/wp-json\/wp\/v2\/media\/85002"}],"wp:attachment":[{"href":"https:\/\/deseopatisserie.com\/de\/wp-json\/wp\/v2\/media?parent=91795"}],"wp:term":[{"taxonomy":"product_brand","embeddable":true,"href":"https:\/\/deseopatisserie.com\/de\/wp-json\/wp\/v2\/product_brand?post=91795"},{"taxonomy":"product_cat","embeddable":true,"href":"https:\/\/deseopatisserie.com\/de\/wp-json\/wp\/v2\/product_cat?post=91795"},{"taxonomy":"product_tag","embeddable":true,"href":"https:\/\/deseopatisserie.com\/de\/wp-json\/wp\/v2\/product_tag?post=91795"}],"curies":[{"name":"wp","href":"https:\/\/api.w.org\/{rel}","templated":true}]}}