{"id":91793,"date":"2024-01-24T10:31:39","date_gmt":"2024-01-24T09:31:39","guid":{"rendered":"https:\/\/deseopatisserie.com\/produkt\/kokosnuss-passionsfrucht-donut\/"},"modified":"2025-04-02T15:39:14","modified_gmt":"2025-04-02T13:39:14","slug":"kokosnuss-passionsfrucht-donut","status":"publish","type":"product","link":"https:\/\/deseopatisserie.com\/de\/produkt\/kokosnuss-passionsfrucht-donut\/","title":{"rendered":"Kokosnuss &amp; Passionsfrucht Donut"},"content":{"rendered":"","protected":false},"excerpt":{"rendered":"<p>Kokosnusscreme \/ fl\u00fcssiges Maracujagelee \/ wei\u00dfe Schokolade<\/p>\n<p>Der Kokosnuss-Passionsfrucht-Donuss ist ein wahr gewordener Traum von einem exotischen Strand mitten im polnischen Winter! Teleportiert sich direkt an die Str\u00e4nde von Thailand, Kambodscha oder vielleicht Mexiko? Wir haben es mit Kokoscreme verpackt, die du in unserem Supreme Coconut &amp; Almond bereits kennen und lieben konntest. Es ist g\u00f6ttlich, nicht wahr? \ud83d\ude42 Diesmal haben wir uns jedoch von der Kombination aus Kokos und Mandel entfernt und sind in eine ganz andere Richtung gegangen. Die S\u00fc\u00dfe der Kokoscreme brachen wir mit einer fl\u00fcssigen, angenehm s\u00e4uerlichen Passionsfrucht.     <\/p>\n<p>Ausschweifungen f\u00fcr Liebhaber von Kokosnuss und exotischen Aromen.<\/p>\n","protected":false},"featured_media":84927,"template":"","meta":{"_acf_changed":false},"product_brand":[],"product_cat":[2696],"product_tag":[],"class_list":{"0":"post-91793","1":"product","2":"type-product","3":"status-publish","4":"has-post-thumbnail","6":"product_cat-donuts","8":"first","9":"outofstock","10":"taxable","11":"shipping-taxable","12":"purchasable","13":"product-type-simple"},"acf":[],"yoast_head":"<!-- This site is optimized with the Yoast SEO plugin v27.4 - https:\/\/yoast.com\/product\/yoast-seo-wordpress\/ -->\n<title>Kokosnuss &amp; Passionsfrucht Donut - Cukiernia DESEO Warszawa<\/title>\n<meta name=\"description\" content=\"Ein Donut \u2013 Ausschweifung f\u00fcr Liebhaber von Kokosnuss und exotischen Aromen. Die S\u00fc\u00dfe der Kokoscreme wird mit fl\u00fcssiger, angenehm s\u00e4uerlicher Passionsfrucht gebrochen.\" \/>\n<meta name=\"robots\" content=\"index, follow, max-snippet:-1, max-image-preview:large, max-video-preview:-1\" \/>\n<link rel=\"canonical\" href=\"https:\/\/deseopatisserie.com\/de\/produkt\/kokosnuss-passionsfrucht-donut\/\" \/>\n<meta property=\"og:locale\" content=\"de_DE\" \/>\n<meta property=\"og:type\" content=\"article\" \/>\n<meta property=\"og:title\" content=\"Donut mit Kokosnuss und Passionsfrucht - DESEO Confectionery Warschau\" \/>\n<meta property=\"og:description\" content=\"Ein Donut \u2013 Ausschweifung f\u00fcr Liebhaber von Kokosnuss und exotischen Aromen. Die S\u00fc\u00dfe der Kokoscreme wird mit fl\u00fcssiger, angenehm s\u00e4uerlicher Passionsfrucht gebrochen.\" \/>\n<meta property=\"og:url\" content=\"https:\/\/deseopatisserie.com\/de\/produkt\/kokosnuss-passionsfrucht-donut\/\" \/>\n<meta property=\"og:site_name\" content=\"DESEO\" \/>\n<meta property=\"article:modified_time\" content=\"2025-04-02T13:39:14+00:00\" \/>\n<meta property=\"og:image\" content=\"https:\/\/deseopatisserie.com\/wp-content\/uploads\/2024\/01\/Deseo-Paczki-7662-kopia-1024x683.jpg\" \/>\n<meta name=\"twitter:card\" content=\"summary_large_image\" \/>\n<script type=\"application\/ld+json\" class=\"yoast-schema-graph\">{\"@context\":\"https:\\\/\\\/schema.org\",\"@graph\":[{\"@type\":\"WebPage\",\"@id\":\"https:\\\/\\\/deseopatisserie.com\\\/de\\\/produkt\\\/kokosnuss-passionsfrucht-donut\\\/\",\"url\":\"https:\\\/\\\/deseopatisserie.com\\\/de\\\/produkt\\\/kokosnuss-passionsfrucht-donut\\\/\",\"name\":\"Kokosnuss &amp; Passionsfrucht Donut - Cukiernia DESEO Warszawa\",\"isPartOf\":{\"@id\":\"https:\\\/\\\/deseopatisserie.com\\\/de\\\/#website\"},\"primaryImageOfPage\":{\"@id\":\"https:\\\/\\\/deseopatisserie.com\\\/de\\\/produkt\\\/kokosnuss-passionsfrucht-donut\\\/#primaryimage\"},\"image\":{\"@id\":\"https:\\\/\\\/deseopatisserie.com\\\/de\\\/produkt\\\/kokosnuss-passionsfrucht-donut\\\/#primaryimage\"},\"thumbnailUrl\":\"https:\\\/\\\/deseopatisserie.com\\\/\\\/wp-content\\\/uploads\\\/2024\\\/01\\\/PACZEK-KOKOS-MARAKUJA-3-scaled.jpg\",\"datePublished\":\"2024-01-24T09:31:39+00:00\",\"dateModified\":\"2025-04-02T13:39:14+00:00\",\"description\":\"Ein Donut \u2013 Ausschweifung f\u00fcr Liebhaber von Kokosnuss und exotischen Aromen. Die S\u00fc\u00dfe der Kokoscreme wird mit fl\u00fcssiger, angenehm s\u00e4uerlicher Passionsfrucht gebrochen.\",\"breadcrumb\":{\"@id\":\"https:\\\/\\\/deseopatisserie.com\\\/de\\\/produkt\\\/kokosnuss-passionsfrucht-donut\\\/#breadcrumb\"},\"inLanguage\":\"de\",\"potentialAction\":[{\"@type\":\"ReadAction\",\"target\":[\"https:\\\/\\\/deseopatisserie.com\\\/de\\\/produkt\\\/kokosnuss-passionsfrucht-donut\\\/\"]}]},{\"@type\":\"ImageObject\",\"inLanguage\":\"de\",\"@id\":\"https:\\\/\\\/deseopatisserie.com\\\/de\\\/produkt\\\/kokosnuss-passionsfrucht-donut\\\/#primaryimage\",\"url\":\"https:\\\/\\\/deseopatisserie.com\\\/\\\/wp-content\\\/uploads\\\/2024\\\/01\\\/PACZEK-KOKOS-MARAKUJA-3-scaled.jpg\",\"contentUrl\":\"https:\\\/\\\/deseopatisserie.com\\\/\\\/wp-content\\\/uploads\\\/2024\\\/01\\\/PACZEK-KOKOS-MARAKUJA-3-scaled.jpg\",\"width\":2560,\"height\":1707},{\"@type\":\"BreadcrumbList\",\"@id\":\"https:\\\/\\\/deseopatisserie.com\\\/de\\\/produkt\\\/kokosnuss-passionsfrucht-donut\\\/#breadcrumb\",\"itemListElement\":[{\"@type\":\"ListItem\",\"position\":1,\"name\":\"Strona g\u0142\u00f3wna\",\"item\":\"https:\\\/\\\/deseopatisserie.com\\\/de\\\/homepage\\\/\"},{\"@type\":\"ListItem\",\"position\":2,\"name\":\"Kokosnuss &amp; Passionsfrucht Donut\"}]},{\"@type\":\"WebSite\",\"@id\":\"https:\\\/\\\/deseopatisserie.com\\\/de\\\/#website\",\"url\":\"https:\\\/\\\/deseopatisserie.com\\\/de\\\/\",\"name\":\"DESEO\",\"description\":\"Patisserie &amp; Chocolaterie\",\"potentialAction\":[{\"@type\":\"SearchAction\",\"target\":{\"@type\":\"EntryPoint\",\"urlTemplate\":\"https:\\\/\\\/deseopatisserie.com\\\/de\\\/?s={search_term_string}\"},\"query-input\":{\"@type\":\"PropertyValueSpecification\",\"valueRequired\":true,\"valueName\":\"search_term_string\"}}],\"inLanguage\":\"de\"}]}<\/script>\n<!-- \/ Yoast SEO plugin. -->","yoast_head_json":{"title":"Kokosnuss &amp; Passionsfrucht Donut - Cukiernia DESEO Warszawa","description":"Ein Donut \u2013 Ausschweifung f\u00fcr Liebhaber von Kokosnuss und exotischen Aromen. Die S\u00fc\u00dfe der Kokoscreme wird mit fl\u00fcssiger, angenehm s\u00e4uerlicher Passionsfrucht gebrochen.","robots":{"index":"index","follow":"follow","max-snippet":"max-snippet:-1","max-image-preview":"max-image-preview:large","max-video-preview":"max-video-preview:-1"},"canonical":"https:\/\/deseopatisserie.com\/de\/produkt\/kokosnuss-passionsfrucht-donut\/","og_locale":"de_DE","og_type":"article","og_title":"Donut mit Kokosnuss und Passionsfrucht - DESEO Confectionery Warschau","og_description":"Ein Donut \u2013 Ausschweifung f\u00fcr Liebhaber von Kokosnuss und exotischen Aromen. Die S\u00fc\u00dfe der Kokoscreme wird mit fl\u00fcssiger, angenehm s\u00e4uerlicher Passionsfrucht gebrochen.","og_url":"https:\/\/deseopatisserie.com\/de\/produkt\/kokosnuss-passionsfrucht-donut\/","og_site_name":"DESEO","article_modified_time":"2025-04-02T13:39:14+00:00","og_image":[{"url":"https:\/\/deseopatisserie.com\/wp-content\/uploads\/2024\/01\/Deseo-Paczki-7662-kopia-1024x683.jpg","type":"","width":"","height":""}],"twitter_card":"summary_large_image","schema":{"@context":"https:\/\/schema.org","@graph":[{"@type":"WebPage","@id":"https:\/\/deseopatisserie.com\/de\/produkt\/kokosnuss-passionsfrucht-donut\/","url":"https:\/\/deseopatisserie.com\/de\/produkt\/kokosnuss-passionsfrucht-donut\/","name":"Kokosnuss &amp; Passionsfrucht Donut - Cukiernia DESEO Warszawa","isPartOf":{"@id":"https:\/\/deseopatisserie.com\/de\/#website"},"primaryImageOfPage":{"@id":"https:\/\/deseopatisserie.com\/de\/produkt\/kokosnuss-passionsfrucht-donut\/#primaryimage"},"image":{"@id":"https:\/\/deseopatisserie.com\/de\/produkt\/kokosnuss-passionsfrucht-donut\/#primaryimage"},"thumbnailUrl":"https:\/\/deseopatisserie.com\/\/wp-content\/uploads\/2024\/01\/PACZEK-KOKOS-MARAKUJA-3-scaled.jpg","datePublished":"2024-01-24T09:31:39+00:00","dateModified":"2025-04-02T13:39:14+00:00","description":"Ein Donut \u2013 Ausschweifung f\u00fcr Liebhaber von Kokosnuss und exotischen Aromen. Die S\u00fc\u00dfe der Kokoscreme wird mit fl\u00fcssiger, angenehm s\u00e4uerlicher Passionsfrucht gebrochen.","breadcrumb":{"@id":"https:\/\/deseopatisserie.com\/de\/produkt\/kokosnuss-passionsfrucht-donut\/#breadcrumb"},"inLanguage":"de","potentialAction":[{"@type":"ReadAction","target":["https:\/\/deseopatisserie.com\/de\/produkt\/kokosnuss-passionsfrucht-donut\/"]}]},{"@type":"ImageObject","inLanguage":"de","@id":"https:\/\/deseopatisserie.com\/de\/produkt\/kokosnuss-passionsfrucht-donut\/#primaryimage","url":"https:\/\/deseopatisserie.com\/\/wp-content\/uploads\/2024\/01\/PACZEK-KOKOS-MARAKUJA-3-scaled.jpg","contentUrl":"https:\/\/deseopatisserie.com\/\/wp-content\/uploads\/2024\/01\/PACZEK-KOKOS-MARAKUJA-3-scaled.jpg","width":2560,"height":1707},{"@type":"BreadcrumbList","@id":"https:\/\/deseopatisserie.com\/de\/produkt\/kokosnuss-passionsfrucht-donut\/#breadcrumb","itemListElement":[{"@type":"ListItem","position":1,"name":"Strona g\u0142\u00f3wna","item":"https:\/\/deseopatisserie.com\/de\/homepage\/"},{"@type":"ListItem","position":2,"name":"Kokosnuss &amp; Passionsfrucht Donut"}]},{"@type":"WebSite","@id":"https:\/\/deseopatisserie.com\/de\/#website","url":"https:\/\/deseopatisserie.com\/de\/","name":"DESEO","description":"Patisserie &amp; Chocolaterie","potentialAction":[{"@type":"SearchAction","target":{"@type":"EntryPoint","urlTemplate":"https:\/\/deseopatisserie.com\/de\/?s={search_term_string}"},"query-input":{"@type":"PropertyValueSpecification","valueRequired":true,"valueName":"search_term_string"}}],"inLanguage":"de"}]}},"_links":{"self":[{"href":"https:\/\/deseopatisserie.com\/de\/wp-json\/wp\/v2\/product\/91793","targetHints":{"allow":["GET"]}}],"collection":[{"href":"https:\/\/deseopatisserie.com\/de\/wp-json\/wp\/v2\/product"}],"about":[{"href":"https:\/\/deseopatisserie.com\/de\/wp-json\/wp\/v2\/types\/product"}],"wp:featuredmedia":[{"embeddable":true,"href":"https:\/\/deseopatisserie.com\/de\/wp-json\/wp\/v2\/media\/84927"}],"wp:attachment":[{"href":"https:\/\/deseopatisserie.com\/de\/wp-json\/wp\/v2\/media?parent=91793"}],"wp:term":[{"taxonomy":"product_brand","embeddable":true,"href":"https:\/\/deseopatisserie.com\/de\/wp-json\/wp\/v2\/product_brand?post=91793"},{"taxonomy":"product_cat","embeddable":true,"href":"https:\/\/deseopatisserie.com\/de\/wp-json\/wp\/v2\/product_cat?post=91793"},{"taxonomy":"product_tag","embeddable":true,"href":"https:\/\/deseopatisserie.com\/de\/wp-json\/wp\/v2\/product_tag?post=91793"}],"curies":[{"name":"wp","href":"https:\/\/api.w.org\/{rel}","templated":true}]}}