{"id":91791,"date":"2024-01-24T10:31:35","date_gmt":"2024-01-24T09:31:35","guid":{"rendered":"https:\/\/deseopatisserie.com\/produkt\/karamell-tonka-donut\/"},"modified":"2025-04-02T15:39:11","modified_gmt":"2025-04-02T13:39:11","slug":"karamell-tonka-donut","status":"publish","type":"product","link":"https:\/\/deseopatisserie.com\/de\/produkt\/karamell-tonka-donut\/","title":{"rendered":"Karamell-Tonka-Donut"},"content":{"rendered":"","protected":false},"excerpt":{"rendered":"<p>Karamell-Namelaka-Creme \/ Karamell mit Tonka \/ Franz\u00f6sische Paillette-Feuilletin-Chips<\/p>\n<p>&nbsp;<\/p>\n<p>Der Caramel &amp; Tonka Donut ist die perfekte Wahl f\u00fcr alle Karamell-Liebhaber. Wir haben es mit einer samtigen Namelaka-Creme mit einem angenehm karamelligen Geschmack gef\u00fcllt. Die Creme &#8222;namelaka&#8220; stammt aus unserem geliebten Japan, und das Wort &#8222;namelaka&#8220; selbst bedeutet ultra-cremig \/ extrem cremig. So sieht unsere Karamellcreme aus!   <\/p>\n<p>Wir haben einen kr\u00e4ftigen Schuss Karamell hinzugef\u00fcgt, diesmal mit Tonka. Es ist die Tonka, die f\u00fcr das charakteristische, ja faszinierende Aroma verantwortlich ist. Sp\u00fcren Sie einen zarten Nachgeschmack von Vanille? Oder doch lieber Mandeln? Das ist der Verdienst von Tonka.    <\/p>\n<p>Unser Caramel &amp; Tonka Donut ist mit Karamellcreme dekoriert und mit knusprigen French Crispies bestreut, die Sie von unseren Monoportionen und Pralinen kennen. Ganz? M\u00e4rchen!  <\/p>\n","protected":false},"featured_media":84931,"template":"","meta":{"_acf_changed":false},"product_brand":[],"product_cat":[2696],"product_tag":[],"class_list":{"0":"post-91791","1":"product","2":"type-product","3":"status-publish","4":"has-post-thumbnail","6":"product_cat-donuts","8":"first","9":"outofstock","10":"taxable","11":"shipping-taxable","12":"purchasable","13":"product-type-simple"},"acf":[],"yoast_head":"<!-- This site is optimized with the Yoast SEO plugin v27.4 - https:\/\/yoast.com\/product\/yoast-seo-wordpress\/ -->\n<title>Karamell-Tonka-Donut - Cukiernia DESEO Warszawa<\/title>\n<meta name=\"description\" content=\"Der Caramel &amp; Tonka Donut ist die perfekte Wahl f\u00fcr alle Karamell-Liebhaber. Wir haben ein charakteristisches, faszinierendes Tonka-Aroma hinzugef\u00fcgt. M\u00e4rchen!\" \/>\n<meta name=\"robots\" content=\"index, follow, max-snippet:-1, max-image-preview:large, max-video-preview:-1\" \/>\n<link rel=\"canonical\" href=\"https:\/\/deseopatisserie.com\/de\/produkt\/karamell-tonka-donut\/\" \/>\n<meta property=\"og:locale\" content=\"de_DE\" \/>\n<meta property=\"og:type\" content=\"article\" \/>\n<meta property=\"og:title\" content=\"P\u0105czek Karmel &amp; Tonka - Cukiernia DESEO Warszawa\" \/>\n<meta property=\"og:description\" content=\"Der Caramel &amp; Tonka Donut ist die perfekte Wahl f\u00fcr alle Karamell-Liebhaber. Wir haben ein charakteristisches, faszinierendes Tonka-Aroma hinzugef\u00fcgt. M\u00e4rchen!\" \/>\n<meta property=\"og:url\" content=\"https:\/\/deseopatisserie.com\/de\/produkt\/karamell-tonka-donut\/\" \/>\n<meta property=\"og:site_name\" content=\"DESEO\" \/>\n<meta property=\"article:modified_time\" content=\"2025-04-02T13:39:11+00:00\" \/>\n<meta property=\"og:image\" content=\"https:\/\/deseopatisserie.com\/wp-content\/uploads\/2024\/01\/DESEO-PACZEK-KARMEL-TONKA-1-1024x683.jpg\" \/>\n<meta name=\"twitter:card\" content=\"summary_large_image\" \/>\n<script type=\"application\/ld+json\" class=\"yoast-schema-graph\">{\"@context\":\"https:\\\/\\\/schema.org\",\"@graph\":[{\"@type\":\"WebPage\",\"@id\":\"https:\\\/\\\/deseopatisserie.com\\\/de\\\/produkt\\\/karamell-tonka-donut\\\/\",\"url\":\"https:\\\/\\\/deseopatisserie.com\\\/de\\\/produkt\\\/karamell-tonka-donut\\\/\",\"name\":\"Karamell-Tonka-Donut - Cukiernia DESEO Warszawa\",\"isPartOf\":{\"@id\":\"https:\\\/\\\/deseopatisserie.com\\\/de\\\/#website\"},\"primaryImageOfPage\":{\"@id\":\"https:\\\/\\\/deseopatisserie.com\\\/de\\\/produkt\\\/karamell-tonka-donut\\\/#primaryimage\"},\"image\":{\"@id\":\"https:\\\/\\\/deseopatisserie.com\\\/de\\\/produkt\\\/karamell-tonka-donut\\\/#primaryimage\"},\"thumbnailUrl\":\"https:\\\/\\\/deseopatisserie.com\\\/\\\/wp-content\\\/uploads\\\/2024\\\/01\\\/DESEO-PACZEK-KARMEL-TONKA-1-scaled.jpg\",\"datePublished\":\"2024-01-24T09:31:35+00:00\",\"dateModified\":\"2025-04-02T13:39:11+00:00\",\"description\":\"Der Caramel & Tonka Donut ist die perfekte Wahl f\u00fcr alle Karamell-Liebhaber. Wir haben ein charakteristisches, faszinierendes Tonka-Aroma hinzugef\u00fcgt. M\u00e4rchen!\",\"breadcrumb\":{\"@id\":\"https:\\\/\\\/deseopatisserie.com\\\/de\\\/produkt\\\/karamell-tonka-donut\\\/#breadcrumb\"},\"inLanguage\":\"de\",\"potentialAction\":[{\"@type\":\"ReadAction\",\"target\":[\"https:\\\/\\\/deseopatisserie.com\\\/de\\\/produkt\\\/karamell-tonka-donut\\\/\"]}]},{\"@type\":\"ImageObject\",\"inLanguage\":\"de\",\"@id\":\"https:\\\/\\\/deseopatisserie.com\\\/de\\\/produkt\\\/karamell-tonka-donut\\\/#primaryimage\",\"url\":\"https:\\\/\\\/deseopatisserie.com\\\/\\\/wp-content\\\/uploads\\\/2024\\\/01\\\/DESEO-PACZEK-KARMEL-TONKA-1-scaled.jpg\",\"contentUrl\":\"https:\\\/\\\/deseopatisserie.com\\\/\\\/wp-content\\\/uploads\\\/2024\\\/01\\\/DESEO-PACZEK-KARMEL-TONKA-1-scaled.jpg\",\"width\":2560,\"height\":1707},{\"@type\":\"BreadcrumbList\",\"@id\":\"https:\\\/\\\/deseopatisserie.com\\\/de\\\/produkt\\\/karamell-tonka-donut\\\/#breadcrumb\",\"itemListElement\":[{\"@type\":\"ListItem\",\"position\":1,\"name\":\"Strona g\u0142\u00f3wna\",\"item\":\"https:\\\/\\\/deseopatisserie.com\\\/de\\\/homepage\\\/\"},{\"@type\":\"ListItem\",\"position\":2,\"name\":\"Karamell-Tonka-Donut\"}]},{\"@type\":\"WebSite\",\"@id\":\"https:\\\/\\\/deseopatisserie.com\\\/de\\\/#website\",\"url\":\"https:\\\/\\\/deseopatisserie.com\\\/de\\\/\",\"name\":\"DESEO\",\"description\":\"Patisserie &amp; Chocolaterie\",\"potentialAction\":[{\"@type\":\"SearchAction\",\"target\":{\"@type\":\"EntryPoint\",\"urlTemplate\":\"https:\\\/\\\/deseopatisserie.com\\\/de\\\/?s={search_term_string}\"},\"query-input\":{\"@type\":\"PropertyValueSpecification\",\"valueRequired\":true,\"valueName\":\"search_term_string\"}}],\"inLanguage\":\"de\"}]}<\/script>\n<!-- \/ Yoast SEO plugin. -->","yoast_head_json":{"title":"Karamell-Tonka-Donut - Cukiernia DESEO Warszawa","description":"Der Caramel & Tonka Donut ist die perfekte Wahl f\u00fcr alle Karamell-Liebhaber. Wir haben ein charakteristisches, faszinierendes Tonka-Aroma hinzugef\u00fcgt. M\u00e4rchen!","robots":{"index":"index","follow":"follow","max-snippet":"max-snippet:-1","max-image-preview":"max-image-preview:large","max-video-preview":"max-video-preview:-1"},"canonical":"https:\/\/deseopatisserie.com\/de\/produkt\/karamell-tonka-donut\/","og_locale":"de_DE","og_type":"article","og_title":"P\u0105czek Karmel & Tonka - Cukiernia DESEO Warszawa","og_description":"Der Caramel & Tonka Donut ist die perfekte Wahl f\u00fcr alle Karamell-Liebhaber. Wir haben ein charakteristisches, faszinierendes Tonka-Aroma hinzugef\u00fcgt. M\u00e4rchen!","og_url":"https:\/\/deseopatisserie.com\/de\/produkt\/karamell-tonka-donut\/","og_site_name":"DESEO","article_modified_time":"2025-04-02T13:39:11+00:00","og_image":[{"url":"https:\/\/deseopatisserie.com\/wp-content\/uploads\/2024\/01\/DESEO-PACZEK-KARMEL-TONKA-1-1024x683.jpg","type":"","width":"","height":""}],"twitter_card":"summary_large_image","schema":{"@context":"https:\/\/schema.org","@graph":[{"@type":"WebPage","@id":"https:\/\/deseopatisserie.com\/de\/produkt\/karamell-tonka-donut\/","url":"https:\/\/deseopatisserie.com\/de\/produkt\/karamell-tonka-donut\/","name":"Karamell-Tonka-Donut - Cukiernia DESEO Warszawa","isPartOf":{"@id":"https:\/\/deseopatisserie.com\/de\/#website"},"primaryImageOfPage":{"@id":"https:\/\/deseopatisserie.com\/de\/produkt\/karamell-tonka-donut\/#primaryimage"},"image":{"@id":"https:\/\/deseopatisserie.com\/de\/produkt\/karamell-tonka-donut\/#primaryimage"},"thumbnailUrl":"https:\/\/deseopatisserie.com\/\/wp-content\/uploads\/2024\/01\/DESEO-PACZEK-KARMEL-TONKA-1-scaled.jpg","datePublished":"2024-01-24T09:31:35+00:00","dateModified":"2025-04-02T13:39:11+00:00","description":"Der Caramel & Tonka Donut ist die perfekte Wahl f\u00fcr alle Karamell-Liebhaber. Wir haben ein charakteristisches, faszinierendes Tonka-Aroma hinzugef\u00fcgt. M\u00e4rchen!","breadcrumb":{"@id":"https:\/\/deseopatisserie.com\/de\/produkt\/karamell-tonka-donut\/#breadcrumb"},"inLanguage":"de","potentialAction":[{"@type":"ReadAction","target":["https:\/\/deseopatisserie.com\/de\/produkt\/karamell-tonka-donut\/"]}]},{"@type":"ImageObject","inLanguage":"de","@id":"https:\/\/deseopatisserie.com\/de\/produkt\/karamell-tonka-donut\/#primaryimage","url":"https:\/\/deseopatisserie.com\/\/wp-content\/uploads\/2024\/01\/DESEO-PACZEK-KARMEL-TONKA-1-scaled.jpg","contentUrl":"https:\/\/deseopatisserie.com\/\/wp-content\/uploads\/2024\/01\/DESEO-PACZEK-KARMEL-TONKA-1-scaled.jpg","width":2560,"height":1707},{"@type":"BreadcrumbList","@id":"https:\/\/deseopatisserie.com\/de\/produkt\/karamell-tonka-donut\/#breadcrumb","itemListElement":[{"@type":"ListItem","position":1,"name":"Strona g\u0142\u00f3wna","item":"https:\/\/deseopatisserie.com\/de\/homepage\/"},{"@type":"ListItem","position":2,"name":"Karamell-Tonka-Donut"}]},{"@type":"WebSite","@id":"https:\/\/deseopatisserie.com\/de\/#website","url":"https:\/\/deseopatisserie.com\/de\/","name":"DESEO","description":"Patisserie &amp; Chocolaterie","potentialAction":[{"@type":"SearchAction","target":{"@type":"EntryPoint","urlTemplate":"https:\/\/deseopatisserie.com\/de\/?s={search_term_string}"},"query-input":{"@type":"PropertyValueSpecification","valueRequired":true,"valueName":"search_term_string"}}],"inLanguage":"de"}]}},"_links":{"self":[{"href":"https:\/\/deseopatisserie.com\/de\/wp-json\/wp\/v2\/product\/91791","targetHints":{"allow":["GET"]}}],"collection":[{"href":"https:\/\/deseopatisserie.com\/de\/wp-json\/wp\/v2\/product"}],"about":[{"href":"https:\/\/deseopatisserie.com\/de\/wp-json\/wp\/v2\/types\/product"}],"wp:featuredmedia":[{"embeddable":true,"href":"https:\/\/deseopatisserie.com\/de\/wp-json\/wp\/v2\/media\/84931"}],"wp:attachment":[{"href":"https:\/\/deseopatisserie.com\/de\/wp-json\/wp\/v2\/media?parent=91791"}],"wp:term":[{"taxonomy":"product_brand","embeddable":true,"href":"https:\/\/deseopatisserie.com\/de\/wp-json\/wp\/v2\/product_brand?post=91791"},{"taxonomy":"product_cat","embeddable":true,"href":"https:\/\/deseopatisserie.com\/de\/wp-json\/wp\/v2\/product_cat?post=91791"},{"taxonomy":"product_tag","embeddable":true,"href":"https:\/\/deseopatisserie.com\/de\/wp-json\/wp\/v2\/product_tag?post=91791"}],"curies":[{"name":"wp","href":"https:\/\/api.w.org\/{rel}","templated":true}]}}