{"id":90920,"date":"2024-05-14T15:57:36","date_gmt":"2024-05-14T13:57:36","guid":{"rendered":"https:\/\/deseopatisserie.com\/produkt\/deseo-birthday-schokoladen-workshops-ab-5-jahren\/"},"modified":"2025-04-02T15:40:10","modified_gmt":"2025-04-02T13:40:10","slug":"deseo-birthday-schokoladen-workshops-ab-5-jahren","status":"publish","type":"product","link":"https:\/\/deseopatisserie.com\/de\/produkt\/deseo-birthday-schokoladen-workshops-ab-5-jahren\/","title":{"rendered":"DESEO BIRTHDAY Schokoladen-Workshops ab 5 Jahren"},"content":{"rendered":"<p><strong>SCHOKOLADEN-WORKSHOPS &#8211; GEBURTSTAG<\/strong><\/p>\n<p>Planen Sie eine besondere Geburtstagsfeier f\u00fcr Ihr Kind! \ud83d\ude0a Bei den Geburtstagsschokoladen-Workshops lernen die Kids viel \u00fcber Schokolade, probieren verschiedene Sorten (totale Ausschweifung!) und kreieren nat\u00fcrlich ihre eigenen Schokoladentafeln! Nach all dem kommt der Kuchen und es ist Zeit, gemeinsam zu feiern!  <\/p>\n<p>&nbsp;<\/p>\n<p>W\u00e4hrend der Geburtstagsschokoladen-Workshops haben die Kinder die M\u00f6glichkeit, nicht nur die in unserer Werkstatt hergestellte Schokolade von der Bohne bis zur Tafel zu probieren, sondern auch zu lernen, wie Schokolade hergestellt wird, wie und wo Kakao angebaut wird und warum. Schokolade ist ein Salat! \ud83d\ude42 Kinder werden probieren, probieren, kreieren, verpacken und eine tolle Zeit haben! \ud83d\ude42<\/p>\n<p><strong>Was machen wir w\u00e4hrend der Geburtstagsworkshops?<\/strong><\/p>\n<ul>\n<li>Die Wissenschaft, wie Bean-to-Bar-Schokolade oder von der Kakaobohne bis zur Tafel hergestellt wird<\/li>\n<li>Geschichten \u00fcber den Kakaoanbau und die Kakaoplantagen sowie Fotos von Plantagen in Mexiko, Costa Rica und Guatemala, die von DESEO-Besitzern pers\u00f6nlich besucht wurden<\/li>\n<li>Bei der Verkostung verschiedener Schokoladensorten \u2013 nicht nur Milch- oder Trockenschokolade, sondern auch unserer eigenen Schokolade \u2013 k\u00f6nnen wir nicht vorschlagen, welche, denn eine der Aufgaben der Kinder wird es sein, ihren Geschmack \ud83d\ude42 zu erraten<\/li>\n<li>die Unterschiede zwischen wei\u00dfer, Milch- und Trockenschokolade kennen lernen<\/li>\n<li>Lernen, was ein Sch\u00e4rfer ist und welche Rolle er bei der Herstellung von Schokolade spielt<\/li>\n<li>Kreieren Sie Ihre eigene Bohnenschokolade &#8211; ist eine Tafel mit vom Kind ausgew\u00e4hlten Toppings &#8211; der beste Spa\u00df! \ud83d\ude0a Ja, Sie k\u00f6nnen der Schokolade Gummib\u00e4rchen hinzuf\u00fcgen! Alles ist erlaubt!  <\/li>\n<li>Schokolade dekorieren \u2013 die \ud83d\ude42 Lieblingsaufgabe eines jeden Kindes<\/li>\n<li>Kreieren Sie Ihre eigene Bean-to-Bar-Schokolade, die mit originellem Schokoladenfloresy verziert ist \u2013 nach der Idee und Erfindung des Kindes<\/li>\n<li>Pralinen verpacken, \u00e4hnlich wie wir sie jeden Tag bei DESEO verpacken<\/li>\n<li>Geburtstage feiern mit G\u00e4sten, Kuchen und Kerzen ausblasen<\/li>\n<\/ul>\n<p><strong>Was bekommt jeder unserer Teilnehmer?<\/strong><\/p>\n<ul>\n<li>Proben verschiedener Schokoladensorten zum Verzehr vor Ort<\/li>\n<li>2 Schokoladenriegel \u2013 wie wir sie bei DESEO herstellen \u2013 eine der Tafeln ist eine Tafel, die vom Kind mit verschiedenen Einschl\u00fcssen (Zus\u00e4tzen) verziert wird, die andere ist Schokoladenflores \u2013 beide Schokoladen werden professionell verpackt \u2013 sie k\u00f6nnen ein Souvenir oder ein Geschenk f\u00fcr die Lieben sein<\/li>\n<\/ul>\n<p><strong> <\/strong><\/p>\n<p><strong>Geburtstagsdauer: 2 \u2013 2,5 Stunden<\/strong><\/p>\n<p><strong>Schokoladen-Workshops dauern bei uns in der Regel ca. 1,5 Stunden. Dann kommt der Kuchen   <\/strong><strong>\ud83d\ude0a<\/strong><strong> Es h\u00e4ngt von der Kraft und Energie der Kinder ab, wie viel Zeit sie noch mit uns verbringen <\/strong><strong>\ud83d\ude0a<\/strong> m\u00f6chten<strong>  Geburtstage planen wir immer um 16.30 Uhr, so dass es danach keine Geburtstage oder Workshops mehr gibt. Sie k\u00f6nnen so viel feiern, wie Sie wollen! <\/strong><\/p>\n<p><strong><br \/>\nPreis: 125 PLN pro Kind<br \/>\nMindestalter des Geburtstagskindes: 5 Jahre<\/strong><\/p>\n<p><strong>Mindestalter der Teilnehmer: 4 \u2013 5 Jahre alt \u2013 Kinder m\u00fcssen selbstst\u00e4ndig genug sein, um selbstst\u00e4ndig an den Workshops teilzunehmen und unter der Aufsicht des Instruktors (ohne Elternteil) zu kreieren<\/strong><\/p>\n<p><strong><br \/>\nH\u00f6chstalter des Geburtstagskindes: je nach Kind \u2013 <\/strong>Der Unterricht steht allen Kindern \ud83d\ude42 offen<br \/>\n<strong>*<\/strong>Bitte beachten Sie, dass die Mindestanzahl der G\u00e4ste 6 Personen und die maximale Anzahl der G\u00e4ste 15 Personen betr\u00e4gt.<\/p>\n<p><strong><u>Wo finden Geburtstags-Schokoladen-Workshops statt?<\/u><\/strong><\/p>\n<p>Alle Schokoladen-Workshops, auch die Geburtstags-Workshops, finden in  <strong>unser Ausstellungsraum in der Suwak-Stra\u00dfe 3 im Warschauer Stadtteil Mokot\u00f3w <\/strong>. Hier befindet sich unsere Werkstatt, so dass die Kinder auch durch das Glas unseren Konditoren bei der Arbeit zusehen k\u00f6nnen. Das Restaurant auf Suwak hat auch einen eher reise\u00e4hnlichen Charakter \u2013 man sieht Jutes\u00e4cke, in denen Kakaobohnen ankommen (und auch Kaffee!), und die Bar befindet sich in einem gro\u00dfen Container \u2013 genau wie Produkte aus Indien, Madagaskar oder der Dominikanischen Republik in Europa ankommen. Aber davon erz\u00e4hlen wir euch in den Workshops! \ud83d\ude42<\/p>\n<p><strong><u>Parkplatz:<\/u><\/strong><\/p>\n<p>Wir haben einen Parkplatz direkt neben dem Gel\u00e4nde \u2013 die Schranke \u00f6ffnet sich mit dem DESEO-Passwort.<\/p>\n<p>Willkommen!! \ud83d\ude42<\/p>\n<p>Wenn Sie weitere Fragen zu den Schokoladen-Workshops haben, schreiben Sie bitte an: natalia.sitarska@deseopatisserie.com<\/p>\n<p>WICHTIG! Wir werden Sie bitten, 15 Minuten vor der Startzeit des Geburtstags zu erscheinen. Vor den Workshops ziehen sich die Kinder M\u00e4ntel an, waschen sich die H\u00e4nde, nehmen Platz \ud83d\ude42 \ud83d\ude42  <\/p>\n<p>Guten Appetit!<\/p>\n","protected":false},"excerpt":{"rendered":"<p><strong><u>Stw\u00f3rz w\u0142asne tabliczki czekolady \u2013 takie jak najbardziej lubisz!<\/u><\/strong>Urodzinowe Warsztaty czekoladowe DESEO to cudowna przygoda dedykowana wszystkim Dzieciom, kt\u00f3re kochaj\u0105 czekolad\u0119, a zarazem uwielbiaj\u0105 ciekawe zaj\u0119cia. Ba! Kto nie kocha czekolady i nie lubi ciekawych zaj\u0119\u0107? \ud83d\ude42<\/p>\n<p><strong>Zanim zarezerwujesz zapoznaj si\u0119 z <a href=\"https:\/\/deseopatisserie.com\/\/wp-content\/uploads\/2024\/05\/URODZINY-W-DESEO-regulamin.pdf\">Regulaminem warsztat\u00f3w urodzinowych<\/a>.<\/strong><strong>Zapraszamy do uzupe\u0142nienia <a href=\"https:\/\/deseopatisserie.com\/\/wp-content\/uploads\/2024\/05\/URODZINY-W-DESEO_FORMULARZ-URODZINOWY-1.pdf\">Formularza Urodzinowego<\/a><\/strong><strong>, dzi\u0119ki kt\u00f3remu b\u0119dziemy mogli przygotowa\u0107 si\u0119 jak najlepiej do tego wydarzenia!<\/strong>&nbsp;<\/p>\n<style>.bookero-plugin-header {    background: #bf883b !important;}.calendar-days-list-cell.is-valid , .hours-section .hours-wrapper .hours-list-item {    background: #f4efea !important;    border: 1px solid #bf883b !important;    color: #bf883b !important;}.calendar-days-list-cell.is-selected , .hours-section .hours-wrapper .hours-list-item.is-selected {    background: #bf883b !important;    border-color: #bf883b !important;    color: #fff !important;}.submit-section .submit-button[data-v-1f0e9bc0] {    background: #bf883b !important;    border-radius: 1.5625rem !important;    height: 3.125rem !important;    margin-top: 1.25rem !important;    -webkit-transition: .3s background !important;    transition: .3s background !important;    width: 100% !important;}.submit-section .submit-button[data-v-1f0e9bc0]:hover {    background: #000 !important;}#bookero-plugin {    padding-top: 5px !important;    padding-bottom: 5px !important;    background-color: #f1f1f1 !important;}.is-waiting-list {    cursor: not-allowed !important;}.hours-section .hours-wrapper .hours-list-item.is-waiting-list:after {    background: #e63939 !important;    content: \"lista rezerwowa\" !important;    height: 7px !important;    font-size: 6.5px !important;    color: white !important;    width: 85% !important;}<\/style>\n<p>&nbsp;<\/p>\n<div id=\"bookero\"><\/div>\n<p><script type=\"text\/javascript\">var bookero_config = {\n    id: 'tidr1tlWQGo8',\n    container: 'bookero',\n    type: 'calendar',\n    position: '',\n    plugin_css: true,\n    lang: 'pl',\n    custom_config: {use_service_id: 57035}\n  };\n  (function() {\n  var d = document, s = d.createElement('script');\n  s.src = 'https:\/\/cdn.bookero.pl\/plugin\/v2\/js\/bookero-compiled.js';\n  d.body.appendChild(s);\n  })();\n<\/script><\/p>\n","protected":false},"featured_media":85662,"template":"","meta":{"_acf_changed":false},"product_brand":[],"product_cat":[2652,1850],"product_tag":[],"class_list":{"0":"post-90920","1":"product","2":"type-product","3":"status-publish","4":"has-post-thumbnail","6":"product_cat-geburtstag","7":"product_cat-workshop","9":"first","10":"instock","11":"taxable","12":"shipping-taxable","13":"product-type-external"},"acf":[],"yoast_head":"<!-- This site is optimized with the Yoast SEO plugin v27.4 - https:\/\/yoast.com\/product\/yoast-seo-wordpress\/ -->\n<title>DESEO BIRTHDAY Schokoladen-Workshops ab 5 Jahren - Cukiernia DESEO Warszawa<\/title>\n<meta name=\"description\" content=\"Eine Geburtstagsfeier mit deinen engsten Freunden macht gro\u00dfen Spa\u00df! Es wird nicht nur ein schmackhaftes, sondern auch ein \u00e4u\u00dferst befriedigendes Abenteuer ;)\" \/>\n<meta name=\"robots\" content=\"index, follow, max-snippet:-1, max-image-preview:large, max-video-preview:-1\" \/>\n<link rel=\"canonical\" href=\"https:\/\/deseopatisserie.com\/de\/produkt\/deseo-birthday-schokoladen-workshops-ab-5-jahren\/\" \/>\n<meta property=\"og:locale\" content=\"de_DE\" \/>\n<meta property=\"og:type\" content=\"article\" \/>\n<meta property=\"og:title\" content=\"DESEO BIRTHDAY Schokoladen-Workshops ab 5 Jahren\" \/>\n<meta property=\"og:description\" content=\"Eine Geburtstagsfeier mit deinen engsten Freunden macht gro\u00dfen Spa\u00df! Es wird nicht nur ein schmackhaftes, sondern auch ein \u00e4u\u00dferst befriedigendes Abenteuer ;)\" \/>\n<meta property=\"og:url\" content=\"https:\/\/deseopatisserie.com\/de\/produkt\/deseo-birthday-schokoladen-workshops-ab-5-jahren\/\" \/>\n<meta property=\"og:site_name\" content=\"DESEO\" \/>\n<meta property=\"article:modified_time\" content=\"2025-04-02T13:40:10+00:00\" \/>\n<meta property=\"og:image\" content=\"https:\/\/deseopatisserie.com\/wp-content\/uploads\/2024\/05\/urodziny-w-DESEO-01-300x300.jpg\" \/>\n<meta name=\"twitter:card\" content=\"summary_large_image\" \/>\n<meta name=\"twitter:label1\" content=\"Gesch\u00e4tzte Lesezeit\" \/>\n\t<meta name=\"twitter:data1\" content=\"3\u00a0Minute\" \/>\n<script type=\"application\/ld+json\" class=\"yoast-schema-graph\">{\"@context\":\"https:\\\/\\\/schema.org\",\"@graph\":[{\"@type\":\"WebPage\",\"@id\":\"https:\\\/\\\/deseopatisserie.com\\\/de\\\/produkt\\\/deseo-birthday-schokoladen-workshops-ab-5-jahren\\\/\",\"url\":\"https:\\\/\\\/deseopatisserie.com\\\/de\\\/produkt\\\/deseo-birthday-schokoladen-workshops-ab-5-jahren\\\/\",\"name\":\"DESEO BIRTHDAY Schokoladen-Workshops ab 5 Jahren - Cukiernia DESEO Warszawa\",\"isPartOf\":{\"@id\":\"https:\\\/\\\/deseopatisserie.com\\\/de\\\/#website\"},\"primaryImageOfPage\":{\"@id\":\"https:\\\/\\\/deseopatisserie.com\\\/de\\\/produkt\\\/deseo-birthday-schokoladen-workshops-ab-5-jahren\\\/#primaryimage\"},\"image\":{\"@id\":\"https:\\\/\\\/deseopatisserie.com\\\/de\\\/produkt\\\/deseo-birthday-schokoladen-workshops-ab-5-jahren\\\/#primaryimage\"},\"thumbnailUrl\":\"https:\\\/\\\/deseopatisserie.com\\\/\\\/wp-content\\\/uploads\\\/2024\\\/05\\\/urodziny-w-DESEO-01.jpg\",\"datePublished\":\"2024-05-14T13:57:36+00:00\",\"dateModified\":\"2025-04-02T13:40:10+00:00\",\"description\":\"Eine Geburtstagsfeier mit deinen engsten Freunden macht gro\u00dfen Spa\u00df! Es wird nicht nur ein schmackhaftes, sondern auch ein \u00e4u\u00dferst befriedigendes Abenteuer ;)\",\"breadcrumb\":{\"@id\":\"https:\\\/\\\/deseopatisserie.com\\\/de\\\/produkt\\\/deseo-birthday-schokoladen-workshops-ab-5-jahren\\\/#breadcrumb\"},\"inLanguage\":\"de\",\"potentialAction\":[{\"@type\":\"ReadAction\",\"target\":[\"https:\\\/\\\/deseopatisserie.com\\\/de\\\/produkt\\\/deseo-birthday-schokoladen-workshops-ab-5-jahren\\\/\"]}]},{\"@type\":\"ImageObject\",\"inLanguage\":\"de\",\"@id\":\"https:\\\/\\\/deseopatisserie.com\\\/de\\\/produkt\\\/deseo-birthday-schokoladen-workshops-ab-5-jahren\\\/#primaryimage\",\"url\":\"https:\\\/\\\/deseopatisserie.com\\\/\\\/wp-content\\\/uploads\\\/2024\\\/05\\\/urodziny-w-DESEO-01.jpg\",\"contentUrl\":\"https:\\\/\\\/deseopatisserie.com\\\/\\\/wp-content\\\/uploads\\\/2024\\\/05\\\/urodziny-w-DESEO-01.jpg\",\"width\":923,\"height\":924},{\"@type\":\"BreadcrumbList\",\"@id\":\"https:\\\/\\\/deseopatisserie.com\\\/de\\\/produkt\\\/deseo-birthday-schokoladen-workshops-ab-5-jahren\\\/#breadcrumb\",\"itemListElement\":[{\"@type\":\"ListItem\",\"position\":1,\"name\":\"Strona g\u0142\u00f3wna\",\"item\":\"https:\\\/\\\/deseopatisserie.com\\\/de\\\/homepage\\\/\"},{\"@type\":\"ListItem\",\"position\":2,\"name\":\"DESEO BIRTHDAY Schokoladen-Workshops ab 5 Jahren\"}]},{\"@type\":\"WebSite\",\"@id\":\"https:\\\/\\\/deseopatisserie.com\\\/de\\\/#website\",\"url\":\"https:\\\/\\\/deseopatisserie.com\\\/de\\\/\",\"name\":\"DESEO\",\"description\":\"Patisserie &amp; Chocolaterie\",\"potentialAction\":[{\"@type\":\"SearchAction\",\"target\":{\"@type\":\"EntryPoint\",\"urlTemplate\":\"https:\\\/\\\/deseopatisserie.com\\\/de\\\/?s={search_term_string}\"},\"query-input\":{\"@type\":\"PropertyValueSpecification\",\"valueRequired\":true,\"valueName\":\"search_term_string\"}}],\"inLanguage\":\"de\"}]}<\/script>\n<!-- \/ Yoast SEO plugin. -->","yoast_head_json":{"title":"DESEO BIRTHDAY Schokoladen-Workshops ab 5 Jahren - Cukiernia DESEO Warszawa","description":"Eine Geburtstagsfeier mit deinen engsten Freunden macht gro\u00dfen Spa\u00df! Es wird nicht nur ein schmackhaftes, sondern auch ein \u00e4u\u00dferst befriedigendes Abenteuer ;)","robots":{"index":"index","follow":"follow","max-snippet":"max-snippet:-1","max-image-preview":"max-image-preview:large","max-video-preview":"max-video-preview:-1"},"canonical":"https:\/\/deseopatisserie.com\/de\/produkt\/deseo-birthday-schokoladen-workshops-ab-5-jahren\/","og_locale":"de_DE","og_type":"article","og_title":"DESEO BIRTHDAY Schokoladen-Workshops ab 5 Jahren","og_description":"Eine Geburtstagsfeier mit deinen engsten Freunden macht gro\u00dfen Spa\u00df! Es wird nicht nur ein schmackhaftes, sondern auch ein \u00e4u\u00dferst befriedigendes Abenteuer ;)","og_url":"https:\/\/deseopatisserie.com\/de\/produkt\/deseo-birthday-schokoladen-workshops-ab-5-jahren\/","og_site_name":"DESEO","article_modified_time":"2025-04-02T13:40:10+00:00","og_image":[{"url":"https:\/\/deseopatisserie.com\/wp-content\/uploads\/2024\/05\/urodziny-w-DESEO-01-300x300.jpg","type":"","width":"","height":""}],"twitter_card":"summary_large_image","twitter_misc":{"Gesch\u00e4tzte Lesezeit":"3\u00a0Minute"},"schema":{"@context":"https:\/\/schema.org","@graph":[{"@type":"WebPage","@id":"https:\/\/deseopatisserie.com\/de\/produkt\/deseo-birthday-schokoladen-workshops-ab-5-jahren\/","url":"https:\/\/deseopatisserie.com\/de\/produkt\/deseo-birthday-schokoladen-workshops-ab-5-jahren\/","name":"DESEO BIRTHDAY Schokoladen-Workshops ab 5 Jahren - Cukiernia DESEO Warszawa","isPartOf":{"@id":"https:\/\/deseopatisserie.com\/de\/#website"},"primaryImageOfPage":{"@id":"https:\/\/deseopatisserie.com\/de\/produkt\/deseo-birthday-schokoladen-workshops-ab-5-jahren\/#primaryimage"},"image":{"@id":"https:\/\/deseopatisserie.com\/de\/produkt\/deseo-birthday-schokoladen-workshops-ab-5-jahren\/#primaryimage"},"thumbnailUrl":"https:\/\/deseopatisserie.com\/\/wp-content\/uploads\/2024\/05\/urodziny-w-DESEO-01.jpg","datePublished":"2024-05-14T13:57:36+00:00","dateModified":"2025-04-02T13:40:10+00:00","description":"Eine Geburtstagsfeier mit deinen engsten Freunden macht gro\u00dfen Spa\u00df! Es wird nicht nur ein schmackhaftes, sondern auch ein \u00e4u\u00dferst befriedigendes Abenteuer ;)","breadcrumb":{"@id":"https:\/\/deseopatisserie.com\/de\/produkt\/deseo-birthday-schokoladen-workshops-ab-5-jahren\/#breadcrumb"},"inLanguage":"de","potentialAction":[{"@type":"ReadAction","target":["https:\/\/deseopatisserie.com\/de\/produkt\/deseo-birthday-schokoladen-workshops-ab-5-jahren\/"]}]},{"@type":"ImageObject","inLanguage":"de","@id":"https:\/\/deseopatisserie.com\/de\/produkt\/deseo-birthday-schokoladen-workshops-ab-5-jahren\/#primaryimage","url":"https:\/\/deseopatisserie.com\/\/wp-content\/uploads\/2024\/05\/urodziny-w-DESEO-01.jpg","contentUrl":"https:\/\/deseopatisserie.com\/\/wp-content\/uploads\/2024\/05\/urodziny-w-DESEO-01.jpg","width":923,"height":924},{"@type":"BreadcrumbList","@id":"https:\/\/deseopatisserie.com\/de\/produkt\/deseo-birthday-schokoladen-workshops-ab-5-jahren\/#breadcrumb","itemListElement":[{"@type":"ListItem","position":1,"name":"Strona g\u0142\u00f3wna","item":"https:\/\/deseopatisserie.com\/de\/homepage\/"},{"@type":"ListItem","position":2,"name":"DESEO BIRTHDAY Schokoladen-Workshops ab 5 Jahren"}]},{"@type":"WebSite","@id":"https:\/\/deseopatisserie.com\/de\/#website","url":"https:\/\/deseopatisserie.com\/de\/","name":"DESEO","description":"Patisserie &amp; Chocolaterie","potentialAction":[{"@type":"SearchAction","target":{"@type":"EntryPoint","urlTemplate":"https:\/\/deseopatisserie.com\/de\/?s={search_term_string}"},"query-input":{"@type":"PropertyValueSpecification","valueRequired":true,"valueName":"search_term_string"}}],"inLanguage":"de"}]}},"_links":{"self":[{"href":"https:\/\/deseopatisserie.com\/de\/wp-json\/wp\/v2\/product\/90920","targetHints":{"allow":["GET"]}}],"collection":[{"href":"https:\/\/deseopatisserie.com\/de\/wp-json\/wp\/v2\/product"}],"about":[{"href":"https:\/\/deseopatisserie.com\/de\/wp-json\/wp\/v2\/types\/product"}],"wp:featuredmedia":[{"embeddable":true,"href":"https:\/\/deseopatisserie.com\/de\/wp-json\/wp\/v2\/media\/85662"}],"wp:attachment":[{"href":"https:\/\/deseopatisserie.com\/de\/wp-json\/wp\/v2\/media?parent=90920"}],"wp:term":[{"taxonomy":"product_brand","embeddable":true,"href":"https:\/\/deseopatisserie.com\/de\/wp-json\/wp\/v2\/product_brand?post=90920"},{"taxonomy":"product_cat","embeddable":true,"href":"https:\/\/deseopatisserie.com\/de\/wp-json\/wp\/v2\/product_cat?post=90920"},{"taxonomy":"product_tag","embeddable":true,"href":"https:\/\/deseopatisserie.com\/de\/wp-json\/wp\/v2\/product_tag?post=90920"}],"curies":[{"name":"wp","href":"https:\/\/api.w.org\/{rel}","templated":true}]}}