{"id":90905,"date":"2024-05-08T16:19:24","date_gmt":"2024-05-08T14:19:24","guid":{"rendered":"https:\/\/deseopatisserie.com\/produkt\/kokosnuss-liebhaber\/"},"modified":"2025-04-02T15:40:11","modified_gmt":"2025-04-02T13:40:11","slug":"kokosnuss-liebhaber","status":"publish","type":"product","link":"https:\/\/deseopatisserie.com\/de\/produkt\/kokosnuss-liebhaber\/","title":{"rendered":"Kokosnuss-Liebhaber"},"content":{"rendered":"","protected":false},"excerpt":{"rendered":"<p>Ein Set f\u00fcr Kokosnuss-Fans! Perfekt als Geschenk f\u00fcr Ihre Lieben oder&#8230; f\u00fcr sich selbst! Totale Kokosnuss-Ausschweifung.  <\/p>\n<p><strong>Im Coconut Lover Set finden Sie:<\/strong><\/p>\n<p>\u2013 <strong>Knusprige Kokos-Mandel-Creme<\/strong> \u2013 die erste <strong>Veganerin<\/strong>. Es ist eine ideale L\u00f6sung f\u00fcr Menschen, die Wert auf Qualit\u00e4tsprodukte legen, Wert auf guten Geschmack und kurze Zutaten legen. Es eignet sich sowohl als Zutat zu Pfannkuchen, Pfannkuchen, Haferbrei oder Fr\u00fchst\u00fcck, als auch als hochwertige S\u00fc\u00dfe, die direkt aus dem Glas gegessen wird.  <\/p>\n<p>\u2013 <strong>Wei\u00dfe Schokoladentropfen 200g<\/strong> \u2013 wei\u00dfe Schokolade mit intensivem Vollmilchgeschmack und cremiger Konsistenz. Es ist eine ideale Wahl nicht nur f\u00fcr Liebhaber von S\u00fc\u00dfigkeiten, sondern auch f\u00fcr Liebhaber von Backen und kulinarischen Experimenten. <\/p>\n<p>\u2013 <strong>Schokoladencluster Wei\u00dfe Schokolade &amp; Kokosnuss &amp; Mandel<\/strong> \u2013 Cluster sind unsere originellen kleinen Schokoladensnacks mit vielen Kokosraspeln und Mandelbl\u00e4ttchen, alles kombiniert mit wei\u00dfer Schokolade. Kokosn\u00fcsse von DESEO! Du kannst sie mitnehmen und \u00dcBERALL daran knabbern.  <\/p>\n<p>Sie k\u00f6nnen das Set pers\u00f6nlich kaufen und verschenken oder es mit sofortiger Lieferung zu Ihren Liebsten \ud83d\ude0a nach Hause bestellen<\/p>\n","protected":false},"featured_media":85636,"template":"","meta":{"_acf_changed":false},"product_brand":[],"product_cat":[1644,2631,2609,2695],"product_tag":[],"class_list":{"0":"post-90905","1":"product","2":"type-product","3":"status-publish","4":"has-post-thumbnail","6":"product_cat-geschenksets","7":"product_cat-muttertag","8":"product_cat-schokolade-snacks","9":"product_cat-tag-der-grossmutter-und-des-grossvaters","11":"first","12":"instock","13":"taxable","14":"shipping-taxable","15":"purchasable","16":"product-type-yith_bundle"},"acf":[],"yoast_head":"<!-- This site is optimized with the Yoast SEO plugin v27.4 - https:\/\/yoast.com\/product\/yoast-seo-wordpress\/ -->\n<title>Kokosnuss-Liebhaber - Cukiernia DESEO Warszawa<\/title>\n<meta name=\"description\" content=\"Ein Set f\u00fcr Kokosnuss-Fans! Perfekt als Geschenk f\u00fcr Ihre Lieben oder... f\u00fcr sich selbst! Totale Kokosnuss-Ausschweifung.\" \/>\n<meta name=\"robots\" content=\"index, follow, max-snippet:-1, max-image-preview:large, max-video-preview:-1\" \/>\n<link rel=\"canonical\" href=\"https:\/\/deseopatisserie.com\/de\/produkt\/kokosnuss-liebhaber\/\" \/>\n<meta property=\"og:locale\" content=\"de_DE\" \/>\n<meta property=\"og:type\" content=\"article\" \/>\n<meta property=\"og:title\" content=\"Kokosnuss-Liebhaber\" \/>\n<meta property=\"og:description\" content=\"Ein Set f\u00fcr Kokosnuss-Fans! Perfekt als Geschenk f\u00fcr Ihre Lieben oder... f\u00fcr sich selbst! Totale Kokosnuss-Ausschweifung.\" \/>\n<meta property=\"og:url\" content=\"https:\/\/deseopatisserie.com\/de\/produkt\/kokosnuss-liebhaber\/\" \/>\n<meta property=\"og:site_name\" content=\"DESEO\" \/>\n<meta property=\"article:modified_time\" content=\"2025-04-02T13:40:11+00:00\" \/>\n<meta property=\"og:image\" content=\"https:\/\/deseopatisserie.com\/wp-content\/uploads\/2024\/05\/DESEO-Coconut-Lover-nr-2-1024x708.jpg\" \/>\n<meta name=\"twitter:card\" content=\"summary_large_image\" \/>\n<meta name=\"twitter:label1\" content=\"Gesch\u00e4tzte Lesezeit\" \/>\n\t<meta name=\"twitter:data1\" content=\"1\u00a0Minute\" \/>\n<script type=\"application\/ld+json\" class=\"yoast-schema-graph\">{\"@context\":\"https:\\\/\\\/schema.org\",\"@graph\":[{\"@type\":\"WebPage\",\"@id\":\"https:\\\/\\\/deseopatisserie.com\\\/de\\\/produkt\\\/kokosnuss-liebhaber\\\/\",\"url\":\"https:\\\/\\\/deseopatisserie.com\\\/de\\\/produkt\\\/kokosnuss-liebhaber\\\/\",\"name\":\"Kokosnuss-Liebhaber - Cukiernia DESEO Warszawa\",\"isPartOf\":{\"@id\":\"https:\\\/\\\/deseopatisserie.com\\\/de\\\/#website\"},\"primaryImageOfPage\":{\"@id\":\"https:\\\/\\\/deseopatisserie.com\\\/de\\\/produkt\\\/kokosnuss-liebhaber\\\/#primaryimage\"},\"image\":{\"@id\":\"https:\\\/\\\/deseopatisserie.com\\\/de\\\/produkt\\\/kokosnuss-liebhaber\\\/#primaryimage\"},\"thumbnailUrl\":\"https:\\\/\\\/deseopatisserie.com\\\/\\\/wp-content\\\/uploads\\\/2024\\\/05\\\/DESEO-Coconut-Lover-nr-2.jpg\",\"datePublished\":\"2024-05-08T14:19:24+00:00\",\"dateModified\":\"2025-04-02T13:40:11+00:00\",\"description\":\"Ein Set f\u00fcr Kokosnuss-Fans! Perfekt als Geschenk f\u00fcr Ihre Lieben oder... f\u00fcr sich selbst! Totale Kokosnuss-Ausschweifung.\",\"breadcrumb\":{\"@id\":\"https:\\\/\\\/deseopatisserie.com\\\/de\\\/produkt\\\/kokosnuss-liebhaber\\\/#breadcrumb\"},\"inLanguage\":\"de\",\"potentialAction\":[{\"@type\":\"ReadAction\",\"target\":[\"https:\\\/\\\/deseopatisserie.com\\\/de\\\/produkt\\\/kokosnuss-liebhaber\\\/\"]}]},{\"@type\":\"ImageObject\",\"inLanguage\":\"de\",\"@id\":\"https:\\\/\\\/deseopatisserie.com\\\/de\\\/produkt\\\/kokosnuss-liebhaber\\\/#primaryimage\",\"url\":\"https:\\\/\\\/deseopatisserie.com\\\/\\\/wp-content\\\/uploads\\\/2024\\\/05\\\/DESEO-Coconut-Lover-nr-2.jpg\",\"contentUrl\":\"https:\\\/\\\/deseopatisserie.com\\\/\\\/wp-content\\\/uploads\\\/2024\\\/05\\\/DESEO-Coconut-Lover-nr-2.jpg\",\"width\":1991,\"height\":1377},{\"@type\":\"BreadcrumbList\",\"@id\":\"https:\\\/\\\/deseopatisserie.com\\\/de\\\/produkt\\\/kokosnuss-liebhaber\\\/#breadcrumb\",\"itemListElement\":[{\"@type\":\"ListItem\",\"position\":1,\"name\":\"Strona g\u0142\u00f3wna\",\"item\":\"https:\\\/\\\/deseopatisserie.com\\\/de\\\/homepage\\\/\"},{\"@type\":\"ListItem\",\"position\":2,\"name\":\"Kokosnuss-Liebhaber\"}]},{\"@type\":\"WebSite\",\"@id\":\"https:\\\/\\\/deseopatisserie.com\\\/de\\\/#website\",\"url\":\"https:\\\/\\\/deseopatisserie.com\\\/de\\\/\",\"name\":\"DESEO\",\"description\":\"Patisserie &amp; Chocolaterie\",\"potentialAction\":[{\"@type\":\"SearchAction\",\"target\":{\"@type\":\"EntryPoint\",\"urlTemplate\":\"https:\\\/\\\/deseopatisserie.com\\\/de\\\/?s={search_term_string}\"},\"query-input\":{\"@type\":\"PropertyValueSpecification\",\"valueRequired\":true,\"valueName\":\"search_term_string\"}}],\"inLanguage\":\"de\"}]}<\/script>\n<!-- \/ Yoast SEO plugin. -->","yoast_head_json":{"title":"Kokosnuss-Liebhaber - Cukiernia DESEO Warszawa","description":"Ein Set f\u00fcr Kokosnuss-Fans! Perfekt als Geschenk f\u00fcr Ihre Lieben oder... f\u00fcr sich selbst! Totale Kokosnuss-Ausschweifung.","robots":{"index":"index","follow":"follow","max-snippet":"max-snippet:-1","max-image-preview":"max-image-preview:large","max-video-preview":"max-video-preview:-1"},"canonical":"https:\/\/deseopatisserie.com\/de\/produkt\/kokosnuss-liebhaber\/","og_locale":"de_DE","og_type":"article","og_title":"Kokosnuss-Liebhaber","og_description":"Ein Set f\u00fcr Kokosnuss-Fans! Perfekt als Geschenk f\u00fcr Ihre Lieben oder... f\u00fcr sich selbst! Totale Kokosnuss-Ausschweifung.","og_url":"https:\/\/deseopatisserie.com\/de\/produkt\/kokosnuss-liebhaber\/","og_site_name":"DESEO","article_modified_time":"2025-04-02T13:40:11+00:00","og_image":[{"url":"https:\/\/deseopatisserie.com\/wp-content\/uploads\/2024\/05\/DESEO-Coconut-Lover-nr-2-1024x708.jpg","type":"","width":"","height":""}],"twitter_card":"summary_large_image","twitter_misc":{"Gesch\u00e4tzte Lesezeit":"1\u00a0Minute"},"schema":{"@context":"https:\/\/schema.org","@graph":[{"@type":"WebPage","@id":"https:\/\/deseopatisserie.com\/de\/produkt\/kokosnuss-liebhaber\/","url":"https:\/\/deseopatisserie.com\/de\/produkt\/kokosnuss-liebhaber\/","name":"Kokosnuss-Liebhaber - Cukiernia DESEO Warszawa","isPartOf":{"@id":"https:\/\/deseopatisserie.com\/de\/#website"},"primaryImageOfPage":{"@id":"https:\/\/deseopatisserie.com\/de\/produkt\/kokosnuss-liebhaber\/#primaryimage"},"image":{"@id":"https:\/\/deseopatisserie.com\/de\/produkt\/kokosnuss-liebhaber\/#primaryimage"},"thumbnailUrl":"https:\/\/deseopatisserie.com\/\/wp-content\/uploads\/2024\/05\/DESEO-Coconut-Lover-nr-2.jpg","datePublished":"2024-05-08T14:19:24+00:00","dateModified":"2025-04-02T13:40:11+00:00","description":"Ein Set f\u00fcr Kokosnuss-Fans! Perfekt als Geschenk f\u00fcr Ihre Lieben oder... f\u00fcr sich selbst! Totale Kokosnuss-Ausschweifung.","breadcrumb":{"@id":"https:\/\/deseopatisserie.com\/de\/produkt\/kokosnuss-liebhaber\/#breadcrumb"},"inLanguage":"de","potentialAction":[{"@type":"ReadAction","target":["https:\/\/deseopatisserie.com\/de\/produkt\/kokosnuss-liebhaber\/"]}]},{"@type":"ImageObject","inLanguage":"de","@id":"https:\/\/deseopatisserie.com\/de\/produkt\/kokosnuss-liebhaber\/#primaryimage","url":"https:\/\/deseopatisserie.com\/\/wp-content\/uploads\/2024\/05\/DESEO-Coconut-Lover-nr-2.jpg","contentUrl":"https:\/\/deseopatisserie.com\/\/wp-content\/uploads\/2024\/05\/DESEO-Coconut-Lover-nr-2.jpg","width":1991,"height":1377},{"@type":"BreadcrumbList","@id":"https:\/\/deseopatisserie.com\/de\/produkt\/kokosnuss-liebhaber\/#breadcrumb","itemListElement":[{"@type":"ListItem","position":1,"name":"Strona g\u0142\u00f3wna","item":"https:\/\/deseopatisserie.com\/de\/homepage\/"},{"@type":"ListItem","position":2,"name":"Kokosnuss-Liebhaber"}]},{"@type":"WebSite","@id":"https:\/\/deseopatisserie.com\/de\/#website","url":"https:\/\/deseopatisserie.com\/de\/","name":"DESEO","description":"Patisserie &amp; Chocolaterie","potentialAction":[{"@type":"SearchAction","target":{"@type":"EntryPoint","urlTemplate":"https:\/\/deseopatisserie.com\/de\/?s={search_term_string}"},"query-input":{"@type":"PropertyValueSpecification","valueRequired":true,"valueName":"search_term_string"}}],"inLanguage":"de"}]}},"_links":{"self":[{"href":"https:\/\/deseopatisserie.com\/de\/wp-json\/wp\/v2\/product\/90905","targetHints":{"allow":["GET"]}}],"collection":[{"href":"https:\/\/deseopatisserie.com\/de\/wp-json\/wp\/v2\/product"}],"about":[{"href":"https:\/\/deseopatisserie.com\/de\/wp-json\/wp\/v2\/types\/product"}],"wp:featuredmedia":[{"embeddable":true,"href":"https:\/\/deseopatisserie.com\/de\/wp-json\/wp\/v2\/media\/85636"}],"wp:attachment":[{"href":"https:\/\/deseopatisserie.com\/de\/wp-json\/wp\/v2\/media?parent=90905"}],"wp:term":[{"taxonomy":"product_brand","embeddable":true,"href":"https:\/\/deseopatisserie.com\/de\/wp-json\/wp\/v2\/product_brand?post=90905"},{"taxonomy":"product_cat","embeddable":true,"href":"https:\/\/deseopatisserie.com\/de\/wp-json\/wp\/v2\/product_cat?post=90905"},{"taxonomy":"product_tag","embeddable":true,"href":"https:\/\/deseopatisserie.com\/de\/wp-json\/wp\/v2\/product_tag?post=90905"}],"curies":[{"name":"wp","href":"https:\/\/api.w.org\/{rel}","templated":true}]}}