{"id":90897,"date":"2024-05-08T15:58:17","date_gmt":"2024-05-08T13:58:17","guid":{"rendered":"https:\/\/deseopatisserie.com\/produkt\/kaffee-liebhaber\/"},"modified":"2025-04-02T15:40:08","modified_gmt":"2025-04-02T13:40:08","slug":"kaffee-liebhaber","status":"publish","type":"product","link":"https:\/\/deseopatisserie.com\/de\/produkt\/kaffee-liebhaber\/","title":{"rendered":"Kaffee-Liebhaber"},"content":{"rendered":"","protected":false},"excerpt":{"rendered":"<p>Ein Set f\u00fcr echte Kaffeeliebhaber. Kaffeespezialit\u00e4ten, Bean-to-Bar-Schokolade und originelle Cluster sind eine Dosis Genuss und von ausgezeichneter Qualit\u00e4t! <\/p>\n<p><strong>Im Coffee Lover Set finden Sie:<\/strong><\/p>\n<p>\u2013 <strong>Spezialit\u00e4t Brasilien Fazenda Cerrado Grande Kaffee 250g<\/strong> &#8211; Kaffeebohnen mit niedrigem S\u00e4uregehalt, Spezialit\u00e4tenqualit\u00e4t zum Aufbr\u00fchen in einer Espressomaschine und in einer Kaffeemaschine. Verkostungsnotizen: sehr ausgepr\u00e4gte N\u00fcsse, Schokolade und roter Apfel<\/p>\n<p>\u2013 <strong>JOY Togo Milchschokolade 42% mit Kaffee<\/strong> \u2013 wir haben Bean-to-Bar-Milchschokolade, die auf der Basis von Togobohnen zubereitet wird, mit frisch gemahlenem Kaffee kombiniert. Diese Mischung verleiht der zarten Milchschokolade eine zus\u00e4tzliche Note \ud83d\ude42 <\/p>\n<p>\u2013 <strong>Chocolate Clusters Milchschokolade &amp; Haseln\u00fcsse<\/strong> \u2013 knusprige Haseln\u00fcsse und Milchschokolade Bean-to-Bar Togo 42%! Haselnussnougatine und eine Prise Salz hinzuf\u00fcgen, um den Geschmack zu brechen. Die Kombination macht so s\u00fcchtig!  <\/p>\n<p>Sie k\u00f6nnen das Set pers\u00f6nlich kaufen und verschenken oder es mit sofortiger Lieferung zu Ihren Liebsten nach Hause bestellen. \ud83d\ude0a<\/p>\n","protected":false},"featured_media":85634,"template":"","meta":{"_acf_changed":false},"product_brand":[],"product_cat":[1644,2609,2643,2695],"product_tag":[],"class_list":{"0":"post-90897","1":"product","2":"type-product","3":"status-publish","4":"has-post-thumbnail","6":"product_cat-geschenksets","7":"product_cat-schokolade-snacks","8":"product_cat-spezialitatenkaffee","9":"product_cat-tag-der-grossmutter-und-des-grossvaters","11":"first","12":"instock","13":"taxable","14":"shipping-taxable","15":"product-type-yith_bundle"},"acf":[],"yoast_head":"<!-- This site is optimized with the Yoast SEO plugin v27.4 - https:\/\/yoast.com\/product\/yoast-seo-wordpress\/ -->\n<title>Kaffee-Liebhaber - Cukiernia DESEO Warszawa<\/title>\n<meta name=\"description\" content=\"Kaffeespezialit\u00e4ten und Bean-to-Bar-Schokolade sind die perfekte Kombination! Perfekt als Geschenk f\u00fcr Ihre Lieben oder... f\u00fcr sich selbst!\" \/>\n<meta name=\"robots\" content=\"index, follow, max-snippet:-1, max-image-preview:large, max-video-preview:-1\" \/>\n<link rel=\"canonical\" href=\"https:\/\/deseopatisserie.com\/de\/produkt\/kaffee-liebhaber\/\" \/>\n<meta property=\"og:locale\" content=\"de_DE\" \/>\n<meta property=\"og:type\" content=\"article\" \/>\n<meta property=\"og:title\" content=\"DESEO Kaffeeliebhaber Set\" \/>\n<meta property=\"og:description\" content=\"Kaffeespezialit\u00e4ten und Bean-to-Bar-Schokolade sind die perfekte Kombination! Perfekt als Geschenk f\u00fcr Ihre Lieben oder... f\u00fcr sich selbst!\" \/>\n<meta property=\"og:url\" content=\"https:\/\/deseopatisserie.com\/de\/produkt\/kaffee-liebhaber\/\" \/>\n<meta property=\"og:site_name\" content=\"DESEO\" \/>\n<meta property=\"article:modified_time\" content=\"2025-04-02T13:40:08+00:00\" \/>\n<meta property=\"og:image\" content=\"https:\/\/deseopatisserie.com\/wp-content\/uploads\/2024\/05\/DESEO-Coffee-Lover-1024x719.jpg\" \/>\n<meta name=\"twitter:card\" content=\"summary_large_image\" \/>\n<script type=\"application\/ld+json\" class=\"yoast-schema-graph\">{\"@context\":\"https:\\\/\\\/schema.org\",\"@graph\":[{\"@type\":\"WebPage\",\"@id\":\"https:\\\/\\\/deseopatisserie.com\\\/de\\\/produkt\\\/kaffee-liebhaber\\\/\",\"url\":\"https:\\\/\\\/deseopatisserie.com\\\/de\\\/produkt\\\/kaffee-liebhaber\\\/\",\"name\":\"Kaffee-Liebhaber - Cukiernia DESEO Warszawa\",\"isPartOf\":{\"@id\":\"https:\\\/\\\/deseopatisserie.com\\\/de\\\/#website\"},\"primaryImageOfPage\":{\"@id\":\"https:\\\/\\\/deseopatisserie.com\\\/de\\\/produkt\\\/kaffee-liebhaber\\\/#primaryimage\"},\"image\":{\"@id\":\"https:\\\/\\\/deseopatisserie.com\\\/de\\\/produkt\\\/kaffee-liebhaber\\\/#primaryimage\"},\"thumbnailUrl\":\"https:\\\/\\\/deseopatisserie.com\\\/\\\/wp-content\\\/uploads\\\/2024\\\/05\\\/DESEO-Coffee-Lover.jpg\",\"datePublished\":\"2024-05-08T13:58:17+00:00\",\"dateModified\":\"2025-04-02T13:40:08+00:00\",\"description\":\"Kaffeespezialit\u00e4ten und Bean-to-Bar-Schokolade sind die perfekte Kombination! Perfekt als Geschenk f\u00fcr Ihre Lieben oder... f\u00fcr sich selbst!\",\"breadcrumb\":{\"@id\":\"https:\\\/\\\/deseopatisserie.com\\\/de\\\/produkt\\\/kaffee-liebhaber\\\/#breadcrumb\"},\"inLanguage\":\"de\",\"potentialAction\":[{\"@type\":\"ReadAction\",\"target\":[\"https:\\\/\\\/deseopatisserie.com\\\/de\\\/produkt\\\/kaffee-liebhaber\\\/\"]}]},{\"@type\":\"ImageObject\",\"inLanguage\":\"de\",\"@id\":\"https:\\\/\\\/deseopatisserie.com\\\/de\\\/produkt\\\/kaffee-liebhaber\\\/#primaryimage\",\"url\":\"https:\\\/\\\/deseopatisserie.com\\\/\\\/wp-content\\\/uploads\\\/2024\\\/05\\\/DESEO-Coffee-Lover.jpg\",\"contentUrl\":\"https:\\\/\\\/deseopatisserie.com\\\/\\\/wp-content\\\/uploads\\\/2024\\\/05\\\/DESEO-Coffee-Lover.jpg\",\"width\":2000,\"height\":1404},{\"@type\":\"BreadcrumbList\",\"@id\":\"https:\\\/\\\/deseopatisserie.com\\\/de\\\/produkt\\\/kaffee-liebhaber\\\/#breadcrumb\",\"itemListElement\":[{\"@type\":\"ListItem\",\"position\":1,\"name\":\"Strona g\u0142\u00f3wna\",\"item\":\"https:\\\/\\\/deseopatisserie.com\\\/de\\\/homepage\\\/\"},{\"@type\":\"ListItem\",\"position\":2,\"name\":\"Kaffee-Liebhaber\"}]},{\"@type\":\"WebSite\",\"@id\":\"https:\\\/\\\/deseopatisserie.com\\\/de\\\/#website\",\"url\":\"https:\\\/\\\/deseopatisserie.com\\\/de\\\/\",\"name\":\"DESEO\",\"description\":\"Patisserie &amp; Chocolaterie\",\"potentialAction\":[{\"@type\":\"SearchAction\",\"target\":{\"@type\":\"EntryPoint\",\"urlTemplate\":\"https:\\\/\\\/deseopatisserie.com\\\/de\\\/?s={search_term_string}\"},\"query-input\":{\"@type\":\"PropertyValueSpecification\",\"valueRequired\":true,\"valueName\":\"search_term_string\"}}],\"inLanguage\":\"de\"}]}<\/script>\n<!-- \/ Yoast SEO plugin. -->","yoast_head_json":{"title":"Kaffee-Liebhaber - Cukiernia DESEO Warszawa","description":"Kaffeespezialit\u00e4ten und Bean-to-Bar-Schokolade sind die perfekte Kombination! Perfekt als Geschenk f\u00fcr Ihre Lieben oder... f\u00fcr sich selbst!","robots":{"index":"index","follow":"follow","max-snippet":"max-snippet:-1","max-image-preview":"max-image-preview:large","max-video-preview":"max-video-preview:-1"},"canonical":"https:\/\/deseopatisserie.com\/de\/produkt\/kaffee-liebhaber\/","og_locale":"de_DE","og_type":"article","og_title":"DESEO Kaffeeliebhaber Set","og_description":"Kaffeespezialit\u00e4ten und Bean-to-Bar-Schokolade sind die perfekte Kombination! Perfekt als Geschenk f\u00fcr Ihre Lieben oder... f\u00fcr sich selbst!","og_url":"https:\/\/deseopatisserie.com\/de\/produkt\/kaffee-liebhaber\/","og_site_name":"DESEO","article_modified_time":"2025-04-02T13:40:08+00:00","og_image":[{"url":"https:\/\/deseopatisserie.com\/wp-content\/uploads\/2024\/05\/DESEO-Coffee-Lover-1024x719.jpg","type":"","width":"","height":""}],"twitter_card":"summary_large_image","schema":{"@context":"https:\/\/schema.org","@graph":[{"@type":"WebPage","@id":"https:\/\/deseopatisserie.com\/de\/produkt\/kaffee-liebhaber\/","url":"https:\/\/deseopatisserie.com\/de\/produkt\/kaffee-liebhaber\/","name":"Kaffee-Liebhaber - Cukiernia DESEO Warszawa","isPartOf":{"@id":"https:\/\/deseopatisserie.com\/de\/#website"},"primaryImageOfPage":{"@id":"https:\/\/deseopatisserie.com\/de\/produkt\/kaffee-liebhaber\/#primaryimage"},"image":{"@id":"https:\/\/deseopatisserie.com\/de\/produkt\/kaffee-liebhaber\/#primaryimage"},"thumbnailUrl":"https:\/\/deseopatisserie.com\/\/wp-content\/uploads\/2024\/05\/DESEO-Coffee-Lover.jpg","datePublished":"2024-05-08T13:58:17+00:00","dateModified":"2025-04-02T13:40:08+00:00","description":"Kaffeespezialit\u00e4ten und Bean-to-Bar-Schokolade sind die perfekte Kombination! Perfekt als Geschenk f\u00fcr Ihre Lieben oder... f\u00fcr sich selbst!","breadcrumb":{"@id":"https:\/\/deseopatisserie.com\/de\/produkt\/kaffee-liebhaber\/#breadcrumb"},"inLanguage":"de","potentialAction":[{"@type":"ReadAction","target":["https:\/\/deseopatisserie.com\/de\/produkt\/kaffee-liebhaber\/"]}]},{"@type":"ImageObject","inLanguage":"de","@id":"https:\/\/deseopatisserie.com\/de\/produkt\/kaffee-liebhaber\/#primaryimage","url":"https:\/\/deseopatisserie.com\/\/wp-content\/uploads\/2024\/05\/DESEO-Coffee-Lover.jpg","contentUrl":"https:\/\/deseopatisserie.com\/\/wp-content\/uploads\/2024\/05\/DESEO-Coffee-Lover.jpg","width":2000,"height":1404},{"@type":"BreadcrumbList","@id":"https:\/\/deseopatisserie.com\/de\/produkt\/kaffee-liebhaber\/#breadcrumb","itemListElement":[{"@type":"ListItem","position":1,"name":"Strona g\u0142\u00f3wna","item":"https:\/\/deseopatisserie.com\/de\/homepage\/"},{"@type":"ListItem","position":2,"name":"Kaffee-Liebhaber"}]},{"@type":"WebSite","@id":"https:\/\/deseopatisserie.com\/de\/#website","url":"https:\/\/deseopatisserie.com\/de\/","name":"DESEO","description":"Patisserie &amp; Chocolaterie","potentialAction":[{"@type":"SearchAction","target":{"@type":"EntryPoint","urlTemplate":"https:\/\/deseopatisserie.com\/de\/?s={search_term_string}"},"query-input":{"@type":"PropertyValueSpecification","valueRequired":true,"valueName":"search_term_string"}}],"inLanguage":"de"}]}},"_links":{"self":[{"href":"https:\/\/deseopatisserie.com\/de\/wp-json\/wp\/v2\/product\/90897","targetHints":{"allow":["GET"]}}],"collection":[{"href":"https:\/\/deseopatisserie.com\/de\/wp-json\/wp\/v2\/product"}],"about":[{"href":"https:\/\/deseopatisserie.com\/de\/wp-json\/wp\/v2\/types\/product"}],"wp:featuredmedia":[{"embeddable":true,"href":"https:\/\/deseopatisserie.com\/de\/wp-json\/wp\/v2\/media\/85634"}],"wp:attachment":[{"href":"https:\/\/deseopatisserie.com\/de\/wp-json\/wp\/v2\/media?parent=90897"}],"wp:term":[{"taxonomy":"product_brand","embeddable":true,"href":"https:\/\/deseopatisserie.com\/de\/wp-json\/wp\/v2\/product_brand?post=90897"},{"taxonomy":"product_cat","embeddable":true,"href":"https:\/\/deseopatisserie.com\/de\/wp-json\/wp\/v2\/product_cat?post=90897"},{"taxonomy":"product_tag","embeddable":true,"href":"https:\/\/deseopatisserie.com\/de\/wp-json\/wp\/v2\/product_tag?post=90897"}],"curies":[{"name":"wp","href":"https:\/\/api.w.org\/{rel}","templated":true}]}}