{"id":90894,"date":"2024-03-13T14:56:56","date_gmt":"2024-03-13T13:56:56","guid":{"rendered":"https:\/\/deseopatisserie.com\/produkt\/togo-trockene-schokoladentropfen-60-1kg\/"},"modified":"2025-04-02T15:39:43","modified_gmt":"2025-04-02T13:39:43","slug":"togo-trockene-schokoladentropfen-60-1kg","status":"publish","type":"product","link":"https:\/\/deseopatisserie.com\/de\/produkt\/togo-trockene-schokoladentropfen-60-1kg\/","title":{"rendered":"Togo trockene Schokoladentropfen 60% 1kg"},"content":{"rendered":"","protected":false},"excerpt":{"rendered":"<p>Togo 60% Trockenschokolade ist eine vielseitige dunkle Schokolade mit einem angenehmen Aroma.<\/p>\n<p>In Schokoladen aus Kakaobohnen aus Togo sind Noten von Kokosn\u00fcssen und Mandeln zu sp\u00fcren. Togo 60% Schokolade ist eine Schokoladenbasis, die oft von unseren Konditoren verwendet wird und eine ideale Basis f\u00fcr hausgemachte Kuchen, Backwaren, Desserts oder \u00dcberz\u00fcge auf Schokoladenbasis ist. <\/p>\n<p>Schokolade ist in handlichen Tropfen \u2013 Lutschtabletten \u2013 erh\u00e4ltlich, dank derer sie leicht zu messen und zu schmelzen ist. Dank der Doypack-Verpackung bleiben die Tropfen lange frisch und Sie k\u00f6nnen sie bequem und sicher in Ihrer K\u00fcche aufbewahren. <\/p>\n<p><strong>Verwenden Sie es in Ihrer eigenen K\u00fcche, um Folgendes zuzubereiten:<\/strong><br \/>\n&#8211; zarte Schokoladenmousse,<br \/>\n&#8211; Schokoladencremes f\u00fcr Kuchen und Kuchen,<br \/>\n&#8211; s\u00fc\u00dfes Geb\u00e4ck \u2013 Kekse, Haferkekse, Hefebr\u00f6tchen mit Schokolade,<br \/>\n&#8211; Toppings f\u00fcr Pfannkuchen, Pfannkuchen, Desserts und Kuchen,<br \/>\n&#8211; hausgemachtes Eis,<br \/>\n&#8211; Schokoladenfondue, in Schokolade getauchte Fr\u00fcchte (Sie k\u00f6nnen Bananen in Schokolade oder Pflaumen in Togo-Schokolade 60% probieren!), Schokoladenbrunnen,<br \/>\n&#8211; Pralinen und Pralinen aus Ihrer eigenen hausgemachten Schokolade und Schokoladendekorationen,<br \/>\n&#8211; Granola oder Porridge.<\/p>\n<p><strong>\ud83d\udc49 Laden Sie das kostenlose <span style=\"color: #bf883b;\"><a style=\"color: #bf883b;\" href=\"https:\/\/deseopatisserie.com\/de\/produkt\/haselnuss-e-book-deseo\/\">EHANUT E-Book DESEO<\/a> <\/span>herunter und bereiten Sie k\u00f6stliche Desserts mit unseren Schokoladentropfen zu!<\/strong><\/p>\n<p>Bean-to-Bar \/ Bean-to-Chocolate-Schokolade ist Schokolade, die von Grund auf, d.h. aus rohen, unverarbeiteten Bohnen, auf handwerkliche Weise hergestellt wird. F\u00fcr die Herstellung verwenden wir Kakaobohnen, die wir von Plantagen unserer Wahl aus der ganzen Welt importieren. Sie machen den Geschmack und das Aroma solcher Schokolade erstaunlich! <\/p>\n","protected":false},"featured_media":85348,"template":"","meta":{"_acf_changed":false},"product_brand":[],"product_cat":[2646,2668,2609],"product_tag":[],"class_list":{"0":"post-90894","1":"product","2":"type-product","3":"status-publish","4":"has-post-thumbnail","6":"product_cat-produkte-fur-cafes-und-konditoreien","7":"product_cat-schoko-tropfen","8":"product_cat-schokolade-snacks","10":"first","11":"instock","12":"taxable","13":"shipping-taxable","14":"purchasable","15":"product-type-simple"},"acf":[],"yoast_head":"<!-- This site is optimized with the Yoast SEO plugin v27.4 - https:\/\/yoast.com\/product\/yoast-seo-wordpress\/ -->\n<title>Togo trockene Schokoladentropfen 60% 1kg - Cukiernia DESEO Warszawa<\/title>\n<meta name=\"description\" content=\"Togo 60% Trockenschokolade ist eine vielseitige dunkle Schokolade mit angenehmem Aroma - Noten von Kokosnuss und Mandel sind sp\u00fcrbar.\" \/>\n<meta name=\"robots\" content=\"index, follow, max-snippet:-1, max-image-preview:large, max-video-preview:-1\" \/>\n<link rel=\"canonical\" href=\"https:\/\/deseopatisserie.com\/de\/produkt\/togo-trockene-schokoladentropfen-60-1kg\/\" \/>\n<meta property=\"og:locale\" content=\"de_DE\" \/>\n<meta property=\"og:type\" content=\"article\" \/>\n<meta property=\"og:title\" content=\"DESEO Drops trockene Schokolade Togo 60% 1kg\" \/>\n<meta property=\"og:description\" content=\"Togo 60% Trockenschokolade ist eine vielseitige dunkle Schokolade mit angenehmem Aroma - Noten von Kokosnuss und Mandel sind sp\u00fcrbar.\" \/>\n<meta property=\"og:url\" content=\"https:\/\/deseopatisserie.com\/de\/produkt\/togo-trockene-schokoladentropfen-60-1kg\/\" \/>\n<meta property=\"og:site_name\" content=\"DESEO\" \/>\n<meta property=\"article:modified_time\" content=\"2025-04-02T13:39:43+00:00\" \/>\n<meta property=\"og:image\" content=\"https:\/\/deseopatisserie.com\/wp-content\/uploads\/2024\/03\/Deseo-worek-jutowy-na-bieli-Czekolada-TOGO-60-1kg-poziom-1024x683.jpg\" \/>\n<meta name=\"twitter:card\" content=\"summary_large_image\" \/>\n<script type=\"application\/ld+json\" class=\"yoast-schema-graph\">{\"@context\":\"https:\\\/\\\/schema.org\",\"@graph\":[{\"@type\":\"WebPage\",\"@id\":\"https:\\\/\\\/deseopatisserie.com\\\/de\\\/produkt\\\/togo-trockene-schokoladentropfen-60-1kg\\\/\",\"url\":\"https:\\\/\\\/deseopatisserie.com\\\/de\\\/produkt\\\/togo-trockene-schokoladentropfen-60-1kg\\\/\",\"name\":\"Togo trockene Schokoladentropfen 60% 1kg - Cukiernia DESEO Warszawa\",\"isPartOf\":{\"@id\":\"https:\\\/\\\/deseopatisserie.com\\\/de\\\/#website\"},\"primaryImageOfPage\":{\"@id\":\"https:\\\/\\\/deseopatisserie.com\\\/de\\\/produkt\\\/togo-trockene-schokoladentropfen-60-1kg\\\/#primaryimage\"},\"image\":{\"@id\":\"https:\\\/\\\/deseopatisserie.com\\\/de\\\/produkt\\\/togo-trockene-schokoladentropfen-60-1kg\\\/#primaryimage\"},\"thumbnailUrl\":\"https:\\\/\\\/deseopatisserie.com\\\/\\\/wp-content\\\/uploads\\\/2024\\\/03\\\/allegro-czekolada_TOGO-60-wytrawna_dropsy-1kg.jpg\",\"datePublished\":\"2024-03-13T13:56:56+00:00\",\"dateModified\":\"2025-04-02T13:39:43+00:00\",\"description\":\"Togo 60% Trockenschokolade ist eine vielseitige dunkle Schokolade mit angenehmem Aroma - Noten von Kokosnuss und Mandel sind sp\u00fcrbar.\",\"breadcrumb\":{\"@id\":\"https:\\\/\\\/deseopatisserie.com\\\/de\\\/produkt\\\/togo-trockene-schokoladentropfen-60-1kg\\\/#breadcrumb\"},\"inLanguage\":\"de\",\"potentialAction\":[{\"@type\":\"ReadAction\",\"target\":[\"https:\\\/\\\/deseopatisserie.com\\\/de\\\/produkt\\\/togo-trockene-schokoladentropfen-60-1kg\\\/\"]}]},{\"@type\":\"ImageObject\",\"inLanguage\":\"de\",\"@id\":\"https:\\\/\\\/deseopatisserie.com\\\/de\\\/produkt\\\/togo-trockene-schokoladentropfen-60-1kg\\\/#primaryimage\",\"url\":\"https:\\\/\\\/deseopatisserie.com\\\/\\\/wp-content\\\/uploads\\\/2024\\\/03\\\/allegro-czekolada_TOGO-60-wytrawna_dropsy-1kg.jpg\",\"contentUrl\":\"https:\\\/\\\/deseopatisserie.com\\\/\\\/wp-content\\\/uploads\\\/2024\\\/03\\\/allegro-czekolada_TOGO-60-wytrawna_dropsy-1kg.jpg\",\"width\":1080,\"height\":1080},{\"@type\":\"BreadcrumbList\",\"@id\":\"https:\\\/\\\/deseopatisserie.com\\\/de\\\/produkt\\\/togo-trockene-schokoladentropfen-60-1kg\\\/#breadcrumb\",\"itemListElement\":[{\"@type\":\"ListItem\",\"position\":1,\"name\":\"Strona g\u0142\u00f3wna\",\"item\":\"https:\\\/\\\/deseopatisserie.com\\\/de\\\/homepage\\\/\"},{\"@type\":\"ListItem\",\"position\":2,\"name\":\"Togo trockene Schokoladentropfen 60% 1kg\"}]},{\"@type\":\"WebSite\",\"@id\":\"https:\\\/\\\/deseopatisserie.com\\\/de\\\/#website\",\"url\":\"https:\\\/\\\/deseopatisserie.com\\\/de\\\/\",\"name\":\"DESEO\",\"description\":\"Patisserie &amp; Chocolaterie\",\"potentialAction\":[{\"@type\":\"SearchAction\",\"target\":{\"@type\":\"EntryPoint\",\"urlTemplate\":\"https:\\\/\\\/deseopatisserie.com\\\/de\\\/?s={search_term_string}\"},\"query-input\":{\"@type\":\"PropertyValueSpecification\",\"valueRequired\":true,\"valueName\":\"search_term_string\"}}],\"inLanguage\":\"de\"}]}<\/script>\n<!-- \/ Yoast SEO plugin. -->","yoast_head_json":{"title":"Togo trockene Schokoladentropfen 60% 1kg - Cukiernia DESEO Warszawa","description":"Togo 60% Trockenschokolade ist eine vielseitige dunkle Schokolade mit angenehmem Aroma - Noten von Kokosnuss und Mandel sind sp\u00fcrbar.","robots":{"index":"index","follow":"follow","max-snippet":"max-snippet:-1","max-image-preview":"max-image-preview:large","max-video-preview":"max-video-preview:-1"},"canonical":"https:\/\/deseopatisserie.com\/de\/produkt\/togo-trockene-schokoladentropfen-60-1kg\/","og_locale":"de_DE","og_type":"article","og_title":"DESEO Drops trockene Schokolade Togo 60% 1kg","og_description":"Togo 60% Trockenschokolade ist eine vielseitige dunkle Schokolade mit angenehmem Aroma - Noten von Kokosnuss und Mandel sind sp\u00fcrbar.","og_url":"https:\/\/deseopatisserie.com\/de\/produkt\/togo-trockene-schokoladentropfen-60-1kg\/","og_site_name":"DESEO","article_modified_time":"2025-04-02T13:39:43+00:00","og_image":[{"url":"https:\/\/deseopatisserie.com\/wp-content\/uploads\/2024\/03\/Deseo-worek-jutowy-na-bieli-Czekolada-TOGO-60-1kg-poziom-1024x683.jpg","type":"","width":"","height":""}],"twitter_card":"summary_large_image","schema":{"@context":"https:\/\/schema.org","@graph":[{"@type":"WebPage","@id":"https:\/\/deseopatisserie.com\/de\/produkt\/togo-trockene-schokoladentropfen-60-1kg\/","url":"https:\/\/deseopatisserie.com\/de\/produkt\/togo-trockene-schokoladentropfen-60-1kg\/","name":"Togo trockene Schokoladentropfen 60% 1kg - Cukiernia DESEO Warszawa","isPartOf":{"@id":"https:\/\/deseopatisserie.com\/de\/#website"},"primaryImageOfPage":{"@id":"https:\/\/deseopatisserie.com\/de\/produkt\/togo-trockene-schokoladentropfen-60-1kg\/#primaryimage"},"image":{"@id":"https:\/\/deseopatisserie.com\/de\/produkt\/togo-trockene-schokoladentropfen-60-1kg\/#primaryimage"},"thumbnailUrl":"https:\/\/deseopatisserie.com\/\/wp-content\/uploads\/2024\/03\/allegro-czekolada_TOGO-60-wytrawna_dropsy-1kg.jpg","datePublished":"2024-03-13T13:56:56+00:00","dateModified":"2025-04-02T13:39:43+00:00","description":"Togo 60% Trockenschokolade ist eine vielseitige dunkle Schokolade mit angenehmem Aroma - Noten von Kokosnuss und Mandel sind sp\u00fcrbar.","breadcrumb":{"@id":"https:\/\/deseopatisserie.com\/de\/produkt\/togo-trockene-schokoladentropfen-60-1kg\/#breadcrumb"},"inLanguage":"de","potentialAction":[{"@type":"ReadAction","target":["https:\/\/deseopatisserie.com\/de\/produkt\/togo-trockene-schokoladentropfen-60-1kg\/"]}]},{"@type":"ImageObject","inLanguage":"de","@id":"https:\/\/deseopatisserie.com\/de\/produkt\/togo-trockene-schokoladentropfen-60-1kg\/#primaryimage","url":"https:\/\/deseopatisserie.com\/\/wp-content\/uploads\/2024\/03\/allegro-czekolada_TOGO-60-wytrawna_dropsy-1kg.jpg","contentUrl":"https:\/\/deseopatisserie.com\/\/wp-content\/uploads\/2024\/03\/allegro-czekolada_TOGO-60-wytrawna_dropsy-1kg.jpg","width":1080,"height":1080},{"@type":"BreadcrumbList","@id":"https:\/\/deseopatisserie.com\/de\/produkt\/togo-trockene-schokoladentropfen-60-1kg\/#breadcrumb","itemListElement":[{"@type":"ListItem","position":1,"name":"Strona g\u0142\u00f3wna","item":"https:\/\/deseopatisserie.com\/de\/homepage\/"},{"@type":"ListItem","position":2,"name":"Togo trockene Schokoladentropfen 60% 1kg"}]},{"@type":"WebSite","@id":"https:\/\/deseopatisserie.com\/de\/#website","url":"https:\/\/deseopatisserie.com\/de\/","name":"DESEO","description":"Patisserie &amp; Chocolaterie","potentialAction":[{"@type":"SearchAction","target":{"@type":"EntryPoint","urlTemplate":"https:\/\/deseopatisserie.com\/de\/?s={search_term_string}"},"query-input":{"@type":"PropertyValueSpecification","valueRequired":true,"valueName":"search_term_string"}}],"inLanguage":"de"}]}},"_links":{"self":[{"href":"https:\/\/deseopatisserie.com\/de\/wp-json\/wp\/v2\/product\/90894","targetHints":{"allow":["GET"]}}],"collection":[{"href":"https:\/\/deseopatisserie.com\/de\/wp-json\/wp\/v2\/product"}],"about":[{"href":"https:\/\/deseopatisserie.com\/de\/wp-json\/wp\/v2\/types\/product"}],"wp:featuredmedia":[{"embeddable":true,"href":"https:\/\/deseopatisserie.com\/de\/wp-json\/wp\/v2\/media\/85348"}],"wp:attachment":[{"href":"https:\/\/deseopatisserie.com\/de\/wp-json\/wp\/v2\/media?parent=90894"}],"wp:term":[{"taxonomy":"product_brand","embeddable":true,"href":"https:\/\/deseopatisserie.com\/de\/wp-json\/wp\/v2\/product_brand?post=90894"},{"taxonomy":"product_cat","embeddable":true,"href":"https:\/\/deseopatisserie.com\/de\/wp-json\/wp\/v2\/product_cat?post=90894"},{"taxonomy":"product_tag","embeddable":true,"href":"https:\/\/deseopatisserie.com\/de\/wp-json\/wp\/v2\/product_tag?post=90894"}],"curies":[{"name":"wp","href":"https:\/\/api.w.org\/{rel}","templated":true}]}}