{"id":90886,"date":"2024-03-14T10:37:46","date_gmt":"2024-03-14T09:37:46","guid":{"rendered":"https:\/\/deseopatisserie.com\/produkt\/tropfen-togo-milchschokolade-42-1kg\/"},"modified":"2024-10-25T10:56:00","modified_gmt":"2024-10-25T08:56:00","slug":"tropfen-togo-milchschokolade-42-1kg","status":"publish","type":"product","link":"https:\/\/deseopatisserie.com\/de\/produkt\/tropfen-togo-milchschokolade-42-1kg\/","title":{"rendered":"Tropfen Togo Milchschokolade 42% 1kg"},"content":{"rendered":"","protected":false},"excerpt":{"rendered":"<p>Togo Milchschokolade 42% ist die perfekte Wahl f\u00fcr den privaten und professionellen Gebrauch. Die Schokolade hat Noten von Kokosnuss, Mandeln und Butterkeksen.  Schokoladentropfen auf Basis von Kakaobohnen aus Togo zeichnen sich durch einen niedrigen S\u00e4uregehalt aus. Seine Vielseitigkeit und seine hervorragenden Eigenschaften machen es zu einem unverzichtbaren Element jeder K\u00fcche und werden zur Herstellung von sensationellem Geb\u00e4ck und Desserts verwendet. Togo Milchschokolade 42% ist in praktischen Tropfen\/Pastillen erh\u00e4ltlich. Dadurch l\u00e4sst es sich leicht abmessen und aufl\u00f6sen. Im \ud83d\ude0a Jahr 2024 wurden die Togo 42% Milk Chocolate Drops von der Jury der International Chocolate Awards, deren Hauptziel es ist, Unternehmen zu unterst\u00fctzen, die sich auf die Herstellung hochwertiger Schokoladenprodukte spezialisiert haben, mit <b>einer Silbermedaille <\/b>in der Kategorie &#8222;Milchschokolade ohne Einschl\u00fcsse&#8220; ausgezeichnet. <strong>Verwenden Sie es in Ihrer eigenen K\u00fcche, um Folgendes zuzubereiten:<\/strong><br \/>\n&#8211; Mousse und Cremes aus Milchschokolade,<br \/>\n&#8211; Schokoladenbelag und Saucen f\u00fcr Pfannkuchen, Pfannkuchen, Desserts und Eiscreme,<br \/>\n&#8211; K\u00e4sekuchen,<br \/>\n&#8211; Schokoladenfondue, in Schokolade getauchte Fr\u00fcchte, Schokoladenbrunnen,<br \/>\n&#8211; hei\u00dfe, trinkbare Schokolade mit universellem Schokoladengeschmack<br \/>\n&#8211; Pralinen, Tr\u00fcffel, hausgemachte Schokolade und Dekorationen, <\/p>\n<p><strong>\ud83d\udc49 Laden Sie das kostenlose <span style=\"color: #bf883b;\"><a style=\"color: #bf883b;\" href=\"https:\/\/deseopatisserie.com\/produkt\/darmowy-orzech-laskowy-ebook-deseo\/\">EHANUT E-Book DESEO<\/a> <\/span>herunter und bereiten Sie k\u00f6stliche Desserts mit unseren Schokoladentropfen zu!<\/strong><\/p>\n<p>Bean-to-Bar \/ Bean-to-Chocolate-Schokolade ist Schokolade, die von Grund auf, d.h. aus rohen, unverarbeiteten Bohnen, auf handwerkliche Weise hergestellt wird. F\u00fcr die Herstellung verwenden wir Kakaobohnen, die wir von Plantagen unserer Wahl aus der ganzen Welt importieren. Sie machen den Geschmack und das Aroma solcher Schokolade erstaunlich!  <\/p>\n","protected":false},"featured_media":85910,"template":"","meta":{"_acf_changed":false},"product_brand":[],"product_cat":[2646,2668,2609],"product_tag":[],"class_list":{"0":"post-90886","1":"product","2":"type-product","3":"status-publish","4":"has-post-thumbnail","6":"product_cat-produkte-fur-cafes-und-konditoreien","7":"product_cat-schoko-tropfen","8":"product_cat-schokolade-snacks","10":"first","11":"instock","12":"taxable","13":"shipping-taxable","14":"purchasable","15":"product-type-simple"},"acf":[],"yoast_head":"<!-- This site is optimized with the Yoast SEO plugin v27.4 - https:\/\/yoast.com\/product\/yoast-seo-wordpress\/ -->\n<title>Tropfen Togo Milchschokolade 42% 1kg - Cukiernia DESEO Warszawa<\/title>\n<meta name=\"description\" content=\"Es ist eine ideale Wahl sowohl f\u00fcr den privaten als auch f\u00fcr den professionellen Gebrauch. Die Schokolade hat Noten von Kokosnuss, Mandeln und Butterkeksen.\" \/>\n<meta name=\"robots\" content=\"index, follow, max-snippet:-1, max-image-preview:large, max-video-preview:-1\" \/>\n<link rel=\"canonical\" href=\"https:\/\/deseopatisserie.com\/de\/produkt\/tropfen-togo-milchschokolade-42-1kg\/\" \/>\n<meta property=\"og:locale\" content=\"de_DE\" \/>\n<meta property=\"og:type\" content=\"article\" \/>\n<meta property=\"og:title\" content=\"DESEO Togo Schokoladentropfen 42% 1kg\" \/>\n<meta property=\"og:description\" content=\"Togo 42% Trockenschokolade ist eine universelle dunkle Schokolade mit einem angenehmen Aroma - Noten von Kokosnuss und Mandel sind sp\u00fcrbar.\" \/>\n<meta property=\"og:url\" content=\"https:\/\/deseopatisserie.com\/de\/produkt\/tropfen-togo-milchschokolade-42-1kg\/\" \/>\n<meta property=\"og:site_name\" content=\"DESEO\" \/>\n<meta property=\"article:modified_time\" content=\"2024-10-25T08:56:00+00:00\" \/>\n<meta property=\"og:image\" content=\"https:\/\/deseopatisserie.com\/wp-content\/uploads\/2024\/03\/Deseo-worek-jutowy-Czekolada-TOGO-42-1kg-poziom-1024x683.jpg\" \/>\n<meta name=\"twitter:card\" content=\"summary_large_image\" \/>\n<meta name=\"twitter:label1\" content=\"Gesch\u00e4tzte Lesezeit\" \/>\n\t<meta name=\"twitter:data1\" content=\"1\u00a0Minute\" \/>\n<script type=\"application\/ld+json\" class=\"yoast-schema-graph\">{\"@context\":\"https:\\\/\\\/schema.org\",\"@graph\":[{\"@type\":\"WebPage\",\"@id\":\"https:\\\/\\\/deseopatisserie.com\\\/de\\\/produkt\\\/tropfen-togo-milchschokolade-42-1kg\\\/\",\"url\":\"https:\\\/\\\/deseopatisserie.com\\\/de\\\/produkt\\\/tropfen-togo-milchschokolade-42-1kg\\\/\",\"name\":\"Tropfen Togo Milchschokolade 42% 1kg - Cukiernia DESEO Warszawa\",\"isPartOf\":{\"@id\":\"https:\\\/\\\/deseopatisserie.com\\\/de\\\/#website\"},\"primaryImageOfPage\":{\"@id\":\"https:\\\/\\\/deseopatisserie.com\\\/de\\\/produkt\\\/tropfen-togo-milchschokolade-42-1kg\\\/#primaryimage\"},\"image\":{\"@id\":\"https:\\\/\\\/deseopatisserie.com\\\/de\\\/produkt\\\/tropfen-togo-milchschokolade-42-1kg\\\/#primaryimage\"},\"thumbnailUrl\":\"https:\\\/\\\/deseopatisserie.com\\\/\\\/wp-content\\\/uploads\\\/2024\\\/03\\\/dropsy-Torebki-ICA-PRIZE-2024-Togo_42-1kg.jpg\",\"datePublished\":\"2024-03-14T09:37:46+00:00\",\"dateModified\":\"2024-10-25T08:56:00+00:00\",\"description\":\"Es ist eine ideale Wahl sowohl f\u00fcr den privaten als auch f\u00fcr den professionellen Gebrauch. Die Schokolade hat Noten von Kokosnuss, Mandeln und Butterkeksen.\",\"breadcrumb\":{\"@id\":\"https:\\\/\\\/deseopatisserie.com\\\/de\\\/produkt\\\/tropfen-togo-milchschokolade-42-1kg\\\/#breadcrumb\"},\"inLanguage\":\"de\",\"potentialAction\":[{\"@type\":\"ReadAction\",\"target\":[\"https:\\\/\\\/deseopatisserie.com\\\/de\\\/produkt\\\/tropfen-togo-milchschokolade-42-1kg\\\/\"]}]},{\"@type\":\"ImageObject\",\"inLanguage\":\"de\",\"@id\":\"https:\\\/\\\/deseopatisserie.com\\\/de\\\/produkt\\\/tropfen-togo-milchschokolade-42-1kg\\\/#primaryimage\",\"url\":\"https:\\\/\\\/deseopatisserie.com\\\/\\\/wp-content\\\/uploads\\\/2024\\\/03\\\/dropsy-Torebki-ICA-PRIZE-2024-Togo_42-1kg.jpg\",\"contentUrl\":\"https:\\\/\\\/deseopatisserie.com\\\/\\\/wp-content\\\/uploads\\\/2024\\\/03\\\/dropsy-Torebki-ICA-PRIZE-2024-Togo_42-1kg.jpg\",\"width\":1080,\"height\":1080},{\"@type\":\"BreadcrumbList\",\"@id\":\"https:\\\/\\\/deseopatisserie.com\\\/de\\\/produkt\\\/tropfen-togo-milchschokolade-42-1kg\\\/#breadcrumb\",\"itemListElement\":[{\"@type\":\"ListItem\",\"position\":1,\"name\":\"Strona g\u0142\u00f3wna\",\"item\":\"https:\\\/\\\/deseopatisserie.com\\\/de\\\/homepage\\\/\"},{\"@type\":\"ListItem\",\"position\":2,\"name\":\"Tropfen Togo Milchschokolade 42% 1kg\"}]},{\"@type\":\"WebSite\",\"@id\":\"https:\\\/\\\/deseopatisserie.com\\\/de\\\/#website\",\"url\":\"https:\\\/\\\/deseopatisserie.com\\\/de\\\/\",\"name\":\"DESEO\",\"description\":\"Patisserie &amp; Chocolaterie\",\"potentialAction\":[{\"@type\":\"SearchAction\",\"target\":{\"@type\":\"EntryPoint\",\"urlTemplate\":\"https:\\\/\\\/deseopatisserie.com\\\/de\\\/?s={search_term_string}\"},\"query-input\":{\"@type\":\"PropertyValueSpecification\",\"valueRequired\":true,\"valueName\":\"search_term_string\"}}],\"inLanguage\":\"de\"}]}<\/script>\n<!-- \/ Yoast SEO plugin. -->","yoast_head_json":{"title":"Tropfen Togo Milchschokolade 42% 1kg - Cukiernia DESEO Warszawa","description":"Es ist eine ideale Wahl sowohl f\u00fcr den privaten als auch f\u00fcr den professionellen Gebrauch. Die Schokolade hat Noten von Kokosnuss, Mandeln und Butterkeksen.","robots":{"index":"index","follow":"follow","max-snippet":"max-snippet:-1","max-image-preview":"max-image-preview:large","max-video-preview":"max-video-preview:-1"},"canonical":"https:\/\/deseopatisserie.com\/de\/produkt\/tropfen-togo-milchschokolade-42-1kg\/","og_locale":"de_DE","og_type":"article","og_title":"DESEO Togo Schokoladentropfen 42% 1kg","og_description":"Togo 42% Trockenschokolade ist eine universelle dunkle Schokolade mit einem angenehmen Aroma - Noten von Kokosnuss und Mandel sind sp\u00fcrbar.","og_url":"https:\/\/deseopatisserie.com\/de\/produkt\/tropfen-togo-milchschokolade-42-1kg\/","og_site_name":"DESEO","article_modified_time":"2024-10-25T08:56:00+00:00","og_image":[{"url":"https:\/\/deseopatisserie.com\/wp-content\/uploads\/2024\/03\/Deseo-worek-jutowy-Czekolada-TOGO-42-1kg-poziom-1024x683.jpg","type":"","width":"","height":""}],"twitter_card":"summary_large_image","twitter_misc":{"Gesch\u00e4tzte Lesezeit":"1\u00a0Minute"},"schema":{"@context":"https:\/\/schema.org","@graph":[{"@type":"WebPage","@id":"https:\/\/deseopatisserie.com\/de\/produkt\/tropfen-togo-milchschokolade-42-1kg\/","url":"https:\/\/deseopatisserie.com\/de\/produkt\/tropfen-togo-milchschokolade-42-1kg\/","name":"Tropfen Togo Milchschokolade 42% 1kg - Cukiernia DESEO Warszawa","isPartOf":{"@id":"https:\/\/deseopatisserie.com\/de\/#website"},"primaryImageOfPage":{"@id":"https:\/\/deseopatisserie.com\/de\/produkt\/tropfen-togo-milchschokolade-42-1kg\/#primaryimage"},"image":{"@id":"https:\/\/deseopatisserie.com\/de\/produkt\/tropfen-togo-milchschokolade-42-1kg\/#primaryimage"},"thumbnailUrl":"https:\/\/deseopatisserie.com\/\/wp-content\/uploads\/2024\/03\/dropsy-Torebki-ICA-PRIZE-2024-Togo_42-1kg.jpg","datePublished":"2024-03-14T09:37:46+00:00","dateModified":"2024-10-25T08:56:00+00:00","description":"Es ist eine ideale Wahl sowohl f\u00fcr den privaten als auch f\u00fcr den professionellen Gebrauch. Die Schokolade hat Noten von Kokosnuss, Mandeln und Butterkeksen.","breadcrumb":{"@id":"https:\/\/deseopatisserie.com\/de\/produkt\/tropfen-togo-milchschokolade-42-1kg\/#breadcrumb"},"inLanguage":"de","potentialAction":[{"@type":"ReadAction","target":["https:\/\/deseopatisserie.com\/de\/produkt\/tropfen-togo-milchschokolade-42-1kg\/"]}]},{"@type":"ImageObject","inLanguage":"de","@id":"https:\/\/deseopatisserie.com\/de\/produkt\/tropfen-togo-milchschokolade-42-1kg\/#primaryimage","url":"https:\/\/deseopatisserie.com\/\/wp-content\/uploads\/2024\/03\/dropsy-Torebki-ICA-PRIZE-2024-Togo_42-1kg.jpg","contentUrl":"https:\/\/deseopatisserie.com\/\/wp-content\/uploads\/2024\/03\/dropsy-Torebki-ICA-PRIZE-2024-Togo_42-1kg.jpg","width":1080,"height":1080},{"@type":"BreadcrumbList","@id":"https:\/\/deseopatisserie.com\/de\/produkt\/tropfen-togo-milchschokolade-42-1kg\/#breadcrumb","itemListElement":[{"@type":"ListItem","position":1,"name":"Strona g\u0142\u00f3wna","item":"https:\/\/deseopatisserie.com\/de\/homepage\/"},{"@type":"ListItem","position":2,"name":"Tropfen Togo Milchschokolade 42% 1kg"}]},{"@type":"WebSite","@id":"https:\/\/deseopatisserie.com\/de\/#website","url":"https:\/\/deseopatisserie.com\/de\/","name":"DESEO","description":"Patisserie &amp; Chocolaterie","potentialAction":[{"@type":"SearchAction","target":{"@type":"EntryPoint","urlTemplate":"https:\/\/deseopatisserie.com\/de\/?s={search_term_string}"},"query-input":{"@type":"PropertyValueSpecification","valueRequired":true,"valueName":"search_term_string"}}],"inLanguage":"de"}]}},"_links":{"self":[{"href":"https:\/\/deseopatisserie.com\/de\/wp-json\/wp\/v2\/product\/90886","targetHints":{"allow":["GET"]}}],"collection":[{"href":"https:\/\/deseopatisserie.com\/de\/wp-json\/wp\/v2\/product"}],"about":[{"href":"https:\/\/deseopatisserie.com\/de\/wp-json\/wp\/v2\/types\/product"}],"wp:featuredmedia":[{"embeddable":true,"href":"https:\/\/deseopatisserie.com\/de\/wp-json\/wp\/v2\/media\/85910"}],"wp:attachment":[{"href":"https:\/\/deseopatisserie.com\/de\/wp-json\/wp\/v2\/media?parent=90886"}],"wp:term":[{"taxonomy":"product_brand","embeddable":true,"href":"https:\/\/deseopatisserie.com\/de\/wp-json\/wp\/v2\/product_brand?post=90886"},{"taxonomy":"product_cat","embeddable":true,"href":"https:\/\/deseopatisserie.com\/de\/wp-json\/wp\/v2\/product_cat?post=90886"},{"taxonomy":"product_tag","embeddable":true,"href":"https:\/\/deseopatisserie.com\/de\/wp-json\/wp\/v2\/product_tag?post=90886"}],"curies":[{"name":"wp","href":"https:\/\/api.w.org\/{rel}","templated":true}]}}