{"id":90882,"date":"2024-02-13T10:26:35","date_gmt":"2024-02-13T09:26:35","guid":{"rendered":"https:\/\/deseopatisserie.com\/produkt\/haselnuss-e-book-deseo\/"},"modified":"2025-04-02T15:39:25","modified_gmt":"2025-04-02T13:39:25","slug":"haselnuss-e-book-deseo","status":"publish","type":"product","link":"https:\/\/deseopatisserie.com\/de\/produkt\/haselnuss-e-book-deseo\/","title":{"rendered":"Haselnuss E-Book DESEO"},"content":{"rendered":"<div style=\"font-family: Montserrat,sans-serif; font-weight: 400; line-height: 1.5rem; font-size: 14px; color: #000;\">\n<p><span style=\"font-size: 12pt; font-family: Montserrat,sans-serif;\">Haseln\u00fcsse sind eine ganze Reihe wertvoller Stoffe und wirken sich positiv auf unsere Gesundheit aus. Sie zeichnen sich m.in durch einen hohen Gehalt an Vitamin E aus, das auch als Vitamin der Jugend bekannt ist.  <\/span><\/p>\n<p><span style=\"font-family: Montserrat,sans-serif; font-size: 12pt;\">Haseln\u00fcsse beugen Arteriosklerose, Bluthochdruck oder Blutgerinnseln vor und st\u00e4rken das Nervensystem. Das Knuspern von ger\u00f6steten Haseln\u00fcssen ist daher eine sehr gute Wahl in der Snack-Kategorie, und 100% Haselnusspaste kann nicht nur f\u00fcr Desserts, sondern auch f\u00fcr ein gesundes Fr\u00fchst\u00fcck oder nahrhafte Cocktails verwendet werden. <\/span><\/p>\n<p><span style=\"font-size: 12pt; font-family: Montserrat,sans-serif;\">Bei DESEO arbeiten wir mit hochwertigen Haseln\u00fcssen. Wir w\u00e4hlen sie nicht nur sorgf\u00e4ltig aus, sondern r\u00f6sten sie dann in einem professionellen Br\u00e4ter, damit sie PERFEKT schmecken.   <\/span><\/p>\n<p><span style=\"font-size: 12pt; font-family: Montserrat,sans-serif;\">F\u00fcr die Herstellung der Erdnusspaste verwenden wir eine Kugelm\u00fchle, dank der unsere 100%ige Paste eine wunderbar samtige Konsistenz hat. Das m\u00fcssen Sie ausprobieren! <\/span><\/p>\n<\/div>\n","protected":false},"excerpt":{"rendered":"<p>Haseln\u00fcsse waren bei DESEO schon immer dabei! \ud83d\ude42 Du findest sie in dem herrlich cremigen Nocciola-Eis, in der knusprigen Haselnussnougat, die in unserem Cruffin versteckt ist, in der meistverkauften Nocciola-Torte oder in der Tesoro-Monoportion! Auf der Basis von Haseln\u00fcssen stellen wir samtige Schokoladen- und Haselnusscreme und Cluster mit Vollmilchschokolade her.  <\/p>\n<p>Alle diese Produkte basieren auf ger\u00f6steten Haseln\u00fcssen und 100% Haselnusspaste, die wir in unserem Studio herstellen.<\/p>\n<p>Jetzt k\u00f6nnen auch Sie sensationelle Desserts und Snacks mit Haselnuss in der Hauptrolle zubereiten!<br \/>\nLaden Sie unser kostenloses Rezept-E-Book herunter, das auf 100% Haselnusspaste und ger\u00f6steten Haseln\u00fcssen basiert. Im E-Book warten 8 einfache und leckere Rezepte auf Sie!<br \/>\nAlles, was Sie tun m\u00fcssen, ist, unseren Newsletter zu abonnieren und Sie erhalten sofort unser E-Book an die angegebene E-Mail-Adresse.<\/p>\n<p>INHALTSVERZEICHNIS:1<br \/>\n. Haselnuss-Brownie mit Haselnuss-Topping<br \/>\n2. Haselnusskekse mit Schokoladenst\u00fcckchen<br \/>\n3. Tarte mit wei\u00dfer Schokolade und Haselnusspaste<br \/>\n4. Brownie mit Gianduja-K\u00e4sekuchen<br \/>\n5. Schokoladenmuffins mit Haselnusscreme<br \/>\n6. Brownie-Kuchen mit Erdnusscreme und Amber-Karamell<br \/>\n7. Schokoladensalami<br \/>\n8. Karamellisierte Haseln\u00fcsse<\/p>\n<p>GUTEN APPETIT! \ud83d\ude42<\/p>\n<p style=\"text-align: center;\">[fluentform id=\"3\"]<\/p>\n<p><strong>Siehe auch:<\/strong><br \/>\n<span style=\"color: #bf883b;\"><a style=\"color: #bf883b;\" href=\"https:\/\/deseopatisserie.com\/de\/produkt\/haselnusspaste-100-200g\/\">Haselnusspaste 200g<\/a><\/span><span style=\"color: #bf883b;\"> <span style=\"color: #000000;\">|<\/span> <a style=\"color: #bf883b;\" href=\"https:\/\/deseopatisserie.com\/de\/produkt\/haselnusspaste-100-1kg\/\">Haselnusspaste 1 kg<\/a> <span style=\"color: #000000;\">| <\/span><a style=\"color: #bf883b;\" href=\"https:\/\/deseopatisserie.com\/de\/produkt\/haselnusspaste-100-3kg\/\">Haselnusspaste 3 kg<\/a><span style=\"color: #000000;\"> |<\/span> <a style=\"color: #bf883b;\" href=\"https:\/\/deseopatisserie.com\/de\/produkt\/haselnusspaste-100-5kg\/\">Haselnusscreme 5 kg<\/a><br \/>\n<a style=\"color: #bf883b;\" href=\"https:\/\/deseopatisserie.com\/de\/produkt\/schokolade-haselnuss-creme-200g\/\">Haselnuss &amp; Schokocreme 200g<\/a> <span style=\"color: #000000;\">|<a href=\"https:\/\/deseopatisserie.com\/de\/produkt\/schokolade-haselnusscreme-500g\/\">Schokolade &amp; Haselnuss Creme 500g<\/a> | <a href=\"https:\/\/deseopatisserie.com\/de\/produkt\/schokolade-haselnusscreme-1kg\/\">Schokolade &amp; Haselnuss Creme 1kg<\/a> |<\/span> <a style=\"color: #bf883b;\" href=\"https:\/\/deseopatisserie.com\/de\/produkt\/haselnuss-praline\/\">Haselnuss Praline 200g<\/a> <span style=\"color: #000000;\">| <\/span> <\/span><span style=\"color: #bf883b;\"><a style=\"color: #bf883b;\" href=\"https:\/\/deseopatisserie.com\/de\/produkt\/geroestete-haselnuesse-250g\/\">Ger\u00f6stete Haseln\u00fcsse 250 g<\/a> <span style=\"color: #000000;\">|<\/span> <a style=\"color: #bf883b;\" href=\"https:\/\/deseopatisserie.com\/de\/produkt\/geroestete-haselnuesse-500g\/\">Ger\u00f6stete Haseln\u00fcsse 500 g<\/a> <span style=\"color: #000000;\">|<\/span> <a style=\"color: #bf883b;\" href=\"https:\/\/deseopatisserie.com\/de\/produkt\/geroestete-haselnuesse-1kg\/\">Ger\u00f6stete Haseln\u00fcsse 1 kg<\/a><\/span><\/p>\n<p>\ud83d\udc49 Laden Sie auch das <span style=\"color: #bf883b;\"><a style=\"color: #bf883b;\" href=\"https:\/\/deseopatisserie.com\/de\/produkt\/pistazie-ebook-deseo\/\">DESEO PISTAZIEN EBOOK herunter<\/a><\/span> und bereiten Sie k\u00f6stliche Desserts auf Basis von 100% Pistazienpaste zu!<\/p>\n<style>\n.single-product div.product .summary form.cart { display: none!important; }<br \/>.somdn-download-wrap form {display: none !important;}<br \/>div.quantity.buttons_added { visibility: hidden; }<br \/>  <\/style>\n","protected":false},"featured_media":85108,"template":"","meta":{"_acf_changed":false},"product_brand":[],"product_cat":[1643,2650,1645],"product_tag":[],"class_list":{"0":"post-90882","1":"product","2":"type-product","3":"status-publish","4":"has-post-thumbnail","6":"product_cat-100-nusspasten","7":"product_cat-e-buch","8":"product_cat-pasten-cremes","10":"first","11":"instock","12":"downloadable","13":"virtual","14":"sold-individually","15":"taxable","16":"purchasable","17":"product-type-simple"},"acf":[],"yoast_head":"<!-- This site is optimized with the Yoast SEO plugin v27.4 - https:\/\/yoast.com\/product\/yoast-seo-wordpress\/ -->\n<title>Haselnuss E-Book DESEO - Cukiernia DESEO Warszawa<\/title>\n<meta name=\"description\" content=\"Hier ist es! Das neueste, v\u00f6llig kostenlose E-Book mit sensationellen Rezepten mit Haseln\u00fcssen! Abonnieren Sie den Newsletter und nutzen Sie ihn nach Herzenslust!\" \/>\n<meta name=\"robots\" content=\"index, follow, max-snippet:-1, max-image-preview:large, max-video-preview:-1\" \/>\n<link rel=\"canonical\" href=\"https:\/\/deseopatisserie.com\/de\/produkt\/haselnuss-e-book-deseo\/\" \/>\n<meta property=\"og:locale\" content=\"de_DE\" \/>\n<meta property=\"og:type\" content=\"article\" \/>\n<meta property=\"og:title\" content=\"Haselnuss E-Book DESEO\" \/>\n<meta property=\"og:description\" content=\"Hier ist es! Das neueste, v\u00f6llig kostenlose E-Book mit sensationellen Rezepten mit Haseln\u00fcssen! Abonnieren Sie den Newsletter und nutzen Sie ihn nach Herzenslust!\" \/>\n<meta property=\"og:url\" content=\"https:\/\/deseopatisserie.com\/de\/produkt\/haselnuss-e-book-deseo\/\" \/>\n<meta property=\"og:site_name\" content=\"DESEO\" \/>\n<meta property=\"article:modified_time\" content=\"2025-04-02T13:39:25+00:00\" \/>\n<meta property=\"og:image\" content=\"https:\/\/deseopatisserie.com\/wp-content\/uploads\/2024\/02\/Laskowy-EBOOK-DESEO-01-1-1024x683.png\" \/>\n<meta name=\"twitter:card\" content=\"summary_large_image\" \/>\n<meta name=\"twitter:label1\" content=\"Gesch\u00e4tzte Lesezeit\" \/>\n\t<meta name=\"twitter:data1\" content=\"1\u00a0Minute\" \/>\n<script type=\"application\/ld+json\" class=\"yoast-schema-graph\">{\"@context\":\"https:\\\/\\\/schema.org\",\"@graph\":[{\"@type\":\"WebPage\",\"@id\":\"https:\\\/\\\/deseopatisserie.com\\\/de\\\/produkt\\\/haselnuss-e-book-deseo\\\/\",\"url\":\"https:\\\/\\\/deseopatisserie.com\\\/de\\\/produkt\\\/haselnuss-e-book-deseo\\\/\",\"name\":\"Haselnuss E-Book DESEO - Cukiernia DESEO Warszawa\",\"isPartOf\":{\"@id\":\"https:\\\/\\\/deseopatisserie.com\\\/de\\\/#website\"},\"primaryImageOfPage\":{\"@id\":\"https:\\\/\\\/deseopatisserie.com\\\/de\\\/produkt\\\/haselnuss-e-book-deseo\\\/#primaryimage\"},\"image\":{\"@id\":\"https:\\\/\\\/deseopatisserie.com\\\/de\\\/produkt\\\/haselnuss-e-book-deseo\\\/#primaryimage\"},\"thumbnailUrl\":\"https:\\\/\\\/deseopatisserie.com\\\/\\\/wp-content\\\/uploads\\\/2024\\\/02\\\/Laskowy-EBOOK-DESEO-01-1.png\",\"datePublished\":\"2024-02-13T09:26:35+00:00\",\"dateModified\":\"2025-04-02T13:39:25+00:00\",\"description\":\"Hier ist es! Das neueste, v\u00f6llig kostenlose E-Book mit sensationellen Rezepten mit Haseln\u00fcssen! Abonnieren Sie den Newsletter und nutzen Sie ihn nach Herzenslust!\",\"breadcrumb\":{\"@id\":\"https:\\\/\\\/deseopatisserie.com\\\/de\\\/produkt\\\/haselnuss-e-book-deseo\\\/#breadcrumb\"},\"inLanguage\":\"de\",\"potentialAction\":[{\"@type\":\"ReadAction\",\"target\":[\"https:\\\/\\\/deseopatisserie.com\\\/de\\\/produkt\\\/haselnuss-e-book-deseo\\\/\"]}]},{\"@type\":\"ImageObject\",\"inLanguage\":\"de\",\"@id\":\"https:\\\/\\\/deseopatisserie.com\\\/de\\\/produkt\\\/haselnuss-e-book-deseo\\\/#primaryimage\",\"url\":\"https:\\\/\\\/deseopatisserie.com\\\/\\\/wp-content\\\/uploads\\\/2024\\\/02\\\/Laskowy-EBOOK-DESEO-01-1.png\",\"contentUrl\":\"https:\\\/\\\/deseopatisserie.com\\\/\\\/wp-content\\\/uploads\\\/2024\\\/02\\\/Laskowy-EBOOK-DESEO-01-1.png\",\"width\":1184,\"height\":790},{\"@type\":\"BreadcrumbList\",\"@id\":\"https:\\\/\\\/deseopatisserie.com\\\/de\\\/produkt\\\/haselnuss-e-book-deseo\\\/#breadcrumb\",\"itemListElement\":[{\"@type\":\"ListItem\",\"position\":1,\"name\":\"Strona g\u0142\u00f3wna\",\"item\":\"https:\\\/\\\/deseopatisserie.com\\\/de\\\/homepage\\\/\"},{\"@type\":\"ListItem\",\"position\":2,\"name\":\"Haselnuss E-Book DESEO\"}]},{\"@type\":\"WebSite\",\"@id\":\"https:\\\/\\\/deseopatisserie.com\\\/de\\\/#website\",\"url\":\"https:\\\/\\\/deseopatisserie.com\\\/de\\\/\",\"name\":\"DESEO\",\"description\":\"Patisserie &amp; Chocolaterie\",\"potentialAction\":[{\"@type\":\"SearchAction\",\"target\":{\"@type\":\"EntryPoint\",\"urlTemplate\":\"https:\\\/\\\/deseopatisserie.com\\\/de\\\/?s={search_term_string}\"},\"query-input\":{\"@type\":\"PropertyValueSpecification\",\"valueRequired\":true,\"valueName\":\"search_term_string\"}}],\"inLanguage\":\"de\"}]}<\/script>\n<!-- \/ Yoast SEO plugin. -->","yoast_head_json":{"title":"Haselnuss E-Book DESEO - Cukiernia DESEO Warszawa","description":"Hier ist es! Das neueste, v\u00f6llig kostenlose E-Book mit sensationellen Rezepten mit Haseln\u00fcssen! Abonnieren Sie den Newsletter und nutzen Sie ihn nach Herzenslust!","robots":{"index":"index","follow":"follow","max-snippet":"max-snippet:-1","max-image-preview":"max-image-preview:large","max-video-preview":"max-video-preview:-1"},"canonical":"https:\/\/deseopatisserie.com\/de\/produkt\/haselnuss-e-book-deseo\/","og_locale":"de_DE","og_type":"article","og_title":"Haselnuss E-Book DESEO","og_description":"Hier ist es! Das neueste, v\u00f6llig kostenlose E-Book mit sensationellen Rezepten mit Haseln\u00fcssen! Abonnieren Sie den Newsletter und nutzen Sie ihn nach Herzenslust!","og_url":"https:\/\/deseopatisserie.com\/de\/produkt\/haselnuss-e-book-deseo\/","og_site_name":"DESEO","article_modified_time":"2025-04-02T13:39:25+00:00","og_image":[{"url":"https:\/\/deseopatisserie.com\/wp-content\/uploads\/2024\/02\/Laskowy-EBOOK-DESEO-01-1-1024x683.png","type":"","width":"","height":""}],"twitter_card":"summary_large_image","twitter_misc":{"Gesch\u00e4tzte Lesezeit":"1\u00a0Minute"},"schema":{"@context":"https:\/\/schema.org","@graph":[{"@type":"WebPage","@id":"https:\/\/deseopatisserie.com\/de\/produkt\/haselnuss-e-book-deseo\/","url":"https:\/\/deseopatisserie.com\/de\/produkt\/haselnuss-e-book-deseo\/","name":"Haselnuss E-Book DESEO - Cukiernia DESEO Warszawa","isPartOf":{"@id":"https:\/\/deseopatisserie.com\/de\/#website"},"primaryImageOfPage":{"@id":"https:\/\/deseopatisserie.com\/de\/produkt\/haselnuss-e-book-deseo\/#primaryimage"},"image":{"@id":"https:\/\/deseopatisserie.com\/de\/produkt\/haselnuss-e-book-deseo\/#primaryimage"},"thumbnailUrl":"https:\/\/deseopatisserie.com\/\/wp-content\/uploads\/2024\/02\/Laskowy-EBOOK-DESEO-01-1.png","datePublished":"2024-02-13T09:26:35+00:00","dateModified":"2025-04-02T13:39:25+00:00","description":"Hier ist es! Das neueste, v\u00f6llig kostenlose E-Book mit sensationellen Rezepten mit Haseln\u00fcssen! Abonnieren Sie den Newsletter und nutzen Sie ihn nach Herzenslust!","breadcrumb":{"@id":"https:\/\/deseopatisserie.com\/de\/produkt\/haselnuss-e-book-deseo\/#breadcrumb"},"inLanguage":"de","potentialAction":[{"@type":"ReadAction","target":["https:\/\/deseopatisserie.com\/de\/produkt\/haselnuss-e-book-deseo\/"]}]},{"@type":"ImageObject","inLanguage":"de","@id":"https:\/\/deseopatisserie.com\/de\/produkt\/haselnuss-e-book-deseo\/#primaryimage","url":"https:\/\/deseopatisserie.com\/\/wp-content\/uploads\/2024\/02\/Laskowy-EBOOK-DESEO-01-1.png","contentUrl":"https:\/\/deseopatisserie.com\/\/wp-content\/uploads\/2024\/02\/Laskowy-EBOOK-DESEO-01-1.png","width":1184,"height":790},{"@type":"BreadcrumbList","@id":"https:\/\/deseopatisserie.com\/de\/produkt\/haselnuss-e-book-deseo\/#breadcrumb","itemListElement":[{"@type":"ListItem","position":1,"name":"Strona g\u0142\u00f3wna","item":"https:\/\/deseopatisserie.com\/de\/homepage\/"},{"@type":"ListItem","position":2,"name":"Haselnuss E-Book DESEO"}]},{"@type":"WebSite","@id":"https:\/\/deseopatisserie.com\/de\/#website","url":"https:\/\/deseopatisserie.com\/de\/","name":"DESEO","description":"Patisserie &amp; Chocolaterie","potentialAction":[{"@type":"SearchAction","target":{"@type":"EntryPoint","urlTemplate":"https:\/\/deseopatisserie.com\/de\/?s={search_term_string}"},"query-input":{"@type":"PropertyValueSpecification","valueRequired":true,"valueName":"search_term_string"}}],"inLanguage":"de"}]}},"_links":{"self":[{"href":"https:\/\/deseopatisserie.com\/de\/wp-json\/wp\/v2\/product\/90882","targetHints":{"allow":["GET"]}}],"collection":[{"href":"https:\/\/deseopatisserie.com\/de\/wp-json\/wp\/v2\/product"}],"about":[{"href":"https:\/\/deseopatisserie.com\/de\/wp-json\/wp\/v2\/types\/product"}],"wp:featuredmedia":[{"embeddable":true,"href":"https:\/\/deseopatisserie.com\/de\/wp-json\/wp\/v2\/media\/85108"}],"wp:attachment":[{"href":"https:\/\/deseopatisserie.com\/de\/wp-json\/wp\/v2\/media?parent=90882"}],"wp:term":[{"taxonomy":"product_brand","embeddable":true,"href":"https:\/\/deseopatisserie.com\/de\/wp-json\/wp\/v2\/product_brand?post=90882"},{"taxonomy":"product_cat","embeddable":true,"href":"https:\/\/deseopatisserie.com\/de\/wp-json\/wp\/v2\/product_cat?post=90882"},{"taxonomy":"product_tag","embeddable":true,"href":"https:\/\/deseopatisserie.com\/de\/wp-json\/wp\/v2\/product_tag?post=90882"}],"curies":[{"name":"wp","href":"https:\/\/api.w.org\/{rel}","templated":true}]}}