{"id":90853,"date":"2023-11-16T17:09:53","date_gmt":"2023-11-16T16:09:53","guid":{"rendered":"https:\/\/deseopatisserie.com\/produkt\/kokoscreme-mit-mandeln-crunchy\/"},"modified":"2025-04-02T15:37:51","modified_gmt":"2025-04-02T13:37:51","slug":"kokoscreme-mit-mandeln-crunchy","status":"publish","type":"product","link":"https:\/\/deseopatisserie.com\/de\/produkt\/kokoscreme-mit-mandeln-crunchy\/","title":{"rendered":"Kokoscreme mit Mandeln CRUNCHY"},"content":{"rendered":"","protected":false},"excerpt":{"rendered":"<p>CRUNCHY DESEO Kokos-Mandel-Creme 200 g ist die perfekte L\u00f6sung f\u00fcr Menschen, die Wert auf Qualit\u00e4tsprodukte legen, Wert auf guten Geschmack und kurze Zutaten legen.<\/p>\n<p>Es eignet sich sowohl als Zutat zu Pfannkuchen, Pfannkuchen, Haferbrei oder Fr\u00fchst\u00fcck, als auch als hochwertige S\u00fc\u00dfe, die direkt aus dem Glas gegessen wird.<\/p>\n<p>In der Zusammensetzung der CRUNCHY DESEO Kokosnuss- und Mandelcreme 200 g finden Sie <strong>Kokosnusspaste und Mandelpaste aus unserer Produktion, Mandeln in Flocken, Kokosraspeln, Pflanzen\u00f6l, Zucker, Salz, Kakaobutter und Sojalecithin.<\/strong><\/p>\n<p>Dies ist unsere erste Creme, die komplett <strong>vegan<\/strong> ist!<\/p>\n<p>Enth\u00e4lt kein Palm\u00f6l.<\/p>\n<p><strong>Siehe auch:<br \/>\n<\/strong> <a href=\"https:\/\/deseopatisserie.com\/de\/produkt\/pistaziencreme-glatt-200g\/\">Pistaziencreme<\/a> I <a href=\"https:\/\/deseopatisserie.com\/de\/produkt\/pistaziencreme-glatt-ohne-zucker-200g\/\">Pistaziencreme OHNE ZUCKER<\/a> I <a href=\"https:\/\/deseopatisserie.com\/de\/produkt\/schokolade-haselnuss-creme-200g\/\">Schokoladen- &amp; Haselnusscreme <\/a> I <a href=\"https:\/\/deseopatisserie.com\/de\/produkt\/erdnussbutter-100-200g\/\">Erdnussbutter<\/a><\/p>\n","protected":false},"featured_media":84363,"template":"","meta":{"_acf_changed":false},"product_brand":[],"product_cat":[1645,1994],"product_tag":[],"class_list":{"0":"post-90853","1":"product","2":"type-product","3":"status-publish","4":"has-post-thumbnail","6":"product_cat-pasten-cremes","7":"product_cat-streichfahige-cremes","9":"first","10":"instock","11":"taxable","12":"shipping-taxable","13":"purchasable","14":"product-type-simple"},"acf":[],"yoast_head":"<!-- This site is optimized with the Yoast SEO plugin v27.4 - https:\/\/yoast.com\/product\/yoast-seo-wordpress\/ -->\n<title>Kokoscreme mit Mandeln CRUNCHY - Cukiernia DESEO Warszawa<\/title>\n<meta name=\"description\" content=\"CRUNCHY DESEO Kokos-Mandel-Creme 200 g ist die perfekte L\u00f6sung f\u00fcr Menschen, die Wert auf Qualit\u00e4tsprodukte legen, Wert auf guten Geschmack und kurze Zutaten legen.\" \/>\n<meta name=\"robots\" content=\"index, follow, max-snippet:-1, max-image-preview:large, max-video-preview:-1\" \/>\n<link rel=\"canonical\" href=\"https:\/\/deseopatisserie.com\/de\/produkt\/kokoscreme-mit-mandeln-crunchy\/\" \/>\n<meta property=\"og:locale\" content=\"de_DE\" \/>\n<meta property=\"og:type\" content=\"article\" \/>\n<meta property=\"og:title\" content=\"Kokoscreme mit Mandeln CRUNCHY\" \/>\n<meta property=\"og:description\" content=\"CRUNCHY DESEO Kokos-Mandel-Creme 200 g ist die perfekte L\u00f6sung f\u00fcr Menschen, die Wert auf Qualit\u00e4tsprodukte legen, Wert auf guten Geschmack und kurze Zutaten legen.\" \/>\n<meta property=\"og:url\" content=\"https:\/\/deseopatisserie.com\/de\/produkt\/kokoscreme-mit-mandeln-crunchy\/\" \/>\n<meta property=\"og:site_name\" content=\"DESEO\" \/>\n<meta property=\"article:modified_time\" content=\"2025-04-02T13:37:51+00:00\" \/>\n<meta property=\"og:image\" content=\"https:\/\/deseopatisserie.com\/wp-content\/uploads\/2024\/06\/Deseo-Migdal-i-Kokos-6802-1024x683.jpg\" \/>\n<meta name=\"twitter:card\" content=\"summary_large_image\" \/>\n<script type=\"application\/ld+json\" class=\"yoast-schema-graph\">{\"@context\":\"https:\\\/\\\/schema.org\",\"@graph\":[{\"@type\":\"WebPage\",\"@id\":\"https:\\\/\\\/deseopatisserie.com\\\/de\\\/produkt\\\/kokoscreme-mit-mandeln-crunchy\\\/\",\"url\":\"https:\\\/\\\/deseopatisserie.com\\\/de\\\/produkt\\\/kokoscreme-mit-mandeln-crunchy\\\/\",\"name\":\"Kokoscreme mit Mandeln CRUNCHY - Cukiernia DESEO Warszawa\",\"isPartOf\":{\"@id\":\"https:\\\/\\\/deseopatisserie.com\\\/de\\\/#website\"},\"primaryImageOfPage\":{\"@id\":\"https:\\\/\\\/deseopatisserie.com\\\/de\\\/produkt\\\/kokoscreme-mit-mandeln-crunchy\\\/#primaryimage\"},\"image\":{\"@id\":\"https:\\\/\\\/deseopatisserie.com\\\/de\\\/produkt\\\/kokoscreme-mit-mandeln-crunchy\\\/#primaryimage\"},\"thumbnailUrl\":\"https:\\\/\\\/deseopatisserie.com\\\/\\\/wp-content\\\/uploads\\\/2023\\\/10\\\/krem-kokosowy-migd-200g_FINAL-PACKSHOT-scaled.jpg\",\"datePublished\":\"2023-11-16T16:09:53+00:00\",\"dateModified\":\"2025-04-02T13:37:51+00:00\",\"description\":\"CRUNCHY DESEO Kokos-Mandel-Creme 200 g ist die perfekte L\u00f6sung f\u00fcr Menschen, die Wert auf Qualit\u00e4tsprodukte legen, Wert auf guten Geschmack und kurze Zutaten legen.\",\"breadcrumb\":{\"@id\":\"https:\\\/\\\/deseopatisserie.com\\\/de\\\/produkt\\\/kokoscreme-mit-mandeln-crunchy\\\/#breadcrumb\"},\"inLanguage\":\"de\",\"potentialAction\":[{\"@type\":\"ReadAction\",\"target\":[\"https:\\\/\\\/deseopatisserie.com\\\/de\\\/produkt\\\/kokoscreme-mit-mandeln-crunchy\\\/\"]}]},{\"@type\":\"ImageObject\",\"inLanguage\":\"de\",\"@id\":\"https:\\\/\\\/deseopatisserie.com\\\/de\\\/produkt\\\/kokoscreme-mit-mandeln-crunchy\\\/#primaryimage\",\"url\":\"https:\\\/\\\/deseopatisserie.com\\\/\\\/wp-content\\\/uploads\\\/2023\\\/10\\\/krem-kokosowy-migd-200g_FINAL-PACKSHOT-scaled.jpg\",\"contentUrl\":\"https:\\\/\\\/deseopatisserie.com\\\/\\\/wp-content\\\/uploads\\\/2023\\\/10\\\/krem-kokosowy-migd-200g_FINAL-PACKSHOT-scaled.jpg\",\"width\":2560,\"height\":2560},{\"@type\":\"BreadcrumbList\",\"@id\":\"https:\\\/\\\/deseopatisserie.com\\\/de\\\/produkt\\\/kokoscreme-mit-mandeln-crunchy\\\/#breadcrumb\",\"itemListElement\":[{\"@type\":\"ListItem\",\"position\":1,\"name\":\"Strona g\u0142\u00f3wna\",\"item\":\"https:\\\/\\\/deseopatisserie.com\\\/de\\\/homepage\\\/\"},{\"@type\":\"ListItem\",\"position\":2,\"name\":\"Kokoscreme mit Mandeln CRUNCHY\"}]},{\"@type\":\"WebSite\",\"@id\":\"https:\\\/\\\/deseopatisserie.com\\\/de\\\/#website\",\"url\":\"https:\\\/\\\/deseopatisserie.com\\\/de\\\/\",\"name\":\"DESEO\",\"description\":\"Patisserie &amp; Chocolaterie\",\"potentialAction\":[{\"@type\":\"SearchAction\",\"target\":{\"@type\":\"EntryPoint\",\"urlTemplate\":\"https:\\\/\\\/deseopatisserie.com\\\/de\\\/?s={search_term_string}\"},\"query-input\":{\"@type\":\"PropertyValueSpecification\",\"valueRequired\":true,\"valueName\":\"search_term_string\"}}],\"inLanguage\":\"de\"}]}<\/script>\n<!-- \/ Yoast SEO plugin. -->","yoast_head_json":{"title":"Kokoscreme mit Mandeln CRUNCHY - Cukiernia DESEO Warszawa","description":"CRUNCHY DESEO Kokos-Mandel-Creme 200 g ist die perfekte L\u00f6sung f\u00fcr Menschen, die Wert auf Qualit\u00e4tsprodukte legen, Wert auf guten Geschmack und kurze Zutaten legen.","robots":{"index":"index","follow":"follow","max-snippet":"max-snippet:-1","max-image-preview":"max-image-preview:large","max-video-preview":"max-video-preview:-1"},"canonical":"https:\/\/deseopatisserie.com\/de\/produkt\/kokoscreme-mit-mandeln-crunchy\/","og_locale":"de_DE","og_type":"article","og_title":"Kokoscreme mit Mandeln CRUNCHY","og_description":"CRUNCHY DESEO Kokos-Mandel-Creme 200 g ist die perfekte L\u00f6sung f\u00fcr Menschen, die Wert auf Qualit\u00e4tsprodukte legen, Wert auf guten Geschmack und kurze Zutaten legen.","og_url":"https:\/\/deseopatisserie.com\/de\/produkt\/kokoscreme-mit-mandeln-crunchy\/","og_site_name":"DESEO","article_modified_time":"2025-04-02T13:37:51+00:00","og_image":[{"url":"https:\/\/deseopatisserie.com\/wp-content\/uploads\/2024\/06\/Deseo-Migdal-i-Kokos-6802-1024x683.jpg","type":"","width":"","height":""}],"twitter_card":"summary_large_image","schema":{"@context":"https:\/\/schema.org","@graph":[{"@type":"WebPage","@id":"https:\/\/deseopatisserie.com\/de\/produkt\/kokoscreme-mit-mandeln-crunchy\/","url":"https:\/\/deseopatisserie.com\/de\/produkt\/kokoscreme-mit-mandeln-crunchy\/","name":"Kokoscreme mit Mandeln CRUNCHY - Cukiernia DESEO Warszawa","isPartOf":{"@id":"https:\/\/deseopatisserie.com\/de\/#website"},"primaryImageOfPage":{"@id":"https:\/\/deseopatisserie.com\/de\/produkt\/kokoscreme-mit-mandeln-crunchy\/#primaryimage"},"image":{"@id":"https:\/\/deseopatisserie.com\/de\/produkt\/kokoscreme-mit-mandeln-crunchy\/#primaryimage"},"thumbnailUrl":"https:\/\/deseopatisserie.com\/\/wp-content\/uploads\/2023\/10\/krem-kokosowy-migd-200g_FINAL-PACKSHOT-scaled.jpg","datePublished":"2023-11-16T16:09:53+00:00","dateModified":"2025-04-02T13:37:51+00:00","description":"CRUNCHY DESEO Kokos-Mandel-Creme 200 g ist die perfekte L\u00f6sung f\u00fcr Menschen, die Wert auf Qualit\u00e4tsprodukte legen, Wert auf guten Geschmack und kurze Zutaten legen.","breadcrumb":{"@id":"https:\/\/deseopatisserie.com\/de\/produkt\/kokoscreme-mit-mandeln-crunchy\/#breadcrumb"},"inLanguage":"de","potentialAction":[{"@type":"ReadAction","target":["https:\/\/deseopatisserie.com\/de\/produkt\/kokoscreme-mit-mandeln-crunchy\/"]}]},{"@type":"ImageObject","inLanguage":"de","@id":"https:\/\/deseopatisserie.com\/de\/produkt\/kokoscreme-mit-mandeln-crunchy\/#primaryimage","url":"https:\/\/deseopatisserie.com\/\/wp-content\/uploads\/2023\/10\/krem-kokosowy-migd-200g_FINAL-PACKSHOT-scaled.jpg","contentUrl":"https:\/\/deseopatisserie.com\/\/wp-content\/uploads\/2023\/10\/krem-kokosowy-migd-200g_FINAL-PACKSHOT-scaled.jpg","width":2560,"height":2560},{"@type":"BreadcrumbList","@id":"https:\/\/deseopatisserie.com\/de\/produkt\/kokoscreme-mit-mandeln-crunchy\/#breadcrumb","itemListElement":[{"@type":"ListItem","position":1,"name":"Strona g\u0142\u00f3wna","item":"https:\/\/deseopatisserie.com\/de\/homepage\/"},{"@type":"ListItem","position":2,"name":"Kokoscreme mit Mandeln CRUNCHY"}]},{"@type":"WebSite","@id":"https:\/\/deseopatisserie.com\/de\/#website","url":"https:\/\/deseopatisserie.com\/de\/","name":"DESEO","description":"Patisserie &amp; Chocolaterie","potentialAction":[{"@type":"SearchAction","target":{"@type":"EntryPoint","urlTemplate":"https:\/\/deseopatisserie.com\/de\/?s={search_term_string}"},"query-input":{"@type":"PropertyValueSpecification","valueRequired":true,"valueName":"search_term_string"}}],"inLanguage":"de"}]}},"_links":{"self":[{"href":"https:\/\/deseopatisserie.com\/de\/wp-json\/wp\/v2\/product\/90853","targetHints":{"allow":["GET"]}}],"collection":[{"href":"https:\/\/deseopatisserie.com\/de\/wp-json\/wp\/v2\/product"}],"about":[{"href":"https:\/\/deseopatisserie.com\/de\/wp-json\/wp\/v2\/types\/product"}],"wp:featuredmedia":[{"embeddable":true,"href":"https:\/\/deseopatisserie.com\/de\/wp-json\/wp\/v2\/media\/84363"}],"wp:attachment":[{"href":"https:\/\/deseopatisserie.com\/de\/wp-json\/wp\/v2\/media?parent=90853"}],"wp:term":[{"taxonomy":"product_brand","embeddable":true,"href":"https:\/\/deseopatisserie.com\/de\/wp-json\/wp\/v2\/product_brand?post=90853"},{"taxonomy":"product_cat","embeddable":true,"href":"https:\/\/deseopatisserie.com\/de\/wp-json\/wp\/v2\/product_cat?post=90853"},{"taxonomy":"product_tag","embeddable":true,"href":"https:\/\/deseopatisserie.com\/de\/wp-json\/wp\/v2\/product_tag?post=90853"}],"curies":[{"name":"wp","href":"https:\/\/api.w.org\/{rel}","templated":true}]}}