{"id":90845,"date":"2023-11-07T16:24:42","date_gmt":"2023-11-07T15:24:42","guid":{"rendered":"https:\/\/deseopatisserie.com\/produkt\/croissant-mit-weissem-mohn-und-nuessen-und-rosinen\/"},"modified":"2025-11-03T10:05:26","modified_gmt":"2025-11-03T09:05:26","slug":"croissant-mit-weissem-mohn-und-nuessen-und-rosinen","status":"publish","type":"product","link":"https:\/\/deseopatisserie.com\/de\/produkt\/croissant-mit-weissem-mohn-und-nuessen-und-rosinen\/","title":{"rendered":"Croissant mit wei\u00dfem Mohn und N\u00fcssen und Rosinen"},"content":{"rendered":"","protected":false},"excerpt":{"rendered":"<p>Wei\u00dfer Mohn \/ Marzipan \/ Haseln\u00fcsse \/ Waln\u00fcsse \/ Rosinen \/ Mandelbl\u00e4ttchen \/ Orangenschalen \/ Amaretto<\/p>\n<p>&nbsp;<\/p>\n<p>Croissant mit wei\u00dfem Mohn und N\u00fcssen und Rosinen ist unsere Interpretation des Martinscroissants, das nicht nur in Pozna\u0144 ber\u00fchmt ist! Wir haben das klassische Croissant mehr als einmal in Pozna\u0144 gegessen, wir haben auch gesehen, wie es im Croissant-Museum in Pozna\u0144 hergestellt wird. Unser Croissant f\u00fcr den 11. November ist ein k\u00f6stlich buttriger, knuspriger Halbbl\u00e4tterteig mit einer reichhaltigen F\u00fcllung aus wei\u00dfem Mohn, Haseln\u00fcssen, Waln\u00fcssen, Marzipan und Mandeln. Wir haben auch Orangenzeste und Rosinen in die F\u00fcllung gegeben und sie in Amaretto eingeweicht. Es ist k\u00f6stlich!    <\/p>\n","protected":false},"featured_media":84393,"template":"","meta":{"_acf_changed":false},"product_brand":[],"product_cat":[1866],"product_tag":[],"class_list":{"0":"post-90845","1":"product","2":"type-product","3":"status-publish","4":"has-post-thumbnail","6":"product_cat-croissants-de","8":"first","9":"instock","10":"taxable","11":"shipping-taxable","12":"purchasable","13":"product-type-simple"},"acf":[],"yoast_head":"<!-- This site is optimized with the Yoast SEO plugin v27.4 - https:\/\/yoast.com\/product\/yoast-seo-wordpress\/ -->\n<title>Croissant mit wei\u00dfem Mohn und N\u00fcssen und Rosinen - Cukiernia DESEO Warszawa<\/title>\n<meta name=\"robots\" content=\"index, follow, max-snippet:-1, max-image-preview:large, max-video-preview:-1\" \/>\n<link rel=\"canonical\" href=\"https:\/\/deseopatisserie.com\/de\/produkt\/croissant-mit-weissem-mohn-und-nuessen-und-rosinen\/\" \/>\n<meta property=\"og:locale\" content=\"de_DE\" \/>\n<meta property=\"og:type\" content=\"article\" \/>\n<meta property=\"og:title\" content=\"Croissant mit wei\u00dfem Mohn und N\u00fcssen und Rosinen - Cukiernia DESEO Warszawa\" \/>\n<meta property=\"og:description\" content=\"Wei\u00dfer Mohn \/ Marzipan \/ Haseln\u00fcsse \/ Waln\u00fcsse \/ Rosinen \/ Mandelbl\u00e4ttchen \/ Orangenschalen \/ Amaretto &nbsp; Croissant mit wei\u00dfem Mohn und N\u00fcssen und Rosinen ist unsere Interpretation des Martinscroissants, das nicht nur in Pozna\u0144 ber\u00fchmt ist! Wir haben das klassische Croissant mehr als einmal in Pozna\u0144 gegessen, wir haben auch gesehen, wie es im Croissant-Museum in Pozna\u0144 hergestellt wird. Unser Croissant f\u00fcr den 11. November ist ein k\u00f6stlich buttriger, knuspriger Halbbl\u00e4tterteig mit einer reichhaltigen F\u00fcllung aus wei\u00dfem Mohn, Haseln\u00fcssen, Waln\u00fcssen, Marzipan und Mandeln. Wir haben auch Orangenzeste und Rosinen in die F\u00fcllung gegeben und sie in Amaretto eingeweicht. Es ist k\u00f6stlich!\" \/>\n<meta property=\"og:url\" content=\"https:\/\/deseopatisserie.com\/de\/produkt\/croissant-mit-weissem-mohn-und-nuessen-und-rosinen\/\" \/>\n<meta property=\"og:site_name\" content=\"DESEO\" \/>\n<meta property=\"article:modified_time\" content=\"2025-11-03T09:05:26+00:00\" \/>\n<meta property=\"og:image\" content=\"https:\/\/deseopatisserie.com\/\/wp-content\/uploads\/2023\/11\/croissant-z-bialym-makiem_2.jpg\" \/>\n\t<meta property=\"og:image:width\" content=\"2500\" \/>\n\t<meta property=\"og:image:height\" content=\"1667\" \/>\n\t<meta property=\"og:image:type\" content=\"image\/jpeg\" \/>\n<meta name=\"twitter:card\" content=\"summary_large_image\" \/>\n<script type=\"application\/ld+json\" class=\"yoast-schema-graph\">{\"@context\":\"https:\\\/\\\/schema.org\",\"@graph\":[{\"@type\":\"WebPage\",\"@id\":\"https:\\\/\\\/deseopatisserie.com\\\/de\\\/produkt\\\/croissant-mit-weissem-mohn-und-nuessen-und-rosinen\\\/\",\"url\":\"https:\\\/\\\/deseopatisserie.com\\\/de\\\/produkt\\\/croissant-mit-weissem-mohn-und-nuessen-und-rosinen\\\/\",\"name\":\"Croissant mit wei\u00dfem Mohn und N\u00fcssen und Rosinen - Cukiernia DESEO Warszawa\",\"isPartOf\":{\"@id\":\"https:\\\/\\\/deseopatisserie.com\\\/de\\\/#website\"},\"primaryImageOfPage\":{\"@id\":\"https:\\\/\\\/deseopatisserie.com\\\/de\\\/produkt\\\/croissant-mit-weissem-mohn-und-nuessen-und-rosinen\\\/#primaryimage\"},\"image\":{\"@id\":\"https:\\\/\\\/deseopatisserie.com\\\/de\\\/produkt\\\/croissant-mit-weissem-mohn-und-nuessen-und-rosinen\\\/#primaryimage\"},\"thumbnailUrl\":\"https:\\\/\\\/deseopatisserie.com\\\/\\\/wp-content\\\/uploads\\\/2023\\\/11\\\/croissant-z-bialym-makiem_2.jpg\",\"datePublished\":\"2023-11-07T15:24:42+00:00\",\"dateModified\":\"2025-11-03T09:05:26+00:00\",\"breadcrumb\":{\"@id\":\"https:\\\/\\\/deseopatisserie.com\\\/de\\\/produkt\\\/croissant-mit-weissem-mohn-und-nuessen-und-rosinen\\\/#breadcrumb\"},\"inLanguage\":\"de\",\"potentialAction\":[{\"@type\":\"ReadAction\",\"target\":[\"https:\\\/\\\/deseopatisserie.com\\\/de\\\/produkt\\\/croissant-mit-weissem-mohn-und-nuessen-und-rosinen\\\/\"]}]},{\"@type\":\"ImageObject\",\"inLanguage\":\"de\",\"@id\":\"https:\\\/\\\/deseopatisserie.com\\\/de\\\/produkt\\\/croissant-mit-weissem-mohn-und-nuessen-und-rosinen\\\/#primaryimage\",\"url\":\"https:\\\/\\\/deseopatisserie.com\\\/\\\/wp-content\\\/uploads\\\/2023\\\/11\\\/croissant-z-bialym-makiem_2.jpg\",\"contentUrl\":\"https:\\\/\\\/deseopatisserie.com\\\/\\\/wp-content\\\/uploads\\\/2023\\\/11\\\/croissant-z-bialym-makiem_2.jpg\",\"width\":2500,\"height\":1667},{\"@type\":\"BreadcrumbList\",\"@id\":\"https:\\\/\\\/deseopatisserie.com\\\/de\\\/produkt\\\/croissant-mit-weissem-mohn-und-nuessen-und-rosinen\\\/#breadcrumb\",\"itemListElement\":[{\"@type\":\"ListItem\",\"position\":1,\"name\":\"Strona g\u0142\u00f3wna\",\"item\":\"https:\\\/\\\/deseopatisserie.com\\\/de\\\/homepage\\\/\"},{\"@type\":\"ListItem\",\"position\":2,\"name\":\"Croissant mit wei\u00dfem Mohn und N\u00fcssen und Rosinen\"}]},{\"@type\":\"WebSite\",\"@id\":\"https:\\\/\\\/deseopatisserie.com\\\/de\\\/#website\",\"url\":\"https:\\\/\\\/deseopatisserie.com\\\/de\\\/\",\"name\":\"DESEO\",\"description\":\"Patisserie &amp; Chocolaterie\",\"potentialAction\":[{\"@type\":\"SearchAction\",\"target\":{\"@type\":\"EntryPoint\",\"urlTemplate\":\"https:\\\/\\\/deseopatisserie.com\\\/de\\\/?s={search_term_string}\"},\"query-input\":{\"@type\":\"PropertyValueSpecification\",\"valueRequired\":true,\"valueName\":\"search_term_string\"}}],\"inLanguage\":\"de\"}]}<\/script>\n<!-- \/ Yoast SEO plugin. -->","yoast_head_json":{"title":"Croissant mit wei\u00dfem Mohn und N\u00fcssen und Rosinen - Cukiernia DESEO Warszawa","robots":{"index":"index","follow":"follow","max-snippet":"max-snippet:-1","max-image-preview":"max-image-preview:large","max-video-preview":"max-video-preview:-1"},"canonical":"https:\/\/deseopatisserie.com\/de\/produkt\/croissant-mit-weissem-mohn-und-nuessen-und-rosinen\/","og_locale":"de_DE","og_type":"article","og_title":"Croissant mit wei\u00dfem Mohn und N\u00fcssen und Rosinen - Cukiernia DESEO Warszawa","og_description":"Wei\u00dfer Mohn \/ Marzipan \/ Haseln\u00fcsse \/ Waln\u00fcsse \/ Rosinen \/ Mandelbl\u00e4ttchen \/ Orangenschalen \/ Amaretto &nbsp; Croissant mit wei\u00dfem Mohn und N\u00fcssen und Rosinen ist unsere Interpretation des Martinscroissants, das nicht nur in Pozna\u0144 ber\u00fchmt ist! Wir haben das klassische Croissant mehr als einmal in Pozna\u0144 gegessen, wir haben auch gesehen, wie es im Croissant-Museum in Pozna\u0144 hergestellt wird. Unser Croissant f\u00fcr den 11. November ist ein k\u00f6stlich buttriger, knuspriger Halbbl\u00e4tterteig mit einer reichhaltigen F\u00fcllung aus wei\u00dfem Mohn, Haseln\u00fcssen, Waln\u00fcssen, Marzipan und Mandeln. Wir haben auch Orangenzeste und Rosinen in die F\u00fcllung gegeben und sie in Amaretto eingeweicht. Es ist k\u00f6stlich!","og_url":"https:\/\/deseopatisserie.com\/de\/produkt\/croissant-mit-weissem-mohn-und-nuessen-und-rosinen\/","og_site_name":"DESEO","article_modified_time":"2025-11-03T09:05:26+00:00","og_image":[{"width":2500,"height":1667,"url":"https:\/\/deseopatisserie.com\/\/wp-content\/uploads\/2023\/11\/croissant-z-bialym-makiem_2.jpg","type":"image\/jpeg"}],"twitter_card":"summary_large_image","schema":{"@context":"https:\/\/schema.org","@graph":[{"@type":"WebPage","@id":"https:\/\/deseopatisserie.com\/de\/produkt\/croissant-mit-weissem-mohn-und-nuessen-und-rosinen\/","url":"https:\/\/deseopatisserie.com\/de\/produkt\/croissant-mit-weissem-mohn-und-nuessen-und-rosinen\/","name":"Croissant mit wei\u00dfem Mohn und N\u00fcssen und Rosinen - Cukiernia DESEO Warszawa","isPartOf":{"@id":"https:\/\/deseopatisserie.com\/de\/#website"},"primaryImageOfPage":{"@id":"https:\/\/deseopatisserie.com\/de\/produkt\/croissant-mit-weissem-mohn-und-nuessen-und-rosinen\/#primaryimage"},"image":{"@id":"https:\/\/deseopatisserie.com\/de\/produkt\/croissant-mit-weissem-mohn-und-nuessen-und-rosinen\/#primaryimage"},"thumbnailUrl":"https:\/\/deseopatisserie.com\/\/wp-content\/uploads\/2023\/11\/croissant-z-bialym-makiem_2.jpg","datePublished":"2023-11-07T15:24:42+00:00","dateModified":"2025-11-03T09:05:26+00:00","breadcrumb":{"@id":"https:\/\/deseopatisserie.com\/de\/produkt\/croissant-mit-weissem-mohn-und-nuessen-und-rosinen\/#breadcrumb"},"inLanguage":"de","potentialAction":[{"@type":"ReadAction","target":["https:\/\/deseopatisserie.com\/de\/produkt\/croissant-mit-weissem-mohn-und-nuessen-und-rosinen\/"]}]},{"@type":"ImageObject","inLanguage":"de","@id":"https:\/\/deseopatisserie.com\/de\/produkt\/croissant-mit-weissem-mohn-und-nuessen-und-rosinen\/#primaryimage","url":"https:\/\/deseopatisserie.com\/\/wp-content\/uploads\/2023\/11\/croissant-z-bialym-makiem_2.jpg","contentUrl":"https:\/\/deseopatisserie.com\/\/wp-content\/uploads\/2023\/11\/croissant-z-bialym-makiem_2.jpg","width":2500,"height":1667},{"@type":"BreadcrumbList","@id":"https:\/\/deseopatisserie.com\/de\/produkt\/croissant-mit-weissem-mohn-und-nuessen-und-rosinen\/#breadcrumb","itemListElement":[{"@type":"ListItem","position":1,"name":"Strona g\u0142\u00f3wna","item":"https:\/\/deseopatisserie.com\/de\/homepage\/"},{"@type":"ListItem","position":2,"name":"Croissant mit wei\u00dfem Mohn und N\u00fcssen und Rosinen"}]},{"@type":"WebSite","@id":"https:\/\/deseopatisserie.com\/de\/#website","url":"https:\/\/deseopatisserie.com\/de\/","name":"DESEO","description":"Patisserie &amp; Chocolaterie","potentialAction":[{"@type":"SearchAction","target":{"@type":"EntryPoint","urlTemplate":"https:\/\/deseopatisserie.com\/de\/?s={search_term_string}"},"query-input":{"@type":"PropertyValueSpecification","valueRequired":true,"valueName":"search_term_string"}}],"inLanguage":"de"}]}},"_links":{"self":[{"href":"https:\/\/deseopatisserie.com\/de\/wp-json\/wp\/v2\/product\/90845","targetHints":{"allow":["GET"]}}],"collection":[{"href":"https:\/\/deseopatisserie.com\/de\/wp-json\/wp\/v2\/product"}],"about":[{"href":"https:\/\/deseopatisserie.com\/de\/wp-json\/wp\/v2\/types\/product"}],"wp:featuredmedia":[{"embeddable":true,"href":"https:\/\/deseopatisserie.com\/de\/wp-json\/wp\/v2\/media\/84393"}],"wp:attachment":[{"href":"https:\/\/deseopatisserie.com\/de\/wp-json\/wp\/v2\/media?parent=90845"}],"wp:term":[{"taxonomy":"product_brand","embeddable":true,"href":"https:\/\/deseopatisserie.com\/de\/wp-json\/wp\/v2\/product_brand?post=90845"},{"taxonomy":"product_cat","embeddable":true,"href":"https:\/\/deseopatisserie.com\/de\/wp-json\/wp\/v2\/product_cat?post=90845"},{"taxonomy":"product_tag","embeddable":true,"href":"https:\/\/deseopatisserie.com\/de\/wp-json\/wp\/v2\/product_tag?post=90845"}],"curies":[{"name":"wp","href":"https:\/\/api.w.org\/{rel}","templated":true}]}}