{"id":90834,"date":"2024-01-15T14:13:21","date_gmt":"2024-01-15T13:13:21","guid":{"rendered":"https:\/\/deseopatisserie.com\/produkt\/malinove-liebe\/"},"modified":"2025-04-02T15:38:38","modified_gmt":"2025-04-02T13:38:38","slug":"malinove-liebe","status":"publish","type":"product","link":"https:\/\/deseopatisserie.com\/de\/produkt\/malinove-liebe\/","title":{"rendered":"Malinove Liebe"},"content":{"rendered":"","protected":false},"excerpt":{"rendered":"<p>Ein Set f\u00fcr Liebhaber von leichten, fruchtigen Aromen. Die rosa Farbe der Schokolade und der Cluster wurde durch die Kombination von wei\u00dfer Bean-to-Bar-Schokolade, die von uns in unserem Studio hergestellt wurde, mit Himbeeren erhalten. Gib ausschweifende Kokoscreme mit Mandeln hinzu und fertig ist ein s\u00fc\u00dfes Set!  <\/p>\n<p><strong>Im Malinove Love Set finden Sie:<\/strong><\/p>\n<p>\u2013 <strong>Knusprige Kokos-Mandel-Creme<\/strong> \u2013 die erste <strong>Veganerin<\/strong>. Es ist eine ideale L\u00f6sung f\u00fcr Menschen, die Wert auf Qualit\u00e4tsprodukte legen, Wert auf guten Geschmack und kurze Zutaten legen. Es eignet sich sowohl als Zutat zu Pfannkuchen, Pfannkuchen, Haferbrei oder Fr\u00fchst\u00fcck, als auch als hochwertige S\u00fc\u00dfe, die direkt aus dem Glas gegessen wird.  <\/p>\n<p>\u2013 <strong>JOY Himbeerschokolade<\/strong> \u2013 der wei\u00dfen Schokolade wurde gefriergetrocknetes Himbeerpulver zugesetzt, das eine sch\u00f6ne rosa Farbe, eine zarte S\u00e4ure und einen fruchtigen Nachgeschmack verleiht. Fans von rosa Schokolade werden diesen Geschmack auf jeden Fall lieben!<\/p>\n<p>\u2013 <strong>Schokoladencluster Himbeere Schokolade<\/strong> \u2013 Der Geschmack ist perfekt f\u00fcr Erwachsene und Kinder, d.h. Himbeeren, Himbeeren, Himbeeren&#8230; und Vanille-Crumble. Wer leichte, fruchtige Aromen liebt, wird auf jeden Fall zufrieden sein. <\/p>\n<p>Sie k\u00f6nnen das Set pers\u00f6nlich kaufen und verschenken oder es mit sofortiger Lieferung zu Ihren Liebsten nach Hause bestellen. \ud83d\ude0a<\/p>\n","protected":false},"featured_media":85048,"template":"","meta":{"_acf_changed":false},"product_brand":[],"product_cat":[1644,2631,2609,2695],"product_tag":[],"class_list":{"0":"post-90834","1":"product","2":"type-product","3":"status-publish","4":"has-post-thumbnail","6":"product_cat-geschenksets","7":"product_cat-muttertag","8":"product_cat-schokolade-snacks","9":"product_cat-tag-der-grossmutter-und-des-grossvaters","11":"first","12":"instock","13":"taxable","14":"shipping-taxable","15":"purchasable","16":"product-type-yith_bundle"},"acf":[],"yoast_head":"<!-- This site is optimized with the Yoast SEO plugin v27.5 - https:\/\/yoast.com\/product\/yoast-seo-wordpress\/ -->\n<title>Malinove Liebe - Cukiernia DESEO Warszawa<\/title>\n<meta name=\"description\" content=\"Ein Set f\u00fcr Liebhaber von Fruchtaromen! Perfekt als Geschenk f\u00fcr Ihre Lieben oder... f\u00fcr sich selbst! Totale Himbeer-Ausschweifung.\" \/>\n<meta name=\"robots\" content=\"index, follow, max-snippet:-1, max-image-preview:large, max-video-preview:-1\" \/>\n<link rel=\"canonical\" href=\"https:\/\/deseopatisserie.com\/de\/produkt\/malinove-liebe\/\" \/>\n<meta property=\"og:locale\" content=\"de_DE\" \/>\n<meta property=\"og:type\" content=\"article\" \/>\n<meta property=\"og:title\" content=\"Malinove Liebe\" \/>\n<meta property=\"og:description\" content=\"Ein Set f\u00fcr Liebhaber von Fruchtaromen! Perfekt als Geschenk f\u00fcr Ihre Lieben oder... f\u00fcr sich selbst! Totale Himbeer-Ausschweifung.\" \/>\n<meta property=\"og:url\" content=\"https:\/\/deseopatisserie.com\/de\/produkt\/malinove-liebe\/\" \/>\n<meta property=\"og:site_name\" content=\"DESEO\" \/>\n<meta property=\"article:modified_time\" content=\"2025-04-02T13:38:38+00:00\" \/>\n<meta property=\"og:image\" content=\"https:\/\/deseopatisserie.com\/wp-content\/uploads\/2024\/01\/malinove_love_2-1024x683.jpg\" \/>\n<meta name=\"twitter:card\" content=\"summary_large_image\" \/>\n<script type=\"application\/ld+json\" class=\"yoast-schema-graph\">{\"@context\":\"https:\\\/\\\/schema.org\",\"@graph\":[{\"@type\":\"WebPage\",\"@id\":\"https:\\\/\\\/deseopatisserie.com\\\/de\\\/produkt\\\/malinove-liebe\\\/\",\"url\":\"https:\\\/\\\/deseopatisserie.com\\\/de\\\/produkt\\\/malinove-liebe\\\/\",\"name\":\"Malinove Liebe - Cukiernia DESEO Warszawa\",\"isPartOf\":{\"@id\":\"https:\\\/\\\/deseopatisserie.com\\\/de\\\/#website\"},\"primaryImageOfPage\":{\"@id\":\"https:\\\/\\\/deseopatisserie.com\\\/de\\\/produkt\\\/malinove-liebe\\\/#primaryimage\"},\"image\":{\"@id\":\"https:\\\/\\\/deseopatisserie.com\\\/de\\\/produkt\\\/malinove-liebe\\\/#primaryimage\"},\"thumbnailUrl\":\"https:\\\/\\\/deseopatisserie.com\\\/\\\/wp-content\\\/uploads\\\/2024\\\/01\\\/malinove_love_1.jpg\",\"datePublished\":\"2024-01-15T13:13:21+00:00\",\"dateModified\":\"2025-04-02T13:38:38+00:00\",\"description\":\"Ein Set f\u00fcr Liebhaber von Fruchtaromen! Perfekt als Geschenk f\u00fcr Ihre Lieben oder... f\u00fcr sich selbst! Totale Himbeer-Ausschweifung.\",\"breadcrumb\":{\"@id\":\"https:\\\/\\\/deseopatisserie.com\\\/de\\\/produkt\\\/malinove-liebe\\\/#breadcrumb\"},\"inLanguage\":\"de\",\"potentialAction\":[{\"@type\":\"ReadAction\",\"target\":[\"https:\\\/\\\/deseopatisserie.com\\\/de\\\/produkt\\\/malinove-liebe\\\/\"]}]},{\"@type\":\"ImageObject\",\"inLanguage\":\"de\",\"@id\":\"https:\\\/\\\/deseopatisserie.com\\\/de\\\/produkt\\\/malinove-liebe\\\/#primaryimage\",\"url\":\"https:\\\/\\\/deseopatisserie.com\\\/\\\/wp-content\\\/uploads\\\/2024\\\/01\\\/malinove_love_1.jpg\",\"contentUrl\":\"https:\\\/\\\/deseopatisserie.com\\\/\\\/wp-content\\\/uploads\\\/2024\\\/01\\\/malinove_love_1.jpg\",\"width\":2500,\"height\":1667},{\"@type\":\"BreadcrumbList\",\"@id\":\"https:\\\/\\\/deseopatisserie.com\\\/de\\\/produkt\\\/malinove-liebe\\\/#breadcrumb\",\"itemListElement\":[{\"@type\":\"ListItem\",\"position\":1,\"name\":\"Strona g\u0142\u00f3wna\",\"item\":\"https:\\\/\\\/deseopatisserie.com\\\/de\\\/homepage\\\/\"},{\"@type\":\"ListItem\",\"position\":2,\"name\":\"Malinove Liebe\"}]},{\"@type\":\"WebSite\",\"@id\":\"https:\\\/\\\/deseopatisserie.com\\\/de\\\/#website\",\"url\":\"https:\\\/\\\/deseopatisserie.com\\\/de\\\/\",\"name\":\"DESEO\",\"description\":\"Patisserie &amp; Chocolaterie\",\"potentialAction\":[{\"@type\":\"SearchAction\",\"target\":{\"@type\":\"EntryPoint\",\"urlTemplate\":\"https:\\\/\\\/deseopatisserie.com\\\/de\\\/?s={search_term_string}\"},\"query-input\":{\"@type\":\"PropertyValueSpecification\",\"valueRequired\":true,\"valueName\":\"search_term_string\"}}],\"inLanguage\":\"de\"}]}<\/script>\n<!-- \/ Yoast SEO plugin. -->","yoast_head_json":{"title":"Malinove Liebe - Cukiernia DESEO Warszawa","description":"Ein Set f\u00fcr Liebhaber von Fruchtaromen! Perfekt als Geschenk f\u00fcr Ihre Lieben oder... f\u00fcr sich selbst! Totale Himbeer-Ausschweifung.","robots":{"index":"index","follow":"follow","max-snippet":"max-snippet:-1","max-image-preview":"max-image-preview:large","max-video-preview":"max-video-preview:-1"},"canonical":"https:\/\/deseopatisserie.com\/de\/produkt\/malinove-liebe\/","og_locale":"de_DE","og_type":"article","og_title":"Malinove Liebe","og_description":"Ein Set f\u00fcr Liebhaber von Fruchtaromen! Perfekt als Geschenk f\u00fcr Ihre Lieben oder... f\u00fcr sich selbst! Totale Himbeer-Ausschweifung.","og_url":"https:\/\/deseopatisserie.com\/de\/produkt\/malinove-liebe\/","og_site_name":"DESEO","article_modified_time":"2025-04-02T13:38:38+00:00","og_image":[{"url":"https:\/\/deseopatisserie.com\/wp-content\/uploads\/2024\/01\/malinove_love_2-1024x683.jpg","type":"","width":"","height":""}],"twitter_card":"summary_large_image","schema":{"@context":"https:\/\/schema.org","@graph":[{"@type":"WebPage","@id":"https:\/\/deseopatisserie.com\/de\/produkt\/malinove-liebe\/","url":"https:\/\/deseopatisserie.com\/de\/produkt\/malinove-liebe\/","name":"Malinove Liebe - Cukiernia DESEO Warszawa","isPartOf":{"@id":"https:\/\/deseopatisserie.com\/de\/#website"},"primaryImageOfPage":{"@id":"https:\/\/deseopatisserie.com\/de\/produkt\/malinove-liebe\/#primaryimage"},"image":{"@id":"https:\/\/deseopatisserie.com\/de\/produkt\/malinove-liebe\/#primaryimage"},"thumbnailUrl":"https:\/\/deseopatisserie.com\/\/wp-content\/uploads\/2024\/01\/malinove_love_1.jpg","datePublished":"2024-01-15T13:13:21+00:00","dateModified":"2025-04-02T13:38:38+00:00","description":"Ein Set f\u00fcr Liebhaber von Fruchtaromen! Perfekt als Geschenk f\u00fcr Ihre Lieben oder... f\u00fcr sich selbst! Totale Himbeer-Ausschweifung.","breadcrumb":{"@id":"https:\/\/deseopatisserie.com\/de\/produkt\/malinove-liebe\/#breadcrumb"},"inLanguage":"de","potentialAction":[{"@type":"ReadAction","target":["https:\/\/deseopatisserie.com\/de\/produkt\/malinove-liebe\/"]}]},{"@type":"ImageObject","inLanguage":"de","@id":"https:\/\/deseopatisserie.com\/de\/produkt\/malinove-liebe\/#primaryimage","url":"https:\/\/deseopatisserie.com\/\/wp-content\/uploads\/2024\/01\/malinove_love_1.jpg","contentUrl":"https:\/\/deseopatisserie.com\/\/wp-content\/uploads\/2024\/01\/malinove_love_1.jpg","width":2500,"height":1667},{"@type":"BreadcrumbList","@id":"https:\/\/deseopatisserie.com\/de\/produkt\/malinove-liebe\/#breadcrumb","itemListElement":[{"@type":"ListItem","position":1,"name":"Strona g\u0142\u00f3wna","item":"https:\/\/deseopatisserie.com\/de\/homepage\/"},{"@type":"ListItem","position":2,"name":"Malinove Liebe"}]},{"@type":"WebSite","@id":"https:\/\/deseopatisserie.com\/de\/#website","url":"https:\/\/deseopatisserie.com\/de\/","name":"DESEO","description":"Patisserie &amp; Chocolaterie","potentialAction":[{"@type":"SearchAction","target":{"@type":"EntryPoint","urlTemplate":"https:\/\/deseopatisserie.com\/de\/?s={search_term_string}"},"query-input":{"@type":"PropertyValueSpecification","valueRequired":true,"valueName":"search_term_string"}}],"inLanguage":"de"}]}},"_links":{"self":[{"href":"https:\/\/deseopatisserie.com\/de\/wp-json\/wp\/v2\/product\/90834","targetHints":{"allow":["GET"]}}],"collection":[{"href":"https:\/\/deseopatisserie.com\/de\/wp-json\/wp\/v2\/product"}],"about":[{"href":"https:\/\/deseopatisserie.com\/de\/wp-json\/wp\/v2\/types\/product"}],"wp:featuredmedia":[{"embeddable":true,"href":"https:\/\/deseopatisserie.com\/de\/wp-json\/wp\/v2\/media\/85048"}],"wp:attachment":[{"href":"https:\/\/deseopatisserie.com\/de\/wp-json\/wp\/v2\/media?parent=90834"}],"wp:term":[{"taxonomy":"product_brand","embeddable":true,"href":"https:\/\/deseopatisserie.com\/de\/wp-json\/wp\/v2\/product_brand?post=90834"},{"taxonomy":"product_cat","embeddable":true,"href":"https:\/\/deseopatisserie.com\/de\/wp-json\/wp\/v2\/product_cat?post=90834"},{"taxonomy":"product_tag","embeddable":true,"href":"https:\/\/deseopatisserie.com\/de\/wp-json\/wp\/v2\/product_tag?post=90834"}],"curies":[{"name":"wp","href":"https:\/\/api.w.org\/{rel}","templated":true}]}}