{"id":90833,"date":"2023-03-17T12:46:21","date_gmt":"2023-03-17T11:46:21","guid":{"rendered":"https:\/\/deseopatisserie.com\/produkt\/schokoladen-cluster-pekannuesse-schokolade-gold-salzige-brezeln\/"},"modified":"2025-04-02T15:47:59","modified_gmt":"2025-04-02T13:47:59","slug":"schokoladen-cluster-pekannuesse-schokolade-gold-salzige-brezeln","status":"publish","type":"product","link":"https:\/\/deseopatisserie.com\/de\/produkt\/schokoladen-cluster-pekannuesse-schokolade-gold-salzige-brezeln\/","title":{"rendered":"SCHOKOLADEN-CLUSTER Pekann\u00fcsse &amp; Schokolade Gold &amp; Salzige Brezeln"},"content":{"rendered":"","protected":false},"excerpt":{"rendered":"<p>Wei\u00dfe Schokolade mit Karamell \/ ger\u00f6stete Pekann\u00fcsse \/ 100% Pekannusspaste \/ salzige Brezeln \/ Paillet\u00e9 Feuilletine<\/p>\n<p>&nbsp;<\/p>\n<p>Clusters Chocolate Gold &amp; Pecans &amp; Salty Pretzels sind totale Ausschweifung! Hausmannskost, die das S\u00fc\u00dfe Karamell mit dem buttrigen Geschmack von Pekann\u00fcssen und gleichzeitig mit dem angenehm salzigen Nachgeschmack traditioneller polnischer Brezeln verbindet! Die Gruppen fressen Brezeln und franz\u00f6sische Paillet\u00e9 Feuilletine Chips. Der perfekte Snack f\u00fcr unterwegs oder zu Hause auf der Couch f\u00fcr eine TV-Serie! <\/p>\n<p>&nbsp;<\/p>\n<p>Chocolate Clusters ist unser Originalprodukt. Die kleinen Schoko-Snacks mit vielen Trockenfr\u00fcchten und N\u00fcssen k\u00f6nnen \u00dcBERALL hin mitgenommen und verschlungen werden \u2013 zu Hause, bei der Arbeit, beim Spaziergang oder im Auto. Perfekt f\u00fcr Erwachsene, aber auch f\u00fcr Kinder. Chocolate Clusters sind von S\u00fc\u00dfigkeiten inspiriert, die die Besitzer von DESEO auf zahlreichen Auslandsreisen, unter anderem in Italien und Japan, gegessen haben.   <\/p>\n<p>K\u00f6nnen Schokoladensnacks gesund sein? Erfahren Sie <a href=\"https:\/\/deseopatisserie.com\/czekoladowe-przekaski-dla-kazdego\/\">hier<\/a> mehr. <\/p>\n","protected":false},"featured_media":114888,"template":"","meta":{"_acf_changed":false},"product_brand":[],"product_cat":[1652,2609],"product_tag":[],"class_list":{"0":"post-90833","1":"product","2":"type-product","3":"status-publish","4":"has-post-thumbnail","6":"product_cat-cluster-de","7":"product_cat-schokolade-snacks","9":"first","10":"outofstock","11":"sale","12":"taxable","13":"shipping-taxable","14":"purchasable","15":"product-type-simple"},"acf":[],"yoast_head":"<!-- This site is optimized with the Yoast SEO plugin v27.4 - https:\/\/yoast.com\/product\/yoast-seo-wordpress\/ -->\n<title>SCHOKOLADEN-CLUSTER Pekann\u00fcsse &amp; Schokolade Gold &amp; Salzige Brezeln - Cukiernia DESEO Warszawa<\/title>\n<meta name=\"description\" content=\"Comfort Food, das s\u00fc\u00dfes Karamell mit dem buttrigen Geschmack von Pekann\u00fcssen und gleichzeitig mit dem angenehm salzigen Nachgeschmack von Brezeln verbindet!\" \/>\n<meta name=\"robots\" content=\"index, follow, max-snippet:-1, max-image-preview:large, max-video-preview:-1\" \/>\n<link rel=\"canonical\" href=\"https:\/\/deseopatisserie.com\/de\/produkt\/schokoladen-cluster-pekannuesse-schokolade-gold-salzige-brezeln\/\" \/>\n<meta property=\"og:locale\" content=\"de_DE\" \/>\n<meta property=\"og:type\" content=\"article\" \/>\n<meta property=\"og:title\" content=\"SCHOKOLADEN-CLUSTER Pekann\u00fcsse &amp; Schokolade Gold &amp; Salzige Brezeln\" \/>\n<meta property=\"og:description\" content=\"Hausmannskost, die das S\u00fc\u00dfe Karamell mit dem buttrigen Geschmack von Pekann\u00fcssen und gleichzeitig mit dem angenehm salzigen Nachgeschmack traditioneller polnischer Brezeln verbindet!\" \/>\n<meta property=\"og:url\" content=\"https:\/\/deseopatisserie.com\/de\/produkt\/schokoladen-cluster-pekannuesse-schokolade-gold-salzige-brezeln\/\" \/>\n<meta property=\"og:site_name\" content=\"DESEO\" \/>\n<meta property=\"article:modified_time\" content=\"2025-04-02T13:47:59+00:00\" \/>\n<meta property=\"og:image\" content=\"https:\/\/deseopatisserie.com\/wp-content\/uploads\/2023\/03\/Clusters-Orzechy-Pekan-Precelki_3-1024x682.jpg\" \/>\n<meta name=\"twitter:card\" content=\"summary_large_image\" \/>\n<script type=\"application\/ld+json\" class=\"yoast-schema-graph\">{\"@context\":\"https:\\\/\\\/schema.org\",\"@graph\":[{\"@type\":\"WebPage\",\"@id\":\"https:\\\/\\\/deseopatisserie.com\\\/de\\\/produkt\\\/schokoladen-cluster-pekannuesse-schokolade-gold-salzige-brezeln\\\/\",\"url\":\"https:\\\/\\\/deseopatisserie.com\\\/de\\\/produkt\\\/schokoladen-cluster-pekannuesse-schokolade-gold-salzige-brezeln\\\/\",\"name\":\"SCHOKOLADEN-CLUSTER Pekann\u00fcsse &amp; Schokolade Gold &amp; Salzige Brezeln - Cukiernia DESEO Warszawa\",\"isPartOf\":{\"@id\":\"https:\\\/\\\/deseopatisserie.com\\\/de\\\/#website\"},\"primaryImageOfPage\":{\"@id\":\"https:\\\/\\\/deseopatisserie.com\\\/de\\\/produkt\\\/schokoladen-cluster-pekannuesse-schokolade-gold-salzige-brezeln\\\/#primaryimage\"},\"image\":{\"@id\":\"https:\\\/\\\/deseopatisserie.com\\\/de\\\/produkt\\\/schokoladen-cluster-pekannuesse-schokolade-gold-salzige-brezeln\\\/#primaryimage\"},\"thumbnailUrl\":\"https:\\\/\\\/deseopatisserie.com\\\/\\\/wp-content\\\/uploads\\\/2023\\\/03\\\/chocolate-clusters-precelki.png\",\"datePublished\":\"2023-03-17T11:46:21+00:00\",\"dateModified\":\"2025-04-02T13:47:59+00:00\",\"description\":\"Comfort Food, das s\u00fc\u00dfes Karamell mit dem buttrigen Geschmack von Pekann\u00fcssen und gleichzeitig mit dem angenehm salzigen Nachgeschmack von Brezeln verbindet!\",\"breadcrumb\":{\"@id\":\"https:\\\/\\\/deseopatisserie.com\\\/de\\\/produkt\\\/schokoladen-cluster-pekannuesse-schokolade-gold-salzige-brezeln\\\/#breadcrumb\"},\"inLanguage\":\"de\",\"potentialAction\":[{\"@type\":\"ReadAction\",\"target\":[\"https:\\\/\\\/deseopatisserie.com\\\/de\\\/produkt\\\/schokoladen-cluster-pekannuesse-schokolade-gold-salzige-brezeln\\\/\"]}]},{\"@type\":\"ImageObject\",\"inLanguage\":\"de\",\"@id\":\"https:\\\/\\\/deseopatisserie.com\\\/de\\\/produkt\\\/schokoladen-cluster-pekannuesse-schokolade-gold-salzige-brezeln\\\/#primaryimage\",\"url\":\"https:\\\/\\\/deseopatisserie.com\\\/\\\/wp-content\\\/uploads\\\/2023\\\/03\\\/chocolate-clusters-precelki.png\",\"contentUrl\":\"https:\\\/\\\/deseopatisserie.com\\\/\\\/wp-content\\\/uploads\\\/2023\\\/03\\\/chocolate-clusters-precelki.png\",\"width\":2048,\"height\":1365,\"caption\":\"chocolate clusters precelki\"},{\"@type\":\"BreadcrumbList\",\"@id\":\"https:\\\/\\\/deseopatisserie.com\\\/de\\\/produkt\\\/schokoladen-cluster-pekannuesse-schokolade-gold-salzige-brezeln\\\/#breadcrumb\",\"itemListElement\":[{\"@type\":\"ListItem\",\"position\":1,\"name\":\"Strona g\u0142\u00f3wna\",\"item\":\"https:\\\/\\\/deseopatisserie.com\\\/de\\\/homepage\\\/\"},{\"@type\":\"ListItem\",\"position\":2,\"name\":\"SCHOKOLADEN-CLUSTER Pekann\u00fcsse &amp; Schokolade Gold &amp; Salzige Brezeln\"}]},{\"@type\":\"WebSite\",\"@id\":\"https:\\\/\\\/deseopatisserie.com\\\/de\\\/#website\",\"url\":\"https:\\\/\\\/deseopatisserie.com\\\/de\\\/\",\"name\":\"DESEO\",\"description\":\"Patisserie &amp; Chocolaterie\",\"potentialAction\":[{\"@type\":\"SearchAction\",\"target\":{\"@type\":\"EntryPoint\",\"urlTemplate\":\"https:\\\/\\\/deseopatisserie.com\\\/de\\\/?s={search_term_string}\"},\"query-input\":{\"@type\":\"PropertyValueSpecification\",\"valueRequired\":true,\"valueName\":\"search_term_string\"}}],\"inLanguage\":\"de\"}]}<\/script>\n<!-- \/ Yoast SEO plugin. -->","yoast_head_json":{"title":"SCHOKOLADEN-CLUSTER Pekann\u00fcsse &amp; Schokolade Gold &amp; Salzige Brezeln - Cukiernia DESEO Warszawa","description":"Comfort Food, das s\u00fc\u00dfes Karamell mit dem buttrigen Geschmack von Pekann\u00fcssen und gleichzeitig mit dem angenehm salzigen Nachgeschmack von Brezeln verbindet!","robots":{"index":"index","follow":"follow","max-snippet":"max-snippet:-1","max-image-preview":"max-image-preview:large","max-video-preview":"max-video-preview:-1"},"canonical":"https:\/\/deseopatisserie.com\/de\/produkt\/schokoladen-cluster-pekannuesse-schokolade-gold-salzige-brezeln\/","og_locale":"de_DE","og_type":"article","og_title":"SCHOKOLADEN-CLUSTER Pekann\u00fcsse & Schokolade Gold & Salzige Brezeln","og_description":"Hausmannskost, die das S\u00fc\u00dfe Karamell mit dem buttrigen Geschmack von Pekann\u00fcssen und gleichzeitig mit dem angenehm salzigen Nachgeschmack traditioneller polnischer Brezeln verbindet!","og_url":"https:\/\/deseopatisserie.com\/de\/produkt\/schokoladen-cluster-pekannuesse-schokolade-gold-salzige-brezeln\/","og_site_name":"DESEO","article_modified_time":"2025-04-02T13:47:59+00:00","og_image":[{"url":"https:\/\/deseopatisserie.com\/wp-content\/uploads\/2023\/03\/Clusters-Orzechy-Pekan-Precelki_3-1024x682.jpg","type":"","width":"","height":""}],"twitter_card":"summary_large_image","schema":{"@context":"https:\/\/schema.org","@graph":[{"@type":"WebPage","@id":"https:\/\/deseopatisserie.com\/de\/produkt\/schokoladen-cluster-pekannuesse-schokolade-gold-salzige-brezeln\/","url":"https:\/\/deseopatisserie.com\/de\/produkt\/schokoladen-cluster-pekannuesse-schokolade-gold-salzige-brezeln\/","name":"SCHOKOLADEN-CLUSTER Pekann\u00fcsse &amp; Schokolade Gold &amp; Salzige Brezeln - Cukiernia DESEO Warszawa","isPartOf":{"@id":"https:\/\/deseopatisserie.com\/de\/#website"},"primaryImageOfPage":{"@id":"https:\/\/deseopatisserie.com\/de\/produkt\/schokoladen-cluster-pekannuesse-schokolade-gold-salzige-brezeln\/#primaryimage"},"image":{"@id":"https:\/\/deseopatisserie.com\/de\/produkt\/schokoladen-cluster-pekannuesse-schokolade-gold-salzige-brezeln\/#primaryimage"},"thumbnailUrl":"https:\/\/deseopatisserie.com\/\/wp-content\/uploads\/2023\/03\/chocolate-clusters-precelki.png","datePublished":"2023-03-17T11:46:21+00:00","dateModified":"2025-04-02T13:47:59+00:00","description":"Comfort Food, das s\u00fc\u00dfes Karamell mit dem buttrigen Geschmack von Pekann\u00fcssen und gleichzeitig mit dem angenehm salzigen Nachgeschmack von Brezeln verbindet!","breadcrumb":{"@id":"https:\/\/deseopatisserie.com\/de\/produkt\/schokoladen-cluster-pekannuesse-schokolade-gold-salzige-brezeln\/#breadcrumb"},"inLanguage":"de","potentialAction":[{"@type":"ReadAction","target":["https:\/\/deseopatisserie.com\/de\/produkt\/schokoladen-cluster-pekannuesse-schokolade-gold-salzige-brezeln\/"]}]},{"@type":"ImageObject","inLanguage":"de","@id":"https:\/\/deseopatisserie.com\/de\/produkt\/schokoladen-cluster-pekannuesse-schokolade-gold-salzige-brezeln\/#primaryimage","url":"https:\/\/deseopatisserie.com\/\/wp-content\/uploads\/2023\/03\/chocolate-clusters-precelki.png","contentUrl":"https:\/\/deseopatisserie.com\/\/wp-content\/uploads\/2023\/03\/chocolate-clusters-precelki.png","width":2048,"height":1365,"caption":"chocolate clusters precelki"},{"@type":"BreadcrumbList","@id":"https:\/\/deseopatisserie.com\/de\/produkt\/schokoladen-cluster-pekannuesse-schokolade-gold-salzige-brezeln\/#breadcrumb","itemListElement":[{"@type":"ListItem","position":1,"name":"Strona g\u0142\u00f3wna","item":"https:\/\/deseopatisserie.com\/de\/homepage\/"},{"@type":"ListItem","position":2,"name":"SCHOKOLADEN-CLUSTER Pekann\u00fcsse &amp; Schokolade Gold &amp; Salzige Brezeln"}]},{"@type":"WebSite","@id":"https:\/\/deseopatisserie.com\/de\/#website","url":"https:\/\/deseopatisserie.com\/de\/","name":"DESEO","description":"Patisserie &amp; Chocolaterie","potentialAction":[{"@type":"SearchAction","target":{"@type":"EntryPoint","urlTemplate":"https:\/\/deseopatisserie.com\/de\/?s={search_term_string}"},"query-input":{"@type":"PropertyValueSpecification","valueRequired":true,"valueName":"search_term_string"}}],"inLanguage":"de"}]}},"_links":{"self":[{"href":"https:\/\/deseopatisserie.com\/de\/wp-json\/wp\/v2\/product\/90833","targetHints":{"allow":["GET"]}}],"collection":[{"href":"https:\/\/deseopatisserie.com\/de\/wp-json\/wp\/v2\/product"}],"about":[{"href":"https:\/\/deseopatisserie.com\/de\/wp-json\/wp\/v2\/types\/product"}],"wp:featuredmedia":[{"embeddable":true,"href":"https:\/\/deseopatisserie.com\/de\/wp-json\/wp\/v2\/media\/114888"}],"wp:attachment":[{"href":"https:\/\/deseopatisserie.com\/de\/wp-json\/wp\/v2\/media?parent=90833"}],"wp:term":[{"taxonomy":"product_brand","embeddable":true,"href":"https:\/\/deseopatisserie.com\/de\/wp-json\/wp\/v2\/product_brand?post=90833"},{"taxonomy":"product_cat","embeddable":true,"href":"https:\/\/deseopatisserie.com\/de\/wp-json\/wp\/v2\/product_cat?post=90833"},{"taxonomy":"product_tag","embeddable":true,"href":"https:\/\/deseopatisserie.com\/de\/wp-json\/wp\/v2\/product_tag?post=90833"}],"curies":[{"name":"wp","href":"https:\/\/api.w.org\/{rel}","templated":true}]}}