{"id":90832,"date":"2023-10-27T15:31:54","date_gmt":"2023-10-27T13:31:54","guid":{"rendered":"https:\/\/deseopatisserie.com\/produkt\/geschenkgutschein-150-pln\/"},"modified":"2025-04-02T15:41:00","modified_gmt":"2025-04-02T13:41:00","slug":"geschenkgutschein-150-pln","status":"publish","type":"product","link":"https:\/\/deseopatisserie.com\/de\/produkt\/geschenkgutschein-150-pln\/","title":{"rendered":"Geschenkgutschein 150 PLN"},"content":{"rendered":"","protected":false},"excerpt":{"rendered":"<p>Eine gute Wahl f\u00fcr Unentschlossene! Unsere Geschenkgutscheine sind Unikate &#8211; aus glattem, steifem Papier, mit gepr\u00e4gter goldener Schrift. Ein sehr elegantes Design, das durch seine Schlichtheit besticht.  <\/p>\n<p>Jeder Gutschein ist in einem l\u00e4nglichen Umschlag verpackt &#8211; marineblau oder grau. Ein Gutschein kann auch ein \u00dcberraschungselement in einem Geschenkset sein. <\/p>\n<p>Wir haben 4 St\u00fcckelungen von Geschenkgutscheinen vorbereitet:<br \/>\n 100 PLN \/ 150 PLN \/ 200 PLN \/ 500 PLN<\/p>\n<p>Der Gutschein kann an jedem DESEO-Standort eingel\u00f6st werden.<\/p>\n<p>Es ist 12 Monate ab Kauf g\u00fcltig.<\/p>\n","protected":false},"featured_media":84345,"template":"","meta":{"_acf_changed":false},"product_brand":[],"product_cat":[2613,2652,2656,2695],"product_tag":[],"class_list":{"0":"post-90832","1":"product","2":"type-product","3":"status-publish","4":"has-post-thumbnail","6":"product_cat-frauentag","7":"product_cat-geburtstag","8":"product_cat-geschenkgutscheine","9":"product_cat-tag-der-grossmutter-und-des-grossvaters","11":"first","12":"instock","13":"taxable","14":"shipping-taxable","15":"purchasable","16":"product-type-simple"},"acf":[],"yoast_head":"<!-- This site is optimized with the Yoast SEO plugin v27.4 - https:\/\/yoast.com\/product\/yoast-seo-wordpress\/ -->\n<title>Geschenkgutschein 150 PLN - Cukiernia DESEO Warszawa<\/title>\n<meta name=\"description\" content=\"Eine gute Wahl f\u00fcr Unentschlossene! Ein sehr elegantes Design, das durch seine Schlichtheit besticht. Es kann ein \u00dcberraschungselement in einem Geschenkset sein.\" \/>\n<meta name=\"robots\" content=\"index, follow, max-snippet:-1, max-image-preview:large, max-video-preview:-1\" \/>\n<link rel=\"canonical\" href=\"https:\/\/deseopatisserie.com\/de\/produkt\/geschenkgutschein-150-pln\/\" \/>\n<meta property=\"og:locale\" content=\"de_DE\" \/>\n<meta property=\"og:type\" content=\"article\" \/>\n<meta property=\"og:title\" content=\"DESEO Geschenkgutschein\" \/>\n<meta property=\"og:description\" content=\"Die perfekte Geschenkidee, wenn Sie sich nicht entscheiden k\u00f6nnen! W\u00e4hlen Sie den Betrag, den Sie spenden m\u00f6chten, und wir bereiten einen eleganten Gutschein vor, der sofort verschenkt werden kann.\" \/>\n<meta property=\"og:url\" content=\"https:\/\/deseopatisserie.com\/de\/produkt\/geschenkgutschein-150-pln\/\" \/>\n<meta property=\"og:site_name\" content=\"DESEO\" \/>\n<meta property=\"article:modified_time\" content=\"2025-04-02T13:41:00+00:00\" \/>\n<meta property=\"og:image\" content=\"https:\/\/deseopatisserie.com\/wp-content\/uploads\/2023\/10\/deseo-voucher-i-swieta-5929a-1024x683.jpg\" \/>\n<meta name=\"twitter:card\" content=\"summary_large_image\" \/>\n<script type=\"application\/ld+json\" class=\"yoast-schema-graph\">{\"@context\":\"https:\\\/\\\/schema.org\",\"@graph\":[{\"@type\":\"WebPage\",\"@id\":\"https:\\\/\\\/deseopatisserie.com\\\/de\\\/produkt\\\/geschenkgutschein-150-pln\\\/\",\"url\":\"https:\\\/\\\/deseopatisserie.com\\\/de\\\/produkt\\\/geschenkgutschein-150-pln\\\/\",\"name\":\"Geschenkgutschein 150 PLN - Cukiernia DESEO Warszawa\",\"isPartOf\":{\"@id\":\"https:\\\/\\\/deseopatisserie.com\\\/de\\\/#website\"},\"primaryImageOfPage\":{\"@id\":\"https:\\\/\\\/deseopatisserie.com\\\/de\\\/produkt\\\/geschenkgutschein-150-pln\\\/#primaryimage\"},\"image\":{\"@id\":\"https:\\\/\\\/deseopatisserie.com\\\/de\\\/produkt\\\/geschenkgutschein-150-pln\\\/#primaryimage\"},\"thumbnailUrl\":\"https:\\\/\\\/deseopatisserie.com\\\/\\\/wp-content\\\/uploads\\\/2023\\\/10\\\/deseo-voucher-i-swieta-5929a-scaled.jpg\",\"datePublished\":\"2023-10-27T13:31:54+00:00\",\"dateModified\":\"2025-04-02T13:41:00+00:00\",\"description\":\"Eine gute Wahl f\u00fcr Unentschlossene! Ein sehr elegantes Design, das durch seine Schlichtheit besticht. Es kann ein \u00dcberraschungselement in einem Geschenkset sein.\",\"breadcrumb\":{\"@id\":\"https:\\\/\\\/deseopatisserie.com\\\/de\\\/produkt\\\/geschenkgutschein-150-pln\\\/#breadcrumb\"},\"inLanguage\":\"de\",\"potentialAction\":[{\"@type\":\"ReadAction\",\"target\":[\"https:\\\/\\\/deseopatisserie.com\\\/de\\\/produkt\\\/geschenkgutschein-150-pln\\\/\"]}]},{\"@type\":\"ImageObject\",\"inLanguage\":\"de\",\"@id\":\"https:\\\/\\\/deseopatisserie.com\\\/de\\\/produkt\\\/geschenkgutschein-150-pln\\\/#primaryimage\",\"url\":\"https:\\\/\\\/deseopatisserie.com\\\/\\\/wp-content\\\/uploads\\\/2023\\\/10\\\/deseo-voucher-i-swieta-5929a-scaled.jpg\",\"contentUrl\":\"https:\\\/\\\/deseopatisserie.com\\\/\\\/wp-content\\\/uploads\\\/2023\\\/10\\\/deseo-voucher-i-swieta-5929a-scaled.jpg\",\"width\":2560,\"height\":1707},{\"@type\":\"BreadcrumbList\",\"@id\":\"https:\\\/\\\/deseopatisserie.com\\\/de\\\/produkt\\\/geschenkgutschein-150-pln\\\/#breadcrumb\",\"itemListElement\":[{\"@type\":\"ListItem\",\"position\":1,\"name\":\"Strona g\u0142\u00f3wna\",\"item\":\"https:\\\/\\\/deseopatisserie.com\\\/de\\\/homepage\\\/\"},{\"@type\":\"ListItem\",\"position\":2,\"name\":\"Geschenkgutschein 150 PLN\"}]},{\"@type\":\"WebSite\",\"@id\":\"https:\\\/\\\/deseopatisserie.com\\\/de\\\/#website\",\"url\":\"https:\\\/\\\/deseopatisserie.com\\\/de\\\/\",\"name\":\"DESEO\",\"description\":\"Patisserie &amp; Chocolaterie\",\"potentialAction\":[{\"@type\":\"SearchAction\",\"target\":{\"@type\":\"EntryPoint\",\"urlTemplate\":\"https:\\\/\\\/deseopatisserie.com\\\/de\\\/?s={search_term_string}\"},\"query-input\":{\"@type\":\"PropertyValueSpecification\",\"valueRequired\":true,\"valueName\":\"search_term_string\"}}],\"inLanguage\":\"de\"}]}<\/script>\n<!-- \/ Yoast SEO plugin. -->","yoast_head_json":{"title":"Geschenkgutschein 150 PLN - Cukiernia DESEO Warszawa","description":"Eine gute Wahl f\u00fcr Unentschlossene! Ein sehr elegantes Design, das durch seine Schlichtheit besticht. Es kann ein \u00dcberraschungselement in einem Geschenkset sein.","robots":{"index":"index","follow":"follow","max-snippet":"max-snippet:-1","max-image-preview":"max-image-preview:large","max-video-preview":"max-video-preview:-1"},"canonical":"https:\/\/deseopatisserie.com\/de\/produkt\/geschenkgutschein-150-pln\/","og_locale":"de_DE","og_type":"article","og_title":"DESEO Geschenkgutschein","og_description":"Die perfekte Geschenkidee, wenn Sie sich nicht entscheiden k\u00f6nnen! W\u00e4hlen Sie den Betrag, den Sie spenden m\u00f6chten, und wir bereiten einen eleganten Gutschein vor, der sofort verschenkt werden kann.","og_url":"https:\/\/deseopatisserie.com\/de\/produkt\/geschenkgutschein-150-pln\/","og_site_name":"DESEO","article_modified_time":"2025-04-02T13:41:00+00:00","og_image":[{"url":"https:\/\/deseopatisserie.com\/wp-content\/uploads\/2023\/10\/deseo-voucher-i-swieta-5929a-1024x683.jpg","type":"","width":"","height":""}],"twitter_card":"summary_large_image","schema":{"@context":"https:\/\/schema.org","@graph":[{"@type":"WebPage","@id":"https:\/\/deseopatisserie.com\/de\/produkt\/geschenkgutschein-150-pln\/","url":"https:\/\/deseopatisserie.com\/de\/produkt\/geschenkgutschein-150-pln\/","name":"Geschenkgutschein 150 PLN - Cukiernia DESEO Warszawa","isPartOf":{"@id":"https:\/\/deseopatisserie.com\/de\/#website"},"primaryImageOfPage":{"@id":"https:\/\/deseopatisserie.com\/de\/produkt\/geschenkgutschein-150-pln\/#primaryimage"},"image":{"@id":"https:\/\/deseopatisserie.com\/de\/produkt\/geschenkgutschein-150-pln\/#primaryimage"},"thumbnailUrl":"https:\/\/deseopatisserie.com\/\/wp-content\/uploads\/2023\/10\/deseo-voucher-i-swieta-5929a-scaled.jpg","datePublished":"2023-10-27T13:31:54+00:00","dateModified":"2025-04-02T13:41:00+00:00","description":"Eine gute Wahl f\u00fcr Unentschlossene! Ein sehr elegantes Design, das durch seine Schlichtheit besticht. Es kann ein \u00dcberraschungselement in einem Geschenkset sein.","breadcrumb":{"@id":"https:\/\/deseopatisserie.com\/de\/produkt\/geschenkgutschein-150-pln\/#breadcrumb"},"inLanguage":"de","potentialAction":[{"@type":"ReadAction","target":["https:\/\/deseopatisserie.com\/de\/produkt\/geschenkgutschein-150-pln\/"]}]},{"@type":"ImageObject","inLanguage":"de","@id":"https:\/\/deseopatisserie.com\/de\/produkt\/geschenkgutschein-150-pln\/#primaryimage","url":"https:\/\/deseopatisserie.com\/\/wp-content\/uploads\/2023\/10\/deseo-voucher-i-swieta-5929a-scaled.jpg","contentUrl":"https:\/\/deseopatisserie.com\/\/wp-content\/uploads\/2023\/10\/deseo-voucher-i-swieta-5929a-scaled.jpg","width":2560,"height":1707},{"@type":"BreadcrumbList","@id":"https:\/\/deseopatisserie.com\/de\/produkt\/geschenkgutschein-150-pln\/#breadcrumb","itemListElement":[{"@type":"ListItem","position":1,"name":"Strona g\u0142\u00f3wna","item":"https:\/\/deseopatisserie.com\/de\/homepage\/"},{"@type":"ListItem","position":2,"name":"Geschenkgutschein 150 PLN"}]},{"@type":"WebSite","@id":"https:\/\/deseopatisserie.com\/de\/#website","url":"https:\/\/deseopatisserie.com\/de\/","name":"DESEO","description":"Patisserie &amp; Chocolaterie","potentialAction":[{"@type":"SearchAction","target":{"@type":"EntryPoint","urlTemplate":"https:\/\/deseopatisserie.com\/de\/?s={search_term_string}"},"query-input":{"@type":"PropertyValueSpecification","valueRequired":true,"valueName":"search_term_string"}}],"inLanguage":"de"}]}},"_links":{"self":[{"href":"https:\/\/deseopatisserie.com\/de\/wp-json\/wp\/v2\/product\/90832","targetHints":{"allow":["GET"]}}],"collection":[{"href":"https:\/\/deseopatisserie.com\/de\/wp-json\/wp\/v2\/product"}],"about":[{"href":"https:\/\/deseopatisserie.com\/de\/wp-json\/wp\/v2\/types\/product"}],"wp:featuredmedia":[{"embeddable":true,"href":"https:\/\/deseopatisserie.com\/de\/wp-json\/wp\/v2\/media\/84345"}],"wp:attachment":[{"href":"https:\/\/deseopatisserie.com\/de\/wp-json\/wp\/v2\/media?parent=90832"}],"wp:term":[{"taxonomy":"product_brand","embeddable":true,"href":"https:\/\/deseopatisserie.com\/de\/wp-json\/wp\/v2\/product_brand?post=90832"},{"taxonomy":"product_cat","embeddable":true,"href":"https:\/\/deseopatisserie.com\/de\/wp-json\/wp\/v2\/product_cat?post=90832"},{"taxonomy":"product_tag","embeddable":true,"href":"https:\/\/deseopatisserie.com\/de\/wp-json\/wp\/v2\/product_tag?post=90832"}],"curies":[{"name":"wp","href":"https:\/\/api.w.org\/{rel}","templated":true}]}}