{"id":90829,"date":"2023-02-06T16:50:18","date_gmt":"2023-02-06T15:50:18","guid":{"rendered":"https:\/\/deseopatisserie.com\/produkt\/bella\/"},"modified":"2025-04-02T15:47:47","modified_gmt":"2025-04-02T13:47:47","slug":"bella","status":"publish","type":"product","link":"https:\/\/deseopatisserie.com\/de\/produkt\/bella\/","title":{"rendered":"Bella"},"content":{"rendered":"","protected":false},"excerpt":{"rendered":"<p>Himbeermousse \/ Himbeermarmelade mit Bergamotte \/ Vanille-Mini-K\u00e4sekuchen \/ zarter Joconde-Biskuit mit Limette<\/p>\n<p>Bella bedeutet auf Italienisch &#8222;sch\u00f6n&#8220;. Zart, fruchtig, leicht! Er vereint fluffige Himbeermousse, ausgepr\u00e4gte Himbeermarmelade und herrlich cremigen Vanille-K\u00e4sekuchen. Abgerundet haben wir das Ganze mit einem Joconde-Biskuit mit Limette und verziert mit einem gl\u00e4nzenden roten Herz. Eine charmante und gleichzeitig sehr elegante Version unserer Bella erg\u00e4nzt einen romantischen Abend zu zweit \ud83d\ude42    <\/p>\n","protected":false},"featured_media":84023,"template":"","meta":{"_acf_changed":false},"product_brand":[],"product_cat":[2613,1750,2695,2697],"product_tag":[],"class_list":{"0":"post-90829","1":"product","2":"type-product","3":"status-publish","4":"has-post-thumbnail","6":"product_cat-frauentag","7":"product_cat-petit-gateau-kekse","8":"product_cat-tag-der-grossmutter-und-des-grossvaters","9":"product_cat-valentinstag","11":"first","12":"instock","13":"taxable","14":"shipping-taxable","15":"purchasable","16":"product-type-simple"},"acf":[],"yoast_head":"<!-- This site is optimized with the Yoast SEO plugin v27.4 - https:\/\/yoast.com\/product\/yoast-seo-wordpress\/ -->\n<title>Bella - Cukiernia DESEO Warszawa<\/title>\n<meta name=\"description\" content=\"Unser k\u00f6stlicher und zarter Bella-Keks aus rotem Wildleder und einem s\u00fc\u00dfen funkelnden Herzen. Charmant und sehr romantisch!\" \/>\n<meta name=\"robots\" content=\"index, follow, max-snippet:-1, max-image-preview:large, max-video-preview:-1\" \/>\n<link rel=\"canonical\" href=\"https:\/\/deseopatisserie.com\/de\/produkt\/bella\/\" \/>\n<meta property=\"og:locale\" content=\"de_DE\" \/>\n<meta property=\"og:type\" content=\"article\" \/>\n<meta property=\"og:title\" content=\"DESEO Bella\" \/>\n<meta property=\"og:description\" content=\"Unser k\u00f6stlicher und zarter Bella-Keks aus rotem Wildleder und einem s\u00fc\u00dfen funkelnden Herzen. Charmant und sehr romantisch!\" \/>\n<meta property=\"og:url\" content=\"https:\/\/deseopatisserie.com\/de\/produkt\/bella\/\" \/>\n<meta property=\"og:site_name\" content=\"DESEO\" \/>\n<meta property=\"article:modified_time\" content=\"2025-04-02T13:47:47+00:00\" \/>\n<meta property=\"og:image\" content=\"https:\/\/deseopatisserie.com\/wp-content\/uploads\/2023\/02\/bella.love_8-1024x682.jpg\" \/>\n<meta name=\"twitter:card\" content=\"summary_large_image\" \/>\n<script type=\"application\/ld+json\" class=\"yoast-schema-graph\">{\"@context\":\"https:\\\/\\\/schema.org\",\"@graph\":[{\"@type\":\"WebPage\",\"@id\":\"https:\\\/\\\/deseopatisserie.com\\\/de\\\/produkt\\\/bella\\\/\",\"url\":\"https:\\\/\\\/deseopatisserie.com\\\/de\\\/produkt\\\/bella\\\/\",\"name\":\"Bella - Cukiernia DESEO Warszawa\",\"isPartOf\":{\"@id\":\"https:\\\/\\\/deseopatisserie.com\\\/de\\\/#website\"},\"primaryImageOfPage\":{\"@id\":\"https:\\\/\\\/deseopatisserie.com\\\/de\\\/produkt\\\/bella\\\/#primaryimage\"},\"image\":{\"@id\":\"https:\\\/\\\/deseopatisserie.com\\\/de\\\/produkt\\\/bella\\\/#primaryimage\"},\"thumbnailUrl\":\"https:\\\/\\\/deseopatisserie.com\\\/\\\/wp-content\\\/uploads\\\/2023\\\/02\\\/bella.love_8.jpg\",\"datePublished\":\"2023-02-06T15:50:18+00:00\",\"dateModified\":\"2025-04-02T13:47:47+00:00\",\"description\":\"Unser k\u00f6stlicher und zarter Bella-Keks aus rotem Wildleder und einem s\u00fc\u00dfen funkelnden Herzen. Charmant und sehr romantisch!\",\"breadcrumb\":{\"@id\":\"https:\\\/\\\/deseopatisserie.com\\\/de\\\/produkt\\\/bella\\\/#breadcrumb\"},\"inLanguage\":\"de\",\"potentialAction\":[{\"@type\":\"ReadAction\",\"target\":[\"https:\\\/\\\/deseopatisserie.com\\\/de\\\/produkt\\\/bella\\\/\"]}]},{\"@type\":\"ImageObject\",\"inLanguage\":\"de\",\"@id\":\"https:\\\/\\\/deseopatisserie.com\\\/de\\\/produkt\\\/bella\\\/#primaryimage\",\"url\":\"https:\\\/\\\/deseopatisserie.com\\\/\\\/wp-content\\\/uploads\\\/2023\\\/02\\\/bella.love_8.jpg\",\"contentUrl\":\"https:\\\/\\\/deseopatisserie.com\\\/\\\/wp-content\\\/uploads\\\/2023\\\/02\\\/bella.love_8.jpg\",\"width\":1700,\"height\":1133},{\"@type\":\"BreadcrumbList\",\"@id\":\"https:\\\/\\\/deseopatisserie.com\\\/de\\\/produkt\\\/bella\\\/#breadcrumb\",\"itemListElement\":[{\"@type\":\"ListItem\",\"position\":1,\"name\":\"Strona g\u0142\u00f3wna\",\"item\":\"https:\\\/\\\/deseopatisserie.com\\\/de\\\/homepage\\\/\"},{\"@type\":\"ListItem\",\"position\":2,\"name\":\"Bella\"}]},{\"@type\":\"WebSite\",\"@id\":\"https:\\\/\\\/deseopatisserie.com\\\/de\\\/#website\",\"url\":\"https:\\\/\\\/deseopatisserie.com\\\/de\\\/\",\"name\":\"DESEO\",\"description\":\"Patisserie &amp; Chocolaterie\",\"potentialAction\":[{\"@type\":\"SearchAction\",\"target\":{\"@type\":\"EntryPoint\",\"urlTemplate\":\"https:\\\/\\\/deseopatisserie.com\\\/de\\\/?s={search_term_string}\"},\"query-input\":{\"@type\":\"PropertyValueSpecification\",\"valueRequired\":true,\"valueName\":\"search_term_string\"}}],\"inLanguage\":\"de\"}]}<\/script>\n<!-- \/ Yoast SEO plugin. -->","yoast_head_json":{"title":"Bella - Cukiernia DESEO Warszawa","description":"Unser k\u00f6stlicher und zarter Bella-Keks aus rotem Wildleder und einem s\u00fc\u00dfen funkelnden Herzen. Charmant und sehr romantisch!","robots":{"index":"index","follow":"follow","max-snippet":"max-snippet:-1","max-image-preview":"max-image-preview:large","max-video-preview":"max-video-preview:-1"},"canonical":"https:\/\/deseopatisserie.com\/de\/produkt\/bella\/","og_locale":"de_DE","og_type":"article","og_title":"DESEO Bella","og_description":"Unser k\u00f6stlicher und zarter Bella-Keks aus rotem Wildleder und einem s\u00fc\u00dfen funkelnden Herzen. Charmant und sehr romantisch!","og_url":"https:\/\/deseopatisserie.com\/de\/produkt\/bella\/","og_site_name":"DESEO","article_modified_time":"2025-04-02T13:47:47+00:00","og_image":[{"url":"https:\/\/deseopatisserie.com\/wp-content\/uploads\/2023\/02\/bella.love_8-1024x682.jpg","type":"","width":"","height":""}],"twitter_card":"summary_large_image","schema":{"@context":"https:\/\/schema.org","@graph":[{"@type":"WebPage","@id":"https:\/\/deseopatisserie.com\/de\/produkt\/bella\/","url":"https:\/\/deseopatisserie.com\/de\/produkt\/bella\/","name":"Bella - Cukiernia DESEO Warszawa","isPartOf":{"@id":"https:\/\/deseopatisserie.com\/de\/#website"},"primaryImageOfPage":{"@id":"https:\/\/deseopatisserie.com\/de\/produkt\/bella\/#primaryimage"},"image":{"@id":"https:\/\/deseopatisserie.com\/de\/produkt\/bella\/#primaryimage"},"thumbnailUrl":"https:\/\/deseopatisserie.com\/\/wp-content\/uploads\/2023\/02\/bella.love_8.jpg","datePublished":"2023-02-06T15:50:18+00:00","dateModified":"2025-04-02T13:47:47+00:00","description":"Unser k\u00f6stlicher und zarter Bella-Keks aus rotem Wildleder und einem s\u00fc\u00dfen funkelnden Herzen. Charmant und sehr romantisch!","breadcrumb":{"@id":"https:\/\/deseopatisserie.com\/de\/produkt\/bella\/#breadcrumb"},"inLanguage":"de","potentialAction":[{"@type":"ReadAction","target":["https:\/\/deseopatisserie.com\/de\/produkt\/bella\/"]}]},{"@type":"ImageObject","inLanguage":"de","@id":"https:\/\/deseopatisserie.com\/de\/produkt\/bella\/#primaryimage","url":"https:\/\/deseopatisserie.com\/\/wp-content\/uploads\/2023\/02\/bella.love_8.jpg","contentUrl":"https:\/\/deseopatisserie.com\/\/wp-content\/uploads\/2023\/02\/bella.love_8.jpg","width":1700,"height":1133},{"@type":"BreadcrumbList","@id":"https:\/\/deseopatisserie.com\/de\/produkt\/bella\/#breadcrumb","itemListElement":[{"@type":"ListItem","position":1,"name":"Strona g\u0142\u00f3wna","item":"https:\/\/deseopatisserie.com\/de\/homepage\/"},{"@type":"ListItem","position":2,"name":"Bella"}]},{"@type":"WebSite","@id":"https:\/\/deseopatisserie.com\/de\/#website","url":"https:\/\/deseopatisserie.com\/de\/","name":"DESEO","description":"Patisserie &amp; Chocolaterie","potentialAction":[{"@type":"SearchAction","target":{"@type":"EntryPoint","urlTemplate":"https:\/\/deseopatisserie.com\/de\/?s={search_term_string}"},"query-input":{"@type":"PropertyValueSpecification","valueRequired":true,"valueName":"search_term_string"}}],"inLanguage":"de"}]}},"_links":{"self":[{"href":"https:\/\/deseopatisserie.com\/de\/wp-json\/wp\/v2\/product\/90829","targetHints":{"allow":["GET"]}}],"collection":[{"href":"https:\/\/deseopatisserie.com\/de\/wp-json\/wp\/v2\/product"}],"about":[{"href":"https:\/\/deseopatisserie.com\/de\/wp-json\/wp\/v2\/types\/product"}],"wp:featuredmedia":[{"embeddable":true,"href":"https:\/\/deseopatisserie.com\/de\/wp-json\/wp\/v2\/media\/84023"}],"wp:attachment":[{"href":"https:\/\/deseopatisserie.com\/de\/wp-json\/wp\/v2\/media?parent=90829"}],"wp:term":[{"taxonomy":"product_brand","embeddable":true,"href":"https:\/\/deseopatisserie.com\/de\/wp-json\/wp\/v2\/product_brand?post=90829"},{"taxonomy":"product_cat","embeddable":true,"href":"https:\/\/deseopatisserie.com\/de\/wp-json\/wp\/v2\/product_cat?post=90829"},{"taxonomy":"product_tag","embeddable":true,"href":"https:\/\/deseopatisserie.com\/de\/wp-json\/wp\/v2\/product_tag?post=90829"}],"curies":[{"name":"wp","href":"https:\/\/api.w.org\/{rel}","templated":true}]}}