{"id":90821,"date":"2023-01-12T15:54:24","date_gmt":"2023-01-12T14:54:24","guid":{"rendered":"https:\/\/deseopatisserie.com\/produkt\/fussball-pokale\/"},"modified":"2025-04-02T15:47:38","modified_gmt":"2025-04-02T13:47:38","slug":"fussball-pokale","status":"publish","type":"product","link":"https:\/\/deseopatisserie.com\/de\/produkt\/fussball-pokale\/","title":{"rendered":"Fu\u00dfball-Pokale"},"content":{"rendered":"","protected":false},"excerpt":{"rendered":"<p>Ein Tassenset mit ball\u00e4hnlichem Aufdruck &#8211; perfekt f\u00fcr jeden kleinen und gro\u00dfen Fu\u00dfballfan!<\/p>\n<p>Bei der Organisation von Geburtstagen oder anderen wichtigen Veranstaltungen lohnt es sich, auf den richtigen Rahmen \u2013 also Accessoires \u2013 zu achten. Sie schaffen eine magische Atmosph\u00e4re und machen die Zeremonie einzigartig.<\/p>\n<p>In 1 Packung befinden sich 6 St\u00fcck Tassen mit einem Fassungsverm\u00f6gen von 220 ml.<\/p>\n","protected":false},"featured_media":83931,"template":"","meta":{"_acf_changed":false},"product_brand":[],"product_cat":[2652,2645,2651],"product_tag":[],"class_list":{"0":"post-90821","1":"product","2":"type-product","3":"status-publish","4":"has-post-thumbnail","6":"product_cat-geburtstag","7":"product_cat-geburtstag-fussball","8":"product_cat-geburtstags-gadgets","10":"first","11":"instock","12":"taxable","13":"shipping-taxable","14":"purchasable","15":"product-type-simple"},"acf":[],"yoast_head":"<!-- This site is optimized with the Yoast SEO plugin v27.5 - https:\/\/yoast.com\/product\/yoast-seo-wordpress\/ -->\n<title>Fu\u00dfball-Pokale - Cukiernia DESEO Warszawa<\/title>\n<meta name=\"description\" content=\"Bei der Organisation einer Geburtstagsfeier lohnt es sich, auf das richtige Zubeh\u00f6r zu achten. Sie schaffen eine magische Atmosph\u00e4re und machen die Zeremonie einzigartig.\" \/>\n<meta name=\"robots\" content=\"index, follow, max-snippet:-1, max-image-preview:large, max-video-preview:-1\" \/>\n<link rel=\"canonical\" href=\"https:\/\/deseopatisserie.com\/de\/produkt\/fussball-pokale\/\" \/>\n<meta property=\"og:locale\" content=\"de_DE\" \/>\n<meta property=\"og:type\" content=\"article\" \/>\n<meta property=\"og:title\" content=\"Fu\u00dfball-Pokale\" \/>\n<meta property=\"og:description\" content=\"Bei der Organisation einer Geburtstagsfeier lohnt es sich, auf das richtige Zubeh\u00f6r zu achten. Sie schaffen eine magische Atmosph\u00e4re und machen die Zeremonie einzigartig.\" \/>\n<meta property=\"og:url\" content=\"https:\/\/deseopatisserie.com\/de\/produkt\/fussball-pokale\/\" \/>\n<meta property=\"og:site_name\" content=\"DESEO\" \/>\n<meta property=\"article:modified_time\" content=\"2025-04-02T13:47:38+00:00\" \/>\n<meta property=\"og:image\" content=\"https:\/\/deseopatisserie.com\/wp-content\/uploads\/2023\/01\/kubeczki.pilkarz_1.webp\" \/>\n<meta name=\"twitter:card\" content=\"summary_large_image\" \/>\n<script type=\"application\/ld+json\" class=\"yoast-schema-graph\">{\"@context\":\"https:\\\/\\\/schema.org\",\"@graph\":[{\"@type\":\"WebPage\",\"@id\":\"https:\\\/\\\/deseopatisserie.com\\\/de\\\/produkt\\\/fussball-pokale\\\/\",\"url\":\"https:\\\/\\\/deseopatisserie.com\\\/de\\\/produkt\\\/fussball-pokale\\\/\",\"name\":\"Fu\u00dfball-Pokale - Cukiernia DESEO Warszawa\",\"isPartOf\":{\"@id\":\"https:\\\/\\\/deseopatisserie.com\\\/de\\\/#website\"},\"primaryImageOfPage\":{\"@id\":\"https:\\\/\\\/deseopatisserie.com\\\/de\\\/produkt\\\/fussball-pokale\\\/#primaryimage\"},\"image\":{\"@id\":\"https:\\\/\\\/deseopatisserie.com\\\/de\\\/produkt\\\/fussball-pokale\\\/#primaryimage\"},\"thumbnailUrl\":\"https:\\\/\\\/deseopatisserie.com\\\/\\\/wp-content\\\/uploads\\\/2023\\\/01\\\/kubeczki.pilkarz_1.webp\",\"datePublished\":\"2023-01-12T14:54:24+00:00\",\"dateModified\":\"2025-04-02T13:47:38+00:00\",\"description\":\"Bei der Organisation einer Geburtstagsfeier lohnt es sich, auf das richtige Zubeh\u00f6r zu achten. Sie schaffen eine magische Atmosph\u00e4re und machen die Zeremonie einzigartig.\",\"breadcrumb\":{\"@id\":\"https:\\\/\\\/deseopatisserie.com\\\/de\\\/produkt\\\/fussball-pokale\\\/#breadcrumb\"},\"inLanguage\":\"de\",\"potentialAction\":[{\"@type\":\"ReadAction\",\"target\":[\"https:\\\/\\\/deseopatisserie.com\\\/de\\\/produkt\\\/fussball-pokale\\\/\"]}]},{\"@type\":\"ImageObject\",\"inLanguage\":\"de\",\"@id\":\"https:\\\/\\\/deseopatisserie.com\\\/de\\\/produkt\\\/fussball-pokale\\\/#primaryimage\",\"url\":\"https:\\\/\\\/deseopatisserie.com\\\/\\\/wp-content\\\/uploads\\\/2023\\\/01\\\/kubeczki.pilkarz_1.webp\",\"contentUrl\":\"https:\\\/\\\/deseopatisserie.com\\\/\\\/wp-content\\\/uploads\\\/2023\\\/01\\\/kubeczki.pilkarz_1.webp\",\"width\":800,\"height\":600},{\"@type\":\"BreadcrumbList\",\"@id\":\"https:\\\/\\\/deseopatisserie.com\\\/de\\\/produkt\\\/fussball-pokale\\\/#breadcrumb\",\"itemListElement\":[{\"@type\":\"ListItem\",\"position\":1,\"name\":\"Strona g\u0142\u00f3wna\",\"item\":\"https:\\\/\\\/deseopatisserie.com\\\/de\\\/homepage\\\/\"},{\"@type\":\"ListItem\",\"position\":2,\"name\":\"Fu\u00dfball-Pokale\"}]},{\"@type\":\"WebSite\",\"@id\":\"https:\\\/\\\/deseopatisserie.com\\\/de\\\/#website\",\"url\":\"https:\\\/\\\/deseopatisserie.com\\\/de\\\/\",\"name\":\"DESEO\",\"description\":\"Patisserie &amp; Chocolaterie\",\"potentialAction\":[{\"@type\":\"SearchAction\",\"target\":{\"@type\":\"EntryPoint\",\"urlTemplate\":\"https:\\\/\\\/deseopatisserie.com\\\/de\\\/?s={search_term_string}\"},\"query-input\":{\"@type\":\"PropertyValueSpecification\",\"valueRequired\":true,\"valueName\":\"search_term_string\"}}],\"inLanguage\":\"de\"}]}<\/script>\n<!-- \/ Yoast SEO plugin. -->","yoast_head_json":{"title":"Fu\u00dfball-Pokale - Cukiernia DESEO Warszawa","description":"Bei der Organisation einer Geburtstagsfeier lohnt es sich, auf das richtige Zubeh\u00f6r zu achten. Sie schaffen eine magische Atmosph\u00e4re und machen die Zeremonie einzigartig.","robots":{"index":"index","follow":"follow","max-snippet":"max-snippet:-1","max-image-preview":"max-image-preview:large","max-video-preview":"max-video-preview:-1"},"canonical":"https:\/\/deseopatisserie.com\/de\/produkt\/fussball-pokale\/","og_locale":"de_DE","og_type":"article","og_title":"Fu\u00dfball-Pokale","og_description":"Bei der Organisation einer Geburtstagsfeier lohnt es sich, auf das richtige Zubeh\u00f6r zu achten. Sie schaffen eine magische Atmosph\u00e4re und machen die Zeremonie einzigartig.","og_url":"https:\/\/deseopatisserie.com\/de\/produkt\/fussball-pokale\/","og_site_name":"DESEO","article_modified_time":"2025-04-02T13:47:38+00:00","og_image":[{"url":"https:\/\/deseopatisserie.com\/wp-content\/uploads\/2023\/01\/kubeczki.pilkarz_1.webp","type":"","width":"","height":""}],"twitter_card":"summary_large_image","schema":{"@context":"https:\/\/schema.org","@graph":[{"@type":"WebPage","@id":"https:\/\/deseopatisserie.com\/de\/produkt\/fussball-pokale\/","url":"https:\/\/deseopatisserie.com\/de\/produkt\/fussball-pokale\/","name":"Fu\u00dfball-Pokale - Cukiernia DESEO Warszawa","isPartOf":{"@id":"https:\/\/deseopatisserie.com\/de\/#website"},"primaryImageOfPage":{"@id":"https:\/\/deseopatisserie.com\/de\/produkt\/fussball-pokale\/#primaryimage"},"image":{"@id":"https:\/\/deseopatisserie.com\/de\/produkt\/fussball-pokale\/#primaryimage"},"thumbnailUrl":"https:\/\/deseopatisserie.com\/\/wp-content\/uploads\/2023\/01\/kubeczki.pilkarz_1.webp","datePublished":"2023-01-12T14:54:24+00:00","dateModified":"2025-04-02T13:47:38+00:00","description":"Bei der Organisation einer Geburtstagsfeier lohnt es sich, auf das richtige Zubeh\u00f6r zu achten. Sie schaffen eine magische Atmosph\u00e4re und machen die Zeremonie einzigartig.","breadcrumb":{"@id":"https:\/\/deseopatisserie.com\/de\/produkt\/fussball-pokale\/#breadcrumb"},"inLanguage":"de","potentialAction":[{"@type":"ReadAction","target":["https:\/\/deseopatisserie.com\/de\/produkt\/fussball-pokale\/"]}]},{"@type":"ImageObject","inLanguage":"de","@id":"https:\/\/deseopatisserie.com\/de\/produkt\/fussball-pokale\/#primaryimage","url":"https:\/\/deseopatisserie.com\/\/wp-content\/uploads\/2023\/01\/kubeczki.pilkarz_1.webp","contentUrl":"https:\/\/deseopatisserie.com\/\/wp-content\/uploads\/2023\/01\/kubeczki.pilkarz_1.webp","width":800,"height":600},{"@type":"BreadcrumbList","@id":"https:\/\/deseopatisserie.com\/de\/produkt\/fussball-pokale\/#breadcrumb","itemListElement":[{"@type":"ListItem","position":1,"name":"Strona g\u0142\u00f3wna","item":"https:\/\/deseopatisserie.com\/de\/homepage\/"},{"@type":"ListItem","position":2,"name":"Fu\u00dfball-Pokale"}]},{"@type":"WebSite","@id":"https:\/\/deseopatisserie.com\/de\/#website","url":"https:\/\/deseopatisserie.com\/de\/","name":"DESEO","description":"Patisserie &amp; Chocolaterie","potentialAction":[{"@type":"SearchAction","target":{"@type":"EntryPoint","urlTemplate":"https:\/\/deseopatisserie.com\/de\/?s={search_term_string}"},"query-input":{"@type":"PropertyValueSpecification","valueRequired":true,"valueName":"search_term_string"}}],"inLanguage":"de"}]}},"_links":{"self":[{"href":"https:\/\/deseopatisserie.com\/de\/wp-json\/wp\/v2\/product\/90821","targetHints":{"allow":["GET"]}}],"collection":[{"href":"https:\/\/deseopatisserie.com\/de\/wp-json\/wp\/v2\/product"}],"about":[{"href":"https:\/\/deseopatisserie.com\/de\/wp-json\/wp\/v2\/types\/product"}],"wp:featuredmedia":[{"embeddable":true,"href":"https:\/\/deseopatisserie.com\/de\/wp-json\/wp\/v2\/media\/83931"}],"wp:attachment":[{"href":"https:\/\/deseopatisserie.com\/de\/wp-json\/wp\/v2\/media?parent=90821"}],"wp:term":[{"taxonomy":"product_brand","embeddable":true,"href":"https:\/\/deseopatisserie.com\/de\/wp-json\/wp\/v2\/product_brand?post=90821"},{"taxonomy":"product_cat","embeddable":true,"href":"https:\/\/deseopatisserie.com\/de\/wp-json\/wp\/v2\/product_cat?post=90821"},{"taxonomy":"product_tag","embeddable":true,"href":"https:\/\/deseopatisserie.com\/de\/wp-json\/wp\/v2\/product_tag?post=90821"}],"curies":[{"name":"wp","href":"https:\/\/api.w.org\/{rel}","templated":true}]}}