{"id":90818,"date":"2023-01-12T13:21:31","date_gmt":"2023-01-12T12:21:31","guid":{"rendered":"https:\/\/deseopatisserie.com\/produkt\/lorena-torte-fuer-4-6-personen\/"},"modified":"2025-04-02T15:47:36","modified_gmt":"2025-04-02T13:47:36","slug":"lorena-torte-fuer-4-6-personen","status":"publish","type":"product","link":"https:\/\/deseopatisserie.com\/de\/produkt\/lorena-torte-fuer-4-6-personen\/","title":{"rendered":"Lorena-Torte f\u00fcr 4 &#8211; 6 Personen"},"content":{"rendered":"","protected":false},"excerpt":{"rendered":"<p>Mousse mit Vanille Bourbon aus Madagaskar \/ rotes Fruchtgelee \u2013 Erdbeere, Kirsche, Himbeere \/ Vanille Namelaka Creme \/ Vanille Crisp \/ Vanille Biskuitkuchen<\/p>\n<p>&nbsp;<\/p>\n<p>Die Lorena-Torte ist ein ideales Angebot f\u00fcr Liebhaber delikater Aromen. Wir bereiten aus den hochwertigsten Produkten zu, weshalb fast jede Schicht dieses Kuchens die edelste Vanille enth\u00e4lt \u2013 Bourbon-Vanille aus Madagaskar. Um die samtige Vanillemousse zu brechen, haben wir sie mit rotem Fruchtgelee kombiniert \u2013 Erdbeeren, Kirschen und Himbeeren. Perfekt f\u00fcr Kinder und Erwachsene &#8211; entz\u00fcckend. Die Kuchenvariante f\u00fcr 4-6 Personen eignet sich perfekt f\u00fcr eine Familienfeier.    <\/p>\n","protected":false},"featured_media":83869,"template":"","meta":{"_acf_changed":false},"product_brand":[],"product_cat":[2613,2612,2695,2697],"product_tag":[],"class_list":{"0":"post-90818","1":"product","2":"type-product","3":"status-publish","4":"has-post-thumbnail","6":"product_cat-frauentag","7":"product_cat-kuchen","8":"product_cat-tag-der-grossmutter-und-des-grossvaters","9":"product_cat-valentinstag","11":"first","12":"instock","13":"taxable","14":"shipping-taxable","15":"purchasable","16":"product-type-simple"},"acf":[],"yoast_head":"<!-- This site is optimized with the Yoast SEO plugin v27.4 - https:\/\/yoast.com\/product\/yoast-seo-wordpress\/ -->\n<title>Lorena-Torte f\u00fcr 4 - 6 Personen - Cukiernia DESEO Warszawa<\/title>\n<meta name=\"description\" content=\"Zarter Vanillekuchen f\u00fcr 4-6 Personen. Lorena ist eine samtige Bourbon-Vanillemousse aus Madagaskar, gebrochen mit rotem Fruchtgelee.\" \/>\n<meta name=\"robots\" content=\"index, follow, max-snippet:-1, max-image-preview:large, max-video-preview:-1\" \/>\n<link rel=\"canonical\" href=\"https:\/\/deseopatisserie.com\/de\/produkt\/lorena-torte-fuer-4-6-personen\/\" \/>\n<meta property=\"og:locale\" content=\"de_DE\" \/>\n<meta property=\"og:type\" content=\"article\" \/>\n<meta property=\"og:title\" content=\"Lorena-Torte f\u00fcr 4-6 Personen\" \/>\n<meta property=\"og:description\" content=\"Zarter Vanillekuchen f\u00fcr 4-6 Personen. Lorena ist eine samtige Bourbon-Vanillemousse aus Madagaskar, gebrochen mit rotem Fruchtgelee.\" \/>\n<meta property=\"og:url\" content=\"https:\/\/deseopatisserie.com\/de\/produkt\/lorena-torte-fuer-4-6-personen\/\" \/>\n<meta property=\"og:site_name\" content=\"DESEO\" \/>\n<meta property=\"article:modified_time\" content=\"2025-04-02T13:47:36+00:00\" \/>\n<meta property=\"og:image\" content=\"https:\/\/deseopatisserie.com\/wp-content\/uploads\/2023\/01\/tort-Lorena_mini_2-1024x683.jpg\" \/>\n<meta name=\"twitter:card\" content=\"summary_large_image\" \/>\n<script type=\"application\/ld+json\" class=\"yoast-schema-graph\">{\"@context\":\"https:\\\/\\\/schema.org\",\"@graph\":[{\"@type\":\"WebPage\",\"@id\":\"https:\\\/\\\/deseopatisserie.com\\\/de\\\/produkt\\\/lorena-torte-fuer-4-6-personen\\\/\",\"url\":\"https:\\\/\\\/deseopatisserie.com\\\/de\\\/produkt\\\/lorena-torte-fuer-4-6-personen\\\/\",\"name\":\"Lorena-Torte f\u00fcr 4 - 6 Personen - Cukiernia DESEO Warszawa\",\"isPartOf\":{\"@id\":\"https:\\\/\\\/deseopatisserie.com\\\/de\\\/#website\"},\"primaryImageOfPage\":{\"@id\":\"https:\\\/\\\/deseopatisserie.com\\\/de\\\/produkt\\\/lorena-torte-fuer-4-6-personen\\\/#primaryimage\"},\"image\":{\"@id\":\"https:\\\/\\\/deseopatisserie.com\\\/de\\\/produkt\\\/lorena-torte-fuer-4-6-personen\\\/#primaryimage\"},\"thumbnailUrl\":\"https:\\\/\\\/deseopatisserie.com\\\/\\\/wp-content\\\/uploads\\\/2023\\\/01\\\/tort-Lorena_mini_1.jpg\",\"datePublished\":\"2023-01-12T12:21:31+00:00\",\"dateModified\":\"2025-04-02T13:47:36+00:00\",\"description\":\"Zarter Vanillekuchen f\u00fcr 4-6 Personen. Lorena ist eine samtige Bourbon-Vanillemousse aus Madagaskar, gebrochen mit rotem Fruchtgelee.\",\"breadcrumb\":{\"@id\":\"https:\\\/\\\/deseopatisserie.com\\\/de\\\/produkt\\\/lorena-torte-fuer-4-6-personen\\\/#breadcrumb\"},\"inLanguage\":\"de\",\"potentialAction\":[{\"@type\":\"ReadAction\",\"target\":[\"https:\\\/\\\/deseopatisserie.com\\\/de\\\/produkt\\\/lorena-torte-fuer-4-6-personen\\\/\"]}]},{\"@type\":\"ImageObject\",\"inLanguage\":\"de\",\"@id\":\"https:\\\/\\\/deseopatisserie.com\\\/de\\\/produkt\\\/lorena-torte-fuer-4-6-personen\\\/#primaryimage\",\"url\":\"https:\\\/\\\/deseopatisserie.com\\\/\\\/wp-content\\\/uploads\\\/2023\\\/01\\\/tort-Lorena_mini_1.jpg\",\"contentUrl\":\"https:\\\/\\\/deseopatisserie.com\\\/\\\/wp-content\\\/uploads\\\/2023\\\/01\\\/tort-Lorena_mini_1.jpg\",\"width\":1800,\"height\":1200},{\"@type\":\"BreadcrumbList\",\"@id\":\"https:\\\/\\\/deseopatisserie.com\\\/de\\\/produkt\\\/lorena-torte-fuer-4-6-personen\\\/#breadcrumb\",\"itemListElement\":[{\"@type\":\"ListItem\",\"position\":1,\"name\":\"Strona g\u0142\u00f3wna\",\"item\":\"https:\\\/\\\/deseopatisserie.com\\\/de\\\/homepage\\\/\"},{\"@type\":\"ListItem\",\"position\":2,\"name\":\"Lorena-Torte f\u00fcr 4 &#8211; 6 Personen\"}]},{\"@type\":\"WebSite\",\"@id\":\"https:\\\/\\\/deseopatisserie.com\\\/de\\\/#website\",\"url\":\"https:\\\/\\\/deseopatisserie.com\\\/de\\\/\",\"name\":\"DESEO\",\"description\":\"Patisserie &amp; Chocolaterie\",\"potentialAction\":[{\"@type\":\"SearchAction\",\"target\":{\"@type\":\"EntryPoint\",\"urlTemplate\":\"https:\\\/\\\/deseopatisserie.com\\\/de\\\/?s={search_term_string}\"},\"query-input\":{\"@type\":\"PropertyValueSpecification\",\"valueRequired\":true,\"valueName\":\"search_term_string\"}}],\"inLanguage\":\"de\"}]}<\/script>\n<!-- \/ Yoast SEO plugin. -->","yoast_head_json":{"title":"Lorena-Torte f\u00fcr 4 - 6 Personen - Cukiernia DESEO Warszawa","description":"Zarter Vanillekuchen f\u00fcr 4-6 Personen. Lorena ist eine samtige Bourbon-Vanillemousse aus Madagaskar, gebrochen mit rotem Fruchtgelee.","robots":{"index":"index","follow":"follow","max-snippet":"max-snippet:-1","max-image-preview":"max-image-preview:large","max-video-preview":"max-video-preview:-1"},"canonical":"https:\/\/deseopatisserie.com\/de\/produkt\/lorena-torte-fuer-4-6-personen\/","og_locale":"de_DE","og_type":"article","og_title":"Lorena-Torte f\u00fcr 4-6 Personen","og_description":"Zarter Vanillekuchen f\u00fcr 4-6 Personen. Lorena ist eine samtige Bourbon-Vanillemousse aus Madagaskar, gebrochen mit rotem Fruchtgelee.","og_url":"https:\/\/deseopatisserie.com\/de\/produkt\/lorena-torte-fuer-4-6-personen\/","og_site_name":"DESEO","article_modified_time":"2025-04-02T13:47:36+00:00","og_image":[{"url":"https:\/\/deseopatisserie.com\/wp-content\/uploads\/2023\/01\/tort-Lorena_mini_2-1024x683.jpg","type":"","width":"","height":""}],"twitter_card":"summary_large_image","schema":{"@context":"https:\/\/schema.org","@graph":[{"@type":"WebPage","@id":"https:\/\/deseopatisserie.com\/de\/produkt\/lorena-torte-fuer-4-6-personen\/","url":"https:\/\/deseopatisserie.com\/de\/produkt\/lorena-torte-fuer-4-6-personen\/","name":"Lorena-Torte f\u00fcr 4 - 6 Personen - Cukiernia DESEO Warszawa","isPartOf":{"@id":"https:\/\/deseopatisserie.com\/de\/#website"},"primaryImageOfPage":{"@id":"https:\/\/deseopatisserie.com\/de\/produkt\/lorena-torte-fuer-4-6-personen\/#primaryimage"},"image":{"@id":"https:\/\/deseopatisserie.com\/de\/produkt\/lorena-torte-fuer-4-6-personen\/#primaryimage"},"thumbnailUrl":"https:\/\/deseopatisserie.com\/\/wp-content\/uploads\/2023\/01\/tort-Lorena_mini_1.jpg","datePublished":"2023-01-12T12:21:31+00:00","dateModified":"2025-04-02T13:47:36+00:00","description":"Zarter Vanillekuchen f\u00fcr 4-6 Personen. Lorena ist eine samtige Bourbon-Vanillemousse aus Madagaskar, gebrochen mit rotem Fruchtgelee.","breadcrumb":{"@id":"https:\/\/deseopatisserie.com\/de\/produkt\/lorena-torte-fuer-4-6-personen\/#breadcrumb"},"inLanguage":"de","potentialAction":[{"@type":"ReadAction","target":["https:\/\/deseopatisserie.com\/de\/produkt\/lorena-torte-fuer-4-6-personen\/"]}]},{"@type":"ImageObject","inLanguage":"de","@id":"https:\/\/deseopatisserie.com\/de\/produkt\/lorena-torte-fuer-4-6-personen\/#primaryimage","url":"https:\/\/deseopatisserie.com\/\/wp-content\/uploads\/2023\/01\/tort-Lorena_mini_1.jpg","contentUrl":"https:\/\/deseopatisserie.com\/\/wp-content\/uploads\/2023\/01\/tort-Lorena_mini_1.jpg","width":1800,"height":1200},{"@type":"BreadcrumbList","@id":"https:\/\/deseopatisserie.com\/de\/produkt\/lorena-torte-fuer-4-6-personen\/#breadcrumb","itemListElement":[{"@type":"ListItem","position":1,"name":"Strona g\u0142\u00f3wna","item":"https:\/\/deseopatisserie.com\/de\/homepage\/"},{"@type":"ListItem","position":2,"name":"Lorena-Torte f\u00fcr 4 &#8211; 6 Personen"}]},{"@type":"WebSite","@id":"https:\/\/deseopatisserie.com\/de\/#website","url":"https:\/\/deseopatisserie.com\/de\/","name":"DESEO","description":"Patisserie &amp; Chocolaterie","potentialAction":[{"@type":"SearchAction","target":{"@type":"EntryPoint","urlTemplate":"https:\/\/deseopatisserie.com\/de\/?s={search_term_string}"},"query-input":{"@type":"PropertyValueSpecification","valueRequired":true,"valueName":"search_term_string"}}],"inLanguage":"de"}]}},"_links":{"self":[{"href":"https:\/\/deseopatisserie.com\/de\/wp-json\/wp\/v2\/product\/90818","targetHints":{"allow":["GET"]}}],"collection":[{"href":"https:\/\/deseopatisserie.com\/de\/wp-json\/wp\/v2\/product"}],"about":[{"href":"https:\/\/deseopatisserie.com\/de\/wp-json\/wp\/v2\/types\/product"}],"wp:featuredmedia":[{"embeddable":true,"href":"https:\/\/deseopatisserie.com\/de\/wp-json\/wp\/v2\/media\/83869"}],"wp:attachment":[{"href":"https:\/\/deseopatisserie.com\/de\/wp-json\/wp\/v2\/media?parent=90818"}],"wp:term":[{"taxonomy":"product_brand","embeddable":true,"href":"https:\/\/deseopatisserie.com\/de\/wp-json\/wp\/v2\/product_brand?post=90818"},{"taxonomy":"product_cat","embeddable":true,"href":"https:\/\/deseopatisserie.com\/de\/wp-json\/wp\/v2\/product_cat?post=90818"},{"taxonomy":"product_tag","embeddable":true,"href":"https:\/\/deseopatisserie.com\/de\/wp-json\/wp\/v2\/product_tag?post=90818"}],"curies":[{"name":"wp","href":"https:\/\/api.w.org\/{rel}","templated":true}]}}