{"id":90814,"date":"2022-09-16T12:23:49","date_gmt":"2022-09-16T10:23:49","guid":{"rendered":"https:\/\/deseopatisserie.com\/produkt\/geroestete-haselnuesse-250g\/"},"modified":"2025-04-02T15:47:05","modified_gmt":"2025-04-02T13:47:05","slug":"geroestete-haselnuesse-250g","status":"publish","type":"product","link":"https:\/\/deseopatisserie.com\/de\/produkt\/geroestete-haselnuesse-250g\/","title":{"rendered":"Ger\u00f6stete Haseln\u00fcsse 250g"},"content":{"rendered":"<p data-start=\"63\" data-end=\"297\">Ger\u00f6stete Haseln\u00fcsse 250 g sind eine ideale Option f\u00fcr alle, die einen gesunden, schmackhaften Snack suchen. Durch das R\u00f6sten erhalten die N\u00fcsse einen intensiven Geschmack und eine Knusprigkeit, w\u00e4hrend sie ihre wertvollen ern\u00e4hrungsphysiologischen Eigenschaften behalten. Sie sind reich an gesunden Fetten, Ballaststoffen sowie Vitaminen und Mineralstoffen. Sie enthalten Vitamin E, das die Gesundheit der Haut unterst\u00fctzt und antioxidativ wirkt. Dar\u00fcber hinaus sind sie eine Quelle f\u00fcr Magnesium, Kalium und B-Vitamine, die sich positiv auf das Nervensystem auswirken.    <\/p>\n<p data-start=\"63\" data-end=\"297\">Die 250g-Packung ist perfekt f\u00fcr den Alltag \u2013 perfekt als Snack bei der Arbeit, in der Schule oder auf Reisen. Sie k\u00f6nnen sie pur essen oder zu Joghurt, Haferflocken, Salaten, Desserts und Kuchen hinzuf\u00fcgen. Durch ihre knusprige Textur sind sie auch eine tolle Erg\u00e4nzung zu vielen Gerichten.  <\/p>\n<p data-start=\"1298\" data-end=\"1451\" data-is-last-node=\"\" data-is-only-node=\"\">Ger\u00f6stete Haseln\u00fcsse 250g sind ein gesunder, leckerer und energiegeladener Snack, der Ihre Ern\u00e4hrung mit wertvollen N\u00e4hrstoffen bereichert. Perfekt f\u00fcr jeden Anlass! <\/p>\n<p data-start=\"1298\" data-end=\"1451\" data-is-last-node=\"\" data-is-only-node=\"\">Entdecken Sie das gesamte Sortiment <a href=\"https:\/\/deseopatisserie.com\/orzechy-prazone\/\"><span style=\"color: #bf883b;\">an N\u00fcssen<\/span><\/a> in unserem Shop.<\/p>\n","protected":false},"excerpt":{"rendered":"<p>Ger\u00f6stete Haseln\u00fcsse begleiten uns bei DESEO st\u00e4ndig bei der Zubereitung von S\u00fc\u00dfigkeiten. Auf ihrer Basis bereiten wir unser meistverkauftes Haselnusseis, Nocciola-Kuchen oder Tesoro-Kuchen zu, der von unseren G\u00e4sten geliebt wird. <\/p>\n<p>Jetzt haben wir uns entschlossen, unsere ger\u00f6steten Haseln\u00fcsse auch mit Ihnen zu teilen. Die Verwendung des richtigen Ofens (Br\u00e4ters), die R\u00f6stzeit und die Temperatur machen unsere N\u00fcsse perfekt! Sie k\u00f6nnen sie direkt aus der Packung knuspern, zu Backwaren, Salaten oder zum t\u00e4glichen Fr\u00fchst\u00fcck hinzuf\u00fcgen. Sie eignen sich perfekt f\u00fcr Kuchen und Desserts.   <\/p>\n<p><strong>Siehe auch:<\/strong><br \/>\n<span style=\"color: #bf883b;\"><a style=\"color: #bf883b;\" href=\"https:\/\/deseopatisserie.com\/de\/produkt\/haselnusspaste-100-200g\/\">Haselnusspaste 200g<\/a> | <a style=\"color: #bf883b;\" href=\"https:\/\/deseopatisserie.com\/de\/produkt\/haselnusspaste-100-1kg\/\">Haselnusspaste 1kg<\/a> | <a style=\"color: #bf883b;\" href=\"https:\/\/deseopatisserie.com\/de\/produkt\/haselnusspaste-100-3kg\/\">Haselnusspaste 3kg<\/a> | <a style=\"color: #bf883b;\" href=\"https:\/\/deseopatisserie.com\/de\/produkt\/haselnusspaste-100-5kg\/\">Haselnusspaste 5kg<\/a> | <a style=\"color: #bf883b;\" href=\"https:\/\/deseopatisserie.com\/de\/produkt\/schokolade-haselnuss-creme-200g\/\">Schokolade &amp; Haselnuss Creme 200g<\/a> | <a href=\"https:\/\/deseopatisserie.com\/de\/produkt\/schokolade-haselnusscreme-500g\/\">Schokolade &amp; Haselnuss Creme 500g<\/a> | <a href=\"https:\/\/deseopatisserie.com\/de\/produkt\/schokolade-haselnusscreme-1kg\/\">Schokolade &amp; Haselnuss Creme 1kg<\/a> | <a style=\"color: #bf883b;\" href=\"https:\/\/deseopatisserie.com\/de\/produkt\/haselnuss-praline\/\">Haselnuss-Praline 200g<\/a> <\/span>und <span style=\"color: #bf883b;\"><a style=\"color: #bf883b;\" href=\"https:\/\/deseopatisserie.com\/de\/produkt\/geroestete-haselnuesse-500g\/\">ger\u00f6stete Haseln\u00fcsse 500g<\/a> | <a style=\"color: #bf883b;\" href=\"https:\/\/deseopatisserie.com\/de\/produkt\/geroestete-haselnuesse-1kg\/\">Ger\u00f6stete Haseln\u00fcsse 1kg<\/a><\/span><\/p>\n<p>\ud83d\udc49 Laden Sie das kostenlose <span style=\"color: #bf883b;\"><a style=\"color: #bf883b;\" href=\"https:\/\/deseopatisserie.com\/de\/produkt\/haselnuss-e-book-deseo\/\"><span style=\"font-size: 12pt;\">EZELNUT E-Book DESEO herunter und<\/span><\/a><\/span> bereiten Sie k\u00f6stliche Desserts auf Haselnussbasis zu!<\/p>\n<p>Warum lohnt es sich, Haseln\u00fcsse zu essen? <a href=\"https:\/\/deseopatisserie.com\/dlaczego-warto-jesc-orzechy-laskowe\/\">Schauen Sie es sich hier an<\/a>. <\/p>\n","protected":false},"featured_media":120191,"template":"","meta":{"_acf_changed":false},"product_brand":[],"product_cat":[2646],"product_tag":[],"class_list":{"0":"post-90814","1":"product","2":"type-product","3":"status-publish","4":"has-post-thumbnail","6":"product_cat-produkte-fur-cafes-und-konditoreien","8":"first","9":"instock","10":"taxable","11":"shipping-taxable","12":"purchasable","13":"product-type-simple"},"acf":[],"yoast_head":"<!-- This site is optimized with the Yoast SEO plugin v27.4 - https:\/\/yoast.com\/product\/yoast-seo-wordpress\/ -->\n<title>Ger\u00f6stete Haseln\u00fcsse 250g - Cukiernia DESEO Warszawa<\/title>\n<meta name=\"description\" content=\"Ger\u00f6stete Haseln\u00fcsse 250g - Probieren Sie es aus und entdecken Sie, wie sie Ihre t\u00e4glichen Mahlzeiten bereichern k\u00f6nnen! Perfekt zum Knuspern und zum Zubereiten von Desserts und Snacks!\" \/>\n<meta name=\"robots\" content=\"index, follow, max-snippet:-1, max-image-preview:large, max-video-preview:-1\" \/>\n<link rel=\"canonical\" href=\"https:\/\/deseopatisserie.com\/de\/produkt\/geroestete-haselnuesse-250g\/\" \/>\n<meta property=\"og:locale\" content=\"de_DE\" \/>\n<meta property=\"og:type\" content=\"article\" \/>\n<meta property=\"og:title\" content=\"Ger\u00f6stete Haseln\u00fcsse 250g\" \/>\n<meta property=\"og:description\" content=\"Probieren Sie unsere ger\u00f6steten Haseln\u00fcsse und entdecken Sie, wie sie Ihre t\u00e4glichen Mahlzeiten bereichern k\u00f6nnen! Perfekt zum Knuspern und zum Zubereiten von Desserts und Snacks!\" \/>\n<meta property=\"og:url\" content=\"https:\/\/deseopatisserie.com\/de\/produkt\/geroestete-haselnuesse-250g\/\" \/>\n<meta property=\"og:site_name\" content=\"DESEO\" \/>\n<meta property=\"article:modified_time\" content=\"2025-04-02T13:47:05+00:00\" \/>\n<meta property=\"og:image\" content=\"https:\/\/deseopatisserie.com\/wp-content\/uploads\/2022\/09\/DESEO_prazone-orzechy-laskowe_5-1024x683.jpg\" \/>\n<meta name=\"twitter:card\" content=\"summary_large_image\" \/>\n<meta name=\"twitter:label1\" content=\"Gesch\u00e4tzte Lesezeit\" \/>\n\t<meta name=\"twitter:data1\" content=\"1\u00a0Minute\" \/>\n<script type=\"application\/ld+json\" class=\"yoast-schema-graph\">{\"@context\":\"https:\\\/\\\/schema.org\",\"@graph\":[{\"@type\":\"WebPage\",\"@id\":\"https:\\\/\\\/deseopatisserie.com\\\/de\\\/produkt\\\/geroestete-haselnuesse-250g\\\/\",\"url\":\"https:\\\/\\\/deseopatisserie.com\\\/de\\\/produkt\\\/geroestete-haselnuesse-250g\\\/\",\"name\":\"Ger\u00f6stete Haseln\u00fcsse 250g - Cukiernia DESEO Warszawa\",\"isPartOf\":{\"@id\":\"https:\\\/\\\/deseopatisserie.com\\\/de\\\/#website\"},\"primaryImageOfPage\":{\"@id\":\"https:\\\/\\\/deseopatisserie.com\\\/de\\\/produkt\\\/geroestete-haselnuesse-250g\\\/#primaryimage\"},\"image\":{\"@id\":\"https:\\\/\\\/deseopatisserie.com\\\/de\\\/produkt\\\/geroestete-haselnuesse-250g\\\/#primaryimage\"},\"thumbnailUrl\":\"https:\\\/\\\/deseopatisserie.com\\\/\\\/wp-content\\\/uploads\\\/2022\\\/09\\\/orzechy-laskowe-250g.png\",\"datePublished\":\"2022-09-16T10:23:49+00:00\",\"dateModified\":\"2025-04-02T13:47:05+00:00\",\"description\":\"Ger\u00f6stete Haseln\u00fcsse 250g - Probieren Sie es aus und entdecken Sie, wie sie Ihre t\u00e4glichen Mahlzeiten bereichern k\u00f6nnen! Perfekt zum Knuspern und zum Zubereiten von Desserts und Snacks!\",\"breadcrumb\":{\"@id\":\"https:\\\/\\\/deseopatisserie.com\\\/de\\\/produkt\\\/geroestete-haselnuesse-250g\\\/#breadcrumb\"},\"inLanguage\":\"de\",\"potentialAction\":[{\"@type\":\"ReadAction\",\"target\":[\"https:\\\/\\\/deseopatisserie.com\\\/de\\\/produkt\\\/geroestete-haselnuesse-250g\\\/\"]}]},{\"@type\":\"ImageObject\",\"inLanguage\":\"de\",\"@id\":\"https:\\\/\\\/deseopatisserie.com\\\/de\\\/produkt\\\/geroestete-haselnuesse-250g\\\/#primaryimage\",\"url\":\"https:\\\/\\\/deseopatisserie.com\\\/\\\/wp-content\\\/uploads\\\/2022\\\/09\\\/orzechy-laskowe-250g.png\",\"contentUrl\":\"https:\\\/\\\/deseopatisserie.com\\\/\\\/wp-content\\\/uploads\\\/2022\\\/09\\\/orzechy-laskowe-250g.png\",\"width\":2048,\"height\":1365,\"caption\":\"orzechy laskowe 250g\"},{\"@type\":\"BreadcrumbList\",\"@id\":\"https:\\\/\\\/deseopatisserie.com\\\/de\\\/produkt\\\/geroestete-haselnuesse-250g\\\/#breadcrumb\",\"itemListElement\":[{\"@type\":\"ListItem\",\"position\":1,\"name\":\"Strona g\u0142\u00f3wna\",\"item\":\"https:\\\/\\\/deseopatisserie.com\\\/de\\\/homepage\\\/\"},{\"@type\":\"ListItem\",\"position\":2,\"name\":\"Ger\u00f6stete Haseln\u00fcsse 250g\"}]},{\"@type\":\"WebSite\",\"@id\":\"https:\\\/\\\/deseopatisserie.com\\\/de\\\/#website\",\"url\":\"https:\\\/\\\/deseopatisserie.com\\\/de\\\/\",\"name\":\"DESEO\",\"description\":\"Patisserie &amp; Chocolaterie\",\"potentialAction\":[{\"@type\":\"SearchAction\",\"target\":{\"@type\":\"EntryPoint\",\"urlTemplate\":\"https:\\\/\\\/deseopatisserie.com\\\/de\\\/?s={search_term_string}\"},\"query-input\":{\"@type\":\"PropertyValueSpecification\",\"valueRequired\":true,\"valueName\":\"search_term_string\"}}],\"inLanguage\":\"de\"}]}<\/script>\n<!-- \/ Yoast SEO plugin. -->","yoast_head_json":{"title":"Ger\u00f6stete Haseln\u00fcsse 250g - Cukiernia DESEO Warszawa","description":"Ger\u00f6stete Haseln\u00fcsse 250g - Probieren Sie es aus und entdecken Sie, wie sie Ihre t\u00e4glichen Mahlzeiten bereichern k\u00f6nnen! Perfekt zum Knuspern und zum Zubereiten von Desserts und Snacks!","robots":{"index":"index","follow":"follow","max-snippet":"max-snippet:-1","max-image-preview":"max-image-preview:large","max-video-preview":"max-video-preview:-1"},"canonical":"https:\/\/deseopatisserie.com\/de\/produkt\/geroestete-haselnuesse-250g\/","og_locale":"de_DE","og_type":"article","og_title":"Ger\u00f6stete Haseln\u00fcsse 250g","og_description":"Probieren Sie unsere ger\u00f6steten Haseln\u00fcsse und entdecken Sie, wie sie Ihre t\u00e4glichen Mahlzeiten bereichern k\u00f6nnen! Perfekt zum Knuspern und zum Zubereiten von Desserts und Snacks!","og_url":"https:\/\/deseopatisserie.com\/de\/produkt\/geroestete-haselnuesse-250g\/","og_site_name":"DESEO","article_modified_time":"2025-04-02T13:47:05+00:00","og_image":[{"url":"https:\/\/deseopatisserie.com\/wp-content\/uploads\/2022\/09\/DESEO_prazone-orzechy-laskowe_5-1024x683.jpg","type":"","width":"","height":""}],"twitter_card":"summary_large_image","twitter_misc":{"Gesch\u00e4tzte Lesezeit":"1\u00a0Minute"},"schema":{"@context":"https:\/\/schema.org","@graph":[{"@type":"WebPage","@id":"https:\/\/deseopatisserie.com\/de\/produkt\/geroestete-haselnuesse-250g\/","url":"https:\/\/deseopatisserie.com\/de\/produkt\/geroestete-haselnuesse-250g\/","name":"Ger\u00f6stete Haseln\u00fcsse 250g - Cukiernia DESEO Warszawa","isPartOf":{"@id":"https:\/\/deseopatisserie.com\/de\/#website"},"primaryImageOfPage":{"@id":"https:\/\/deseopatisserie.com\/de\/produkt\/geroestete-haselnuesse-250g\/#primaryimage"},"image":{"@id":"https:\/\/deseopatisserie.com\/de\/produkt\/geroestete-haselnuesse-250g\/#primaryimage"},"thumbnailUrl":"https:\/\/deseopatisserie.com\/\/wp-content\/uploads\/2022\/09\/orzechy-laskowe-250g.png","datePublished":"2022-09-16T10:23:49+00:00","dateModified":"2025-04-02T13:47:05+00:00","description":"Ger\u00f6stete Haseln\u00fcsse 250g - Probieren Sie es aus und entdecken Sie, wie sie Ihre t\u00e4glichen Mahlzeiten bereichern k\u00f6nnen! Perfekt zum Knuspern und zum Zubereiten von Desserts und Snacks!","breadcrumb":{"@id":"https:\/\/deseopatisserie.com\/de\/produkt\/geroestete-haselnuesse-250g\/#breadcrumb"},"inLanguage":"de","potentialAction":[{"@type":"ReadAction","target":["https:\/\/deseopatisserie.com\/de\/produkt\/geroestete-haselnuesse-250g\/"]}]},{"@type":"ImageObject","inLanguage":"de","@id":"https:\/\/deseopatisserie.com\/de\/produkt\/geroestete-haselnuesse-250g\/#primaryimage","url":"https:\/\/deseopatisserie.com\/\/wp-content\/uploads\/2022\/09\/orzechy-laskowe-250g.png","contentUrl":"https:\/\/deseopatisserie.com\/\/wp-content\/uploads\/2022\/09\/orzechy-laskowe-250g.png","width":2048,"height":1365,"caption":"orzechy laskowe 250g"},{"@type":"BreadcrumbList","@id":"https:\/\/deseopatisserie.com\/de\/produkt\/geroestete-haselnuesse-250g\/#breadcrumb","itemListElement":[{"@type":"ListItem","position":1,"name":"Strona g\u0142\u00f3wna","item":"https:\/\/deseopatisserie.com\/de\/homepage\/"},{"@type":"ListItem","position":2,"name":"Ger\u00f6stete Haseln\u00fcsse 250g"}]},{"@type":"WebSite","@id":"https:\/\/deseopatisserie.com\/de\/#website","url":"https:\/\/deseopatisserie.com\/de\/","name":"DESEO","description":"Patisserie &amp; Chocolaterie","potentialAction":[{"@type":"SearchAction","target":{"@type":"EntryPoint","urlTemplate":"https:\/\/deseopatisserie.com\/de\/?s={search_term_string}"},"query-input":{"@type":"PropertyValueSpecification","valueRequired":true,"valueName":"search_term_string"}}],"inLanguage":"de"}]}},"_links":{"self":[{"href":"https:\/\/deseopatisserie.com\/de\/wp-json\/wp\/v2\/product\/90814","targetHints":{"allow":["GET"]}}],"collection":[{"href":"https:\/\/deseopatisserie.com\/de\/wp-json\/wp\/v2\/product"}],"about":[{"href":"https:\/\/deseopatisserie.com\/de\/wp-json\/wp\/v2\/types\/product"}],"wp:featuredmedia":[{"embeddable":true,"href":"https:\/\/deseopatisserie.com\/de\/wp-json\/wp\/v2\/media\/120191"}],"wp:attachment":[{"href":"https:\/\/deseopatisserie.com\/de\/wp-json\/wp\/v2\/media?parent=90814"}],"wp:term":[{"taxonomy":"product_brand","embeddable":true,"href":"https:\/\/deseopatisserie.com\/de\/wp-json\/wp\/v2\/product_brand?post=90814"},{"taxonomy":"product_cat","embeddable":true,"href":"https:\/\/deseopatisserie.com\/de\/wp-json\/wp\/v2\/product_cat?post=90814"},{"taxonomy":"product_tag","embeddable":true,"href":"https:\/\/deseopatisserie.com\/de\/wp-json\/wp\/v2\/product_tag?post=90814"}],"curies":[{"name":"wp","href":"https:\/\/api.w.org\/{rel}","templated":true}]}}