{"id":90813,"date":"2022-09-13T23:08:01","date_gmt":"2022-09-13T21:08:01","guid":{"rendered":"https:\/\/deseopatisserie.com\/produkt\/pistazie-ebook-deseo\/"},"modified":"2025-04-02T15:47:00","modified_gmt":"2025-04-02T13:47:00","slug":"pistazie-ebook-deseo","status":"publish","type":"product","link":"https:\/\/deseopatisserie.com\/de\/produkt\/pistazie-ebook-deseo\/","title":{"rendered":"Pistazie ebook DESEO"},"content":{"rendered":"<div style=\"font-family: Montserrat,sans-serif; font-weight: 400; line-height: 1.5rem; font-size: 14px; color: #000;\">\n<p><span style=\"font-size: 12pt; font-family: Montserrat,sans-serif;\">Pistazien. Oh, wie viele Emotionen sie hervorrufen! <\/span><\/p>\n<p><span style=\"font-size: 12pt; font-family: Montserrat,sans-serif;\">Pistazienfans suchen sie \u00fcberall und entscheiden sich eifrig f\u00fcr alles, was mit Pistazien zu tun hat.<\/span><\/p>\n<p><span style=\"font-size: 12pt; font-family: Montserrat,sans-serif;\">Pistaziencreme klingt immer herrlich ausschweifend und Pistazienkuchen schmecken wie im M\u00e4rchen! Aber das ist noch nicht alles! Pistazien sind auch einfach gesund! Sie enthalten viel Kalium, das sich positiv auf die Senkung des Blutdrucks auswirkt, Ballaststoffe, Vitamine B und E sowie Antioxidantien.     <\/span><\/p>\n<p><span style=\"font-size: 12pt; font-family: Montserrat,sans-serif;\">Pistazienpaste 100% kann daher ohne Vorw\u00fcrfe mit L\u00f6ffeln gegessen werden! Um die perfekte Pistazienpaste herzustellen, ist es sehr wichtig, die richtigen hochwertigen Pistazien<br \/>\n auszuw\u00e4hlen. Diejenigen, mit denen wir zusammenarbeiten, kommen aus der T\u00fcrkei oder dem Iran und gelten als die besten Pistazien der Welt. In Gaziantep, der Pistazienhauptstadt der T\u00fcrkei, sind Pistazien allgegenw\u00e4rtig, und die Pistaziendesserts sind un\u00fcbertroffen. Wenn Sie jemals dort ankommen, greifen Sie unbedingt zu einem Katmer! M\u00e4rchen! Das lokale Klima verleiht t\u00fcrkischen und iranischen Pistazien einen intensiven und tiefen Geschmack.        <\/span><\/p>\n<p><span style=\"font-size: 12pt; font-family: Montserrat,sans-serif;\">Die Herkunft der Pistazien reicht jedoch nicht aus, um die perfekte Pistazienpaste herzustellen. Ein geeigneter Ofen (R\u00f6ster genannt), R\u00f6stzeit und -temperatur und das anschlie\u00dfende Mahlen der ger\u00f6steten Pistazien in einer Kugelm\u00fchle verleihen der 100 % DESEO Pistazienpaste eine hervorragende, seidige Konsistenz. Perfekt f\u00fcr die Zubereitung von Desserts.  <\/span><\/p>\n<\/div>\n","protected":false},"excerpt":{"rendered":"<p><span style=\"font-family: georgia, palatino, serif; font-size: 12pt;\">7 Ideen f\u00fcr Desserts mit Pistazienpaste!<\/span><\/p>\n<p><span style=\"font-family: georgia, palatino, serif; font-size: 12pt;\">Pistazienpaste 100% ist einer unserer absoluten Hits! Darauf kreieren wir unsere Pistazien-Bestseller \u2013 Eiscreme, K\u00e4sekuchen, Cluster, Schokolade, Pistazienkeks oder Pistazie Paris Brest. <\/span><\/p>\n<p><span style=\"font-family: georgia, palatino, serif; font-size: 12pt;\">Es ist auch ideal f\u00fcr die Zubereitung von Desserts zu Hause. Deshalb haben wir f\u00fcr Sie ein Pistazien-E-Book mit 7 tollen Dessertideen mit 100% Pistazienpaste vorbereitet! <\/span><br \/>\n<span style=\"font-family: georgia, palatino, serif; font-size: 12pt;\">Laden Sie unser kostenloses E-Book mit Rezepten mit Pistazienpaste herunter.<\/span><\/p>\n<p><span style=\"font-family: georgia, palatino, serif; font-size: 12pt;\"><strong>INHALTSVERZEICHNIS:<\/strong><\/span><br \/>\n<span style=\"font-family: georgia, palatino, serif; font-size: 12pt;\">1. Pistazien-Pannacotta mit Erdbeeren<\/span><br \/>\n<span style=\"font-family: georgia, palatino, serif; font-size: 12pt;\">2. Pistazie-Tiramisu<\/span><br \/>\n<span style=\"font-family: georgia, palatino, serif; font-size: 12pt;\">3. Pistazien-Tarte mit wei\u00dfer Schokolade<\/span><br \/>\n<span style=\"font-family: georgia, palatino, serif; font-size: 12pt;\">4. Pistazien-Tarte-Fudge<\/span><br \/>\n<span style=\"font-family: georgia, palatino, serif; font-size: 12pt;\">5. Pistazien-Muffins<\/span><br \/>\n<span style=\"font-family: georgia, palatino, serif; font-size: 12pt;\">6. Baiser mit Pistaziencreme und Himbeeren<\/span><br \/>\n<span style=\"font-family: georgia, palatino, serif; font-size: 12pt;\">7. Pistazien-K\u00e4sekuchen<\/span><\/p>\n<p><span style=\"font-family: georgia, palatino, serif; font-size: 12pt;\">GUTEN APPETIT! \ud83d\ude42<\/span><\/p>\n<p style=\"text-align: center;\">[fluentform id=\"4\"]<\/p>\n<p><span style=\"font-family: georgia, palatino, serif; font-size: 12pt;\"><strong>Siehe auch:<br \/>\n<\/strong><\/span><span style=\"color: #bf883b; font-family: georgia, palatino, serif; font-size: 12pt;\"><a style=\"color: #bf883b;\" href=\"https:\/\/deseopatisserie.com\/de\/produkt\/pistazienpaste-100-200g\/\">Pistazienpaste 200g<\/a> | <a style=\"color: #bf883b;\" href=\"https:\/\/deseopatisserie.com\/de\/produkt\/pistazienpaste-100-1kg\/\">Pistazienpaste 1 kg<\/a> | <a style=\"color: #bf883b;\" href=\"https:\/\/deseopatisserie.com\/de\/produkt\/pistazienpaste-100-3kg\/\">Pistazienpaste 3 kg<\/a> | <a style=\"color: #bf883b;\" href=\"https:\/\/deseopatisserie.com\/de\/produkt\/pistazienpaste-100-5kg\/\">Pistazienpaste 5 kg<\/a> <span style=\"color: #bf883b;\"><span style=\"color: #000000;\">| <\/span><\/span><a style=\"color: #bf883b;\" href=\"https:\/\/deseopatisserie.com\/de\/produkt\/pistaziencreme-glatt-200g\/\">Pistaziencreme 200g<\/a> | <a href=\"https:\/\/deseopatisserie.com\/de\/produkt\/pistaziencreme-glatt-500g\/\">Pistaziencreme 500g<\/a> | <a href=\"https:\/\/deseopatisserie.com\/de\/produkt\/pistaziencreme-glatt-1kg\/\">Pistaziencreme 1kg<\/a> <span style=\"color: #bf883b;\"><span style=\"color: #000000;\">| <\/span><\/span><a href=\"https:\/\/deseopatisserie.com\/de\/produkt\/pistaziencreme-glatt-ohne-zucker-200g\/\">Pistaziencreme OHNE ZUCKER 200g<\/a> | <a href=\"https:\/\/deseopatisserie.com\/de\/produkt\/pistaziencreme-glatt-ohne-zucker-500g\/\">Pistaziencreme OHNE ZUCKER 500g<\/a> | <a href=\"https:\/\/deseopatisserie.com\/de\/produkt\/pistaziencreme-glatt-ohne-zucker-1kg\/\">Pistaziencreme OHNE ZUCKER 1kg<\/a> <\/span><span style=\"font-family: georgia, palatino, serif; font-size: 12pt;\">und <span style=\"color: #bf883b;\"><a style=\"color: #bf883b;\" href=\"https:\/\/deseopatisserie.com\/de\/produkt\/geroestete-pistazien-250g\/\">ger\u00f6stete Pistazien 250 g<\/a> | <a style=\"color: #bf883b;\" href=\"https:\/\/deseopatisserie.com\/de\/produkt\/geroestete-pistazien-500g\/\">Ger\u00f6stete Pistazien 500 g<\/a> | <a style=\"color: #bf883b;\" href=\"https:\/\/deseopatisserie.com\/de\/produkt\/geroestete-pistazien-1kg\/\">Ger\u00f6stete Pistazien 1 kg<\/a><\/span><\/span><\/p>\n<p><span style=\"font-family: georgia, palatino, serif; font-size: 12pt;\">\ud83d\udc49 Laden Sie das kostenlose <span style=\"color: #bf883b;\"><a style=\"color: #bf883b;\" href=\"https:\/\/deseopatisserie.com\/de\/produkt\/haselnuss-e-book-deseo\/\">EZELNUT E-Book DESEO herunter und<\/a><\/span> bereiten Sie k\u00f6stliche Desserts auf Haselnussbasis zu!<\/span><\/p>\n<style>\n.single-product div.product .summary form.cart { display: none!important; }<br \/>.somdn-download-wrap form {display: none !important;}<br \/>div.quantity.buttons_added { visibility: hidden; }<br \/>  <\/style>\n","protected":false},"featured_media":83611,"template":"","meta":{"_acf_changed":false},"product_brand":[],"product_cat":[1643,2650,1645],"product_tag":[],"class_list":{"0":"post-90813","1":"product","2":"type-product","3":"status-publish","4":"has-post-thumbnail","6":"product_cat-100-nusspasten","7":"product_cat-e-buch","8":"product_cat-pasten-cremes","10":"first","11":"instock","12":"downloadable","13":"virtual","14":"sold-individually","15":"taxable","16":"purchasable","17":"product-type-simple"},"acf":[],"yoast_head":"<!-- This site is optimized with the Yoast SEO plugin v27.3 - https:\/\/yoast.com\/product\/yoast-seo-wordpress\/ -->\n<title>Pistazie ebook DESEO - Cukiernia DESEO Warszawa<\/title>\n<meta name=\"description\" content=\"7 Ideen f\u00fcr Desserts mit Pistazienpaste! Pistazienpaste 100% ist einer unserer absoluten Hits! Hier kreieren wir unsere Pistazien-Bestseller.\" \/>\n<meta name=\"robots\" content=\"index, follow, max-snippet:-1, max-image-preview:large, max-video-preview:-1\" \/>\n<link rel=\"canonical\" href=\"https:\/\/deseopatisserie.com\/de\/produkt\/pistazie-ebook-deseo\/\" \/>\n<meta property=\"og:locale\" content=\"de_DE\" \/>\n<meta property=\"og:type\" content=\"article\" \/>\n<meta property=\"og:title\" content=\"Pistazie ebook DESEO\" \/>\n<meta property=\"og:description\" content=\"7 Ideen f\u00fcr Desserts mit Pistazienpaste! Pistazienpaste 100% ist einer unserer absoluten Hits! Hier kreieren wir unsere Pistazien-Bestseller.\" \/>\n<meta property=\"og:url\" content=\"https:\/\/deseopatisserie.com\/de\/produkt\/pistazie-ebook-deseo\/\" \/>\n<meta property=\"og:site_name\" content=\"DESEO\" \/>\n<meta property=\"article:modified_time\" content=\"2025-04-02T13:47:00+00:00\" \/>\n<meta property=\"og:image\" content=\"https:\/\/deseopatisserie.com\/wp-content\/uploads\/2022\/09\/PISTACJOWY-EBOOK-DESEO-00-1024x682.png\" \/>\n<meta name=\"twitter:card\" content=\"summary_large_image\" \/>\n<meta name=\"twitter:label1\" content=\"Gesch\u00e4tzte Lesezeit\" \/>\n\t<meta name=\"twitter:data1\" content=\"1\u00a0Minute\" \/>\n<script type=\"application\/ld+json\" class=\"yoast-schema-graph\">{\"@context\":\"https:\\\/\\\/schema.org\",\"@graph\":[{\"@type\":\"WebPage\",\"@id\":\"https:\\\/\\\/deseopatisserie.com\\\/de\\\/produkt\\\/pistazie-ebook-deseo\\\/\",\"url\":\"https:\\\/\\\/deseopatisserie.com\\\/de\\\/produkt\\\/pistazie-ebook-deseo\\\/\",\"name\":\"Pistazie ebook DESEO - Cukiernia DESEO Warszawa\",\"isPartOf\":{\"@id\":\"https:\\\/\\\/deseopatisserie.com\\\/de\\\/#website\"},\"primaryImageOfPage\":{\"@id\":\"https:\\\/\\\/deseopatisserie.com\\\/de\\\/produkt\\\/pistazie-ebook-deseo\\\/#primaryimage\"},\"image\":{\"@id\":\"https:\\\/\\\/deseopatisserie.com\\\/de\\\/produkt\\\/pistazie-ebook-deseo\\\/#primaryimage\"},\"thumbnailUrl\":\"https:\\\/\\\/deseopatisserie.com\\\/\\\/wp-content\\\/uploads\\\/2022\\\/09\\\/PISTACJOWY-EBOOK-DESEO-00.png\",\"datePublished\":\"2022-09-13T21:08:01+00:00\",\"dateModified\":\"2025-04-02T13:47:00+00:00\",\"description\":\"7 Ideen f\u00fcr Desserts mit Pistazienpaste! Pistazienpaste 100% ist einer unserer absoluten Hits! Hier kreieren wir unsere Pistazien-Bestseller.\",\"breadcrumb\":{\"@id\":\"https:\\\/\\\/deseopatisserie.com\\\/de\\\/produkt\\\/pistazie-ebook-deseo\\\/#breadcrumb\"},\"inLanguage\":\"de\",\"potentialAction\":[{\"@type\":\"ReadAction\",\"target\":[\"https:\\\/\\\/deseopatisserie.com\\\/de\\\/produkt\\\/pistazie-ebook-deseo\\\/\"]}]},{\"@type\":\"ImageObject\",\"inLanguage\":\"de\",\"@id\":\"https:\\\/\\\/deseopatisserie.com\\\/de\\\/produkt\\\/pistazie-ebook-deseo\\\/#primaryimage\",\"url\":\"https:\\\/\\\/deseopatisserie.com\\\/\\\/wp-content\\\/uploads\\\/2022\\\/09\\\/PISTACJOWY-EBOOK-DESEO-00.png\",\"contentUrl\":\"https:\\\/\\\/deseopatisserie.com\\\/\\\/wp-content\\\/uploads\\\/2022\\\/09\\\/PISTACJOWY-EBOOK-DESEO-00.png\",\"width\":1184,\"height\":789,\"caption\":\"PISTACJOWY EBOOK DESEO\"},{\"@type\":\"BreadcrumbList\",\"@id\":\"https:\\\/\\\/deseopatisserie.com\\\/de\\\/produkt\\\/pistazie-ebook-deseo\\\/#breadcrumb\",\"itemListElement\":[{\"@type\":\"ListItem\",\"position\":1,\"name\":\"Strona g\u0142\u00f3wna\",\"item\":\"https:\\\/\\\/deseopatisserie.com\\\/de\\\/homepage\\\/\"},{\"@type\":\"ListItem\",\"position\":2,\"name\":\"Pistazie ebook DESEO\"}]},{\"@type\":\"WebSite\",\"@id\":\"https:\\\/\\\/deseopatisserie.com\\\/de\\\/#website\",\"url\":\"https:\\\/\\\/deseopatisserie.com\\\/de\\\/\",\"name\":\"DESEO\",\"description\":\"Patisserie &amp; Chocolaterie\",\"potentialAction\":[{\"@type\":\"SearchAction\",\"target\":{\"@type\":\"EntryPoint\",\"urlTemplate\":\"https:\\\/\\\/deseopatisserie.com\\\/de\\\/?s={search_term_string}\"},\"query-input\":{\"@type\":\"PropertyValueSpecification\",\"valueRequired\":true,\"valueName\":\"search_term_string\"}}],\"inLanguage\":\"de\"}]}<\/script>\n<!-- \/ Yoast SEO plugin. -->","yoast_head_json":{"title":"Pistazie ebook DESEO - Cukiernia DESEO Warszawa","description":"7 Ideen f\u00fcr Desserts mit Pistazienpaste! Pistazienpaste 100% ist einer unserer absoluten Hits! Hier kreieren wir unsere Pistazien-Bestseller.","robots":{"index":"index","follow":"follow","max-snippet":"max-snippet:-1","max-image-preview":"max-image-preview:large","max-video-preview":"max-video-preview:-1"},"canonical":"https:\/\/deseopatisserie.com\/de\/produkt\/pistazie-ebook-deseo\/","og_locale":"de_DE","og_type":"article","og_title":"Pistazie ebook DESEO","og_description":"7 Ideen f\u00fcr Desserts mit Pistazienpaste! Pistazienpaste 100% ist einer unserer absoluten Hits! Hier kreieren wir unsere Pistazien-Bestseller.","og_url":"https:\/\/deseopatisserie.com\/de\/produkt\/pistazie-ebook-deseo\/","og_site_name":"DESEO","article_modified_time":"2025-04-02T13:47:00+00:00","og_image":[{"url":"https:\/\/deseopatisserie.com\/wp-content\/uploads\/2022\/09\/PISTACJOWY-EBOOK-DESEO-00-1024x682.png","type":"","width":"","height":""}],"twitter_card":"summary_large_image","twitter_misc":{"Gesch\u00e4tzte Lesezeit":"1\u00a0Minute"},"schema":{"@context":"https:\/\/schema.org","@graph":[{"@type":"WebPage","@id":"https:\/\/deseopatisserie.com\/de\/produkt\/pistazie-ebook-deseo\/","url":"https:\/\/deseopatisserie.com\/de\/produkt\/pistazie-ebook-deseo\/","name":"Pistazie ebook DESEO - Cukiernia DESEO Warszawa","isPartOf":{"@id":"https:\/\/deseopatisserie.com\/de\/#website"},"primaryImageOfPage":{"@id":"https:\/\/deseopatisserie.com\/de\/produkt\/pistazie-ebook-deseo\/#primaryimage"},"image":{"@id":"https:\/\/deseopatisserie.com\/de\/produkt\/pistazie-ebook-deseo\/#primaryimage"},"thumbnailUrl":"https:\/\/deseopatisserie.com\/\/wp-content\/uploads\/2022\/09\/PISTACJOWY-EBOOK-DESEO-00.png","datePublished":"2022-09-13T21:08:01+00:00","dateModified":"2025-04-02T13:47:00+00:00","description":"7 Ideen f\u00fcr Desserts mit Pistazienpaste! Pistazienpaste 100% ist einer unserer absoluten Hits! Hier kreieren wir unsere Pistazien-Bestseller.","breadcrumb":{"@id":"https:\/\/deseopatisserie.com\/de\/produkt\/pistazie-ebook-deseo\/#breadcrumb"},"inLanguage":"de","potentialAction":[{"@type":"ReadAction","target":["https:\/\/deseopatisserie.com\/de\/produkt\/pistazie-ebook-deseo\/"]}]},{"@type":"ImageObject","inLanguage":"de","@id":"https:\/\/deseopatisserie.com\/de\/produkt\/pistazie-ebook-deseo\/#primaryimage","url":"https:\/\/deseopatisserie.com\/\/wp-content\/uploads\/2022\/09\/PISTACJOWY-EBOOK-DESEO-00.png","contentUrl":"https:\/\/deseopatisserie.com\/\/wp-content\/uploads\/2022\/09\/PISTACJOWY-EBOOK-DESEO-00.png","width":1184,"height":789,"caption":"PISTACJOWY EBOOK DESEO"},{"@type":"BreadcrumbList","@id":"https:\/\/deseopatisserie.com\/de\/produkt\/pistazie-ebook-deseo\/#breadcrumb","itemListElement":[{"@type":"ListItem","position":1,"name":"Strona g\u0142\u00f3wna","item":"https:\/\/deseopatisserie.com\/de\/homepage\/"},{"@type":"ListItem","position":2,"name":"Pistazie ebook DESEO"}]},{"@type":"WebSite","@id":"https:\/\/deseopatisserie.com\/de\/#website","url":"https:\/\/deseopatisserie.com\/de\/","name":"DESEO","description":"Patisserie &amp; Chocolaterie","potentialAction":[{"@type":"SearchAction","target":{"@type":"EntryPoint","urlTemplate":"https:\/\/deseopatisserie.com\/de\/?s={search_term_string}"},"query-input":{"@type":"PropertyValueSpecification","valueRequired":true,"valueName":"search_term_string"}}],"inLanguage":"de"}]}},"_links":{"self":[{"href":"https:\/\/deseopatisserie.com\/de\/wp-json\/wp\/v2\/product\/90813","targetHints":{"allow":["GET"]}}],"collection":[{"href":"https:\/\/deseopatisserie.com\/de\/wp-json\/wp\/v2\/product"}],"about":[{"href":"https:\/\/deseopatisserie.com\/de\/wp-json\/wp\/v2\/types\/product"}],"wp:featuredmedia":[{"embeddable":true,"href":"https:\/\/deseopatisserie.com\/de\/wp-json\/wp\/v2\/media\/83611"}],"wp:attachment":[{"href":"https:\/\/deseopatisserie.com\/de\/wp-json\/wp\/v2\/media?parent=90813"}],"wp:term":[{"taxonomy":"product_brand","embeddable":true,"href":"https:\/\/deseopatisserie.com\/de\/wp-json\/wp\/v2\/product_brand?post=90813"},{"taxonomy":"product_cat","embeddable":true,"href":"https:\/\/deseopatisserie.com\/de\/wp-json\/wp\/v2\/product_cat?post=90813"},{"taxonomy":"product_tag","embeddable":true,"href":"https:\/\/deseopatisserie.com\/de\/wp-json\/wp\/v2\/product_tag?post=90813"}],"curies":[{"name":"wp","href":"https:\/\/api.w.org\/{rel}","templated":true}]}}