{"id":90809,"date":"2022-09-16T13:11:57","date_gmt":"2022-09-16T11:11:57","guid":{"rendered":"https:\/\/deseopatisserie.com\/produkt\/geroestete-pistazien-1kg\/"},"modified":"2025-04-02T15:47:15","modified_gmt":"2025-04-02T13:47:15","slug":"geroestete-pistazien-1kg","status":"publish","type":"product","link":"https:\/\/deseopatisserie.com\/de\/produkt\/geroestete-pistazien-1kg\/","title":{"rendered":"Ger\u00f6stete Pistazien 1kg"},"content":{"rendered":"<p data-start=\"0\" data-end=\"336\">Ger\u00f6stete Pistazien 1 kg sind eine ausgezeichnete Wahl f\u00fcr Nussliebhaber, die einen Snack mit intensivem Geschmack und au\u00dfergew\u00f6hnlicher Knusprigkeit suchen. Pistazien sind reich an Proteinen, Ballaststoffen sowie Vitaminen und Mineralstoffen, die eine gesunde Ern\u00e4hrung unterst\u00fctzen. Der regelm\u00e4\u00dfige Verzehr von Pistazien liefert Energie und wirkt sich auch positiv auf den Zustand des K\u00f6rpers aus.  <\/p>\n<p data-start=\"338\" data-end=\"679\">Eine 1-kg-Packung ist eine ideale Option f\u00fcr Menschen, die h\u00e4ufig Pistazien verwenden, aber auch f\u00fcr diejenigen, die sie in der K\u00fcche verwenden m\u00f6chten. Ger\u00f6stete Pistazien eignen sich perfekt als eigenst\u00e4ndiger Snack, aber auch als Zutat in Desserts, Salaten, M\u00fcsli oder herzhaften Gerichten. Sie verleihen ihm einen nussigen Geschmack und Knusprigkeit und verfeinern jedes Gericht.  <\/p>\n<p data-start=\"681\" data-end=\"1023\">Ger\u00f6stete Pistazien 1kg sind auch eine ausgezeichnete Wahl f\u00fcr den Einsatz in professionellen K\u00fcchen, wie Konditoreien, Caf\u00e9s oder Restaurants. Dank seiner Vielseitigkeit eignet sich das Produkt perfekt f\u00fcr die Zubereitung k\u00f6stlicher Gerichte und Desserts. Pistazien erf\u00fcllen die Erwartungen sowohl von kulinarischen Enthusiasten als auch von Profik\u00f6chen.  <\/p>\n<p data-start=\"1025\" data-end=\"1123\" data-is-last-node=\"\" data-is-only-node=\"\">Entdecken Sie das gesamte Sortiment an N\u00fcssen in unserem Shop und bereichern Sie Ihre Mahlzeiten mit leckeren und gesunden Beilagen.<\/p>\n<p data-start=\"1025\" data-end=\"1123\" data-is-last-node=\"\" data-is-only-node=\"\">Entdecken Sie das gesamte Sortiment <a href=\"https:\/\/deseopatisserie.com\/orzechy-prazone\/\"><span style=\"color: #bf883b;\">an N\u00fcssen<\/span><\/a> in unserem Shop.<\/p>\n","protected":false},"excerpt":{"rendered":"<p>Pistazien. Wir lieben alles, was mit Pistazien zu tun hat, und wir wissen, dass Sie das auch tun werden! Sie lieben unsere 100% Pistazienpaste und Desserts auf Pistazienbasis, daher sind ger\u00f6stete Pistazien beim t\u00e4glichen Kochen oder bei der Zubereitung von Desserts \/ Salaten \/ Snacks n\u00fctzlich \ud83d\ude42  <\/p>\n<p><strong>Ger\u00f6stete Pistazien sind die gleiche Gesundheit<\/strong> &#8211; sie enthalten viel Kalium, das sich positiv auf die Senkung des Blutdrucks auswirkt, Ballaststoffe, Vitamine B und E und Antioxidantien.<\/p>\n<p>Die Pistazien, die Sie hier finden, stammen aus dem Iran und gelten als die besten Pistazien der Welt. Die Herkunft der Pistazien ist jedoch nicht alles. Der Geschmack unserer ger\u00f6steten Pistazien wird auch durch einen richtig ausgew\u00e4hlten Ofen (R\u00f6ster genannt), die R\u00f6stzeit und die Temperatur beeinflusst. Probieren Sie sie aus &#8211; sie sind perfekt!   <\/p>\n<p><strong>Siehe auch:  <\/strong><\/p>\n<p><span style=\"color: #bf883b;\"><a style=\"color: #bf883b;\" href=\"https:\/\/deseopatisserie.com\/de\/produkt\/pistazienpaste-100-200g\/\">Pistazienpaste 200g<\/a> | <a style=\"color: #bf883b;\" href=\"https:\/\/deseopatisserie.com\/de\/produkt\/pistazienpaste-100-1kg\/\">Pistazienpaste 1kg<\/a> | <a style=\"color: #bf883b;\" href=\"https:\/\/deseopatisserie.com\/de\/produkt\/pistazienpaste-100-3kg\/\">Pistazienpaste 3kg<\/a> | <a style=\"color: #bf883b;\" href=\"https:\/\/deseopatisserie.com\/de\/produkt\/pistazienpaste-100-5kg\/\">Pistazienpaste 5kg<\/a> | <a style=\"color: #bf883b;\" href=\"https:\/\/deseopatisserie.com\/de\/produkt\/pistaziencreme-glatt-200g\/\">Pistaziencreme 200g<\/a> | <a href=\"https:\/\/deseopatisserie.com\/de\/produkt\/pistaziencreme-glatt-500g\/\">Pistaziencreme 500g<\/a> | <a href=\"https:\/\/deseopatisserie.com\/de\/produkt\/pistaziencreme-glatt-1kg\/\">Pistaziencreme 1kg<\/a> | <a href=\"https:\/\/deseopatisserie.com\/de\/produkt\/pistaziencreme-glatt-ohne-zucker-200g\/\">Pistaziencreme OHNE ZUCKER 200g<\/a> | <a href=\"https:\/\/deseopatisserie.com\/de\/produkt\/pistaziencreme-glatt-ohne-zucker-500g\/\">Pistaziencreme OHNE ZUCKER 500g<\/a> | <a href=\"https:\/\/deseopatisserie.com\/de\/produkt\/pistaziencreme-glatt-ohne-zucker-1kg\/\">Pistaziencreme OHNE ZUCKER 1kg <\/a><\/span>und <span style=\"color: #bf883b;\"><a style=\"color: #bf883b;\" href=\"https:\/\/deseopatisserie.com\/de\/produkt\/geroestete-pistazien-250g\/\">ger\u00f6stete Pistazien 250g<\/a> | <a style=\"color: #bf883b;\" href=\"https:\/\/deseopatisserie.com\/de\/produkt\/geroestete-pistazien-500g\/\">Ger\u00f6stete Pistazien 500g<\/a><\/span><\/p>\n<p>\ud83d\udc49 <span style=\"color: #000000;\">Laden Sie das kostenlose E-Book <\/span><span style=\"color: #bf883b;\"><a style=\"color: #bf883b;\" href=\"https:\/\/deseopatisserie.com\/de\/produkt\/pistazie-ebook-deseo\/\">DESEO PISTACHIO EBOOK herunter<\/a> <\/span>und bereiten Sie k\u00f6stliche Desserts auf Basis von Pistazienpaste zu 100% zu!<\/p>\n","protected":false},"featured_media":113922,"template":"","meta":{"_acf_changed":false},"product_brand":[],"product_cat":[2646],"product_tag":[],"class_list":{"0":"post-90809","1":"product","2":"type-product","3":"status-publish","4":"has-post-thumbnail","6":"product_cat-produkte-fur-cafes-und-konditoreien","8":"first","9":"instock","10":"taxable","11":"shipping-taxable","12":"purchasable","13":"product-type-simple"},"acf":[],"yoast_head":"<!-- This site is optimized with the Yoast SEO plugin v27.4 - https:\/\/yoast.com\/product\/yoast-seo-wordpress\/ -->\n<title>Ger\u00f6stete Pistazien 1kg - DESEO S\u00fc\u00dfwaren Warschau<\/title>\n<meta name=\"description\" content=\"Ger\u00f6stete Pistazien 1kg sind die perfekte Basis f\u00fcr die Zubereitung von Desserts und Snacks, aber auch einfach nur zum Knuspern! Gesund und lecker!\" \/>\n<meta name=\"robots\" content=\"index, follow, max-snippet:-1, max-image-preview:large, max-video-preview:-1\" \/>\n<link rel=\"canonical\" href=\"https:\/\/deseopatisserie.com\/de\/produkt\/geroestete-pistazien-1kg\/\" \/>\n<meta property=\"og:locale\" content=\"de_DE\" \/>\n<meta property=\"og:type\" content=\"article\" \/>\n<meta property=\"og:title\" content=\"DESEO Ger\u00f6stete Pistazien\" \/>\n<meta property=\"og:description\" content=\"Ger\u00f6stete Pistazien sind die perfekte Basis f\u00fcr die Zubereitung von Desserts und Snacks, aber auch einfach nur zum Knuspern! Gesund und lecker!\" \/>\n<meta property=\"og:url\" content=\"https:\/\/deseopatisserie.com\/de\/produkt\/geroestete-pistazien-1kg\/\" \/>\n<meta property=\"og:site_name\" content=\"DESEO\" \/>\n<meta property=\"article:modified_time\" content=\"2025-04-02T13:47:15+00:00\" \/>\n<meta property=\"og:image\" content=\"https:\/\/deseopatisserie.com\/wp-content\/uploads\/2022\/09\/DESEO_prazone-pistacje_5-1024x683.jpg\" \/>\n<meta name=\"twitter:card\" content=\"summary_large_image\" \/>\n<meta name=\"twitter:label1\" content=\"Gesch\u00e4tzte Lesezeit\" \/>\n\t<meta name=\"twitter:data1\" content=\"1\u00a0Minute\" \/>\n<script type=\"application\/ld+json\" class=\"yoast-schema-graph\">{\"@context\":\"https:\\\/\\\/schema.org\",\"@graph\":[{\"@type\":\"WebPage\",\"@id\":\"https:\\\/\\\/deseopatisserie.com\\\/de\\\/produkt\\\/geroestete-pistazien-1kg\\\/\",\"url\":\"https:\\\/\\\/deseopatisserie.com\\\/de\\\/produkt\\\/geroestete-pistazien-1kg\\\/\",\"name\":\"Ger\u00f6stete Pistazien 1kg - DESEO S\u00fc\u00dfwaren Warschau\",\"isPartOf\":{\"@id\":\"https:\\\/\\\/deseopatisserie.com\\\/de\\\/#website\"},\"primaryImageOfPage\":{\"@id\":\"https:\\\/\\\/deseopatisserie.com\\\/de\\\/produkt\\\/geroestete-pistazien-1kg\\\/#primaryimage\"},\"image\":{\"@id\":\"https:\\\/\\\/deseopatisserie.com\\\/de\\\/produkt\\\/geroestete-pistazien-1kg\\\/#primaryimage\"},\"thumbnailUrl\":\"https:\\\/\\\/deseopatisserie.com\\\/\\\/wp-content\\\/uploads\\\/2022\\\/09\\\/pistacje-prazone-1kg.png\",\"datePublished\":\"2022-09-16T11:11:57+00:00\",\"dateModified\":\"2025-04-02T13:47:15+00:00\",\"description\":\"Ger\u00f6stete Pistazien 1kg sind die perfekte Basis f\u00fcr die Zubereitung von Desserts und Snacks, aber auch einfach nur zum Knuspern! Gesund und lecker!\",\"breadcrumb\":{\"@id\":\"https:\\\/\\\/deseopatisserie.com\\\/de\\\/produkt\\\/geroestete-pistazien-1kg\\\/#breadcrumb\"},\"inLanguage\":\"de\",\"potentialAction\":[{\"@type\":\"ReadAction\",\"target\":[\"https:\\\/\\\/deseopatisserie.com\\\/de\\\/produkt\\\/geroestete-pistazien-1kg\\\/\"]}]},{\"@type\":\"ImageObject\",\"inLanguage\":\"de\",\"@id\":\"https:\\\/\\\/deseopatisserie.com\\\/de\\\/produkt\\\/geroestete-pistazien-1kg\\\/#primaryimage\",\"url\":\"https:\\\/\\\/deseopatisserie.com\\\/\\\/wp-content\\\/uploads\\\/2022\\\/09\\\/pistacje-prazone-1kg.png\",\"contentUrl\":\"https:\\\/\\\/deseopatisserie.com\\\/\\\/wp-content\\\/uploads\\\/2022\\\/09\\\/pistacje-prazone-1kg.png\",\"width\":2048,\"height\":1365,\"caption\":\"pistacje pra\u017cone 1kg DESEO\"},{\"@type\":\"BreadcrumbList\",\"@id\":\"https:\\\/\\\/deseopatisserie.com\\\/de\\\/produkt\\\/geroestete-pistazien-1kg\\\/#breadcrumb\",\"itemListElement\":[{\"@type\":\"ListItem\",\"position\":1,\"name\":\"Strona g\u0142\u00f3wna\",\"item\":\"https:\\\/\\\/deseopatisserie.com\\\/de\\\/homepage\\\/\"},{\"@type\":\"ListItem\",\"position\":2,\"name\":\"Ger\u00f6stete Pistazien 1kg\"}]},{\"@type\":\"WebSite\",\"@id\":\"https:\\\/\\\/deseopatisserie.com\\\/de\\\/#website\",\"url\":\"https:\\\/\\\/deseopatisserie.com\\\/de\\\/\",\"name\":\"DESEO\",\"description\":\"Patisserie &amp; Chocolaterie\",\"potentialAction\":[{\"@type\":\"SearchAction\",\"target\":{\"@type\":\"EntryPoint\",\"urlTemplate\":\"https:\\\/\\\/deseopatisserie.com\\\/de\\\/?s={search_term_string}\"},\"query-input\":{\"@type\":\"PropertyValueSpecification\",\"valueRequired\":true,\"valueName\":\"search_term_string\"}}],\"inLanguage\":\"de\"}]}<\/script>\n<!-- \/ Yoast SEO plugin. -->","yoast_head_json":{"title":"Ger\u00f6stete Pistazien 1kg - DESEO S\u00fc\u00dfwaren Warschau","description":"Ger\u00f6stete Pistazien 1kg sind die perfekte Basis f\u00fcr die Zubereitung von Desserts und Snacks, aber auch einfach nur zum Knuspern! Gesund und lecker!","robots":{"index":"index","follow":"follow","max-snippet":"max-snippet:-1","max-image-preview":"max-image-preview:large","max-video-preview":"max-video-preview:-1"},"canonical":"https:\/\/deseopatisserie.com\/de\/produkt\/geroestete-pistazien-1kg\/","og_locale":"de_DE","og_type":"article","og_title":"DESEO Ger\u00f6stete Pistazien","og_description":"Ger\u00f6stete Pistazien sind die perfekte Basis f\u00fcr die Zubereitung von Desserts und Snacks, aber auch einfach nur zum Knuspern! Gesund und lecker!","og_url":"https:\/\/deseopatisserie.com\/de\/produkt\/geroestete-pistazien-1kg\/","og_site_name":"DESEO","article_modified_time":"2025-04-02T13:47:15+00:00","og_image":[{"url":"https:\/\/deseopatisserie.com\/wp-content\/uploads\/2022\/09\/DESEO_prazone-pistacje_5-1024x683.jpg","type":"","width":"","height":""}],"twitter_card":"summary_large_image","twitter_misc":{"Gesch\u00e4tzte Lesezeit":"1\u00a0Minute"},"schema":{"@context":"https:\/\/schema.org","@graph":[{"@type":"WebPage","@id":"https:\/\/deseopatisserie.com\/de\/produkt\/geroestete-pistazien-1kg\/","url":"https:\/\/deseopatisserie.com\/de\/produkt\/geroestete-pistazien-1kg\/","name":"Ger\u00f6stete Pistazien 1kg - DESEO S\u00fc\u00dfwaren Warschau","isPartOf":{"@id":"https:\/\/deseopatisserie.com\/de\/#website"},"primaryImageOfPage":{"@id":"https:\/\/deseopatisserie.com\/de\/produkt\/geroestete-pistazien-1kg\/#primaryimage"},"image":{"@id":"https:\/\/deseopatisserie.com\/de\/produkt\/geroestete-pistazien-1kg\/#primaryimage"},"thumbnailUrl":"https:\/\/deseopatisserie.com\/\/wp-content\/uploads\/2022\/09\/pistacje-prazone-1kg.png","datePublished":"2022-09-16T11:11:57+00:00","dateModified":"2025-04-02T13:47:15+00:00","description":"Ger\u00f6stete Pistazien 1kg sind die perfekte Basis f\u00fcr die Zubereitung von Desserts und Snacks, aber auch einfach nur zum Knuspern! Gesund und lecker!","breadcrumb":{"@id":"https:\/\/deseopatisserie.com\/de\/produkt\/geroestete-pistazien-1kg\/#breadcrumb"},"inLanguage":"de","potentialAction":[{"@type":"ReadAction","target":["https:\/\/deseopatisserie.com\/de\/produkt\/geroestete-pistazien-1kg\/"]}]},{"@type":"ImageObject","inLanguage":"de","@id":"https:\/\/deseopatisserie.com\/de\/produkt\/geroestete-pistazien-1kg\/#primaryimage","url":"https:\/\/deseopatisserie.com\/\/wp-content\/uploads\/2022\/09\/pistacje-prazone-1kg.png","contentUrl":"https:\/\/deseopatisserie.com\/\/wp-content\/uploads\/2022\/09\/pistacje-prazone-1kg.png","width":2048,"height":1365,"caption":"pistacje pra\u017cone 1kg DESEO"},{"@type":"BreadcrumbList","@id":"https:\/\/deseopatisserie.com\/de\/produkt\/geroestete-pistazien-1kg\/#breadcrumb","itemListElement":[{"@type":"ListItem","position":1,"name":"Strona g\u0142\u00f3wna","item":"https:\/\/deseopatisserie.com\/de\/homepage\/"},{"@type":"ListItem","position":2,"name":"Ger\u00f6stete Pistazien 1kg"}]},{"@type":"WebSite","@id":"https:\/\/deseopatisserie.com\/de\/#website","url":"https:\/\/deseopatisserie.com\/de\/","name":"DESEO","description":"Patisserie &amp; Chocolaterie","potentialAction":[{"@type":"SearchAction","target":{"@type":"EntryPoint","urlTemplate":"https:\/\/deseopatisserie.com\/de\/?s={search_term_string}"},"query-input":{"@type":"PropertyValueSpecification","valueRequired":true,"valueName":"search_term_string"}}],"inLanguage":"de"}]}},"_links":{"self":[{"href":"https:\/\/deseopatisserie.com\/de\/wp-json\/wp\/v2\/product\/90809","targetHints":{"allow":["GET"]}}],"collection":[{"href":"https:\/\/deseopatisserie.com\/de\/wp-json\/wp\/v2\/product"}],"about":[{"href":"https:\/\/deseopatisserie.com\/de\/wp-json\/wp\/v2\/types\/product"}],"wp:featuredmedia":[{"embeddable":true,"href":"https:\/\/deseopatisserie.com\/de\/wp-json\/wp\/v2\/media\/113922"}],"wp:attachment":[{"href":"https:\/\/deseopatisserie.com\/de\/wp-json\/wp\/v2\/media?parent=90809"}],"wp:term":[{"taxonomy":"product_brand","embeddable":true,"href":"https:\/\/deseopatisserie.com\/de\/wp-json\/wp\/v2\/product_brand?post=90809"},{"taxonomy":"product_cat","embeddable":true,"href":"https:\/\/deseopatisserie.com\/de\/wp-json\/wp\/v2\/product_cat?post=90809"},{"taxonomy":"product_tag","embeddable":true,"href":"https:\/\/deseopatisserie.com\/de\/wp-json\/wp\/v2\/product_tag?post=90809"}],"curies":[{"name":"wp","href":"https:\/\/api.w.org\/{rel}","templated":true}]}}