{"id":90808,"date":"2022-09-16T13:09:33","date_gmt":"2022-09-16T11:09:33","guid":{"rendered":"https:\/\/deseopatisserie.com\/produkt\/geroestete-pistazien-500g\/"},"modified":"2025-04-02T15:47:10","modified_gmt":"2025-04-02T13:47:10","slug":"geroestete-pistazien-500g","status":"publish","type":"product","link":"https:\/\/deseopatisserie.com\/de\/produkt\/geroestete-pistazien-500g\/","title":{"rendered":"Ger\u00f6stete Pistazien 500g"},"content":{"rendered":"<p data-start=\"0\" data-end=\"399\">Ger\u00f6stete Pistazien 500g sind eine ausgezeichnete Wahl f\u00fcr Nussliebhaber, die einen Snack mit intensivem Geschmack und au\u00dfergew\u00f6hnlicher Knusprigkeit suchen. Sie enthalten wertvolle N\u00e4hrstoffe wie Eiwei\u00df, Ballaststoffe, Vitamine und Mineralstoffe. Sie sind eine ideale Erg\u00e4nzung zu einer gesunden Ern\u00e4hrung, unterst\u00fctzen die Energie und die Leistungsf\u00e4higkeit des K\u00f6rpers.  <\/p>\n<p data-start=\"401\" data-end=\"774\">Die 500-g-Packung ist eine ausgezeichnete Option f\u00fcr Menschen, die h\u00e4ufig zu Pistazien greifen, sowie f\u00fcr diejenigen, die sie in der K\u00fcche verwenden m\u00f6chten. Sie eignen sich hervorragend als eigenst\u00e4ndiger Snack, aber auch als Zutat in Desserts oder herzhaften Gerichten und verleihen ihr einen nussigen Geschmack und Knusprigkeit. <\/p>\n<p data-start=\"776\" data-end=\"1149\" data-is-last-node=\"\" data-is-only-node=\"\">Es ist auch eine ideale Wahl f\u00fcr den Einsatz in professionellen K\u00fcchen wie Konditoreien oder Restaurants. Dank der Vielseitigkeit des Produkts erf\u00fcllen 500 g ger\u00f6stete Pistazien die Erwartungen sowohl von kulinarischen Enthusiasten als auch von Profik\u00f6chen. <\/p>\n<p data-start=\"776\" data-end=\"1149\" data-is-last-node=\"\" data-is-only-node=\"\">Entdecken Sie das gesamte Sortiment <a href=\"https:\/\/deseopatisserie.com\/orzechy-prazone\/\"><span style=\"color: #bf883b;\">an N\u00fcssen<\/span><\/a> in unserem Shop.<\/p>\n","protected":false},"excerpt":{"rendered":"<p>Pistazien. Wir lieben alles, was mit Pistazien zu tun hat, und wir wissen, dass Sie das auch tun werden! Sie lieben unsere 100% Pistazienpaste und Desserts auf Pistazienbasis, daher sind ger\u00f6stete Pistazien beim t\u00e4glichen Kochen oder bei der Zubereitung von Desserts \/ Salaten \/ Snacks n\u00fctzlich \ud83d\ude42  <\/p>\n<p>Ger\u00f6stete Pistazien sind die gleiche Gesundheit &#8211; sie enthalten viel Kalium, das sich positiv auf die Senkung des Blutdrucks auswirkt, Ballaststoffe, Vitamine B und E und Antioxidantien.<\/p>\n<p>Die Pistazien, die Sie hier finden, stammen aus dem Iran und gelten als die besten Pistazien der Welt. Die Herkunft der Pistazien ist jedoch nicht alles. Der Geschmack unserer ger\u00f6steten Pistazien wird auch durch einen richtig ausgew\u00e4hlten Ofen (R\u00f6ster genannt), die R\u00f6stzeit und die Temperatur beeinflusst. Probieren Sie sie aus &#8211; sie sind perfekt!   <\/p>\n<p><strong>Siehe auch:<\/strong><\/p>\n<p><span style=\"color: #bf883b;\"><a href=\"https:\/\/deseopatisserie.com\/de\/produkt\/pistazienpaste-100-200g\/\">Pistazienpaste 200g<\/a> | <a href=\"https:\/\/deseopatisserie.com\/de\/produkt\/pistazienpaste-100-1kg\/\">Pistazienpaste 1kg<\/a> | <a href=\"https:\/\/deseopatisserie.com\/de\/produkt\/pistazienpaste-100-3kg\/\">Pistazienpaste 3kg<\/a> | <a href=\"https:\/\/deseopatisserie.com\/de\/produkt\/pistazienpaste-100-5kg\/\">Pistazienpaste 5kg<\/a> | <a href=\"https:\/\/deseopatisserie.com\/de\/produkt\/pistaziencreme-glatt-200g\/\">Pistaziencreme 200g<\/a> | <a href=\"https:\/\/deseopatisserie.com\/de\/produkt\/pistaziencreme-glatt-500g\/\">Pistaziencreme 500g<\/a> | <a href=\"https:\/\/deseopatisserie.com\/de\/produkt\/pistaziencreme-glatt-1kg\/\">Pistaziencreme 1kg<\/a> | <a href=\"https:\/\/deseopatisserie.com\/de\/produkt\/pistaziencreme-glatt-ohne-zucker-200g\/\">Pistaziencreme OHNE ZUCKER 200g<\/a> | <a href=\"https:\/\/deseopatisserie.com\/de\/produkt\/pistaziencreme-glatt-ohne-zucker-500g\/\">Pistaziencreme OHNE ZUCKER 500g<\/a> | <a href=\"https:\/\/deseopatisserie.com\/de\/produkt\/pistaziencreme-glatt-ohne-zucker-1kg\/\">Pistaziencreme OHNE ZUCKER 1kg <\/a><\/span>und <span style=\"color: #bf883b;\"><a style=\"color: #bf883b;\" href=\"https:\/\/deseopatisserie.com\/de\/produkt\/geroestete-pistazien-250g\/\">ger\u00f6stete Pistazien 250g<\/a> | <a style=\"color: #bf883b;\" href=\"https:\/\/deseopatisserie.com\/de\/produkt\/geroestete-pistazien-1kg\/\">Ger\u00f6stete Pistazien 1kg<\/a><\/span><\/p>\n<p>\ud83d\udc49 <span style=\"color: #000000;\">Laden Sie das kostenlose E-Book <\/span><span style=\"color: #bf883b;\"><a style=\"color: #bf883b;\" href=\"https:\/\/deseopatisserie.com\/de\/produkt\/pistazie-ebook-deseo\/\">DESEO PISTACHIO EBOOK herunter<\/a> <\/span>und bereiten Sie k\u00f6stliche Desserts auf Basis von Pistazienpaste zu 100% zu!<\/p>\n","protected":false},"featured_media":113916,"template":"","meta":{"_acf_changed":false},"product_brand":[],"product_cat":[2646],"product_tag":[],"class_list":{"0":"post-90808","1":"product","2":"type-product","3":"status-publish","4":"has-post-thumbnail","6":"product_cat-produkte-fur-cafes-und-konditoreien","8":"first","9":"instock","10":"taxable","11":"shipping-taxable","12":"purchasable","13":"product-type-simple"},"acf":[],"yoast_head":"<!-- This site is optimized with the Yoast SEO plugin v27.4 - https:\/\/yoast.com\/product\/yoast-seo-wordpress\/ -->\n<title>Ger\u00f6stete Pistazien 500g - Cukiernia DESEO Warszawa<\/title>\n<meta name=\"description\" content=\"Ger\u00f6stete Pistazien 500g sind die perfekte Basis f\u00fcr die Zubereitung von Desserts und Snacks, aber auch einfach nur zum Knuspern! Gesund und lecker!\" \/>\n<meta name=\"robots\" content=\"index, follow, max-snippet:-1, max-image-preview:large, max-video-preview:-1\" \/>\n<link rel=\"canonical\" href=\"https:\/\/deseopatisserie.com\/de\/produkt\/geroestete-pistazien-500g\/\" \/>\n<meta property=\"og:locale\" content=\"de_DE\" \/>\n<meta property=\"og:type\" content=\"article\" \/>\n<meta property=\"og:title\" content=\"DESEO Ger\u00f6stete Pistazien\" \/>\n<meta property=\"og:description\" content=\"Ger\u00f6stete Pistazien sind die perfekte Basis f\u00fcr die Zubereitung von Desserts und Snacks, aber auch einfach nur zum Knuspern! Gesund und lecker!\" \/>\n<meta property=\"og:url\" content=\"https:\/\/deseopatisserie.com\/de\/produkt\/geroestete-pistazien-500g\/\" \/>\n<meta property=\"og:site_name\" content=\"DESEO\" \/>\n<meta property=\"article:modified_time\" content=\"2025-04-02T13:47:10+00:00\" \/>\n<meta property=\"og:image\" content=\"https:\/\/deseopatisserie.com\/wp-content\/uploads\/2022\/09\/004A9960-200x300.jpg\" \/>\n<meta name=\"twitter:card\" content=\"summary_large_image\" \/>\n<meta name=\"twitter:label1\" content=\"Gesch\u00e4tzte Lesezeit\" \/>\n\t<meta name=\"twitter:data1\" content=\"1\u00a0Minute\" \/>\n<script type=\"application\/ld+json\" class=\"yoast-schema-graph\">{\"@context\":\"https:\\\/\\\/schema.org\",\"@graph\":[{\"@type\":\"WebPage\",\"@id\":\"https:\\\/\\\/deseopatisserie.com\\\/de\\\/produkt\\\/geroestete-pistazien-500g\\\/\",\"url\":\"https:\\\/\\\/deseopatisserie.com\\\/de\\\/produkt\\\/geroestete-pistazien-500g\\\/\",\"name\":\"Ger\u00f6stete Pistazien 500g - Cukiernia DESEO Warszawa\",\"isPartOf\":{\"@id\":\"https:\\\/\\\/deseopatisserie.com\\\/de\\\/#website\"},\"primaryImageOfPage\":{\"@id\":\"https:\\\/\\\/deseopatisserie.com\\\/de\\\/produkt\\\/geroestete-pistazien-500g\\\/#primaryimage\"},\"image\":{\"@id\":\"https:\\\/\\\/deseopatisserie.com\\\/de\\\/produkt\\\/geroestete-pistazien-500g\\\/#primaryimage\"},\"thumbnailUrl\":\"https:\\\/\\\/deseopatisserie.com\\\/\\\/wp-content\\\/uploads\\\/2022\\\/09\\\/pistacje-prazone-500g.png\",\"datePublished\":\"2022-09-16T11:09:33+00:00\",\"dateModified\":\"2025-04-02T13:47:10+00:00\",\"description\":\"Ger\u00f6stete Pistazien 500g sind die perfekte Basis f\u00fcr die Zubereitung von Desserts und Snacks, aber auch einfach nur zum Knuspern! Gesund und lecker!\",\"breadcrumb\":{\"@id\":\"https:\\\/\\\/deseopatisserie.com\\\/de\\\/produkt\\\/geroestete-pistazien-500g\\\/#breadcrumb\"},\"inLanguage\":\"de\",\"potentialAction\":[{\"@type\":\"ReadAction\",\"target\":[\"https:\\\/\\\/deseopatisserie.com\\\/de\\\/produkt\\\/geroestete-pistazien-500g\\\/\"]}]},{\"@type\":\"ImageObject\",\"inLanguage\":\"de\",\"@id\":\"https:\\\/\\\/deseopatisserie.com\\\/de\\\/produkt\\\/geroestete-pistazien-500g\\\/#primaryimage\",\"url\":\"https:\\\/\\\/deseopatisserie.com\\\/\\\/wp-content\\\/uploads\\\/2022\\\/09\\\/pistacje-prazone-500g.png\",\"contentUrl\":\"https:\\\/\\\/deseopatisserie.com\\\/\\\/wp-content\\\/uploads\\\/2022\\\/09\\\/pistacje-prazone-500g.png\",\"width\":2048,\"height\":1365,\"caption\":\"pistacje pra\u017cone 500g DESEO\"},{\"@type\":\"BreadcrumbList\",\"@id\":\"https:\\\/\\\/deseopatisserie.com\\\/de\\\/produkt\\\/geroestete-pistazien-500g\\\/#breadcrumb\",\"itemListElement\":[{\"@type\":\"ListItem\",\"position\":1,\"name\":\"Strona g\u0142\u00f3wna\",\"item\":\"https:\\\/\\\/deseopatisserie.com\\\/de\\\/homepage\\\/\"},{\"@type\":\"ListItem\",\"position\":2,\"name\":\"Ger\u00f6stete Pistazien 500g\"}]},{\"@type\":\"WebSite\",\"@id\":\"https:\\\/\\\/deseopatisserie.com\\\/de\\\/#website\",\"url\":\"https:\\\/\\\/deseopatisserie.com\\\/de\\\/\",\"name\":\"DESEO\",\"description\":\"Patisserie &amp; Chocolaterie\",\"potentialAction\":[{\"@type\":\"SearchAction\",\"target\":{\"@type\":\"EntryPoint\",\"urlTemplate\":\"https:\\\/\\\/deseopatisserie.com\\\/de\\\/?s={search_term_string}\"},\"query-input\":{\"@type\":\"PropertyValueSpecification\",\"valueRequired\":true,\"valueName\":\"search_term_string\"}}],\"inLanguage\":\"de\"}]}<\/script>\n<!-- \/ Yoast SEO plugin. -->","yoast_head_json":{"title":"Ger\u00f6stete Pistazien 500g - Cukiernia DESEO Warszawa","description":"Ger\u00f6stete Pistazien 500g sind die perfekte Basis f\u00fcr die Zubereitung von Desserts und Snacks, aber auch einfach nur zum Knuspern! Gesund und lecker!","robots":{"index":"index","follow":"follow","max-snippet":"max-snippet:-1","max-image-preview":"max-image-preview:large","max-video-preview":"max-video-preview:-1"},"canonical":"https:\/\/deseopatisserie.com\/de\/produkt\/geroestete-pistazien-500g\/","og_locale":"de_DE","og_type":"article","og_title":"DESEO Ger\u00f6stete Pistazien","og_description":"Ger\u00f6stete Pistazien sind die perfekte Basis f\u00fcr die Zubereitung von Desserts und Snacks, aber auch einfach nur zum Knuspern! Gesund und lecker!","og_url":"https:\/\/deseopatisserie.com\/de\/produkt\/geroestete-pistazien-500g\/","og_site_name":"DESEO","article_modified_time":"2025-04-02T13:47:10+00:00","og_image":[{"url":"https:\/\/deseopatisserie.com\/wp-content\/uploads\/2022\/09\/004A9960-200x300.jpg","type":"","width":"","height":""}],"twitter_card":"summary_large_image","twitter_misc":{"Gesch\u00e4tzte Lesezeit":"1\u00a0Minute"},"schema":{"@context":"https:\/\/schema.org","@graph":[{"@type":"WebPage","@id":"https:\/\/deseopatisserie.com\/de\/produkt\/geroestete-pistazien-500g\/","url":"https:\/\/deseopatisserie.com\/de\/produkt\/geroestete-pistazien-500g\/","name":"Ger\u00f6stete Pistazien 500g - Cukiernia DESEO Warszawa","isPartOf":{"@id":"https:\/\/deseopatisserie.com\/de\/#website"},"primaryImageOfPage":{"@id":"https:\/\/deseopatisserie.com\/de\/produkt\/geroestete-pistazien-500g\/#primaryimage"},"image":{"@id":"https:\/\/deseopatisserie.com\/de\/produkt\/geroestete-pistazien-500g\/#primaryimage"},"thumbnailUrl":"https:\/\/deseopatisserie.com\/\/wp-content\/uploads\/2022\/09\/pistacje-prazone-500g.png","datePublished":"2022-09-16T11:09:33+00:00","dateModified":"2025-04-02T13:47:10+00:00","description":"Ger\u00f6stete Pistazien 500g sind die perfekte Basis f\u00fcr die Zubereitung von Desserts und Snacks, aber auch einfach nur zum Knuspern! Gesund und lecker!","breadcrumb":{"@id":"https:\/\/deseopatisserie.com\/de\/produkt\/geroestete-pistazien-500g\/#breadcrumb"},"inLanguage":"de","potentialAction":[{"@type":"ReadAction","target":["https:\/\/deseopatisserie.com\/de\/produkt\/geroestete-pistazien-500g\/"]}]},{"@type":"ImageObject","inLanguage":"de","@id":"https:\/\/deseopatisserie.com\/de\/produkt\/geroestete-pistazien-500g\/#primaryimage","url":"https:\/\/deseopatisserie.com\/\/wp-content\/uploads\/2022\/09\/pistacje-prazone-500g.png","contentUrl":"https:\/\/deseopatisserie.com\/\/wp-content\/uploads\/2022\/09\/pistacje-prazone-500g.png","width":2048,"height":1365,"caption":"pistacje pra\u017cone 500g DESEO"},{"@type":"BreadcrumbList","@id":"https:\/\/deseopatisserie.com\/de\/produkt\/geroestete-pistazien-500g\/#breadcrumb","itemListElement":[{"@type":"ListItem","position":1,"name":"Strona g\u0142\u00f3wna","item":"https:\/\/deseopatisserie.com\/de\/homepage\/"},{"@type":"ListItem","position":2,"name":"Ger\u00f6stete Pistazien 500g"}]},{"@type":"WebSite","@id":"https:\/\/deseopatisserie.com\/de\/#website","url":"https:\/\/deseopatisserie.com\/de\/","name":"DESEO","description":"Patisserie &amp; Chocolaterie","potentialAction":[{"@type":"SearchAction","target":{"@type":"EntryPoint","urlTemplate":"https:\/\/deseopatisserie.com\/de\/?s={search_term_string}"},"query-input":{"@type":"PropertyValueSpecification","valueRequired":true,"valueName":"search_term_string"}}],"inLanguage":"de"}]}},"_links":{"self":[{"href":"https:\/\/deseopatisserie.com\/de\/wp-json\/wp\/v2\/product\/90808","targetHints":{"allow":["GET"]}}],"collection":[{"href":"https:\/\/deseopatisserie.com\/de\/wp-json\/wp\/v2\/product"}],"about":[{"href":"https:\/\/deseopatisserie.com\/de\/wp-json\/wp\/v2\/types\/product"}],"wp:featuredmedia":[{"embeddable":true,"href":"https:\/\/deseopatisserie.com\/de\/wp-json\/wp\/v2\/media\/113916"}],"wp:attachment":[{"href":"https:\/\/deseopatisserie.com\/de\/wp-json\/wp\/v2\/media?parent=90808"}],"wp:term":[{"taxonomy":"product_brand","embeddable":true,"href":"https:\/\/deseopatisserie.com\/de\/wp-json\/wp\/v2\/product_brand?post=90808"},{"taxonomy":"product_cat","embeddable":true,"href":"https:\/\/deseopatisserie.com\/de\/wp-json\/wp\/v2\/product_cat?post=90808"},{"taxonomy":"product_tag","embeddable":true,"href":"https:\/\/deseopatisserie.com\/de\/wp-json\/wp\/v2\/product_tag?post=90808"}],"curies":[{"name":"wp","href":"https:\/\/api.w.org\/{rel}","templated":true}]}}