{"id":90780,"date":"2022-06-07T17:03:33","date_gmt":"2022-06-07T15:03:33","guid":{"rendered":"https:\/\/deseopatisserie.com\/produkt\/kuchen-fuer-ein-jahr-alt-blau\/"},"modified":"2022-06-07T17:03:33","modified_gmt":"2022-06-07T15:03:33","slug":"kuchen-fuer-ein-jahr-alt-blau","status":"publish","type":"product","link":"https:\/\/deseopatisserie.com\/de\/produkt\/kuchen-fuer-ein-jahr-alt-blau\/","title":{"rendered":"Kuchen f\u00fcr ein Jahr alt &#8211; Blau"},"content":{"rendered":"","protected":false},"excerpt":{"rendered":"<p>P\u00fcnktlich zum ersten Geburtstag. Ein zartes Blau, ein M\u00e4rchen, mit einem wundersch\u00f6nen Teddyb\u00e4ren, der zwischen Wolken und Sternen schl\u00e4ft, und einem gro\u00dfen goldenen. Sie k\u00f6nnen die Geschmacksrichtung Ihrer Wahl f\u00fcr die blaue Dekoration w\u00e4hlen. Die Geburtstagstorte Dekoration &#8211; Blau eignet sich perfekt als Teil von Dekorationen in den Farben Blau, Wei\u00df und Blaugr\u00fcn.   <\/p>\n<p>&nbsp;<\/p>\n<p>Nachfolgend finden Sie alle verf\u00fcgbaren Geschmacksrichtungen: <strong>Lorena<\/strong> \u2013 Mousse mit Vanille Bourbon aus Madagaskar \/ Rotes Fruchtgelee \u2013 Erdbeere, Kirsche, Himbeere \/ Vanille Namelaka Creme \/ Vanille Crisp \/ Vanille Biskuitkuchen \/ <strong>Chantilly Opera<\/strong> Cream \u2013 Kaffeemousse \/ Schokobohnencreme \u2013 to \u2013 Dominikanische Dark Milk Bar 52% \/ Namelaka Creme auf Basis von Karamellschokolade \/ knusprig knusprig mit Kaffeepraline \/ Joconde Biskuit in Kaffeesirup getr\u00e4nkt mit Chopin Lik\u00f6r<\/p>\n<p><strong>Nocciola<\/strong> \u2013 Haselnussmousse \/ Namelaka-Creme mit Haselnussgeschmack \/ Haselnusspraline \/ Karamellcreme \/ Milchschokoladen-Crisp mit Haseln\u00fcssen \/ Fresamore-Erdnuss-Biskuitkuchen \u2013 Chantilly-Mousse mit Vanille Bourbon aus Madagaskar \/ wei\u00dfer Schokoladen-Crisp mit Mandelbl\u00e4ttchen und gefriergetrockneten Erdbeeren \/ Spinat-Biskuitkuchen mit Orangenschale \/ Gelee mit ganzen Erdbeeren <strong>Nicaragua<\/strong> <strong> \u2013 trockene Schokoladenganache Nicaragua 70% \/ Karamell und trockene Schokoladenganache Nicaragua 70% \/ trockene Schokoladenmousse Nicaragua 70% \/ Moelleux-Kuchen auf Basis von trockener Schokolade Nicaragua 70% \/ <strong>knusprig mit<\/strong> Bella-Nibs \u2013 Himbeermousse \/ Himbeermarmelade mit Bergamotte \/ Mini-Vanille-K\u00e4sekuchen \/ zarter Joconde-Biskuitkuchen mit Limette<\/strong><\/p>\n<p><strong>Azia 2.0<\/strong> \u2013 wei\u00dfe Schokoladenmousse mit Ingwer und Kaffirlimettenbl\u00e4ttern \/ fl\u00fcssiges Inneres auf der Basis von Passionsfrucht, Mango und Calamansi mit frischen Ananasst\u00fccken \/ Kokosnuss-Biskuitkuchen \/ M\u00fcrbeteig mit ger\u00f6steter wei\u00dfer Schokolade<strong>Pistazien<br \/>\n<\/strong> \u2013 Pistazienmousse \/ Pistazien-Namelaka \/ Pistazienenpraline \/ knusprige Pistazien knusprig knusprig \/ Pistazien-Biskuitkuchen<\/p>\n<p>&nbsp;<\/p>\n<p>Die Dekoration f\u00fcr den ersten Geburtstag ist auch in <strong>den Farben BEIGE<\/strong> und <strong>PINK<\/strong> erh\u00e4ltlich. W\u00e4hlen Sie das perfekte f\u00fcr Sie! <\/p>\n","protected":false},"featured_media":83539,"template":"","meta":{"_acf_changed":false},"product_brand":[],"product_cat":[2622,2612,2644],"product_tag":[],"class_list":{"0":"post-90780","1":"product","2":"type-product","3":"status-publish","4":"has-post-thumbnail","6":"product_cat-geburtstagskuchen","7":"product_cat-kuchen","8":"product_cat-kuchen-fur-das-erste-jahr","10":"first","11":"instock","12":"taxable","13":"shipping-taxable","14":"purchasable","15":"product-type-variable"},"acf":[],"yoast_head":"<!-- This site is optimized with the Yoast SEO plugin v27.4 - https:\/\/yoast.com\/product\/yoast-seo-wordpress\/ -->\n<title>Kuchen f\u00fcr ein Jahr - DESEO Confectionery Warsaw<\/title>\n<meta name=\"description\" content=\"Kuchen f\u00fcr das Jahr - blau, mit einem s\u00fc\u00dfen Teddyb\u00e4ren, der zwischen den Wolken schl\u00e4ft, und einem klaren goldenen. Perfekt f\u00fcr eine Feier in Pastellfarben!\" \/>\n<meta name=\"robots\" content=\"index, follow, max-snippet:-1, max-image-preview:large, max-video-preview:-1\" \/>\n<link rel=\"canonical\" href=\"https:\/\/deseopatisserie.com\/de\/produkt\/kuchen-fuer-ein-jahr-alt-blau\/\" \/>\n<meta property=\"og:locale\" content=\"de_DE\" \/>\n<meta property=\"og:type\" content=\"article\" \/>\n<meta property=\"og:title\" content=\"Kuchen f\u00fcr ein Jahr alt - Blau\" \/>\n<meta property=\"og:description\" content=\"Ein einj\u00e4hriger Kuchen f\u00fcr einen Jungen - blau, mit einem s\u00fc\u00dfen Teddyb\u00e4ren, der zwischen den Wolken schl\u00e4ft, und einem ausgepr\u00e4gten goldenen. Perfekt f\u00fcr eine Feier in Pastellfarben!\" \/>\n<meta property=\"og:url\" content=\"https:\/\/deseopatisserie.com\/de\/produkt\/kuchen-fuer-ein-jahr-alt-blau\/\" \/>\n<meta property=\"og:site_name\" content=\"DESEO\" \/>\n<meta property=\"og:image\" content=\"https:\/\/deseopatisserie.com\/wp-content\/uploads\/2022\/06\/TORT-NA-ROCZEK-BLEKIT_3-1024x683.jpg\" \/>\n<meta name=\"twitter:card\" content=\"summary_large_image\" \/>\n<script type=\"application\/ld+json\" class=\"yoast-schema-graph\">{\"@context\":\"https:\\\/\\\/schema.org\",\"@graph\":[{\"@type\":\"WebPage\",\"@id\":\"https:\\\/\\\/deseopatisserie.com\\\/de\\\/produkt\\\/kuchen-fuer-ein-jahr-alt-blau\\\/\",\"url\":\"https:\\\/\\\/deseopatisserie.com\\\/de\\\/produkt\\\/kuchen-fuer-ein-jahr-alt-blau\\\/\",\"name\":\"Kuchen f\u00fcr ein Jahr - DESEO Confectionery Warsaw\",\"isPartOf\":{\"@id\":\"https:\\\/\\\/deseopatisserie.com\\\/de\\\/#website\"},\"primaryImageOfPage\":{\"@id\":\"https:\\\/\\\/deseopatisserie.com\\\/de\\\/produkt\\\/kuchen-fuer-ein-jahr-alt-blau\\\/#primaryimage\"},\"image\":{\"@id\":\"https:\\\/\\\/deseopatisserie.com\\\/de\\\/produkt\\\/kuchen-fuer-ein-jahr-alt-blau\\\/#primaryimage\"},\"thumbnailUrl\":\"https:\\\/\\\/deseopatisserie.com\\\/\\\/wp-content\\\/uploads\\\/2022\\\/06\\\/TORT-NA-ROCZEK-BLEKIT_3.jpg\",\"datePublished\":\"2022-06-07T15:03:33+00:00\",\"description\":\"Kuchen f\u00fcr das Jahr - blau, mit einem s\u00fc\u00dfen Teddyb\u00e4ren, der zwischen den Wolken schl\u00e4ft, und einem klaren goldenen. Perfekt f\u00fcr eine Feier in Pastellfarben!\",\"breadcrumb\":{\"@id\":\"https:\\\/\\\/deseopatisserie.com\\\/de\\\/produkt\\\/kuchen-fuer-ein-jahr-alt-blau\\\/#breadcrumb\"},\"inLanguage\":\"de\",\"potentialAction\":[{\"@type\":\"ReadAction\",\"target\":[\"https:\\\/\\\/deseopatisserie.com\\\/de\\\/produkt\\\/kuchen-fuer-ein-jahr-alt-blau\\\/\"]}]},{\"@type\":\"ImageObject\",\"inLanguage\":\"de\",\"@id\":\"https:\\\/\\\/deseopatisserie.com\\\/de\\\/produkt\\\/kuchen-fuer-ein-jahr-alt-blau\\\/#primaryimage\",\"url\":\"https:\\\/\\\/deseopatisserie.com\\\/\\\/wp-content\\\/uploads\\\/2022\\\/06\\\/TORT-NA-ROCZEK-BLEKIT_3.jpg\",\"contentUrl\":\"https:\\\/\\\/deseopatisserie.com\\\/\\\/wp-content\\\/uploads\\\/2022\\\/06\\\/TORT-NA-ROCZEK-BLEKIT_3.jpg\",\"width\":1250,\"height\":834},{\"@type\":\"BreadcrumbList\",\"@id\":\"https:\\\/\\\/deseopatisserie.com\\\/de\\\/produkt\\\/kuchen-fuer-ein-jahr-alt-blau\\\/#breadcrumb\",\"itemListElement\":[{\"@type\":\"ListItem\",\"position\":1,\"name\":\"Strona g\u0142\u00f3wna\",\"item\":\"https:\\\/\\\/deseopatisserie.com\\\/de\\\/homepage\\\/\"},{\"@type\":\"ListItem\",\"position\":2,\"name\":\"Kuchen f\u00fcr ein Jahr alt &#8211; Blau\"}]},{\"@type\":\"WebSite\",\"@id\":\"https:\\\/\\\/deseopatisserie.com\\\/de\\\/#website\",\"url\":\"https:\\\/\\\/deseopatisserie.com\\\/de\\\/\",\"name\":\"DESEO\",\"description\":\"Patisserie &amp; Chocolaterie\",\"potentialAction\":[{\"@type\":\"SearchAction\",\"target\":{\"@type\":\"EntryPoint\",\"urlTemplate\":\"https:\\\/\\\/deseopatisserie.com\\\/de\\\/?s={search_term_string}\"},\"query-input\":{\"@type\":\"PropertyValueSpecification\",\"valueRequired\":true,\"valueName\":\"search_term_string\"}}],\"inLanguage\":\"de\"}]}<\/script>\n<!-- \/ Yoast SEO plugin. -->","yoast_head_json":{"title":"Kuchen f\u00fcr ein Jahr - DESEO Confectionery Warsaw","description":"Kuchen f\u00fcr das Jahr - blau, mit einem s\u00fc\u00dfen Teddyb\u00e4ren, der zwischen den Wolken schl\u00e4ft, und einem klaren goldenen. Perfekt f\u00fcr eine Feier in Pastellfarben!","robots":{"index":"index","follow":"follow","max-snippet":"max-snippet:-1","max-image-preview":"max-image-preview:large","max-video-preview":"max-video-preview:-1"},"canonical":"https:\/\/deseopatisserie.com\/de\/produkt\/kuchen-fuer-ein-jahr-alt-blau\/","og_locale":"de_DE","og_type":"article","og_title":"Kuchen f\u00fcr ein Jahr alt - Blau","og_description":"Ein einj\u00e4hriger Kuchen f\u00fcr einen Jungen - blau, mit einem s\u00fc\u00dfen Teddyb\u00e4ren, der zwischen den Wolken schl\u00e4ft, und einem ausgepr\u00e4gten goldenen. Perfekt f\u00fcr eine Feier in Pastellfarben!","og_url":"https:\/\/deseopatisserie.com\/de\/produkt\/kuchen-fuer-ein-jahr-alt-blau\/","og_site_name":"DESEO","og_image":[{"url":"https:\/\/deseopatisserie.com\/wp-content\/uploads\/2022\/06\/TORT-NA-ROCZEK-BLEKIT_3-1024x683.jpg","type":"","width":"","height":""}],"twitter_card":"summary_large_image","schema":{"@context":"https:\/\/schema.org","@graph":[{"@type":"WebPage","@id":"https:\/\/deseopatisserie.com\/de\/produkt\/kuchen-fuer-ein-jahr-alt-blau\/","url":"https:\/\/deseopatisserie.com\/de\/produkt\/kuchen-fuer-ein-jahr-alt-blau\/","name":"Kuchen f\u00fcr ein Jahr - DESEO Confectionery Warsaw","isPartOf":{"@id":"https:\/\/deseopatisserie.com\/de\/#website"},"primaryImageOfPage":{"@id":"https:\/\/deseopatisserie.com\/de\/produkt\/kuchen-fuer-ein-jahr-alt-blau\/#primaryimage"},"image":{"@id":"https:\/\/deseopatisserie.com\/de\/produkt\/kuchen-fuer-ein-jahr-alt-blau\/#primaryimage"},"thumbnailUrl":"https:\/\/deseopatisserie.com\/\/wp-content\/uploads\/2022\/06\/TORT-NA-ROCZEK-BLEKIT_3.jpg","datePublished":"2022-06-07T15:03:33+00:00","description":"Kuchen f\u00fcr das Jahr - blau, mit einem s\u00fc\u00dfen Teddyb\u00e4ren, der zwischen den Wolken schl\u00e4ft, und einem klaren goldenen. Perfekt f\u00fcr eine Feier in Pastellfarben!","breadcrumb":{"@id":"https:\/\/deseopatisserie.com\/de\/produkt\/kuchen-fuer-ein-jahr-alt-blau\/#breadcrumb"},"inLanguage":"de","potentialAction":[{"@type":"ReadAction","target":["https:\/\/deseopatisserie.com\/de\/produkt\/kuchen-fuer-ein-jahr-alt-blau\/"]}]},{"@type":"ImageObject","inLanguage":"de","@id":"https:\/\/deseopatisserie.com\/de\/produkt\/kuchen-fuer-ein-jahr-alt-blau\/#primaryimage","url":"https:\/\/deseopatisserie.com\/\/wp-content\/uploads\/2022\/06\/TORT-NA-ROCZEK-BLEKIT_3.jpg","contentUrl":"https:\/\/deseopatisserie.com\/\/wp-content\/uploads\/2022\/06\/TORT-NA-ROCZEK-BLEKIT_3.jpg","width":1250,"height":834},{"@type":"BreadcrumbList","@id":"https:\/\/deseopatisserie.com\/de\/produkt\/kuchen-fuer-ein-jahr-alt-blau\/#breadcrumb","itemListElement":[{"@type":"ListItem","position":1,"name":"Strona g\u0142\u00f3wna","item":"https:\/\/deseopatisserie.com\/de\/homepage\/"},{"@type":"ListItem","position":2,"name":"Kuchen f\u00fcr ein Jahr alt &#8211; Blau"}]},{"@type":"WebSite","@id":"https:\/\/deseopatisserie.com\/de\/#website","url":"https:\/\/deseopatisserie.com\/de\/","name":"DESEO","description":"Patisserie &amp; Chocolaterie","potentialAction":[{"@type":"SearchAction","target":{"@type":"EntryPoint","urlTemplate":"https:\/\/deseopatisserie.com\/de\/?s={search_term_string}"},"query-input":{"@type":"PropertyValueSpecification","valueRequired":true,"valueName":"search_term_string"}}],"inLanguage":"de"}]}},"_links":{"self":[{"href":"https:\/\/deseopatisserie.com\/de\/wp-json\/wp\/v2\/product\/90780","targetHints":{"allow":["GET"]}}],"collection":[{"href":"https:\/\/deseopatisserie.com\/de\/wp-json\/wp\/v2\/product"}],"about":[{"href":"https:\/\/deseopatisserie.com\/de\/wp-json\/wp\/v2\/types\/product"}],"wp:featuredmedia":[{"embeddable":true,"href":"https:\/\/deseopatisserie.com\/de\/wp-json\/wp\/v2\/media\/83539"}],"wp:attachment":[{"href":"https:\/\/deseopatisserie.com\/de\/wp-json\/wp\/v2\/media?parent=90780"}],"wp:term":[{"taxonomy":"product_brand","embeddable":true,"href":"https:\/\/deseopatisserie.com\/de\/wp-json\/wp\/v2\/product_brand?post=90780"},{"taxonomy":"product_cat","embeddable":true,"href":"https:\/\/deseopatisserie.com\/de\/wp-json\/wp\/v2\/product_cat?post=90780"},{"taxonomy":"product_tag","embeddable":true,"href":"https:\/\/deseopatisserie.com\/de\/wp-json\/wp\/v2\/product_tag?post=90780"}],"curies":[{"name":"wp","href":"https:\/\/api.w.org\/{rel}","templated":true}]}}