{"id":90755,"date":"2022-06-07T16:44:57","date_gmt":"2022-06-07T14:44:57","guid":{"rendered":"https:\/\/deseopatisserie.com\/produkt\/kuchen-fuer-ein-geburtsjahr-rosa\/"},"modified":"2022-06-07T16:44:57","modified_gmt":"2022-06-07T14:44:57","slug":"kuchen-fuer-ein-geburtsjahr-rosa","status":"publish","type":"product","link":"https:\/\/deseopatisserie.com\/de\/produkt\/kuchen-fuer-ein-geburtsjahr-rosa\/","title":{"rendered":"Kuchen f\u00fcr ein Geburtsjahr &#8211; Rosa"},"content":{"rendered":"","protected":false},"excerpt":{"rendered":"<p>Perfekt f\u00fcr einen ersten Geburtstag. Zart, m\u00e4rchenhaft, mit einem wundersch\u00f6nen Teddyb\u00e4ren, der zwischen Wolken und Sternen schl\u00e4ft. Sie k\u00f6nnen die Geschmacksrichtung Ihrer Wahl f\u00fcr die rosa Dekoration f\u00fcr den Einj\u00e4hrigen w\u00e4hlen.  <\/p>\n<p>&nbsp;<\/p>\n<p>Nachfolgend finden Sie alle verf\u00fcgbaren Geschmacksrichtungen: <strong>Lorena<\/strong> \u2013 Mousse mit Vanille Bourbon aus Madagaskar \/ Rotes Fruchtgelee \u2013 Erdbeere, Kirsche, Himbeere \/ Vanille Namelaka Creme \/ Vanille Crisp \/ Vanille Biskuitkuchen \/ <strong>Chantilly Opera<\/strong> Cream \u2013 Kaffeemousse \/ Schokobohnencreme \u2013 to \u2013 Dominikanische Dark Milk Bar 52% \/ Namelaka Creme auf Basis von Karamellschokolade \/ knusprig knusprig mit Kaffeepraline \/ Joconde Biskuit in Kaffeesirup getr\u00e4nkt mit Chopin Lik\u00f6r<\/p>\n<p><strong>Nocciola<\/strong> \u2013 Haselnussmousse \/ Namelaka-Creme mit Haselnussgeschmack \/ Haselnusspraline \/ Karamellcreme \/ Milchschokoladen-Crisp mit Haseln\u00fcssen \/ Fresamore-Erdnuss-Biskuitkuchen \u2013 Chantilly-Mousse mit Vanille Bourbon aus Madagaskar \/ wei\u00dfer Schokoladen-Crisp mit Mandelbl\u00e4ttchen und gefriergetrockneten Erdbeeren \/ Spinat-Biskuitkuchen mit Orangenschale \/ Gelee mit ganzen Erdbeeren <strong>Nicaragua<\/strong> <strong> \u2013 trockene Schokoladenganache Nicaragua 70% \/ Karamell und trockene Schokoladenganache Nicaragua 70% \/ trockene Schokoladenmousse Nicaragua 70% \/ Moelleux-Kuchen auf Basis von trockener Schokolade Nicaragua 70% \/ <strong>knusprig mit<\/strong> Bella-Nibs \u2013 Himbeermousse \/ Himbeermarmelade mit Bergamotte \/ Mini-Vanille-K\u00e4sekuchen \/ zarter Joconde-Biskuitkuchen mit Limette<\/strong><\/p>\n<p><strong>Azia 2.0<\/strong> \u2013 wei\u00dfe Schokoladenmousse mit Ingwer und Kaffirlimettenbl\u00e4ttern \/ fl\u00fcssiges Inneres auf der Basis von Passionsfrucht, Mango und Calamansi mit frischen Ananasst\u00fccken \/ Kokosnuss-Biskuitkuchen \/ M\u00fcrbeteig mit ger\u00f6steter wei\u00dfer Schokolade<strong>Pistazien<br \/>\n<\/strong> \u2013 Pistazienmousse \/ Pistazien-Namelaka \/ Pistazienenpraline \/ knusprige Pistazien knusprig knusprig \/ Pistazien-Biskuitkuchen<\/p>\n<p>&nbsp;<\/p>\n<p>Die Dekoration f\u00fcr den ersten Geburtstag ist auch in <strong>den Farben BLAU<\/strong> und <strong>BEIGE<\/strong> erh\u00e4ltlich. W\u00e4hlen Sie das perfekte f\u00fcr Sie! <\/p>\n","protected":false},"featured_media":83507,"template":"","meta":{"_acf_changed":false},"product_brand":[],"product_cat":[2622,2612,2644],"product_tag":[],"class_list":{"0":"post-90755","1":"product","2":"type-product","3":"status-publish","4":"has-post-thumbnail","6":"product_cat-geburtstagskuchen","7":"product_cat-kuchen","8":"product_cat-kuchen-fur-das-erste-jahr","10":"first","11":"instock","12":"taxable","13":"shipping-taxable","14":"purchasable","15":"product-type-variable"},"acf":[],"yoast_head":"<!-- This site is optimized with the Yoast SEO plugin v27.4 - https:\/\/yoast.com\/product\/yoast-seo-wordpress\/ -->\n<title>Ein Jahr Kuchen f\u00fcr ein M\u00e4dchen - DESEO Confectionery Warsaw<\/title>\n<meta name=\"description\" content=\"Torte zum ersten Geburtstag - sch\u00f6n verarbeitet, in zartem Rosa, mit einem charmanten Teddyb\u00e4ren, der zwischen Wolken und Sternen schl\u00e4ft. Gerade rechtzeitig f\u00fcr ein Jahr!\" \/>\n<meta name=\"robots\" content=\"index, follow, max-snippet:-1, max-image-preview:large, max-video-preview:-1\" \/>\n<link rel=\"canonical\" href=\"https:\/\/deseopatisserie.com\/de\/produkt\/kuchen-fuer-ein-geburtsjahr-rosa\/\" \/>\n<meta property=\"og:locale\" content=\"de_DE\" \/>\n<meta property=\"og:type\" content=\"article\" \/>\n<meta property=\"og:title\" content=\"Kuchen f\u00fcr ein Geburtsjahr - Rosa\" \/>\n<meta property=\"og:description\" content=\"Torte zum ersten Geburtstag - sch\u00f6n verarbeitet, in zartem Rosa, mit einem charmanten Teddyb\u00e4ren, der zwischen Wolken und Sternen schl\u00e4ft. Gerade rechtzeitig f\u00fcr ein Jahr!\" \/>\n<meta property=\"og:url\" content=\"https:\/\/deseopatisserie.com\/de\/produkt\/kuchen-fuer-ein-geburtsjahr-rosa\/\" \/>\n<meta property=\"og:site_name\" content=\"DESEO\" \/>\n<meta property=\"og:image\" content=\"https:\/\/deseopatisserie.com\/wp-content\/uploads\/2022\/06\/tort-ROCZEK_ROZ_2-1024x683.jpg\" \/>\n<meta name=\"twitter:card\" content=\"summary_large_image\" \/>\n<script type=\"application\/ld+json\" class=\"yoast-schema-graph\">{\"@context\":\"https:\\\/\\\/schema.org\",\"@graph\":[{\"@type\":\"WebPage\",\"@id\":\"https:\\\/\\\/deseopatisserie.com\\\/de\\\/produkt\\\/kuchen-fuer-ein-geburtsjahr-rosa\\\/\",\"url\":\"https:\\\/\\\/deseopatisserie.com\\\/de\\\/produkt\\\/kuchen-fuer-ein-geburtsjahr-rosa\\\/\",\"name\":\"Ein Jahr Kuchen f\u00fcr ein M\u00e4dchen - DESEO Confectionery Warsaw\",\"isPartOf\":{\"@id\":\"https:\\\/\\\/deseopatisserie.com\\\/de\\\/#website\"},\"primaryImageOfPage\":{\"@id\":\"https:\\\/\\\/deseopatisserie.com\\\/de\\\/produkt\\\/kuchen-fuer-ein-geburtsjahr-rosa\\\/#primaryimage\"},\"image\":{\"@id\":\"https:\\\/\\\/deseopatisserie.com\\\/de\\\/produkt\\\/kuchen-fuer-ein-geburtsjahr-rosa\\\/#primaryimage\"},\"thumbnailUrl\":\"https:\\\/\\\/deseopatisserie.com\\\/\\\/wp-content\\\/uploads\\\/2022\\\/06\\\/TORT-na-roczek-_ROZ.jpg\",\"datePublished\":\"2022-06-07T14:44:57+00:00\",\"description\":\"Torte zum ersten Geburtstag - sch\u00f6n verarbeitet, in zartem Rosa, mit einem charmanten Teddyb\u00e4ren, der zwischen Wolken und Sternen schl\u00e4ft. Gerade rechtzeitig f\u00fcr ein Jahr!\",\"breadcrumb\":{\"@id\":\"https:\\\/\\\/deseopatisserie.com\\\/de\\\/produkt\\\/kuchen-fuer-ein-geburtsjahr-rosa\\\/#breadcrumb\"},\"inLanguage\":\"de\",\"potentialAction\":[{\"@type\":\"ReadAction\",\"target\":[\"https:\\\/\\\/deseopatisserie.com\\\/de\\\/produkt\\\/kuchen-fuer-ein-geburtsjahr-rosa\\\/\"]}]},{\"@type\":\"ImageObject\",\"inLanguage\":\"de\",\"@id\":\"https:\\\/\\\/deseopatisserie.com\\\/de\\\/produkt\\\/kuchen-fuer-ein-geburtsjahr-rosa\\\/#primaryimage\",\"url\":\"https:\\\/\\\/deseopatisserie.com\\\/\\\/wp-content\\\/uploads\\\/2022\\\/06\\\/TORT-na-roczek-_ROZ.jpg\",\"contentUrl\":\"https:\\\/\\\/deseopatisserie.com\\\/\\\/wp-content\\\/uploads\\\/2022\\\/06\\\/TORT-na-roczek-_ROZ.jpg\",\"width\":2500,\"height\":1667},{\"@type\":\"BreadcrumbList\",\"@id\":\"https:\\\/\\\/deseopatisserie.com\\\/de\\\/produkt\\\/kuchen-fuer-ein-geburtsjahr-rosa\\\/#breadcrumb\",\"itemListElement\":[{\"@type\":\"ListItem\",\"position\":1,\"name\":\"Strona g\u0142\u00f3wna\",\"item\":\"https:\\\/\\\/deseopatisserie.com\\\/de\\\/homepage\\\/\"},{\"@type\":\"ListItem\",\"position\":2,\"name\":\"Kuchen f\u00fcr ein Geburtsjahr &#8211; Rosa\"}]},{\"@type\":\"WebSite\",\"@id\":\"https:\\\/\\\/deseopatisserie.com\\\/de\\\/#website\",\"url\":\"https:\\\/\\\/deseopatisserie.com\\\/de\\\/\",\"name\":\"DESEO\",\"description\":\"Patisserie &amp; Chocolaterie\",\"potentialAction\":[{\"@type\":\"SearchAction\",\"target\":{\"@type\":\"EntryPoint\",\"urlTemplate\":\"https:\\\/\\\/deseopatisserie.com\\\/de\\\/?s={search_term_string}\"},\"query-input\":{\"@type\":\"PropertyValueSpecification\",\"valueRequired\":true,\"valueName\":\"search_term_string\"}}],\"inLanguage\":\"de\"}]}<\/script>\n<!-- \/ Yoast SEO plugin. -->","yoast_head_json":{"title":"Ein Jahr Kuchen f\u00fcr ein M\u00e4dchen - DESEO Confectionery Warsaw","description":"Torte zum ersten Geburtstag - sch\u00f6n verarbeitet, in zartem Rosa, mit einem charmanten Teddyb\u00e4ren, der zwischen Wolken und Sternen schl\u00e4ft. Gerade rechtzeitig f\u00fcr ein Jahr!","robots":{"index":"index","follow":"follow","max-snippet":"max-snippet:-1","max-image-preview":"max-image-preview:large","max-video-preview":"max-video-preview:-1"},"canonical":"https:\/\/deseopatisserie.com\/de\/produkt\/kuchen-fuer-ein-geburtsjahr-rosa\/","og_locale":"de_DE","og_type":"article","og_title":"Kuchen f\u00fcr ein Geburtsjahr - Rosa","og_description":"Torte zum ersten Geburtstag - sch\u00f6n verarbeitet, in zartem Rosa, mit einem charmanten Teddyb\u00e4ren, der zwischen Wolken und Sternen schl\u00e4ft. Gerade rechtzeitig f\u00fcr ein Jahr!","og_url":"https:\/\/deseopatisserie.com\/de\/produkt\/kuchen-fuer-ein-geburtsjahr-rosa\/","og_site_name":"DESEO","og_image":[{"url":"https:\/\/deseopatisserie.com\/wp-content\/uploads\/2022\/06\/tort-ROCZEK_ROZ_2-1024x683.jpg","type":"","width":"","height":""}],"twitter_card":"summary_large_image","schema":{"@context":"https:\/\/schema.org","@graph":[{"@type":"WebPage","@id":"https:\/\/deseopatisserie.com\/de\/produkt\/kuchen-fuer-ein-geburtsjahr-rosa\/","url":"https:\/\/deseopatisserie.com\/de\/produkt\/kuchen-fuer-ein-geburtsjahr-rosa\/","name":"Ein Jahr Kuchen f\u00fcr ein M\u00e4dchen - DESEO Confectionery Warsaw","isPartOf":{"@id":"https:\/\/deseopatisserie.com\/de\/#website"},"primaryImageOfPage":{"@id":"https:\/\/deseopatisserie.com\/de\/produkt\/kuchen-fuer-ein-geburtsjahr-rosa\/#primaryimage"},"image":{"@id":"https:\/\/deseopatisserie.com\/de\/produkt\/kuchen-fuer-ein-geburtsjahr-rosa\/#primaryimage"},"thumbnailUrl":"https:\/\/deseopatisserie.com\/\/wp-content\/uploads\/2022\/06\/TORT-na-roczek-_ROZ.jpg","datePublished":"2022-06-07T14:44:57+00:00","description":"Torte zum ersten Geburtstag - sch\u00f6n verarbeitet, in zartem Rosa, mit einem charmanten Teddyb\u00e4ren, der zwischen Wolken und Sternen schl\u00e4ft. Gerade rechtzeitig f\u00fcr ein Jahr!","breadcrumb":{"@id":"https:\/\/deseopatisserie.com\/de\/produkt\/kuchen-fuer-ein-geburtsjahr-rosa\/#breadcrumb"},"inLanguage":"de","potentialAction":[{"@type":"ReadAction","target":["https:\/\/deseopatisserie.com\/de\/produkt\/kuchen-fuer-ein-geburtsjahr-rosa\/"]}]},{"@type":"ImageObject","inLanguage":"de","@id":"https:\/\/deseopatisserie.com\/de\/produkt\/kuchen-fuer-ein-geburtsjahr-rosa\/#primaryimage","url":"https:\/\/deseopatisserie.com\/\/wp-content\/uploads\/2022\/06\/TORT-na-roczek-_ROZ.jpg","contentUrl":"https:\/\/deseopatisserie.com\/\/wp-content\/uploads\/2022\/06\/TORT-na-roczek-_ROZ.jpg","width":2500,"height":1667},{"@type":"BreadcrumbList","@id":"https:\/\/deseopatisserie.com\/de\/produkt\/kuchen-fuer-ein-geburtsjahr-rosa\/#breadcrumb","itemListElement":[{"@type":"ListItem","position":1,"name":"Strona g\u0142\u00f3wna","item":"https:\/\/deseopatisserie.com\/de\/homepage\/"},{"@type":"ListItem","position":2,"name":"Kuchen f\u00fcr ein Geburtsjahr &#8211; Rosa"}]},{"@type":"WebSite","@id":"https:\/\/deseopatisserie.com\/de\/#website","url":"https:\/\/deseopatisserie.com\/de\/","name":"DESEO","description":"Patisserie &amp; Chocolaterie","potentialAction":[{"@type":"SearchAction","target":{"@type":"EntryPoint","urlTemplate":"https:\/\/deseopatisserie.com\/de\/?s={search_term_string}"},"query-input":{"@type":"PropertyValueSpecification","valueRequired":true,"valueName":"search_term_string"}}],"inLanguage":"de"}]}},"_links":{"self":[{"href":"https:\/\/deseopatisserie.com\/de\/wp-json\/wp\/v2\/product\/90755","targetHints":{"allow":["GET"]}}],"collection":[{"href":"https:\/\/deseopatisserie.com\/de\/wp-json\/wp\/v2\/product"}],"about":[{"href":"https:\/\/deseopatisserie.com\/de\/wp-json\/wp\/v2\/types\/product"}],"wp:featuredmedia":[{"embeddable":true,"href":"https:\/\/deseopatisserie.com\/de\/wp-json\/wp\/v2\/media\/83507"}],"wp:attachment":[{"href":"https:\/\/deseopatisserie.com\/de\/wp-json\/wp\/v2\/media?parent=90755"}],"wp:term":[{"taxonomy":"product_brand","embeddable":true,"href":"https:\/\/deseopatisserie.com\/de\/wp-json\/wp\/v2\/product_brand?post=90755"},{"taxonomy":"product_cat","embeddable":true,"href":"https:\/\/deseopatisserie.com\/de\/wp-json\/wp\/v2\/product_cat?post=90755"},{"taxonomy":"product_tag","embeddable":true,"href":"https:\/\/deseopatisserie.com\/de\/wp-json\/wp\/v2\/product_tag?post=90755"}],"curies":[{"name":"wp","href":"https:\/\/api.w.org\/{rel}","templated":true}]}}