{"id":90701,"date":"2022-06-07T12:06:07","date_gmt":"2022-06-07T10:06:07","guid":{"rendered":"https:\/\/deseopatisserie.com\/produkt\/baby-shower-kuchen-rosa\/"},"modified":"2022-06-07T12:06:07","modified_gmt":"2022-06-07T10:06:07","slug":"baby-shower-kuchen-rosa","status":"publish","type":"product","link":"https:\/\/deseopatisserie.com\/de\/produkt\/baby-shower-kuchen-rosa\/","title":{"rendered":"Baby Shower Kuchen &#8211; Rosa"},"content":{"rendered":"","protected":false},"excerpt":{"rendered":"<p>Ein Kuchen, der sich perfekt f\u00fcr eine Babyparty eignet, die in zarten, pudrigen Farben geplant ist. Sch\u00f6n, subtil, charmant. <\/p>\n<p><strong>Nachfolgend findest du alle verf\u00fcgbaren Geschmacksrichtungen f\u00fcr die Baby Shower Torte:<\/strong><\/p>\n<p><strong>Lorena<\/strong> \u2013 Bourbon-Mousse mit Vanille aus Madagaskar \/ rotes Fruchtgelee \u2013 Erdbeere, Kirsche, Himbeere \/ Vanille-Namelaka-Creme \/ Vanille-Crisp \/ Vanille-Biskuitkuchen \/ Chantilly <strong>Opera<\/strong> Cream \u2013 Kaffeemousse \/ Schokoladenbohnencreme \u2013 zu \u2013 Dominikanischer Dunkelmilchriegel 52% \/ Namelaka-Creme auf Basis von Karamellschokolade \/ knusprig knusprig knusprig mit Kaffeepraline \/ Joconde-Biskuitkuchen in Kaffeesirup getr\u00e4nkt mit Chopin-Lik\u00f6r<\/p>\n<p><strong>Nocciola<\/strong> \u2013 Haselnussmousse \/ Namelaka-Creme mit Haselnussgeschmack \/ Haselnusspraline \/ Karamellcreme \/ Milchschokoladen-Crisp mit Haseln\u00fcssen \/ Fresamore-Erdnuss-Biskuitkuchen \u2013 Chantilly-Mousse mit Vanille Bourbon aus Madagaskar \/ wei\u00dfer Schokoladen-Crisp mit Mandelbl\u00e4ttchen und gefriergetrockneten Erdbeeren \/ Spinat-Biskuitkuchen mit Orangenschale \/ Gelee mit ganzen Erdbeeren <strong>Nicaragua<\/strong> <strong> \u2013 trockene Schokoladenganache Nicaragua 70% \/ Karamell und trockene Schokoladenganache Nicaragua 70% \/ trockene Schokoladenmousse Nicaragua 70% \/ Moelleux-Kuchen auf Basis von trockener Schokolade Nicaragua 70% \/ <strong>knusprig mit<\/strong> Bella-Nibs \u2013 Himbeermousse \/ Himbeermarmelade mit Bergamotte \/ Mini-Vanille-K\u00e4sekuchen \/ zarter Joconde-Biskuitkuchen mit Limette<\/strong><\/p>\n<p><strong>Azia 2.0<\/strong> \u2013 wei\u00dfe Schokoladenmousse mit Ingwer und Kaffirlimettenbl\u00e4ttern \/ fl\u00fcssiges Inneres auf der Basis von Passionsfrucht, Mango und Calamansi mit frischen Ananasst\u00fccken \/ Kokosnuss-Biskuitkuchen \/ M\u00fcrbeteig mit gebrannter wei\u00dfer Schokolade<strong>Pistazie<br \/>\n<\/strong> \u2013 Pistazienmousse \/ Pistazien-Namelaka \/ Pistazienenpraline \/ knusprige Pistazien knusprig knusprig \/ Pistazien-Biskuitkuchen Die Dekoration f\u00fcr BABY SHOWER ist auch in <strong>den Farben BLAU<\/strong> und <strong>BEIGE<\/strong> erh\u00e4ltlich. W\u00e4hlen Sie das perfekte f\u00fcr Sie!<\/p>\n","protected":false},"featured_media":83517,"template":"","meta":{"_acf_changed":false},"product_brand":[],"product_cat":[2612,2632],"product_tag":[],"class_list":{"0":"post-90701","1":"product","2":"type-product","3":"status-publish","4":"has-post-thumbnail","6":"product_cat-kuchen","7":"product_cat-kuchen-fur-die-babyparty","9":"first","10":"instock","11":"taxable","12":"shipping-taxable","13":"purchasable","14":"product-type-variable"},"acf":[],"yoast_head":"<!-- This site is optimized with the Yoast SEO plugin v27.4 - https:\/\/yoast.com\/product\/yoast-seo-wordpress\/ -->\n<title>Kuchen f\u00fcr die Babyparty - DESEO Konditorei Warschau<\/title>\n<meta name=\"description\" content=\"Ein Kuchen, der sich perfekt f\u00fcr eine Babyparty eignet, die in zarten, pudrigen Farben geplant ist. Sch\u00f6n, subtil, charmant. W\u00e4hlen Sie eine Geschmacksrichtung und genie\u00dfen Sie sie mit Ihren Lieben!\" \/>\n<meta name=\"robots\" content=\"index, follow, max-snippet:-1, max-image-preview:large, max-video-preview:-1\" \/>\n<link rel=\"canonical\" href=\"https:\/\/deseopatisserie.com\/de\/produkt\/baby-shower-kuchen-rosa\/\" \/>\n<meta property=\"og:locale\" content=\"de_DE\" \/>\n<meta property=\"og:type\" content=\"article\" \/>\n<meta property=\"og:title\" content=\"Baby Shower Kuchen - Rosa\" \/>\n<meta property=\"og:description\" content=\"Ein Kuchen, der sich perfekt f\u00fcr eine Babyparty eignet, die in zarten, pudrigen Farben geplant ist. Sch\u00f6n, subtil, charmant. W\u00e4hlen Sie eine Geschmacksrichtung und genie\u00dfen Sie sie mit Ihren Lieben!\" \/>\n<meta property=\"og:url\" content=\"https:\/\/deseopatisserie.com\/de\/produkt\/baby-shower-kuchen-rosa\/\" \/>\n<meta property=\"og:site_name\" content=\"DESEO\" \/>\n<meta property=\"og:image\" content=\"https:\/\/deseopatisserie.com\/wp-content\/uploads\/2022\/06\/TORT-BABY-SHOWER_ROZ-1024x690.jpg\" \/>\n<meta name=\"twitter:card\" content=\"summary_large_image\" \/>\n<script type=\"application\/ld+json\" class=\"yoast-schema-graph\">{\"@context\":\"https:\\\/\\\/schema.org\",\"@graph\":[{\"@type\":\"WebPage\",\"@id\":\"https:\\\/\\\/deseopatisserie.com\\\/de\\\/produkt\\\/baby-shower-kuchen-rosa\\\/\",\"url\":\"https:\\\/\\\/deseopatisserie.com\\\/de\\\/produkt\\\/baby-shower-kuchen-rosa\\\/\",\"name\":\"Kuchen f\u00fcr die Babyparty - DESEO Konditorei Warschau\",\"isPartOf\":{\"@id\":\"https:\\\/\\\/deseopatisserie.com\\\/de\\\/#website\"},\"primaryImageOfPage\":{\"@id\":\"https:\\\/\\\/deseopatisserie.com\\\/de\\\/produkt\\\/baby-shower-kuchen-rosa\\\/#primaryimage\"},\"image\":{\"@id\":\"https:\\\/\\\/deseopatisserie.com\\\/de\\\/produkt\\\/baby-shower-kuchen-rosa\\\/#primaryimage\"},\"thumbnailUrl\":\"https:\\\/\\\/deseopatisserie.com\\\/\\\/wp-content\\\/uploads\\\/2022\\\/06\\\/TORT-BABY-SHOWER_ROZ.jpg\",\"datePublished\":\"2022-06-07T10:06:07+00:00\",\"description\":\"Ein Kuchen, der sich perfekt f\u00fcr eine Babyparty eignet, die in zarten, pudrigen Farben geplant ist. Sch\u00f6n, subtil, charmant. W\u00e4hlen Sie eine Geschmacksrichtung und genie\u00dfen Sie sie mit Ihren Lieben!\",\"breadcrumb\":{\"@id\":\"https:\\\/\\\/deseopatisserie.com\\\/de\\\/produkt\\\/baby-shower-kuchen-rosa\\\/#breadcrumb\"},\"inLanguage\":\"de\",\"potentialAction\":[{\"@type\":\"ReadAction\",\"target\":[\"https:\\\/\\\/deseopatisserie.com\\\/de\\\/produkt\\\/baby-shower-kuchen-rosa\\\/\"]}]},{\"@type\":\"ImageObject\",\"inLanguage\":\"de\",\"@id\":\"https:\\\/\\\/deseopatisserie.com\\\/de\\\/produkt\\\/baby-shower-kuchen-rosa\\\/#primaryimage\",\"url\":\"https:\\\/\\\/deseopatisserie.com\\\/\\\/wp-content\\\/uploads\\\/2022\\\/06\\\/TORT-BABY-SHOWER_ROZ.jpg\",\"contentUrl\":\"https:\\\/\\\/deseopatisserie.com\\\/\\\/wp-content\\\/uploads\\\/2022\\\/06\\\/TORT-BABY-SHOWER_ROZ.jpg\",\"width\":1249,\"height\":842},{\"@type\":\"BreadcrumbList\",\"@id\":\"https:\\\/\\\/deseopatisserie.com\\\/de\\\/produkt\\\/baby-shower-kuchen-rosa\\\/#breadcrumb\",\"itemListElement\":[{\"@type\":\"ListItem\",\"position\":1,\"name\":\"Strona g\u0142\u00f3wna\",\"item\":\"https:\\\/\\\/deseopatisserie.com\\\/de\\\/homepage\\\/\"},{\"@type\":\"ListItem\",\"position\":2,\"name\":\"Baby Shower Kuchen &#8211; Rosa\"}]},{\"@type\":\"WebSite\",\"@id\":\"https:\\\/\\\/deseopatisserie.com\\\/de\\\/#website\",\"url\":\"https:\\\/\\\/deseopatisserie.com\\\/de\\\/\",\"name\":\"DESEO\",\"description\":\"Patisserie &amp; Chocolaterie\",\"potentialAction\":[{\"@type\":\"SearchAction\",\"target\":{\"@type\":\"EntryPoint\",\"urlTemplate\":\"https:\\\/\\\/deseopatisserie.com\\\/de\\\/?s={search_term_string}\"},\"query-input\":{\"@type\":\"PropertyValueSpecification\",\"valueRequired\":true,\"valueName\":\"search_term_string\"}}],\"inLanguage\":\"de\"}]}<\/script>\n<!-- \/ Yoast SEO plugin. -->","yoast_head_json":{"title":"Kuchen f\u00fcr die Babyparty - DESEO Konditorei Warschau","description":"Ein Kuchen, der sich perfekt f\u00fcr eine Babyparty eignet, die in zarten, pudrigen Farben geplant ist. Sch\u00f6n, subtil, charmant. W\u00e4hlen Sie eine Geschmacksrichtung und genie\u00dfen Sie sie mit Ihren Lieben!","robots":{"index":"index","follow":"follow","max-snippet":"max-snippet:-1","max-image-preview":"max-image-preview:large","max-video-preview":"max-video-preview:-1"},"canonical":"https:\/\/deseopatisserie.com\/de\/produkt\/baby-shower-kuchen-rosa\/","og_locale":"de_DE","og_type":"article","og_title":"Baby Shower Kuchen - Rosa","og_description":"Ein Kuchen, der sich perfekt f\u00fcr eine Babyparty eignet, die in zarten, pudrigen Farben geplant ist. Sch\u00f6n, subtil, charmant. W\u00e4hlen Sie eine Geschmacksrichtung und genie\u00dfen Sie sie mit Ihren Lieben!","og_url":"https:\/\/deseopatisserie.com\/de\/produkt\/baby-shower-kuchen-rosa\/","og_site_name":"DESEO","og_image":[{"url":"https:\/\/deseopatisserie.com\/wp-content\/uploads\/2022\/06\/TORT-BABY-SHOWER_ROZ-1024x690.jpg","type":"","width":"","height":""}],"twitter_card":"summary_large_image","schema":{"@context":"https:\/\/schema.org","@graph":[{"@type":"WebPage","@id":"https:\/\/deseopatisserie.com\/de\/produkt\/baby-shower-kuchen-rosa\/","url":"https:\/\/deseopatisserie.com\/de\/produkt\/baby-shower-kuchen-rosa\/","name":"Kuchen f\u00fcr die Babyparty - DESEO Konditorei Warschau","isPartOf":{"@id":"https:\/\/deseopatisserie.com\/de\/#website"},"primaryImageOfPage":{"@id":"https:\/\/deseopatisserie.com\/de\/produkt\/baby-shower-kuchen-rosa\/#primaryimage"},"image":{"@id":"https:\/\/deseopatisserie.com\/de\/produkt\/baby-shower-kuchen-rosa\/#primaryimage"},"thumbnailUrl":"https:\/\/deseopatisserie.com\/\/wp-content\/uploads\/2022\/06\/TORT-BABY-SHOWER_ROZ.jpg","datePublished":"2022-06-07T10:06:07+00:00","description":"Ein Kuchen, der sich perfekt f\u00fcr eine Babyparty eignet, die in zarten, pudrigen Farben geplant ist. Sch\u00f6n, subtil, charmant. W\u00e4hlen Sie eine Geschmacksrichtung und genie\u00dfen Sie sie mit Ihren Lieben!","breadcrumb":{"@id":"https:\/\/deseopatisserie.com\/de\/produkt\/baby-shower-kuchen-rosa\/#breadcrumb"},"inLanguage":"de","potentialAction":[{"@type":"ReadAction","target":["https:\/\/deseopatisserie.com\/de\/produkt\/baby-shower-kuchen-rosa\/"]}]},{"@type":"ImageObject","inLanguage":"de","@id":"https:\/\/deseopatisserie.com\/de\/produkt\/baby-shower-kuchen-rosa\/#primaryimage","url":"https:\/\/deseopatisserie.com\/\/wp-content\/uploads\/2022\/06\/TORT-BABY-SHOWER_ROZ.jpg","contentUrl":"https:\/\/deseopatisserie.com\/\/wp-content\/uploads\/2022\/06\/TORT-BABY-SHOWER_ROZ.jpg","width":1249,"height":842},{"@type":"BreadcrumbList","@id":"https:\/\/deseopatisserie.com\/de\/produkt\/baby-shower-kuchen-rosa\/#breadcrumb","itemListElement":[{"@type":"ListItem","position":1,"name":"Strona g\u0142\u00f3wna","item":"https:\/\/deseopatisserie.com\/de\/homepage\/"},{"@type":"ListItem","position":2,"name":"Baby Shower Kuchen &#8211; Rosa"}]},{"@type":"WebSite","@id":"https:\/\/deseopatisserie.com\/de\/#website","url":"https:\/\/deseopatisserie.com\/de\/","name":"DESEO","description":"Patisserie &amp; Chocolaterie","potentialAction":[{"@type":"SearchAction","target":{"@type":"EntryPoint","urlTemplate":"https:\/\/deseopatisserie.com\/de\/?s={search_term_string}"},"query-input":{"@type":"PropertyValueSpecification","valueRequired":true,"valueName":"search_term_string"}}],"inLanguage":"de"}]}},"_links":{"self":[{"href":"https:\/\/deseopatisserie.com\/de\/wp-json\/wp\/v2\/product\/90701","targetHints":{"allow":["GET"]}}],"collection":[{"href":"https:\/\/deseopatisserie.com\/de\/wp-json\/wp\/v2\/product"}],"about":[{"href":"https:\/\/deseopatisserie.com\/de\/wp-json\/wp\/v2\/types\/product"}],"wp:featuredmedia":[{"embeddable":true,"href":"https:\/\/deseopatisserie.com\/de\/wp-json\/wp\/v2\/media\/83517"}],"wp:attachment":[{"href":"https:\/\/deseopatisserie.com\/de\/wp-json\/wp\/v2\/media?parent=90701"}],"wp:term":[{"taxonomy":"product_brand","embeddable":true,"href":"https:\/\/deseopatisserie.com\/de\/wp-json\/wp\/v2\/product_brand?post=90701"},{"taxonomy":"product_cat","embeddable":true,"href":"https:\/\/deseopatisserie.com\/de\/wp-json\/wp\/v2\/product_cat?post=90701"},{"taxonomy":"product_tag","embeddable":true,"href":"https:\/\/deseopatisserie.com\/de\/wp-json\/wp\/v2\/product_tag?post=90701"}],"curies":[{"name":"wp","href":"https:\/\/api.w.org\/{rel}","templated":true}]}}