{"id":90694,"date":"2022-02-25T08:47:26","date_gmt":"2022-02-25T07:47:26","guid":{"rendered":"https:\/\/deseopatisserie.com\/produkt\/schokolade-haselnusscreme\/"},"modified":"2026-03-05T10:55:55","modified_gmt":"2026-03-05T09:55:55","slug":"schokolade-haselnusscreme","status":"publish","type":"product","link":"https:\/\/deseopatisserie.com\/de\/produkt\/schokolade-haselnusscreme\/","title":{"rendered":"Schokolade &amp; Haselnusscreme"},"content":{"rendered":"","protected":false},"excerpt":{"rendered":"<p><span style=\"font-size: 12pt;\">Sensationelle Schokoladen-Haselnuss-Creme auf Basis von Bean-to-Bar-Schokolade und ger\u00f6steten Haseln\u00fcssen. Die Sahne wird in unserer Werkstatt in Warschau von Grund auf neu hergestellt \u2013 wir arbeiten direkt mit Kakaobohnen, die von ausgew\u00e4hlten Plantagen auf der ganzen Welt importiert werden, und mit ausgew\u00e4hlten Haseln\u00fcssen. <\/span><\/p>\n<p><span style=\"font-size: 12pt;\"><strong>Wahrscheinlich finden Sie keine andere Schokoladencreme auf dem Markt mit einem so hohen Gehalt an N\u00fcssen \u2013 in unserem Fall sind es sogar 46 %!<\/strong><\/span><\/p>\n<p><span style=\"font-size: 12pt;\">Der Gehalt an Bohnenschokolade betr\u00e4gt 36%.<\/span><\/p>\n<p><span style=\"font-size: 12pt;\">Kein Palm\u00f6l!<\/span><\/p>\n<p><span style=\"font-size: 12pt;\"><strong>Die Creme hat eine angenehme, streichf\u00e4hige Konsistenz. Probieren Sie es unbedingt aus f\u00fcr: <\/strong><\/span><\/p>\n<p><span style=\"font-size: 12pt;\"> Zu Pancakes, Pancakes, Bananen-Pancakes, frischer Challa, Butterbr\u00f6tchen oder Fr\u00fchst\u00fcckscroissants.<\/span><\/p>\n<p><span style=\"font-size: 12pt;\">Als Zugabe zu Haferflocken, Hirse oder selbstgemachtem Granola.<\/span><\/p>\n<p><span style=\"font-size: 12pt;\">Mit s\u00fc\u00dfen Torten.<\/span><\/p>\n<p><span style=\"font-size: 12pt;\">Oder essen Sie direkt aus dem Glas! \ud83d\ude42 <\/span><\/p>\n<p><strong>Siehe auch:<\/strong><br \/>\n<span style=\"color: #bf883b;\"><a style=\"color: #bf883b;\" href=\"https:\/\/deseopatisserie.com\/produkt\/pasta-z-orzechow-laskowych-100\/\">Haselnusspaste 200g<\/a> | <a style=\"color: #bf883b;\" href=\"https:\/\/deseopatisserie.com\/produkt\/pasta-z-orzechow-laskowych-1kg\/\">Haselnusspaste 1 kg<\/a> | <a style=\"color: #bf883b;\" href=\"https:\/\/deseopatisserie.com\/produkt\/pasta-z-orzechow-laskowych-3kg\/\">Haselnusspaste 3 kg<\/a> | <a style=\"color: #bf883b;\" href=\"https:\/\/deseopatisserie.com\/produkt\/pasta-z-orzechow-laskowych-5kg\/\">Haselnusspaste 5 kg<\/a> | <a style=\"color: #bf883b;\" href=\"https:\/\/deseopatisserie.com\/de\/?attachment_id=7430\">Haselnuss-Praline 200g<\/a><\/span><\/p>\n<p>und <span style=\"color: #bf883b;\"><a style=\"color: #bf883b;\" href=\"https:\/\/deseopatisserie.com\/produkt\/orzechy-laskowe-prazone-250-g\/\">ger\u00f6stete Haseln\u00fcsse 250 g<\/a> | <a style=\"color: #bf883b;\" href=\"https:\/\/deseopatisserie.com\/produkt\/orzechy-laskowe-prazone-500-g\/\">Ger\u00f6stete Haseln\u00fcsse 500 g<\/a> | <a style=\"color: #bf883b;\" href=\"https:\/\/deseopatisserie.com\/produkt\/orzechy-laskowe-prazone-1-kg\/\">Ger\u00f6stete Haseln\u00fcsse 1 kg<\/a><\/span> \ud83d\udc49 Laden Sie das kostenlose Rezept-E-Book <span style=\"color: #bf883b;\"><a style=\"color: #bf883b;\" href=\"https:\/\/deseopatisserie.com\/produkt\/darmowy-orzech-laskowy-ebook-deseo\/\">Haselnuss-E-Book DESEO<\/a><\/span> herunter und bereiten Sie k\u00f6stliche Desserts auf Haselnussbasis zu!<\/p>\n","protected":false},"featured_media":84333,"template":"","meta":{"_acf_changed":false},"product_brand":[],"product_cat":[1645,1994],"product_tag":[],"class_list":{"0":"post-90694","1":"product","2":"type-product","3":"status-publish","4":"has-post-thumbnail","6":"product_cat-pasten-cremes","7":"product_cat-streichfahige-cremes","9":"first","10":"instock","11":"taxable","12":"shipping-taxable","13":"purchasable","14":"product-type-simple"},"acf":[],"yoast_head":"<!-- This site is optimized with the Yoast SEO plugin v27.4 - https:\/\/yoast.com\/product\/yoast-seo-wordpress\/ -->\n<title>Schokolade &amp; Haselnusscreme - Cukiernia DESEO Warszawa<\/title>\n<meta name=\"description\" content=\"Sensationelle Schokoladen-Haselnuss-Creme auf Basis von Bean-to-Bar-Schokolade und ger\u00f6steten Haseln\u00fcssen. Die Creme hat eine angenehme, streichf\u00e4hige Konsistenz.\" \/>\n<meta name=\"robots\" content=\"index, follow, max-snippet:-1, max-image-preview:large, max-video-preview:-1\" \/>\n<link rel=\"canonical\" href=\"https:\/\/deseopatisserie.com\/de\/produkt\/schokolade-haselnusscreme\/\" \/>\n<meta property=\"og:locale\" content=\"de_DE\" \/>\n<meta property=\"og:type\" content=\"article\" \/>\n<meta property=\"og:title\" content=\"Schokolade \/ Haselnusscreme\" \/>\n<meta property=\"og:description\" content=\"Sensationelle Schokoladen-Haselnuss-Creme auf Basis von Bean-to-Bar-Schokolade und ger\u00f6steten Haseln\u00fcssen. Die Creme hat eine angenehme, streichf\u00e4hige Konsistenz.\" \/>\n<meta property=\"og:url\" content=\"https:\/\/deseopatisserie.com\/de\/produkt\/schokolade-haselnusscreme\/\" \/>\n<meta property=\"og:site_name\" content=\"DESEO\" \/>\n<meta property=\"article:modified_time\" content=\"2026-03-05T09:55:55+00:00\" \/>\n<meta property=\"og:image\" content=\"https:\/\/deseopatisserie.com\/wp-content\/uploads\/2024\/03\/image15-1024x683.jpeg\" \/>\n<meta name=\"twitter:card\" content=\"summary_large_image\" \/>\n<meta name=\"twitter:label1\" content=\"Gesch\u00e4tzte Lesezeit\" \/>\n\t<meta name=\"twitter:data1\" content=\"1\u00a0Minute\" \/>\n<script type=\"application\/ld+json\" class=\"yoast-schema-graph\">{\"@context\":\"https:\\\/\\\/schema.org\",\"@graph\":[{\"@type\":\"WebPage\",\"@id\":\"https:\\\/\\\/deseopatisserie.com\\\/de\\\/produkt\\\/schokolade-haselnusscreme\\\/\",\"url\":\"https:\\\/\\\/deseopatisserie.com\\\/de\\\/produkt\\\/schokolade-haselnusscreme\\\/\",\"name\":\"Schokolade &amp; Haselnusscreme - Cukiernia DESEO Warszawa\",\"isPartOf\":{\"@id\":\"https:\\\/\\\/deseopatisserie.com\\\/de\\\/#website\"},\"primaryImageOfPage\":{\"@id\":\"https:\\\/\\\/deseopatisserie.com\\\/de\\\/produkt\\\/schokolade-haselnusscreme\\\/#primaryimage\"},\"image\":{\"@id\":\"https:\\\/\\\/deseopatisserie.com\\\/de\\\/produkt\\\/schokolade-haselnusscreme\\\/#primaryimage\"},\"thumbnailUrl\":\"https:\\\/\\\/deseopatisserie.com\\\/\\\/wp-content\\\/uploads\\\/2022\\\/02\\\/krem-czekolada-laskowy-200g-v2-scaled.jpg\",\"datePublished\":\"2022-02-25T07:47:26+00:00\",\"dateModified\":\"2026-03-05T09:55:55+00:00\",\"description\":\"Sensationelle Schokoladen-Haselnuss-Creme auf Basis von Bean-to-Bar-Schokolade und ger\u00f6steten Haseln\u00fcssen. Die Creme hat eine angenehme, streichf\u00e4hige Konsistenz.\",\"breadcrumb\":{\"@id\":\"https:\\\/\\\/deseopatisserie.com\\\/de\\\/produkt\\\/schokolade-haselnusscreme\\\/#breadcrumb\"},\"inLanguage\":\"de\",\"potentialAction\":[{\"@type\":\"ReadAction\",\"target\":[\"https:\\\/\\\/deseopatisserie.com\\\/de\\\/produkt\\\/schokolade-haselnusscreme\\\/\"]}]},{\"@type\":\"ImageObject\",\"inLanguage\":\"de\",\"@id\":\"https:\\\/\\\/deseopatisserie.com\\\/de\\\/produkt\\\/schokolade-haselnusscreme\\\/#primaryimage\",\"url\":\"https:\\\/\\\/deseopatisserie.com\\\/\\\/wp-content\\\/uploads\\\/2022\\\/02\\\/krem-czekolada-laskowy-200g-v2-scaled.jpg\",\"contentUrl\":\"https:\\\/\\\/deseopatisserie.com\\\/\\\/wp-content\\\/uploads\\\/2022\\\/02\\\/krem-czekolada-laskowy-200g-v2-scaled.jpg\",\"width\":2560,\"height\":2560},{\"@type\":\"BreadcrumbList\",\"@id\":\"https:\\\/\\\/deseopatisserie.com\\\/de\\\/produkt\\\/schokolade-haselnusscreme\\\/#breadcrumb\",\"itemListElement\":[{\"@type\":\"ListItem\",\"position\":1,\"name\":\"Strona g\u0142\u00f3wna\",\"item\":\"https:\\\/\\\/deseopatisserie.com\\\/de\\\/homepage\\\/\"},{\"@type\":\"ListItem\",\"position\":2,\"name\":\"Schokolade &amp; Haselnusscreme\"}]},{\"@type\":\"WebSite\",\"@id\":\"https:\\\/\\\/deseopatisserie.com\\\/de\\\/#website\",\"url\":\"https:\\\/\\\/deseopatisserie.com\\\/de\\\/\",\"name\":\"DESEO\",\"description\":\"Patisserie &amp; Chocolaterie\",\"potentialAction\":[{\"@type\":\"SearchAction\",\"target\":{\"@type\":\"EntryPoint\",\"urlTemplate\":\"https:\\\/\\\/deseopatisserie.com\\\/de\\\/?s={search_term_string}\"},\"query-input\":{\"@type\":\"PropertyValueSpecification\",\"valueRequired\":true,\"valueName\":\"search_term_string\"}}],\"inLanguage\":\"de\"}]}<\/script>\n<!-- \/ Yoast SEO plugin. -->","yoast_head_json":{"title":"Schokolade &amp; Haselnusscreme - Cukiernia DESEO Warszawa","description":"Sensationelle Schokoladen-Haselnuss-Creme auf Basis von Bean-to-Bar-Schokolade und ger\u00f6steten Haseln\u00fcssen. Die Creme hat eine angenehme, streichf\u00e4hige Konsistenz.","robots":{"index":"index","follow":"follow","max-snippet":"max-snippet:-1","max-image-preview":"max-image-preview:large","max-video-preview":"max-video-preview:-1"},"canonical":"https:\/\/deseopatisserie.com\/de\/produkt\/schokolade-haselnusscreme\/","og_locale":"de_DE","og_type":"article","og_title":"Schokolade \/ Haselnusscreme","og_description":"Sensationelle Schokoladen-Haselnuss-Creme auf Basis von Bean-to-Bar-Schokolade und ger\u00f6steten Haseln\u00fcssen. Die Creme hat eine angenehme, streichf\u00e4hige Konsistenz.","og_url":"https:\/\/deseopatisserie.com\/de\/produkt\/schokolade-haselnusscreme\/","og_site_name":"DESEO","article_modified_time":"2026-03-05T09:55:55+00:00","og_image":[{"url":"https:\/\/deseopatisserie.com\/wp-content\/uploads\/2024\/03\/image15-1024x683.jpeg","type":"","width":"","height":""}],"twitter_card":"summary_large_image","twitter_misc":{"Gesch\u00e4tzte Lesezeit":"1\u00a0Minute"},"schema":{"@context":"https:\/\/schema.org","@graph":[{"@type":"WebPage","@id":"https:\/\/deseopatisserie.com\/de\/produkt\/schokolade-haselnusscreme\/","url":"https:\/\/deseopatisserie.com\/de\/produkt\/schokolade-haselnusscreme\/","name":"Schokolade &amp; Haselnusscreme - Cukiernia DESEO Warszawa","isPartOf":{"@id":"https:\/\/deseopatisserie.com\/de\/#website"},"primaryImageOfPage":{"@id":"https:\/\/deseopatisserie.com\/de\/produkt\/schokolade-haselnusscreme\/#primaryimage"},"image":{"@id":"https:\/\/deseopatisserie.com\/de\/produkt\/schokolade-haselnusscreme\/#primaryimage"},"thumbnailUrl":"https:\/\/deseopatisserie.com\/\/wp-content\/uploads\/2022\/02\/krem-czekolada-laskowy-200g-v2-scaled.jpg","datePublished":"2022-02-25T07:47:26+00:00","dateModified":"2026-03-05T09:55:55+00:00","description":"Sensationelle Schokoladen-Haselnuss-Creme auf Basis von Bean-to-Bar-Schokolade und ger\u00f6steten Haseln\u00fcssen. Die Creme hat eine angenehme, streichf\u00e4hige Konsistenz.","breadcrumb":{"@id":"https:\/\/deseopatisserie.com\/de\/produkt\/schokolade-haselnusscreme\/#breadcrumb"},"inLanguage":"de","potentialAction":[{"@type":"ReadAction","target":["https:\/\/deseopatisserie.com\/de\/produkt\/schokolade-haselnusscreme\/"]}]},{"@type":"ImageObject","inLanguage":"de","@id":"https:\/\/deseopatisserie.com\/de\/produkt\/schokolade-haselnusscreme\/#primaryimage","url":"https:\/\/deseopatisserie.com\/\/wp-content\/uploads\/2022\/02\/krem-czekolada-laskowy-200g-v2-scaled.jpg","contentUrl":"https:\/\/deseopatisserie.com\/\/wp-content\/uploads\/2022\/02\/krem-czekolada-laskowy-200g-v2-scaled.jpg","width":2560,"height":2560},{"@type":"BreadcrumbList","@id":"https:\/\/deseopatisserie.com\/de\/produkt\/schokolade-haselnusscreme\/#breadcrumb","itemListElement":[{"@type":"ListItem","position":1,"name":"Strona g\u0142\u00f3wna","item":"https:\/\/deseopatisserie.com\/de\/homepage\/"},{"@type":"ListItem","position":2,"name":"Schokolade &amp; Haselnusscreme"}]},{"@type":"WebSite","@id":"https:\/\/deseopatisserie.com\/de\/#website","url":"https:\/\/deseopatisserie.com\/de\/","name":"DESEO","description":"Patisserie &amp; Chocolaterie","potentialAction":[{"@type":"SearchAction","target":{"@type":"EntryPoint","urlTemplate":"https:\/\/deseopatisserie.com\/de\/?s={search_term_string}"},"query-input":{"@type":"PropertyValueSpecification","valueRequired":true,"valueName":"search_term_string"}}],"inLanguage":"de"}]}},"_links":{"self":[{"href":"https:\/\/deseopatisserie.com\/de\/wp-json\/wp\/v2\/product\/90694","targetHints":{"allow":["GET"]}}],"collection":[{"href":"https:\/\/deseopatisserie.com\/de\/wp-json\/wp\/v2\/product"}],"about":[{"href":"https:\/\/deseopatisserie.com\/de\/wp-json\/wp\/v2\/types\/product"}],"wp:featuredmedia":[{"embeddable":true,"href":"https:\/\/deseopatisserie.com\/de\/wp-json\/wp\/v2\/media\/84333"}],"wp:attachment":[{"href":"https:\/\/deseopatisserie.com\/de\/wp-json\/wp\/v2\/media?parent=90694"}],"wp:term":[{"taxonomy":"product_brand","embeddable":true,"href":"https:\/\/deseopatisserie.com\/de\/wp-json\/wp\/v2\/product_brand?post=90694"},{"taxonomy":"product_cat","embeddable":true,"href":"https:\/\/deseopatisserie.com\/de\/wp-json\/wp\/v2\/product_cat?post=90694"},{"taxonomy":"product_tag","embeddable":true,"href":"https:\/\/deseopatisserie.com\/de\/wp-json\/wp\/v2\/product_tag?post=90694"}],"curies":[{"name":"wp","href":"https:\/\/api.w.org\/{rel}","templated":true}]}}