{"id":90690,"date":"2022-05-10T13:21:04","date_gmt":"2022-05-10T11:21:04","guid":{"rendered":"https:\/\/deseopatisserie.com\/produkt\/bella-kuchen\/"},"modified":"2025-04-02T15:46:27","modified_gmt":"2025-04-02T13:46:27","slug":"bella-kuchen","status":"publish","type":"product","link":"https:\/\/deseopatisserie.com\/de\/produkt\/bella-kuchen\/","title":{"rendered":"Bella Kuchen"},"content":{"rendered":"","protected":false},"excerpt":{"rendered":"<p>Himbeermousse \/ Himbeermarmelade mit Bergamotte \/ Vanille-Mini-K\u00e4sekuchen \/ zarter Joconde-Biskuit mit Limette<\/p>\n<p>&nbsp;<\/p>\n<p>Bella-Kuchen ist eine weitere Option f\u00fcr alle, die leichte, fruchtige Aromen lieben. Perfekt f\u00fcr Geburtstage f\u00fcr Kinder und Erwachsene. Perfekt f\u00fcr Firmenmeetings und Hochzeiten. Zart wie eine Wolke, Himbeermousse und darin eine Schicht aus cremigem Vanille-K\u00e4sekuchen und Himbeermarmelade. Am unteren Rand des Kuchens befindet sich ein Joconde-Biskuitkuchen &#8211; die Zugabe von Limette macht ihn sehr fr\u00fchlingshaft und erfrischend.    <\/p>\n<p><strong><em>Glutenfreier Kuchen. Wir weisen Sie jedoch darauf hin, dass alle Kuchen in einer gemeinsamen Werkstatt hergestellt werden, so dass sie Spuren von Gluten enthalten k\u00f6nnen. <\/em><\/strong><\/p>\n","protected":false},"featured_media":84185,"template":"","meta":{"_acf_changed":false},"product_brand":[],"product_cat":[2613,2612,2695,2697],"product_tag":[],"class_list":{"0":"post-90690","1":"product","2":"type-product","3":"status-publish","4":"has-post-thumbnail","6":"product_cat-frauentag","7":"product_cat-kuchen","8":"product_cat-tag-der-grossmutter-und-des-grossvaters","9":"product_cat-valentinstag","11":"first","12":"instock","13":"taxable","14":"shipping-taxable","15":"purchasable","16":"product-type-variable"},"acf":[],"yoast_head":"<!-- This site is optimized with the Yoast SEO plugin v27.4 - https:\/\/yoast.com\/product\/yoast-seo-wordpress\/ -->\n<title>Bella Kuchen - Cukiernia DESEO Warszawa<\/title>\n<meta name=\"description\" content=\"Zarte Himbeermousse und eine Schicht Vanille-K\u00e4sekuchen und Himbeermarmelade im Inneren. Die Zugabe von Limette macht es erfrischend.\" \/>\n<meta name=\"robots\" content=\"index, follow, max-snippet:-1, max-image-preview:large, max-video-preview:-1\" \/>\n<link rel=\"canonical\" href=\"https:\/\/deseopatisserie.com\/de\/produkt\/bella-kuchen\/\" \/>\n<meta property=\"og:locale\" content=\"de_DE\" \/>\n<meta property=\"og:type\" content=\"article\" \/>\n<meta property=\"og:title\" content=\"Bella Kuchen\" \/>\n<meta property=\"og:description\" content=\"Zart wie eine Wolke, Himbeermousse und darin eine Schicht aus cremigem Vanille-K\u00e4sekuchen und Himbeermarmelade. Am unteren Rand des Kuchens befindet sich ein Joconde-Biskuitkuchen - die Zugabe von Limette macht ihn sehr fr\u00fchlingshaft und erfrischend.\" \/>\n<meta property=\"og:url\" content=\"https:\/\/deseopatisserie.com\/de\/produkt\/bella-kuchen\/\" \/>\n<meta property=\"og:site_name\" content=\"DESEO\" \/>\n<meta property=\"article:modified_time\" content=\"2025-04-02T13:46:27+00:00\" \/>\n<meta property=\"og:image\" content=\"https:\/\/deseopatisserie.com\/wp-content\/uploads\/2022\/05\/Tort_Bella_2-1024x683.jpg\" \/>\n<meta name=\"twitter:card\" content=\"summary_large_image\" \/>\n<script type=\"application\/ld+json\" class=\"yoast-schema-graph\">{\"@context\":\"https:\\\/\\\/schema.org\",\"@graph\":[{\"@type\":\"WebPage\",\"@id\":\"https:\\\/\\\/deseopatisserie.com\\\/de\\\/produkt\\\/bella-kuchen\\\/\",\"url\":\"https:\\\/\\\/deseopatisserie.com\\\/de\\\/produkt\\\/bella-kuchen\\\/\",\"name\":\"Bella Kuchen - Cukiernia DESEO Warszawa\",\"isPartOf\":{\"@id\":\"https:\\\/\\\/deseopatisserie.com\\\/de\\\/#website\"},\"primaryImageOfPage\":{\"@id\":\"https:\\\/\\\/deseopatisserie.com\\\/de\\\/produkt\\\/bella-kuchen\\\/#primaryimage\"},\"image\":{\"@id\":\"https:\\\/\\\/deseopatisserie.com\\\/de\\\/produkt\\\/bella-kuchen\\\/#primaryimage\"},\"thumbnailUrl\":\"https:\\\/\\\/deseopatisserie.com\\\/\\\/wp-content\\\/uploads\\\/2022\\\/05\\\/004A1648-scaled.jpg\",\"datePublished\":\"2022-05-10T11:21:04+00:00\",\"dateModified\":\"2025-04-02T13:46:27+00:00\",\"description\":\"Zarte Himbeermousse und eine Schicht Vanille-K\u00e4sekuchen und Himbeermarmelade im Inneren. Die Zugabe von Limette macht es erfrischend.\",\"breadcrumb\":{\"@id\":\"https:\\\/\\\/deseopatisserie.com\\\/de\\\/produkt\\\/bella-kuchen\\\/#breadcrumb\"},\"inLanguage\":\"de\",\"potentialAction\":[{\"@type\":\"ReadAction\",\"target\":[\"https:\\\/\\\/deseopatisserie.com\\\/de\\\/produkt\\\/bella-kuchen\\\/\"]}]},{\"@type\":\"ImageObject\",\"inLanguage\":\"de\",\"@id\":\"https:\\\/\\\/deseopatisserie.com\\\/de\\\/produkt\\\/bella-kuchen\\\/#primaryimage\",\"url\":\"https:\\\/\\\/deseopatisserie.com\\\/\\\/wp-content\\\/uploads\\\/2022\\\/05\\\/004A1648-scaled.jpg\",\"contentUrl\":\"https:\\\/\\\/deseopatisserie.com\\\/\\\/wp-content\\\/uploads\\\/2022\\\/05\\\/004A1648-scaled.jpg\",\"width\":2560,\"height\":1707},{\"@type\":\"BreadcrumbList\",\"@id\":\"https:\\\/\\\/deseopatisserie.com\\\/de\\\/produkt\\\/bella-kuchen\\\/#breadcrumb\",\"itemListElement\":[{\"@type\":\"ListItem\",\"position\":1,\"name\":\"Strona g\u0142\u00f3wna\",\"item\":\"https:\\\/\\\/deseopatisserie.com\\\/de\\\/homepage\\\/\"},{\"@type\":\"ListItem\",\"position\":2,\"name\":\"Bella Kuchen\"}]},{\"@type\":\"WebSite\",\"@id\":\"https:\\\/\\\/deseopatisserie.com\\\/de\\\/#website\",\"url\":\"https:\\\/\\\/deseopatisserie.com\\\/de\\\/\",\"name\":\"DESEO\",\"description\":\"Patisserie &amp; Chocolaterie\",\"potentialAction\":[{\"@type\":\"SearchAction\",\"target\":{\"@type\":\"EntryPoint\",\"urlTemplate\":\"https:\\\/\\\/deseopatisserie.com\\\/de\\\/?s={search_term_string}\"},\"query-input\":{\"@type\":\"PropertyValueSpecification\",\"valueRequired\":true,\"valueName\":\"search_term_string\"}}],\"inLanguage\":\"de\"}]}<\/script>\n<!-- \/ Yoast SEO plugin. -->","yoast_head_json":{"title":"Bella Kuchen - Cukiernia DESEO Warszawa","description":"Zarte Himbeermousse und eine Schicht Vanille-K\u00e4sekuchen und Himbeermarmelade im Inneren. Die Zugabe von Limette macht es erfrischend.","robots":{"index":"index","follow":"follow","max-snippet":"max-snippet:-1","max-image-preview":"max-image-preview:large","max-video-preview":"max-video-preview:-1"},"canonical":"https:\/\/deseopatisserie.com\/de\/produkt\/bella-kuchen\/","og_locale":"de_DE","og_type":"article","og_title":"Bella Kuchen","og_description":"Zart wie eine Wolke, Himbeermousse und darin eine Schicht aus cremigem Vanille-K\u00e4sekuchen und Himbeermarmelade. Am unteren Rand des Kuchens befindet sich ein Joconde-Biskuitkuchen - die Zugabe von Limette macht ihn sehr fr\u00fchlingshaft und erfrischend.","og_url":"https:\/\/deseopatisserie.com\/de\/produkt\/bella-kuchen\/","og_site_name":"DESEO","article_modified_time":"2025-04-02T13:46:27+00:00","og_image":[{"url":"https:\/\/deseopatisserie.com\/wp-content\/uploads\/2022\/05\/Tort_Bella_2-1024x683.jpg","type":"","width":"","height":""}],"twitter_card":"summary_large_image","schema":{"@context":"https:\/\/schema.org","@graph":[{"@type":"WebPage","@id":"https:\/\/deseopatisserie.com\/de\/produkt\/bella-kuchen\/","url":"https:\/\/deseopatisserie.com\/de\/produkt\/bella-kuchen\/","name":"Bella Kuchen - Cukiernia DESEO Warszawa","isPartOf":{"@id":"https:\/\/deseopatisserie.com\/de\/#website"},"primaryImageOfPage":{"@id":"https:\/\/deseopatisserie.com\/de\/produkt\/bella-kuchen\/#primaryimage"},"image":{"@id":"https:\/\/deseopatisserie.com\/de\/produkt\/bella-kuchen\/#primaryimage"},"thumbnailUrl":"https:\/\/deseopatisserie.com\/\/wp-content\/uploads\/2022\/05\/004A1648-scaled.jpg","datePublished":"2022-05-10T11:21:04+00:00","dateModified":"2025-04-02T13:46:27+00:00","description":"Zarte Himbeermousse und eine Schicht Vanille-K\u00e4sekuchen und Himbeermarmelade im Inneren. Die Zugabe von Limette macht es erfrischend.","breadcrumb":{"@id":"https:\/\/deseopatisserie.com\/de\/produkt\/bella-kuchen\/#breadcrumb"},"inLanguage":"de","potentialAction":[{"@type":"ReadAction","target":["https:\/\/deseopatisserie.com\/de\/produkt\/bella-kuchen\/"]}]},{"@type":"ImageObject","inLanguage":"de","@id":"https:\/\/deseopatisserie.com\/de\/produkt\/bella-kuchen\/#primaryimage","url":"https:\/\/deseopatisserie.com\/\/wp-content\/uploads\/2022\/05\/004A1648-scaled.jpg","contentUrl":"https:\/\/deseopatisserie.com\/\/wp-content\/uploads\/2022\/05\/004A1648-scaled.jpg","width":2560,"height":1707},{"@type":"BreadcrumbList","@id":"https:\/\/deseopatisserie.com\/de\/produkt\/bella-kuchen\/#breadcrumb","itemListElement":[{"@type":"ListItem","position":1,"name":"Strona g\u0142\u00f3wna","item":"https:\/\/deseopatisserie.com\/de\/homepage\/"},{"@type":"ListItem","position":2,"name":"Bella Kuchen"}]},{"@type":"WebSite","@id":"https:\/\/deseopatisserie.com\/de\/#website","url":"https:\/\/deseopatisserie.com\/de\/","name":"DESEO","description":"Patisserie &amp; Chocolaterie","potentialAction":[{"@type":"SearchAction","target":{"@type":"EntryPoint","urlTemplate":"https:\/\/deseopatisserie.com\/de\/?s={search_term_string}"},"query-input":{"@type":"PropertyValueSpecification","valueRequired":true,"valueName":"search_term_string"}}],"inLanguage":"de"}]}},"_links":{"self":[{"href":"https:\/\/deseopatisserie.com\/de\/wp-json\/wp\/v2\/product\/90690","targetHints":{"allow":["GET"]}}],"collection":[{"href":"https:\/\/deseopatisserie.com\/de\/wp-json\/wp\/v2\/product"}],"about":[{"href":"https:\/\/deseopatisserie.com\/de\/wp-json\/wp\/v2\/types\/product"}],"wp:featuredmedia":[{"embeddable":true,"href":"https:\/\/deseopatisserie.com\/de\/wp-json\/wp\/v2\/media\/84185"}],"wp:attachment":[{"href":"https:\/\/deseopatisserie.com\/de\/wp-json\/wp\/v2\/media?parent=90690"}],"wp:term":[{"taxonomy":"product_brand","embeddable":true,"href":"https:\/\/deseopatisserie.com\/de\/wp-json\/wp\/v2\/product_brand?post=90690"},{"taxonomy":"product_cat","embeddable":true,"href":"https:\/\/deseopatisserie.com\/de\/wp-json\/wp\/v2\/product_cat?post=90690"},{"taxonomy":"product_tag","embeddable":true,"href":"https:\/\/deseopatisserie.com\/de\/wp-json\/wp\/v2\/product_tag?post=90690"}],"curies":[{"name":"wp","href":"https:\/\/api.w.org\/{rel}","templated":true}]}}