{"id":90685,"date":"2024-09-03T10:20:44","date_gmt":"2024-09-03T08:20:44","guid":{"rendered":"https:\/\/deseopatisserie.com\/produkt\/pistazie-supreme\/"},"modified":"2026-04-21T15:51:08","modified_gmt":"2026-04-21T13:51:08","slug":"pistazie-supreme","status":"publish","type":"product","link":"https:\/\/deseopatisserie.com\/de\/produkt\/pistazie-supreme\/","title":{"rendered":"Pistazie Supreme"},"content":{"rendered":"","protected":false},"excerpt":{"rendered":"<p>Pistazien-Patissiere Creme \/ Pistazienpraline \/ Wei\u00dfe Schokolade \/ Zerkleinerte Pistazien<\/p>\n<p style=\"font-weight: 400;\">Die Lieblingssorte unserer G\u00e4ste in einer neuen, sehr modischen Form! Diesmal haben wir die herrlich samtige Pistazien-Patissiere-Creme und die s\u00fcchtig machende Pistazienpraline unserer Produktion in ein rundes Supreme-Croissant geh\u00fcllt! <\/p>\n<p style=\"font-weight: 400;\">Es ist genauso lecker wie ein klassisches Pistaziencroissant und sieht genauso sch\u00f6n aus! Wir haben das Ganze mit wei\u00dfer Schokolade und zerkleinerten Pistazien dekoriert! Das ist definitiv ein MUST EAT!  <\/p>\n<p>M\u00f6chten Sie die <strong>Geschichte und die Geheimnisse des perfekten Croissants<\/strong> kennenlernen? Erfahren Sie <a href=\"https:\/\/deseopatisserie.com\/croissant-historia-i-sekrety-idealnego-croissanta\/\">hier mehr.<\/a> <\/p>\n","protected":false},"featured_media":86122,"template":"","meta":{"_acf_changed":false},"product_brand":[],"product_cat":[1866],"product_tag":[],"class_list":{"0":"post-90685","1":"product","2":"type-product","3":"status-publish","4":"has-post-thumbnail","6":"product_cat-croissants-de","8":"first","9":"instock","10":"taxable","11":"shipping-taxable","12":"purchasable","13":"product-type-simple"},"acf":[],"yoast_head":"<!-- This site is optimized with the Yoast SEO plugin v27.4 - https:\/\/yoast.com\/product\/yoast-seo-wordpress\/ -->\n<title>Pistazie Supreme - DESEO S\u00fc\u00dfwaren Warschau<\/title>\n<meta name=\"description\" content=\"Die herrlich samtige Pistazien-Patissiere-Creme und die s\u00fcchtig machende Pistazienpraline unserer Produktion sind in einem runden Croissant Supreme eingeschlossen\" \/>\n<meta name=\"robots\" content=\"index, follow, max-snippet:-1, max-image-preview:large, max-video-preview:-1\" \/>\n<link rel=\"canonical\" href=\"https:\/\/deseopatisserie.com\/de\/produkt\/pistazie-supreme\/\" \/>\n<meta property=\"og:locale\" content=\"de_DE\" \/>\n<meta property=\"og:type\" content=\"article\" \/>\n<meta property=\"og:title\" content=\"Pistazie Supreme - DESEO S\u00fc\u00dfwaren Warschau\" \/>\n<meta property=\"og:description\" content=\"Die herrlich samtige Pistazien-Patissiere-Creme und die s\u00fcchtig machende Pistazienpraline unserer Produktion haben wir in ein rundes Croissant Supreme geh\u00fcllt.\" \/>\n<meta property=\"og:url\" content=\"https:\/\/deseopatisserie.com\/de\/produkt\/pistazie-supreme\/\" \/>\n<meta property=\"og:site_name\" content=\"DESEO\" \/>\n<meta property=\"article:modified_time\" content=\"2026-04-21T13:51:08+00:00\" \/>\n<meta property=\"og:image\" content=\"https:\/\/deseopatisserie.com\/wp-content\/uploads\/2024\/09\/Supreme_Pistacja_1-e1726558486608-300x300.jpg\" \/>\n<meta name=\"twitter:card\" content=\"summary_large_image\" \/>\n<script type=\"application\/ld+json\" class=\"yoast-schema-graph\">{\"@context\":\"https:\\\/\\\/schema.org\",\"@graph\":[{\"@type\":\"WebPage\",\"@id\":\"https:\\\/\\\/deseopatisserie.com\\\/de\\\/produkt\\\/pistazie-supreme\\\/\",\"url\":\"https:\\\/\\\/deseopatisserie.com\\\/de\\\/produkt\\\/pistazie-supreme\\\/\",\"name\":\"Pistazie Supreme - DESEO S\u00fc\u00dfwaren Warschau\",\"isPartOf\":{\"@id\":\"https:\\\/\\\/deseopatisserie.com\\\/de\\\/#website\"},\"primaryImageOfPage\":{\"@id\":\"https:\\\/\\\/deseopatisserie.com\\\/de\\\/produkt\\\/pistazie-supreme\\\/#primaryimage\"},\"image\":{\"@id\":\"https:\\\/\\\/deseopatisserie.com\\\/de\\\/produkt\\\/pistazie-supreme\\\/#primaryimage\"},\"thumbnailUrl\":\"https:\\\/\\\/deseopatisserie.com\\\/\\\/wp-content\\\/uploads\\\/2024\\\/09\\\/Supreme_Pistacja_1-e1726558486608.jpg\",\"datePublished\":\"2024-09-03T08:20:44+00:00\",\"dateModified\":\"2026-04-21T13:51:08+00:00\",\"description\":\"Die herrlich samtige Pistazien-Patissiere-Creme und die s\u00fcchtig machende Pistazienpraline unserer Produktion sind in einem runden Croissant Supreme eingeschlossen\",\"breadcrumb\":{\"@id\":\"https:\\\/\\\/deseopatisserie.com\\\/de\\\/produkt\\\/pistazie-supreme\\\/#breadcrumb\"},\"inLanguage\":\"de\",\"potentialAction\":[{\"@type\":\"ReadAction\",\"target\":[\"https:\\\/\\\/deseopatisserie.com\\\/de\\\/produkt\\\/pistazie-supreme\\\/\"]}]},{\"@type\":\"ImageObject\",\"inLanguage\":\"de\",\"@id\":\"https:\\\/\\\/deseopatisserie.com\\\/de\\\/produkt\\\/pistazie-supreme\\\/#primaryimage\",\"url\":\"https:\\\/\\\/deseopatisserie.com\\\/\\\/wp-content\\\/uploads\\\/2024\\\/09\\\/Supreme_Pistacja_1-e1726558486608.jpg\",\"contentUrl\":\"https:\\\/\\\/deseopatisserie.com\\\/\\\/wp-content\\\/uploads\\\/2024\\\/09\\\/Supreme_Pistacja_1-e1726558486608.jpg\",\"width\":1650,\"height\":1650,\"caption\":\"Croissant - Pistacja Supreme\"},{\"@type\":\"BreadcrumbList\",\"@id\":\"https:\\\/\\\/deseopatisserie.com\\\/de\\\/produkt\\\/pistazie-supreme\\\/#breadcrumb\",\"itemListElement\":[{\"@type\":\"ListItem\",\"position\":1,\"name\":\"Strona g\u0142\u00f3wna\",\"item\":\"https:\\\/\\\/deseopatisserie.com\\\/de\\\/homepage\\\/\"},{\"@type\":\"ListItem\",\"position\":2,\"name\":\"Pistazie Supreme\"}]},{\"@type\":\"WebSite\",\"@id\":\"https:\\\/\\\/deseopatisserie.com\\\/de\\\/#website\",\"url\":\"https:\\\/\\\/deseopatisserie.com\\\/de\\\/\",\"name\":\"DESEO\",\"description\":\"Patisserie &amp; Chocolaterie\",\"potentialAction\":[{\"@type\":\"SearchAction\",\"target\":{\"@type\":\"EntryPoint\",\"urlTemplate\":\"https:\\\/\\\/deseopatisserie.com\\\/de\\\/?s={search_term_string}\"},\"query-input\":{\"@type\":\"PropertyValueSpecification\",\"valueRequired\":true,\"valueName\":\"search_term_string\"}}],\"inLanguage\":\"de\"}]}<\/script>\n<!-- \/ Yoast SEO plugin. -->","yoast_head_json":{"title":"Pistazie Supreme - DESEO S\u00fc\u00dfwaren Warschau","description":"Die herrlich samtige Pistazien-Patissiere-Creme und die s\u00fcchtig machende Pistazienpraline unserer Produktion sind in einem runden Croissant Supreme eingeschlossen","robots":{"index":"index","follow":"follow","max-snippet":"max-snippet:-1","max-image-preview":"max-image-preview:large","max-video-preview":"max-video-preview:-1"},"canonical":"https:\/\/deseopatisserie.com\/de\/produkt\/pistazie-supreme\/","og_locale":"de_DE","og_type":"article","og_title":"Pistazie Supreme - DESEO S\u00fc\u00dfwaren Warschau","og_description":"Die herrlich samtige Pistazien-Patissiere-Creme und die s\u00fcchtig machende Pistazienpraline unserer Produktion haben wir in ein rundes Croissant Supreme geh\u00fcllt.","og_url":"https:\/\/deseopatisserie.com\/de\/produkt\/pistazie-supreme\/","og_site_name":"DESEO","article_modified_time":"2026-04-21T13:51:08+00:00","og_image":[{"url":"https:\/\/deseopatisserie.com\/wp-content\/uploads\/2024\/09\/Supreme_Pistacja_1-e1726558486608-300x300.jpg","type":"","width":"","height":""}],"twitter_card":"summary_large_image","schema":{"@context":"https:\/\/schema.org","@graph":[{"@type":"WebPage","@id":"https:\/\/deseopatisserie.com\/de\/produkt\/pistazie-supreme\/","url":"https:\/\/deseopatisserie.com\/de\/produkt\/pistazie-supreme\/","name":"Pistazie Supreme - DESEO S\u00fc\u00dfwaren Warschau","isPartOf":{"@id":"https:\/\/deseopatisserie.com\/de\/#website"},"primaryImageOfPage":{"@id":"https:\/\/deseopatisserie.com\/de\/produkt\/pistazie-supreme\/#primaryimage"},"image":{"@id":"https:\/\/deseopatisserie.com\/de\/produkt\/pistazie-supreme\/#primaryimage"},"thumbnailUrl":"https:\/\/deseopatisserie.com\/\/wp-content\/uploads\/2024\/09\/Supreme_Pistacja_1-e1726558486608.jpg","datePublished":"2024-09-03T08:20:44+00:00","dateModified":"2026-04-21T13:51:08+00:00","description":"Die herrlich samtige Pistazien-Patissiere-Creme und die s\u00fcchtig machende Pistazienpraline unserer Produktion sind in einem runden Croissant Supreme eingeschlossen","breadcrumb":{"@id":"https:\/\/deseopatisserie.com\/de\/produkt\/pistazie-supreme\/#breadcrumb"},"inLanguage":"de","potentialAction":[{"@type":"ReadAction","target":["https:\/\/deseopatisserie.com\/de\/produkt\/pistazie-supreme\/"]}]},{"@type":"ImageObject","inLanguage":"de","@id":"https:\/\/deseopatisserie.com\/de\/produkt\/pistazie-supreme\/#primaryimage","url":"https:\/\/deseopatisserie.com\/\/wp-content\/uploads\/2024\/09\/Supreme_Pistacja_1-e1726558486608.jpg","contentUrl":"https:\/\/deseopatisserie.com\/\/wp-content\/uploads\/2024\/09\/Supreme_Pistacja_1-e1726558486608.jpg","width":1650,"height":1650,"caption":"Croissant - Pistacja Supreme"},{"@type":"BreadcrumbList","@id":"https:\/\/deseopatisserie.com\/de\/produkt\/pistazie-supreme\/#breadcrumb","itemListElement":[{"@type":"ListItem","position":1,"name":"Strona g\u0142\u00f3wna","item":"https:\/\/deseopatisserie.com\/de\/homepage\/"},{"@type":"ListItem","position":2,"name":"Pistazie Supreme"}]},{"@type":"WebSite","@id":"https:\/\/deseopatisserie.com\/de\/#website","url":"https:\/\/deseopatisserie.com\/de\/","name":"DESEO","description":"Patisserie &amp; Chocolaterie","potentialAction":[{"@type":"SearchAction","target":{"@type":"EntryPoint","urlTemplate":"https:\/\/deseopatisserie.com\/de\/?s={search_term_string}"},"query-input":{"@type":"PropertyValueSpecification","valueRequired":true,"valueName":"search_term_string"}}],"inLanguage":"de"}]}},"_links":{"self":[{"href":"https:\/\/deseopatisserie.com\/de\/wp-json\/wp\/v2\/product\/90685","targetHints":{"allow":["GET"]}}],"collection":[{"href":"https:\/\/deseopatisserie.com\/de\/wp-json\/wp\/v2\/product"}],"about":[{"href":"https:\/\/deseopatisserie.com\/de\/wp-json\/wp\/v2\/types\/product"}],"wp:featuredmedia":[{"embeddable":true,"href":"https:\/\/deseopatisserie.com\/de\/wp-json\/wp\/v2\/media\/86122"}],"wp:attachment":[{"href":"https:\/\/deseopatisserie.com\/de\/wp-json\/wp\/v2\/media?parent=90685"}],"wp:term":[{"taxonomy":"product_brand","embeddable":true,"href":"https:\/\/deseopatisserie.com\/de\/wp-json\/wp\/v2\/product_brand?post=90685"},{"taxonomy":"product_cat","embeddable":true,"href":"https:\/\/deseopatisserie.com\/de\/wp-json\/wp\/v2\/product_cat?post=90685"},{"taxonomy":"product_tag","embeddable":true,"href":"https:\/\/deseopatisserie.com\/de\/wp-json\/wp\/v2\/product_tag?post=90685"}],"curies":[{"name":"wp","href":"https:\/\/api.w.org\/{rel}","templated":true}]}}