{"id":89938,"date":"2024-10-16T09:43:54","date_gmt":"2024-10-16T07:43:54","guid":{"rendered":"https:\/\/deseopatisserie.com\/?post_type=product&#038;p=89938"},"modified":"2025-04-02T15:34:15","modified_gmt":"2025-04-02T13:34:15","slug":"pistaziencreme-glatt-ohne-zucker-1kg","status":"publish","type":"product","link":"https:\/\/deseopatisserie.com\/de\/produkt\/pistaziencreme-glatt-ohne-zucker-1kg\/","title":{"rendered":"Pistaziencreme OHNE ZUCKER 1kg"},"content":{"rendered":"<p data-start=\"0\" data-end=\"276\">Pistaziencreme ohne Zucker 1kg ist eine ideale Option f\u00fcr Pistazienliebhaber und Menschen, die eine gesunde Ern\u00e4hrung suchen. Seine samtige Textur eignet sich perfekt zum Verteilen von Brot oder Pfannkuchen. Der Mangel an Zucker macht es zu einer guten Wahl f\u00fcr alle, die Wert auf eine ausgewogene Ern\u00e4hrung legen.  <\/p>\n<p data-start=\"278\" data-end=\"545\">Zuckerfreie Pistaziencreme 1kg hat eine breite Palette von kulinarischen Verwendungsm\u00f6glichkeiten. Er passt zu Joghurt, Haferflocken, Cocktails und Desserts. Es kann f\u00fcr Cremes, Tortenf\u00fcllungen oder Pralinen verwendet werden. Der hohe Gehalt an Pistazien bereichert die Gerichte mit einem einzigartigen Aroma und N\u00e4hrwert.   <\/p>\n<p data-start=\"547\" data-end=\"730\" data-is-last-node=\"\" data-is-only-node=\"\">Die 1kg-Packung ist praktisch f\u00fcr Menschen, die diesen Geschmack regelm\u00e4\u00dfig verwenden. Es ist auch eine gute Option f\u00fcr Konditoreien und Caf\u00e9s, die Vanillepudding in ihren Backwaren und Desserts verwenden. <\/p>\n<p data-start=\"795\" data-end=\"997\">Entdecken Sie unsere <span style=\"color: #bf883b;\"><a style=\"color: #bf883b;\" href=\"https:\/\/deseopatisserie.com\/pasty-kremy-do-smarowania\/\">Spreads und Spreads<\/a><\/span><\/p>\n","protected":false},"excerpt":{"rendered":"<p>Diese Pistaziencreme ist ABSOLUT NEU bei DESEO! Dies ist ein weiterer Vorschlag, den wir f\u00fcr alle kreiert haben, die Pistazien lieben! Diesmal in einer ZUCKERFREIEN Version!  <\/p>\n<p><strong>Zuckerfreie Pistaziencreme ist<\/strong> <strong>Bis zu 54% ger\u00f6stete Pistazien! Pistaziencreme mit einem h\u00f6heren Pistazienanteil wirst du wahrscheinlich nicht finden! Zucker hingegen wurde in diesem Fall durch Maltit ersetzt.  <\/strong><\/p>\n<p>DESEO Pistaziencreme ist nicht nur ein sensationeller Geschmack, sondern auch eine angenehm samtige Textur, wodurch sich die Creme perfekt als Zugabe zu Pfannkuchen, Waffeln, Desserts, aber auch als F\u00fcllung f\u00fcr Croissants, Donuts oder Muffins eignet.<\/p>\n<p><strong>Unsere Pistaziencreme wird aus unserer BESTSELLER 100% Pistazienpaste hergestellt<\/strong>. Seit Jahren stellen wir es in unserer Werkstatt auf der Basis sorgf\u00e4ltig ausgew\u00e4hlter N\u00fcsse her und verwenden es bei der Zubereitung unserer Monoportionen, Croissants, Kuchen oder Pistazieneis. <\/p>\n<p>Eine 1-kg-Packung zuckerfreie Pistaziencreme ist die perfekte Option, wenn viele Pistazienfans in Ihrem Haus leben! Es ist aber auch eine praktische Option, wenn Sie zum Beispiel eine Konditorei oder ein Caf\u00e9 betreiben und planen, Geb\u00e4ck, Croissants oder Donuts selbst zu f\u00fcllen. Daf\u00fcr ist es perfekt!  <\/p>\n<p><strong>ES ENTH\u00c4LT KEINEN ZUCKER, PALM\u00d6L UND KEINE FARBSTOFFE.<\/strong><\/p>\n<p><strong>Probieren Sie es unbedingt aus f\u00fcr:<br \/>\n<\/strong>1.Do Pfannkuchen, Waffeln und Pfannkuchen \u2013 die Familie wird begeistert sein!<br \/>\n2.Do Fr\u00fchst\u00fcckscroissants \u2013 Sie k\u00f6nnen sie mit Sahne bestreichen, aber auch als F\u00fcllung f\u00fcr Croissants verwenden.<br \/>\n3. Als Zugabe zu Haferflocken, Hirse oder selbstgemachtem Granola.<br \/>\n4. Als Element von Desserts \u2013 probieren Sie es als Topping f\u00fcr Vanille- oder Pistazieneis.<br \/>\n5.Do s\u00fc\u00dfe Torten und K\u00e4sekuchen!<\/p>\n<p>\ud83d\udc49 Laden Sie das kostenlose E-Book <span style=\"color: #bf883b;\"><a style=\"color: #bf883b;\" href=\"https:\/\/deseopatisserie.com\/de\/produkt\/pistazie-ebook-deseo\/\">DESEO PISTACHIO EBOOK herunter<\/a><\/span> und bereiten Sie k\u00f6stliche Desserts auf Basis von Pistazienpaste zu 100% zu!<\/p>\n","protected":false},"featured_media":117013,"template":"","meta":{"_acf_changed":false},"product_brand":[],"product_cat":[2001,2956,1645,2646,1994],"product_tag":[],"class_list":{"0":"post-89938","1":"product","2":"type-product","3":"status-publish","4":"has-post-thumbnail","6":"product_cat-cremes-toppings-sugar-free","7":"product_cat-dubai-schokolade","8":"product_cat-pasten-cremes","9":"product_cat-produkte-fur-cafes-und-konditoreien","10":"product_cat-streichfahige-cremes","12":"first","13":"instock","14":"taxable","15":"shipping-taxable","16":"purchasable","17":"product-type-simple"},"acf":[],"yoast_head":"<!-- This site is optimized with the Yoast SEO plugin v27.4 - https:\/\/yoast.com\/product\/yoast-seo-wordpress\/ -->\n<title>Pistaziencreme ohne Zucker 1kg - DESEO S\u00fc\u00dfwaren Warschau<\/title>\n<meta name=\"description\" content=\"Zuckerfreie Pistaziencreme 1kg entspricht bis zu 54% der ger\u00f6steten Pistazien! Pistaziencreme mit einem h\u00f6heren Gehalt an Pistazien wirst du wahrscheinlich nicht finden.\" \/>\n<meta name=\"robots\" content=\"index, follow, max-snippet:-1, max-image-preview:large, max-video-preview:-1\" \/>\n<link rel=\"canonical\" href=\"https:\/\/deseopatisserie.com\/de\/produkt\/pistaziencreme-glatt-ohne-zucker-1kg\/\" \/>\n<meta property=\"og:locale\" content=\"de_DE\" \/>\n<meta property=\"og:type\" content=\"article\" \/>\n<meta property=\"og:title\" content=\"Zuckerfreie Pistaziencreme 1kg | DESEO\" \/>\n<meta property=\"og:description\" content=\"Zuckerfreie Pistaziencreme macht bis zu 54% der ger\u00f6steten Pistazien aus! Pistaziencreme mit einem h\u00f6heren Pistazienanteil wirst du wahrscheinlich nicht finden! Zucker hingegen wurde in diesem Fall durch Maltit ersetzt.\" \/>\n<meta property=\"og:url\" content=\"https:\/\/deseopatisserie.com\/de\/produkt\/pistaziencreme-glatt-ohne-zucker-1kg\/\" \/>\n<meta property=\"og:site_name\" content=\"DESEO\" \/>\n<meta property=\"article:modified_time\" content=\"2025-04-02T13:34:15+00:00\" \/>\n<meta property=\"og:image\" content=\"https:\/\/deseopatisserie.com\/wp-content\/uploads\/2024\/10\/DESEO-Krem-pistacjowy-No-sugar-1kg-Allegro-2560x2560px-300x300.jpg\" \/>\n<meta name=\"twitter:card\" content=\"summary_large_image\" \/>\n<meta name=\"twitter:label1\" content=\"Gesch\u00e4tzte Lesezeit\" \/>\n\t<meta name=\"twitter:data1\" content=\"1\u00a0Minute\" \/>\n<script type=\"application\/ld+json\" class=\"yoast-schema-graph\">{\"@context\":\"https:\\\/\\\/schema.org\",\"@graph\":[{\"@type\":\"WebPage\",\"@id\":\"https:\\\/\\\/deseopatisserie.com\\\/de\\\/produkt\\\/pistaziencreme-glatt-ohne-zucker-1kg\\\/\",\"url\":\"https:\\\/\\\/deseopatisserie.com\\\/de\\\/produkt\\\/pistaziencreme-glatt-ohne-zucker-1kg\\\/\",\"name\":\"Pistaziencreme ohne Zucker 1kg - DESEO S\u00fc\u00dfwaren Warschau\",\"isPartOf\":{\"@id\":\"https:\\\/\\\/deseopatisserie.com\\\/de\\\/#website\"},\"primaryImageOfPage\":{\"@id\":\"https:\\\/\\\/deseopatisserie.com\\\/de\\\/produkt\\\/pistaziencreme-glatt-ohne-zucker-1kg\\\/#primaryimage\"},\"image\":{\"@id\":\"https:\\\/\\\/deseopatisserie.com\\\/de\\\/produkt\\\/pistaziencreme-glatt-ohne-zucker-1kg\\\/#primaryimage\"},\"thumbnailUrl\":\"https:\\\/\\\/deseopatisserie.com\\\/\\\/wp-content\\\/uploads\\\/2024\\\/10\\\/KREM-PISTACJOWY-BEZ-CUKRU-2.png\",\"datePublished\":\"2024-10-16T07:43:54+00:00\",\"dateModified\":\"2025-04-02T13:34:15+00:00\",\"description\":\"Zuckerfreie Pistaziencreme 1kg entspricht bis zu 54% der ger\u00f6steten Pistazien! Pistaziencreme mit einem h\u00f6heren Gehalt an Pistazien wirst du wahrscheinlich nicht finden.\",\"breadcrumb\":{\"@id\":\"https:\\\/\\\/deseopatisserie.com\\\/de\\\/produkt\\\/pistaziencreme-glatt-ohne-zucker-1kg\\\/#breadcrumb\"},\"inLanguage\":\"de\",\"potentialAction\":[{\"@type\":\"ReadAction\",\"target\":[\"https:\\\/\\\/deseopatisserie.com\\\/de\\\/produkt\\\/pistaziencreme-glatt-ohne-zucker-1kg\\\/\"]}]},{\"@type\":\"ImageObject\",\"inLanguage\":\"de\",\"@id\":\"https:\\\/\\\/deseopatisserie.com\\\/de\\\/produkt\\\/pistaziencreme-glatt-ohne-zucker-1kg\\\/#primaryimage\",\"url\":\"https:\\\/\\\/deseopatisserie.com\\\/\\\/wp-content\\\/uploads\\\/2024\\\/10\\\/KREM-PISTACJOWY-BEZ-CUKRU-2.png\",\"contentUrl\":\"https:\\\/\\\/deseopatisserie.com\\\/\\\/wp-content\\\/uploads\\\/2024\\\/10\\\/KREM-PISTACJOWY-BEZ-CUKRU-2.png\",\"width\":2048,\"height\":1365,\"caption\":\"KREM PISTACJOWY BEZ CUKRU (2)\"},{\"@type\":\"BreadcrumbList\",\"@id\":\"https:\\\/\\\/deseopatisserie.com\\\/de\\\/produkt\\\/pistaziencreme-glatt-ohne-zucker-1kg\\\/#breadcrumb\",\"itemListElement\":[{\"@type\":\"ListItem\",\"position\":1,\"name\":\"Strona g\u0142\u00f3wna\",\"item\":\"https:\\\/\\\/deseopatisserie.com\\\/de\\\/homepage\\\/\"},{\"@type\":\"ListItem\",\"position\":2,\"name\":\"Pistaziencreme OHNE ZUCKER 1kg\"}]},{\"@type\":\"WebSite\",\"@id\":\"https:\\\/\\\/deseopatisserie.com\\\/de\\\/#website\",\"url\":\"https:\\\/\\\/deseopatisserie.com\\\/de\\\/\",\"name\":\"DESEO\",\"description\":\"Patisserie &amp; Chocolaterie\",\"potentialAction\":[{\"@type\":\"SearchAction\",\"target\":{\"@type\":\"EntryPoint\",\"urlTemplate\":\"https:\\\/\\\/deseopatisserie.com\\\/de\\\/?s={search_term_string}\"},\"query-input\":{\"@type\":\"PropertyValueSpecification\",\"valueRequired\":true,\"valueName\":\"search_term_string\"}}],\"inLanguage\":\"de\"}]}<\/script>\n<!-- \/ Yoast SEO plugin. -->","yoast_head_json":{"title":"Pistaziencreme ohne Zucker 1kg - DESEO S\u00fc\u00dfwaren Warschau","description":"Zuckerfreie Pistaziencreme 1kg entspricht bis zu 54% der ger\u00f6steten Pistazien! Pistaziencreme mit einem h\u00f6heren Gehalt an Pistazien wirst du wahrscheinlich nicht finden.","robots":{"index":"index","follow":"follow","max-snippet":"max-snippet:-1","max-image-preview":"max-image-preview:large","max-video-preview":"max-video-preview:-1"},"canonical":"https:\/\/deseopatisserie.com\/de\/produkt\/pistaziencreme-glatt-ohne-zucker-1kg\/","og_locale":"de_DE","og_type":"article","og_title":"Zuckerfreie Pistaziencreme 1kg | DESEO","og_description":"Zuckerfreie Pistaziencreme macht bis zu 54% der ger\u00f6steten Pistazien aus! Pistaziencreme mit einem h\u00f6heren Pistazienanteil wirst du wahrscheinlich nicht finden! Zucker hingegen wurde in diesem Fall durch Maltit ersetzt.","og_url":"https:\/\/deseopatisserie.com\/de\/produkt\/pistaziencreme-glatt-ohne-zucker-1kg\/","og_site_name":"DESEO","article_modified_time":"2025-04-02T13:34:15+00:00","og_image":[{"url":"https:\/\/deseopatisserie.com\/wp-content\/uploads\/2024\/10\/DESEO-Krem-pistacjowy-No-sugar-1kg-Allegro-2560x2560px-300x300.jpg","type":"","width":"","height":""}],"twitter_card":"summary_large_image","twitter_misc":{"Gesch\u00e4tzte Lesezeit":"1\u00a0Minute"},"schema":{"@context":"https:\/\/schema.org","@graph":[{"@type":"WebPage","@id":"https:\/\/deseopatisserie.com\/de\/produkt\/pistaziencreme-glatt-ohne-zucker-1kg\/","url":"https:\/\/deseopatisserie.com\/de\/produkt\/pistaziencreme-glatt-ohne-zucker-1kg\/","name":"Pistaziencreme ohne Zucker 1kg - DESEO S\u00fc\u00dfwaren Warschau","isPartOf":{"@id":"https:\/\/deseopatisserie.com\/de\/#website"},"primaryImageOfPage":{"@id":"https:\/\/deseopatisserie.com\/de\/produkt\/pistaziencreme-glatt-ohne-zucker-1kg\/#primaryimage"},"image":{"@id":"https:\/\/deseopatisserie.com\/de\/produkt\/pistaziencreme-glatt-ohne-zucker-1kg\/#primaryimage"},"thumbnailUrl":"https:\/\/deseopatisserie.com\/\/wp-content\/uploads\/2024\/10\/KREM-PISTACJOWY-BEZ-CUKRU-2.png","datePublished":"2024-10-16T07:43:54+00:00","dateModified":"2025-04-02T13:34:15+00:00","description":"Zuckerfreie Pistaziencreme 1kg entspricht bis zu 54% der ger\u00f6steten Pistazien! Pistaziencreme mit einem h\u00f6heren Gehalt an Pistazien wirst du wahrscheinlich nicht finden.","breadcrumb":{"@id":"https:\/\/deseopatisserie.com\/de\/produkt\/pistaziencreme-glatt-ohne-zucker-1kg\/#breadcrumb"},"inLanguage":"de","potentialAction":[{"@type":"ReadAction","target":["https:\/\/deseopatisserie.com\/de\/produkt\/pistaziencreme-glatt-ohne-zucker-1kg\/"]}]},{"@type":"ImageObject","inLanguage":"de","@id":"https:\/\/deseopatisserie.com\/de\/produkt\/pistaziencreme-glatt-ohne-zucker-1kg\/#primaryimage","url":"https:\/\/deseopatisserie.com\/\/wp-content\/uploads\/2024\/10\/KREM-PISTACJOWY-BEZ-CUKRU-2.png","contentUrl":"https:\/\/deseopatisserie.com\/\/wp-content\/uploads\/2024\/10\/KREM-PISTACJOWY-BEZ-CUKRU-2.png","width":2048,"height":1365,"caption":"KREM PISTACJOWY BEZ CUKRU (2)"},{"@type":"BreadcrumbList","@id":"https:\/\/deseopatisserie.com\/de\/produkt\/pistaziencreme-glatt-ohne-zucker-1kg\/#breadcrumb","itemListElement":[{"@type":"ListItem","position":1,"name":"Strona g\u0142\u00f3wna","item":"https:\/\/deseopatisserie.com\/de\/homepage\/"},{"@type":"ListItem","position":2,"name":"Pistaziencreme OHNE ZUCKER 1kg"}]},{"@type":"WebSite","@id":"https:\/\/deseopatisserie.com\/de\/#website","url":"https:\/\/deseopatisserie.com\/de\/","name":"DESEO","description":"Patisserie &amp; Chocolaterie","potentialAction":[{"@type":"SearchAction","target":{"@type":"EntryPoint","urlTemplate":"https:\/\/deseopatisserie.com\/de\/?s={search_term_string}"},"query-input":{"@type":"PropertyValueSpecification","valueRequired":true,"valueName":"search_term_string"}}],"inLanguage":"de"}]}},"_links":{"self":[{"href":"https:\/\/deseopatisserie.com\/de\/wp-json\/wp\/v2\/product\/89938","targetHints":{"allow":["GET"]}}],"collection":[{"href":"https:\/\/deseopatisserie.com\/de\/wp-json\/wp\/v2\/product"}],"about":[{"href":"https:\/\/deseopatisserie.com\/de\/wp-json\/wp\/v2\/types\/product"}],"wp:featuredmedia":[{"embeddable":true,"href":"https:\/\/deseopatisserie.com\/de\/wp-json\/wp\/v2\/media\/117013"}],"wp:attachment":[{"href":"https:\/\/deseopatisserie.com\/de\/wp-json\/wp\/v2\/media?parent=89938"}],"wp:term":[{"taxonomy":"product_brand","embeddable":true,"href":"https:\/\/deseopatisserie.com\/de\/wp-json\/wp\/v2\/product_brand?post=89938"},{"taxonomy":"product_cat","embeddable":true,"href":"https:\/\/deseopatisserie.com\/de\/wp-json\/wp\/v2\/product_cat?post=89938"},{"taxonomy":"product_tag","embeddable":true,"href":"https:\/\/deseopatisserie.com\/de\/wp-json\/wp\/v2\/product_tag?post=89938"}],"curies":[{"name":"wp","href":"https:\/\/api.w.org\/{rel}","templated":true}]}}