{"id":89937,"date":"2024-10-16T09:44:32","date_gmt":"2024-10-16T07:44:32","guid":{"rendered":"https:\/\/deseopatisserie.com\/?post_type=product&#038;p=89937"},"modified":"2025-04-02T15:34:18","modified_gmt":"2025-04-02T13:34:18","slug":"pistaziencreme-glatt-ohne-zucker-500g","status":"publish","type":"product","link":"https:\/\/deseopatisserie.com\/de\/produkt\/pistaziencreme-glatt-ohne-zucker-500g\/","title":{"rendered":"Pistaziencreme OHNE ZUCKER 500g"},"content":{"rendered":"<p data-start=\"86\" data-end=\"391\">Pistaziencreme ohne Zucker 500g ist eine ausgezeichnete Wahl f\u00fcr Menschen, die nat\u00fcrliche Zutaten und den intensiven Geschmack von Pistazien sch\u00e4tzen. Dank seiner samtigen Textur l\u00e4sst er sich perfekt auf Brot, Pfannkuchen und Toasts verteilen. Es enth\u00e4lt keinen Zucker und eignet sich daher perfekt f\u00fcr die Ern\u00e4hrung von Menschen, die Wert auf einen gesunden Lebensstil legen.  <\/p>\n<p data-start=\"393\" data-end=\"715\">Seine Vielseitigkeit erm\u00f6glicht einen breiten Einsatz in der K\u00fcche. Pistaziencreme ohne Zucker 500g passt perfekt zu Joghurts, Porridge und Smoothies und verleiht ihnen einen einzigartigen Geschmack. Es kann auch als Basis f\u00fcr Cremes, F\u00fcllungen f\u00fcr Kuchen, Pralinen und Desserts dienen, deren Geschmack unterstreicht und wertvolle N\u00e4hrstoffe liefert.  <\/p>\n<p data-start=\"717\" data-end=\"950\">Die gr\u00f6\u00dfere, praktische 500g-Packung ist eine tolle L\u00f6sung f\u00fcr kulinarische Begeisterte und professionelle Konditoreien und Caf\u00e9s. Dank ihm k\u00f6nnen Sie Ihren Lieblingsgeschmack l\u00e4nger genie\u00dfen und f\u00fcr kreative Rezepte verwenden. <\/p>\n<p data-start=\"717\" data-end=\"950\">Entdecken Sie unsere <span style=\"color: #bf883b;\"><a style=\"color: #bf883b;\" href=\"https:\/\/deseopatisserie.com\/pasty-kremy-do-smarowania\/\">Spreads und Spreads<\/a><\/span><\/p>\n","protected":false},"excerpt":{"rendered":"<p>Diese Pistaziencreme ist ABSOLUT NEU bei DESEO! Dies ist ein weiterer Vorschlag, den wir f\u00fcr alle kreiert haben, die Pistazien lieben! Diesmal in einer ZUCKERFREIEN Version!  <\/p>\n<p><strong>Zuckerfreie Pistaziencreme macht bis zu 54% der ger\u00f6steten Pistazien aus! Pistaziencreme mit einem h\u00f6heren Pistazienanteil wirst du wahrscheinlich nicht finden! Zucker hingegen wurde in diesem Fall durch Maltit ersetzt.  <\/strong><\/p>\n<p>DESEO Pistaziencreme ist nicht nur ein sensationeller Geschmack, sondern auch eine angenehm samtige Textur, wodurch sich die Creme perfekt als Zugabe zu Pfannkuchen, Waffeln, Desserts, aber auch als F\u00fcllung f\u00fcr Croissants, Donuts oder Muffins eignet.<\/p>\n<p><strong>Unsere Pistaziencreme wird aus unserer MEISTVERKAUFTEN 100% Pistazienpaste hergestellt.<\/strong>  Seit Jahren stellen wir es in unserer Werkstatt auf der Basis sorgf\u00e4ltig ausgew\u00e4hlter N\u00fcsse her und verwenden es bei der Zubereitung unserer Monoportionen, Croissants, Kuchen oder Pistazieneis.<\/p>\n<p>Wir haben eine 500-g-Packung Pistaziencreme als Antwort auf Ihre W\u00fcnsche zusammengestellt \u2013 ja, wir sind auch der Meinung, dass 200 Gramm k\u00f6stliche Sahne zu schnell verschwinden, vor allem, wenn mehrere Pistazienliebhaber zu Hause leben! Ein 500-g-Glas ist die perfekte Erg\u00e4nzung zum Familienfr\u00fchst\u00fcck. <\/p>\n<p><strong>DIE ZUCKERFREIE PISTAZIENCREME DESEO ENTH\u00c4LT KEINEN ZUCKER, KEIN PALM\u00d6L UND KEINE FARBSTOFFE!<\/strong><\/p>\n<p><strong>Probieren Sie es unbedingt aus f\u00fcr:<br \/>\n<\/strong>1. Mit Palatschinken, Waffeln und Palatschinken \u2013 die Familie wird begeistert sein!<br \/>\n2. F\u00fcr Fr\u00fchst\u00fcckscroissants \u2013 Sie k\u00f6nnen sie mit Sahne bestreichen, aber auch als F\u00fcllung f\u00fcr Croissants verwenden.<br \/>\n3. Als Zugabe zu Haferflocken, Hirse oder selbstgemachtem Granola.<br \/>\n4. Als Bestandteil von Desserts \u2013 probieren Sie es als Topping f\u00fcr Vanille- oder Pistazieneis.<br \/>\n5. F\u00fcr s\u00fc\u00dfe Torten und K\u00e4sekuchen!<br \/>\n6. Als Begleiter zum Espresso \u2013 es ist ein St\u00fcck Italien in Ihrem Zuhause!<\/p>\n<p>\ud83d\udc49 Laden Sie das kostenlose E-Book <span style=\"color: #bf883b;\"><a style=\"color: #bf883b;\" href=\"https:\/\/deseopatisserie.com\/de\/produkt\/pistazie-ebook-deseo\/\">DESEO PISTACHIO EBOOK herunter<\/a><\/span> und bereiten Sie k\u00f6stliche Desserts auf Basis von Pistazienpaste zu 100% zu!<\/p>\n","protected":false},"featured_media":117007,"template":"","meta":{"_acf_changed":false},"product_brand":[],"product_cat":[2001,2956,1645,1994],"product_tag":[],"class_list":{"0":"post-89937","1":"product","2":"type-product","3":"status-publish","4":"has-post-thumbnail","6":"product_cat-cremes-toppings-sugar-free","7":"product_cat-dubai-schokolade","8":"product_cat-pasten-cremes","9":"product_cat-streichfahige-cremes","11":"first","12":"instock","13":"taxable","14":"shipping-taxable","15":"purchasable","16":"product-type-simple"},"acf":[],"yoast_head":"<!-- This site is optimized with the Yoast SEO plugin v27.4 - https:\/\/yoast.com\/product\/yoast-seo-wordpress\/ -->\n<title>Pistaziencreme ohne Zucker 500g - Cukiernia DESEO Warszawa<\/title>\n<meta name=\"description\" content=\"Zuckerfreie Pistaziencreme 500g entspricht zu 54% ger\u00f6steten Pistazien! Pistaziencreme mit einem h\u00f6heren Gehalt an Pistazien wirst du wahrscheinlich nicht finden.\" \/>\n<meta name=\"robots\" content=\"index, follow, max-snippet:-1, max-image-preview:large, max-video-preview:-1\" \/>\n<link rel=\"canonical\" href=\"https:\/\/deseopatisserie.com\/de\/produkt\/pistaziencreme-glatt-ohne-zucker-500g\/\" \/>\n<meta property=\"og:locale\" content=\"de_DE\" \/>\n<meta property=\"og:type\" content=\"article\" \/>\n<meta property=\"og:title\" content=\"Pistaziencreme ohne Zucker 500g - Cukiernia DESEO Warszawa\" \/>\n<meta property=\"og:description\" content=\"Zuckerfreie Pistaziencreme 500g entspricht zu 54% ger\u00f6steten Pistazien! Pistaziencreme mit einem h\u00f6heren Gehalt an Pistazien wirst du wahrscheinlich nicht finden.\" \/>\n<meta property=\"og:url\" content=\"https:\/\/deseopatisserie.com\/de\/produkt\/pistaziencreme-glatt-ohne-zucker-500g\/\" \/>\n<meta property=\"og:site_name\" content=\"DESEO\" \/>\n<meta property=\"article:modified_time\" content=\"2025-04-02T13:34:18+00:00\" \/>\n<meta property=\"og:image\" content=\"https:\/\/deseopatisserie.com\/\/wp-content\/uploads\/2024\/10\/DESEO-Krem-pistacjowy-No-sugar-500g-Allegro-2560x2560px-1024x1024.jpg\" \/>\n\t<meta property=\"og:image:width\" content=\"1024\" \/>\n\t<meta property=\"og:image:height\" content=\"1024\" \/>\n\t<meta property=\"og:image:type\" content=\"image\/jpeg\" \/>\n<meta name=\"twitter:card\" content=\"summary_large_image\" \/>\n<meta name=\"twitter:label1\" content=\"Gesch\u00e4tzte Lesezeit\" \/>\n\t<meta name=\"twitter:data1\" content=\"1\u00a0Minute\" \/>\n<script type=\"application\/ld+json\" class=\"yoast-schema-graph\">{\"@context\":\"https:\\\/\\\/schema.org\",\"@graph\":[{\"@type\":\"WebPage\",\"@id\":\"https:\\\/\\\/deseopatisserie.com\\\/de\\\/produkt\\\/pistaziencreme-glatt-ohne-zucker-500g\\\/\",\"url\":\"https:\\\/\\\/deseopatisserie.com\\\/de\\\/produkt\\\/pistaziencreme-glatt-ohne-zucker-500g\\\/\",\"name\":\"Pistaziencreme ohne Zucker 500g - Cukiernia DESEO Warszawa\",\"isPartOf\":{\"@id\":\"https:\\\/\\\/deseopatisserie.com\\\/de\\\/#website\"},\"primaryImageOfPage\":{\"@id\":\"https:\\\/\\\/deseopatisserie.com\\\/de\\\/produkt\\\/pistaziencreme-glatt-ohne-zucker-500g\\\/#primaryimage\"},\"image\":{\"@id\":\"https:\\\/\\\/deseopatisserie.com\\\/de\\\/produkt\\\/pistaziencreme-glatt-ohne-zucker-500g\\\/#primaryimage\"},\"thumbnailUrl\":\"https:\\\/\\\/deseopatisserie.com\\\/\\\/wp-content\\\/uploads\\\/2024\\\/10\\\/KREM-PISTACJOWY-BEZ-CUKRU-1.png\",\"datePublished\":\"2024-10-16T07:44:32+00:00\",\"dateModified\":\"2025-04-02T13:34:18+00:00\",\"description\":\"Zuckerfreie Pistaziencreme 500g entspricht zu 54% ger\u00f6steten Pistazien! Pistaziencreme mit einem h\u00f6heren Gehalt an Pistazien wirst du wahrscheinlich nicht finden.\",\"breadcrumb\":{\"@id\":\"https:\\\/\\\/deseopatisserie.com\\\/de\\\/produkt\\\/pistaziencreme-glatt-ohne-zucker-500g\\\/#breadcrumb\"},\"inLanguage\":\"de\",\"potentialAction\":[{\"@type\":\"ReadAction\",\"target\":[\"https:\\\/\\\/deseopatisserie.com\\\/de\\\/produkt\\\/pistaziencreme-glatt-ohne-zucker-500g\\\/\"]}]},{\"@type\":\"ImageObject\",\"inLanguage\":\"de\",\"@id\":\"https:\\\/\\\/deseopatisserie.com\\\/de\\\/produkt\\\/pistaziencreme-glatt-ohne-zucker-500g\\\/#primaryimage\",\"url\":\"https:\\\/\\\/deseopatisserie.com\\\/\\\/wp-content\\\/uploads\\\/2024\\\/10\\\/KREM-PISTACJOWY-BEZ-CUKRU-1.png\",\"contentUrl\":\"https:\\\/\\\/deseopatisserie.com\\\/\\\/wp-content\\\/uploads\\\/2024\\\/10\\\/KREM-PISTACJOWY-BEZ-CUKRU-1.png\",\"width\":2048,\"height\":1365,\"caption\":\"KREM PISTACJOWY BEZ CUKRU (1)\"},{\"@type\":\"BreadcrumbList\",\"@id\":\"https:\\\/\\\/deseopatisserie.com\\\/de\\\/produkt\\\/pistaziencreme-glatt-ohne-zucker-500g\\\/#breadcrumb\",\"itemListElement\":[{\"@type\":\"ListItem\",\"position\":1,\"name\":\"Strona g\u0142\u00f3wna\",\"item\":\"https:\\\/\\\/deseopatisserie.com\\\/de\\\/homepage\\\/\"},{\"@type\":\"ListItem\",\"position\":2,\"name\":\"Pistaziencreme OHNE ZUCKER 500g\"}]},{\"@type\":\"WebSite\",\"@id\":\"https:\\\/\\\/deseopatisserie.com\\\/de\\\/#website\",\"url\":\"https:\\\/\\\/deseopatisserie.com\\\/de\\\/\",\"name\":\"DESEO\",\"description\":\"Patisserie &amp; Chocolaterie\",\"potentialAction\":[{\"@type\":\"SearchAction\",\"target\":{\"@type\":\"EntryPoint\",\"urlTemplate\":\"https:\\\/\\\/deseopatisserie.com\\\/de\\\/?s={search_term_string}\"},\"query-input\":{\"@type\":\"PropertyValueSpecification\",\"valueRequired\":true,\"valueName\":\"search_term_string\"}}],\"inLanguage\":\"de\"}]}<\/script>\n<!-- \/ Yoast SEO plugin. -->","yoast_head_json":{"title":"Pistaziencreme ohne Zucker 500g - Cukiernia DESEO Warszawa","description":"Zuckerfreie Pistaziencreme 500g entspricht zu 54% ger\u00f6steten Pistazien! Pistaziencreme mit einem h\u00f6heren Gehalt an Pistazien wirst du wahrscheinlich nicht finden.","robots":{"index":"index","follow":"follow","max-snippet":"max-snippet:-1","max-image-preview":"max-image-preview:large","max-video-preview":"max-video-preview:-1"},"canonical":"https:\/\/deseopatisserie.com\/de\/produkt\/pistaziencreme-glatt-ohne-zucker-500g\/","og_locale":"de_DE","og_type":"article","og_title":"Pistaziencreme ohne Zucker 500g - Cukiernia DESEO Warszawa","og_description":"Zuckerfreie Pistaziencreme 500g entspricht zu 54% ger\u00f6steten Pistazien! Pistaziencreme mit einem h\u00f6heren Gehalt an Pistazien wirst du wahrscheinlich nicht finden.","og_url":"https:\/\/deseopatisserie.com\/de\/produkt\/pistaziencreme-glatt-ohne-zucker-500g\/","og_site_name":"DESEO","article_modified_time":"2025-04-02T13:34:18+00:00","og_image":[{"width":1024,"height":1024,"url":"https:\/\/deseopatisserie.com\/\/wp-content\/uploads\/2024\/10\/DESEO-Krem-pistacjowy-No-sugar-500g-Allegro-2560x2560px-1024x1024.jpg","type":"image\/jpeg"}],"twitter_card":"summary_large_image","twitter_misc":{"Gesch\u00e4tzte Lesezeit":"1\u00a0Minute"},"schema":{"@context":"https:\/\/schema.org","@graph":[{"@type":"WebPage","@id":"https:\/\/deseopatisserie.com\/de\/produkt\/pistaziencreme-glatt-ohne-zucker-500g\/","url":"https:\/\/deseopatisserie.com\/de\/produkt\/pistaziencreme-glatt-ohne-zucker-500g\/","name":"Pistaziencreme ohne Zucker 500g - Cukiernia DESEO Warszawa","isPartOf":{"@id":"https:\/\/deseopatisserie.com\/de\/#website"},"primaryImageOfPage":{"@id":"https:\/\/deseopatisserie.com\/de\/produkt\/pistaziencreme-glatt-ohne-zucker-500g\/#primaryimage"},"image":{"@id":"https:\/\/deseopatisserie.com\/de\/produkt\/pistaziencreme-glatt-ohne-zucker-500g\/#primaryimage"},"thumbnailUrl":"https:\/\/deseopatisserie.com\/\/wp-content\/uploads\/2024\/10\/KREM-PISTACJOWY-BEZ-CUKRU-1.png","datePublished":"2024-10-16T07:44:32+00:00","dateModified":"2025-04-02T13:34:18+00:00","description":"Zuckerfreie Pistaziencreme 500g entspricht zu 54% ger\u00f6steten Pistazien! Pistaziencreme mit einem h\u00f6heren Gehalt an Pistazien wirst du wahrscheinlich nicht finden.","breadcrumb":{"@id":"https:\/\/deseopatisserie.com\/de\/produkt\/pistaziencreme-glatt-ohne-zucker-500g\/#breadcrumb"},"inLanguage":"de","potentialAction":[{"@type":"ReadAction","target":["https:\/\/deseopatisserie.com\/de\/produkt\/pistaziencreme-glatt-ohne-zucker-500g\/"]}]},{"@type":"ImageObject","inLanguage":"de","@id":"https:\/\/deseopatisserie.com\/de\/produkt\/pistaziencreme-glatt-ohne-zucker-500g\/#primaryimage","url":"https:\/\/deseopatisserie.com\/\/wp-content\/uploads\/2024\/10\/KREM-PISTACJOWY-BEZ-CUKRU-1.png","contentUrl":"https:\/\/deseopatisserie.com\/\/wp-content\/uploads\/2024\/10\/KREM-PISTACJOWY-BEZ-CUKRU-1.png","width":2048,"height":1365,"caption":"KREM PISTACJOWY BEZ CUKRU (1)"},{"@type":"BreadcrumbList","@id":"https:\/\/deseopatisserie.com\/de\/produkt\/pistaziencreme-glatt-ohne-zucker-500g\/#breadcrumb","itemListElement":[{"@type":"ListItem","position":1,"name":"Strona g\u0142\u00f3wna","item":"https:\/\/deseopatisserie.com\/de\/homepage\/"},{"@type":"ListItem","position":2,"name":"Pistaziencreme OHNE ZUCKER 500g"}]},{"@type":"WebSite","@id":"https:\/\/deseopatisserie.com\/de\/#website","url":"https:\/\/deseopatisserie.com\/de\/","name":"DESEO","description":"Patisserie &amp; Chocolaterie","potentialAction":[{"@type":"SearchAction","target":{"@type":"EntryPoint","urlTemplate":"https:\/\/deseopatisserie.com\/de\/?s={search_term_string}"},"query-input":{"@type":"PropertyValueSpecification","valueRequired":true,"valueName":"search_term_string"}}],"inLanguage":"de"}]}},"_links":{"self":[{"href":"https:\/\/deseopatisserie.com\/de\/wp-json\/wp\/v2\/product\/89937","targetHints":{"allow":["GET"]}}],"collection":[{"href":"https:\/\/deseopatisserie.com\/de\/wp-json\/wp\/v2\/product"}],"about":[{"href":"https:\/\/deseopatisserie.com\/de\/wp-json\/wp\/v2\/types\/product"}],"wp:featuredmedia":[{"embeddable":true,"href":"https:\/\/deseopatisserie.com\/de\/wp-json\/wp\/v2\/media\/117007"}],"wp:attachment":[{"href":"https:\/\/deseopatisserie.com\/de\/wp-json\/wp\/v2\/media?parent=89937"}],"wp:term":[{"taxonomy":"product_brand","embeddable":true,"href":"https:\/\/deseopatisserie.com\/de\/wp-json\/wp\/v2\/product_brand?post=89937"},{"taxonomy":"product_cat","embeddable":true,"href":"https:\/\/deseopatisserie.com\/de\/wp-json\/wp\/v2\/product_cat?post=89937"},{"taxonomy":"product_tag","embeddable":true,"href":"https:\/\/deseopatisserie.com\/de\/wp-json\/wp\/v2\/product_tag?post=89937"}],"curies":[{"name":"wp","href":"https:\/\/api.w.org\/{rel}","templated":true}]}}