{"id":89928,"date":"2024-10-15T13:41:08","date_gmt":"2024-10-15T11:41:08","guid":{"rendered":"https:\/\/deseopatisserie.com\/produkt\/pistaziencreme-glatt-1kg\/"},"modified":"2025-04-02T15:34:07","modified_gmt":"2025-04-02T13:34:07","slug":"pistaziencreme-glatt-1kg","status":"publish","type":"product","link":"https:\/\/deseopatisserie.com\/de\/produkt\/pistaziencreme-glatt-1kg\/","title":{"rendered":"Pistaziencreme 1kg"},"content":{"rendered":"<p data-start=\"0\" data-end=\"349\">Pistaziencreme 1kg ist eine ausgezeichnete Wahl f\u00fcr Pistazienliebhaber, die mehr von diesem einzigartigen Produkt suchen. Durch seine glatte, samtige Textur eignet er sich ideal f\u00fcr viele Gerichte, wie z.B. Tortenf\u00fcllungen, Pralinen oder hausgemachtes Eis. Pistaziencreme bereichert Backwaren und verleiht ihnen einen intensiven, nussigen Geschmack von Pistazien.  <\/p>\n<p data-start=\"351\" data-end=\"805\">Pistaziencreme 1kg passt gut zu Joghurt, Porridge, Cocktails und Smoothies. Es verleiht ihnen ein einzigartiges Aroma und vollen Geschmack. Der Gehalt an Pistazien in H\u00f6he von 54% liefert wertvolle N\u00e4hrstoffe wie Proteine, Ballaststoffe, Vitamine und Mineralstoffe. Es hilft, sich gesund und ausgewogen zu ern\u00e4hren. Das Produkt eignet sich auch perfekt f\u00fcr professionelle K\u00fcchen, Konditoreien und Caf\u00e9s, als Basis f\u00fcr kreative Desserts und Backwaren.    <\/p>\n<p data-start=\"807\" data-end=\"1051\" data-is-last-node=\"\" data-is-only-node=\"\">Eine 1-kg-Packung ist eine gro\u00dfartige Option f\u00fcr Menschen, die gr\u00f6\u00dfere Portionen von Gerichten zubereiten. Genie\u00dfen Sie den Geschmack von Pistazien \u00fcber einen l\u00e4ngeren Zeitraum, immer griffbereit. <\/p>\n<p data-start=\"807\" data-end=\"1104\" data-is-last-node=\"\" data-is-only-node=\"\">Entdecken Sie unsere <span style=\"color: #bf883b;\"><a style=\"color: #bf883b;\" href=\"https:\/\/deseopatisserie.com\/pasty-kremy-do-smarowania\/\">Spreads und Spreads<\/a>.<\/span><\/p>\n","protected":false},"excerpt":{"rendered":"<p>Diese Pistaziencreme ist ABSOLUT NEU bei DESEO! Dies ist ein weiterer Vorschlag, den wir f\u00fcr alle kreiert haben, die Pistazien lieben!   <strong>Bis zu 54% ger\u00f6stete Pistazien! Pistaziencreme mit einem h\u00f6heren Gehalt an Pistazien wirst du wahrscheinlich nicht finden <\/strong>! Tats\u00e4chlich haben die meisten italienischen Pistaziencremes nur 10 &#8211; 12% davon!<\/p>\n<p>DESEO Pistaziencreme ist nicht nur ein sensationeller Geschmack, sondern auch eine angenehm samtige Textur, wodurch sich die Creme perfekt als Zugabe zu Pfannkuchen, Waffeln, Desserts, aber auch als F\u00fcllung f\u00fcr Croissants, Donuts oder Muffins eignet.<\/p>\n<p><strong>Unsere Pistaziencreme wird aus unserer BESTSELLER 100% Pistazienpaste hergestellt<\/strong>. Seit Jahren stellen wir es in unserer Werkstatt auf der Basis sorgf\u00e4ltig ausgew\u00e4hlter N\u00fcsse her und verwenden es bei der Zubereitung unserer Monoportionen, Croissants, Kuchen oder Pistazieneis. <\/p>\n<p>Eine 1-kg-Packung Pistaziencreme ist die perfekte Option, wenn Sie viele Pistazienfans in Ihrem Haus haben! Es ist aber auch eine praktische Option, wenn Sie zum Beispiel eine Konditorei oder ein Caf\u00e9 betreiben und planen, Geb\u00e4ck, Croissants oder Donuts selbst zu f\u00fcllen. Daf\u00fcr ist es perfekt!  <\/p>\n<p><strong>DESEO PISTAZIENCREME ENTH\u00c4LT KEIN PALM\u00d6L UND KEINE FARBSTOFFE!<\/strong><\/p>\n<p><strong>Probieren Sie es unbedingt aus f\u00fcr:<\/strong><\/p>\n<p>1.Do Pfannkuchen, Waffeln und Pfannkuchen \u2013 die Familie wird begeistert sein!<br \/>\n2.Do Fr\u00fchst\u00fcckscroissants \u2013 Sie k\u00f6nnen sie mit Sahne bestreichen, aber auch als F\u00fcllung f\u00fcr Croissants verwenden.<br \/>\n3. Als Zugabe zu Haferflocken, Hirse oder selbstgemachtem Granola.<br \/>\n4. Als Element von Desserts \u2013 probieren Sie es als Topping f\u00fcr Vanille- oder Pistazieneis.<br \/>\n5.Do s\u00fc\u00dfe Torten und K\u00e4sekuchen!<\/p>\n<p>\ud83d\udc49 Laden Sie das kostenlose E-Book <a href=\"https:\/\/deseopatisserie.com\/de\/produkt\/pistazie-ebook-deseo\/\"><span style=\"color: #bf883b;\">DESEO PISTACHIO EBOOK herunter<\/span><\/a> und bereiten Sie k\u00f6stliche Desserts auf Basis von Pistazienpaste zu 100% zu!<\/p>\n","protected":false},"featured_media":116993,"template":"","meta":{"_acf_changed":false},"product_brand":[],"product_cat":[2956,1645,2646,1994],"product_tag":[],"class_list":{"0":"post-89928","1":"product","2":"type-product","3":"status-publish","4":"has-post-thumbnail","6":"product_cat-dubai-schokolade","7":"product_cat-pasten-cremes","8":"product_cat-produkte-fur-cafes-und-konditoreien","9":"product_cat-streichfahige-cremes","11":"first","12":"instock","13":"taxable","14":"shipping-taxable","15":"purchasable","16":"product-type-simple"},"acf":[],"yoast_head":"<!-- This site is optimized with the Yoast SEO plugin v27.4 - https:\/\/yoast.com\/product\/yoast-seo-wordpress\/ -->\n<title>Pistaziencreme 1kg - DESEO S\u00fc\u00dfwaren Warschau<\/title>\n<meta name=\"description\" content=\"ABSOLUT NEU bei DESEO - Pistaziencreme 1kg! Dies ist ein weiterer Vorschlag f\u00fcr alle, die Pistazien lieben! Bis zu 54% ger\u00f6stete Pistazien!\" \/>\n<meta name=\"robots\" content=\"index, follow, max-snippet:-1, max-image-preview:large, max-video-preview:-1\" \/>\n<link rel=\"canonical\" href=\"https:\/\/deseopatisserie.com\/de\/produkt\/pistaziencreme-glatt-1kg\/\" \/>\n<meta property=\"og:locale\" content=\"de_DE\" \/>\n<meta property=\"og:type\" content=\"article\" \/>\n<meta property=\"og:title\" content=\"Pistaziencreme 1kg I DESEO\" \/>\n<meta property=\"og:description\" content=\"Diese Pistaziencreme ist ABSOLUT NEU bei DESEO! Dies ist ein weiterer Vorschlag, den wir f\u00fcr alle kreiert haben, die Pistazien lieben! Bis zu 54% ger\u00f6stete Pistazien! DESEO Pistaziencreme ist nicht nur ein sensationeller Geschmack, sondern auch eine angenehm samtige Textur, wodurch sich die Creme perfekt als Zugabe zu Pfannkuchen, Waffeln, Desserts, aber auch als F\u00fcllung f\u00fcr Croissants, Donuts oder Muffins eignet.\" \/>\n<meta property=\"og:url\" content=\"https:\/\/deseopatisserie.com\/de\/produkt\/pistaziencreme-glatt-1kg\/\" \/>\n<meta property=\"og:site_name\" content=\"DESEO\" \/>\n<meta property=\"article:modified_time\" content=\"2025-04-02T13:34:07+00:00\" \/>\n<meta property=\"og:image\" content=\"https:\/\/deseopatisserie.com\/wp-content\/uploads\/2024\/10\/DESEO-Krem-pistacjowy-1kg-Allegro-2560x2560px-300x300.jpg\" \/>\n<meta name=\"twitter:card\" content=\"summary_large_image\" \/>\n<meta name=\"twitter:label1\" content=\"Gesch\u00e4tzte Lesezeit\" \/>\n\t<meta name=\"twitter:data1\" content=\"1\u00a0Minute\" \/>\n<script type=\"application\/ld+json\" class=\"yoast-schema-graph\">{\"@context\":\"https:\\\/\\\/schema.org\",\"@graph\":[{\"@type\":\"WebPage\",\"@id\":\"https:\\\/\\\/deseopatisserie.com\\\/de\\\/produkt\\\/pistaziencreme-glatt-1kg\\\/\",\"url\":\"https:\\\/\\\/deseopatisserie.com\\\/de\\\/produkt\\\/pistaziencreme-glatt-1kg\\\/\",\"name\":\"Pistaziencreme 1kg - DESEO S\u00fc\u00dfwaren Warschau\",\"isPartOf\":{\"@id\":\"https:\\\/\\\/deseopatisserie.com\\\/de\\\/#website\"},\"primaryImageOfPage\":{\"@id\":\"https:\\\/\\\/deseopatisserie.com\\\/de\\\/produkt\\\/pistaziencreme-glatt-1kg\\\/#primaryimage\"},\"image\":{\"@id\":\"https:\\\/\\\/deseopatisserie.com\\\/de\\\/produkt\\\/pistaziencreme-glatt-1kg\\\/#primaryimage\"},\"thumbnailUrl\":\"https:\\\/\\\/deseopatisserie.com\\\/\\\/wp-content\\\/uploads\\\/2024\\\/10\\\/KREM-PISTACJOWY-DESEO-2.png\",\"datePublished\":\"2024-10-15T11:41:08+00:00\",\"dateModified\":\"2025-04-02T13:34:07+00:00\",\"description\":\"ABSOLUT NEU bei DESEO - Pistaziencreme 1kg! Dies ist ein weiterer Vorschlag f\u00fcr alle, die Pistazien lieben! Bis zu 54% ger\u00f6stete Pistazien!\",\"breadcrumb\":{\"@id\":\"https:\\\/\\\/deseopatisserie.com\\\/de\\\/produkt\\\/pistaziencreme-glatt-1kg\\\/#breadcrumb\"},\"inLanguage\":\"de\",\"potentialAction\":[{\"@type\":\"ReadAction\",\"target\":[\"https:\\\/\\\/deseopatisserie.com\\\/de\\\/produkt\\\/pistaziencreme-glatt-1kg\\\/\"]}]},{\"@type\":\"ImageObject\",\"inLanguage\":\"de\",\"@id\":\"https:\\\/\\\/deseopatisserie.com\\\/de\\\/produkt\\\/pistaziencreme-glatt-1kg\\\/#primaryimage\",\"url\":\"https:\\\/\\\/deseopatisserie.com\\\/\\\/wp-content\\\/uploads\\\/2024\\\/10\\\/KREM-PISTACJOWY-DESEO-2.png\",\"contentUrl\":\"https:\\\/\\\/deseopatisserie.com\\\/\\\/wp-content\\\/uploads\\\/2024\\\/10\\\/KREM-PISTACJOWY-DESEO-2.png\",\"width\":2048,\"height\":1365,\"caption\":\"KREM PISTACJOWY DESEO (2)\"},{\"@type\":\"BreadcrumbList\",\"@id\":\"https:\\\/\\\/deseopatisserie.com\\\/de\\\/produkt\\\/pistaziencreme-glatt-1kg\\\/#breadcrumb\",\"itemListElement\":[{\"@type\":\"ListItem\",\"position\":1,\"name\":\"Strona g\u0142\u00f3wna\",\"item\":\"https:\\\/\\\/deseopatisserie.com\\\/de\\\/homepage\\\/\"},{\"@type\":\"ListItem\",\"position\":2,\"name\":\"Pistaziencreme 1kg\"}]},{\"@type\":\"WebSite\",\"@id\":\"https:\\\/\\\/deseopatisserie.com\\\/de\\\/#website\",\"url\":\"https:\\\/\\\/deseopatisserie.com\\\/de\\\/\",\"name\":\"DESEO\",\"description\":\"Patisserie &amp; Chocolaterie\",\"potentialAction\":[{\"@type\":\"SearchAction\",\"target\":{\"@type\":\"EntryPoint\",\"urlTemplate\":\"https:\\\/\\\/deseopatisserie.com\\\/de\\\/?s={search_term_string}\"},\"query-input\":{\"@type\":\"PropertyValueSpecification\",\"valueRequired\":true,\"valueName\":\"search_term_string\"}}],\"inLanguage\":\"de\"}]}<\/script>\n<!-- \/ Yoast SEO plugin. -->","yoast_head_json":{"title":"Pistaziencreme 1kg - DESEO S\u00fc\u00dfwaren Warschau","description":"ABSOLUT NEU bei DESEO - Pistaziencreme 1kg! Dies ist ein weiterer Vorschlag f\u00fcr alle, die Pistazien lieben! Bis zu 54% ger\u00f6stete Pistazien!","robots":{"index":"index","follow":"follow","max-snippet":"max-snippet:-1","max-image-preview":"max-image-preview:large","max-video-preview":"max-video-preview:-1"},"canonical":"https:\/\/deseopatisserie.com\/de\/produkt\/pistaziencreme-glatt-1kg\/","og_locale":"de_DE","og_type":"article","og_title":"Pistaziencreme 1kg I DESEO","og_description":"Diese Pistaziencreme ist ABSOLUT NEU bei DESEO! Dies ist ein weiterer Vorschlag, den wir f\u00fcr alle kreiert haben, die Pistazien lieben! Bis zu 54% ger\u00f6stete Pistazien! DESEO Pistaziencreme ist nicht nur ein sensationeller Geschmack, sondern auch eine angenehm samtige Textur, wodurch sich die Creme perfekt als Zugabe zu Pfannkuchen, Waffeln, Desserts, aber auch als F\u00fcllung f\u00fcr Croissants, Donuts oder Muffins eignet.","og_url":"https:\/\/deseopatisserie.com\/de\/produkt\/pistaziencreme-glatt-1kg\/","og_site_name":"DESEO","article_modified_time":"2025-04-02T13:34:07+00:00","og_image":[{"url":"https:\/\/deseopatisserie.com\/wp-content\/uploads\/2024\/10\/DESEO-Krem-pistacjowy-1kg-Allegro-2560x2560px-300x300.jpg","type":"","width":"","height":""}],"twitter_card":"summary_large_image","twitter_misc":{"Gesch\u00e4tzte Lesezeit":"1\u00a0Minute"},"schema":{"@context":"https:\/\/schema.org","@graph":[{"@type":"WebPage","@id":"https:\/\/deseopatisserie.com\/de\/produkt\/pistaziencreme-glatt-1kg\/","url":"https:\/\/deseopatisserie.com\/de\/produkt\/pistaziencreme-glatt-1kg\/","name":"Pistaziencreme 1kg - DESEO S\u00fc\u00dfwaren Warschau","isPartOf":{"@id":"https:\/\/deseopatisserie.com\/de\/#website"},"primaryImageOfPage":{"@id":"https:\/\/deseopatisserie.com\/de\/produkt\/pistaziencreme-glatt-1kg\/#primaryimage"},"image":{"@id":"https:\/\/deseopatisserie.com\/de\/produkt\/pistaziencreme-glatt-1kg\/#primaryimage"},"thumbnailUrl":"https:\/\/deseopatisserie.com\/\/wp-content\/uploads\/2024\/10\/KREM-PISTACJOWY-DESEO-2.png","datePublished":"2024-10-15T11:41:08+00:00","dateModified":"2025-04-02T13:34:07+00:00","description":"ABSOLUT NEU bei DESEO - Pistaziencreme 1kg! Dies ist ein weiterer Vorschlag f\u00fcr alle, die Pistazien lieben! Bis zu 54% ger\u00f6stete Pistazien!","breadcrumb":{"@id":"https:\/\/deseopatisserie.com\/de\/produkt\/pistaziencreme-glatt-1kg\/#breadcrumb"},"inLanguage":"de","potentialAction":[{"@type":"ReadAction","target":["https:\/\/deseopatisserie.com\/de\/produkt\/pistaziencreme-glatt-1kg\/"]}]},{"@type":"ImageObject","inLanguage":"de","@id":"https:\/\/deseopatisserie.com\/de\/produkt\/pistaziencreme-glatt-1kg\/#primaryimage","url":"https:\/\/deseopatisserie.com\/\/wp-content\/uploads\/2024\/10\/KREM-PISTACJOWY-DESEO-2.png","contentUrl":"https:\/\/deseopatisserie.com\/\/wp-content\/uploads\/2024\/10\/KREM-PISTACJOWY-DESEO-2.png","width":2048,"height":1365,"caption":"KREM PISTACJOWY DESEO (2)"},{"@type":"BreadcrumbList","@id":"https:\/\/deseopatisserie.com\/de\/produkt\/pistaziencreme-glatt-1kg\/#breadcrumb","itemListElement":[{"@type":"ListItem","position":1,"name":"Strona g\u0142\u00f3wna","item":"https:\/\/deseopatisserie.com\/de\/homepage\/"},{"@type":"ListItem","position":2,"name":"Pistaziencreme 1kg"}]},{"@type":"WebSite","@id":"https:\/\/deseopatisserie.com\/de\/#website","url":"https:\/\/deseopatisserie.com\/de\/","name":"DESEO","description":"Patisserie &amp; Chocolaterie","potentialAction":[{"@type":"SearchAction","target":{"@type":"EntryPoint","urlTemplate":"https:\/\/deseopatisserie.com\/de\/?s={search_term_string}"},"query-input":{"@type":"PropertyValueSpecification","valueRequired":true,"valueName":"search_term_string"}}],"inLanguage":"de"}]}},"_links":{"self":[{"href":"https:\/\/deseopatisserie.com\/de\/wp-json\/wp\/v2\/product\/89928","targetHints":{"allow":["GET"]}}],"collection":[{"href":"https:\/\/deseopatisserie.com\/de\/wp-json\/wp\/v2\/product"}],"about":[{"href":"https:\/\/deseopatisserie.com\/de\/wp-json\/wp\/v2\/types\/product"}],"wp:featuredmedia":[{"embeddable":true,"href":"https:\/\/deseopatisserie.com\/de\/wp-json\/wp\/v2\/media\/116993"}],"wp:attachment":[{"href":"https:\/\/deseopatisserie.com\/de\/wp-json\/wp\/v2\/media?parent=89928"}],"wp:term":[{"taxonomy":"product_brand","embeddable":true,"href":"https:\/\/deseopatisserie.com\/de\/wp-json\/wp\/v2\/product_brand?post=89928"},{"taxonomy":"product_cat","embeddable":true,"href":"https:\/\/deseopatisserie.com\/de\/wp-json\/wp\/v2\/product_cat?post=89928"},{"taxonomy":"product_tag","embeddable":true,"href":"https:\/\/deseopatisserie.com\/de\/wp-json\/wp\/v2\/product_tag?post=89928"}],"curies":[{"name":"wp","href":"https:\/\/api.w.org\/{rel}","templated":true}]}}