{"id":89927,"date":"2024-10-15T13:41:01","date_gmt":"2024-10-15T11:41:01","guid":{"rendered":"https:\/\/deseopatisserie.com\/produkt\/pistaziencreme-glatt-500g\/"},"modified":"2026-04-13T16:03:24","modified_gmt":"2026-04-13T14:03:24","slug":"pistaziencreme-glatt-500g","status":"publish","type":"product","link":"https:\/\/deseopatisserie.com\/de\/produkt\/pistaziencreme-glatt-500g\/","title":{"rendered":"Pistaziencreme 500g"},"content":{"rendered":"<p data-start=\"0\" data-end=\"439\">Pistaziencreme 500g ist die perfekte Wahl f\u00fcr Menschen, die den intensiven, nat\u00fcrlichen Geschmack von Pistazien und hochwertigen Zutaten lieben. Seine glatte Textur macht es perfekt f\u00fcr eine Vielzahl von kulinarischen Anwendungen. Pistaziencreme kann als F\u00fcllung f\u00fcr Kuchen, Pralinen, als Zutat in Desserts oder sogar als Basis f\u00fcr hausgemachtes Eis verwendet werden. Sein reichhaltiger, nussiger Geschmack bereichert Backwaren und verleiht ihnen einen einzigartigen Charakter.   <\/p>\n<p data-start=\"441\" data-end=\"883\">Pistaziencreme 500g passt perfekt zu Joghurt, Porridge und Smoothies und bringt einen Hauch von Pistazien-Eleganz in die t\u00e4glichen Mahlzeiten. Mit 54 % Pistazien liefert es wertvolle N\u00e4hrstoffe, darunter Proteine, Ballaststoffe, Vitamine und Mineralstoffe, um eine gesunde und ausgewogene Ern\u00e4hrung zu unterst\u00fctzen. Die Creme eignet sich auch gut f\u00fcr professionelle Konditoreien und Caf\u00e9s und ist die Basis f\u00fcr kreative Desserts und Backwaren.  <\/p>\n<p data-start=\"885\" data-end=\"1194\" data-is-last-node=\"\" data-is-only-node=\"\">Die handliche 500-g-Packung ist eine ausgezeichnete Option f\u00fcr Menschen, die jeden Tag den Geschmack von Pistazien genie\u00dfen m\u00f6chten, sowie f\u00fcr diejenigen, die gr\u00f6\u00dfere Portionen von Desserts und Geb\u00e4ck zubereiten.<\/p>\n<p data-start=\"885\" data-end=\"1194\" data-is-last-node=\"\" data-is-only-node=\"\">Entdecken Sie unsere <span style=\"color: #bf883b;\"><a style=\"color: #bf883b;\" href=\"https:\/\/deseopatisserie.com\/pasty-kremy-do-smarowania\/\">Spreads und Spreads<\/a>.<\/span><\/p>\n","protected":false},"excerpt":{"rendered":"<p>Diese Pistaziencreme ist ABSOLUT NEU bei DESEO! Dies ist ein weiterer Vorschlag, den wir f\u00fcr alle kreiert haben, die Pistazien lieben!   <strong>Bis zu 54% ger\u00f6stete Pistazien! Pistaziencreme mit einem h\u00f6heren Gehalt an Pistazien wirst du wahrscheinlich nicht finden <\/strong>! Tats\u00e4chlich haben die meisten italienischen Pistaziencremes nur 10 &#8211; 12% davon!<\/p>\n<p>DESEO Pistaziencreme ist nicht nur ein sensationeller Geschmack, sondern auch eine angenehm samtige Textur, wodurch sich die Creme perfekt als Zugabe zu Pfannkuchen, Waffeln, Desserts, aber auch als F\u00fcllung f\u00fcr Croissants, Donuts oder Muffins eignet.<\/p>\n<p><strong>Unsere Pistaziencreme wird aus unserer BESTSELLER 100% Pistazienpaste hergestellt<\/strong>. Seit Jahren stellen wir es in unserer Werkstatt auf der Basis sorgf\u00e4ltig ausgew\u00e4hlter N\u00fcsse her und verwenden es bei der Zubereitung unserer Monoportionen, Croissants, Kuchen oder Pistazieneis. <\/p>\n<p>Wir haben eine 500-g-Packung Pistaziencreme als Antwort auf Ihre W\u00fcnsche zusammengestellt \u2013 ja, wir sind auch der Meinung, dass 200 Gramm k\u00f6stliche Sahne zu schnell verschwinden, vor allem, wenn mehrere Pistazienliebhaber zu Hause leben! Ein 500-g-Glas ist die perfekte Erg\u00e4nzung zum Familienfr\u00fchst\u00fcck. <\/p>\n<p><strong>DESEO PISTAZIENCREME ENTH\u00c4LT KEIN PALM\u00d6L UND KEINE FARBSTOFFE!<\/strong><\/p>\n<p><strong>Probieren Sie es unbedingt aus f\u00fcr:<br \/>\n<\/strong>1.Do Pfannkuchen, Waffeln und Pfannkuchen \u2013 die Familie wird begeistert sein!<br \/>\n2.Do Fr\u00fchst\u00fcckscroissants \u2013 Sie k\u00f6nnen sie mit Sahne bestreichen, aber auch als F\u00fcllung f\u00fcr Croissants verwenden.<br \/>\n3. Als Zugabe zu Haferflocken, Hirse oder selbstgemachtem Granola.<br \/>\n4. Als Element von Desserts \u2013 probieren Sie es als Topping f\u00fcr Vanille- oder Pistazieneis.<br \/>\n5.Do s\u00fc\u00dfe Torten und K\u00e4sekuchen!<\/p>\n<p>\ud83d\udc49 Laden Sie das kostenlose E-Book <a href=\"https:\/\/deseopatisserie.com\/de\/produkt\/pistazie-ebook-deseo\/\"><span style=\"color: #bf883b;\">DESEO PISTACHIO EBOOK herunter<\/span><\/a> und bereiten Sie k\u00f6stliche Desserts auf Basis von Pistazienpaste zu 100% zu!<\/p>\n","protected":false},"featured_media":116987,"template":"","meta":{"_acf_changed":false},"product_brand":[],"product_cat":[2956,1645,1994],"product_tag":[],"class_list":{"0":"post-89927","1":"product","2":"type-product","3":"status-publish","4":"has-post-thumbnail","6":"product_cat-dubai-schokolade","7":"product_cat-pasten-cremes","8":"product_cat-streichfahige-cremes","10":"first","11":"instock","12":"taxable","13":"shipping-taxable","14":"purchasable","15":"product-type-simple"},"acf":[],"yoast_head":"<!-- This site is optimized with the Yoast SEO plugin v27.4 - https:\/\/yoast.com\/product\/yoast-seo-wordpress\/ -->\n<title>Pistaziencreme 500g - DESEO S\u00fc\u00dfwaren Warschau<\/title>\n<meta name=\"description\" content=\"ABSOLUT NEU bei DESEO - Pistaziencreme 500g! Dies ist ein weiterer Vorschlag f\u00fcr alle, die Pistazien lieben! Bis zu 54% ger\u00f6stete Pistazien!\" \/>\n<meta name=\"robots\" content=\"index, follow, max-snippet:-1, max-image-preview:large, max-video-preview:-1\" \/>\n<link rel=\"canonical\" href=\"https:\/\/deseopatisserie.com\/de\/produkt\/pistaziencreme-glatt-500g\/\" \/>\n<meta property=\"og:locale\" content=\"de_DE\" \/>\n<meta property=\"og:type\" content=\"article\" \/>\n<meta property=\"og:title\" content=\"Pistaziencreme 500g | DESEO\" \/>\n<meta property=\"og:description\" content=\"Diese Pistaziencreme ist ABSOLUT NEU bei DESEO! Dies ist ein weiterer Vorschlag f\u00fcr alle, die Pistazien lieben! Bis zu 54% ger\u00f6stete Pistazien! Pistaziencreme mit einem h\u00f6heren Pistazienanteil wirst du wahrscheinlich nicht finden!\" \/>\n<meta property=\"og:url\" content=\"https:\/\/deseopatisserie.com\/de\/produkt\/pistaziencreme-glatt-500g\/\" \/>\n<meta property=\"og:site_name\" content=\"DESEO\" \/>\n<meta property=\"article:modified_time\" content=\"2026-04-13T14:03:24+00:00\" \/>\n<meta property=\"og:image\" content=\"https:\/\/deseopatisserie.com\/wp-content\/uploads\/2024\/10\/DESEO-Krem-pistacjowy-500g-Allegro-2560x2560px-300x300.jpg\" \/>\n<meta name=\"twitter:card\" content=\"summary_large_image\" \/>\n<meta name=\"twitter:label1\" content=\"Gesch\u00e4tzte Lesezeit\" \/>\n\t<meta name=\"twitter:data1\" content=\"1\u00a0Minute\" \/>\n<script type=\"application\/ld+json\" class=\"yoast-schema-graph\">{\"@context\":\"https:\\\/\\\/schema.org\",\"@graph\":[{\"@type\":\"WebPage\",\"@id\":\"https:\\\/\\\/deseopatisserie.com\\\/de\\\/produkt\\\/pistaziencreme-glatt-500g\\\/\",\"url\":\"https:\\\/\\\/deseopatisserie.com\\\/de\\\/produkt\\\/pistaziencreme-glatt-500g\\\/\",\"name\":\"Pistaziencreme 500g - DESEO S\u00fc\u00dfwaren Warschau\",\"isPartOf\":{\"@id\":\"https:\\\/\\\/deseopatisserie.com\\\/de\\\/#website\"},\"primaryImageOfPage\":{\"@id\":\"https:\\\/\\\/deseopatisserie.com\\\/de\\\/produkt\\\/pistaziencreme-glatt-500g\\\/#primaryimage\"},\"image\":{\"@id\":\"https:\\\/\\\/deseopatisserie.com\\\/de\\\/produkt\\\/pistaziencreme-glatt-500g\\\/#primaryimage\"},\"thumbnailUrl\":\"https:\\\/\\\/deseopatisserie.com\\\/\\\/wp-content\\\/uploads\\\/2024\\\/10\\\/KREM-PISTACJOWY-DESEO-1.png\",\"datePublished\":\"2024-10-15T11:41:01+00:00\",\"dateModified\":\"2026-04-13T14:03:24+00:00\",\"description\":\"ABSOLUT NEU bei DESEO - Pistaziencreme 500g! Dies ist ein weiterer Vorschlag f\u00fcr alle, die Pistazien lieben! Bis zu 54% ger\u00f6stete Pistazien!\",\"breadcrumb\":{\"@id\":\"https:\\\/\\\/deseopatisserie.com\\\/de\\\/produkt\\\/pistaziencreme-glatt-500g\\\/#breadcrumb\"},\"inLanguage\":\"de\",\"potentialAction\":[{\"@type\":\"ReadAction\",\"target\":[\"https:\\\/\\\/deseopatisserie.com\\\/de\\\/produkt\\\/pistaziencreme-glatt-500g\\\/\"]}]},{\"@type\":\"ImageObject\",\"inLanguage\":\"de\",\"@id\":\"https:\\\/\\\/deseopatisserie.com\\\/de\\\/produkt\\\/pistaziencreme-glatt-500g\\\/#primaryimage\",\"url\":\"https:\\\/\\\/deseopatisserie.com\\\/\\\/wp-content\\\/uploads\\\/2024\\\/10\\\/KREM-PISTACJOWY-DESEO-1.png\",\"contentUrl\":\"https:\\\/\\\/deseopatisserie.com\\\/\\\/wp-content\\\/uploads\\\/2024\\\/10\\\/KREM-PISTACJOWY-DESEO-1.png\",\"width\":2048,\"height\":1365,\"caption\":\"KREM PISTACJOWY DESEO (1)\"},{\"@type\":\"BreadcrumbList\",\"@id\":\"https:\\\/\\\/deseopatisserie.com\\\/de\\\/produkt\\\/pistaziencreme-glatt-500g\\\/#breadcrumb\",\"itemListElement\":[{\"@type\":\"ListItem\",\"position\":1,\"name\":\"Strona g\u0142\u00f3wna\",\"item\":\"https:\\\/\\\/deseopatisserie.com\\\/de\\\/homepage\\\/\"},{\"@type\":\"ListItem\",\"position\":2,\"name\":\"Pistaziencreme 500g\"}]},{\"@type\":\"WebSite\",\"@id\":\"https:\\\/\\\/deseopatisserie.com\\\/de\\\/#website\",\"url\":\"https:\\\/\\\/deseopatisserie.com\\\/de\\\/\",\"name\":\"DESEO\",\"description\":\"Patisserie &amp; Chocolaterie\",\"potentialAction\":[{\"@type\":\"SearchAction\",\"target\":{\"@type\":\"EntryPoint\",\"urlTemplate\":\"https:\\\/\\\/deseopatisserie.com\\\/de\\\/?s={search_term_string}\"},\"query-input\":{\"@type\":\"PropertyValueSpecification\",\"valueRequired\":true,\"valueName\":\"search_term_string\"}}],\"inLanguage\":\"de\"}]}<\/script>\n<!-- \/ Yoast SEO plugin. -->","yoast_head_json":{"title":"Pistaziencreme 500g - DESEO S\u00fc\u00dfwaren Warschau","description":"ABSOLUT NEU bei DESEO - Pistaziencreme 500g! Dies ist ein weiterer Vorschlag f\u00fcr alle, die Pistazien lieben! Bis zu 54% ger\u00f6stete Pistazien!","robots":{"index":"index","follow":"follow","max-snippet":"max-snippet:-1","max-image-preview":"max-image-preview:large","max-video-preview":"max-video-preview:-1"},"canonical":"https:\/\/deseopatisserie.com\/de\/produkt\/pistaziencreme-glatt-500g\/","og_locale":"de_DE","og_type":"article","og_title":"Pistaziencreme 500g | DESEO","og_description":"Diese Pistaziencreme ist ABSOLUT NEU bei DESEO! Dies ist ein weiterer Vorschlag f\u00fcr alle, die Pistazien lieben! Bis zu 54% ger\u00f6stete Pistazien! Pistaziencreme mit einem h\u00f6heren Pistazienanteil wirst du wahrscheinlich nicht finden!","og_url":"https:\/\/deseopatisserie.com\/de\/produkt\/pistaziencreme-glatt-500g\/","og_site_name":"DESEO","article_modified_time":"2026-04-13T14:03:24+00:00","og_image":[{"url":"https:\/\/deseopatisserie.com\/wp-content\/uploads\/2024\/10\/DESEO-Krem-pistacjowy-500g-Allegro-2560x2560px-300x300.jpg","type":"","width":"","height":""}],"twitter_card":"summary_large_image","twitter_misc":{"Gesch\u00e4tzte Lesezeit":"1\u00a0Minute"},"schema":{"@context":"https:\/\/schema.org","@graph":[{"@type":"WebPage","@id":"https:\/\/deseopatisserie.com\/de\/produkt\/pistaziencreme-glatt-500g\/","url":"https:\/\/deseopatisserie.com\/de\/produkt\/pistaziencreme-glatt-500g\/","name":"Pistaziencreme 500g - DESEO S\u00fc\u00dfwaren Warschau","isPartOf":{"@id":"https:\/\/deseopatisserie.com\/de\/#website"},"primaryImageOfPage":{"@id":"https:\/\/deseopatisserie.com\/de\/produkt\/pistaziencreme-glatt-500g\/#primaryimage"},"image":{"@id":"https:\/\/deseopatisserie.com\/de\/produkt\/pistaziencreme-glatt-500g\/#primaryimage"},"thumbnailUrl":"https:\/\/deseopatisserie.com\/\/wp-content\/uploads\/2024\/10\/KREM-PISTACJOWY-DESEO-1.png","datePublished":"2024-10-15T11:41:01+00:00","dateModified":"2026-04-13T14:03:24+00:00","description":"ABSOLUT NEU bei DESEO - Pistaziencreme 500g! Dies ist ein weiterer Vorschlag f\u00fcr alle, die Pistazien lieben! Bis zu 54% ger\u00f6stete Pistazien!","breadcrumb":{"@id":"https:\/\/deseopatisserie.com\/de\/produkt\/pistaziencreme-glatt-500g\/#breadcrumb"},"inLanguage":"de","potentialAction":[{"@type":"ReadAction","target":["https:\/\/deseopatisserie.com\/de\/produkt\/pistaziencreme-glatt-500g\/"]}]},{"@type":"ImageObject","inLanguage":"de","@id":"https:\/\/deseopatisserie.com\/de\/produkt\/pistaziencreme-glatt-500g\/#primaryimage","url":"https:\/\/deseopatisserie.com\/\/wp-content\/uploads\/2024\/10\/KREM-PISTACJOWY-DESEO-1.png","contentUrl":"https:\/\/deseopatisserie.com\/\/wp-content\/uploads\/2024\/10\/KREM-PISTACJOWY-DESEO-1.png","width":2048,"height":1365,"caption":"KREM PISTACJOWY DESEO (1)"},{"@type":"BreadcrumbList","@id":"https:\/\/deseopatisserie.com\/de\/produkt\/pistaziencreme-glatt-500g\/#breadcrumb","itemListElement":[{"@type":"ListItem","position":1,"name":"Strona g\u0142\u00f3wna","item":"https:\/\/deseopatisserie.com\/de\/homepage\/"},{"@type":"ListItem","position":2,"name":"Pistaziencreme 500g"}]},{"@type":"WebSite","@id":"https:\/\/deseopatisserie.com\/de\/#website","url":"https:\/\/deseopatisserie.com\/de\/","name":"DESEO","description":"Patisserie &amp; Chocolaterie","potentialAction":[{"@type":"SearchAction","target":{"@type":"EntryPoint","urlTemplate":"https:\/\/deseopatisserie.com\/de\/?s={search_term_string}"},"query-input":{"@type":"PropertyValueSpecification","valueRequired":true,"valueName":"search_term_string"}}],"inLanguage":"de"}]}},"_links":{"self":[{"href":"https:\/\/deseopatisserie.com\/de\/wp-json\/wp\/v2\/product\/89927","targetHints":{"allow":["GET"]}}],"collection":[{"href":"https:\/\/deseopatisserie.com\/de\/wp-json\/wp\/v2\/product"}],"about":[{"href":"https:\/\/deseopatisserie.com\/de\/wp-json\/wp\/v2\/types\/product"}],"wp:featuredmedia":[{"embeddable":true,"href":"https:\/\/deseopatisserie.com\/de\/wp-json\/wp\/v2\/media\/116987"}],"wp:attachment":[{"href":"https:\/\/deseopatisserie.com\/de\/wp-json\/wp\/v2\/media?parent=89927"}],"wp:term":[{"taxonomy":"product_brand","embeddable":true,"href":"https:\/\/deseopatisserie.com\/de\/wp-json\/wp\/v2\/product_brand?post=89927"},{"taxonomy":"product_cat","embeddable":true,"href":"https:\/\/deseopatisserie.com\/de\/wp-json\/wp\/v2\/product_cat?post=89927"},{"taxonomy":"product_tag","embeddable":true,"href":"https:\/\/deseopatisserie.com\/de\/wp-json\/wp\/v2\/product_tag?post=89927"}],"curies":[{"name":"wp","href":"https:\/\/api.w.org\/{rel}","templated":true}]}}