{"id":89902,"date":"2024-10-08T11:20:31","date_gmt":"2024-10-08T09:20:31","guid":{"rendered":"https:\/\/deseopatisserie.com\/produkt\/halloween-pekannussbombe-2-0\/"},"modified":"2025-10-09T13:01:45","modified_gmt":"2025-10-09T11:01:45","slug":"halloween-pekannussbombe-2-0","status":"publish","type":"product","link":"https:\/\/deseopatisserie.com\/de\/produkt\/halloween-pekannussbombe-2-0\/","title":{"rendered":"HALLOWEEN Pekannussbombe 2.0"},"content":{"rendered":"","protected":false},"excerpt":{"rendered":"<p>Mousse aus goldener Karamellschokolade und Pekann\u00fcssen \/ Pekannusspraline \/ wei\u00dfer Schokoladenriegel mit karamellisierten Pekann\u00fcssen \/ glutenfreier Schokoladenbiskuit mit Togo 42% Schokoladenriegel Togo 42% F\u00fcr Halloween hat unsere k\u00f6stliche, nussige Neuank\u00f6mmlingin &#8211; Pecan Bomb 2.0 &#8211; ein besonderes Kost\u00fcm angezogen! Schlie\u00dflich bereitet sie sich genau wie Sie auf eine Halloween-Party vor! Wir haben unsere Pekannussbombe in einer schwarzen Kugel versteckt, auf der ein Bezik der Geist hockt! Wir haben das Ganze in ein Marshmallow-Web&#8230;. eingewickelt. Sehen Sie nur, wie toll das aussieht!<\/p>\n","protected":false},"featured_media":86302,"template":"","meta":{"_acf_changed":false},"product_brand":[],"product_cat":[1851,1750],"product_tag":[],"class_list":{"0":"post-89902","1":"product","2":"type-product","3":"status-publish","4":"has-post-thumbnail","6":"product_cat-halloween-de","7":"product_cat-petit-gateau-kekse","9":"first","10":"outofstock","11":"taxable","12":"shipping-taxable","13":"purchasable","14":"product-type-simple"},"acf":[],"yoast_head":"<!-- This site is optimized with the Yoast SEO plugin v27.4 - https:\/\/yoast.com\/product\/yoast-seo-wordpress\/ -->\n<title>HALLOWEEN Pekannussbombe 2.0 - Cukiernia DESEO Warszawa<\/title>\n<meta name=\"description\" content=\"F\u00fcr Halloween hat unsere k\u00f6stliche nussige Neuheit - Pecan Bomb 2.0 - ein ganz besonderes Kost\u00fcm angezogen! Schlie\u00dflich macht er sich genau wie Sie bereit, sich f\u00fcr die Halloween-Party zu verkleiden!\" \/>\n<meta name=\"robots\" content=\"index, follow, max-snippet:-1, max-image-preview:large, max-video-preview:-1\" \/>\n<link rel=\"canonical\" href=\"https:\/\/deseopatisserie.com\/de\/produkt\/halloween-pekannussbombe-2-0\/\" \/>\n<meta property=\"og:locale\" content=\"de_DE\" \/>\n<meta property=\"og:type\" content=\"article\" \/>\n<meta property=\"og:title\" content=\"DESEO - Pekannussbombe 2.0\" \/>\n<meta property=\"og:description\" content=\"Ein wahr gewordener Traum f\u00fcr alle Pekannuss-Fans! Dieser Kuchen ist eine absolute Hommage an die Pekann\u00fcsse! Sie sieht wundersch\u00f6n aus und schmeckt wunderbar!\" \/>\n<meta property=\"og:url\" content=\"https:\/\/deseopatisserie.com\/de\/produkt\/halloween-pekannussbombe-2-0\/\" \/>\n<meta property=\"og:site_name\" content=\"DESEO\" \/>\n<meta property=\"article:modified_time\" content=\"2025-10-09T11:01:45+00:00\" \/>\n<meta property=\"og:image\" content=\"https:\/\/deseopatisserie.com\/wp-content\/uploads\/2024\/10\/DESEO_PECAN-BOMB_2-1-1024x683.jpg\" \/>\n<meta name=\"twitter:card\" content=\"summary_large_image\" \/>\n<meta name=\"twitter:label1\" content=\"Gesch\u00e4tzte Lesezeit\" \/>\n\t<meta name=\"twitter:data1\" content=\"1\u00a0Minute\" \/>\n<script type=\"application\/ld+json\" class=\"yoast-schema-graph\">{\"@context\":\"https:\\\/\\\/schema.org\",\"@graph\":[{\"@type\":\"WebPage\",\"@id\":\"https:\\\/\\\/deseopatisserie.com\\\/de\\\/produkt\\\/halloween-pekannussbombe-2-0\\\/\",\"url\":\"https:\\\/\\\/deseopatisserie.com\\\/de\\\/produkt\\\/halloween-pekannussbombe-2-0\\\/\",\"name\":\"HALLOWEEN Pekannussbombe 2.0 - Cukiernia DESEO Warszawa\",\"isPartOf\":{\"@id\":\"https:\\\/\\\/deseopatisserie.com\\\/de\\\/#website\"},\"primaryImageOfPage\":{\"@id\":\"https:\\\/\\\/deseopatisserie.com\\\/de\\\/produkt\\\/halloween-pekannussbombe-2-0\\\/#primaryimage\"},\"image\":{\"@id\":\"https:\\\/\\\/deseopatisserie.com\\\/de\\\/produkt\\\/halloween-pekannussbombe-2-0\\\/#primaryimage\"},\"thumbnailUrl\":\"https:\\\/\\\/deseopatisserie.com\\\/\\\/wp-content\\\/uploads\\\/2024\\\/10\\\/DESEO_warsztaty_halloween_1.jpg\",\"datePublished\":\"2024-10-08T09:20:31+00:00\",\"dateModified\":\"2025-10-09T11:01:45+00:00\",\"description\":\"F\u00fcr Halloween hat unsere k\u00f6stliche nussige Neuheit - Pecan Bomb 2.0 - ein ganz besonderes Kost\u00fcm angezogen! Schlie\u00dflich macht er sich genau wie Sie bereit, sich f\u00fcr die Halloween-Party zu verkleiden!\",\"breadcrumb\":{\"@id\":\"https:\\\/\\\/deseopatisserie.com\\\/de\\\/produkt\\\/halloween-pekannussbombe-2-0\\\/#breadcrumb\"},\"inLanguage\":\"de\",\"potentialAction\":[{\"@type\":\"ReadAction\",\"target\":[\"https:\\\/\\\/deseopatisserie.com\\\/de\\\/produkt\\\/halloween-pekannussbombe-2-0\\\/\"]}]},{\"@type\":\"ImageObject\",\"inLanguage\":\"de\",\"@id\":\"https:\\\/\\\/deseopatisserie.com\\\/de\\\/produkt\\\/halloween-pekannussbombe-2-0\\\/#primaryimage\",\"url\":\"https:\\\/\\\/deseopatisserie.com\\\/\\\/wp-content\\\/uploads\\\/2024\\\/10\\\/DESEO_warsztaty_halloween_1.jpg\",\"contentUrl\":\"https:\\\/\\\/deseopatisserie.com\\\/\\\/wp-content\\\/uploads\\\/2024\\\/10\\\/DESEO_warsztaty_halloween_1.jpg\",\"width\":1440,\"height\":960},{\"@type\":\"BreadcrumbList\",\"@id\":\"https:\\\/\\\/deseopatisserie.com\\\/de\\\/produkt\\\/halloween-pekannussbombe-2-0\\\/#breadcrumb\",\"itemListElement\":[{\"@type\":\"ListItem\",\"position\":1,\"name\":\"Strona g\u0142\u00f3wna\",\"item\":\"https:\\\/\\\/deseopatisserie.com\\\/de\\\/homepage\\\/\"},{\"@type\":\"ListItem\",\"position\":2,\"name\":\"HALLOWEEN Pekannussbombe 2.0\"}]},{\"@type\":\"WebSite\",\"@id\":\"https:\\\/\\\/deseopatisserie.com\\\/de\\\/#website\",\"url\":\"https:\\\/\\\/deseopatisserie.com\\\/de\\\/\",\"name\":\"DESEO\",\"description\":\"Patisserie &amp; Chocolaterie\",\"potentialAction\":[{\"@type\":\"SearchAction\",\"target\":{\"@type\":\"EntryPoint\",\"urlTemplate\":\"https:\\\/\\\/deseopatisserie.com\\\/de\\\/?s={search_term_string}\"},\"query-input\":{\"@type\":\"PropertyValueSpecification\",\"valueRequired\":true,\"valueName\":\"search_term_string\"}}],\"inLanguage\":\"de\"}]}<\/script>\n<!-- \/ Yoast SEO plugin. -->","yoast_head_json":{"title":"HALLOWEEN Pekannussbombe 2.0 - Cukiernia DESEO Warszawa","description":"F\u00fcr Halloween hat unsere k\u00f6stliche nussige Neuheit - Pecan Bomb 2.0 - ein ganz besonderes Kost\u00fcm angezogen! Schlie\u00dflich macht er sich genau wie Sie bereit, sich f\u00fcr die Halloween-Party zu verkleiden!","robots":{"index":"index","follow":"follow","max-snippet":"max-snippet:-1","max-image-preview":"max-image-preview:large","max-video-preview":"max-video-preview:-1"},"canonical":"https:\/\/deseopatisserie.com\/de\/produkt\/halloween-pekannussbombe-2-0\/","og_locale":"de_DE","og_type":"article","og_title":"DESEO - Pekannussbombe 2.0","og_description":"Ein wahr gewordener Traum f\u00fcr alle Pekannuss-Fans! Dieser Kuchen ist eine absolute Hommage an die Pekann\u00fcsse! Sie sieht wundersch\u00f6n aus und schmeckt wunderbar!","og_url":"https:\/\/deseopatisserie.com\/de\/produkt\/halloween-pekannussbombe-2-0\/","og_site_name":"DESEO","article_modified_time":"2025-10-09T11:01:45+00:00","og_image":[{"url":"https:\/\/deseopatisserie.com\/wp-content\/uploads\/2024\/10\/DESEO_PECAN-BOMB_2-1-1024x683.jpg","type":"","width":"","height":""}],"twitter_card":"summary_large_image","twitter_misc":{"Gesch\u00e4tzte Lesezeit":"1\u00a0Minute"},"schema":{"@context":"https:\/\/schema.org","@graph":[{"@type":"WebPage","@id":"https:\/\/deseopatisserie.com\/de\/produkt\/halloween-pekannussbombe-2-0\/","url":"https:\/\/deseopatisserie.com\/de\/produkt\/halloween-pekannussbombe-2-0\/","name":"HALLOWEEN Pekannussbombe 2.0 - Cukiernia DESEO Warszawa","isPartOf":{"@id":"https:\/\/deseopatisserie.com\/de\/#website"},"primaryImageOfPage":{"@id":"https:\/\/deseopatisserie.com\/de\/produkt\/halloween-pekannussbombe-2-0\/#primaryimage"},"image":{"@id":"https:\/\/deseopatisserie.com\/de\/produkt\/halloween-pekannussbombe-2-0\/#primaryimage"},"thumbnailUrl":"https:\/\/deseopatisserie.com\/\/wp-content\/uploads\/2024\/10\/DESEO_warsztaty_halloween_1.jpg","datePublished":"2024-10-08T09:20:31+00:00","dateModified":"2025-10-09T11:01:45+00:00","description":"F\u00fcr Halloween hat unsere k\u00f6stliche nussige Neuheit - Pecan Bomb 2.0 - ein ganz besonderes Kost\u00fcm angezogen! Schlie\u00dflich macht er sich genau wie Sie bereit, sich f\u00fcr die Halloween-Party zu verkleiden!","breadcrumb":{"@id":"https:\/\/deseopatisserie.com\/de\/produkt\/halloween-pekannussbombe-2-0\/#breadcrumb"},"inLanguage":"de","potentialAction":[{"@type":"ReadAction","target":["https:\/\/deseopatisserie.com\/de\/produkt\/halloween-pekannussbombe-2-0\/"]}]},{"@type":"ImageObject","inLanguage":"de","@id":"https:\/\/deseopatisserie.com\/de\/produkt\/halloween-pekannussbombe-2-0\/#primaryimage","url":"https:\/\/deseopatisserie.com\/\/wp-content\/uploads\/2024\/10\/DESEO_warsztaty_halloween_1.jpg","contentUrl":"https:\/\/deseopatisserie.com\/\/wp-content\/uploads\/2024\/10\/DESEO_warsztaty_halloween_1.jpg","width":1440,"height":960},{"@type":"BreadcrumbList","@id":"https:\/\/deseopatisserie.com\/de\/produkt\/halloween-pekannussbombe-2-0\/#breadcrumb","itemListElement":[{"@type":"ListItem","position":1,"name":"Strona g\u0142\u00f3wna","item":"https:\/\/deseopatisserie.com\/de\/homepage\/"},{"@type":"ListItem","position":2,"name":"HALLOWEEN Pekannussbombe 2.0"}]},{"@type":"WebSite","@id":"https:\/\/deseopatisserie.com\/de\/#website","url":"https:\/\/deseopatisserie.com\/de\/","name":"DESEO","description":"Patisserie &amp; Chocolaterie","potentialAction":[{"@type":"SearchAction","target":{"@type":"EntryPoint","urlTemplate":"https:\/\/deseopatisserie.com\/de\/?s={search_term_string}"},"query-input":{"@type":"PropertyValueSpecification","valueRequired":true,"valueName":"search_term_string"}}],"inLanguage":"de"}]}},"_links":{"self":[{"href":"https:\/\/deseopatisserie.com\/de\/wp-json\/wp\/v2\/product\/89902","targetHints":{"allow":["GET"]}}],"collection":[{"href":"https:\/\/deseopatisserie.com\/de\/wp-json\/wp\/v2\/product"}],"about":[{"href":"https:\/\/deseopatisserie.com\/de\/wp-json\/wp\/v2\/types\/product"}],"wp:featuredmedia":[{"embeddable":true,"href":"https:\/\/deseopatisserie.com\/de\/wp-json\/wp\/v2\/media\/86302"}],"wp:attachment":[{"href":"https:\/\/deseopatisserie.com\/de\/wp-json\/wp\/v2\/media?parent=89902"}],"wp:term":[{"taxonomy":"product_brand","embeddable":true,"href":"https:\/\/deseopatisserie.com\/de\/wp-json\/wp\/v2\/product_brand?post=89902"},{"taxonomy":"product_cat","embeddable":true,"href":"https:\/\/deseopatisserie.com\/de\/wp-json\/wp\/v2\/product_cat?post=89902"},{"taxonomy":"product_tag","embeddable":true,"href":"https:\/\/deseopatisserie.com\/de\/wp-json\/wp\/v2\/product_tag?post=89902"}],"curies":[{"name":"wp","href":"https:\/\/api.w.org\/{rel}","templated":true}]}}