{"id":89810,"date":"2024-10-01T08:57:47","date_gmt":"2024-10-01T06:57:47","guid":{"rendered":"https:\/\/deseopatisserie.com\/produkt\/kuerbis\/"},"modified":"2025-04-02T15:33:44","modified_gmt":"2025-04-02T13:33:44","slug":"kuerbis","status":"publish","type":"product","link":"https:\/\/deseopatisserie.com\/de\/produkt\/kuerbis\/","title":{"rendered":"K\u00fcrbis"},"content":{"rendered":"","protected":false},"excerpt":{"rendered":"<p>K\u00fcrbis-K\u00e4sekuchen auf Basis von Hokkaido-K\u00fcrbis mit Zusatz von Orange \/ Zimt-Ganache \/ Shortbread Speculoos Cookie<\/p>\n<p>Eine beliebte Geschmacksrichtung des Herbstes, der Pumpkin Pumpkin Spice Cheesecake, ist in einer neuen, noch sch\u00f6neren Ausgabe zur\u00fcck! Dieses Mal haben wir K\u00fcrbis-K\u00e4sekuchen mit einem zarten Nachgeschmack von Orange und samtiger Zimt-Ganache in einer Monoportion in Form eines niedlichen, winzigen K\u00fcrbisses versteckt! <\/p>\n<p>Ist das nicht die Quintessenz des Herbstes? Ist es nicht die beste Erg\u00e4nzung zu K\u00fcrbisg\u00e4rten und zum Pumpkin Spice Latte? Definitiv ja! Wir laden ganz Jesie\u0144ary ein und nicht nur!   <\/p>\n","protected":false},"featured_media":86264,"template":"","meta":{"_acf_changed":false},"product_brand":[],"product_cat":[1750],"product_tag":[],"class_list":{"0":"post-89810","1":"product","2":"type-product","3":"status-publish","4":"has-post-thumbnail","6":"product_cat-petit-gateau-kekse","8":"first","9":"outofstock","10":"taxable","11":"shipping-taxable","12":"purchasable","13":"product-type-simple"},"acf":[],"yoast_head":"<!-- This site is optimized with the Yoast SEO plugin v27.5 - https:\/\/yoast.com\/product\/yoast-seo-wordpress\/ -->\n<title>K\u00fcrbis<\/title>\n<meta name=\"description\" content=\"Der Lieblingsgeschmack des Herbstes, Pumpkin Spice Cheesecake, ist zur\u00fcck in einer neuen, noch sch\u00f6neren Ausgabe! Ist das nicht der Inbegriff des Herbstgeschmacks? Eindeutig ja!\" \/>\n<meta name=\"robots\" content=\"index, follow, max-snippet:-1, max-image-preview:large, max-video-preview:-1\" \/>\n<link rel=\"canonical\" href=\"https:\/\/deseopatisserie.com\/de\/produkt\/kuerbis\/\" \/>\n<meta property=\"og:locale\" content=\"de_DE\" \/>\n<meta property=\"og:type\" content=\"article\" \/>\n<meta property=\"og:title\" content=\"DESEO K\u00fcrbis\" \/>\n<meta property=\"og:description\" content=\"Der Lieblingsgeschmack des Herbstes, Pumpkin Spice Cheesecake, ist zur\u00fcck in einer neuen, noch sch\u00f6neren Ausgabe! Ist das nicht der Inbegriff des Herbstgeschmacks? Eindeutig ja!\" \/>\n<meta property=\"og:url\" content=\"https:\/\/deseopatisserie.com\/de\/produkt\/kuerbis\/\" \/>\n<meta property=\"og:site_name\" content=\"DESEO\" \/>\n<meta property=\"article:modified_time\" content=\"2025-04-02T13:33:44+00:00\" \/>\n<meta property=\"og:image\" content=\"https:\/\/deseopatisserie.com\/wp-content\/uploads\/2024\/10\/DESEO_Pumpkin_1-1024x683.jpg\" \/>\n<meta name=\"twitter:card\" content=\"summary_large_image\" \/>\n<script type=\"application\/ld+json\" class=\"yoast-schema-graph\">{\"@context\":\"https:\\\/\\\/schema.org\",\"@graph\":[{\"@type\":\"WebPage\",\"@id\":\"https:\\\/\\\/deseopatisserie.com\\\/de\\\/produkt\\\/kuerbis\\\/\",\"url\":\"https:\\\/\\\/deseopatisserie.com\\\/de\\\/produkt\\\/kuerbis\\\/\",\"name\":\"K\u00fcrbis\",\"isPartOf\":{\"@id\":\"https:\\\/\\\/deseopatisserie.com\\\/de\\\/#website\"},\"primaryImageOfPage\":{\"@id\":\"https:\\\/\\\/deseopatisserie.com\\\/de\\\/produkt\\\/kuerbis\\\/#primaryimage\"},\"image\":{\"@id\":\"https:\\\/\\\/deseopatisserie.com\\\/de\\\/produkt\\\/kuerbis\\\/#primaryimage\"},\"thumbnailUrl\":\"https:\\\/\\\/deseopatisserie.com\\\/\\\/wp-content\\\/uploads\\\/2024\\\/10\\\/DESEO_Pumpkin_5.jpg\",\"datePublished\":\"2024-10-01T06:57:47+00:00\",\"dateModified\":\"2025-04-02T13:33:44+00:00\",\"description\":\"Der Lieblingsgeschmack des Herbstes, Pumpkin Spice Cheesecake, ist zur\u00fcck in einer neuen, noch sch\u00f6neren Ausgabe! Ist das nicht der Inbegriff des Herbstgeschmacks? Eindeutig ja!\",\"breadcrumb\":{\"@id\":\"https:\\\/\\\/deseopatisserie.com\\\/de\\\/produkt\\\/kuerbis\\\/#breadcrumb\"},\"inLanguage\":\"de\",\"potentialAction\":[{\"@type\":\"ReadAction\",\"target\":[\"https:\\\/\\\/deseopatisserie.com\\\/de\\\/produkt\\\/kuerbis\\\/\"]}]},{\"@type\":\"ImageObject\",\"inLanguage\":\"de\",\"@id\":\"https:\\\/\\\/deseopatisserie.com\\\/de\\\/produkt\\\/kuerbis\\\/#primaryimage\",\"url\":\"https:\\\/\\\/deseopatisserie.com\\\/\\\/wp-content\\\/uploads\\\/2024\\\/10\\\/DESEO_Pumpkin_5.jpg\",\"contentUrl\":\"https:\\\/\\\/deseopatisserie.com\\\/\\\/wp-content\\\/uploads\\\/2024\\\/10\\\/DESEO_Pumpkin_5.jpg\",\"width\":1800,\"height\":1200,\"caption\":\"DESEO Pumpkin\"},{\"@type\":\"BreadcrumbList\",\"@id\":\"https:\\\/\\\/deseopatisserie.com\\\/de\\\/produkt\\\/kuerbis\\\/#breadcrumb\",\"itemListElement\":[{\"@type\":\"ListItem\",\"position\":1,\"name\":\"Strona g\u0142\u00f3wna\",\"item\":\"https:\\\/\\\/deseopatisserie.com\\\/de\\\/homepage\\\/\"},{\"@type\":\"ListItem\",\"position\":2,\"name\":\"Prywatne: K\u00fcrbis\"}]},{\"@type\":\"WebSite\",\"@id\":\"https:\\\/\\\/deseopatisserie.com\\\/de\\\/#website\",\"url\":\"https:\\\/\\\/deseopatisserie.com\\\/de\\\/\",\"name\":\"DESEO\",\"description\":\"Patisserie &amp; Chocolaterie\",\"potentialAction\":[{\"@type\":\"SearchAction\",\"target\":{\"@type\":\"EntryPoint\",\"urlTemplate\":\"https:\\\/\\\/deseopatisserie.com\\\/de\\\/?s={search_term_string}\"},\"query-input\":{\"@type\":\"PropertyValueSpecification\",\"valueRequired\":true,\"valueName\":\"search_term_string\"}}],\"inLanguage\":\"de\"}]}<\/script>\n<!-- \/ Yoast SEO plugin. -->","yoast_head_json":{"title":"K\u00fcrbis","description":"Der Lieblingsgeschmack des Herbstes, Pumpkin Spice Cheesecake, ist zur\u00fcck in einer neuen, noch sch\u00f6neren Ausgabe! Ist das nicht der Inbegriff des Herbstgeschmacks? Eindeutig ja!","robots":{"index":"index","follow":"follow","max-snippet":"max-snippet:-1","max-image-preview":"max-image-preview:large","max-video-preview":"max-video-preview:-1"},"canonical":"https:\/\/deseopatisserie.com\/de\/produkt\/kuerbis\/","og_locale":"de_DE","og_type":"article","og_title":"DESEO K\u00fcrbis","og_description":"Der Lieblingsgeschmack des Herbstes, Pumpkin Spice Cheesecake, ist zur\u00fcck in einer neuen, noch sch\u00f6neren Ausgabe! Ist das nicht der Inbegriff des Herbstgeschmacks? Eindeutig ja!","og_url":"https:\/\/deseopatisserie.com\/de\/produkt\/kuerbis\/","og_site_name":"DESEO","article_modified_time":"2025-04-02T13:33:44+00:00","og_image":[{"url":"https:\/\/deseopatisserie.com\/wp-content\/uploads\/2024\/10\/DESEO_Pumpkin_1-1024x683.jpg","type":"","width":"","height":""}],"twitter_card":"summary_large_image","schema":{"@context":"https:\/\/schema.org","@graph":[{"@type":"WebPage","@id":"https:\/\/deseopatisserie.com\/de\/produkt\/kuerbis\/","url":"https:\/\/deseopatisserie.com\/de\/produkt\/kuerbis\/","name":"K\u00fcrbis","isPartOf":{"@id":"https:\/\/deseopatisserie.com\/de\/#website"},"primaryImageOfPage":{"@id":"https:\/\/deseopatisserie.com\/de\/produkt\/kuerbis\/#primaryimage"},"image":{"@id":"https:\/\/deseopatisserie.com\/de\/produkt\/kuerbis\/#primaryimage"},"thumbnailUrl":"https:\/\/deseopatisserie.com\/\/wp-content\/uploads\/2024\/10\/DESEO_Pumpkin_5.jpg","datePublished":"2024-10-01T06:57:47+00:00","dateModified":"2025-04-02T13:33:44+00:00","description":"Der Lieblingsgeschmack des Herbstes, Pumpkin Spice Cheesecake, ist zur\u00fcck in einer neuen, noch sch\u00f6neren Ausgabe! Ist das nicht der Inbegriff des Herbstgeschmacks? Eindeutig ja!","breadcrumb":{"@id":"https:\/\/deseopatisserie.com\/de\/produkt\/kuerbis\/#breadcrumb"},"inLanguage":"de","potentialAction":[{"@type":"ReadAction","target":["https:\/\/deseopatisserie.com\/de\/produkt\/kuerbis\/"]}]},{"@type":"ImageObject","inLanguage":"de","@id":"https:\/\/deseopatisserie.com\/de\/produkt\/kuerbis\/#primaryimage","url":"https:\/\/deseopatisserie.com\/\/wp-content\/uploads\/2024\/10\/DESEO_Pumpkin_5.jpg","contentUrl":"https:\/\/deseopatisserie.com\/\/wp-content\/uploads\/2024\/10\/DESEO_Pumpkin_5.jpg","width":1800,"height":1200,"caption":"DESEO Pumpkin"},{"@type":"BreadcrumbList","@id":"https:\/\/deseopatisserie.com\/de\/produkt\/kuerbis\/#breadcrumb","itemListElement":[{"@type":"ListItem","position":1,"name":"Strona g\u0142\u00f3wna","item":"https:\/\/deseopatisserie.com\/de\/homepage\/"},{"@type":"ListItem","position":2,"name":"Prywatne: K\u00fcrbis"}]},{"@type":"WebSite","@id":"https:\/\/deseopatisserie.com\/de\/#website","url":"https:\/\/deseopatisserie.com\/de\/","name":"DESEO","description":"Patisserie &amp; Chocolaterie","potentialAction":[{"@type":"SearchAction","target":{"@type":"EntryPoint","urlTemplate":"https:\/\/deseopatisserie.com\/de\/?s={search_term_string}"},"query-input":{"@type":"PropertyValueSpecification","valueRequired":true,"valueName":"search_term_string"}}],"inLanguage":"de"}]}},"_links":{"self":[{"href":"https:\/\/deseopatisserie.com\/de\/wp-json\/wp\/v2\/product\/89810","targetHints":{"allow":["GET"]}}],"collection":[{"href":"https:\/\/deseopatisserie.com\/de\/wp-json\/wp\/v2\/product"}],"about":[{"href":"https:\/\/deseopatisserie.com\/de\/wp-json\/wp\/v2\/types\/product"}],"wp:featuredmedia":[{"embeddable":true,"href":"https:\/\/deseopatisserie.com\/de\/wp-json\/wp\/v2\/media\/86264"}],"wp:attachment":[{"href":"https:\/\/deseopatisserie.com\/de\/wp-json\/wp\/v2\/media?parent=89810"}],"wp:term":[{"taxonomy":"product_brand","embeddable":true,"href":"https:\/\/deseopatisserie.com\/de\/wp-json\/wp\/v2\/product_brand?post=89810"},{"taxonomy":"product_cat","embeddable":true,"href":"https:\/\/deseopatisserie.com\/de\/wp-json\/wp\/v2\/product_cat?post=89810"},{"taxonomy":"product_tag","embeddable":true,"href":"https:\/\/deseopatisserie.com\/de\/wp-json\/wp\/v2\/product_tag?post=89810"}],"curies":[{"name":"wp","href":"https:\/\/api.w.org\/{rel}","templated":true}]}}