{"id":89768,"date":"2024-09-19T13:12:33","date_gmt":"2024-09-19T11:12:33","guid":{"rendered":"https:\/\/deseopatisserie.com\/produkt\/set-mit-3-pasten-aus-100-nuessen\/"},"modified":"2025-04-02T15:33:40","modified_gmt":"2025-04-02T13:33:40","slug":"set-mit-3-pasten-aus-100-nuessen","status":"publish","type":"product","link":"https:\/\/deseopatisserie.com\/de\/produkt\/set-mit-3-pasten-aus-100-nuessen\/","title":{"rendered":"Set mit 3 Pasten aus 100% N\u00fcssen"},"content":{"rendered":"","protected":false},"excerpt":{"rendered":"<p>Das perfekte Set f\u00fcr Liebhaber von N\u00fcssen und f\u00fcr diejenigen, die alle DESEO 100% Nusspasten ausprobieren m\u00f6chten.<\/p>\n<p>Im Walnuss-Set finden Sie:<\/p>\n<p>&#8211; <strong>100% Haselnusspaste<\/strong> &#8211; 100% Haselnusspaste mit einem angenehmen und tiefen Aroma. Dank der Verwendung einer Kugelm\u00fchle hat es eine perfekt cremige, leicht fl\u00fcssige Konsistenz. Perfekt als Erg\u00e4nzung zu Desserts \u2013 Cremes, Kuchen, Eiscreme, perfekt als Aufstrich f\u00fcr Pfannkuchen, Brot oder Haferbrei. Auf seiner Basis k\u00f6nnen Sie einen Brownie mit Gianduja-K\u00e4sekuchen zubereiten.   <\/p>\n<p>&#8211; <strong>100% Pistazienpaste<\/strong> &#8211; ein absoluter DESEO-Bestseller! Die Essenz dessen, was in Pistazien am besten ist. Sein einzigartiger, intensiver Geschmack wurde durch die richtige R\u00f6stung der N\u00fcsse erreicht. Es eignet sich ideal als Basis f\u00fcr Kuchen, Cremes, Desserts oder f\u00fcr hausgemachtes Eis. Es ist die Grundlage f\u00fcr alle DESEO Pistaziendesserts &#8211; Pistazien-K\u00e4sekuchen, Pistazie-Eis, Pistazien-Knusperschokolade oder Pistazien-Knuspercreme.    <\/p>\n<p>&#8211; <strong>100% Erdnussbutter<\/strong> &#8211; unsere Erdnussbutter ist ein Klassiker! 100% Erdn\u00fcsse im Glas verschlossen. Perfekte samtige, fl\u00fcssige Textur. Perfekt als Erg\u00e4nzung zu Desserts, Morgentoast, Pfannkuchen, Cocktails und Haferbrei.   <\/p>\n","protected":false},"featured_media":125174,"template":"","meta":{"_acf_changed":false},"product_brand":[],"product_cat":[1643,1644,1645],"product_tag":[],"class_list":{"0":"post-89768","1":"product","2":"type-product","3":"status-publish","4":"has-post-thumbnail","6":"product_cat-100-nusspasten","7":"product_cat-geschenksets","8":"product_cat-pasten-cremes","10":"first","11":"instock","12":"taxable","13":"shipping-taxable","14":"purchasable","15":"product-type-yith_bundle"},"acf":[],"yoast_head":"<!-- This site is optimized with the Yoast SEO plugin v27.4 - https:\/\/yoast.com\/product\/yoast-seo-wordpress\/ -->\n<title>Set mit 3 Pasten aus 100% N\u00fcssen - Cukiernia DESEO Warszawa<\/title>\n<meta name=\"description\" content=\"Das perfekte Set f\u00fcr Liebhaber von N\u00fcssen und f\u00fcr diejenigen, die alle DESEO 100% Nusspasten ausprobieren m\u00f6chten.\" \/>\n<meta name=\"robots\" content=\"index, follow, max-snippet:-1, max-image-preview:large, max-video-preview:-1\" \/>\n<link rel=\"canonical\" href=\"https:\/\/deseopatisserie.com\/de\/produkt\/set-mit-3-pasten-aus-100-nuessen\/\" \/>\n<meta property=\"og:locale\" content=\"de_DE\" \/>\n<meta property=\"og:type\" content=\"article\" \/>\n<meta property=\"og:title\" content=\"Set mit 3 Pasten aus 100% N\u00fcssen\" \/>\n<meta property=\"og:description\" content=\"Das perfekte Set f\u00fcr Liebhaber von N\u00fcssen und f\u00fcr diejenigen, die alle DESEO 100% Nusspasten ausprobieren m\u00f6chten.\" \/>\n<meta property=\"og:url\" content=\"https:\/\/deseopatisserie.com\/de\/produkt\/set-mit-3-pasten-aus-100-nuessen\/\" \/>\n<meta property=\"og:site_name\" content=\"DESEO\" \/>\n<meta property=\"article:modified_time\" content=\"2025-04-02T13:33:40+00:00\" \/>\n<meta property=\"og:image\" content=\"https:\/\/deseopatisserie.com\/wp-content\/uploads\/2022\/02\/Zestawy-prezentowe-wiosna-2022-zzestaw-pasty-600x400-1.jpg\" \/>\n<meta name=\"twitter:card\" content=\"summary_large_image\" \/>\n<meta name=\"twitter:label1\" content=\"Gesch\u00e4tzte Lesezeit\" \/>\n\t<meta name=\"twitter:data1\" content=\"1\u00a0Minute\" \/>\n<script type=\"application\/ld+json\" class=\"yoast-schema-graph\">{\"@context\":\"https:\\\/\\\/schema.org\",\"@graph\":[{\"@type\":\"WebPage\",\"@id\":\"https:\\\/\\\/deseopatisserie.com\\\/de\\\/produkt\\\/set-mit-3-pasten-aus-100-nuessen\\\/\",\"url\":\"https:\\\/\\\/deseopatisserie.com\\\/de\\\/produkt\\\/set-mit-3-pasten-aus-100-nuessen\\\/\",\"name\":\"Set mit 3 Pasten aus 100% N\u00fcssen - Cukiernia DESEO Warszawa\",\"isPartOf\":{\"@id\":\"https:\\\/\\\/deseopatisserie.com\\\/de\\\/#website\"},\"primaryImageOfPage\":{\"@id\":\"https:\\\/\\\/deseopatisserie.com\\\/de\\\/produkt\\\/set-mit-3-pasten-aus-100-nuessen\\\/#primaryimage\"},\"image\":{\"@id\":\"https:\\\/\\\/deseopatisserie.com\\\/de\\\/produkt\\\/set-mit-3-pasten-aus-100-nuessen\\\/#primaryimage\"},\"thumbnailUrl\":\"https:\\\/\\\/deseopatisserie.com\\\/\\\/wp-content\\\/uploads\\\/2024\\\/09\\\/pasta-mix.png\",\"datePublished\":\"2024-09-19T11:12:33+00:00\",\"dateModified\":\"2025-04-02T13:33:40+00:00\",\"description\":\"Das perfekte Set f\u00fcr Liebhaber von N\u00fcssen und f\u00fcr diejenigen, die alle DESEO 100% Nusspasten ausprobieren m\u00f6chten.\",\"breadcrumb\":{\"@id\":\"https:\\\/\\\/deseopatisserie.com\\\/de\\\/produkt\\\/set-mit-3-pasten-aus-100-nuessen\\\/#breadcrumb\"},\"inLanguage\":\"de\",\"potentialAction\":[{\"@type\":\"ReadAction\",\"target\":[\"https:\\\/\\\/deseopatisserie.com\\\/de\\\/produkt\\\/set-mit-3-pasten-aus-100-nuessen\\\/\"]}]},{\"@type\":\"ImageObject\",\"inLanguage\":\"de\",\"@id\":\"https:\\\/\\\/deseopatisserie.com\\\/de\\\/produkt\\\/set-mit-3-pasten-aus-100-nuessen\\\/#primaryimage\",\"url\":\"https:\\\/\\\/deseopatisserie.com\\\/\\\/wp-content\\\/uploads\\\/2024\\\/09\\\/pasta-mix.png\",\"contentUrl\":\"https:\\\/\\\/deseopatisserie.com\\\/\\\/wp-content\\\/uploads\\\/2024\\\/09\\\/pasta-mix.png\",\"width\":2048,\"height\":1365},{\"@type\":\"BreadcrumbList\",\"@id\":\"https:\\\/\\\/deseopatisserie.com\\\/de\\\/produkt\\\/set-mit-3-pasten-aus-100-nuessen\\\/#breadcrumb\",\"itemListElement\":[{\"@type\":\"ListItem\",\"position\":1,\"name\":\"Strona g\u0142\u00f3wna\",\"item\":\"https:\\\/\\\/deseopatisserie.com\\\/de\\\/homepage\\\/\"},{\"@type\":\"ListItem\",\"position\":2,\"name\":\"Set mit 3 Pasten aus 100% N\u00fcssen\"}]},{\"@type\":\"WebSite\",\"@id\":\"https:\\\/\\\/deseopatisserie.com\\\/de\\\/#website\",\"url\":\"https:\\\/\\\/deseopatisserie.com\\\/de\\\/\",\"name\":\"DESEO\",\"description\":\"Patisserie &amp; Chocolaterie\",\"potentialAction\":[{\"@type\":\"SearchAction\",\"target\":{\"@type\":\"EntryPoint\",\"urlTemplate\":\"https:\\\/\\\/deseopatisserie.com\\\/de\\\/?s={search_term_string}\"},\"query-input\":{\"@type\":\"PropertyValueSpecification\",\"valueRequired\":true,\"valueName\":\"search_term_string\"}}],\"inLanguage\":\"de\"}]}<\/script>\n<!-- \/ Yoast SEO plugin. -->","yoast_head_json":{"title":"Set mit 3 Pasten aus 100% N\u00fcssen - Cukiernia DESEO Warszawa","description":"Das perfekte Set f\u00fcr Liebhaber von N\u00fcssen und f\u00fcr diejenigen, die alle DESEO 100% Nusspasten ausprobieren m\u00f6chten.","robots":{"index":"index","follow":"follow","max-snippet":"max-snippet:-1","max-image-preview":"max-image-preview:large","max-video-preview":"max-video-preview:-1"},"canonical":"https:\/\/deseopatisserie.com\/de\/produkt\/set-mit-3-pasten-aus-100-nuessen\/","og_locale":"de_DE","og_type":"article","og_title":"Set mit 3 Pasten aus 100% N\u00fcssen","og_description":"Das perfekte Set f\u00fcr Liebhaber von N\u00fcssen und f\u00fcr diejenigen, die alle DESEO 100% Nusspasten ausprobieren m\u00f6chten.","og_url":"https:\/\/deseopatisserie.com\/de\/produkt\/set-mit-3-pasten-aus-100-nuessen\/","og_site_name":"DESEO","article_modified_time":"2025-04-02T13:33:40+00:00","og_image":[{"url":"https:\/\/deseopatisserie.com\/wp-content\/uploads\/2022\/02\/Zestawy-prezentowe-wiosna-2022-zzestaw-pasty-600x400-1.jpg","type":"","width":"","height":""}],"twitter_card":"summary_large_image","twitter_misc":{"Gesch\u00e4tzte Lesezeit":"1\u00a0Minute"},"schema":{"@context":"https:\/\/schema.org","@graph":[{"@type":"WebPage","@id":"https:\/\/deseopatisserie.com\/de\/produkt\/set-mit-3-pasten-aus-100-nuessen\/","url":"https:\/\/deseopatisserie.com\/de\/produkt\/set-mit-3-pasten-aus-100-nuessen\/","name":"Set mit 3 Pasten aus 100% N\u00fcssen - Cukiernia DESEO Warszawa","isPartOf":{"@id":"https:\/\/deseopatisserie.com\/de\/#website"},"primaryImageOfPage":{"@id":"https:\/\/deseopatisserie.com\/de\/produkt\/set-mit-3-pasten-aus-100-nuessen\/#primaryimage"},"image":{"@id":"https:\/\/deseopatisserie.com\/de\/produkt\/set-mit-3-pasten-aus-100-nuessen\/#primaryimage"},"thumbnailUrl":"https:\/\/deseopatisserie.com\/\/wp-content\/uploads\/2024\/09\/pasta-mix.png","datePublished":"2024-09-19T11:12:33+00:00","dateModified":"2025-04-02T13:33:40+00:00","description":"Das perfekte Set f\u00fcr Liebhaber von N\u00fcssen und f\u00fcr diejenigen, die alle DESEO 100% Nusspasten ausprobieren m\u00f6chten.","breadcrumb":{"@id":"https:\/\/deseopatisserie.com\/de\/produkt\/set-mit-3-pasten-aus-100-nuessen\/#breadcrumb"},"inLanguage":"de","potentialAction":[{"@type":"ReadAction","target":["https:\/\/deseopatisserie.com\/de\/produkt\/set-mit-3-pasten-aus-100-nuessen\/"]}]},{"@type":"ImageObject","inLanguage":"de","@id":"https:\/\/deseopatisserie.com\/de\/produkt\/set-mit-3-pasten-aus-100-nuessen\/#primaryimage","url":"https:\/\/deseopatisserie.com\/\/wp-content\/uploads\/2024\/09\/pasta-mix.png","contentUrl":"https:\/\/deseopatisserie.com\/\/wp-content\/uploads\/2024\/09\/pasta-mix.png","width":2048,"height":1365},{"@type":"BreadcrumbList","@id":"https:\/\/deseopatisserie.com\/de\/produkt\/set-mit-3-pasten-aus-100-nuessen\/#breadcrumb","itemListElement":[{"@type":"ListItem","position":1,"name":"Strona g\u0142\u00f3wna","item":"https:\/\/deseopatisserie.com\/de\/homepage\/"},{"@type":"ListItem","position":2,"name":"Set mit 3 Pasten aus 100% N\u00fcssen"}]},{"@type":"WebSite","@id":"https:\/\/deseopatisserie.com\/de\/#website","url":"https:\/\/deseopatisserie.com\/de\/","name":"DESEO","description":"Patisserie &amp; Chocolaterie","potentialAction":[{"@type":"SearchAction","target":{"@type":"EntryPoint","urlTemplate":"https:\/\/deseopatisserie.com\/de\/?s={search_term_string}"},"query-input":{"@type":"PropertyValueSpecification","valueRequired":true,"valueName":"search_term_string"}}],"inLanguage":"de"}]}},"_links":{"self":[{"href":"https:\/\/deseopatisserie.com\/de\/wp-json\/wp\/v2\/product\/89768","targetHints":{"allow":["GET"]}}],"collection":[{"href":"https:\/\/deseopatisserie.com\/de\/wp-json\/wp\/v2\/product"}],"about":[{"href":"https:\/\/deseopatisserie.com\/de\/wp-json\/wp\/v2\/types\/product"}],"wp:featuredmedia":[{"embeddable":true,"href":"https:\/\/deseopatisserie.com\/de\/wp-json\/wp\/v2\/media\/125174"}],"wp:attachment":[{"href":"https:\/\/deseopatisserie.com\/de\/wp-json\/wp\/v2\/media?parent=89768"}],"wp:term":[{"taxonomy":"product_brand","embeddable":true,"href":"https:\/\/deseopatisserie.com\/de\/wp-json\/wp\/v2\/product_brand?post=89768"},{"taxonomy":"product_cat","embeddable":true,"href":"https:\/\/deseopatisserie.com\/de\/wp-json\/wp\/v2\/product_cat?post=89768"},{"taxonomy":"product_tag","embeddable":true,"href":"https:\/\/deseopatisserie.com\/de\/wp-json\/wp\/v2\/product_tag?post=89768"}],"curies":[{"name":"wp","href":"https:\/\/api.w.org\/{rel}","templated":true}]}}