{"id":119898,"date":"2025-10-13T15:38:49","date_gmt":"2025-10-13T13:38:49","guid":{"rendered":"https:\/\/deseopatisserie.com\/?post_type=product&#038;p=119898"},"modified":"2025-10-13T16:05:54","modified_gmt":"2025-10-13T14:05:54","slug":"fusball-kuchen-kopia","status":"publish","type":"product","link":"https:\/\/deseopatisserie.com\/de\/produkt\/fusball-kuchen-kopia\/","title":{"rendered":"Fu\u00dfball-Kuchen (Kopia)"},"content":{"rendered":"","protected":false},"excerpt":{"rendered":"<p>Die Fu\u00dfball Geburtstagstorte ist die perfekte Wahl f\u00fcr den Geburtstag eines kleinen oder etwas gr\u00f6\u00dferen Fu\u00dfballers! \ud83d\ude42 Sie k\u00f6nnen Ihren geliebten Kuchengeschmack auf die Fu\u00dfballdekoration abstimmen. Nachfolgend finden Sie alle verf\u00fcgbaren Geschmacksrichtungen: <strong>Lorena<\/strong> \u2013 Mousse mit Vanille Bourbon aus Madagaskar \/ Rotes Fruchtgelee \u2013 Erdbeere, Kirsche, Himbeere \/ Vanille Namelaka Creme \/ Vanille Crisp \/ Vanille Biskuitkuchen \/ <strong>Chantilly Opera<\/strong> Cream \u2013 Kaffeemousse \/ Schokobohnencreme \u2013 to \u2013 Dominikanische Dark Milk Bar 52% \/ Namelaka Creme auf Basis von Karamellschokolade \/ knusprig knusprig mit Kaffeepraline \/ Joconde Biskuit in Kaffeesirup getr\u00e4nkt mit Chopin Lik\u00f6r <\/p>\n<p><strong>Nocciola<\/strong> \u2013 Haselnussmousse \/ Namelaka-Creme mit Haselnussgeschmack \/ Haselnusspraline \/ Karamellcreme \/ Milchschokoladen-Crisp mit Haseln\u00fcssen \/ Fresamore-Erdnuss-Biskuitkuchen \u2013 Chantilly-Mousse mit Vanille Bourbon aus Madagaskar \/ wei\u00dfer Schokoladen-Crisp mit Mandelbl\u00e4ttchen und gefriergetrockneten Erdbeeren \/ Spinat-Biskuitkuchen mit Orangenschale \/ Gelee mit ganzen Erdbeeren <strong>Nicaragua<\/strong> <strong> \u2013 trockene Schokoladenganache Nicaragua 70% \/ Karamell und trockene Schokoladenganache Nicaragua 70% \/ trockene Schokoladenmousse Nicaragua 70% \/ Moelleux-Kuchen auf Basis von trockener Schokolade Nicaragua 70% \/ <strong>knusprig mit<\/strong> Bella-Nibs \u2013 Himbeermousse \/ Himbeermarmelade mit Bergamotte \/ Mini-Vanille-K\u00e4sekuchen \/ zarter Joconde-Biskuitkuchen mit Limette<\/strong><\/p>\n<p><strong>Azia 2.0<\/strong> \u2013 wei\u00dfe Schokoladenmousse mit Ingwer und Kaffirlimettenbl\u00e4ttern \/ fl\u00fcssiges Inneres auf der Basis von Passionsfrucht, Mango und Calamansi mit frischen Ananasst\u00fccken \/ Kokosnuss-Biskuitkuchen \/ M\u00fcrbeteig mit ger\u00f6steter wei\u00dfer Schokolade<strong>Pistazien<br \/>\n<\/strong> \u2013 Pistazienmousse \/ Pistazien-Namelaka \/ Pistazienenpraline \/ knusprige Pistazien knusprig knusprig \/ Pistazien-Biskuitkuchen<\/p>\n","protected":false},"featured_media":119973,"template":"","meta":{"_acf_changed":false},"product_brand":[],"product_cat":[2645,2622,2612,2841],"product_tag":[],"class_list":{"0":"post-119898","1":"product","2":"type-product","3":"status-publish","4":"has-post-thumbnail","6":"product_cat-geburtstag-fussball","7":"product_cat-geburtstagskuchen","8":"product_cat-kuchen","9":"product_cat-neuheiten","11":"first","12":"instock","13":"taxable","14":"shipping-taxable","15":"purchasable","16":"product-type-variable","17":"has-default-attributes"},"acf":[],"yoast_head":"<!-- This site is optimized with the Yoast SEO plugin v27.3 - https:\/\/yoast.com\/product\/yoast-seo-wordpress\/ -->\n<title>Fu\u00dfballtorte - DESEO Konditorei Warschau<\/title>\n<meta name=\"description\" content=\"Die Fu\u00dfballtorte ist die perfekte Wahl f\u00fcr den Geburtstag eines kleinen oder etwas gr\u00f6\u00dferen Fu\u00dfballers! :) Sie k\u00f6nnen Ihren geliebten Kuchengeschmack auf die Fu\u00dfballdekoration abstimmen.\" \/>\n<meta name=\"robots\" content=\"index, follow, max-snippet:-1, max-image-preview:large, max-video-preview:-1\" \/>\n<link rel=\"canonical\" href=\"https:\/\/deseopatisserie.com\/de\/produkt\/fusball-kuchen-kopia\/\" \/>\n<meta property=\"og:locale\" content=\"de_DE\" \/>\n<meta property=\"og:type\" content=\"article\" \/>\n<meta property=\"og:title\" content=\"Fu\u00dfball-Kuchen\" \/>\n<meta property=\"og:description\" content=\"Die Fu\u00dfballtorte ist die perfekte Wahl f\u00fcr den Geburtstag eines kleinen oder etwas gr\u00f6\u00dferen Fu\u00dfballers! :) Sie k\u00f6nnen Ihren geliebten Kuchengeschmack auf die Fu\u00dfballdekoration abstimmen.\" \/>\n<meta property=\"og:url\" content=\"https:\/\/deseopatisserie.com\/de\/produkt\/fusball-kuchen-kopia\/\" \/>\n<meta property=\"og:site_name\" content=\"DESEO\" \/>\n<meta property=\"article:modified_time\" content=\"2025-10-13T14:05:54+00:00\" \/>\n<meta property=\"og:image\" content=\"https:\/\/deseopatisserie.com\/wp-content\/uploads\/2022\/06\/TORT-PILKARZ_1-1024x683.jpg\" \/>\n<meta name=\"twitter:card\" content=\"summary_large_image\" \/>\n<script type=\"application\/ld+json\" class=\"yoast-schema-graph\">{\"@context\":\"https:\\\/\\\/schema.org\",\"@graph\":[{\"@type\":\"WebPage\",\"@id\":\"https:\\\/\\\/deseopatisserie.com\\\/de\\\/produkt\\\/fusball-kuchen-kopia\\\/\",\"url\":\"https:\\\/\\\/deseopatisserie.com\\\/de\\\/produkt\\\/fusball-kuchen-kopia\\\/\",\"name\":\"Fu\u00dfballtorte - DESEO Konditorei Warschau\",\"isPartOf\":{\"@id\":\"https:\\\/\\\/deseopatisserie.com\\\/de\\\/#website\"},\"primaryImageOfPage\":{\"@id\":\"https:\\\/\\\/deseopatisserie.com\\\/de\\\/produkt\\\/fusball-kuchen-kopia\\\/#primaryimage\"},\"image\":{\"@id\":\"https:\\\/\\\/deseopatisserie.com\\\/de\\\/produkt\\\/fusball-kuchen-kopia\\\/#primaryimage\"},\"thumbnailUrl\":\"https:\\\/\\\/deseopatisserie.com\\\/\\\/wp-content\\\/uploads\\\/2025\\\/10\\\/Tort-Stitch_5.jpg\",\"datePublished\":\"2025-10-13T13:38:49+00:00\",\"dateModified\":\"2025-10-13T14:05:54+00:00\",\"description\":\"Die Fu\u00dfballtorte ist die perfekte Wahl f\u00fcr den Geburtstag eines kleinen oder etwas gr\u00f6\u00dferen Fu\u00dfballers! :) Sie k\u00f6nnen Ihren geliebten Kuchengeschmack auf die Fu\u00dfballdekoration abstimmen.\",\"breadcrumb\":{\"@id\":\"https:\\\/\\\/deseopatisserie.com\\\/de\\\/produkt\\\/fusball-kuchen-kopia\\\/#breadcrumb\"},\"inLanguage\":\"de\",\"potentialAction\":[{\"@type\":\"ReadAction\",\"target\":[\"https:\\\/\\\/deseopatisserie.com\\\/de\\\/produkt\\\/fusball-kuchen-kopia\\\/\"]}]},{\"@type\":\"ImageObject\",\"inLanguage\":\"de\",\"@id\":\"https:\\\/\\\/deseopatisserie.com\\\/de\\\/produkt\\\/fusball-kuchen-kopia\\\/#primaryimage\",\"url\":\"https:\\\/\\\/deseopatisserie.com\\\/\\\/wp-content\\\/uploads\\\/2025\\\/10\\\/Tort-Stitch_5.jpg\",\"contentUrl\":\"https:\\\/\\\/deseopatisserie.com\\\/\\\/wp-content\\\/uploads\\\/2025\\\/10\\\/Tort-Stitch_5.jpg\",\"width\":2500,\"height\":1667},{\"@type\":\"BreadcrumbList\",\"@id\":\"https:\\\/\\\/deseopatisserie.com\\\/de\\\/produkt\\\/fusball-kuchen-kopia\\\/#breadcrumb\",\"itemListElement\":[{\"@type\":\"ListItem\",\"position\":1,\"name\":\"Strona g\u0142\u00f3wna\",\"item\":\"https:\\\/\\\/deseopatisserie.com\\\/de\\\/homepage\\\/\"},{\"@type\":\"ListItem\",\"position\":2,\"name\":\"Fu\u00dfball-Kuchen (Kopia)\"}]},{\"@type\":\"WebSite\",\"@id\":\"https:\\\/\\\/deseopatisserie.com\\\/de\\\/#website\",\"url\":\"https:\\\/\\\/deseopatisserie.com\\\/de\\\/\",\"name\":\"DESEO\",\"description\":\"Patisserie &amp; Chocolaterie\",\"potentialAction\":[{\"@type\":\"SearchAction\",\"target\":{\"@type\":\"EntryPoint\",\"urlTemplate\":\"https:\\\/\\\/deseopatisserie.com\\\/de\\\/?s={search_term_string}\"},\"query-input\":{\"@type\":\"PropertyValueSpecification\",\"valueRequired\":true,\"valueName\":\"search_term_string\"}}],\"inLanguage\":\"de\"}]}<\/script>\n<!-- \/ Yoast SEO plugin. -->","yoast_head_json":{"title":"Fu\u00dfballtorte - DESEO Konditorei Warschau","description":"Die Fu\u00dfballtorte ist die perfekte Wahl f\u00fcr den Geburtstag eines kleinen oder etwas gr\u00f6\u00dferen Fu\u00dfballers! :) Sie k\u00f6nnen Ihren geliebten Kuchengeschmack auf die Fu\u00dfballdekoration abstimmen.","robots":{"index":"index","follow":"follow","max-snippet":"max-snippet:-1","max-image-preview":"max-image-preview:large","max-video-preview":"max-video-preview:-1"},"canonical":"https:\/\/deseopatisserie.com\/de\/produkt\/fusball-kuchen-kopia\/","og_locale":"de_DE","og_type":"article","og_title":"Fu\u00dfball-Kuchen","og_description":"Die Fu\u00dfballtorte ist die perfekte Wahl f\u00fcr den Geburtstag eines kleinen oder etwas gr\u00f6\u00dferen Fu\u00dfballers! :) Sie k\u00f6nnen Ihren geliebten Kuchengeschmack auf die Fu\u00dfballdekoration abstimmen.","og_url":"https:\/\/deseopatisserie.com\/de\/produkt\/fusball-kuchen-kopia\/","og_site_name":"DESEO","article_modified_time":"2025-10-13T14:05:54+00:00","og_image":[{"url":"https:\/\/deseopatisserie.com\/wp-content\/uploads\/2022\/06\/TORT-PILKARZ_1-1024x683.jpg","type":"","width":"","height":""}],"twitter_card":"summary_large_image","schema":{"@context":"https:\/\/schema.org","@graph":[{"@type":"WebPage","@id":"https:\/\/deseopatisserie.com\/de\/produkt\/fusball-kuchen-kopia\/","url":"https:\/\/deseopatisserie.com\/de\/produkt\/fusball-kuchen-kopia\/","name":"Fu\u00dfballtorte - DESEO Konditorei Warschau","isPartOf":{"@id":"https:\/\/deseopatisserie.com\/de\/#website"},"primaryImageOfPage":{"@id":"https:\/\/deseopatisserie.com\/de\/produkt\/fusball-kuchen-kopia\/#primaryimage"},"image":{"@id":"https:\/\/deseopatisserie.com\/de\/produkt\/fusball-kuchen-kopia\/#primaryimage"},"thumbnailUrl":"https:\/\/deseopatisserie.com\/\/wp-content\/uploads\/2025\/10\/Tort-Stitch_5.jpg","datePublished":"2025-10-13T13:38:49+00:00","dateModified":"2025-10-13T14:05:54+00:00","description":"Die Fu\u00dfballtorte ist die perfekte Wahl f\u00fcr den Geburtstag eines kleinen oder etwas gr\u00f6\u00dferen Fu\u00dfballers! :) Sie k\u00f6nnen Ihren geliebten Kuchengeschmack auf die Fu\u00dfballdekoration abstimmen.","breadcrumb":{"@id":"https:\/\/deseopatisserie.com\/de\/produkt\/fusball-kuchen-kopia\/#breadcrumb"},"inLanguage":"de","potentialAction":[{"@type":"ReadAction","target":["https:\/\/deseopatisserie.com\/de\/produkt\/fusball-kuchen-kopia\/"]}]},{"@type":"ImageObject","inLanguage":"de","@id":"https:\/\/deseopatisserie.com\/de\/produkt\/fusball-kuchen-kopia\/#primaryimage","url":"https:\/\/deseopatisserie.com\/\/wp-content\/uploads\/2025\/10\/Tort-Stitch_5.jpg","contentUrl":"https:\/\/deseopatisserie.com\/\/wp-content\/uploads\/2025\/10\/Tort-Stitch_5.jpg","width":2500,"height":1667},{"@type":"BreadcrumbList","@id":"https:\/\/deseopatisserie.com\/de\/produkt\/fusball-kuchen-kopia\/#breadcrumb","itemListElement":[{"@type":"ListItem","position":1,"name":"Strona g\u0142\u00f3wna","item":"https:\/\/deseopatisserie.com\/de\/homepage\/"},{"@type":"ListItem","position":2,"name":"Fu\u00dfball-Kuchen (Kopia)"}]},{"@type":"WebSite","@id":"https:\/\/deseopatisserie.com\/de\/#website","url":"https:\/\/deseopatisserie.com\/de\/","name":"DESEO","description":"Patisserie &amp; Chocolaterie","potentialAction":[{"@type":"SearchAction","target":{"@type":"EntryPoint","urlTemplate":"https:\/\/deseopatisserie.com\/de\/?s={search_term_string}"},"query-input":{"@type":"PropertyValueSpecification","valueRequired":true,"valueName":"search_term_string"}}],"inLanguage":"de"}]}},"_links":{"self":[{"href":"https:\/\/deseopatisserie.com\/de\/wp-json\/wp\/v2\/product\/119898","targetHints":{"allow":["GET"]}}],"collection":[{"href":"https:\/\/deseopatisserie.com\/de\/wp-json\/wp\/v2\/product"}],"about":[{"href":"https:\/\/deseopatisserie.com\/de\/wp-json\/wp\/v2\/types\/product"}],"wp:featuredmedia":[{"embeddable":true,"href":"https:\/\/deseopatisserie.com\/de\/wp-json\/wp\/v2\/media\/119973"}],"wp:attachment":[{"href":"https:\/\/deseopatisserie.com\/de\/wp-json\/wp\/v2\/media?parent=119898"}],"wp:term":[{"taxonomy":"product_brand","embeddable":true,"href":"https:\/\/deseopatisserie.com\/de\/wp-json\/wp\/v2\/product_brand?post=119898"},{"taxonomy":"product_cat","embeddable":true,"href":"https:\/\/deseopatisserie.com\/de\/wp-json\/wp\/v2\/product_cat?post=119898"},{"taxonomy":"product_tag","embeddable":true,"href":"https:\/\/deseopatisserie.com\/de\/wp-json\/wp\/v2\/product_tag?post=119898"}],"curies":[{"name":"wp","href":"https:\/\/api.w.org\/{rel}","templated":true}]}}