{"id":107693,"date":"2025-03-31T13:17:03","date_gmt":"2025-03-31T11:17:03","guid":{"rendered":"https:\/\/deseopatisserie.com\/produkt\/pistazien-vanille-bourbon-kaesekuchen-aus-madagaskar\/"},"modified":"2026-03-10T09:19:59","modified_gmt":"2026-03-10T08:19:59","slug":"pistazien-vanille-bourbon-kaesekuchen-aus-madagaskar","status":"publish","type":"product","link":"https:\/\/deseopatisserie.com\/de\/produkt\/pistazien-vanille-bourbon-kaesekuchen-aus-madagaskar\/","title":{"rendered":"Pistazien &amp; Vanille Bourbon K\u00e4sekuchen aus Madagaskar"},"content":{"rendered":"","protected":false},"excerpt":{"rendered":"<p>Vanille-K\u00e4sekuchen mit Zugabe von Bourbon-Vanille aus Madagaskar \/ Pistaziencreme \/ zerkleinerte Pistazien \/ Dubai-Crisp auf Basis von ger\u00f6stetem Kadayif-Teig und DESEO-Pistaziencreme<\/p>\n<p>Gewicht ca. 1,3kg <\/p>\n<p>Dieser K\u00e4sekuchen ist ein wahr gewordener Traum f\u00fcr alle K\u00e4sekuchen-Fans und diejenigen, die Pistazien lieben! Dieses Mal haben wir einen k\u00f6stlich cremigen Vanille-K\u00e4sekuchen mit samtiger Pistaziencreme, zerkleinerten ger\u00f6steten Pistazien und einem knusprigen Boden kombiniert, der von der beliebten Dubai-Schokolade inspiriert ist. K\u00e4sekuchen ist perfekt f\u00fcr den Ostertisch und wird sicherlich alle begeistern! Nun, es macht einfach s\u00fcchtig! Das m\u00fcssen Sie ausprobieren! \ud83d\ude0a<\/p>\n","protected":false},"featured_media":107066,"template":"","meta":{"_acf_changed":false},"product_brand":[],"product_cat":[2699,2698],"product_tag":[],"class_list":{"0":"post-107693","1":"product","2":"type-product","3":"status-publish","4":"has-post-thumbnail","6":"product_cat-kuchen-de","7":"product_cat-ostern","9":"first","10":"instock","11":"taxable","12":"shipping-taxable","13":"purchasable","14":"product-type-simple"},"acf":[],"yoast_head":"<!-- This site is optimized with the Yoast SEO plugin v27.5 - https:\/\/yoast.com\/product\/yoast-seo-wordpress\/ -->\n<title>Pistazien &amp; Vanille Bourbon K\u00e4sekuchen aus Madagaskar - Cukiernia DESEO Warszawa<\/title>\n<meta name=\"description\" content=\"Dieser K\u00e4sekuchen ist ein wahr gewordener Traum f\u00fcr alle K\u00e4sekuchen-Fans und diejenigen, die Pistazien lieben! K\u00e4sekuchen ist perfekt f\u00fcr den Ostertisch und wird sicherlich alle begeistern! \ud83d\ude0a\" \/>\n<meta name=\"robots\" content=\"index, follow, max-snippet:-1, max-image-preview:large, max-video-preview:-1\" \/>\n<link rel=\"canonical\" href=\"https:\/\/deseopatisserie.com\/de\/produkt\/pistazien-vanille-bourbon-kaesekuchen-aus-madagaskar\/\" \/>\n<meta property=\"og:locale\" content=\"de_DE\" \/>\n<meta property=\"og:type\" content=\"article\" \/>\n<meta property=\"og:title\" content=\"DESEO Pistazien K\u00e4sekuchen &amp; Bourbon Vanille aus Madagaskar\" \/>\n<meta property=\"og:description\" content=\"Dieser K\u00e4sekuchen ist ein wahr gewordener Traum f\u00fcr alle K\u00e4sekuchen-Fans und diejenigen, die Pistazien lieben!\" \/>\n<meta property=\"og:url\" content=\"https:\/\/deseopatisserie.com\/de\/produkt\/pistazien-vanille-bourbon-kaesekuchen-aus-madagaskar\/\" \/>\n<meta property=\"og:site_name\" content=\"DESEO\" \/>\n<meta property=\"article:modified_time\" content=\"2026-03-10T08:19:59+00:00\" \/>\n<meta property=\"og:image\" content=\"https:\/\/deseopatisserie.com\/wp-content\/uploads\/2025\/03\/Deseo-Wielaknoc-2024-13692-1024x683.jpg\" \/>\n<meta name=\"twitter:card\" content=\"summary_large_image\" \/>\n<script type=\"application\/ld+json\" class=\"yoast-schema-graph\">{\"@context\":\"https:\\\/\\\/schema.org\",\"@graph\":[{\"@type\":\"WebPage\",\"@id\":\"https:\\\/\\\/deseopatisserie.com\\\/de\\\/produkt\\\/pistazien-vanille-bourbon-kaesekuchen-aus-madagaskar\\\/\",\"url\":\"https:\\\/\\\/deseopatisserie.com\\\/de\\\/produkt\\\/pistazien-vanille-bourbon-kaesekuchen-aus-madagaskar\\\/\",\"name\":\"Pistazien &amp; Vanille Bourbon K\u00e4sekuchen aus Madagaskar - Cukiernia DESEO Warszawa\",\"isPartOf\":{\"@id\":\"https:\\\/\\\/deseopatisserie.com\\\/de\\\/#website\"},\"primaryImageOfPage\":{\"@id\":\"https:\\\/\\\/deseopatisserie.com\\\/de\\\/produkt\\\/pistazien-vanille-bourbon-kaesekuchen-aus-madagaskar\\\/#primaryimage\"},\"image\":{\"@id\":\"https:\\\/\\\/deseopatisserie.com\\\/de\\\/produkt\\\/pistazien-vanille-bourbon-kaesekuchen-aus-madagaskar\\\/#primaryimage\"},\"thumbnailUrl\":\"https:\\\/\\\/deseopatisserie.com\\\/\\\/wp-content\\\/uploads\\\/2025\\\/03\\\/Deseo-Wielaknoc-2024-13682.jpg\",\"datePublished\":\"2025-03-31T11:17:03+00:00\",\"dateModified\":\"2026-03-10T08:19:59+00:00\",\"description\":\"Dieser K\u00e4sekuchen ist ein wahr gewordener Traum f\u00fcr alle K\u00e4sekuchen-Fans und diejenigen, die Pistazien lieben! K\u00e4sekuchen ist perfekt f\u00fcr den Ostertisch und wird sicherlich alle begeistern! \ud83d\ude0a\",\"breadcrumb\":{\"@id\":\"https:\\\/\\\/deseopatisserie.com\\\/de\\\/produkt\\\/pistazien-vanille-bourbon-kaesekuchen-aus-madagaskar\\\/#breadcrumb\"},\"inLanguage\":\"de\",\"potentialAction\":[{\"@type\":\"ReadAction\",\"target\":[\"https:\\\/\\\/deseopatisserie.com\\\/de\\\/produkt\\\/pistazien-vanille-bourbon-kaesekuchen-aus-madagaskar\\\/\"]}]},{\"@type\":\"ImageObject\",\"inLanguage\":\"de\",\"@id\":\"https:\\\/\\\/deseopatisserie.com\\\/de\\\/produkt\\\/pistazien-vanille-bourbon-kaesekuchen-aus-madagaskar\\\/#primaryimage\",\"url\":\"https:\\\/\\\/deseopatisserie.com\\\/\\\/wp-content\\\/uploads\\\/2025\\\/03\\\/Deseo-Wielaknoc-2024-13682.jpg\",\"contentUrl\":\"https:\\\/\\\/deseopatisserie.com\\\/\\\/wp-content\\\/uploads\\\/2025\\\/03\\\/Deseo-Wielaknoc-2024-13682.jpg\",\"width\":2500,\"height\":1667,\"caption\":\"DESEO Sernik Pistacja & Wanilia Bourbon z Madagaskaru\"},{\"@type\":\"BreadcrumbList\",\"@id\":\"https:\\\/\\\/deseopatisserie.com\\\/de\\\/produkt\\\/pistazien-vanille-bourbon-kaesekuchen-aus-madagaskar\\\/#breadcrumb\",\"itemListElement\":[{\"@type\":\"ListItem\",\"position\":1,\"name\":\"Strona g\u0142\u00f3wna\",\"item\":\"https:\\\/\\\/deseopatisserie.com\\\/de\\\/homepage\\\/\"},{\"@type\":\"ListItem\",\"position\":2,\"name\":\"Pistazien &amp; Vanille Bourbon K\u00e4sekuchen aus Madagaskar\"}]},{\"@type\":\"WebSite\",\"@id\":\"https:\\\/\\\/deseopatisserie.com\\\/de\\\/#website\",\"url\":\"https:\\\/\\\/deseopatisserie.com\\\/de\\\/\",\"name\":\"DESEO\",\"description\":\"Patisserie &amp; Chocolaterie\",\"potentialAction\":[{\"@type\":\"SearchAction\",\"target\":{\"@type\":\"EntryPoint\",\"urlTemplate\":\"https:\\\/\\\/deseopatisserie.com\\\/de\\\/?s={search_term_string}\"},\"query-input\":{\"@type\":\"PropertyValueSpecification\",\"valueRequired\":true,\"valueName\":\"search_term_string\"}}],\"inLanguage\":\"de\"}]}<\/script>\n<!-- \/ Yoast SEO plugin. -->","yoast_head_json":{"title":"Pistazien &amp; Vanille Bourbon K\u00e4sekuchen aus Madagaskar - Cukiernia DESEO Warszawa","description":"Dieser K\u00e4sekuchen ist ein wahr gewordener Traum f\u00fcr alle K\u00e4sekuchen-Fans und diejenigen, die Pistazien lieben! K\u00e4sekuchen ist perfekt f\u00fcr den Ostertisch und wird sicherlich alle begeistern! \ud83d\ude0a","robots":{"index":"index","follow":"follow","max-snippet":"max-snippet:-1","max-image-preview":"max-image-preview:large","max-video-preview":"max-video-preview:-1"},"canonical":"https:\/\/deseopatisserie.com\/de\/produkt\/pistazien-vanille-bourbon-kaesekuchen-aus-madagaskar\/","og_locale":"de_DE","og_type":"article","og_title":"DESEO Pistazien K\u00e4sekuchen & Bourbon Vanille aus Madagaskar","og_description":"Dieser K\u00e4sekuchen ist ein wahr gewordener Traum f\u00fcr alle K\u00e4sekuchen-Fans und diejenigen, die Pistazien lieben!","og_url":"https:\/\/deseopatisserie.com\/de\/produkt\/pistazien-vanille-bourbon-kaesekuchen-aus-madagaskar\/","og_site_name":"DESEO","article_modified_time":"2026-03-10T08:19:59+00:00","og_image":[{"url":"https:\/\/deseopatisserie.com\/wp-content\/uploads\/2025\/03\/Deseo-Wielaknoc-2024-13692-1024x683.jpg","type":"","width":"","height":""}],"twitter_card":"summary_large_image","schema":{"@context":"https:\/\/schema.org","@graph":[{"@type":"WebPage","@id":"https:\/\/deseopatisserie.com\/de\/produkt\/pistazien-vanille-bourbon-kaesekuchen-aus-madagaskar\/","url":"https:\/\/deseopatisserie.com\/de\/produkt\/pistazien-vanille-bourbon-kaesekuchen-aus-madagaskar\/","name":"Pistazien &amp; Vanille Bourbon K\u00e4sekuchen aus Madagaskar - Cukiernia DESEO Warszawa","isPartOf":{"@id":"https:\/\/deseopatisserie.com\/de\/#website"},"primaryImageOfPage":{"@id":"https:\/\/deseopatisserie.com\/de\/produkt\/pistazien-vanille-bourbon-kaesekuchen-aus-madagaskar\/#primaryimage"},"image":{"@id":"https:\/\/deseopatisserie.com\/de\/produkt\/pistazien-vanille-bourbon-kaesekuchen-aus-madagaskar\/#primaryimage"},"thumbnailUrl":"https:\/\/deseopatisserie.com\/\/wp-content\/uploads\/2025\/03\/Deseo-Wielaknoc-2024-13682.jpg","datePublished":"2025-03-31T11:17:03+00:00","dateModified":"2026-03-10T08:19:59+00:00","description":"Dieser K\u00e4sekuchen ist ein wahr gewordener Traum f\u00fcr alle K\u00e4sekuchen-Fans und diejenigen, die Pistazien lieben! K\u00e4sekuchen ist perfekt f\u00fcr den Ostertisch und wird sicherlich alle begeistern! \ud83d\ude0a","breadcrumb":{"@id":"https:\/\/deseopatisserie.com\/de\/produkt\/pistazien-vanille-bourbon-kaesekuchen-aus-madagaskar\/#breadcrumb"},"inLanguage":"de","potentialAction":[{"@type":"ReadAction","target":["https:\/\/deseopatisserie.com\/de\/produkt\/pistazien-vanille-bourbon-kaesekuchen-aus-madagaskar\/"]}]},{"@type":"ImageObject","inLanguage":"de","@id":"https:\/\/deseopatisserie.com\/de\/produkt\/pistazien-vanille-bourbon-kaesekuchen-aus-madagaskar\/#primaryimage","url":"https:\/\/deseopatisserie.com\/\/wp-content\/uploads\/2025\/03\/Deseo-Wielaknoc-2024-13682.jpg","contentUrl":"https:\/\/deseopatisserie.com\/\/wp-content\/uploads\/2025\/03\/Deseo-Wielaknoc-2024-13682.jpg","width":2500,"height":1667,"caption":"DESEO Sernik Pistacja & Wanilia Bourbon z Madagaskaru"},{"@type":"BreadcrumbList","@id":"https:\/\/deseopatisserie.com\/de\/produkt\/pistazien-vanille-bourbon-kaesekuchen-aus-madagaskar\/#breadcrumb","itemListElement":[{"@type":"ListItem","position":1,"name":"Strona g\u0142\u00f3wna","item":"https:\/\/deseopatisserie.com\/de\/homepage\/"},{"@type":"ListItem","position":2,"name":"Pistazien &amp; Vanille Bourbon K\u00e4sekuchen aus Madagaskar"}]},{"@type":"WebSite","@id":"https:\/\/deseopatisserie.com\/de\/#website","url":"https:\/\/deseopatisserie.com\/de\/","name":"DESEO","description":"Patisserie &amp; Chocolaterie","potentialAction":[{"@type":"SearchAction","target":{"@type":"EntryPoint","urlTemplate":"https:\/\/deseopatisserie.com\/de\/?s={search_term_string}"},"query-input":{"@type":"PropertyValueSpecification","valueRequired":true,"valueName":"search_term_string"}}],"inLanguage":"de"}]}},"_links":{"self":[{"href":"https:\/\/deseopatisserie.com\/de\/wp-json\/wp\/v2\/product\/107693","targetHints":{"allow":["GET"]}}],"collection":[{"href":"https:\/\/deseopatisserie.com\/de\/wp-json\/wp\/v2\/product"}],"about":[{"href":"https:\/\/deseopatisserie.com\/de\/wp-json\/wp\/v2\/types\/product"}],"wp:featuredmedia":[{"embeddable":true,"href":"https:\/\/deseopatisserie.com\/de\/wp-json\/wp\/v2\/media\/107066"}],"wp:attachment":[{"href":"https:\/\/deseopatisserie.com\/de\/wp-json\/wp\/v2\/media?parent=107693"}],"wp:term":[{"taxonomy":"product_brand","embeddable":true,"href":"https:\/\/deseopatisserie.com\/de\/wp-json\/wp\/v2\/product_brand?post=107693"},{"taxonomy":"product_cat","embeddable":true,"href":"https:\/\/deseopatisserie.com\/de\/wp-json\/wp\/v2\/product_cat?post=107693"},{"taxonomy":"product_tag","embeddable":true,"href":"https:\/\/deseopatisserie.com\/de\/wp-json\/wp\/v2\/product_tag?post=107693"}],"curies":[{"name":"wp","href":"https:\/\/api.w.org\/{rel}","templated":true}]}}